{"id":1445904,"date":"2023-03-26T11:40:15","date_gmt":"2023-03-26T11:40:15","guid":{"rendered":"https:\/\/talkpal.ai\/grammatika-germaniza\/"},"modified":"2025-09-06T20:32:58","modified_gmt":"2025-09-06T20:32:58","slug":"grammatika-germaniza","status":"publish","type":"page","link":"https:\/\/talkpal.ai\/mt\/grammatika-germaniza\/","title":{"rendered":"Grammatika \u0120ermani\u017ca"},"content":{"rendered":"\r\n\r\n\r\n<section class=\"languageChallengeSection\">\r\n    <div class=\"languageInfoWrapper\">\r\n        \r\n        <h1>Grammatika \u0120ermani\u017ca<\/h1>\r\n        <p>Unlock the structure of the <a href=\"https:\/\/talkpal.ai\/learn-german\/\">German<\/a> language by mastering its essential grammar rules. Il-fehim tal-grammatika \u0120ermani\u017ca jg\u0127inek tikkomunika b&#039;kunfidenza u tapprezza bis-s\u0127i\u0127 ir-rikkezza tal-kulturi li jitkellmu bil-\u0120ermani\u017c. Ibda titg\u0127allem il-grammatika \u0120ermani\u017ca llum u \u0127u l-ewwel pass tieg\u0127ek lejn il-\u0127effa!\r\n\r\n<\/p>\r\n\r\n                            <a class=\"getStartedHidden\" href=\"https:\/\/app.talkpal.ai\/signup?lng=\">Ibda<\/a>\r\n        \r\n    <\/div>\r\n\r\n    <figure>\r\n    <img decoding=\"async\" width=\"768\" height=\"768\" src=\"https:\/\/talkpal.ai\/wp-content\/uploads\/2023\/06\/german-768x768.png\" class=\"languageImage no-lazy\" alt=\"Language learning for global networking\" fetchpriority=\"high\" sizes=\"(max-width: 768px) 150px, 768px\" srcset=\"https:\/\/talkpal.ai\/wp-content\/uploads\/2023\/06\/german-768x768.png 768w, https:\/\/talkpal.ai\/wp-content\/uploads\/2023\/06\/german-300x300.png 300w\" \/>\r\n    \r\n\r\n    <\/figure>\r\n\r\n            <a class=\"getStartedVisible\" href=\"https:\/\/app.talkpal.ai\/signup?lng=\">Ibda<\/a>\r\n    \r\n<\/section>\r\n<section class=\"promotionalBanner\">\r\n    <p class=\"promotionalText\">L-aktar mod effi\u010bjenti biex titg\u0127allem lingwa<\/p>\r\n    <a class=\"promotionalLink\" href=\"https:\/\/app.talkpal.ai\/signup?lng=\">Ipprova Talkpal b&#8217;xejn<\/a>\r\n<\/section>\n<div class=\"wp-block-group pageContainerStyle\"><div class=\"wp-block-group__inner-container is-layout-constrained wp-block-group-is-layout-constrained\">\n<h2 class=\"wp-block-heading\" id=\"h-unraveling-the-intricacies-of-german-grammar\">Unraveling the Intricacies of German Grammar<\/h2>\n\n\n\n<p>It-tag\u0127lim tal-\u0120ermani\u017c jista &#8216;jkun sforz e\u010b\u010bitanti u ta&#8217; sodisfazzjon. Mhux biss se tkun tista &#8216;titkellem ma&#8217; aktar minn 130 miljun persuna madwar id-dinja, i\u017cda ser ikollok ukoll a\u010b\u010bess g\u0127al rikkezza ta &#8216;letteratura, mu\u017cika u storja kulturali. B\u0127al kull lingwa, il-\u0127akma tal-\u0120ermani\u017c te\u0127tie\u0121 dedikazzjoni u pa\u010benzja \u2013 partikolarment meta ni\u0121u g\u0127all-grammatika tag\u0127ha. L-a\u0127bar it-tajba hija li \u0127afna aspetti tal-grammatika \u0120ermani\u017ca huma pjuttost simili g\u0127all-grammatika Ingli\u017ca, li jag\u0127milha aktar fa\u010bli g\u0127all-kelliema Ingli\u017ci biex wrap rashom madwar. F&#8217;dan l-artikolu, a\u0127na ser nesploraw u\u0127ud mill-karatteristi\u010bi ewlenin tal-grammatika \u0120ermani\u017ca, li jipprovdu pariri u tricks utli biex jg\u0127inuk tikkontrolla din il-lingwa sabi\u0127a u kumplessa.<\/p>\n\n\n\n<h3 class=\"wp-block-heading\" id=\"h-1-nouns-and-articles-get-your-cases-right\">1. Nomi u artikli &#8211; Ikseb il-ka\u017cijiet tieg\u0127ek tajbin!<\/h3>\n\n\n\n<p>One of the first hurdles for <a href=\"https:\/\/talkpal.ai\/culture\/why-do-english-speakers-say-fingers-crossed-for-luck\/\">English speakers<\/a> learning German is understanding the four cases: nominative, accusative, dative, and genitive. Kull ka\u017c jindika funzjoni differenti ta &#8216;nom f&#8217;sentenza, b\u0127as-su\u0121\u0121ett, l-o\u0121\u0121ett dirett, jew l-o\u0121\u0121ett indirett. <a href=\"https:\/\/talkpal.ai\/locations\/language-courses-in-barra\/\">Barra<\/a> minn hekk, il-\u0120ermani\u017c g\u0127andu tliet \u0121eneri grammatikali (maskili, femminili, u neutri), u l-artikli g\u0127al kull \u0121eneru jinbidlu skont il-ka\u017c. \u0126oss konfu\u017c? Tinkwetax! Hekk kif issir aktar familjari mal-\u0120ermani\u017c, tibda tirrikonoxxi mudelli u tanti\u010bipa liema ka\u017c u sess tu\u017ca.<\/p>\n\n\n\n<p>Tip: Ag\u0127mel tabella tal-artikli definiti (der, die, das) u l-artikli indefiniti (ein, eine, ein) g\u0127al kull sess u ka\u017c. Memorizza dawn l-ewwel, peress li se jservu b\u0127ala l-pedament tieg\u0127ek biex tifhem l-istruttura tas-sentenza \u0120ermani\u017ca.<\/p>\n\n\n\n<h3 class=\"wp-block-heading\" id=\"h-2-verbs-conjugate-and-dominate\">2. Verbi &#8211; Konjuga u jiddomina!<\/h3>\n\n\n\n<p>Fil-\u0120ermani\u017c, il-verbi huma essenzjali mhux biss biex jesprimu l-azzjoni i\u017cda wkoll biex jindikaw it-temp u l-burdata. E\u017catt b\u0127all-<a href=\"https:\/\/talkpal.ai\/learn-english-with-ai\/\">Ingli\u017c<\/a>, il-verbi \u0120ermani\u017ci g\u0127andhom ji\u0121u konjugati biex jaqblu mas-su\u0121\u0121ett tas-sentenza. Madankollu, hemm xi differenzi ewlenin, inklu\u017c l-u\u017cu ta&#8217; verbi regolari (dg\u0127ajfa) u irregolari (qawwija), kif ukoll l-u\u017cu ta&#8217; verbi ta&#8217; g\u0127ajnuna g\u0127al \u010berti tempi. L-a\u0127bar it-tajba hija li xi aspetti tal-konjugazzjoni tal-verb \u0120ermani\u017c huma aktar sempli\u010bi mill-Ingli\u017c, b\u0127al li ma je\u0127ti\u0121ux l-u\u017cu ta &#8216;&#8221;do&#8221; g\u0127al mistoqsijiet jew negazzjonijiet.<\/p>\n\n\n\n<p>Tip: Ibda billi kaptan il-konjugazzjoni tal-verb regolari, u mbag\u0127ad tindirizza l-verbi irregolari l-aktar komuni. Prattika l-u\u017cu ta &#8216;verbi ta&#8217; g\u0127ajnuna b&#8217;tempijiet passati u futuri, u dalwaqt tkun tista &#8216;tibni sentenzi aktar kumplessi.<\/p>\n\n\n\n<h3 class=\"wp-block-heading\" id=\"h-3-adjectives-show-your-agreement\">3. A\u0121\u0121ettivi &#8211; Uri l-ftehim tieg\u0127ek!<\/h3>\n\n\n\n<p>Meta tu\u017ca a\u0121\u0121ettivi biex tiddeskrivi nomi bil-\u0120ermani\u017c, huwa essenzjali li tifhem il-ftehim tal-a\u0121\u0121ettivi. Dan ifisser li l-a\u0121\u0121ettivi g\u0127andhom jaqblu mal-\u0121eneru u l-ka\u017c tan-nom. F&#8217;xi ka\u017cijiet, dan je\u0127tie\u0121 li \u017c\u017cid tmiem mal-a\u0121\u0121ettiv, ibba\u017cat fuq l-artiklu u l-ka\u017c tan-nom.<\/p>\n\n\n\n<p>Tip: U\u017ca t-tabella tal-artiklu tieg\u0127ek minn qabel biex tg\u0127inek tiftakar it-truf a\u0121\u0121ettivi korretti. Hekk kif tipprattika l-u\u017cu ta &#8216;a\u0121\u0121ettivi fis-sentenzi, ag\u0127mel nota mentali tal-mudelli tat-tmiem u kif jirrelataw mal-\u0121eneru u l-ka\u017c tan-nom.<\/p>\n\n\n\n<h3 class=\"wp-block-heading\" id=\"h-4-word-order-embrace-the-flexibility\">4. Ordni tal-kliem &#8211; \u0126addan il-flessibilit\u00e0!<\/h3>\n\n\n\n<p>Wie\u0127ed mill-\u0127afna fer\u0127 tal-grammatika \u0120ermani\u017ca huwa l-ordni flessibbli tal-kliem tag\u0127ha. B&#8217;differenza mill-Ingli\u017c, li \u0121eneralment isegwi mudell strett su\u0121\u0121ett-verb-o\u0121\u0121ett, sentenzi \u0120ermani\u017ci jistg\u0127u jvarjaw fl-istruttura tag\u0127hom. I\u010b-\u010bavetta hija li tifhem l-importanza tal-po\u017cizzjoni tal-verb, li normalment ti\u0121i t-tieni f&#8217;klaw\u017cola ewlenija u l-a\u0127\u0127ar f&#8217;klaw\u017cola subordinata.<\/p>\n\n\n\n<p>Tip: To get comfortable with different <a href=\"https:\/\/talkpal.ai\/ko\/grammar\/word-order-%ec%98%81%ec%96%b4-%eb%ac%b8%eb%b2%95%ec%97%90%ec%84%9c\/\">word order<\/a> patterns, try translating <a href=\"https:\/\/talkpal.ai\/master-simple-sentences-in-english-for-daily-use-easily\/\">simple English sentences<\/a> into German, and then rearrange the sentence while keeping the verb in its proper place. Dan jg\u0127inek issir aktar adept fit-tfassil ta &#8216;sentenzi sfumati u espressivi bil-\u0120ermani\u017c.<\/p>\n\n\n\n<h3 class=\"wp-block-heading\" id=\"h-5-prepositions-think-in-german\">5. Prepo\u017cizzjonijiet &#8211; A\u0127seb bil-\u0120ermani\u017c!<\/h3>\n\n\n\n<p>Probabbilment l-iktar parti delikata tat-tag\u0127lim tal-grammatika \u0120ermani\u017ca hija l-\u0127akma tal-prepo\u017cizzjonijiet. Filwaqt li l-prepo\u017cizzjonijiet je\u017cistu bl-Ingli\u017c u jservu skop simili, l-u\u017cu tag\u0127hom bil-\u0120ermani\u017c huwa differenti u \u0127afna drabi je\u0127tie\u0121 li &#8220;ta\u0127seb bil-\u0120ermani\u017c&#8221; biex tag\u0127\u017cel dik it-tajba. Pere\u017cempju, il-prepo\u017cizzjoni Ingli\u017ca &#8220;in&#8221; tista &#8216;tittradu\u010bi g\u0127al &#8220;in,&#8221; &#8220;an,&#8221; jew &#8220;auf&#8221; bil-\u0120ermani\u017c, skont il-kuntest.<\/p>\n\n\n\n<p>Tip: O\u0127loq flashcards bi prepo\u017cizzjonijiet komuni u l-kontropartijiet Ingli\u017ci tag\u0127hom. Prattika l-u\u017cu tag\u0127hom f&#8217;sentenzi u ffoka fuq il-kuntesti spe\u010bifi\u010bi li fihom tintu\u017ca kull prepo\u017cizzjoni.<\/p>\n\n\n\n<h3 class=\"wp-block-heading\" id=\"h-conclusion\">Konklu\u017cjoni:<\/h3>\n\n\n\n<p>Il-grammatika \u0120ermani\u017ca tista &#8216;tidher skora\u0121\u0121anti g\u0127all-ewwel, i\u017cda bi prattika dedikata, pa\u010benzja, u fokus fuq il-fehim tar-regoli u l-mudelli sottostanti, dalwaqt tkun qed tibni sentenzi sofistikati bil-fa\u010bilit\u00e0. Billi jifhmu l-kumplessitajiet tal-grammatika \u0120ermani\u017ca, il-kelliema Ingli\u017ci mhux biss se jtejbu l-\u0127iliet lingwisti\u010bi tag\u0127hom i\u017cda wkoll ji\u017cviluppaw apprezzament \u0121did g\u0127al din il-lingwa sabi\u0127a u kumplessa. Issa, auf geht&#8217;s! Wasal i\u017c-\u017cmien li tg\u0127addas fid-dinja tal-grammatika \u0120ermani\u017ca u tifta\u0127 il-potenzjal s\u0127i\u0127 tat-tag\u0127lim tal-lingwa tieg\u0127ek.<\/p>\n<\/div><\/div>\n\r\n<section class=\"learnNavigationSection\">\r\n            \r\n        <a href=\"https:\/\/talkpal.ai\/mt\/tghallem-il-germaniz\/\">\r\n            <div class=\"learnNavigationWrapper\">\r\n                <div class=\"learnNavigationContent\">\r\n                    <img decoding=\"async\" src=\"https:\/\/talkpal.ai\/wp-content\/uploads\/2024\/08\/German.jpg\" alt=\"German Flag\">\r\n                    <div>\r\n                        <h4>Dwar it-Tag\u0127lim tal-\u0120ermani\u017c<\/h4>\r\n                        <p>Sir af kollox dwar il-grammatika \u0120ermani\u017ca.<\/p>\r\n                    <\/div>\r\n                <\/div>\r\n            <\/div>\r\n        <\/a>\r\n\r\n        \r\n        <a href=\"https:\/\/talkpal.ai\/mt\/ezercizzji-grammatikali-germanizi\/\">\r\n            <div class=\"learnNavigationWrapper\">\r\n                <div class=\"learnNavigationContent\">\r\n                    <img decoding=\"async\" src=\"https:\/\/talkpal.ai\/wp-content\/uploads\/2024\/08\/German.jpg\" alt=\"German Flag\">\r\n                    <div>\r\n                        <h4>E\u017cer\u010bizzju tal-Grammatika \u0120ermani\u017ca<\/h4>\r\n                        <p>Ipprattika l-grammatika \u0120ermani\u017ca.<\/p>\r\n                    <\/div>\r\n                <\/div>\r\n            <\/div>\r\n        <\/a>\r\n\r\n        \r\n        <a href=\"https:\/\/talkpal.ai\/vocabulary_language\/german\/\">\r\n            <div class=\"learnNavigationWrapper\">\r\n                <div class=\"learnNavigationContent\">\r\n                    <img decoding=\"async\" src=\"https:\/\/talkpal.ai\/wp-content\/uploads\/2024\/08\/German.jpg\" alt=\"German Flag\">\r\n                    <div>\r\n                        <h4>Vokabularju \u0120ermani\u017c<\/h4>\r\n                        <p>Espandi l-vokabularju \u0120ermani\u017c tieg\u0127ek.<\/p>\r\n                    <\/div>\r\n                <\/div>\r\n            <\/div>\r\n        <\/a>\r\n\r\n            <\/section>","protected":false},"excerpt":{"rendered":"<p>Unraveling the Intricacies of German Grammar It-tag\u0127lim tal-\u0120ermani\u017c jista &#8216;jkun sforz e\u010b\u010bitanti u ta&#8217; sodisfazzjon. Mhux biss se tkun tista &#8216;titkellem ma&#8217; aktar minn 130 miljun persuna madwar id-dinja, i\u017cda ser ikollok ukoll a\u010b\u010bess g\u0127al rikkezza ta &#8216;letteratura, mu\u017cika u storja kulturali. B\u0127al kull lingwa, il-\u0127akma tal-\u0120ermani\u017c te\u0127tie\u0121 dedikazzjoni u pa\u010benzja \u2013 partikolarment meta ni\u0121u [&hellip;]<\/p>\n","protected":false},"author":1,"featured_media":1439915,"parent":0,"menu_order":0,"comment_status":"closed","ping_status":"closed","template":"LearningContentPage.php","meta":{"_acf_changed":false,"footnotes":""},"class_list":["post-1445904","page","type-page","status-publish","has-post-thumbnail","hentry"],"acf":[],"yoast_head":"<!-- This site is optimized with the Yoast SEO Premium plugin v27.2 (Yoast SEO v27.2) - https:\/\/yoast.com\/product\/yoast-seo-premium-wordpress\/ -->\n<title>Grammatika \u0120ermani\u017ca - Talkpal<\/title>\n<meta name=\"description\" content=\"Tg\u0127allem il-grammatika \u0120ermani\u017ca fa\u010bilment\u2014tifhem ir-regoli essenzjali, ipprattika l-bini tas-sentenzi, u tkellem b&#039;mod \u010bar bl-appo\u0121\u0121 iggwidat mill-AI ta &#039;TalkPal.\" \/>\n<meta name=\"robots\" content=\"index, follow, max-snippet:-1, max-image-preview:large, max-video-preview:-1\" \/>\n<link rel=\"canonical\" href=\"https:\/\/talkpal.ai\/mt\/grammatika-germaniza\/\" \/>\n<meta property=\"og:locale\" content=\"mt_MT\" \/>\n<meta property=\"og:type\" content=\"article\" \/>\n<meta property=\"og:title\" content=\"Grammatika \u0120ermani\u017ca\" \/>\n<meta property=\"og:description\" content=\"Unraveling the Intricacies of German Grammar It-tag\u0127lim tal-\u0120ermani\u017c jista &#039;jkun sforz e\u010b\u010bitanti u ta&#039; sodisfazzjon. Mhux biss se tkun tista &#039;titkellem\" \/>\n<meta property=\"og:url\" content=\"https:\/\/talkpal.ai\/mt\/grammatika-germaniza\/\" \/>\n<meta property=\"og:site_name\" content=\"Talkpal\" \/>\n<meta property=\"article:publisher\" content=\"https:\/\/www.facebook.com\/profile.php?id=100090733639311\" \/>\n<meta property=\"article:modified_time\" content=\"2025-09-06T20:32:58+00:00\" \/>\n<meta property=\"og:image\" content=\"https:\/\/talkpal.ai\/wp-content\/uploads\/2023\/03\/germany.png\" \/>\n\t<meta property=\"og:image:width\" content=\"512\" \/>\n\t<meta property=\"og:image:height\" content=\"512\" \/>\n\t<meta property=\"og:image:type\" content=\"image\/png\" \/>\n<meta name=\"twitter:card\" content=\"summary_large_image\" \/>\n<meta name=\"twitter:site\" content=\"@talkpalai\" \/>\n<meta name=\"twitter:label1\" content=\"Est. reading time\" \/>\n\t<meta name=\"twitter:data1\" content=\"4 minutes\" \/>\n<script type=\"application\/ld+json\" class=\"yoast-schema-graph\">{\"@context\":\"https:\/\/schema.org\",\"@graph\":[{\"@type\":\"WebPage\",\"@id\":\"https:\/\/talkpal.ai\/mt\/grammatika-germaniza\/\",\"url\":\"https:\/\/talkpal.ai\/mt\/grammatika-germaniza\/\",\"name\":\"Grammatika \u0120ermani\u017ca - Talkpal\",\"isPartOf\":{\"@id\":\"https:\/\/talkpal.ai\/mt\/#website\"},\"primaryImageOfPage\":{\"@id\":\"https:\/\/talkpal.ai\/mt\/grammatika-germaniza\/#primaryimage\"},\"image\":{\"@id\":\"https:\/\/talkpal.ai\/mt\/grammatika-germaniza\/#primaryimage\"},\"thumbnailUrl\":\"https:\/\/talkpal.ai\/wp-content\/uploads\/2023\/03\/germany.png\",\"datePublished\":\"2023-03-26T11:40:15+00:00\",\"dateModified\":\"2025-09-06T20:32:58+00:00\",\"description\":\"Tg\u0127allem il-grammatika \u0120ermani\u017ca fa\u010bilment\u2014tifhem ir-regoli essenzjali, ipprattika l-bini tas-sentenzi, u tkellem b'mod \u010bar bl-appo\u0121\u0121 iggwidat mill-AI ta 'TalkPal.\",\"breadcrumb\":{\"@id\":\"https:\/\/talkpal.ai\/mt\/grammatika-germaniza\/#breadcrumb\"},\"inLanguage\":\"mt-MT\",\"potentialAction\":[{\"@type\":\"ReadAction\",\"target\":[\"https:\/\/talkpal.ai\/mt\/grammatika-germaniza\/\"]}]},{\"@type\":\"ImageObject\",\"inLanguage\":\"mt-MT\",\"@id\":\"https:\/\/talkpal.ai\/mt\/grammatika-germaniza\/#primaryimage\",\"url\":\"https:\/\/talkpal.ai\/wp-content\/uploads\/2023\/03\/germany.png\",\"contentUrl\":\"https:\/\/talkpal.ai\/wp-content\/uploads\/2023\/03\/germany.png\",\"width\":512,\"height\":512,\"caption\":\"TalkPal AI learn German\"},{\"@type\":\"BreadcrumbList\",\"@id\":\"https:\/\/talkpal.ai\/mt\/grammatika-germaniza\/#breadcrumb\",\"itemListElement\":[{\"@type\":\"ListItem\",\"position\":1,\"name\":\"Homepage\",\"item\":\"https:\/\/talkpal.ai\/mt\/\"},{\"@type\":\"ListItem\",\"position\":2,\"name\":\"Grammatika \u0120ermani\u017ca\"}]},{\"@type\":\"WebSite\",\"@id\":\"https:\/\/talkpal.ai\/mt\/#website\",\"url\":\"https:\/\/talkpal.ai\/mt\/\",\"name\":\"Talkpal\",\"description\":\"AI Language Learning\",\"publisher\":{\"@id\":\"https:\/\/talkpal.ai\/mt\/#organization\"},\"alternateName\":\"Talkpal AI\",\"potentialAction\":[{\"@type\":\"SearchAction\",\"target\":{\"@type\":\"EntryPoint\",\"urlTemplate\":\"https:\/\/talkpal.ai\/mt\/?s={search_term_string}\"},\"query-input\":{\"@type\":\"PropertyValueSpecification\",\"valueRequired\":true,\"valueName\":\"search_term_string\"}}],\"inLanguage\":\"mt-MT\"},{\"@type\":\"Organization\",\"@id\":\"https:\/\/talkpal.ai\/mt\/#organization\",\"name\":\"Talkpal, Inc.\",\"alternateName\":\"Talkpal AI\",\"url\":\"https:\/\/talkpal.ai\/mt\/\",\"logo\":{\"@type\":\"ImageObject\",\"inLanguage\":\"mt-MT\",\"@id\":\"https:\/\/talkpal.ai\/mt\/#\/schema\/logo\/image\/\",\"url\":\"https:\/\/talkpal.ai\/wp-content\/uploads\/2024\/03\/Talkpal-Logo-Icon.png\",\"contentUrl\":\"https:\/\/talkpal.ai\/wp-content\/uploads\/2024\/03\/Talkpal-Logo-Icon.png\",\"width\":2880,\"height\":2880,\"caption\":\"Talkpal, Inc.\"},\"image\":{\"@id\":\"https:\/\/talkpal.ai\/mt\/#\/schema\/logo\/image\/\"},\"sameAs\":[\"https:\/\/www.facebook.com\/profile.php?id=100090733639311\",\"https:\/\/x.com\/talkpalai\",\"https:\/\/www.linkedin.com\/company\/talkpal\/\",\"https:\/\/www.youtube.com\/@TalkPal\/\",\"https:\/\/www.tiktok.com\/@talkpal\",\"https:\/\/www.instagram.com\/talkpal_ai\/\",\"https:\/\/www.crunchbase.com\/organization\/talkpal-9cde\",\"https:\/\/www.g2.com\/products\/talkpal-for-business\/\",\"https:\/\/www.trustpilot.com\/review\/talkpal.ai\",\"https:\/\/www.capterra.com\/p\/10006800\/TalkPal\/\"],\"description\":\"Talkpal is a language learning web and mobile education app, powered by the latest AI technologies, that provides engaging experiences to its customers in many different languages to help them improve their language skills. Users can chat about unlimited amount of topics with the app and use other modes to practice their language learning.\",\"email\":\"support@talkpal.ai\",\"legalName\":\"Talkpal, Inc.\",\"foundingDate\":\"2023-04-03\",\"duns\":\"118989042\",\"numberOfEmployees\":{\"@type\":\"QuantitativeValue\",\"minValue\":\"11\",\"maxValue\":\"50\"},\"publishingPrinciples\":\"https:\/\/talkpal.ai\/publishing-principles\/\",\"actionableFeedbackPolicy\":\"https:\/\/talkpal.ai\/actionable-feedback-policy\/\",\"correctionsPolicy\":\"https:\/\/talkpal.ai\/corrections-policy\/\",\"ethicsPolicy\":\"https:\/\/talkpal.ai\/ethics-policy\/\",\"diversityPolicy\":\"https:\/\/talkpal.ai\/diversity-policy\/\",\"diversityStaffingReport\":\"https:\/\/talkpal.ai\/diversity-policy\/\"}]}<\/script>\n<!-- \/ Yoast SEO Premium plugin. -->","yoast_head_json":{"title":"Grammatika \u0120ermani\u017ca - Talkpal","description":"Tg\u0127allem il-grammatika \u0120ermani\u017ca fa\u010bilment\u2014tifhem ir-regoli essenzjali, ipprattika l-bini tas-sentenzi, u tkellem b'mod \u010bar bl-appo\u0121\u0121 iggwidat mill-AI ta 'TalkPal.","robots":{"index":"index","follow":"follow","max-snippet":"max-snippet:-1","max-image-preview":"max-image-preview:large","max-video-preview":"max-video-preview:-1"},"canonical":"https:\/\/talkpal.ai\/mt\/grammatika-germaniza\/","og_locale":"mt_MT","og_type":"article","og_title":"Grammatika \u0120ermani\u017ca","og_description":"Unraveling the Intricacies of German Grammar It-tag\u0127lim tal-\u0120ermani\u017c jista 'jkun sforz e\u010b\u010bitanti u ta' sodisfazzjon. Mhux biss se tkun tista 'titkellem","og_url":"https:\/\/talkpal.ai\/mt\/grammatika-germaniza\/","og_site_name":"Talkpal","article_publisher":"https:\/\/www.facebook.com\/profile.php?id=100090733639311","article_modified_time":"2025-09-06T20:32:58+00:00","og_image":[{"width":512,"height":512,"url":"https:\/\/talkpal.ai\/wp-content\/uploads\/2023\/03\/germany.png","type":"image\/png"}],"twitter_card":"summary_large_image","twitter_site":"@talkpalai","twitter_misc":{"Est. reading time":"4 minutes"},"schema":{"@context":"https:\/\/schema.org","@graph":[{"@type":"WebPage","@id":"https:\/\/talkpal.ai\/mt\/grammatika-germaniza\/","url":"https:\/\/talkpal.ai\/mt\/grammatika-germaniza\/","name":"Grammatika \u0120ermani\u017ca - Talkpal","isPartOf":{"@id":"https:\/\/talkpal.ai\/mt\/#website"},"primaryImageOfPage":{"@id":"https:\/\/talkpal.ai\/mt\/grammatika-germaniza\/#primaryimage"},"image":{"@id":"https:\/\/talkpal.ai\/mt\/grammatika-germaniza\/#primaryimage"},"thumbnailUrl":"https:\/\/talkpal.ai\/wp-content\/uploads\/2023\/03\/germany.png","datePublished":"2023-03-26T11:40:15+00:00","dateModified":"2025-09-06T20:32:58+00:00","description":"Tg\u0127allem il-grammatika \u0120ermani\u017ca fa\u010bilment\u2014tifhem ir-regoli essenzjali, ipprattika l-bini tas-sentenzi, u tkellem b'mod \u010bar bl-appo\u0121\u0121 iggwidat mill-AI ta 'TalkPal.","breadcrumb":{"@id":"https:\/\/talkpal.ai\/mt\/grammatika-germaniza\/#breadcrumb"},"inLanguage":"mt-MT","potentialAction":[{"@type":"ReadAction","target":["https:\/\/talkpal.ai\/mt\/grammatika-germaniza\/"]}]},{"@type":"ImageObject","inLanguage":"mt-MT","@id":"https:\/\/talkpal.ai\/mt\/grammatika-germaniza\/#primaryimage","url":"https:\/\/talkpal.ai\/wp-content\/uploads\/2023\/03\/germany.png","contentUrl":"https:\/\/talkpal.ai\/wp-content\/uploads\/2023\/03\/germany.png","width":512,"height":512,"caption":"TalkPal AI learn German"},{"@type":"BreadcrumbList","@id":"https:\/\/talkpal.ai\/mt\/grammatika-germaniza\/#breadcrumb","itemListElement":[{"@type":"ListItem","position":1,"name":"Homepage","item":"https:\/\/talkpal.ai\/mt\/"},{"@type":"ListItem","position":2,"name":"Grammatika \u0120ermani\u017ca"}]},{"@type":"WebSite","@id":"https:\/\/talkpal.ai\/mt\/#website","url":"https:\/\/talkpal.ai\/mt\/","name":"Talkpal","description":"AI Language Learning","publisher":{"@id":"https:\/\/talkpal.ai\/mt\/#organization"},"alternateName":"Talkpal AI","potentialAction":[{"@type":"SearchAction","target":{"@type":"EntryPoint","urlTemplate":"https:\/\/talkpal.ai\/mt\/?s={search_term_string}"},"query-input":{"@type":"PropertyValueSpecification","valueRequired":true,"valueName":"search_term_string"}}],"inLanguage":"mt-MT"},{"@type":"Organization","@id":"https:\/\/talkpal.ai\/mt\/#organization","name":"Talkpal, Inc.","alternateName":"Talkpal AI","url":"https:\/\/talkpal.ai\/mt\/","logo":{"@type":"ImageObject","inLanguage":"mt-MT","@id":"https:\/\/talkpal.ai\/mt\/#\/schema\/logo\/image\/","url":"https:\/\/talkpal.ai\/wp-content\/uploads\/2024\/03\/Talkpal-Logo-Icon.png","contentUrl":"https:\/\/talkpal.ai\/wp-content\/uploads\/2024\/03\/Talkpal-Logo-Icon.png","width":2880,"height":2880,"caption":"Talkpal, Inc."},"image":{"@id":"https:\/\/talkpal.ai\/mt\/#\/schema\/logo\/image\/"},"sameAs":["https:\/\/www.facebook.com\/profile.php?id=100090733639311","https:\/\/x.com\/talkpalai","https:\/\/www.linkedin.com\/company\/talkpal\/","https:\/\/www.youtube.com\/@TalkPal\/","https:\/\/www.tiktok.com\/@talkpal","https:\/\/www.instagram.com\/talkpal_ai\/","https:\/\/www.crunchbase.com\/organization\/talkpal-9cde","https:\/\/www.g2.com\/products\/talkpal-for-business\/","https:\/\/www.trustpilot.com\/review\/talkpal.ai","https:\/\/www.capterra.com\/p\/10006800\/TalkPal\/"],"description":"Talkpal is a language learning web and mobile education app, powered by the latest AI technologies, that provides engaging experiences to its customers in many different languages to help them improve their language skills. Users can chat about unlimited amount of topics with the app and use other modes to practice their language learning.","email":"support@talkpal.ai","legalName":"Talkpal, Inc.","foundingDate":"2023-04-03","duns":"118989042","numberOfEmployees":{"@type":"QuantitativeValue","minValue":"11","maxValue":"50"},"publishingPrinciples":"https:\/\/talkpal.ai\/publishing-principles\/","actionableFeedbackPolicy":"https:\/\/talkpal.ai\/actionable-feedback-policy\/","correctionsPolicy":"https:\/\/talkpal.ai\/corrections-policy\/","ethicsPolicy":"https:\/\/talkpal.ai\/ethics-policy\/","diversityPolicy":"https:\/\/talkpal.ai\/diversity-policy\/","diversityStaffingReport":"https:\/\/talkpal.ai\/diversity-policy\/"}]}},"_links":{"self":[{"href":"https:\/\/talkpal.ai\/mt\/wp-json\/wp\/v2\/pages\/1445904","targetHints":{"allow":["GET"]}}],"collection":[{"href":"https:\/\/talkpal.ai\/mt\/wp-json\/wp\/v2\/pages"}],"about":[{"href":"https:\/\/talkpal.ai\/mt\/wp-json\/wp\/v2\/types\/page"}],"author":[{"embeddable":true,"href":"https:\/\/talkpal.ai\/mt\/wp-json\/wp\/v2\/users\/1"}],"replies":[{"embeddable":true,"href":"https:\/\/talkpal.ai\/mt\/wp-json\/wp\/v2\/comments?post=1445904"}],"version-history":[{"count":0,"href":"https:\/\/talkpal.ai\/mt\/wp-json\/wp\/v2\/pages\/1445904\/revisions"}],"wp:featuredmedia":[{"embeddable":true,"href":"https:\/\/talkpal.ai\/mt\/wp-json\/wp\/v2\/media\/1439915"}],"wp:attachment":[{"href":"https:\/\/talkpal.ai\/mt\/wp-json\/wp\/v2\/media?parent=1445904"}],"curies":[{"name":"wp","href":"https:\/\/api.w.org\/{rel}","templated":true}]}}