{"id":1445898,"date":"2023-03-25T16:57:06","date_gmt":"2023-03-25T16:57:06","guid":{"rendered":"https:\/\/talkpal.ai\/grammatika-ingliza\/"},"modified":"2025-09-06T20:32:56","modified_gmt":"2025-09-06T20:32:56","slug":"grammatika-ingliza","status":"publish","type":"page","link":"https:\/\/talkpal.ai\/mt\/grammatika-ingliza\/","title":{"rendered":"Grammatika Ingli\u017ca"},"content":{"rendered":"\r\n\r\n\r\n<section class=\"languageChallengeSection\">\r\n    <div class=\"languageInfoWrapper\">\r\n        \r\n        <h1>Grammatika Ingli\u017ca<\/h1>\r\n        <p>Lest biex tibda titg\u0127allem l-<a href=\"https:\/\/talkpal.ai\/learn-english-with-ai\/\">Ingli\u017c<\/a>? Bi ftit <a href=\"https:\/\/talkpal.ai\/greek-grammar\/\">grammatika<\/a> u xi kliem \u0121did, int ser tkun qed ti\u010b\u010bettja u tikkonnettja ma &#039;nies minn madwar id-dinja fl-ebda \u0127in. G\u0127addas u ejja nag\u0127mlu t-tag\u0127lim tal-Ingli\u017c divertenti u fa\u010bli &#8211; il-vja\u0121\u0121 tieg\u0127ek lejn il-fluwenza jibda llum!\r\n\r\n<\/p>\r\n\r\n                            <a class=\"getStartedHidden\" href=\"https:\/\/app.talkpal.ai\/signup?lng=\">Ibda<\/a>\r\n        \r\n    <\/div>\r\n\r\n    <figure>\r\n    <img decoding=\"async\" width=\"768\" height=\"768\" src=\"https:\/\/talkpal.ai\/wp-content\/uploads\/2023\/06\/English-768x768.png\" class=\"languageImage no-lazy\" alt=\"Language learning for improved multitasking\" fetchpriority=\"high\" sizes=\"(max-width: 768px) 150px, 768px\" srcset=\"https:\/\/talkpal.ai\/wp-content\/uploads\/2023\/06\/English-768x768.png 768w, https:\/\/talkpal.ai\/wp-content\/uploads\/2023\/06\/English-300x300.png 300w\" \/>\r\n    \r\n\r\n    <\/figure>\r\n\r\n            <a class=\"getStartedVisible\" href=\"https:\/\/app.talkpal.ai\/signup?lng=\">Ibda<\/a>\r\n    \r\n<\/section>\r\n<section class=\"promotionalBanner\">\r\n    <p class=\"promotionalText\">L-aktar mod effi\u010bjenti biex titg\u0127allem lingwa<\/p>\r\n    <a class=\"promotionalLink\" href=\"https:\/\/app.talkpal.ai\/signup?lng=\">Ipprova Talkpal b&#8217;xejn<\/a>\r\n<\/section>\n<div class=\"wp-block-group pageContainerStyle\"><div class=\"wp-block-group__inner-container is-layout-constrained wp-block-group-is-layout-constrained\">\n<h2 class=\"wp-block-heading\" id=\"h-the-importance-of-english-grammar-a-guide-to-mastering-the-rules-and-principles\">L-Importanza tal-Grammatika Ingli\u017ca: Gwida g\u0127all-\u0126akma tar-Regoli u l-Prin\u010bipji<\/h2>\n\n\n\n<p>Bl-Ingli\u017c huwa wie\u0127ed mill-aktar lingwi prominenti mitkellma madwar id-dinja, mhix sorpri\u017ca li n-nies huma \u0127erqana li jtejbu l-fluency u l-kmand tag\u0127hom. Aspett kru\u010bjali tal-\u0127akma tal-lingwa Ingli\u017ca huwa l-fehim tal-grammatika tag\u0127ha. Imma g\u0127aliex il-grammatika hija daqshekk importanti, u kif nistg\u0127u nitg\u0127allmuha b&#8217;mod effettiv? F&#8217;dan l-artikolu, a\u0127na ser nid\u0127lu fis-sinifikat tal-grammatika Ingli\u017ca, niddiskutu l-prin\u010bipji ewlenin tag\u0127ha, u naqsmu xi pariri utli biex itejbu l-\u0127iliet tieg\u0127ek.<\/p>\n\n\n\n<h3 class=\"wp-block-heading\" id=\"h-the-role-of-grammar-in-the-english-language\">Ir-Rwol tal-Grammatika fil-Lingwa Ingli\u017ca:<\/h3>\n\n\n\n<p>Allura, x&#8217;inhu l-big <a href=\"https:\/\/talkpal.ai\/locations\/learn-english-in-deal\/\">deal<\/a> dwar il-grammatika? Essenzjalment, il-grammatika sservi b\u0127ala l-blokki tal-bini ta &#8216;kwalunkwe lingwa &#8211; huwa s-sett ta&#8217; regoli u prin\u010bipji li jirregolaw kif nu\u017caw il-kliem biex niffurmaw sentenzi sinifikanti. Billi n\u017commu ma&#8217; dawn ir-regoli, nistg\u0127u ni\u017cguraw komunikazzjoni \u010bara u nevitaw nuqqas ta&#8217; ftehim. Imma\u0121ina li tipprova ssajjar ikla ming\u0127ajr ma ssegwi ri\u010betta &#8211; ir-ri\u017cultat finali jista &#8216;jkun unsavory! Bl-istess mod, it-traskura\u0121ni tal-grammatika fid-diskors u l-kitba tag\u0127na ta &#8216;kuljum jista&#8217; jwassal g\u0127al konfu\u017cjoni u interpretazzjoni \u0127a\u017cina.<\/p>\n\n\n\n<h3 class=\"wp-block-heading\" id=\"h-key-principles-of-english-grammar\">Prin\u010bipji Ewlenin tal-Grammatika Ingli\u017ca:<\/h3>\n\n\n\n<p>Filwaqt li l-grammatika Ingli\u017ca tinkludi firxa vasta ta &#8216;regoli, hemm xi prin\u010bipji ewlenin li g\u0127andek tkun konxju minnhom:<\/p>\n\n\n\n<p><strong>1. Partijiet tad-diskors:<\/strong> Dawn huma r-rwoli li l-kliem g\u0127andu f&#8217;sentenza. Skont il-funzjoni tag\u0127hom, il-kliem jista &#8216;ji\u0121i kklassifikat b\u0127ala nomi, pronomi, verbi, a\u0121\u0121ettivi, avverbji, prepo\u017cizzjonijiet, kon\u0121unzioni, jew interjezzjonijiet.<\/p>\n\n\n\n<p><strong>2. Tempi:<\/strong> It-tempijiet jindikaw il-\u0127in tal-azzjonijiet jew l-istati tal-esseri. Huma kategorizzati fil-passat, fil-pre\u017cent u fil-futur, b&#8217;kull temp ikollu erba &#8216;aspetti &#8211; sempli\u010bi, progressiv, perfett, u progressiv perfett.<\/p>\n\n\n\n<p><strong>3. Ftehim su\u0121\u0121ett-verb: Essenzjalment, is-su\u0121\u0121ett<\/strong> (nom jew pronom) u l-verb f&#8217;sentenza g\u0127andhom jaqblu fin-numru &#8211; singular jew plural. Pere\u017cempju, &#8220;Taqra ktieb&#8221; u &#8220;Jaqraw kotba&#8221; huma t-tnejn grammatikalment korretti.<\/p>\n\n\n\n<p><strong>4. Struttura tas-sentenza:<\/strong> Sentenza strutturata tajjeb tikkonsisti f&#8217;su\u0121\u0121ett, verb, u, spiss, o\u0121\u0121ett. Is-sentenzi jistg\u0127u jkunu sempli\u010bi (klaw\u017cola wa\u0127da indipendenti), komposti (\u017cew\u0121 klaw\u017coli indipendenti jew aktar), jew kumplessi (klaw\u017cola indipendenti wa\u0127da u klaw\u017cola dipendenti wa\u0127da jew aktar).<\/p>\n\n\n\n<p><strong>5. Punte\u0121\u0121jatura:<\/strong> Il-marki tal-punte\u0121\u0121jatura, b\u0127al virgoli, punti, u punti u virgola, huma kriti\u010bi fl-organizzazzjoni u l-kjarifika tal-lingwa miktuba. Il-punte\u0121\u0121jatura xierqa ti\u017cgura li l-ideat tieg\u0127ek jitwasslu bi pre\u010bi\u017cjoni u koerenza.<\/p>\n\n\n\n<h3 class=\"wp-block-heading\" id=\"h-tips-to-improve-your-english-grammar\">G\u0127ajnuniet biex ittejjeb il-grammatika Ingli\u017ca tieg\u0127ek:<\/h3>\n\n\n\n<p>Now that we&#8217;ve discussed the fundamentals of <a href=\"https:\/\/talkpal.ai\/es\/grammar\/10-reglas-esenciales-de-la-gramatica-inglesa-para-dominar-el-idioma\/\">English grammar<\/a> let&#8217;s explore some effective ways to hone your skills:<\/p>\n\n\n\n<p><strong>1. Aqra regolarment:<\/strong> Il-qari huwa mod e\u010b\u010bellenti biex tinternalizza <a href=\"https:\/\/talkpal.ai\/greek-grammar\/\">grammatika<\/a> xierqa. The more you expose yourself to well-written articles, books, or essays, the better you&#8217;ll understand the rules and structures.<\/p>\n\n\n\n<p><strong>2. Prattika l-kitba:<\/strong> Il-kitba regolarment tippermettilek tapplika l-g\u0127arfien tal-grammatika tieg\u0127ek u tidentifika oqsma fejn g\u0127andek b\u017conn titjib. Ikkunsidra li \u017c\u017comm \u0121urnal jew tibda <a href=\"https:\/\/talkpal.ai\/blog\/\">blog<\/a> biex ti\u017cviluppa l-\u0127iliet tal-kitba tieg\u0127ek.<\/p>\n\n\n\n<p><strong>3. Studja r-ri\u017corsi tal-grammatika:<\/strong> Ikseb idejk fuq xi kotba tal-grammatika, websajts, jew apps ta &#8216;fama biex tapprofondixxi l-fehim tieg\u0127ek tar-regoli. Ir-revi\u017cjoni regolari ta &#8216;dawn il-materjali tg\u0127in biex tissolidifika l-g\u0127arfien tieg\u0127ek.<\/p>\n\n\n\n<p><strong>4. Fittex feedback:<\/strong> Involvi ru\u0127ek ma &#8216;o\u0127rajn biex tir\u010bievi kritika kostruttiva dwar l-Ingli\u017c miktub u mitkellem tieg\u0127ek. Dan jista&#8217; jsir permezz ta&#8217; forums onlajn, gruppi ta&#8217; skambju lingwisti\u010bi, jew \u0127bieb u kollegi li huma profi\u010bjenti fl-Ingli\u017c.<\/p>\n\n\n\n<p><strong>5. Kun pa\u010benzju\u017c u persistenti:<\/strong> It-tag\u0127lim tal-grammatika huwa pro\u010bess gradwali li jirrikjedi \u0127in u sforz. Ibqa &#8216;impenjat, kompli jipprattika, u \u010b\u010belebra l-progress tieg\u0127ek.<\/p>\n\n\n\n<h3 class=\"wp-block-heading\" id=\"h-conclusion\">Konklu\u017cjoni:<\/h3>\n\n\n\n<p>Il-\u0127akma tal-grammatika Ingli\u017ca hija pass essenzjali fit-triq lejn il-fluwenza. Billi tifhem l-importanza tag\u0127ha, tiffamiljarizza ru\u0127ek mal-prin\u010bipji ewlenin, u tipprattika b&#8217;mod attiv, dalwaqt ti\u017cviluppa kmand qawwi tal-lingwa. Ftakar li Ruma ma nbnietx f&#8217;\u0121urnata &#8211; allura ibqa &#8216;pa\u010benzju\u017c, \u0127u gost, u gawdi l-vja\u0121\u0121 lejn grammatika impekkabbli!<\/p>\n<\/div><\/div>\n\r\n<section class=\"learnNavigationSection\">\r\n            \r\n        <a href=\"https:\/\/talkpal.ai\/mt\/tghallem-l-ingliz\/\">\r\n            <div class=\"learnNavigationWrapper\">\r\n                <div class=\"learnNavigationContent\">\r\n                    <img decoding=\"async\" src=\"https:\/\/talkpal.ai\/wp-content\/uploads\/2024\/08\/English.jpg\" alt=\"English Flag\">\r\n                    <div>\r\n                        <h4>Dwar it-Tag\u0127lim tal-Ingli\u017c<\/h4>\r\n                        <p>Sir af kollox dwar il-grammatika Ingli\u017ca.<\/p>\r\n                    <\/div>\r\n                <\/div>\r\n            <\/div>\r\n        <\/a>\r\n\r\n        \r\n        <a href=\"https:\/\/talkpal.ai\/mt\/ezercizzji-tal-grammatika-tal-ingliz\/\">\r\n            <div class=\"learnNavigationWrapper\">\r\n                <div class=\"learnNavigationContent\">\r\n                    <img decoding=\"async\" src=\"https:\/\/talkpal.ai\/wp-content\/uploads\/2024\/08\/English.jpg\" alt=\"English Flag\">\r\n                    <div>\r\n                        <h4>E\u017cer\u010bizzji tal-Grammatika tal-Ingli\u017c<\/h4>\r\n                        <p>Ipprattika l-grammatika Ingli\u017ca.<\/p>\r\n                    <\/div>\r\n                <\/div>\r\n            <\/div>\r\n        <\/a>\r\n\r\n        \r\n        <a href=\"https:\/\/talkpal.ai\/vocabulary_language\/english\/\">\r\n            <div class=\"learnNavigationWrapper\">\r\n                <div class=\"learnNavigationContent\">\r\n                    <img decoding=\"async\" src=\"https:\/\/talkpal.ai\/wp-content\/uploads\/2024\/08\/English.jpg\" alt=\"English Flag\">\r\n                    <div>\r\n                        <h4>Vokabularju Ingli\u017c<\/h4>\r\n                        <p>Espandi l-vokabularju Ingli\u017c tieg\u0127ek.<\/p>\r\n                    <\/div>\r\n                <\/div>\r\n            <\/div>\r\n        <\/a>\r\n\r\n            <\/section>","protected":false},"excerpt":{"rendered":"<p>L-Importanza tal-Grammatika Ingli\u017ca: Gwida g\u0127all-\u0126akma tar-Regoli u l-Prin\u010bipji Bl-Ingli\u017c huwa wie\u0127ed mill-aktar lingwi prominenti mitkellma madwar id-dinja, mhix sorpri\u017ca li n-nies huma \u0127erqana li jtejbu l-fluency u l-kmand tag\u0127hom. Aspett kru\u010bjali tal-\u0127akma tal-lingwa Ingli\u017ca huwa l-fehim tal-grammatika tag\u0127ha. Imma g\u0127aliex il-grammatika hija daqshekk importanti, u kif nistg\u0127u nitg\u0127allmuha b&#8217;mod effettiv? F&#8217;dan l-artikolu, a\u0127na ser nid\u0127lu [&hellip;]<\/p>\n","protected":false},"author":1,"featured_media":1440443,"parent":0,"menu_order":0,"comment_status":"closed","ping_status":"closed","template":"LearningContentPage.php","meta":{"_acf_changed":false,"footnotes":""},"class_list":["post-1445898","page","type-page","status-publish","has-post-thumbnail","hentry"],"acf":[],"yoast_head":"<!-- This site is optimized with the Yoast SEO Premium plugin v27.2 (Yoast SEO v27.2) - https:\/\/yoast.com\/product\/yoast-seo-premium-wordpress\/ -->\n<title>Grammatika Ingli\u017ca - Talkpal<\/title>\n<meta name=\"description\" content=\"Ittejjeb il-\u0127iliet tal-grammatika Ingli\u017ca tieg\u0127ek ming\u0127ajr sforz bl-app tat-tag\u0127lim tal-lingwa m\u0127addma bl-AI ta &#039;TalkPal.\" \/>\n<meta name=\"robots\" content=\"index, follow, max-snippet:-1, max-image-preview:large, max-video-preview:-1\" \/>\n<link rel=\"canonical\" href=\"https:\/\/talkpal.ai\/mt\/grammatika-ingliza\/\" \/>\n<meta property=\"og:locale\" content=\"mt_MT\" \/>\n<meta property=\"og:type\" content=\"article\" \/>\n<meta property=\"og:title\" content=\"Grammatika Ingli\u017ca\" \/>\n<meta property=\"og:description\" content=\"L-Importanza tal-Grammatika Ingli\u017ca: Gwida g\u0127all-\u0126akma tar-Regoli u l-Prin\u010bipji Bl-Ingli\u017c huwa wie\u0127ed mill-aktar lingwi prominenti mitkellma madwar\" \/>\n<meta property=\"og:url\" content=\"https:\/\/talkpal.ai\/mt\/grammatika-ingliza\/\" \/>\n<meta property=\"og:site_name\" content=\"Talkpal\" \/>\n<meta property=\"article:publisher\" content=\"https:\/\/www.facebook.com\/profile.php?id=100090733639311\" \/>\n<meta property=\"article:modified_time\" content=\"2025-09-06T20:32:56+00:00\" \/>\n<meta property=\"og:image\" content=\"https:\/\/talkpal.ai\/wp-content\/uploads\/2023\/03\/united-kingdom.png\" \/>\n\t<meta property=\"og:image:width\" content=\"512\" \/>\n\t<meta property=\"og:image:height\" content=\"512\" \/>\n\t<meta property=\"og:image:type\" content=\"image\/png\" \/>\n<meta name=\"twitter:card\" content=\"summary_large_image\" \/>\n<meta name=\"twitter:site\" content=\"@talkpalai\" \/>\n<meta name=\"twitter:label1\" content=\"Est. reading time\" \/>\n\t<meta name=\"twitter:data1\" content=\"3 minutes\" \/>\n<script type=\"application\/ld+json\" class=\"yoast-schema-graph\">{\"@context\":\"https:\/\/schema.org\",\"@graph\":[{\"@type\":\"WebPage\",\"@id\":\"https:\/\/talkpal.ai\/mt\/grammatika-ingliza\/\",\"url\":\"https:\/\/talkpal.ai\/mt\/grammatika-ingliza\/\",\"name\":\"Grammatika Ingli\u017ca - Talkpal\",\"isPartOf\":{\"@id\":\"https:\/\/talkpal.ai\/mt\/#website\"},\"primaryImageOfPage\":{\"@id\":\"https:\/\/talkpal.ai\/mt\/grammatika-ingliza\/#primaryimage\"},\"image\":{\"@id\":\"https:\/\/talkpal.ai\/mt\/grammatika-ingliza\/#primaryimage\"},\"thumbnailUrl\":\"https:\/\/talkpal.ai\/wp-content\/uploads\/2023\/03\/united-kingdom.png\",\"datePublished\":\"2023-03-25T16:57:06+00:00\",\"dateModified\":\"2025-09-06T20:32:56+00:00\",\"description\":\"Ittejjeb il-\u0127iliet tal-grammatika Ingli\u017ca tieg\u0127ek ming\u0127ajr sforz bl-app tat-tag\u0127lim tal-lingwa m\u0127addma bl-AI ta 'TalkPal.\",\"breadcrumb\":{\"@id\":\"https:\/\/talkpal.ai\/mt\/grammatika-ingliza\/#breadcrumb\"},\"inLanguage\":\"mt-MT\",\"potentialAction\":[{\"@type\":\"ReadAction\",\"target\":[\"https:\/\/talkpal.ai\/mt\/grammatika-ingliza\/\"]}]},{\"@type\":\"ImageObject\",\"inLanguage\":\"mt-MT\",\"@id\":\"https:\/\/talkpal.ai\/mt\/grammatika-ingliza\/#primaryimage\",\"url\":\"https:\/\/talkpal.ai\/wp-content\/uploads\/2023\/03\/united-kingdom.png\",\"contentUrl\":\"https:\/\/talkpal.ai\/wp-content\/uploads\/2023\/03\/united-kingdom.png\",\"width\":512,\"height\":512,\"caption\":\"TalkPal AI learn English\"},{\"@type\":\"BreadcrumbList\",\"@id\":\"https:\/\/talkpal.ai\/mt\/grammatika-ingliza\/#breadcrumb\",\"itemListElement\":[{\"@type\":\"ListItem\",\"position\":1,\"name\":\"Homepage\",\"item\":\"https:\/\/talkpal.ai\/mt\/\"},{\"@type\":\"ListItem\",\"position\":2,\"name\":\"Grammatika Ingli\u017ca\"}]},{\"@type\":\"WebSite\",\"@id\":\"https:\/\/talkpal.ai\/mt\/#website\",\"url\":\"https:\/\/talkpal.ai\/mt\/\",\"name\":\"Talkpal\",\"description\":\"AI Language Learning\",\"publisher\":{\"@id\":\"https:\/\/talkpal.ai\/mt\/#organization\"},\"alternateName\":\"Talkpal AI\",\"potentialAction\":[{\"@type\":\"SearchAction\",\"target\":{\"@type\":\"EntryPoint\",\"urlTemplate\":\"https:\/\/talkpal.ai\/mt\/?s={search_term_string}\"},\"query-input\":{\"@type\":\"PropertyValueSpecification\",\"valueRequired\":true,\"valueName\":\"search_term_string\"}}],\"inLanguage\":\"mt-MT\"},{\"@type\":\"Organization\",\"@id\":\"https:\/\/talkpal.ai\/mt\/#organization\",\"name\":\"Talkpal, Inc.\",\"alternateName\":\"Talkpal AI\",\"url\":\"https:\/\/talkpal.ai\/mt\/\",\"logo\":{\"@type\":\"ImageObject\",\"inLanguage\":\"mt-MT\",\"@id\":\"https:\/\/talkpal.ai\/mt\/#\/schema\/logo\/image\/\",\"url\":\"https:\/\/talkpal.ai\/wp-content\/uploads\/2024\/03\/Talkpal-Logo-Icon.png\",\"contentUrl\":\"https:\/\/talkpal.ai\/wp-content\/uploads\/2024\/03\/Talkpal-Logo-Icon.png\",\"width\":2880,\"height\":2880,\"caption\":\"Talkpal, Inc.\"},\"image\":{\"@id\":\"https:\/\/talkpal.ai\/mt\/#\/schema\/logo\/image\/\"},\"sameAs\":[\"https:\/\/www.facebook.com\/profile.php?id=100090733639311\",\"https:\/\/x.com\/talkpalai\",\"https:\/\/www.linkedin.com\/company\/talkpal\/\",\"https:\/\/www.youtube.com\/@TalkPal\/\",\"https:\/\/www.tiktok.com\/@talkpal\",\"https:\/\/www.instagram.com\/talkpal_ai\/\",\"https:\/\/www.crunchbase.com\/organization\/talkpal-9cde\",\"https:\/\/www.g2.com\/products\/talkpal-for-business\/\",\"https:\/\/www.trustpilot.com\/review\/talkpal.ai\",\"https:\/\/www.capterra.com\/p\/10006800\/TalkPal\/\"],\"description\":\"Talkpal is a language learning web and mobile education app, powered by the latest AI technologies, that provides engaging experiences to its customers in many different languages to help them improve their language skills. Users can chat about unlimited amount of topics with the app and use other modes to practice their language learning.\",\"email\":\"support@talkpal.ai\",\"legalName\":\"Talkpal, Inc.\",\"foundingDate\":\"2023-04-03\",\"duns\":\"118989042\",\"numberOfEmployees\":{\"@type\":\"QuantitativeValue\",\"minValue\":\"11\",\"maxValue\":\"50\"},\"publishingPrinciples\":\"https:\/\/talkpal.ai\/publishing-principles\/\",\"actionableFeedbackPolicy\":\"https:\/\/talkpal.ai\/actionable-feedback-policy\/\",\"correctionsPolicy\":\"https:\/\/talkpal.ai\/corrections-policy\/\",\"ethicsPolicy\":\"https:\/\/talkpal.ai\/ethics-policy\/\",\"diversityPolicy\":\"https:\/\/talkpal.ai\/diversity-policy\/\",\"diversityStaffingReport\":\"https:\/\/talkpal.ai\/diversity-policy\/\"}]}<\/script>\n<!-- \/ Yoast SEO Premium plugin. -->","yoast_head_json":{"title":"Grammatika Ingli\u017ca - Talkpal","description":"Ittejjeb il-\u0127iliet tal-grammatika Ingli\u017ca tieg\u0127ek ming\u0127ajr sforz bl-app tat-tag\u0127lim tal-lingwa m\u0127addma bl-AI ta 'TalkPal.","robots":{"index":"index","follow":"follow","max-snippet":"max-snippet:-1","max-image-preview":"max-image-preview:large","max-video-preview":"max-video-preview:-1"},"canonical":"https:\/\/talkpal.ai\/mt\/grammatika-ingliza\/","og_locale":"mt_MT","og_type":"article","og_title":"Grammatika Ingli\u017ca","og_description":"L-Importanza tal-Grammatika Ingli\u017ca: Gwida g\u0127all-\u0126akma tar-Regoli u l-Prin\u010bipji Bl-Ingli\u017c huwa wie\u0127ed mill-aktar lingwi prominenti mitkellma madwar","og_url":"https:\/\/talkpal.ai\/mt\/grammatika-ingliza\/","og_site_name":"Talkpal","article_publisher":"https:\/\/www.facebook.com\/profile.php?id=100090733639311","article_modified_time":"2025-09-06T20:32:56+00:00","og_image":[{"width":512,"height":512,"url":"https:\/\/talkpal.ai\/wp-content\/uploads\/2023\/03\/united-kingdom.png","type":"image\/png"}],"twitter_card":"summary_large_image","twitter_site":"@talkpalai","twitter_misc":{"Est. reading time":"3 minutes"},"schema":{"@context":"https:\/\/schema.org","@graph":[{"@type":"WebPage","@id":"https:\/\/talkpal.ai\/mt\/grammatika-ingliza\/","url":"https:\/\/talkpal.ai\/mt\/grammatika-ingliza\/","name":"Grammatika Ingli\u017ca - Talkpal","isPartOf":{"@id":"https:\/\/talkpal.ai\/mt\/#website"},"primaryImageOfPage":{"@id":"https:\/\/talkpal.ai\/mt\/grammatika-ingliza\/#primaryimage"},"image":{"@id":"https:\/\/talkpal.ai\/mt\/grammatika-ingliza\/#primaryimage"},"thumbnailUrl":"https:\/\/talkpal.ai\/wp-content\/uploads\/2023\/03\/united-kingdom.png","datePublished":"2023-03-25T16:57:06+00:00","dateModified":"2025-09-06T20:32:56+00:00","description":"Ittejjeb il-\u0127iliet tal-grammatika Ingli\u017ca tieg\u0127ek ming\u0127ajr sforz bl-app tat-tag\u0127lim tal-lingwa m\u0127addma bl-AI ta 'TalkPal.","breadcrumb":{"@id":"https:\/\/talkpal.ai\/mt\/grammatika-ingliza\/#breadcrumb"},"inLanguage":"mt-MT","potentialAction":[{"@type":"ReadAction","target":["https:\/\/talkpal.ai\/mt\/grammatika-ingliza\/"]}]},{"@type":"ImageObject","inLanguage":"mt-MT","@id":"https:\/\/talkpal.ai\/mt\/grammatika-ingliza\/#primaryimage","url":"https:\/\/talkpal.ai\/wp-content\/uploads\/2023\/03\/united-kingdom.png","contentUrl":"https:\/\/talkpal.ai\/wp-content\/uploads\/2023\/03\/united-kingdom.png","width":512,"height":512,"caption":"TalkPal AI learn English"},{"@type":"BreadcrumbList","@id":"https:\/\/talkpal.ai\/mt\/grammatika-ingliza\/#breadcrumb","itemListElement":[{"@type":"ListItem","position":1,"name":"Homepage","item":"https:\/\/talkpal.ai\/mt\/"},{"@type":"ListItem","position":2,"name":"Grammatika Ingli\u017ca"}]},{"@type":"WebSite","@id":"https:\/\/talkpal.ai\/mt\/#website","url":"https:\/\/talkpal.ai\/mt\/","name":"Talkpal","description":"AI Language Learning","publisher":{"@id":"https:\/\/talkpal.ai\/mt\/#organization"},"alternateName":"Talkpal AI","potentialAction":[{"@type":"SearchAction","target":{"@type":"EntryPoint","urlTemplate":"https:\/\/talkpal.ai\/mt\/?s={search_term_string}"},"query-input":{"@type":"PropertyValueSpecification","valueRequired":true,"valueName":"search_term_string"}}],"inLanguage":"mt-MT"},{"@type":"Organization","@id":"https:\/\/talkpal.ai\/mt\/#organization","name":"Talkpal, Inc.","alternateName":"Talkpal AI","url":"https:\/\/talkpal.ai\/mt\/","logo":{"@type":"ImageObject","inLanguage":"mt-MT","@id":"https:\/\/talkpal.ai\/mt\/#\/schema\/logo\/image\/","url":"https:\/\/talkpal.ai\/wp-content\/uploads\/2024\/03\/Talkpal-Logo-Icon.png","contentUrl":"https:\/\/talkpal.ai\/wp-content\/uploads\/2024\/03\/Talkpal-Logo-Icon.png","width":2880,"height":2880,"caption":"Talkpal, Inc."},"image":{"@id":"https:\/\/talkpal.ai\/mt\/#\/schema\/logo\/image\/"},"sameAs":["https:\/\/www.facebook.com\/profile.php?id=100090733639311","https:\/\/x.com\/talkpalai","https:\/\/www.linkedin.com\/company\/talkpal\/","https:\/\/www.youtube.com\/@TalkPal\/","https:\/\/www.tiktok.com\/@talkpal","https:\/\/www.instagram.com\/talkpal_ai\/","https:\/\/www.crunchbase.com\/organization\/talkpal-9cde","https:\/\/www.g2.com\/products\/talkpal-for-business\/","https:\/\/www.trustpilot.com\/review\/talkpal.ai","https:\/\/www.capterra.com\/p\/10006800\/TalkPal\/"],"description":"Talkpal is a language learning web and mobile education app, powered by the latest AI technologies, that provides engaging experiences to its customers in many different languages to help them improve their language skills. Users can chat about unlimited amount of topics with the app and use other modes to practice their language learning.","email":"support@talkpal.ai","legalName":"Talkpal, Inc.","foundingDate":"2023-04-03","duns":"118989042","numberOfEmployees":{"@type":"QuantitativeValue","minValue":"11","maxValue":"50"},"publishingPrinciples":"https:\/\/talkpal.ai\/publishing-principles\/","actionableFeedbackPolicy":"https:\/\/talkpal.ai\/actionable-feedback-policy\/","correctionsPolicy":"https:\/\/talkpal.ai\/corrections-policy\/","ethicsPolicy":"https:\/\/talkpal.ai\/ethics-policy\/","diversityPolicy":"https:\/\/talkpal.ai\/diversity-policy\/","diversityStaffingReport":"https:\/\/talkpal.ai\/diversity-policy\/"}]}},"_links":{"self":[{"href":"https:\/\/talkpal.ai\/mt\/wp-json\/wp\/v2\/pages\/1445898","targetHints":{"allow":["GET"]}}],"collection":[{"href":"https:\/\/talkpal.ai\/mt\/wp-json\/wp\/v2\/pages"}],"about":[{"href":"https:\/\/talkpal.ai\/mt\/wp-json\/wp\/v2\/types\/page"}],"author":[{"embeddable":true,"href":"https:\/\/talkpal.ai\/mt\/wp-json\/wp\/v2\/users\/1"}],"replies":[{"embeddable":true,"href":"https:\/\/talkpal.ai\/mt\/wp-json\/wp\/v2\/comments?post=1445898"}],"version-history":[{"count":0,"href":"https:\/\/talkpal.ai\/mt\/wp-json\/wp\/v2\/pages\/1445898\/revisions"}],"wp:featuredmedia":[{"embeddable":true,"href":"https:\/\/talkpal.ai\/mt\/wp-json\/wp\/v2\/media\/1440443"}],"wp:attachment":[{"href":"https:\/\/talkpal.ai\/mt\/wp-json\/wp\/v2\/media?parent=1445898"}],"curies":[{"name":"wp","href":"https:\/\/api.w.org\/{rel}","templated":true}]}}