{"id":1443952,"date":"2023-05-14T14:19:07","date_gmt":"2023-05-14T14:19:07","guid":{"rendered":"https:\/\/talkpal.ai\/grammatika-rumena\/"},"modified":"2025-12-17T15:34:41","modified_gmt":"2025-12-17T15:34:41","slug":"grammatika-rumena","status":"publish","type":"page","link":"https:\/\/talkpal.ai\/mt\/grammatika-rumena\/","title":{"rendered":"Grammatika Rumena"},"content":{"rendered":"\r\n\r\n\r\n<section class=\"languageChallengeSection\">\r\n    <div class=\"languageInfoWrapper\">\r\n        \r\n        <h1>Grammatika Rumena<\/h1>\r\n        <p>Tifta\u0127 is-sbu\u0127ija tal-lingwa Rumena billi titg\u0127allem ir-regoli grammatikali essenzjali tag\u0127ha. Il-\u0127akma tal-grammatika Rumena tg\u0127inek tikkomunika b&#039;kunfidenza u tikkonnettja mal-kultura u l-istorja rikka tar-Rumanija. Ibda tistudja l-grammatika Rumena llum u \u0127u l-ewwel pass tieg\u0127ek lejn il-\u0127effa!<\/p>\r\n\r\n                            <a class=\"getStartedHidden\" href=\"https:\/\/app.talkpal.ai\/signup?lng=\">Ibda<\/a>\r\n        \r\n    <\/div>\r\n\r\n    <figure>\r\n    <img decoding=\"async\" width=\"768\" height=\"768\" src=\"https:\/\/talkpal.ai\/wp-content\/uploads\/2023\/06\/romanian-768x768.png\" class=\"languageImage no-lazy\" alt=\"Language learning for intellectual challenge\" fetchpriority=\"high\" sizes=\"(max-width: 768px) 150px, 768px\" srcset=\"https:\/\/talkpal.ai\/wp-content\/uploads\/2023\/06\/romanian-768x768.png 768w, https:\/\/talkpal.ai\/wp-content\/uploads\/2023\/06\/romanian-300x300.png 300w\" \/>\r\n    \r\n\r\n    <\/figure>\r\n\r\n            <a class=\"getStartedVisible\" href=\"https:\/\/app.talkpal.ai\/signup?lng=\">Ibda<\/a>\r\n    \r\n<\/section>\r\n<section class=\"promotionalBanner\">\r\n    <p class=\"promotionalText\">L-aktar mod effi\u010bjenti biex titg\u0127allem lingwa<\/p>\r\n    <a class=\"promotionalLink\" href=\"https:\/\/app.talkpal.ai\/signup?lng=\">Ipprova Talkpal b&#8217;xejn<\/a>\r\n<\/section>\n<div class=\"wp-block-group pageContainerStyle\"><div class=\"wp-block-group__inner-container is-layout-constrained wp-block-group-is-layout-constrained\">\n<h2 class=\"wp-block-heading\" id=\"h-unraveling-the-mysteries-of-romanian-grammar\">Unraveling the Mysteries of Romanian Grammar<\/h2>\n\n\n\n<p>Ir-Rumen, l-unika lingwa Rumanz mitkellma fl-Ewropa tal-Lvant, toffri vja\u0121\u0121 lingwistiku uniku u interessanti. Straddling the <a href=\"https:\/\/talkpal.ai\/culture\/portuguese-cultural-heritage-sites-and-preservation-terms\/\">cultural heritage<\/a> of both Latin and Slavic worlds, <a href=\"https:\/\/talkpal.ai\/learn-romanian\/\">Romanian<\/a> has a charming history and an exciting <a href=\"https:\/\/talkpal.ai\/pa\/%e0%a8%b5%e0%a8%bf%e0%a8%86%e0%a8%95%e0%a8%b0%e0%a8%a3\/\">grammar<\/a> system to explore. Mela kemm jekk int dilettant poliglot jew sempli\u010bement qed tfittex avventura lingwistika \u0121dida, bokkla u lesti biex tesplora s-sbu\u0127ija tal-grammatika Rumena!<\/p>\n\n\n\n<h3 class=\"wp-block-heading\" id=\"h-1-the-alphabet-a-familiar-friend-with-a-twist\">1. L-Alfabett: \u0126abib Familjari b&#8217;Twist<\/h3>\n\n\n\n<p>L-alfabett <a href=\"https:\/\/talkpal.ai\/learn-romanian\/\">Rumen<\/a> huwa bba\u017cat fuq l-iskrittura <a href=\"https:\/\/talkpal.ai\/locations\/language-courses-in-latina\/\">Latina<\/a>, mag\u0127mula minn 31 ittra. Fortunatament g\u0127al dawk li jitkellmu bl-<a href=\"https:\/\/talkpal.ai\/learn-english-with-ai\/\">Ingli\u017c<\/a>, huwa pjuttost simili g\u0127all-alfabett Ingli\u017c, bi ftit karattri \u017cejda biss biex jirrappre\u017centaw \u0127sejjes spe\u010bifi\u010bi Rumeni. Bi ftit prattika, il-\u0127akma tal-affarijiet ba\u017ci\u010bi (b\u0127all-ortografija ta &#8216;ismek jew il-qari ta&#8217; sinjali tat-toroq) se tkun breeze!<\/p>\n\n\n\n<h3 class=\"wp-block-heading\" id=\"h-2-nouns-meet-cases-the-dynamic-duo\">2. Nouns Meet Cases: The Dynamic Duo<\/h3>\n\n\n\n<p>In-nomi Rumeni jaqg\u0127u fi tliet \u0121eneri (maskili, femminili, u neutri), u jibdlu l-forma skont il-ka\u017c grammatikali (nominativ, \u0121enittiv, dattiv, akku\u017cattiv, jew vokattiv). G\u0127alkemm dan jista &#8216;jidher skora\u0121\u0121anti g\u0127all-ewwel, din is-sistema tag\u0127ti lir-Rumen rikkezza li tippermetti sfumatura u kreattivit\u00e0 fil-kompo\u017cizzjoni ta&#8217; sentenzi, u tag\u0127mel il-vja\u0121\u0121 lingwistiku tieg\u0127ek aktar sodisfa\u010benti.<\/p>\n\n\n\n<h3 class=\"wp-block-heading\" id=\"h-3-verbs-conjugating-your-way-to-success\">3. Verbi: Konjugazzjoni Triq Tieg\u0127ek g\u0127as-Su\u010b\u010bess<\/h3>\n\n\n\n<p>Il-konjugazzjoni tal-verb Rumen, filwaqt li kemmxejn aktar sempli\u010bi mid-deklinazzjoni tan-nom, g\u0127adha pro\u010bess multidimensjonali. Il-verbi jibdlu l-forma skont it-temp, il-burdata, il-vu\u010bi, u l-persuna u n-numru tas-su\u0121\u0121ett. B\u0127al strument intonat b&#8217;mod <a href=\"https:\/\/talkpal.ai\/learn-finnish\/\">fin<\/a>, il-verbi Rumeni jistg\u0127u jwasslu firxa wiesg\u0127a ta &#8216;azzjonijiet, emozzjonijiet, u intenzjonijiet, li jippermettu espressjoni kemm pre\u010bi\u017ca kif ukoll poetika.<\/p>\n\n\n\n<h3 class=\"wp-block-heading\" id=\"h-4-flexible-word-order-shuffle-the-sentences\">4. Ordni ta &#8216;Kliem Flessibbli: \u0126awwad is-Sentenzi<\/h3>\n\n\n\n<p>Ir-Rumen huwa pjuttost flessibbli meta ni\u0121u g\u0127all-ordni tal-kliem, li jippermettilek tirran\u0121a su\u0121\u0121etti, verbi u o\u0121\u0121etti b&#8217;diversi modi ming\u0127ajr ma tikkomprometti t-tifsira. Din il-flessibilit\u00e0 tista &#8216;\u017c\u017cid enfasi, to\u0127loq kuntrasti, jew sempli\u010bement tag\u0127mel id-diskors aktar impenjattiv. Hekk kif issir aktar profi\u010bjenti fir-Rumen, ikollok gost tesperimenta b&#8217;modi differenti biex tg\u0127id l-istess \u0127a\u0121a, u ssib it-ton perfett g\u0127al kwalunkwe sitwazzjoni.<\/p>\n\n\n\n<h3 class=\"wp-block-heading\" id=\"h-5-wading-deeper-language-through-culture\">5. Wading Deeper: Language Through Culture<\/h3>\n\n\n\n<p>Biex verament tapprezza r-Rumen, trid tg\u0127addas aktar fil-fond fil-kultura, l-istorja u l-mentalit\u00e0 li sawru l-lingwa. Engage with native speakers, explore Romanian literature, and immerse yourself in local customs and traditions. Meta tag\u0127mel dan, mhux biss ittejjeb il-profi\u010bjenza lingwistika tieg\u0127ek i\u017cda wkoll tiskopri s-sbu\u0127ija multidimensjonali tal-kultura Rumena.<\/p>\n\n\n\n<h3 class=\"wp-block-heading\" id=\"h-in-conclusion-embrace-the-magic-of-romanian-grammar\">B\u0127ala konklu\u017cjoni: \u0126addan il-ma\u0121ija tal-grammatika Rumena<\/h3>\n\n\n\n<p>Il-grammatika Rumena tista &#8216;tidher b\u0127ala enigma g\u0127all-ewwel, i\u017cda bil-\u0127in, il-pa\u010benzja, u l-interess qawwi fil-lingwa, int ser tifta\u0127 is-sigrieti ta&#8217; dan it-te\u017cor lingwistiku notevoli. Allura, g\u0127aliex tistenna? Ibda l-vja\u0121\u0121 tal-lingwa Rumena tieg\u0127ek illum, u bask fis-sbu\u0127ija tal-grammatika tag\u0127ha, il-kultura tag\u0127ha, u d-dinja captivating li tifta\u0127 g\u0127alik.<\/p>\n<\/div><\/div>\n\r\n<section class=\"learnNavigationSection\">\r\n            \r\n        <a href=\"https:\/\/talkpal.ai\/mt\/tghallem-ir-rumen\/\">\r\n            <div class=\"learnNavigationWrapper\">\r\n                <div class=\"learnNavigationContent\">\r\n                    <img decoding=\"async\" src=\"https:\/\/talkpal.ai\/wp-content\/uploads\/2024\/08\/Romanian.jpg\" alt=\"Romanian Flag\">\r\n                    <div>\r\n                        <h4>Dwar it-Tag\u0127lim Rumen<\/h4>\r\n                        <p>Sir af kollox dwar il-grammatika Rumena.<\/p>\r\n                    <\/div>\r\n                <\/div>\r\n            <\/div>\r\n        <\/a>\r\n\r\n        \r\n        <a href=\"https:\/\/talkpal.ai\/mt\/ezercizzji-tal-grammatika-rumena\/\">\r\n            <div class=\"learnNavigationWrapper\">\r\n                <div class=\"learnNavigationContent\">\r\n                    <img decoding=\"async\" src=\"https:\/\/talkpal.ai\/wp-content\/uploads\/2024\/08\/Romanian.jpg\" alt=\"Romanian Flag\">\r\n                    <div>\r\n                        <h4>E\u017cer\u010bizzju tal-Grammatika Rumena<\/h4>\r\n                        <p>Ipprattika l-grammatika Rumena.<\/p>\r\n                    <\/div>\r\n                <\/div>\r\n            <\/div>\r\n        <\/a>\r\n\r\n        \r\n        <a href=\"https:\/\/talkpal.ai\/vocabulary_language\/romanian\/\">\r\n            <div class=\"learnNavigationWrapper\">\r\n                <div class=\"learnNavigationContent\">\r\n                    <img decoding=\"async\" src=\"https:\/\/talkpal.ai\/wp-content\/uploads\/2024\/08\/Romanian.jpg\" alt=\"Romanian Flag\">\r\n                    <div>\r\n                        <h4>Vokabularju Rumen<\/h4>\r\n                        <p>Espandi l-vokabularju Rumen tieg\u0127ek.<\/p>\r\n                    <\/div>\r\n                <\/div>\r\n            <\/div>\r\n        <\/a>\r\n\r\n            <\/section>","protected":false},"excerpt":{"rendered":"<p>Unraveling the Mysteries of Romanian Grammar Ir-Rumen, l-unika lingwa Rumanz mitkellma fl-Ewropa tal-Lvant, toffri vja\u0121\u0121 lingwistiku uniku u interessanti. Straddling the cultural heritage of both Latin and Slavic worlds, Romanian has a charming history and an exciting grammar system to explore. Mela kemm jekk int dilettant poliglot jew sempli\u010bement qed tfittex avventura lingwistika \u0121dida, bokkla [&hellip;]<\/p>\n","protected":false},"author":1,"featured_media":1443953,"parent":0,"menu_order":0,"comment_status":"closed","ping_status":"closed","template":"LearningContentPage.php","meta":{"_acf_changed":false,"footnotes":""},"class_list":["post-1443952","page","type-page","status-publish","has-post-thumbnail","hentry"],"acf":[],"yoast_head":"<!-- This site is optimized with the Yoast SEO Premium plugin v27.2 (Yoast SEO v27.2) - https:\/\/yoast.com\/product\/yoast-seo-premium-wordpress\/ -->\n<title>Grammatika Rumena - Talkpal<\/title>\n<meta name=\"description\" content=\"Esplora d-dinja affaxxinanti tal-grammatika Rumena u skopri l-karatteristi\u010bi uni\u010bi ta &#039;din il-lingwa Romance sabi\u0127a.\" \/>\n<meta name=\"robots\" content=\"index, follow, max-snippet:-1, max-image-preview:large, max-video-preview:-1\" \/>\n<link rel=\"canonical\" href=\"https:\/\/talkpal.ai\/mt\/grammatika-rumena\/\" \/>\n<meta property=\"og:locale\" content=\"mt_MT\" \/>\n<meta property=\"og:type\" content=\"article\" \/>\n<meta property=\"og:title\" content=\"Grammatika Rumena\" \/>\n<meta property=\"og:description\" content=\"Unraveling the Mysteries of Romanian Grammar Ir-Rumen, l-unika lingwa Rumanz mitkellma fl-Ewropa tal-Lvant, toffri vja\u0121\u0121 lingwistiku uniku u interessanti.\" \/>\n<meta property=\"og:url\" content=\"https:\/\/talkpal.ai\/mt\/grammatika-rumena\/\" \/>\n<meta property=\"og:site_name\" content=\"Talkpal\" \/>\n<meta property=\"article:publisher\" content=\"https:\/\/www.facebook.com\/profile.php?id=100090733639311\" \/>\n<meta property=\"article:modified_time\" content=\"2025-12-17T15:34:41+00:00\" \/>\n<meta property=\"og:image\" content=\"https:\/\/talkpal.ai\/wp-content\/uploads\/2023\/05\/romania.png\" \/>\n\t<meta property=\"og:image:width\" content=\"512\" \/>\n\t<meta property=\"og:image:height\" content=\"512\" \/>\n\t<meta property=\"og:image:type\" content=\"image\/png\" \/>\n<meta name=\"twitter:card\" content=\"summary_large_image\" \/>\n<meta name=\"twitter:site\" content=\"@talkpalai\" \/>\n<meta name=\"twitter:label1\" content=\"Est. reading time\" \/>\n\t<meta name=\"twitter:data1\" content=\"2 minutes\" \/>\n<script type=\"application\/ld+json\" class=\"yoast-schema-graph\">{\"@context\":\"https:\/\/schema.org\",\"@graph\":[{\"@type\":\"WebPage\",\"@id\":\"https:\/\/talkpal.ai\/mt\/grammatika-rumena\/\",\"url\":\"https:\/\/talkpal.ai\/mt\/grammatika-rumena\/\",\"name\":\"Grammatika Rumena - Talkpal\",\"isPartOf\":{\"@id\":\"https:\/\/talkpal.ai\/mt\/#website\"},\"primaryImageOfPage\":{\"@id\":\"https:\/\/talkpal.ai\/mt\/grammatika-rumena\/#primaryimage\"},\"image\":{\"@id\":\"https:\/\/talkpal.ai\/mt\/grammatika-rumena\/#primaryimage\"},\"thumbnailUrl\":\"https:\/\/talkpal.ai\/wp-content\/uploads\/2023\/05\/romania.png\",\"datePublished\":\"2023-05-14T14:19:07+00:00\",\"dateModified\":\"2025-12-17T15:34:41+00:00\",\"description\":\"Esplora d-dinja affaxxinanti tal-grammatika Rumena u skopri l-karatteristi\u010bi uni\u010bi ta 'din il-lingwa Romance sabi\u0127a.\",\"breadcrumb\":{\"@id\":\"https:\/\/talkpal.ai\/mt\/grammatika-rumena\/#breadcrumb\"},\"inLanguage\":\"mt-MT\",\"potentialAction\":[{\"@type\":\"ReadAction\",\"target\":[\"https:\/\/talkpal.ai\/mt\/grammatika-rumena\/\"]}]},{\"@type\":\"ImageObject\",\"inLanguage\":\"mt-MT\",\"@id\":\"https:\/\/talkpal.ai\/mt\/grammatika-rumena\/#primaryimage\",\"url\":\"https:\/\/talkpal.ai\/wp-content\/uploads\/2023\/05\/romania.png\",\"contentUrl\":\"https:\/\/talkpal.ai\/wp-content\/uploads\/2023\/05\/romania.png\",\"width\":512,\"height\":512,\"caption\":\"TalkPal Romania Flag\"},{\"@type\":\"BreadcrumbList\",\"@id\":\"https:\/\/talkpal.ai\/mt\/grammatika-rumena\/#breadcrumb\",\"itemListElement\":[{\"@type\":\"ListItem\",\"position\":1,\"name\":\"Homepage\",\"item\":\"https:\/\/talkpal.ai\/mt\/\"},{\"@type\":\"ListItem\",\"position\":2,\"name\":\"Grammatika Rumena\"}]},{\"@type\":\"WebSite\",\"@id\":\"https:\/\/talkpal.ai\/mt\/#website\",\"url\":\"https:\/\/talkpal.ai\/mt\/\",\"name\":\"Talkpal\",\"description\":\"AI Language Learning\",\"publisher\":{\"@id\":\"https:\/\/talkpal.ai\/mt\/#organization\"},\"alternateName\":\"Talkpal AI\",\"potentialAction\":[{\"@type\":\"SearchAction\",\"target\":{\"@type\":\"EntryPoint\",\"urlTemplate\":\"https:\/\/talkpal.ai\/mt\/?s={search_term_string}\"},\"query-input\":{\"@type\":\"PropertyValueSpecification\",\"valueRequired\":true,\"valueName\":\"search_term_string\"}}],\"inLanguage\":\"mt-MT\"},{\"@type\":\"Organization\",\"@id\":\"https:\/\/talkpal.ai\/mt\/#organization\",\"name\":\"Talkpal, Inc.\",\"alternateName\":\"Talkpal AI\",\"url\":\"https:\/\/talkpal.ai\/mt\/\",\"logo\":{\"@type\":\"ImageObject\",\"inLanguage\":\"mt-MT\",\"@id\":\"https:\/\/talkpal.ai\/mt\/#\/schema\/logo\/image\/\",\"url\":\"https:\/\/talkpal.ai\/wp-content\/uploads\/2024\/03\/Talkpal-Logo-Icon.png\",\"contentUrl\":\"https:\/\/talkpal.ai\/wp-content\/uploads\/2024\/03\/Talkpal-Logo-Icon.png\",\"width\":2880,\"height\":2880,\"caption\":\"Talkpal, Inc.\"},\"image\":{\"@id\":\"https:\/\/talkpal.ai\/mt\/#\/schema\/logo\/image\/\"},\"sameAs\":[\"https:\/\/www.facebook.com\/profile.php?id=100090733639311\",\"https:\/\/x.com\/talkpalai\",\"https:\/\/www.linkedin.com\/company\/talkpal\/\",\"https:\/\/www.youtube.com\/@TalkPal\/\",\"https:\/\/www.tiktok.com\/@talkpal\",\"https:\/\/www.instagram.com\/talkpal_ai\/\",\"https:\/\/www.crunchbase.com\/organization\/talkpal-9cde\",\"https:\/\/www.g2.com\/products\/talkpal-for-business\/\",\"https:\/\/www.trustpilot.com\/review\/talkpal.ai\",\"https:\/\/www.capterra.com\/p\/10006800\/TalkPal\/\"],\"description\":\"Talkpal is a language learning web and mobile education app, powered by the latest AI technologies, that provides engaging experiences to its customers in many different languages to help them improve their language skills. Users can chat about unlimited amount of topics with the app and use other modes to practice their language learning.\",\"email\":\"support@talkpal.ai\",\"legalName\":\"Talkpal, Inc.\",\"foundingDate\":\"2023-04-03\",\"duns\":\"118989042\",\"numberOfEmployees\":{\"@type\":\"QuantitativeValue\",\"minValue\":\"11\",\"maxValue\":\"50\"},\"publishingPrinciples\":\"https:\/\/talkpal.ai\/publishing-principles\/\",\"actionableFeedbackPolicy\":\"https:\/\/talkpal.ai\/actionable-feedback-policy\/\",\"correctionsPolicy\":\"https:\/\/talkpal.ai\/corrections-policy\/\",\"ethicsPolicy\":\"https:\/\/talkpal.ai\/ethics-policy\/\",\"diversityPolicy\":\"https:\/\/talkpal.ai\/diversity-policy\/\",\"diversityStaffingReport\":\"https:\/\/talkpal.ai\/diversity-policy\/\"}]}<\/script>\n<!-- \/ Yoast SEO Premium plugin. -->","yoast_head_json":{"title":"Grammatika Rumena - Talkpal","description":"Esplora d-dinja affaxxinanti tal-grammatika Rumena u skopri l-karatteristi\u010bi uni\u010bi ta 'din il-lingwa Romance sabi\u0127a.","robots":{"index":"index","follow":"follow","max-snippet":"max-snippet:-1","max-image-preview":"max-image-preview:large","max-video-preview":"max-video-preview:-1"},"canonical":"https:\/\/talkpal.ai\/mt\/grammatika-rumena\/","og_locale":"mt_MT","og_type":"article","og_title":"Grammatika Rumena","og_description":"Unraveling the Mysteries of Romanian Grammar Ir-Rumen, l-unika lingwa Rumanz mitkellma fl-Ewropa tal-Lvant, toffri vja\u0121\u0121 lingwistiku uniku u interessanti.","og_url":"https:\/\/talkpal.ai\/mt\/grammatika-rumena\/","og_site_name":"Talkpal","article_publisher":"https:\/\/www.facebook.com\/profile.php?id=100090733639311","article_modified_time":"2025-12-17T15:34:41+00:00","og_image":[{"width":512,"height":512,"url":"https:\/\/talkpal.ai\/wp-content\/uploads\/2023\/05\/romania.png","type":"image\/png"}],"twitter_card":"summary_large_image","twitter_site":"@talkpalai","twitter_misc":{"Est. reading time":"2 minutes"},"schema":{"@context":"https:\/\/schema.org","@graph":[{"@type":"WebPage","@id":"https:\/\/talkpal.ai\/mt\/grammatika-rumena\/","url":"https:\/\/talkpal.ai\/mt\/grammatika-rumena\/","name":"Grammatika Rumena - Talkpal","isPartOf":{"@id":"https:\/\/talkpal.ai\/mt\/#website"},"primaryImageOfPage":{"@id":"https:\/\/talkpal.ai\/mt\/grammatika-rumena\/#primaryimage"},"image":{"@id":"https:\/\/talkpal.ai\/mt\/grammatika-rumena\/#primaryimage"},"thumbnailUrl":"https:\/\/talkpal.ai\/wp-content\/uploads\/2023\/05\/romania.png","datePublished":"2023-05-14T14:19:07+00:00","dateModified":"2025-12-17T15:34:41+00:00","description":"Esplora d-dinja affaxxinanti tal-grammatika Rumena u skopri l-karatteristi\u010bi uni\u010bi ta 'din il-lingwa Romance sabi\u0127a.","breadcrumb":{"@id":"https:\/\/talkpal.ai\/mt\/grammatika-rumena\/#breadcrumb"},"inLanguage":"mt-MT","potentialAction":[{"@type":"ReadAction","target":["https:\/\/talkpal.ai\/mt\/grammatika-rumena\/"]}]},{"@type":"ImageObject","inLanguage":"mt-MT","@id":"https:\/\/talkpal.ai\/mt\/grammatika-rumena\/#primaryimage","url":"https:\/\/talkpal.ai\/wp-content\/uploads\/2023\/05\/romania.png","contentUrl":"https:\/\/talkpal.ai\/wp-content\/uploads\/2023\/05\/romania.png","width":512,"height":512,"caption":"TalkPal Romania Flag"},{"@type":"BreadcrumbList","@id":"https:\/\/talkpal.ai\/mt\/grammatika-rumena\/#breadcrumb","itemListElement":[{"@type":"ListItem","position":1,"name":"Homepage","item":"https:\/\/talkpal.ai\/mt\/"},{"@type":"ListItem","position":2,"name":"Grammatika Rumena"}]},{"@type":"WebSite","@id":"https:\/\/talkpal.ai\/mt\/#website","url":"https:\/\/talkpal.ai\/mt\/","name":"Talkpal","description":"AI Language Learning","publisher":{"@id":"https:\/\/talkpal.ai\/mt\/#organization"},"alternateName":"Talkpal AI","potentialAction":[{"@type":"SearchAction","target":{"@type":"EntryPoint","urlTemplate":"https:\/\/talkpal.ai\/mt\/?s={search_term_string}"},"query-input":{"@type":"PropertyValueSpecification","valueRequired":true,"valueName":"search_term_string"}}],"inLanguage":"mt-MT"},{"@type":"Organization","@id":"https:\/\/talkpal.ai\/mt\/#organization","name":"Talkpal, Inc.","alternateName":"Talkpal AI","url":"https:\/\/talkpal.ai\/mt\/","logo":{"@type":"ImageObject","inLanguage":"mt-MT","@id":"https:\/\/talkpal.ai\/mt\/#\/schema\/logo\/image\/","url":"https:\/\/talkpal.ai\/wp-content\/uploads\/2024\/03\/Talkpal-Logo-Icon.png","contentUrl":"https:\/\/talkpal.ai\/wp-content\/uploads\/2024\/03\/Talkpal-Logo-Icon.png","width":2880,"height":2880,"caption":"Talkpal, Inc."},"image":{"@id":"https:\/\/talkpal.ai\/mt\/#\/schema\/logo\/image\/"},"sameAs":["https:\/\/www.facebook.com\/profile.php?id=100090733639311","https:\/\/x.com\/talkpalai","https:\/\/www.linkedin.com\/company\/talkpal\/","https:\/\/www.youtube.com\/@TalkPal\/","https:\/\/www.tiktok.com\/@talkpal","https:\/\/www.instagram.com\/talkpal_ai\/","https:\/\/www.crunchbase.com\/organization\/talkpal-9cde","https:\/\/www.g2.com\/products\/talkpal-for-business\/","https:\/\/www.trustpilot.com\/review\/talkpal.ai","https:\/\/www.capterra.com\/p\/10006800\/TalkPal\/"],"description":"Talkpal is a language learning web and mobile education app, powered by the latest AI technologies, that provides engaging experiences to its customers in many different languages to help them improve their language skills. Users can chat about unlimited amount of topics with the app and use other modes to practice their language learning.","email":"support@talkpal.ai","legalName":"Talkpal, Inc.","foundingDate":"2023-04-03","duns":"118989042","numberOfEmployees":{"@type":"QuantitativeValue","minValue":"11","maxValue":"50"},"publishingPrinciples":"https:\/\/talkpal.ai\/publishing-principles\/","actionableFeedbackPolicy":"https:\/\/talkpal.ai\/actionable-feedback-policy\/","correctionsPolicy":"https:\/\/talkpal.ai\/corrections-policy\/","ethicsPolicy":"https:\/\/talkpal.ai\/ethics-policy\/","diversityPolicy":"https:\/\/talkpal.ai\/diversity-policy\/","diversityStaffingReport":"https:\/\/talkpal.ai\/diversity-policy\/"}]}},"_links":{"self":[{"href":"https:\/\/talkpal.ai\/mt\/wp-json\/wp\/v2\/pages\/1443952","targetHints":{"allow":["GET"]}}],"collection":[{"href":"https:\/\/talkpal.ai\/mt\/wp-json\/wp\/v2\/pages"}],"about":[{"href":"https:\/\/talkpal.ai\/mt\/wp-json\/wp\/v2\/types\/page"}],"author":[{"embeddable":true,"href":"https:\/\/talkpal.ai\/mt\/wp-json\/wp\/v2\/users\/1"}],"replies":[{"embeddable":true,"href":"https:\/\/talkpal.ai\/mt\/wp-json\/wp\/v2\/comments?post=1443952"}],"version-history":[{"count":0,"href":"https:\/\/talkpal.ai\/mt\/wp-json\/wp\/v2\/pages\/1443952\/revisions"}],"wp:featuredmedia":[{"embeddable":true,"href":"https:\/\/talkpal.ai\/mt\/wp-json\/wp\/v2\/media\/1443953"}],"wp:attachment":[{"href":"https:\/\/talkpal.ai\/mt\/wp-json\/wp\/v2\/media?parent=1443952"}],"curies":[{"name":"wp","href":"https:\/\/api.w.org\/{rel}","templated":true}]}}