{"id":1443940,"date":"2023-05-14T14:18:46","date_gmt":"2023-05-14T14:18:46","guid":{"rendered":"https:\/\/talkpal.ai\/grammatika-pollakka\/"},"modified":"2025-12-17T17:15:37","modified_gmt":"2025-12-17T17:15:37","slug":"grammatika-pollakka","status":"publish","type":"page","link":"https:\/\/talkpal.ai\/mt\/grammatika-pollakka\/","title":{"rendered":"Grammatika Pollakka"},"content":{"rendered":"\r\n\r\n\r\n<section class=\"languageChallengeSection\">\r\n    <div class=\"languageInfoWrapper\">\r\n        \r\n        <h1>Grammatika Pollakka<\/h1>\r\n        <p>Approfondixxi d-dinja affaxxinanti tal-grammatika Pollakka u skopri l-pedamenti ta&#039; wa\u0127da mill-aktar lingwi mitkellma fl-Ewropa \u010aentrali. Billi tikkontrolla r-regoli essenzjali, int ser tikkomunika b&#039;mod aktar effettiv u tikseb fehim aktar profond tal-kultura Pollakka. Ibda titg\u0127allem il-grammatika Pollakka llum u \u0127u l-ewwel pass tieg\u0127ek lejn il-fluwenza!<\/p>\r\n\r\n                            <a class=\"getStartedHidden\" href=\"https:\/\/app.talkpal.ai\/signup?lng=\">Ibda<\/a>\r\n        \r\n    <\/div>\r\n\r\n    <figure>\r\n    <img decoding=\"async\" width=\"768\" height=\"768\" src=\"https:\/\/talkpal.ai\/wp-content\/uploads\/2023\/06\/polish-768x768.png\" class=\"languageImage no-lazy\" alt=\"Practical tips on language learning techniques\" fetchpriority=\"high\" sizes=\"(max-width: 768px) 150px, 768px\" srcset=\"https:\/\/talkpal.ai\/wp-content\/uploads\/2023\/06\/polish-768x768.png 768w, https:\/\/talkpal.ai\/wp-content\/uploads\/2023\/06\/polish-300x300.png 300w\" \/>\r\n    \r\n\r\n    <\/figure>\r\n\r\n            <a class=\"getStartedVisible\" href=\"https:\/\/app.talkpal.ai\/signup?lng=\">Ibda<\/a>\r\n    \r\n<\/section>\r\n<section class=\"promotionalBanner\">\r\n    <p class=\"promotionalText\">L-aktar mod effi\u010bjenti biex titg\u0127allem lingwa<\/p>\r\n    <a class=\"promotionalLink\" href=\"https:\/\/app.talkpal.ai\/signup?lng=\">Ipprova Talkpal b&#8217;xejn<\/a>\r\n<\/section>\n<div class=\"wp-block-group pageContainerStyle\"><div class=\"wp-block-group__inner-container is-layout-constrained wp-block-group-is-layout-constrained\">\n<h2 class=\"wp-block-heading\" id=\"h-breaking-down-the-puzzle-of-polish-grammar\">Tkissir tal-puzzle tal-grammatika Pollakka<\/h2>\n\n\n\n<p>Il-Pollakk, lingwa Slava, hija kemm ta&#8217; sfida kif ukoll ta&#8217; sodisfazzjon g\u0127al dawk li qed ifittxu avventura lingwistika unika. Hekk kif tg\u0127addas fil-Pollakk, se tikxef storja u kultura affaxxinanti li tikkumplimenta r-rikkezza tal-lingwa nnifisha. G\u0127alkemm il-grammatika Pollakka tista &#8216;tidher ikkumplikata, id-dekostruzzjoni tag\u0127ha f&#8217;elementi mani\u0121\u0121abbli tag\u0127mel il-pro\u010bess tat-tag\u0127lim aktar a\u010b\u010bessibbli. Dan l-artikolu g\u0127andu l-g\u0127an li jintrodu\u010bik fid-dinja captivating tal-grammatika Pollakka u jipprovdi gwida dwar kif tindirizza l-kumplessitajiet tag\u0127ha.<\/p>\n\n\n\n<h3 class=\"wp-block-heading\" id=\"h-1-noun-gender-and-cases\">1. Nom Sess u Ka\u017cijiet<\/h3>\n\n\n\n<p>In-nomi Pollakki g\u0127andhom \u0121eneri grammatikali \u2013 maskili, femminili, u newtrali \u2013 li jaffettwaw il-forom ta&#8217; a\u0121\u0121ettivi, pronomi, u verbi li jakkumpanjawhom. <a href=\"https:\/\/talkpal.ai\/locations\/language-courses-in-barra\/\">Barra<\/a> minn hekk, il-Pollakk g\u0127andu seba&#8217; ka\u017cijiet grammatikali: nominativ, \u0121enittiv, dattiv, akku\u017cattiv, strumentali, lokattiv, u vokattiv. Il-familjarizzazzjoni mal-\u0121eneru u s-sistema tal-ka\u017c hija kru\u010bjali biex tifhem u tibni sentenzi Pollakki pre\u010bi\u017ci.<\/p>\n\n\n\n<h3 class=\"wp-block-heading\" id=\"h-2-verb-conjugation-person-tense-and-aspect\">2. Konjugazzjoni tal-Verbi: Persuna, Temp, u Aspett<\/h3>\n\n\n\n<p>Il-verbi Pollakki g\u0127andhom ikunu konjugati skont it-temp, l-aspett, u l-persuna (l-ewwel, it-tieni, jew it-tielet). Hemm tliet tempi ewlenin: pre\u017cent, passat u futur. Barra minn hekk, il-verbi Pollakki g\u0127andhom \u017cew\u0121 aspetti: perfettiv (g\u0127al azzjonijiet kompluti) u imperfettiv (g\u0127al azzjonijiet kontinwi jew imwettqa abitwalment). Il-\u0127akma ta &#8216;dawn ir-regoli ta&#8217; konjugazzjoni se ttejjeb b&#8217;mod sinifikanti l-\u0127iliet ta &#8216;komunikazzjoni verbali tieg\u0127ek fil-Pollakk.<\/p>\n\n\n\n<h3 class=\"wp-block-heading\" id=\"h-3-adjectives-agreement-and-placement\">3. A\u0121\u0121ettivi: Ftehim u Tqeg\u0127id<\/h3>\n\n\n\n<p>L-a\u0121\u0121ettivi Pollakki g\u0127andhom jaqblu man-nom li jimmodifikaw dwar is-sess, in-numru, u l-ka\u017c. L-a\u0121\u0121ettivi tipikament jippre\u010bedu n-nom, u jipprovdu kuntest deskrittiv essenzjali g\u0127as-sentenza.<\/p>\n\n\n\n<p>E\u017cempji:<\/p>\n\n\n\n<p>&#8211; Czerwona sukienka (libsa \u0127amra)<\/p>\n\n\n\n<p>\u2013 Pi\u0119kny Ogr\u00f3d (\u0121nien sabi\u0127)<\/p>\n\n\n\n<h3 class=\"wp-block-heading\" id=\"h-4-pronouns-types-and-uses\">4. Pronomi: Tipi u U\u017ci<\/h3>\n\n\n\n<p>Il-pronomi Pollakki ji\u0121u f&#8217;diversi forom, inklu\u017ci <a href=\"https:\/\/talkpal.ai\/ar\/grammar_exercises\/pronomi-personali-%d8%aa%d9%85%d8%a7%d8%b1%d9%8a%d9%86-%d9%84%d9%84%d9%82%d9%88%d8%a7%d8%b9%d8%af-%d8%a7%d9%84%d8%a5%d9%8a%d8%b7%d8%a7%d9%84%d9%8a%d8%a9\/\">pronomi personali<\/a>, possessivi, riflessivi, dimostrattivi u interrogattivi. Li tifhem kif u meta tu\u017ca dawn il-pronomi tag\u0127mel il-grammatika Pollakka tieg\u0127ek aktar pre\u010bi\u017ca u ttejjeb il-\u0127iliet lingwisti\u010bi \u0121enerali tieg\u0127ek.<\/p>\n\n\n\n<h3 class=\"wp-block-heading\" id=\"h-5-negation-conveying-the-opposite\">5. Negazzjoni: Twassal l-oppost<\/h3>\n\n\n\n<p>Fil-grammatika Pollakka, in-negazzjoni tinkiseb billi \u017c\u017cid il-kelma &#8220;nie&#8221; qabel il-verbi, l-a\u0121\u0121ettivi, l-avverbji, jew il-pronomi. Madankollu, japplikaw regoli spe\u010bifi\u010bi biex ji\u0121u mi\u010b\u0127uda sentenzi b&#8217;nomi, li jistg\u0127u je\u0127tie\u0121u prepo\u017cizzjoni addizzjonali jew forma ta&#8217; nom differenti. Ir-rikonoxximent ta &#8216;dawn il-mudelli ta&#8217; negazzjoni jg\u0127inek twassal it-tifsira intenzjonata tieg\u0127ek b&#8217;mod \u010bar bil-Pollakk.<\/p>\n\n\n\n<h3 class=\"wp-block-heading\" id=\"h-6-engage-with-the-language\">6. Involvi ru\u0127ek mal-lingwa<\/h3>\n\n\n\n<p>L-aktar mod effettiv biex tifhem u tinternalizza l-grammatika Pollakka huwa li timpenja ru\u0127ha mal-lingwa regolarment. Mill-qari tal-letteratura Pollakka, il-\u0127arsa ta&#8217; films Pollakki, jew il-konversazzjoni attiva ma&#8217; kelliema nattivi, l-immersjoni f&#8217;diversi kuntesti se ssa\u0127\u0127a\u0127 il-fehim tieg\u0127ek tal-grammatika filwaqt li tespandi l-vokabularju tieg\u0127ek.<\/p>\n\n\n\n<h3 class=\"wp-block-heading\" id=\"h-conclusion\">Konklu\u017cjoni<\/h3>\n\n\n\n<p>G\u0127alkemm il-grammatika Pollakka tista &#8216;tidher konvoluta, il-prattika u l-indirizzar b&#8217;mod konsistenti pass se jg\u0127inek issir profi\u010bjenti f&#8217;din il-lingwa unika. T\u0127addan l-isfida hekk kif tibda l-vja\u0121\u0121 tal-lingwa Pollakka tieg\u0127ek, u dalwaqt, issib ru\u0127ek b&#8217;kunfidenza tiddekowdja l-intricacies tal-grammatika tag\u0127ha. Xorti tajba bl-istudji tieg\u0127ek, u gawdu l-esplorazzjoni tas-saffi tal-grammatika Pollakka!<\/p>\n<\/div><\/div>\n\r\n<section class=\"learnNavigationSection\">\r\n            \r\n        <a href=\"https:\/\/talkpal.ai\/mt\/tghallem-il-pollakk\/\">\r\n            <div class=\"learnNavigationWrapper\">\r\n                <div class=\"learnNavigationContent\">\r\n                    <img decoding=\"async\" src=\"https:\/\/talkpal.ai\/wp-content\/uploads\/2024\/08\/Polish.jpg\" alt=\"Polish Flag\">\r\n                    <div>\r\n                        <h4>Dwar it-Tag\u0127lim Pollakk<\/h4>\r\n                        <p>Sir af kollox dwar il-grammatika Pollakka.<\/p>\r\n                    <\/div>\r\n                <\/div>\r\n            <\/div>\r\n        <\/a>\r\n\r\n        \r\n        <a href=\"https:\/\/talkpal.ai\/mt\/ezercizzji-tal-grammatika-pollakka\/\">\r\n            <div class=\"learnNavigationWrapper\">\r\n                <div class=\"learnNavigationContent\">\r\n                    <img decoding=\"async\" src=\"https:\/\/talkpal.ai\/wp-content\/uploads\/2024\/08\/Polish.jpg\" alt=\"Polish Flag\">\r\n                    <div>\r\n                        <h4>E\u017cer\u010bizzju tal-Grammatika Pollakka<\/h4>\r\n                        <p>Prattika l-grammatika Pollakka.<\/p>\r\n                    <\/div>\r\n                <\/div>\r\n            <\/div>\r\n        <\/a>\r\n\r\n        \r\n        <a href=\"https:\/\/talkpal.ai\/vocabulary_language\/polish\/\">\r\n            <div class=\"learnNavigationWrapper\">\r\n                <div class=\"learnNavigationContent\">\r\n                    <img decoding=\"async\" src=\"https:\/\/talkpal.ai\/wp-content\/uploads\/2024\/08\/Polish.jpg\" alt=\"Polish Flag\">\r\n                    <div>\r\n                        <h4>Vokabularju Pollakk<\/h4>\r\n                        <p>Espandi l-vokabularju Pollakk tieg\u0127ek.<\/p>\r\n                    <\/div>\r\n                <\/div>\r\n            <\/div>\r\n        <\/a>\r\n\r\n            <\/section>","protected":false},"excerpt":{"rendered":"<p>Tkissir tal-puzzle tal-grammatika Pollakka Il-Pollakk, lingwa Slava, hija kemm ta&#8217; sfida kif ukoll ta&#8217; sodisfazzjon g\u0127al dawk li qed ifittxu avventura lingwistika unika. Hekk kif tg\u0127addas fil-Pollakk, se tikxef storja u kultura affaxxinanti li tikkumplimenta r-rikkezza tal-lingwa nnifisha. G\u0127alkemm il-grammatika Pollakka tista &#8216;tidher ikkumplikata, id-dekostruzzjoni tag\u0127ha f&#8217;elementi mani\u0121\u0121abbli tag\u0127mel il-pro\u010bess tat-tag\u0127lim aktar a\u010b\u010bessibbli. Dan l-artikolu [&hellip;]<\/p>\n","protected":false},"author":1,"featured_media":1443941,"parent":0,"menu_order":0,"comment_status":"closed","ping_status":"closed","template":"LearningContentPage.php","meta":{"_acf_changed":false,"footnotes":""},"class_list":["post-1443940","page","type-page","status-publish","has-post-thumbnail","hentry"],"acf":[],"yoast_head":"<!-- This site is optimized with the Yoast SEO Premium plugin v27.2 (Yoast SEO v27.2) - https:\/\/yoast.com\/product\/yoast-seo-premium-wordpress\/ -->\n<title>Grammatika Pollakka - Talkpal<\/title>\n<meta name=\"description\" content=\"Kaptan il-grammatika Pollakka b&#039;e\u017cer\u010bizzji interattivi ddisinjati g\u0127al-livelli kollha tat-tag\u0127lim. Boost your Polish skills!\" \/>\n<meta name=\"robots\" content=\"index, follow, max-snippet:-1, max-image-preview:large, max-video-preview:-1\" \/>\n<link rel=\"canonical\" href=\"https:\/\/talkpal.ai\/mt\/grammatika-pollakka\/\" \/>\n<meta property=\"og:locale\" content=\"mt_MT\" \/>\n<meta property=\"og:type\" content=\"article\" \/>\n<meta property=\"og:title\" content=\"Grammatika Pollakka\" \/>\n<meta property=\"og:description\" content=\"Tkissir tal-puzzle tal-grammatika Pollakka Il-Pollakk, lingwa Slava, hija kemm ta&#039; sfida kif ukoll ta&#039; sodisfazzjon g\u0127al dawk li qed ifittxu avventura\" \/>\n<meta property=\"og:url\" content=\"https:\/\/talkpal.ai\/mt\/grammatika-pollakka\/\" \/>\n<meta property=\"og:site_name\" content=\"Talkpal\" \/>\n<meta property=\"article:publisher\" content=\"https:\/\/www.facebook.com\/profile.php?id=100090733639311\" \/>\n<meta property=\"article:modified_time\" content=\"2025-12-17T17:15:37+00:00\" \/>\n<meta property=\"og:image\" content=\"https:\/\/talkpal.ai\/wp-content\/uploads\/2023\/05\/poland.png\" \/>\n\t<meta property=\"og:image:width\" content=\"512\" \/>\n\t<meta property=\"og:image:height\" content=\"512\" \/>\n\t<meta property=\"og:image:type\" content=\"image\/png\" \/>\n<meta name=\"twitter:card\" content=\"summary_large_image\" \/>\n<meta name=\"twitter:site\" content=\"@talkpalai\" \/>\n<meta name=\"twitter:label1\" content=\"Est. reading time\" \/>\n\t<meta name=\"twitter:data1\" content=\"2 minutes\" \/>\n<script type=\"application\/ld+json\" class=\"yoast-schema-graph\">{\"@context\":\"https:\/\/schema.org\",\"@graph\":[{\"@type\":\"WebPage\",\"@id\":\"https:\/\/talkpal.ai\/mt\/grammatika-pollakka\/\",\"url\":\"https:\/\/talkpal.ai\/mt\/grammatika-pollakka\/\",\"name\":\"Grammatika Pollakka - Talkpal\",\"isPartOf\":{\"@id\":\"https:\/\/talkpal.ai\/mt\/#website\"},\"primaryImageOfPage\":{\"@id\":\"https:\/\/talkpal.ai\/mt\/grammatika-pollakka\/#primaryimage\"},\"image\":{\"@id\":\"https:\/\/talkpal.ai\/mt\/grammatika-pollakka\/#primaryimage\"},\"thumbnailUrl\":\"https:\/\/talkpal.ai\/wp-content\/uploads\/2023\/05\/poland.png\",\"datePublished\":\"2023-05-14T14:18:46+00:00\",\"dateModified\":\"2025-12-17T17:15:37+00:00\",\"description\":\"Kaptan il-grammatika Pollakka b'e\u017cer\u010bizzji interattivi ddisinjati g\u0127al-livelli kollha tat-tag\u0127lim. Boost your Polish skills!\",\"breadcrumb\":{\"@id\":\"https:\/\/talkpal.ai\/mt\/grammatika-pollakka\/#breadcrumb\"},\"inLanguage\":\"mt-MT\",\"potentialAction\":[{\"@type\":\"ReadAction\",\"target\":[\"https:\/\/talkpal.ai\/mt\/grammatika-pollakka\/\"]}]},{\"@type\":\"ImageObject\",\"inLanguage\":\"mt-MT\",\"@id\":\"https:\/\/talkpal.ai\/mt\/grammatika-pollakka\/#primaryimage\",\"url\":\"https:\/\/talkpal.ai\/wp-content\/uploads\/2023\/05\/poland.png\",\"contentUrl\":\"https:\/\/talkpal.ai\/wp-content\/uploads\/2023\/05\/poland.png\",\"width\":512,\"height\":512,\"caption\":\"TalkPal Poland Flag\"},{\"@type\":\"BreadcrumbList\",\"@id\":\"https:\/\/talkpal.ai\/mt\/grammatika-pollakka\/#breadcrumb\",\"itemListElement\":[{\"@type\":\"ListItem\",\"position\":1,\"name\":\"Homepage\",\"item\":\"https:\/\/talkpal.ai\/mt\/\"},{\"@type\":\"ListItem\",\"position\":2,\"name\":\"Grammatika Pollakka\"}]},{\"@type\":\"WebSite\",\"@id\":\"https:\/\/talkpal.ai\/mt\/#website\",\"url\":\"https:\/\/talkpal.ai\/mt\/\",\"name\":\"Talkpal\",\"description\":\"AI Language Learning\",\"publisher\":{\"@id\":\"https:\/\/talkpal.ai\/mt\/#organization\"},\"alternateName\":\"Talkpal AI\",\"potentialAction\":[{\"@type\":\"SearchAction\",\"target\":{\"@type\":\"EntryPoint\",\"urlTemplate\":\"https:\/\/talkpal.ai\/mt\/?s={search_term_string}\"},\"query-input\":{\"@type\":\"PropertyValueSpecification\",\"valueRequired\":true,\"valueName\":\"search_term_string\"}}],\"inLanguage\":\"mt-MT\"},{\"@type\":\"Organization\",\"@id\":\"https:\/\/talkpal.ai\/mt\/#organization\",\"name\":\"Talkpal, Inc.\",\"alternateName\":\"Talkpal AI\",\"url\":\"https:\/\/talkpal.ai\/mt\/\",\"logo\":{\"@type\":\"ImageObject\",\"inLanguage\":\"mt-MT\",\"@id\":\"https:\/\/talkpal.ai\/mt\/#\/schema\/logo\/image\/\",\"url\":\"https:\/\/talkpal.ai\/wp-content\/uploads\/2024\/03\/Talkpal-Logo-Icon.png\",\"contentUrl\":\"https:\/\/talkpal.ai\/wp-content\/uploads\/2024\/03\/Talkpal-Logo-Icon.png\",\"width\":2880,\"height\":2880,\"caption\":\"Talkpal, Inc.\"},\"image\":{\"@id\":\"https:\/\/talkpal.ai\/mt\/#\/schema\/logo\/image\/\"},\"sameAs\":[\"https:\/\/www.facebook.com\/profile.php?id=100090733639311\",\"https:\/\/x.com\/talkpalai\",\"https:\/\/www.linkedin.com\/company\/talkpal\/\",\"https:\/\/www.youtube.com\/@TalkPal\/\",\"https:\/\/www.tiktok.com\/@talkpal\",\"https:\/\/www.instagram.com\/talkpal_ai\/\",\"https:\/\/www.crunchbase.com\/organization\/talkpal-9cde\",\"https:\/\/www.g2.com\/products\/talkpal-for-business\/\",\"https:\/\/www.trustpilot.com\/review\/talkpal.ai\",\"https:\/\/www.capterra.com\/p\/10006800\/TalkPal\/\"],\"description\":\"Talkpal is a language learning web and mobile education app, powered by the latest AI technologies, that provides engaging experiences to its customers in many different languages to help them improve their language skills. Users can chat about unlimited amount of topics with the app and use other modes to practice their language learning.\",\"email\":\"support@talkpal.ai\",\"legalName\":\"Talkpal, Inc.\",\"foundingDate\":\"2023-04-03\",\"duns\":\"118989042\",\"numberOfEmployees\":{\"@type\":\"QuantitativeValue\",\"minValue\":\"11\",\"maxValue\":\"50\"},\"publishingPrinciples\":\"https:\/\/talkpal.ai\/publishing-principles\/\",\"actionableFeedbackPolicy\":\"https:\/\/talkpal.ai\/actionable-feedback-policy\/\",\"correctionsPolicy\":\"https:\/\/talkpal.ai\/corrections-policy\/\",\"ethicsPolicy\":\"https:\/\/talkpal.ai\/ethics-policy\/\",\"diversityPolicy\":\"https:\/\/talkpal.ai\/diversity-policy\/\",\"diversityStaffingReport\":\"https:\/\/talkpal.ai\/diversity-policy\/\"}]}<\/script>\n<!-- \/ Yoast SEO Premium plugin. -->","yoast_head_json":{"title":"Grammatika Pollakka - Talkpal","description":"Kaptan il-grammatika Pollakka b'e\u017cer\u010bizzji interattivi ddisinjati g\u0127al-livelli kollha tat-tag\u0127lim. Boost your Polish skills!","robots":{"index":"index","follow":"follow","max-snippet":"max-snippet:-1","max-image-preview":"max-image-preview:large","max-video-preview":"max-video-preview:-1"},"canonical":"https:\/\/talkpal.ai\/mt\/grammatika-pollakka\/","og_locale":"mt_MT","og_type":"article","og_title":"Grammatika Pollakka","og_description":"Tkissir tal-puzzle tal-grammatika Pollakka Il-Pollakk, lingwa Slava, hija kemm ta' sfida kif ukoll ta' sodisfazzjon g\u0127al dawk li qed ifittxu avventura","og_url":"https:\/\/talkpal.ai\/mt\/grammatika-pollakka\/","og_site_name":"Talkpal","article_publisher":"https:\/\/www.facebook.com\/profile.php?id=100090733639311","article_modified_time":"2025-12-17T17:15:37+00:00","og_image":[{"width":512,"height":512,"url":"https:\/\/talkpal.ai\/wp-content\/uploads\/2023\/05\/poland.png","type":"image\/png"}],"twitter_card":"summary_large_image","twitter_site":"@talkpalai","twitter_misc":{"Est. reading time":"2 minutes"},"schema":{"@context":"https:\/\/schema.org","@graph":[{"@type":"WebPage","@id":"https:\/\/talkpal.ai\/mt\/grammatika-pollakka\/","url":"https:\/\/talkpal.ai\/mt\/grammatika-pollakka\/","name":"Grammatika Pollakka - Talkpal","isPartOf":{"@id":"https:\/\/talkpal.ai\/mt\/#website"},"primaryImageOfPage":{"@id":"https:\/\/talkpal.ai\/mt\/grammatika-pollakka\/#primaryimage"},"image":{"@id":"https:\/\/talkpal.ai\/mt\/grammatika-pollakka\/#primaryimage"},"thumbnailUrl":"https:\/\/talkpal.ai\/wp-content\/uploads\/2023\/05\/poland.png","datePublished":"2023-05-14T14:18:46+00:00","dateModified":"2025-12-17T17:15:37+00:00","description":"Kaptan il-grammatika Pollakka b'e\u017cer\u010bizzji interattivi ddisinjati g\u0127al-livelli kollha tat-tag\u0127lim. Boost your Polish skills!","breadcrumb":{"@id":"https:\/\/talkpal.ai\/mt\/grammatika-pollakka\/#breadcrumb"},"inLanguage":"mt-MT","potentialAction":[{"@type":"ReadAction","target":["https:\/\/talkpal.ai\/mt\/grammatika-pollakka\/"]}]},{"@type":"ImageObject","inLanguage":"mt-MT","@id":"https:\/\/talkpal.ai\/mt\/grammatika-pollakka\/#primaryimage","url":"https:\/\/talkpal.ai\/wp-content\/uploads\/2023\/05\/poland.png","contentUrl":"https:\/\/talkpal.ai\/wp-content\/uploads\/2023\/05\/poland.png","width":512,"height":512,"caption":"TalkPal Poland Flag"},{"@type":"BreadcrumbList","@id":"https:\/\/talkpal.ai\/mt\/grammatika-pollakka\/#breadcrumb","itemListElement":[{"@type":"ListItem","position":1,"name":"Homepage","item":"https:\/\/talkpal.ai\/mt\/"},{"@type":"ListItem","position":2,"name":"Grammatika Pollakka"}]},{"@type":"WebSite","@id":"https:\/\/talkpal.ai\/mt\/#website","url":"https:\/\/talkpal.ai\/mt\/","name":"Talkpal","description":"AI Language Learning","publisher":{"@id":"https:\/\/talkpal.ai\/mt\/#organization"},"alternateName":"Talkpal AI","potentialAction":[{"@type":"SearchAction","target":{"@type":"EntryPoint","urlTemplate":"https:\/\/talkpal.ai\/mt\/?s={search_term_string}"},"query-input":{"@type":"PropertyValueSpecification","valueRequired":true,"valueName":"search_term_string"}}],"inLanguage":"mt-MT"},{"@type":"Organization","@id":"https:\/\/talkpal.ai\/mt\/#organization","name":"Talkpal, Inc.","alternateName":"Talkpal AI","url":"https:\/\/talkpal.ai\/mt\/","logo":{"@type":"ImageObject","inLanguage":"mt-MT","@id":"https:\/\/talkpal.ai\/mt\/#\/schema\/logo\/image\/","url":"https:\/\/talkpal.ai\/wp-content\/uploads\/2024\/03\/Talkpal-Logo-Icon.png","contentUrl":"https:\/\/talkpal.ai\/wp-content\/uploads\/2024\/03\/Talkpal-Logo-Icon.png","width":2880,"height":2880,"caption":"Talkpal, Inc."},"image":{"@id":"https:\/\/talkpal.ai\/mt\/#\/schema\/logo\/image\/"},"sameAs":["https:\/\/www.facebook.com\/profile.php?id=100090733639311","https:\/\/x.com\/talkpalai","https:\/\/www.linkedin.com\/company\/talkpal\/","https:\/\/www.youtube.com\/@TalkPal\/","https:\/\/www.tiktok.com\/@talkpal","https:\/\/www.instagram.com\/talkpal_ai\/","https:\/\/www.crunchbase.com\/organization\/talkpal-9cde","https:\/\/www.g2.com\/products\/talkpal-for-business\/","https:\/\/www.trustpilot.com\/review\/talkpal.ai","https:\/\/www.capterra.com\/p\/10006800\/TalkPal\/"],"description":"Talkpal is a language learning web and mobile education app, powered by the latest AI technologies, that provides engaging experiences to its customers in many different languages to help them improve their language skills. Users can chat about unlimited amount of topics with the app and use other modes to practice their language learning.","email":"support@talkpal.ai","legalName":"Talkpal, Inc.","foundingDate":"2023-04-03","duns":"118989042","numberOfEmployees":{"@type":"QuantitativeValue","minValue":"11","maxValue":"50"},"publishingPrinciples":"https:\/\/talkpal.ai\/publishing-principles\/","actionableFeedbackPolicy":"https:\/\/talkpal.ai\/actionable-feedback-policy\/","correctionsPolicy":"https:\/\/talkpal.ai\/corrections-policy\/","ethicsPolicy":"https:\/\/talkpal.ai\/ethics-policy\/","diversityPolicy":"https:\/\/talkpal.ai\/diversity-policy\/","diversityStaffingReport":"https:\/\/talkpal.ai\/diversity-policy\/"}]}},"_links":{"self":[{"href":"https:\/\/talkpal.ai\/mt\/wp-json\/wp\/v2\/pages\/1443940","targetHints":{"allow":["GET"]}}],"collection":[{"href":"https:\/\/talkpal.ai\/mt\/wp-json\/wp\/v2\/pages"}],"about":[{"href":"https:\/\/talkpal.ai\/mt\/wp-json\/wp\/v2\/types\/page"}],"author":[{"embeddable":true,"href":"https:\/\/talkpal.ai\/mt\/wp-json\/wp\/v2\/users\/1"}],"replies":[{"embeddable":true,"href":"https:\/\/talkpal.ai\/mt\/wp-json\/wp\/v2\/comments?post=1443940"}],"version-history":[{"count":0,"href":"https:\/\/talkpal.ai\/mt\/wp-json\/wp\/v2\/pages\/1443940\/revisions"}],"wp:featuredmedia":[{"embeddable":true,"href":"https:\/\/talkpal.ai\/mt\/wp-json\/wp\/v2\/media\/1443941"}],"wp:attachment":[{"href":"https:\/\/talkpal.ai\/mt\/wp-json\/wp\/v2\/media?parent=1443940"}],"curies":[{"name":"wp","href":"https:\/\/api.w.org\/{rel}","templated":true}]}}