{"id":1443645,"date":"2023-05-14T14:19:26","date_gmt":"2023-05-14T14:19:26","guid":{"rendered":"https:\/\/talkpal.ai\/grammatika-serba\/"},"modified":"2025-12-17T15:36:51","modified_gmt":"2025-12-17T15:36:51","slug":"grammatika-serba","status":"publish","type":"page","link":"https:\/\/talkpal.ai\/mt\/grammatika-serba\/","title":{"rendered":"Grammatika Serba"},"content":{"rendered":"\r\n\r\n\r\n<section class=\"languageChallengeSection\">\r\n    <div class=\"languageInfoWrapper\">\r\n        \r\n        <h1>Grammatika Serba<\/h1>\r\n        <p>Ibda l-avventura tieg\u0127ek fil-lingwa Russa u tifta\u0127 il-bibien g\u0127al kultura u storja rikka. Il-\u0127akma tal-grammatika u l-vokabularju Russu se ttejjeb l-ivvja\u0121\u0121ar, il-karriera u l-opportunitajiet ta &#039;komunikazzjoni tieg\u0127ek. Ibda titg\u0127allem ir-Russu llum u \u0127u l-ewwel pass lejn il-fluwenza!\n\n<\/p>\r\n\r\n                            <a class=\"getStartedHidden\" href=\"https:\/\/app.talkpal.ai\/signup?lng=\">Ibda<\/a>\r\n        \r\n    <\/div>\r\n\r\n    <figure>\r\n    <img decoding=\"async\" width=\"768\" height=\"768\" src=\"https:\/\/talkpal.ai\/wp-content\/uploads\/2023\/06\/serbian-768x768.png\" class=\"languageImage no-lazy\" alt=\"Fast-track to fluency with language learning\" fetchpriority=\"high\" sizes=\"(max-width: 768px) 150px, 768px\" srcset=\"https:\/\/talkpal.ai\/wp-content\/uploads\/2023\/06\/serbian-768x768.png 768w, https:\/\/talkpal.ai\/wp-content\/uploads\/2023\/06\/serbian-300x300.png 300w\" \/>\r\n    \r\n\r\n    <\/figure>\r\n\r\n            <a class=\"getStartedVisible\" href=\"https:\/\/app.talkpal.ai\/signup?lng=\">Ibda<\/a>\r\n    \r\n<\/section>\r\n<section class=\"promotionalBanner\">\r\n    <p class=\"promotionalText\">L-aktar mod effi\u010bjenti biex titg\u0127allem lingwa<\/p>\r\n    <a class=\"promotionalLink\" href=\"https:\/\/app.talkpal.ai\/signup?lng=\">Ipprova Talkpal b&#8217;xejn<\/a>\r\n<\/section>\n<div class=\"wp-block-group pageContainerStyle\"><div class=\"wp-block-group__inner-container is-layout-constrained wp-block-group-is-layout-constrained\">\n<h1 class=\"wp-block-heading\" id=\"h-serbian-grammar-unraveling-the-intricacies-of-the-south-slavic-language\">Grammatika Serba: Unraveling the Intricacies of the South Slavic Language<\/h1>\n\n\n\n<p>Sej\u0127a kollha dilettanti tal-lingwa u dilettanti tal-Balkani! Qatt ikkunsidrajt li g\u0127addas fid-dinja tal-grammatika Serba? Is-Serb, lingwa Slava tan-Nofsinhar, hija l-lingwa uffi\u010bjali tas-Serbja u wa\u0127da mil-lingwi uffi\u010bjali tal-Bosnja-\u0126erzegovina. B&#8217;madwar 9 miljun kelliem nattiv, din il-lingwa intriganti taqsam xebh mal-Kroat, il-Bosnja, u l-Montenegro i\u017cda tifta\u0127ar b&#8217;karatteristi\u010bi distintivi li jiddistingwuha. F&#8217;dan l-artikolu, se nesploraw l-aspetti affaxxinanti tal-grammatika Serba.<\/p>\n\n\n\n<h3 class=\"wp-block-heading\" id=\"h-the-dual-alphabet-cyrillic-and-latin\">L-alfabett doppju: \u010airilliku u Latin<\/h3>\n\n\n\n<p>Wa\u0127da mill-ewwel affarijiet li tinnota dwar is-Serb hija l-u\u017cu ta&#8217; \u017cew\u0121 alfabetti: i\u010b-\u010airilliku u l-Latin. L-alfabett \u010airilliku <a href=\"https:\/\/talkpal.ai\/learn-serbian\/\">Serb<\/a>, bi 30 ittra, \u0121ie standardizzat mil-lingwista Vuk Karad\u017ei\u0107 fl-1818 u huwa l-alfabett uffi\u010bjali tal-pajji\u017c. Madankollu, l-alfabett Latin, li jikkonsisti wkoll fi 30 ittra, jintu\u017ca \u0127afna, spe\u010bjalment g\u0127all-komunikazzjoni di\u0121itali u kuntesti informali. L-u\u017cu ta&#8217; \u017cew\u0121 alfabeti jag\u0127ti lis-Serb karattru uniku, versatili.<\/p>\n\n\n\n<h3 class=\"wp-block-heading\" id=\"h-the-building-blocks-nouns-pronouns-and-cases\">Il-Blokki tal-Bini: Nomi, Pronomi, u Ka\u017cijiet<\/h3>\n\n\n\n<p>B\u0127al lingwi Slavi o\u0127ra, il-grammatika Serba ddur madwar inflessjoni, fejn il-kliem ibiddel it-truf tag\u0127hom skont il-funzjoni grammatikali tag\u0127hom. Dan huwa l-aktar evidenti fin-nomi, il-pronomi, u l-a\u0121\u0121ettivi. Is-Serb g\u0127andu seba&#8217; ka\u017cijiet:<\/p>\n\n\n\n<p><strong>1. Nominativ \u2013 jindika s-su\u0121\u0121ett ta&#8217; sentenza<\/strong><\/p>\n\n\n\n<p><strong>2. \u0120enittiv \u2013 juri pussess, o\u0121\u0121ett ta &#8216;negazzjoni, jew tifsira partitiva<\/strong><\/p>\n\n\n\n<p><strong>3. Dative \u2013 jimmarka l-o\u0121\u0121ett indirett<\/strong><\/p>\n\n\n\n<p><strong>4. Akku\u017cativ \u2013 ifisser l-o\u0121\u0121ett dirett<\/strong><\/p>\n\n\n\n<p><strong>5. Vokattiv &#8211; u\u017cat biex jindirizza jew i\u010bempel lil xi \u0127add<\/strong><\/p>\n\n\n\n<p><strong>6. Strumentali \u2013 jesprimi l-mezzi jew il-metodu ta&#8217; azzjoni<\/strong><\/p>\n\n\n\n<p><strong>7. Lokattiv &#8211; jispe\u010bifika l-post jew l-o\u0121\u0121ett ta &#8216;\u010berti prepo\u017cizzjonijiet<\/strong><\/p>\n\n\n\n<p>In-nomi Serbi g\u0127andhom tliet \u0121eneri (maskili, femminili, u neutri) u \u017cew\u0121 numri (singular u plural). It-truf spe\u010bifi\u010bi g\u0127al kull sess u numru jvarjaw skont il-ka\u017c, g\u0127alhekk huwa essenzjali li timmemorizza dawn it-truf biex tibni sentenzi grammatikalment pre\u010bi\u017ci.<\/p>\n\n\n\n<h3 class=\"wp-block-heading\" id=\"h-get-moving-with-verbs-tenses-aspects-and-moods\">Get Moving with Verbs: Tenses, Aspects, and Moods<\/h3>\n\n\n\n<p>Il-verbi Serbi juru kumplessitajiet affaxxinanti bit-tempi tag\u0127hom (passat, pre\u017cent, u futur), aspetti (perfettivi u imperfettivi), u burdati (indikattivi, imperattivi u kondizzjonali). L-aspett g\u0127andu rwol sinifikanti fil-verbi Serbi, peress li jwassal jekk azzjoni hijiex meqjusa b\u0127ala kompluta (perfettiva) jew kontinwa (imperfettiva). \u0126afna verbi ji\u0121u f&#8217;pari li jindikaw l-aspetti differenti, \u0127afna drabi permezz tal-u\u017cu ta &#8216;prefissi jew suffissi spe\u010bifi\u010bi.<\/p>\n\n\n\n<h3 class=\"wp-block-heading\" id=\"h-adjectives-adverbs-and-all-that-jazz\">A\u0121\u0121ettivi, Adverbji, u dak il-jazz kollu<\/h3>\n\n\n\n<p>L-a\u0121\u0121ettivi Serbi jaqblu man-nomi li jimmodifikaw f&#8217;termini ta&#8217; sess, numru, u ka\u017c. G\u0127andhom ukoll forom komparattivi u superlattivi biex jesprimu gradi differenti ta &#8216;kwalit\u00e0. <a href=\"https:\/\/talkpal.ai\/locations\/language-courses-in-barra\/\">Barra<\/a> minn hekk, l-avverbji spiss huma derivati minn a\u0121\u0121ettivi u jwasslu diversi tifsiriet b\u0127all-\u0127in, il-mod, il-post, u l-grad.<\/p>\n\n\n\n<p>Il-lingwa Serba tifta\u0127ar ukoll firxa ta&#8217; kon\u0121unzzjonijiet, prepo\u017cizzjonijiet, numri, u parti\u010belli li jikkontribwixxu g\u0127as-sbu\u0127ija tal-lingwa u jg\u0127inu biex jin\u0127olqu sentenzi kumplessi u sinifikanti.<\/p>\n\n\n\n<h3 class=\"wp-block-heading\" id=\"h-embracing-the-world-of-serbian-grammar\">T\u0127addan id-dinja tal-grammatika Serba<\/h3>\n\n\n\n<p>Il-grammatika Serba tista&#8217; tidher kbira mal-ewwel daqqa t&#8217;g\u0127ajn. Madankollu, hekk kif t\u0127affef aktar fil-fond fil-pajsa\u0121\u0121 rikk tag\u0127ha ta &#8216;ka\u017cijiet, aspetti, u quirks lingwisti\u010bi, int ser tikxef lingwa\u0121\u0121 vibranti u espressiv. It-tag\u0127lim tas-Serb mhux biss se jsa\u0127\u0127a\u0127 il-fehim tieg\u0127ek tal-familja tal-lingwa Slava i\u017cda jg\u0127inek ukoll tikkonnettja ma &#8216;storja u kultura captivating.<\/p>\n\n\n\n<p>Allura g\u0127aliex ma nie\u0127dux l-isfida li tesplora aktar il-grammatika Serba? Bil-persistenza u l-passjoni, xi darba tista&#8217; ssib ru\u0127ek timxi fit-toroq ta&#8217; Belgrad, u tid\u0127ol f&#8217;konversazzjonijiet viva\u010bi man-nies tal-lokal fil-lingwa nattiva tag\u0127hom. Tag\u0127lim kuntent!<\/p>\n<\/div><\/div>\n\r\n<section class=\"learnNavigationSection\">\r\n            \r\n        <a href=\"https:\/\/talkpal.ai\/mt\/tghallem-is-serb\/\">\r\n            <div class=\"learnNavigationWrapper\">\r\n                <div class=\"learnNavigationContent\">\r\n                    <img decoding=\"async\" src=\"https:\/\/talkpal.ai\/wp-content\/uploads\/2024\/08\/Serbian.jpg\" alt=\"Serbian Flag\">\r\n                    <div>\r\n                        <h4>Dwar it-Tag\u0127lim tas-Serbja<\/h4>\r\n                        <p>Sir af kollox dwar il-grammatika tas-Serbja.<\/p>\r\n                    <\/div>\r\n                <\/div>\r\n            <\/div>\r\n        <\/a>\r\n\r\n        \r\n        <a href=\"https:\/\/talkpal.ai\/mt\/ezercizzji-tal-grammatika-serba\/\">\r\n            <div class=\"learnNavigationWrapper\">\r\n                <div class=\"learnNavigationContent\">\r\n                    <img decoding=\"async\" src=\"https:\/\/talkpal.ai\/wp-content\/uploads\/2024\/08\/Serbian.jpg\" alt=\"Serbian Flag\">\r\n                    <div>\r\n                        <h4>E\u017cer\u010bizzju tal-Grammatika Serba<\/h4>\r\n                        <p>Ipprattika l-grammatika Serba.<\/p>\r\n                    <\/div>\r\n                <\/div>\r\n            <\/div>\r\n        <\/a>\r\n\r\n        \r\n        <a href=\"https:\/\/talkpal.ai\/vocabulary_language\/serbian\/\">\r\n            <div class=\"learnNavigationWrapper\">\r\n                <div class=\"learnNavigationContent\">\r\n                    <img decoding=\"async\" src=\"https:\/\/talkpal.ai\/wp-content\/uploads\/2024\/08\/Serbian.jpg\" alt=\"Serbian Flag\">\r\n                    <div>\r\n                        <h4>Vokabularju Serb<\/h4>\r\n                        <p>Espandi l-vokabularju Serb tieg\u0127ek.<\/p>\r\n                    <\/div>\r\n                <\/div>\r\n            <\/div>\r\n        <\/a>\r\n\r\n            <\/section>","protected":false},"excerpt":{"rendered":"<p>Grammatika Serba: Unraveling the Intricacies of the South Slavic Language Sej\u0127a kollha dilettanti tal-lingwa u dilettanti tal-Balkani! Qatt ikkunsidrajt li g\u0127addas fid-dinja tal-grammatika Serba? Is-Serb, lingwa Slava tan-Nofsinhar, hija l-lingwa uffi\u010bjali tas-Serbja u wa\u0127da mil-lingwi uffi\u010bjali tal-Bosnja-\u0126erzegovina. B&#8217;madwar 9 miljun kelliem nattiv, din il-lingwa intriganti taqsam xebh mal-Kroat, il-Bosnja, u l-Montenegro i\u017cda tifta\u0127ar b&#8217;karatteristi\u010bi distintivi [&hellip;]<\/p>\n","protected":false},"author":1,"featured_media":1443647,"parent":0,"menu_order":0,"comment_status":"closed","ping_status":"closed","template":"LearningContentPage.php","meta":{"_acf_changed":false,"footnotes":""},"class_list":["post-1443645","page","type-page","status-publish","has-post-thumbnail","hentry"],"acf":[],"yoast_head":"<!-- This site is optimized with the Yoast SEO Premium plugin v27.2 (Yoast SEO v27.2) - https:\/\/yoast.com\/product\/yoast-seo-premium-wordpress\/ -->\n<title>Grammatika Serba - Talkpal<\/title>\n<meta name=\"description\" content=\"Esplora l-kumplessitajiet tal-grammatika Serba u skopri l-karatteristi\u010bi uni\u010bi li jiddistingwuha minn lingwi o\u0127ra tal-Balkani.\" \/>\n<meta name=\"robots\" content=\"index, follow, max-snippet:-1, max-image-preview:large, max-video-preview:-1\" \/>\n<link rel=\"canonical\" href=\"https:\/\/talkpal.ai\/mt\/grammatika-serba\/\" \/>\n<meta property=\"og:locale\" content=\"mt_MT\" \/>\n<meta property=\"og:type\" content=\"article\" \/>\n<meta property=\"og:title\" content=\"Grammatika Serba\" \/>\n<meta property=\"og:description\" content=\"Grammatika Serba: Unraveling the Intricacies of the South Slavic Language Sej\u0127a kollha dilettanti tal-lingwa u dilettanti tal-Balkani! Qatt ikkunsidrajt\" \/>\n<meta property=\"og:url\" content=\"https:\/\/talkpal.ai\/mt\/grammatika-serba\/\" \/>\n<meta property=\"og:site_name\" content=\"Talkpal\" \/>\n<meta property=\"article:publisher\" content=\"https:\/\/www.facebook.com\/profile.php?id=100090733639311\" \/>\n<meta property=\"article:modified_time\" content=\"2025-12-17T15:36:51+00:00\" \/>\n<meta property=\"og:image\" content=\"https:\/\/talkpal.ai\/wp-content\/uploads\/2023\/05\/serbia.png\" \/>\n\t<meta property=\"og:image:width\" content=\"512\" \/>\n\t<meta property=\"og:image:height\" content=\"512\" \/>\n\t<meta property=\"og:image:type\" content=\"image\/png\" \/>\n<meta name=\"twitter:card\" content=\"summary_large_image\" \/>\n<meta name=\"twitter:site\" content=\"@talkpalai\" \/>\n<meta name=\"twitter:label1\" content=\"Est. reading time\" \/>\n\t<meta name=\"twitter:data1\" content=\"3 minutes\" \/>\n<script type=\"application\/ld+json\" class=\"yoast-schema-graph\">{\"@context\":\"https:\/\/schema.org\",\"@graph\":[{\"@type\":\"WebPage\",\"@id\":\"https:\/\/talkpal.ai\/mt\/grammatika-serba\/\",\"url\":\"https:\/\/talkpal.ai\/mt\/grammatika-serba\/\",\"name\":\"Grammatika Serba - Talkpal\",\"isPartOf\":{\"@id\":\"https:\/\/talkpal.ai\/mt\/#website\"},\"primaryImageOfPage\":{\"@id\":\"https:\/\/talkpal.ai\/mt\/grammatika-serba\/#primaryimage\"},\"image\":{\"@id\":\"https:\/\/talkpal.ai\/mt\/grammatika-serba\/#primaryimage\"},\"thumbnailUrl\":\"https:\/\/talkpal.ai\/wp-content\/uploads\/2023\/05\/serbia.png\",\"datePublished\":\"2023-05-14T14:19:26+00:00\",\"dateModified\":\"2025-12-17T15:36:51+00:00\",\"description\":\"Esplora l-kumplessitajiet tal-grammatika Serba u skopri l-karatteristi\u010bi uni\u010bi li jiddistingwuha minn lingwi o\u0127ra tal-Balkani.\",\"breadcrumb\":{\"@id\":\"https:\/\/talkpal.ai\/mt\/grammatika-serba\/#breadcrumb\"},\"inLanguage\":\"mt-MT\",\"potentialAction\":[{\"@type\":\"ReadAction\",\"target\":[\"https:\/\/talkpal.ai\/mt\/grammatika-serba\/\"]}]},{\"@type\":\"ImageObject\",\"inLanguage\":\"mt-MT\",\"@id\":\"https:\/\/talkpal.ai\/mt\/grammatika-serba\/#primaryimage\",\"url\":\"https:\/\/talkpal.ai\/wp-content\/uploads\/2023\/05\/serbia.png\",\"contentUrl\":\"https:\/\/talkpal.ai\/wp-content\/uploads\/2023\/05\/serbia.png\",\"width\":512,\"height\":512,\"caption\":\"TalkPal Serbia Flag\"},{\"@type\":\"BreadcrumbList\",\"@id\":\"https:\/\/talkpal.ai\/mt\/grammatika-serba\/#breadcrumb\",\"itemListElement\":[{\"@type\":\"ListItem\",\"position\":1,\"name\":\"Homepage\",\"item\":\"https:\/\/talkpal.ai\/mt\/\"},{\"@type\":\"ListItem\",\"position\":2,\"name\":\"Grammatika Serba\"}]},{\"@type\":\"WebSite\",\"@id\":\"https:\/\/talkpal.ai\/mt\/#website\",\"url\":\"https:\/\/talkpal.ai\/mt\/\",\"name\":\"Talkpal\",\"description\":\"AI Language Learning\",\"publisher\":{\"@id\":\"https:\/\/talkpal.ai\/mt\/#organization\"},\"alternateName\":\"Talkpal AI\",\"potentialAction\":[{\"@type\":\"SearchAction\",\"target\":{\"@type\":\"EntryPoint\",\"urlTemplate\":\"https:\/\/talkpal.ai\/mt\/?s={search_term_string}\"},\"query-input\":{\"@type\":\"PropertyValueSpecification\",\"valueRequired\":true,\"valueName\":\"search_term_string\"}}],\"inLanguage\":\"mt-MT\"},{\"@type\":\"Organization\",\"@id\":\"https:\/\/talkpal.ai\/mt\/#organization\",\"name\":\"Talkpal, Inc.\",\"alternateName\":\"Talkpal AI\",\"url\":\"https:\/\/talkpal.ai\/mt\/\",\"logo\":{\"@type\":\"ImageObject\",\"inLanguage\":\"mt-MT\",\"@id\":\"https:\/\/talkpal.ai\/mt\/#\/schema\/logo\/image\/\",\"url\":\"https:\/\/talkpal.ai\/wp-content\/uploads\/2024\/03\/Talkpal-Logo-Icon.png\",\"contentUrl\":\"https:\/\/talkpal.ai\/wp-content\/uploads\/2024\/03\/Talkpal-Logo-Icon.png\",\"width\":2880,\"height\":2880,\"caption\":\"Talkpal, Inc.\"},\"image\":{\"@id\":\"https:\/\/talkpal.ai\/mt\/#\/schema\/logo\/image\/\"},\"sameAs\":[\"https:\/\/www.facebook.com\/profile.php?id=100090733639311\",\"https:\/\/x.com\/talkpalai\",\"https:\/\/www.linkedin.com\/company\/talkpal\/\",\"https:\/\/www.youtube.com\/@TalkPal\/\",\"https:\/\/www.tiktok.com\/@talkpal\",\"https:\/\/www.instagram.com\/talkpal_ai\/\",\"https:\/\/www.crunchbase.com\/organization\/talkpal-9cde\",\"https:\/\/www.g2.com\/products\/talkpal-for-business\/\",\"https:\/\/www.trustpilot.com\/review\/talkpal.ai\",\"https:\/\/www.capterra.com\/p\/10006800\/TalkPal\/\"],\"description\":\"Talkpal is a language learning web and mobile education app, powered by the latest AI technologies, that provides engaging experiences to its customers in many different languages to help them improve their language skills. Users can chat about unlimited amount of topics with the app and use other modes to practice their language learning.\",\"email\":\"support@talkpal.ai\",\"legalName\":\"Talkpal, Inc.\",\"foundingDate\":\"2023-04-03\",\"duns\":\"118989042\",\"numberOfEmployees\":{\"@type\":\"QuantitativeValue\",\"minValue\":\"11\",\"maxValue\":\"50\"},\"publishingPrinciples\":\"https:\/\/talkpal.ai\/publishing-principles\/\",\"actionableFeedbackPolicy\":\"https:\/\/talkpal.ai\/actionable-feedback-policy\/\",\"correctionsPolicy\":\"https:\/\/talkpal.ai\/corrections-policy\/\",\"ethicsPolicy\":\"https:\/\/talkpal.ai\/ethics-policy\/\",\"diversityPolicy\":\"https:\/\/talkpal.ai\/diversity-policy\/\",\"diversityStaffingReport\":\"https:\/\/talkpal.ai\/diversity-policy\/\"}]}<\/script>\n<!-- \/ Yoast SEO Premium plugin. -->","yoast_head_json":{"title":"Grammatika Serba - Talkpal","description":"Esplora l-kumplessitajiet tal-grammatika Serba u skopri l-karatteristi\u010bi uni\u010bi li jiddistingwuha minn lingwi o\u0127ra tal-Balkani.","robots":{"index":"index","follow":"follow","max-snippet":"max-snippet:-1","max-image-preview":"max-image-preview:large","max-video-preview":"max-video-preview:-1"},"canonical":"https:\/\/talkpal.ai\/mt\/grammatika-serba\/","og_locale":"mt_MT","og_type":"article","og_title":"Grammatika Serba","og_description":"Grammatika Serba: Unraveling the Intricacies of the South Slavic Language Sej\u0127a kollha dilettanti tal-lingwa u dilettanti tal-Balkani! Qatt ikkunsidrajt","og_url":"https:\/\/talkpal.ai\/mt\/grammatika-serba\/","og_site_name":"Talkpal","article_publisher":"https:\/\/www.facebook.com\/profile.php?id=100090733639311","article_modified_time":"2025-12-17T15:36:51+00:00","og_image":[{"width":512,"height":512,"url":"https:\/\/talkpal.ai\/wp-content\/uploads\/2023\/05\/serbia.png","type":"image\/png"}],"twitter_card":"summary_large_image","twitter_site":"@talkpalai","twitter_misc":{"Est. reading time":"3 minutes"},"schema":{"@context":"https:\/\/schema.org","@graph":[{"@type":"WebPage","@id":"https:\/\/talkpal.ai\/mt\/grammatika-serba\/","url":"https:\/\/talkpal.ai\/mt\/grammatika-serba\/","name":"Grammatika Serba - Talkpal","isPartOf":{"@id":"https:\/\/talkpal.ai\/mt\/#website"},"primaryImageOfPage":{"@id":"https:\/\/talkpal.ai\/mt\/grammatika-serba\/#primaryimage"},"image":{"@id":"https:\/\/talkpal.ai\/mt\/grammatika-serba\/#primaryimage"},"thumbnailUrl":"https:\/\/talkpal.ai\/wp-content\/uploads\/2023\/05\/serbia.png","datePublished":"2023-05-14T14:19:26+00:00","dateModified":"2025-12-17T15:36:51+00:00","description":"Esplora l-kumplessitajiet tal-grammatika Serba u skopri l-karatteristi\u010bi uni\u010bi li jiddistingwuha minn lingwi o\u0127ra tal-Balkani.","breadcrumb":{"@id":"https:\/\/talkpal.ai\/mt\/grammatika-serba\/#breadcrumb"},"inLanguage":"mt-MT","potentialAction":[{"@type":"ReadAction","target":["https:\/\/talkpal.ai\/mt\/grammatika-serba\/"]}]},{"@type":"ImageObject","inLanguage":"mt-MT","@id":"https:\/\/talkpal.ai\/mt\/grammatika-serba\/#primaryimage","url":"https:\/\/talkpal.ai\/wp-content\/uploads\/2023\/05\/serbia.png","contentUrl":"https:\/\/talkpal.ai\/wp-content\/uploads\/2023\/05\/serbia.png","width":512,"height":512,"caption":"TalkPal Serbia Flag"},{"@type":"BreadcrumbList","@id":"https:\/\/talkpal.ai\/mt\/grammatika-serba\/#breadcrumb","itemListElement":[{"@type":"ListItem","position":1,"name":"Homepage","item":"https:\/\/talkpal.ai\/mt\/"},{"@type":"ListItem","position":2,"name":"Grammatika Serba"}]},{"@type":"WebSite","@id":"https:\/\/talkpal.ai\/mt\/#website","url":"https:\/\/talkpal.ai\/mt\/","name":"Talkpal","description":"AI Language Learning","publisher":{"@id":"https:\/\/talkpal.ai\/mt\/#organization"},"alternateName":"Talkpal AI","potentialAction":[{"@type":"SearchAction","target":{"@type":"EntryPoint","urlTemplate":"https:\/\/talkpal.ai\/mt\/?s={search_term_string}"},"query-input":{"@type":"PropertyValueSpecification","valueRequired":true,"valueName":"search_term_string"}}],"inLanguage":"mt-MT"},{"@type":"Organization","@id":"https:\/\/talkpal.ai\/mt\/#organization","name":"Talkpal, Inc.","alternateName":"Talkpal AI","url":"https:\/\/talkpal.ai\/mt\/","logo":{"@type":"ImageObject","inLanguage":"mt-MT","@id":"https:\/\/talkpal.ai\/mt\/#\/schema\/logo\/image\/","url":"https:\/\/talkpal.ai\/wp-content\/uploads\/2024\/03\/Talkpal-Logo-Icon.png","contentUrl":"https:\/\/talkpal.ai\/wp-content\/uploads\/2024\/03\/Talkpal-Logo-Icon.png","width":2880,"height":2880,"caption":"Talkpal, Inc."},"image":{"@id":"https:\/\/talkpal.ai\/mt\/#\/schema\/logo\/image\/"},"sameAs":["https:\/\/www.facebook.com\/profile.php?id=100090733639311","https:\/\/x.com\/talkpalai","https:\/\/www.linkedin.com\/company\/talkpal\/","https:\/\/www.youtube.com\/@TalkPal\/","https:\/\/www.tiktok.com\/@talkpal","https:\/\/www.instagram.com\/talkpal_ai\/","https:\/\/www.crunchbase.com\/organization\/talkpal-9cde","https:\/\/www.g2.com\/products\/talkpal-for-business\/","https:\/\/www.trustpilot.com\/review\/talkpal.ai","https:\/\/www.capterra.com\/p\/10006800\/TalkPal\/"],"description":"Talkpal is a language learning web and mobile education app, powered by the latest AI technologies, that provides engaging experiences to its customers in many different languages to help them improve their language skills. Users can chat about unlimited amount of topics with the app and use other modes to practice their language learning.","email":"support@talkpal.ai","legalName":"Talkpal, Inc.","foundingDate":"2023-04-03","duns":"118989042","numberOfEmployees":{"@type":"QuantitativeValue","minValue":"11","maxValue":"50"},"publishingPrinciples":"https:\/\/talkpal.ai\/publishing-principles\/","actionableFeedbackPolicy":"https:\/\/talkpal.ai\/actionable-feedback-policy\/","correctionsPolicy":"https:\/\/talkpal.ai\/corrections-policy\/","ethicsPolicy":"https:\/\/talkpal.ai\/ethics-policy\/","diversityPolicy":"https:\/\/talkpal.ai\/diversity-policy\/","diversityStaffingReport":"https:\/\/talkpal.ai\/diversity-policy\/"}]}},"_links":{"self":[{"href":"https:\/\/talkpal.ai\/mt\/wp-json\/wp\/v2\/pages\/1443645","targetHints":{"allow":["GET"]}}],"collection":[{"href":"https:\/\/talkpal.ai\/mt\/wp-json\/wp\/v2\/pages"}],"about":[{"href":"https:\/\/talkpal.ai\/mt\/wp-json\/wp\/v2\/types\/page"}],"author":[{"embeddable":true,"href":"https:\/\/talkpal.ai\/mt\/wp-json\/wp\/v2\/users\/1"}],"replies":[{"embeddable":true,"href":"https:\/\/talkpal.ai\/mt\/wp-json\/wp\/v2\/comments?post=1443645"}],"version-history":[{"count":0,"href":"https:\/\/talkpal.ai\/mt\/wp-json\/wp\/v2\/pages\/1443645\/revisions"}],"wp:featuredmedia":[{"embeddable":true,"href":"https:\/\/talkpal.ai\/mt\/wp-json\/wp\/v2\/media\/1443647"}],"wp:attachment":[{"href":"https:\/\/talkpal.ai\/mt\/wp-json\/wp\/v2\/media?parent=1443645"}],"curies":[{"name":"wp","href":"https:\/\/api.w.org\/{rel}","templated":true}]}}