{"id":1443642,"date":"2023-05-14T14:18:22","date_gmt":"2023-05-14T14:18:22","guid":{"rendered":"https:\/\/talkpal.ai\/grammatika-persjana\/"},"modified":"2025-12-12T10:33:37","modified_gmt":"2025-12-12T10:33:37","slug":"grammatika-persjana","status":"publish","type":"page","link":"https:\/\/talkpal.ai\/mt\/grammatika-persjana\/","title":{"rendered":"Grammatika Persjana"},"content":{"rendered":"\r\n\r\n\r\n<section class=\"languageChallengeSection\">\r\n    <div class=\"languageInfoWrapper\">\r\n        \r\n        <h1>Grammatika Persjana<\/h1>\r\n        <p>Kurju\u017c dwar il-Persjan? Esplora l-grammatika Persjana, mag\u0127rufa g\u0127as-sempli\u010bit\u00e0 tag\u0127ha &#8211; l-ebda \u0121eneru ta &#039;nomi, konjugazzjonijiet ta&#039; verbi sempli\u010bi, u struttura ta &#039;sentenza flessibbli jag\u0127mluha a\u010b\u010bessibbli b&#039;mod rinfrescanti. Ibda l-avventura Persjana tieg\u0127ek illum &#8211; il-\u0127akma tal-grammatika tag\u0127ha se tifta\u0127 opportunitajiet \u0121odda g\u0127all-komunikazzjoni u tg\u0127addas fil-poe\u017cija u l-kultura rikka tal-Iran u lil hinn!<\/p>\r\n\r\n                            <a class=\"getStartedHidden\" href=\"https:\/\/app.talkpal.ai\/signup?lng=\">Ibda<\/a>\r\n        \r\n    <\/div>\r\n\r\n    <figure>\r\n    <img decoding=\"async\" width=\"768\" height=\"768\" src=\"https:\/\/talkpal.ai\/wp-content\/uploads\/2023\/06\/persian-768x768.png\" class=\"languageImage no-lazy\" alt=\"Language learning to comprehend global news\" fetchpriority=\"high\" sizes=\"(max-width: 768px) 150px, 768px\" srcset=\"https:\/\/talkpal.ai\/wp-content\/uploads\/2023\/06\/persian-768x768.png 768w, https:\/\/talkpal.ai\/wp-content\/uploads\/2023\/06\/persian-300x300.png 300w\" \/>\r\n    \r\n\r\n    <\/figure>\r\n\r\n            <a class=\"getStartedVisible\" href=\"https:\/\/app.talkpal.ai\/signup?lng=\">Ibda<\/a>\r\n    \r\n<\/section>\r\n<section class=\"promotionalBanner\">\r\n    <p class=\"promotionalText\">L-aktar mod effi\u010bjenti biex titg\u0127allem lingwa<\/p>\r\n    <a class=\"promotionalLink\" href=\"https:\/\/app.talkpal.ai\/signup?lng=\">Ipprova Talkpal b&#8217;xejn<\/a>\r\n<\/section>\n<div class=\"wp-block-group pageContainerStyle\"><div class=\"wp-block-group__inner-container is-layout-constrained wp-block-group-is-layout-constrained\">\n<h2 class=\"wp-block-heading\" id=\"h-mastering-persian-grammar-your-ultimate-guide\">Il-\u0126akma tal-Grammatika Persjana: Il-Gwida A\u0127\u0127arija Tieg\u0127ek<\/h2>\n\n\n\n<p>Salam, dilettanti tal-lingwa! Int lest li tibda vja\u0121\u0121 fid-dinja tal-grammatika Persjana? Int \u0121ejt fil-post it-tajjeb. Mimli b&#8217;informazzjoni fa\u010bli biex tinftiehem u ton konversazzjonali, dan l-artikolu se jiggwidak permezz tal-isfera captivating tal-grammatika Persjana. Dalwaqt, tkun tista &#8216;tibni sentenzi u tid\u0127ol f&#8217;konversazzjonijiet sinifikanti ma&#8217; kelliema nattivi. Allura, ejja nibdew nisfruttaw is-sigrieti tal-grammatika Persjana!<\/p>\n\n\n\n<p><strong>Imma l-ewwel, g\u0127aliex il-grammatika Persjana?<\/strong><\/p>\n\n\n\n<p>Jekk qed titg\u0127allem il-Persjan, pedament b&#8217;sa\u0127\u0127tu fil-grammatika huwa essenzjali biex titkellem, taqra u kitba b&#8217;mod fluwenti. Filwaqt li l-grammatika Persjana tista &#8216;inizjalment tidher kumplessa, issir aktar a\u010b\u010bessibbli ladarba tqassamha f&#8217;segmenti i\u017cg\u0127ar, aktar mani\u0121\u0121abbli. Allura, ejja nibdew il-vja\u0121\u0121 tieg\u0127ek biex tit\u0127akmu l-grammatika Persjana!<\/p>\n\n\n\n<h3 class=\"wp-block-heading\" id=\"h-1-nouns-gender-and-number\">1. Nomi, sess, u numru<\/h3>\n\n\n\n<p>Fil-Persjan, in-nomi m&#8217;g\u0127andhomx \u0121eneru\u2014li jag\u0127milha aktar sempli\u010bi minn \u0127afna lingwi o\u0127ra. Il-forma singulari tan-nomi tibqa &#8216;l-istess, filwaqt li l-forma plural tipikament tispi\u010b\u010ba f'&#8221;-\u0647\u0627&#8221; jew &#8220;-\u0627\u0646.&#8221; Pere\u017cempju:<\/p>\n\n\n\n<p>\u2013 \u06a9\u062a\u0627\u0628 (ket\u0101b \u2013 ktieb)<\/p>\n\n\n\n<p>\u2013 \u06a9\u062a\u0627\u0628 \u0647\u0627 (ket\u0101b-h\u0101 \u2013 kotba)<\/p>\n\n\n\n<h3 class=\"wp-block-heading\" id=\"h-2-adjectives-agreement-and-definite-articles\">2. A\u0121\u0121ettivi, ftehim, u artikoli definiti<\/h3>\n\n\n\n<p>L-a\u0121\u0121ettivi fil-Persjan tipikament isegwu n-nom li jimmodifikaw u m&#8217;g\u0127andhomx g\u0127alfejn jaqblu dwar is-sess jew in-numru. Pere\u017cempju:<\/p>\n\n\n\n<p><strong>&#8211; \u062e\u0627\u0646\u0647 \u0628\u0632\u0631\u06af (kh\u0101ne bozorg \u2013 dar kbira)<\/strong><\/p>\n\n\n\n<p><strong>&#8211; \u0645\u0646\u0632\u0644 \u06a9\u0648\u0686\u06a9 (manzel kuchak \u2013 dar \u017cg\u0127ira)<\/strong><\/p>\n\n\n\n<p>M&#8217;hemm l-ebda artiklu definit bil-Persjan, i\u017cda l-artiklu indefinit huwa mi\u017cjud b\u0127ala suffiss &#8220;-\u06cc&#8221; (i) g\u0127al kliem singular.<\/p>\n\n\n\n<h3 class=\"wp-block-heading\" id=\"h-3-verbs-tense-and-conjugation\">3. Verbi, temp, u konjugazzjoni<\/h3>\n\n\n\n<p>Il-verbi Persjani g\u0127andhom rwol kritiku fil-grammatika u huma essenzjali g\u0127all-kostruzzjoni ta&#8217; sentenzi. Kull verb g\u0127andu g\u0127erq li jing\u0127aqad ma &#8216;diversi prefissi u suffissi biex jindika t-temp u l-qbil mas-su\u0121\u0121ett.<\/p>\n\n\n\n<p>Biex nag\u0127tuk \u0127arsa \u0121enerali qasira, ejja niddiskutu verbi regolari fit-temp pre\u017centi:<\/p>\n\n\n\n<p><strong>\u2013 \u0645\u0646 \u0645\u06cc \u062e\u0648\u0627\u0646\u0645 (man mikh\u0101nam \u2013 qrajt)<\/strong><\/p>\n\n\n\n<p><strong>\u2013 \u062a\u0648 \u0645\u06cc \u062e\u0648\u0627\u0646\u06cc (lil mikh\u0101ni \u2013 taqra, informali)<\/strong><\/p>\n\n\n\n<p><strong>&#8211; \u0627\u0648 \u0645\u06cc \u062e\u0648\u0627\u0646\u062f (u mikh\u0101nad \u2013 hu \/ hi jaqra)<\/strong><\/p>\n\n\n\n<p>Ftakar, dan huwa biss il-bidu! You will encounter various other tenses, <a href=\"https:\/\/talkpal.ai\/ko\/grammar\/irregular-verbs-%ec%98%81%ec%96%b4-%eb%ac%b8%eb%b2%95%ec%97%90%ec%84%9c\/\">irregular verbs<\/a>, and intricacies as you delve deeper into <a href=\"https:\/\/talkpal.ai\/de\/sampad-test-auf-persisch\/\">Persian grammar<\/a>.<\/p>\n\n\n\n<h3 class=\"wp-block-heading\" id=\"h-4-pronouns-prepositions-and-more\">4. Pronomi, prepo\u017cizzjonijiet, u aktar!<\/h3>\n\n\n\n<p>Il-grammatika Persjana tinkludi komponenti o\u0127ra b\u0127al pronomi (\u0645\u0646, \u062a\u0648, \u0627\u0648, e\u010b\u010b.), Prepo\u017cizzjonijiet (\u0628\u0647, \u0627\u0632, \u062f\u0631, e\u010b\u010b.), u espressjonijiet idjomati\u010bi. Il-\u0127akma ta &#8216;kull element pass kull darba hija \u010b-\u010bavetta biex tinkiseb fluwenza komprensiva fil-Persjan.<\/p>\n\n\n\n<p>B\u0127ala konklu\u017cjoni, m&#8217;hemm l-ebda shortcut g\u0127all-\u0127akma tal-grammatika Persjana. Je\u0127tie\u0121 persistenza, prattika u pa\u010benzja. Madankollu, ladarba taqbad l-intricacies tag\u0127ha, tkun mg\u0127ammar tajjeb biex tapprezza l-isfumaturi tal-konversazzjoni bil-Persjan, l-esplorazzjoni tal-kultura rikka u l-istorja tar-re\u0121juni li jitkellmu bil-Persjan, u tapprofondixxi l-im\u0127abba tieg\u0127ek g\u0127al-lingwa. \u0645\u0648\u0641\u0642 \u0628\u0627\u0634\u06cc\u062f (movaffagh b\u0101shid &#8211; xorti tajba)!<\/p>\n<\/div><\/div>\n\r\n<section class=\"learnNavigationSection\">\r\n            \r\n        <a href=\"https:\/\/talkpal.ai\/mt\/tghallem-il-persjan\/\">\r\n            <div class=\"learnNavigationWrapper\">\r\n                <div class=\"learnNavigationContent\">\r\n                    <img decoding=\"async\" src=\"https:\/\/talkpal.ai\/wp-content\/uploads\/2024\/08\/Persian.jpg\" alt=\"Persian Flag\">\r\n                    <div>\r\n                        <h4>Dwar it-Tag\u0127lim Persjan<\/h4>\r\n                        <p>Sir af kollox dwar il-grammatika Persjana.<\/p>\r\n                    <\/div>\r\n                <\/div>\r\n            <\/div>\r\n        <\/a>\r\n\r\n        \r\n        <a href=\"https:\/\/talkpal.ai\/mt\/ezercizzji-tal-grammatika-persjana\/\">\r\n            <div class=\"learnNavigationWrapper\">\r\n                <div class=\"learnNavigationContent\">\r\n                    <img decoding=\"async\" src=\"https:\/\/talkpal.ai\/wp-content\/uploads\/2024\/08\/Persian.jpg\" alt=\"Persian Flag\">\r\n                    <div>\r\n                        <h4>E\u017cer\u010bizzju tal-Grammatika Persjana<\/h4>\r\n                        <p>Ipprattika l-grammatika Persjana.<\/p>\r\n                    <\/div>\r\n                <\/div>\r\n            <\/div>\r\n        <\/a>\r\n\r\n        \r\n        <a href=\"https:\/\/talkpal.ai\/vocabulary_language\/persian\/\">\r\n            <div class=\"learnNavigationWrapper\">\r\n                <div class=\"learnNavigationContent\">\r\n                    <img decoding=\"async\" src=\"https:\/\/talkpal.ai\/wp-content\/uploads\/2024\/08\/Persian.jpg\" alt=\"Persian Flag\">\r\n                    <div>\r\n                        <h4>Vokabularju Persjan<\/h4>\r\n                        <p>Espandi l-vokabularju Persjan tieg\u0127ek.<\/p>\r\n                    <\/div>\r\n                <\/div>\r\n            <\/div>\r\n        <\/a>\r\n\r\n            <\/section>","protected":false},"excerpt":{"rendered":"<p>Il-\u0126akma tal-Grammatika Persjana: Il-Gwida A\u0127\u0127arija Tieg\u0127ek Salam, dilettanti tal-lingwa! Int lest li tibda vja\u0121\u0121 fid-dinja tal-grammatika Persjana? Int \u0121ejt fil-post it-tajjeb. Mimli b&#8217;informazzjoni fa\u010bli biex tinftiehem u ton konversazzjonali, dan l-artikolu se jiggwidak permezz tal-isfera captivating tal-grammatika Persjana. Dalwaqt, tkun tista &#8216;tibni sentenzi u tid\u0127ol f&#8217;konversazzjonijiet sinifikanti ma&#8217; kelliema nattivi. Allura, ejja nibdew nisfruttaw is-sigrieti [&hellip;]<\/p>\n","protected":false},"author":1,"featured_media":1443643,"parent":0,"menu_order":0,"comment_status":"closed","ping_status":"closed","template":"LearningContentPage.php","meta":{"_acf_changed":false,"footnotes":""},"class_list":["post-1443642","page","type-page","status-publish","has-post-thumbnail","hentry"],"acf":[],"yoast_head":"<!-- This site is optimized with the Yoast SEO Premium plugin v27.2 (Yoast SEO v27.2) - https:\/\/yoast.com\/product\/yoast-seo-premium-wordpress\/ -->\n<title>Grammatika Persjana - Talkpal<\/title>\n<meta name=\"description\" content=\"Esplora l-kumplessitajiet tal-Grammatika Persjana biex ittejjeb il-fehim u l-\u0127effa tieg\u0127ek fil-lingwa Persjana.\" \/>\n<meta name=\"robots\" content=\"index, follow, max-snippet:-1, max-image-preview:large, max-video-preview:-1\" \/>\n<link rel=\"canonical\" href=\"https:\/\/talkpal.ai\/mt\/grammatika-persjana\/\" \/>\n<meta property=\"og:locale\" content=\"mt_MT\" \/>\n<meta property=\"og:type\" content=\"article\" \/>\n<meta property=\"og:title\" content=\"Grammatika Persjana\" \/>\n<meta property=\"og:description\" content=\"Il-\u0126akma tal-Grammatika Persjana: Il-Gwida A\u0127\u0127arija Tieg\u0127ek Salam, dilettanti tal-lingwa! Int lest li tibda vja\u0121\u0121 fid-dinja tal-grammatika Persjana? Int\" \/>\n<meta property=\"og:url\" content=\"https:\/\/talkpal.ai\/mt\/grammatika-persjana\/\" \/>\n<meta property=\"og:site_name\" content=\"Talkpal\" \/>\n<meta property=\"article:publisher\" content=\"https:\/\/www.facebook.com\/profile.php?id=100090733639311\" \/>\n<meta property=\"article:modified_time\" content=\"2025-12-12T10:33:37+00:00\" \/>\n<meta property=\"og:image\" content=\"https:\/\/talkpal.ai\/wp-content\/uploads\/2023\/05\/Persian-iran.png\" \/>\n\t<meta property=\"og:image:width\" content=\"512\" \/>\n\t<meta property=\"og:image:height\" content=\"512\" \/>\n\t<meta property=\"og:image:type\" content=\"image\/png\" \/>\n<meta name=\"twitter:card\" content=\"summary_large_image\" \/>\n<meta name=\"twitter:site\" content=\"@talkpalai\" \/>\n<meta name=\"twitter:label1\" content=\"Est. reading time\" \/>\n\t<meta name=\"twitter:data1\" content=\"2 minutes\" \/>\n<script type=\"application\/ld+json\" class=\"yoast-schema-graph\">{\"@context\":\"https:\/\/schema.org\",\"@graph\":[{\"@type\":\"WebPage\",\"@id\":\"https:\/\/talkpal.ai\/mt\/grammatika-persjana\/\",\"url\":\"https:\/\/talkpal.ai\/mt\/grammatika-persjana\/\",\"name\":\"Grammatika Persjana - Talkpal\",\"isPartOf\":{\"@id\":\"https:\/\/talkpal.ai\/mt\/#website\"},\"primaryImageOfPage\":{\"@id\":\"https:\/\/talkpal.ai\/mt\/grammatika-persjana\/#primaryimage\"},\"image\":{\"@id\":\"https:\/\/talkpal.ai\/mt\/grammatika-persjana\/#primaryimage\"},\"thumbnailUrl\":\"https:\/\/talkpal.ai\/wp-content\/uploads\/2023\/05\/Persian-iran.png\",\"datePublished\":\"2023-05-14T14:18:22+00:00\",\"dateModified\":\"2025-12-12T10:33:37+00:00\",\"description\":\"Esplora l-kumplessitajiet tal-Grammatika Persjana biex ittejjeb il-fehim u l-\u0127effa tieg\u0127ek fil-lingwa Persjana.\",\"breadcrumb\":{\"@id\":\"https:\/\/talkpal.ai\/mt\/grammatika-persjana\/#breadcrumb\"},\"inLanguage\":\"mt-MT\",\"potentialAction\":[{\"@type\":\"ReadAction\",\"target\":[\"https:\/\/talkpal.ai\/mt\/grammatika-persjana\/\"]}]},{\"@type\":\"ImageObject\",\"inLanguage\":\"mt-MT\",\"@id\":\"https:\/\/talkpal.ai\/mt\/grammatika-persjana\/#primaryimage\",\"url\":\"https:\/\/talkpal.ai\/wp-content\/uploads\/2023\/05\/Persian-iran.png\",\"contentUrl\":\"https:\/\/talkpal.ai\/wp-content\/uploads\/2023\/05\/Persian-iran.png\",\"width\":512,\"height\":512,\"caption\":\"TalkPal Persian - Iran Flag\"},{\"@type\":\"BreadcrumbList\",\"@id\":\"https:\/\/talkpal.ai\/mt\/grammatika-persjana\/#breadcrumb\",\"itemListElement\":[{\"@type\":\"ListItem\",\"position\":1,\"name\":\"Homepage\",\"item\":\"https:\/\/talkpal.ai\/mt\/\"},{\"@type\":\"ListItem\",\"position\":2,\"name\":\"Grammatika Persjana\"}]},{\"@type\":\"WebSite\",\"@id\":\"https:\/\/talkpal.ai\/mt\/#website\",\"url\":\"https:\/\/talkpal.ai\/mt\/\",\"name\":\"Talkpal\",\"description\":\"AI Language Learning\",\"publisher\":{\"@id\":\"https:\/\/talkpal.ai\/mt\/#organization\"},\"alternateName\":\"Talkpal AI\",\"potentialAction\":[{\"@type\":\"SearchAction\",\"target\":{\"@type\":\"EntryPoint\",\"urlTemplate\":\"https:\/\/talkpal.ai\/mt\/?s={search_term_string}\"},\"query-input\":{\"@type\":\"PropertyValueSpecification\",\"valueRequired\":true,\"valueName\":\"search_term_string\"}}],\"inLanguage\":\"mt-MT\"},{\"@type\":\"Organization\",\"@id\":\"https:\/\/talkpal.ai\/mt\/#organization\",\"name\":\"Talkpal, Inc.\",\"alternateName\":\"Talkpal AI\",\"url\":\"https:\/\/talkpal.ai\/mt\/\",\"logo\":{\"@type\":\"ImageObject\",\"inLanguage\":\"mt-MT\",\"@id\":\"https:\/\/talkpal.ai\/mt\/#\/schema\/logo\/image\/\",\"url\":\"https:\/\/talkpal.ai\/wp-content\/uploads\/2024\/03\/Talkpal-Logo-Icon.png\",\"contentUrl\":\"https:\/\/talkpal.ai\/wp-content\/uploads\/2024\/03\/Talkpal-Logo-Icon.png\",\"width\":2880,\"height\":2880,\"caption\":\"Talkpal, Inc.\"},\"image\":{\"@id\":\"https:\/\/talkpal.ai\/mt\/#\/schema\/logo\/image\/\"},\"sameAs\":[\"https:\/\/www.facebook.com\/profile.php?id=100090733639311\",\"https:\/\/x.com\/talkpalai\",\"https:\/\/www.linkedin.com\/company\/talkpal\/\",\"https:\/\/www.youtube.com\/@TalkPal\/\",\"https:\/\/www.tiktok.com\/@talkpal\",\"https:\/\/www.instagram.com\/talkpal_ai\/\",\"https:\/\/www.crunchbase.com\/organization\/talkpal-9cde\",\"https:\/\/www.g2.com\/products\/talkpal-for-business\/\",\"https:\/\/www.trustpilot.com\/review\/talkpal.ai\",\"https:\/\/www.capterra.com\/p\/10006800\/TalkPal\/\"],\"description\":\"Talkpal is a language learning web and mobile education app, powered by the latest AI technologies, that provides engaging experiences to its customers in many different languages to help them improve their language skills. Users can chat about unlimited amount of topics with the app and use other modes to practice their language learning.\",\"email\":\"support@talkpal.ai\",\"legalName\":\"Talkpal, Inc.\",\"foundingDate\":\"2023-04-03\",\"duns\":\"118989042\",\"numberOfEmployees\":{\"@type\":\"QuantitativeValue\",\"minValue\":\"11\",\"maxValue\":\"50\"},\"publishingPrinciples\":\"https:\/\/talkpal.ai\/publishing-principles\/\",\"actionableFeedbackPolicy\":\"https:\/\/talkpal.ai\/actionable-feedback-policy\/\",\"correctionsPolicy\":\"https:\/\/talkpal.ai\/corrections-policy\/\",\"ethicsPolicy\":\"https:\/\/talkpal.ai\/ethics-policy\/\",\"diversityPolicy\":\"https:\/\/talkpal.ai\/diversity-policy\/\",\"diversityStaffingReport\":\"https:\/\/talkpal.ai\/diversity-policy\/\"}]}<\/script>\n<!-- \/ Yoast SEO Premium plugin. -->","yoast_head_json":{"title":"Grammatika Persjana - Talkpal","description":"Esplora l-kumplessitajiet tal-Grammatika Persjana biex ittejjeb il-fehim u l-\u0127effa tieg\u0127ek fil-lingwa Persjana.","robots":{"index":"index","follow":"follow","max-snippet":"max-snippet:-1","max-image-preview":"max-image-preview:large","max-video-preview":"max-video-preview:-1"},"canonical":"https:\/\/talkpal.ai\/mt\/grammatika-persjana\/","og_locale":"mt_MT","og_type":"article","og_title":"Grammatika Persjana","og_description":"Il-\u0126akma tal-Grammatika Persjana: Il-Gwida A\u0127\u0127arija Tieg\u0127ek Salam, dilettanti tal-lingwa! Int lest li tibda vja\u0121\u0121 fid-dinja tal-grammatika Persjana? Int","og_url":"https:\/\/talkpal.ai\/mt\/grammatika-persjana\/","og_site_name":"Talkpal","article_publisher":"https:\/\/www.facebook.com\/profile.php?id=100090733639311","article_modified_time":"2025-12-12T10:33:37+00:00","og_image":[{"width":512,"height":512,"url":"https:\/\/talkpal.ai\/wp-content\/uploads\/2023\/05\/Persian-iran.png","type":"image\/png"}],"twitter_card":"summary_large_image","twitter_site":"@talkpalai","twitter_misc":{"Est. reading time":"2 minutes"},"schema":{"@context":"https:\/\/schema.org","@graph":[{"@type":"WebPage","@id":"https:\/\/talkpal.ai\/mt\/grammatika-persjana\/","url":"https:\/\/talkpal.ai\/mt\/grammatika-persjana\/","name":"Grammatika Persjana - Talkpal","isPartOf":{"@id":"https:\/\/talkpal.ai\/mt\/#website"},"primaryImageOfPage":{"@id":"https:\/\/talkpal.ai\/mt\/grammatika-persjana\/#primaryimage"},"image":{"@id":"https:\/\/talkpal.ai\/mt\/grammatika-persjana\/#primaryimage"},"thumbnailUrl":"https:\/\/talkpal.ai\/wp-content\/uploads\/2023\/05\/Persian-iran.png","datePublished":"2023-05-14T14:18:22+00:00","dateModified":"2025-12-12T10:33:37+00:00","description":"Esplora l-kumplessitajiet tal-Grammatika Persjana biex ittejjeb il-fehim u l-\u0127effa tieg\u0127ek fil-lingwa Persjana.","breadcrumb":{"@id":"https:\/\/talkpal.ai\/mt\/grammatika-persjana\/#breadcrumb"},"inLanguage":"mt-MT","potentialAction":[{"@type":"ReadAction","target":["https:\/\/talkpal.ai\/mt\/grammatika-persjana\/"]}]},{"@type":"ImageObject","inLanguage":"mt-MT","@id":"https:\/\/talkpal.ai\/mt\/grammatika-persjana\/#primaryimage","url":"https:\/\/talkpal.ai\/wp-content\/uploads\/2023\/05\/Persian-iran.png","contentUrl":"https:\/\/talkpal.ai\/wp-content\/uploads\/2023\/05\/Persian-iran.png","width":512,"height":512,"caption":"TalkPal Persian - Iran Flag"},{"@type":"BreadcrumbList","@id":"https:\/\/talkpal.ai\/mt\/grammatika-persjana\/#breadcrumb","itemListElement":[{"@type":"ListItem","position":1,"name":"Homepage","item":"https:\/\/talkpal.ai\/mt\/"},{"@type":"ListItem","position":2,"name":"Grammatika Persjana"}]},{"@type":"WebSite","@id":"https:\/\/talkpal.ai\/mt\/#website","url":"https:\/\/talkpal.ai\/mt\/","name":"Talkpal","description":"AI Language Learning","publisher":{"@id":"https:\/\/talkpal.ai\/mt\/#organization"},"alternateName":"Talkpal AI","potentialAction":[{"@type":"SearchAction","target":{"@type":"EntryPoint","urlTemplate":"https:\/\/talkpal.ai\/mt\/?s={search_term_string}"},"query-input":{"@type":"PropertyValueSpecification","valueRequired":true,"valueName":"search_term_string"}}],"inLanguage":"mt-MT"},{"@type":"Organization","@id":"https:\/\/talkpal.ai\/mt\/#organization","name":"Talkpal, Inc.","alternateName":"Talkpal AI","url":"https:\/\/talkpal.ai\/mt\/","logo":{"@type":"ImageObject","inLanguage":"mt-MT","@id":"https:\/\/talkpal.ai\/mt\/#\/schema\/logo\/image\/","url":"https:\/\/talkpal.ai\/wp-content\/uploads\/2024\/03\/Talkpal-Logo-Icon.png","contentUrl":"https:\/\/talkpal.ai\/wp-content\/uploads\/2024\/03\/Talkpal-Logo-Icon.png","width":2880,"height":2880,"caption":"Talkpal, Inc."},"image":{"@id":"https:\/\/talkpal.ai\/mt\/#\/schema\/logo\/image\/"},"sameAs":["https:\/\/www.facebook.com\/profile.php?id=100090733639311","https:\/\/x.com\/talkpalai","https:\/\/www.linkedin.com\/company\/talkpal\/","https:\/\/www.youtube.com\/@TalkPal\/","https:\/\/www.tiktok.com\/@talkpal","https:\/\/www.instagram.com\/talkpal_ai\/","https:\/\/www.crunchbase.com\/organization\/talkpal-9cde","https:\/\/www.g2.com\/products\/talkpal-for-business\/","https:\/\/www.trustpilot.com\/review\/talkpal.ai","https:\/\/www.capterra.com\/p\/10006800\/TalkPal\/"],"description":"Talkpal is a language learning web and mobile education app, powered by the latest AI technologies, that provides engaging experiences to its customers in many different languages to help them improve their language skills. Users can chat about unlimited amount of topics with the app and use other modes to practice their language learning.","email":"support@talkpal.ai","legalName":"Talkpal, Inc.","foundingDate":"2023-04-03","duns":"118989042","numberOfEmployees":{"@type":"QuantitativeValue","minValue":"11","maxValue":"50"},"publishingPrinciples":"https:\/\/talkpal.ai\/publishing-principles\/","actionableFeedbackPolicy":"https:\/\/talkpal.ai\/actionable-feedback-policy\/","correctionsPolicy":"https:\/\/talkpal.ai\/corrections-policy\/","ethicsPolicy":"https:\/\/talkpal.ai\/ethics-policy\/","diversityPolicy":"https:\/\/talkpal.ai\/diversity-policy\/","diversityStaffingReport":"https:\/\/talkpal.ai\/diversity-policy\/"}]}},"_links":{"self":[{"href":"https:\/\/talkpal.ai\/mt\/wp-json\/wp\/v2\/pages\/1443642","targetHints":{"allow":["GET"]}}],"collection":[{"href":"https:\/\/talkpal.ai\/mt\/wp-json\/wp\/v2\/pages"}],"about":[{"href":"https:\/\/talkpal.ai\/mt\/wp-json\/wp\/v2\/types\/page"}],"author":[{"embeddable":true,"href":"https:\/\/talkpal.ai\/mt\/wp-json\/wp\/v2\/users\/1"}],"replies":[{"embeddable":true,"href":"https:\/\/talkpal.ai\/mt\/wp-json\/wp\/v2\/comments?post=1443642"}],"version-history":[{"count":0,"href":"https:\/\/talkpal.ai\/mt\/wp-json\/wp\/v2\/pages\/1443642\/revisions"}],"wp:featuredmedia":[{"embeddable":true,"href":"https:\/\/talkpal.ai\/mt\/wp-json\/wp\/v2\/media\/1443643"}],"wp:attachment":[{"href":"https:\/\/talkpal.ai\/mt\/wp-json\/wp\/v2\/media?parent=1443642"}],"curies":[{"name":"wp","href":"https:\/\/api.w.org\/{rel}","templated":true}]}}