{"id":1443636,"date":"2023-05-14T14:13:06","date_gmt":"2023-05-14T14:13:06","guid":{"rendered":"https:\/\/talkpal.ai\/grammatika-norvegiza\/"},"modified":"2025-12-17T17:01:50","modified_gmt":"2025-12-17T17:01:50","slug":"grammatika-norvegiza","status":"publish","type":"page","link":"https:\/\/talkpal.ai\/mt\/grammatika-norvegiza\/","title":{"rendered":"Grammatika Norve\u0121i\u017ca"},"content":{"rendered":"\r\n\r\n\r\n<section class=\"languageChallengeSection\">\r\n    <div class=\"languageInfoWrapper\">\r\n        \r\n        <h1>Grammatika Norve\u0121i\u017ca<\/h1>\r\n        <p>Skopri l-affarijiet ba\u017ci\u010bi tal-<a href=\"https:\/\/talkpal.ai\/norwegian-grammar\/\">grammatika Norve\u0121i\u017ca<\/a> u tifta\u0127 il-\u0127ila li tikkomunika b&#039;kunfidenza f&#039;wa\u0127da mill-isba\u0127 lingwi tal-Iskandinavja. Il-fehim tal-<a href=\"https:\/\/talkpal.ai\/norwegian-grammar\/\">grammatika Norve\u0121i\u017ca<\/a> se jifta\u0127 il-bibien g\u0127al esperjenzi kulturali \u0121odda u konversazzjonijiet sinifikanti. Ibda titg\u0127allem il-grammatika Norve\u0121i\u017ca llum u \u0127u l-ewwel pass tieg\u0127ek lejn il-fluwenza!<\/p>\r\n\r\n                            <a class=\"getStartedHidden\" href=\"https:\/\/app.talkpal.ai\/signup?lng=\">Ibda<\/a>\r\n        \r\n    <\/div>\r\n\r\n    <figure>\r\n    <img decoding=\"async\" width=\"768\" height=\"768\" src=\"https:\/\/talkpal.ai\/wp-content\/uploads\/2023\/06\/norwegian-768x768.png\" class=\"languageImage no-lazy\" alt=\"Language learning for extensive vocabulary\" fetchpriority=\"high\" sizes=\"(max-width: 768px) 150px, 768px\" srcset=\"https:\/\/talkpal.ai\/wp-content\/uploads\/2023\/06\/norwegian-768x768.png 768w, https:\/\/talkpal.ai\/wp-content\/uploads\/2023\/06\/norwegian-300x300.png 300w\" \/>\r\n    \r\n\r\n    <\/figure>\r\n\r\n            <a class=\"getStartedVisible\" href=\"https:\/\/app.talkpal.ai\/signup?lng=\">Ibda<\/a>\r\n    \r\n<\/section>\r\n<section class=\"promotionalBanner\">\r\n    <p class=\"promotionalText\">L-aktar mod effi\u010bjenti biex titg\u0127allem lingwa<\/p>\r\n    <a class=\"promotionalLink\" href=\"https:\/\/app.talkpal.ai\/signup?lng=\">Ipprova Talkpal b&#8217;xejn<\/a>\r\n<\/section>\n<div class=\"wp-block-group pageContainerStyle\"><div class=\"wp-block-group__inner-container is-layout-constrained wp-block-group-is-layout-constrained\">\n<h2 class=\"wp-block-heading\" id=\"h-dive-into-norwegian-grammar-a-comprehensive-guide\">G\u0127addas fil-Grammatika Norve\u0121i\u017ca: Gwida Komprensiva<\/h2>\n\n\n\n<p>In-<a href=\"https:\/\/talkpal.ai\/learn-norwegian\/\">Norve\u0121i\u017c<\/a>, lingwa affaxxinanti u espressiva, toffri opportunit\u00e0 unika g\u0127all-istudenti tal-lingwi biex jesploraw il-wirt kulturali u storiku rikk tan-Norve\u0121ja. L-a\u0127bar it-tajba hija li l-grammatika Norve\u0121i\u017ca taqsam xi xebh mal-<a href=\"https:\/\/talkpal.ai\/learn-english-with-ai\/\">Ingli\u017c<\/a>, u tag\u0127milha lingwa a\u010b\u010bessibbli biex titg\u0127allem. Dan l-artikolu se jiggwidak permezz tal-aspetti essenzjali tal-grammatika Norve\u0121i\u017ca, u ji\u017cgura li tibni pedament b&#8217;sa\u0127\u0127tu u tifhem il-lingwa b&#8217;kunfidenza.<\/p>\n\n\n\n<h3 class=\"wp-block-heading\" id=\"h-1-embracing-norwegian-nouns-and-articles\">1. T\u0127addan Nomi u Artikli Norve\u0121i\u017ci<\/h3>\n\n\n\n<p>Nomi Norve\u0121i\u017ci, b\u0127all-kontropartijiet Ingli\u017ci tag\u0127hom, jirrappre\u017centaw nies, postijiet, affarijiet, jew ideat. Huma kklassifikati fi tliet \u0121eneri: maskili, femminili, u neuteri. Il-\u0121eneru huwa kritiku fid-determinazzjoni tat-truf tan-nom u l-artikli li g\u0127andu jkun imqabbad mag\u0127hom.<\/p>\n\n\n\n<p>Hemm \u017cew\u0121 tipi ta&#8217; artikli bin-Norve\u0121i\u017c: definit u indefinit. Artikli definiti jidhru b\u0127ala suffissi fl-a\u0127\u0127ar tan-nomi, filwaqt li l-artikli indefiniti huma kliem separat li jippre\u010bedu n-nomi. L-artikli g\u0127andhom jaqblu man-nomi fis-sess u n-numru.<\/p>\n\n\n\n<p><strong>&#8211; Artikli definiti: -en (maskili), -a (femminili), -et (neutru)<\/strong><\/p>\n\n\n\n<p><strong>\u2013 Artikli indefiniti: en (maskili), ei (femminili), et (neuter)<\/strong><\/p>\n\n\n\n<h3 class=\"wp-block-heading\" id=\"h-2-mastering-norwegian-verbs-conjugation-and-tenses\">2. \u0126akma tal-Verbi Norve\u0121i\u017ci: Konjugazzjoni u Tempi<\/h3>\n\n\n\n<p>Il-verbi Norve\u0121i\u017ci huma relattivament fa\u010bli biex jitg\u0127allmu, peress li g\u0127andhom inqas konjugazzjonijiet minn \u0127afna lingwi o\u0127ra. Il-verbi huma konjugati skont it-temp u l-burdata. Il-verbi Norve\u0121i\u017ci huma primarjament maqsuma f&#8217;erba &#8216;gruppi, kull wie\u0127ed bil-mudell ta&#8217; konjugazzjoni tieg\u0127u. Madankollu, l-a\u0127bar it-tajba hija li, b&#8217;differenza minn \u0127afna lingwi o\u0127ra, il-verbi Norve\u0121i\u017ci ma jbiddlux il-forma tag\u0127hom ibba\u017cata fuq is-su\u0121\u0121ett jew in-numru.<\/p>\n\n\n\n<p>In-Norve\u0121i\u017c g\u0127andu inqas tempi mill-Ingli\u017c, bi tliet tempi biss: pre\u017centi, passat, u passat perfett. It-temp pre\u017centi jintu\u017ca biex jesprimi avvenimenti pre\u017centi u futuri, filwaqt li t-temp tal-passat jindika azzjonijiet kompluti, u t-temp perfett tal-passat jindika esperjenza jew stati li se\u0127\u0127ew qabel punt spe\u010bifiku fil-passat.<\/p>\n\n\n\n<h3 class=\"wp-block-heading\" id=\"h-3-expressing-yourself-with-norwegian-adjectives-and-adverbs\">3. Expressing Yourself with Norwegian Adjectives and Adverbs<\/h3>\n\n\n\n<p>L-u\u017cu ta &#8216;a\u0121\u0121ettivi effettivament itejjeb il-\u0127ila tieg\u0127ek li tesprimi ru\u0127ek fin-Norve\u0121i\u017c. L-a\u0121\u0121ettivi jiddeskrivu l-kwalitajiet jew il-karatteristi\u010bi tan-nomi u je\u0127tie\u0121 li jaqblu man-nomi fis-sess u n-numru. Fin-Norve\u0121i\u017c, l-a\u0121\u0121ettivi tipikament ji\u0121u qabel in-nom li jiddeskrivu.<\/p>\n\n\n\n<p>L-avverbji fin-Norve\u0121i\u017c jimmodifikaw verbi, a\u0121\u0121ettivi, jew avverbji o\u0127ra. Huma jwasslu informazzjoni dwar kif, meta, fejn, u sa liema punt ise\u0127\u0127 azzjoni. B&#8217;differenza mill-a\u0121\u0121ettivi, l-avverbji jibqg\u0127u l-istess irrispettivament mis-sess jew in-numru ta &#8216;nomi li qed ji\u0121u deskritti.<\/p>\n\n\n\n<h3 class=\"wp-block-heading\" id=\"h-4-constructing-sentences-with-norwegian-pronouns-and-word-order\">4. Kostruzzjoni ta &#8216;Sentenzi bi Pronomi Norve\u0121i\u017ci u Ordni tal-Kliem<\/h3>\n\n\n\n<p>Il-pronomi Norve\u0121i\u017ci jissostitwixxu n-nomi u normalment jaqblu man-nom li jirrappre\u017centaw fis-sess, in-numru, u l-ka\u017c. Hemm diversi tipi ta &#8216;pronomi fin-Norve\u0121i\u017c, inklu\u017ci pronomi personali, possessivi, dimostrattivi, riflessivi, relattivi, u interrogattivi.<\/p>\n\n\n\n<p>L-istruttura tas-sentenza Norve\u0121i\u017ca ssegwi l-ordni su\u0121\u0121ett-verb-o\u0121\u0121ett (SVO), simili g\u0127all-Ingli\u017c. Madankollu, ju\u017ca wkoll regola tat-tieni Verb (V2) li fiha l-verb tipikament jokkupa t-tieni po\u017cizzjoni fil-klaw\u017coli ewlenin. Il-fehim u l-prattika tal-ordni tal-kliem Norve\u0121i\u017c huwa essenzjali biex tinkiseb il-\u0127effa fil-lingwa.<\/p>\n\n\n\n<h3 class=\"wp-block-heading\" id=\"h-conclusion\">Konklu\u017cjoni<\/h3>\n\n\n\n<p>Il-kisba tal-fluwenza fil-grammatika Norve\u0121i\u017ca te\u0127tie\u0121 dedikazzjoni, prattika, u mo\u0127\u0127 miftu\u0127 biex tesplora l-karatteristi\u010bi uni\u010bi tal-lingwa. Kemm jekk int interessat li tg\u0127addas ru\u0127ek fil-kultura tan-Norve\u0121ja jew \u0127erqana li titg\u0127allem lingwa \u0121dida, il-\u0127akma tal-grammatika Norve\u0121i\u017ca tistabbilixxi l-pedament g\u0127al komunikazzjoni b&#8217;su\u010b\u010bess. Hekk kif tid\u0127ol fin-nomi Norve\u0121i\u017ci, verbi, a\u0121\u0121ettivi, u ordni tal-kliem, ftakar li tgawdi l-pro\u010bess u tg\u0127o\u017c\u017c l-esperjenzi lingwisti\u010bi sinjuri li qed jistennewk. Lykke til!<\/p>\n<\/div><\/div>\n\r\n<section class=\"learnNavigationSection\">\r\n            \r\n        <a href=\"https:\/\/talkpal.ai\/mt\/tghallem-in-norvegiz\/\">\r\n            <div class=\"learnNavigationWrapper\">\r\n                <div class=\"learnNavigationContent\">\r\n                    <img decoding=\"async\" src=\"https:\/\/talkpal.ai\/wp-content\/uploads\/2024\/08\/Norwegian.jpg\" alt=\"Norwegian Flag\">\r\n                    <div>\r\n                        <h4>Dwar it-Tag\u0127lim Norve\u0121i\u017c<\/h4>\r\n                        <p>Sir af kollox dwar il-grammatika Norve\u0121i\u017ca.<\/p>\r\n                    <\/div>\r\n                <\/div>\r\n            <\/div>\r\n        <\/a>\r\n\r\n        \r\n        <a href=\"https:\/\/talkpal.ai\/mt\/ezercizzji-grammatikali-norvegizi\/\">\r\n            <div class=\"learnNavigationWrapper\">\r\n                <div class=\"learnNavigationContent\">\r\n                    <img decoding=\"async\" src=\"https:\/\/talkpal.ai\/wp-content\/uploads\/2024\/08\/Norwegian.jpg\" alt=\"Norwegian Flag\">\r\n                    <div>\r\n                        <h4>E\u017cer\u010bizzju tal-Grammatika Norve\u0121i\u017ca<\/h4>\r\n                        <p>Prattika l-grammatika Norve\u0121i\u017ca.<\/p>\r\n                    <\/div>\r\n                <\/div>\r\n            <\/div>\r\n        <\/a>\r\n\r\n        \r\n        <a href=\"https:\/\/talkpal.ai\/vocabulary_language\/norwegian\/\">\r\n            <div class=\"learnNavigationWrapper\">\r\n                <div class=\"learnNavigationContent\">\r\n                    <img decoding=\"async\" src=\"https:\/\/talkpal.ai\/wp-content\/uploads\/2024\/08\/Norwegian.jpg\" alt=\"Norwegian Flag\">\r\n                    <div>\r\n                        <h4>Vokabularju Norve\u0121i\u017c<\/h4>\r\n                        <p>Espandi l-vokabularju Norve\u0121i\u017c tieg\u0127ek.<\/p>\r\n                    <\/div>\r\n                <\/div>\r\n            <\/div>\r\n        <\/a>\r\n\r\n            <\/section>","protected":false},"excerpt":{"rendered":"<p>G\u0127addas fil-Grammatika Norve\u0121i\u017ca: Gwida Komprensiva In-Norve\u0121i\u017c, lingwa affaxxinanti u espressiva, toffri opportunit\u00e0 unika g\u0127all-istudenti tal-lingwi biex jesploraw il-wirt kulturali u storiku rikk tan-Norve\u0121ja. L-a\u0127bar it-tajba hija li l-grammatika Norve\u0121i\u017ca taqsam xi xebh mal-Ingli\u017c, u tag\u0127milha lingwa a\u010b\u010bessibbli biex titg\u0127allem. Dan l-artikolu se jiggwidak permezz tal-aspetti essenzjali tal-grammatika Norve\u0121i\u017ca, u ji\u017cgura li tibni pedament b&#8217;sa\u0127\u0127tu u [&hellip;]<\/p>\n","protected":false},"author":1,"featured_media":1443637,"parent":0,"menu_order":0,"comment_status":"closed","ping_status":"closed","template":"LearningContentPage.php","meta":{"_acf_changed":false,"footnotes":""},"class_list":["post-1443636","page","type-page","status-publish","has-post-thumbnail","hentry"],"acf":[],"yoast_head":"<!-- This site is optimized with the Yoast SEO Premium plugin v27.2 (Yoast SEO v27.2) - https:\/\/yoast.com\/product\/yoast-seo-premium-wordpress\/ -->\n<title>Grammatika Norve\u0121i\u017ca - Talkpal<\/title>\n<meta name=\"description\" content=\"Esplora l-kumplessitajiet tal-grammatika Norve\u0121i\u017ca u eleva l-\u0127iliet lingwisti\u010bi tieg\u0127ek g\u0127al-livell li jmiss.\" \/>\n<meta name=\"robots\" content=\"index, follow, max-snippet:-1, max-image-preview:large, max-video-preview:-1\" \/>\n<link rel=\"canonical\" href=\"https:\/\/talkpal.ai\/mt\/grammatika-norvegiza\/\" \/>\n<meta property=\"og:locale\" content=\"mt_MT\" \/>\n<meta property=\"og:type\" content=\"article\" \/>\n<meta property=\"og:title\" content=\"Grammatika Norve\u0121i\u017ca\" \/>\n<meta property=\"og:description\" content=\"G\u0127addas fil-Grammatika Norve\u0121i\u017ca: Gwida Komprensiva In-Norve\u0121i\u017c, lingwa affaxxinanti u espressiva, toffri opportunit\u00e0 unika g\u0127all-istudenti tal-lingwi\" \/>\n<meta property=\"og:url\" content=\"https:\/\/talkpal.ai\/mt\/grammatika-norvegiza\/\" \/>\n<meta property=\"og:site_name\" content=\"Talkpal\" \/>\n<meta property=\"article:publisher\" content=\"https:\/\/www.facebook.com\/profile.php?id=100090733639311\" \/>\n<meta property=\"article:modified_time\" content=\"2025-12-17T17:01:50+00:00\" \/>\n<meta property=\"og:image\" content=\"https:\/\/talkpal.ai\/wp-content\/uploads\/2023\/05\/norway.png\" \/>\n\t<meta property=\"og:image:width\" content=\"512\" \/>\n\t<meta property=\"og:image:height\" content=\"512\" \/>\n\t<meta property=\"og:image:type\" content=\"image\/png\" \/>\n<meta name=\"twitter:card\" content=\"summary_large_image\" \/>\n<meta name=\"twitter:site\" content=\"@talkpalai\" \/>\n<meta name=\"twitter:label1\" content=\"Est. reading time\" \/>\n\t<meta name=\"twitter:data1\" content=\"3 minutes\" \/>\n<script type=\"application\/ld+json\" class=\"yoast-schema-graph\">{\"@context\":\"https:\/\/schema.org\",\"@graph\":[{\"@type\":\"WebPage\",\"@id\":\"https:\/\/talkpal.ai\/mt\/grammatika-norvegiza\/\",\"url\":\"https:\/\/talkpal.ai\/mt\/grammatika-norvegiza\/\",\"name\":\"Grammatika Norve\u0121i\u017ca - Talkpal\",\"isPartOf\":{\"@id\":\"https:\/\/talkpal.ai\/mt\/#website\"},\"primaryImageOfPage\":{\"@id\":\"https:\/\/talkpal.ai\/mt\/grammatika-norvegiza\/#primaryimage\"},\"image\":{\"@id\":\"https:\/\/talkpal.ai\/mt\/grammatika-norvegiza\/#primaryimage\"},\"thumbnailUrl\":\"https:\/\/talkpal.ai\/wp-content\/uploads\/2023\/05\/norway.png\",\"datePublished\":\"2023-05-14T14:13:06+00:00\",\"dateModified\":\"2025-12-17T17:01:50+00:00\",\"description\":\"Esplora l-kumplessitajiet tal-grammatika Norve\u0121i\u017ca u eleva l-\u0127iliet lingwisti\u010bi tieg\u0127ek g\u0127al-livell li jmiss.\",\"breadcrumb\":{\"@id\":\"https:\/\/talkpal.ai\/mt\/grammatika-norvegiza\/#breadcrumb\"},\"inLanguage\":\"mt-MT\",\"potentialAction\":[{\"@type\":\"ReadAction\",\"target\":[\"https:\/\/talkpal.ai\/mt\/grammatika-norvegiza\/\"]}]},{\"@type\":\"ImageObject\",\"inLanguage\":\"mt-MT\",\"@id\":\"https:\/\/talkpal.ai\/mt\/grammatika-norvegiza\/#primaryimage\",\"url\":\"https:\/\/talkpal.ai\/wp-content\/uploads\/2023\/05\/norway.png\",\"contentUrl\":\"https:\/\/talkpal.ai\/wp-content\/uploads\/2023\/05\/norway.png\",\"width\":512,\"height\":512,\"caption\":\"TalkPal Norway\u00a0 Flag\"},{\"@type\":\"BreadcrumbList\",\"@id\":\"https:\/\/talkpal.ai\/mt\/grammatika-norvegiza\/#breadcrumb\",\"itemListElement\":[{\"@type\":\"ListItem\",\"position\":1,\"name\":\"Homepage\",\"item\":\"https:\/\/talkpal.ai\/mt\/\"},{\"@type\":\"ListItem\",\"position\":2,\"name\":\"Grammatika Norve\u0121i\u017ca\"}]},{\"@type\":\"WebSite\",\"@id\":\"https:\/\/talkpal.ai\/mt\/#website\",\"url\":\"https:\/\/talkpal.ai\/mt\/\",\"name\":\"Talkpal\",\"description\":\"AI Language Learning\",\"publisher\":{\"@id\":\"https:\/\/talkpal.ai\/mt\/#organization\"},\"alternateName\":\"Talkpal AI\",\"potentialAction\":[{\"@type\":\"SearchAction\",\"target\":{\"@type\":\"EntryPoint\",\"urlTemplate\":\"https:\/\/talkpal.ai\/mt\/?s={search_term_string}\"},\"query-input\":{\"@type\":\"PropertyValueSpecification\",\"valueRequired\":true,\"valueName\":\"search_term_string\"}}],\"inLanguage\":\"mt-MT\"},{\"@type\":\"Organization\",\"@id\":\"https:\/\/talkpal.ai\/mt\/#organization\",\"name\":\"Talkpal, Inc.\",\"alternateName\":\"Talkpal AI\",\"url\":\"https:\/\/talkpal.ai\/mt\/\",\"logo\":{\"@type\":\"ImageObject\",\"inLanguage\":\"mt-MT\",\"@id\":\"https:\/\/talkpal.ai\/mt\/#\/schema\/logo\/image\/\",\"url\":\"https:\/\/talkpal.ai\/wp-content\/uploads\/2024\/03\/Talkpal-Logo-Icon.png\",\"contentUrl\":\"https:\/\/talkpal.ai\/wp-content\/uploads\/2024\/03\/Talkpal-Logo-Icon.png\",\"width\":2880,\"height\":2880,\"caption\":\"Talkpal, Inc.\"},\"image\":{\"@id\":\"https:\/\/talkpal.ai\/mt\/#\/schema\/logo\/image\/\"},\"sameAs\":[\"https:\/\/www.facebook.com\/profile.php?id=100090733639311\",\"https:\/\/x.com\/talkpalai\",\"https:\/\/www.linkedin.com\/company\/talkpal\/\",\"https:\/\/www.youtube.com\/@TalkPal\/\",\"https:\/\/www.tiktok.com\/@talkpal\",\"https:\/\/www.instagram.com\/talkpal_ai\/\",\"https:\/\/www.crunchbase.com\/organization\/talkpal-9cde\",\"https:\/\/www.g2.com\/products\/talkpal-for-business\/\",\"https:\/\/www.trustpilot.com\/review\/talkpal.ai\",\"https:\/\/www.capterra.com\/p\/10006800\/TalkPal\/\"],\"description\":\"Talkpal is a language learning web and mobile education app, powered by the latest AI technologies, that provides engaging experiences to its customers in many different languages to help them improve their language skills. Users can chat about unlimited amount of topics with the app and use other modes to practice their language learning.\",\"email\":\"support@talkpal.ai\",\"legalName\":\"Talkpal, Inc.\",\"foundingDate\":\"2023-04-03\",\"duns\":\"118989042\",\"numberOfEmployees\":{\"@type\":\"QuantitativeValue\",\"minValue\":\"11\",\"maxValue\":\"50\"},\"publishingPrinciples\":\"https:\/\/talkpal.ai\/publishing-principles\/\",\"actionableFeedbackPolicy\":\"https:\/\/talkpal.ai\/actionable-feedback-policy\/\",\"correctionsPolicy\":\"https:\/\/talkpal.ai\/corrections-policy\/\",\"ethicsPolicy\":\"https:\/\/talkpal.ai\/ethics-policy\/\",\"diversityPolicy\":\"https:\/\/talkpal.ai\/diversity-policy\/\",\"diversityStaffingReport\":\"https:\/\/talkpal.ai\/diversity-policy\/\"}]}<\/script>\n<!-- \/ Yoast SEO Premium plugin. -->","yoast_head_json":{"title":"Grammatika Norve\u0121i\u017ca - Talkpal","description":"Esplora l-kumplessitajiet tal-grammatika Norve\u0121i\u017ca u eleva l-\u0127iliet lingwisti\u010bi tieg\u0127ek g\u0127al-livell li jmiss.","robots":{"index":"index","follow":"follow","max-snippet":"max-snippet:-1","max-image-preview":"max-image-preview:large","max-video-preview":"max-video-preview:-1"},"canonical":"https:\/\/talkpal.ai\/mt\/grammatika-norvegiza\/","og_locale":"mt_MT","og_type":"article","og_title":"Grammatika Norve\u0121i\u017ca","og_description":"G\u0127addas fil-Grammatika Norve\u0121i\u017ca: Gwida Komprensiva In-Norve\u0121i\u017c, lingwa affaxxinanti u espressiva, toffri opportunit\u00e0 unika g\u0127all-istudenti tal-lingwi","og_url":"https:\/\/talkpal.ai\/mt\/grammatika-norvegiza\/","og_site_name":"Talkpal","article_publisher":"https:\/\/www.facebook.com\/profile.php?id=100090733639311","article_modified_time":"2025-12-17T17:01:50+00:00","og_image":[{"width":512,"height":512,"url":"https:\/\/talkpal.ai\/wp-content\/uploads\/2023\/05\/norway.png","type":"image\/png"}],"twitter_card":"summary_large_image","twitter_site":"@talkpalai","twitter_misc":{"Est. reading time":"3 minutes"},"schema":{"@context":"https:\/\/schema.org","@graph":[{"@type":"WebPage","@id":"https:\/\/talkpal.ai\/mt\/grammatika-norvegiza\/","url":"https:\/\/talkpal.ai\/mt\/grammatika-norvegiza\/","name":"Grammatika Norve\u0121i\u017ca - Talkpal","isPartOf":{"@id":"https:\/\/talkpal.ai\/mt\/#website"},"primaryImageOfPage":{"@id":"https:\/\/talkpal.ai\/mt\/grammatika-norvegiza\/#primaryimage"},"image":{"@id":"https:\/\/talkpal.ai\/mt\/grammatika-norvegiza\/#primaryimage"},"thumbnailUrl":"https:\/\/talkpal.ai\/wp-content\/uploads\/2023\/05\/norway.png","datePublished":"2023-05-14T14:13:06+00:00","dateModified":"2025-12-17T17:01:50+00:00","description":"Esplora l-kumplessitajiet tal-grammatika Norve\u0121i\u017ca u eleva l-\u0127iliet lingwisti\u010bi tieg\u0127ek g\u0127al-livell li jmiss.","breadcrumb":{"@id":"https:\/\/talkpal.ai\/mt\/grammatika-norvegiza\/#breadcrumb"},"inLanguage":"mt-MT","potentialAction":[{"@type":"ReadAction","target":["https:\/\/talkpal.ai\/mt\/grammatika-norvegiza\/"]}]},{"@type":"ImageObject","inLanguage":"mt-MT","@id":"https:\/\/talkpal.ai\/mt\/grammatika-norvegiza\/#primaryimage","url":"https:\/\/talkpal.ai\/wp-content\/uploads\/2023\/05\/norway.png","contentUrl":"https:\/\/talkpal.ai\/wp-content\/uploads\/2023\/05\/norway.png","width":512,"height":512,"caption":"TalkPal Norway\u00a0 Flag"},{"@type":"BreadcrumbList","@id":"https:\/\/talkpal.ai\/mt\/grammatika-norvegiza\/#breadcrumb","itemListElement":[{"@type":"ListItem","position":1,"name":"Homepage","item":"https:\/\/talkpal.ai\/mt\/"},{"@type":"ListItem","position":2,"name":"Grammatika Norve\u0121i\u017ca"}]},{"@type":"WebSite","@id":"https:\/\/talkpal.ai\/mt\/#website","url":"https:\/\/talkpal.ai\/mt\/","name":"Talkpal","description":"AI Language Learning","publisher":{"@id":"https:\/\/talkpal.ai\/mt\/#organization"},"alternateName":"Talkpal AI","potentialAction":[{"@type":"SearchAction","target":{"@type":"EntryPoint","urlTemplate":"https:\/\/talkpal.ai\/mt\/?s={search_term_string}"},"query-input":{"@type":"PropertyValueSpecification","valueRequired":true,"valueName":"search_term_string"}}],"inLanguage":"mt-MT"},{"@type":"Organization","@id":"https:\/\/talkpal.ai\/mt\/#organization","name":"Talkpal, Inc.","alternateName":"Talkpal AI","url":"https:\/\/talkpal.ai\/mt\/","logo":{"@type":"ImageObject","inLanguage":"mt-MT","@id":"https:\/\/talkpal.ai\/mt\/#\/schema\/logo\/image\/","url":"https:\/\/talkpal.ai\/wp-content\/uploads\/2024\/03\/Talkpal-Logo-Icon.png","contentUrl":"https:\/\/talkpal.ai\/wp-content\/uploads\/2024\/03\/Talkpal-Logo-Icon.png","width":2880,"height":2880,"caption":"Talkpal, Inc."},"image":{"@id":"https:\/\/talkpal.ai\/mt\/#\/schema\/logo\/image\/"},"sameAs":["https:\/\/www.facebook.com\/profile.php?id=100090733639311","https:\/\/x.com\/talkpalai","https:\/\/www.linkedin.com\/company\/talkpal\/","https:\/\/www.youtube.com\/@TalkPal\/","https:\/\/www.tiktok.com\/@talkpal","https:\/\/www.instagram.com\/talkpal_ai\/","https:\/\/www.crunchbase.com\/organization\/talkpal-9cde","https:\/\/www.g2.com\/products\/talkpal-for-business\/","https:\/\/www.trustpilot.com\/review\/talkpal.ai","https:\/\/www.capterra.com\/p\/10006800\/TalkPal\/"],"description":"Talkpal is a language learning web and mobile education app, powered by the latest AI technologies, that provides engaging experiences to its customers in many different languages to help them improve their language skills. Users can chat about unlimited amount of topics with the app and use other modes to practice their language learning.","email":"support@talkpal.ai","legalName":"Talkpal, Inc.","foundingDate":"2023-04-03","duns":"118989042","numberOfEmployees":{"@type":"QuantitativeValue","minValue":"11","maxValue":"50"},"publishingPrinciples":"https:\/\/talkpal.ai\/publishing-principles\/","actionableFeedbackPolicy":"https:\/\/talkpal.ai\/actionable-feedback-policy\/","correctionsPolicy":"https:\/\/talkpal.ai\/corrections-policy\/","ethicsPolicy":"https:\/\/talkpal.ai\/ethics-policy\/","diversityPolicy":"https:\/\/talkpal.ai\/diversity-policy\/","diversityStaffingReport":"https:\/\/talkpal.ai\/diversity-policy\/"}]}},"_links":{"self":[{"href":"https:\/\/talkpal.ai\/mt\/wp-json\/wp\/v2\/pages\/1443636","targetHints":{"allow":["GET"]}}],"collection":[{"href":"https:\/\/talkpal.ai\/mt\/wp-json\/wp\/v2\/pages"}],"about":[{"href":"https:\/\/talkpal.ai\/mt\/wp-json\/wp\/v2\/types\/page"}],"author":[{"embeddable":true,"href":"https:\/\/talkpal.ai\/mt\/wp-json\/wp\/v2\/users\/1"}],"replies":[{"embeddable":true,"href":"https:\/\/talkpal.ai\/mt\/wp-json\/wp\/v2\/comments?post=1443636"}],"version-history":[{"count":0,"href":"https:\/\/talkpal.ai\/mt\/wp-json\/wp\/v2\/pages\/1443636\/revisions"}],"wp:featuredmedia":[{"embeddable":true,"href":"https:\/\/talkpal.ai\/mt\/wp-json\/wp\/v2\/media\/1443637"}],"wp:attachment":[{"href":"https:\/\/talkpal.ai\/mt\/wp-json\/wp\/v2\/media?parent=1443636"}],"curies":[{"name":"wp","href":"https:\/\/api.w.org\/{rel}","templated":true}]}}