{"id":1443630,"date":"2023-05-14T14:12:45","date_gmt":"2023-05-14T14:12:45","guid":{"rendered":"https:\/\/talkpal.ai\/grammatika-tan-nepal\/"},"modified":"2025-12-17T17:00:00","modified_gmt":"2025-12-17T17:00:00","slug":"grammatika-tan-nepal","status":"publish","type":"page","link":"https:\/\/talkpal.ai\/mt\/grammatika-tan-nepal\/","title":{"rendered":"Grammatika tan-Nepal"},"content":{"rendered":"\r\n\r\n\r\n<section class=\"languageChallengeSection\">\r\n    <div class=\"languageInfoWrapper\">\r\n        \r\n        <h1>Grammatika tan-Nepal<\/h1>\r\n        <p>Kurju\u017c dwar in-Nepal? Skopri l-grammatika <a href=\"https:\/\/talkpal.ai\/learn-nepali\/\">Nepali<\/a>, li fiha nomi tal-\u0121eneru, postpo\u017cizzjonijiet, u struttura ta &#039;sentenza flessibbli li tag\u0127mel il-lingwa kemm espressiva kif ukoll impenjattiva. Ibda titg\u0127allem illum &#8211; il-\u0127akma tal-grammatika Nepali\u017ca se tifta\u0127 konversazzjonijiet sinifikanti u tg\u0127aqqad lilek mal-kulturi u t-tradizzjonijiet differenti tan-Nepal!<\/p>\r\n\r\n                            <a class=\"getStartedHidden\" href=\"https:\/\/app.talkpal.ai\/signup?lng=\">Ibda<\/a>\r\n        \r\n    <\/div>\r\n\r\n    <figure>\r\n    <img decoding=\"async\" width=\"768\" height=\"768\" src=\"https:\/\/talkpal.ai\/wp-content\/uploads\/2023\/06\/nepali-768x768.png\" class=\"languageImage no-lazy\" alt=\"Practical language learning for real-life application\" fetchpriority=\"high\" sizes=\"(max-width: 768px) 150px, 768px\" srcset=\"https:\/\/talkpal.ai\/wp-content\/uploads\/2023\/06\/nepali-768x768.png 768w, https:\/\/talkpal.ai\/wp-content\/uploads\/2023\/06\/nepali-300x300.png 300w\" \/>\r\n    \r\n\r\n    <\/figure>\r\n\r\n            <a class=\"getStartedVisible\" href=\"https:\/\/app.talkpal.ai\/signup?lng=\">Ibda<\/a>\r\n    \r\n<\/section>\r\n<section class=\"promotionalBanner\">\r\n    <p class=\"promotionalText\">L-aktar mod effi\u010bjenti biex titg\u0127allem lingwa<\/p>\r\n    <a class=\"promotionalLink\" href=\"https:\/\/app.talkpal.ai\/signup?lng=\">Ipprova Talkpal b&#8217;xejn<\/a>\r\n<\/section>\n<div class=\"wp-block-group pageContainerStyle\"><div class=\"wp-block-group__inner-container is-layout-constrained wp-block-group-is-layout-constrained\">\n<h2 class=\"wp-block-heading\" id=\"h-delving-into-the-richness-of-nepali-grammar-an-insightful-guide\">Delving into the Richness of Nepali Grammar: An Insightful Guide<\/h2>\n\n\n\n<p>Nepali, lingwa Indo-Arjana mitkellma minn aktar minn 25 miljun ru\u0127 fin-Nepal u re\u0121juni \u0121irien, hija lingwa sabi\u0127a li turi r-rikkezza kulturali u d-diversit\u00e0 lingwistika tal-Asja t&#8217;Isfel. Biex tikkomunika b&#8217;mod effettiv fin-Nepali u tassew tapprezza s-sbu\u0127ija tag\u0127ha, wie\u0127ed irid jifhem il-grammatika tieg\u0127u. F&#8217;dan l-artikolu, a\u0127na se nipprovdu \u0127arsa \u0121enerali lejn l-aspetti essenzjali tal-grammatika tan-Nepal u noffru pariri pratti\u010bi biex jg\u0127inuk tikkontrolla din il-lingwa affaxxinanti.<\/p>\n\n\n\n<h3 class=\"wp-block-heading\" id=\"h-key-aspects-of-nepali-grammar\">Aspetti ewlenin tal-grammatika tan-Nepal:<\/h3>\n\n\n\n<p>Il-grammatika tan-Nepal tista &#8216;inizjalment tidher ta&#8217; sfida, i\u017cda bil-\u0127in u l-prattika, tista &#8216;tikseb il-hang ta&#8217; dan. Hawn huma xi komponenti fundamentali tal-grammatika Nepali biex jiffamiljarizzaw ru\u0127ek mag\u0127hom:<\/p>\n\n\n\n<p><strong>1. Nouns:<\/strong> In-nomi Nepali m&#8217;g\u0127andhomx \u0121eneru grammatikali, li jag\u0127milha aktar fa\u010bli g\u0127all-istudenti peress li m&#8217;hemmx g\u0127alfejn timmemorizza s-sess ta &#8216;kull nom. Madankollu, in-nomi huma mg\u0127aw\u0121a g\u0127an-numru (singular u plural) u l-ka\u017c (nominativ, \u0121enittiv, dattiv, e\u010b\u010b.).<\/p>\n\n\n\n<p><strong>2. Pronomi:<\/strong> Il-pronomi personali fin-Nepali g\u0127andhom tliet forom: su\u0121\u0121ettivi, o\u0121\u0121ettivi u possessivi. Jaqblu man-nom li jirreferu g\u0127alih f&#8217;termini ta&#8217; numru i\u017cda mhux ta&#8217; sess. Hemm ukoll pronomi differenti u forom ta &#8216;konjugazzjoni tal-verbi bba\u017cati fuq il-livell ta&#8217; formalit\u00e0 (edukat, familjari, jew intimi).<\/p>\n\n\n\n<p><strong>3. Verbi:<\/strong> Il-verbi tan-Nepal huma mdawra g\u0127at-temp (pre\u017cent, passat, u futur), burdata (indikattiv, imperattiv, jew subjunctive), u aspett (kontinwu, perfett, jew sempli\u010bi). Hemm ukoll mudelli distinti ta &#8216;konjugazzjoni tal-verbi skont il-livell ta&#8217; formalit\u00e0 tas-su\u0121\u0121ett.<\/p>\n\n\n\n<p><strong>4. A\u0121\u0121ettivi u avverbji:<\/strong> L-a\u0121\u0121ettivi fin-Nepali normalment isegwu n-nom li jimmodifikaw u jaqblu fin-numru u l-ka\u017c. L-avverbji jistg\u0127u jintu\u017caw biex jipprovdu informazzjoni addizzjonali u \u0121eneralment ma jbiddlux il-forma tag\u0127hom.<\/p>\n\n\n\n<p><strong>5. Struttura tas-sentenza:<\/strong> L-istruttura tipika tas-sentenza tan-Nepal issegwi l-ordni <a href=\"https:\/\/talkpal.ai\/culture\/how-do-you-structure-a-sentence-using-subject-object-verb-order-in-uzbek\/\">Subject-Object-Verb<\/a> (SOV). Madankollu, l-ordni tal-kliem tista &#8216;tkun flessibbli, skont l-enfasi u l-kuntest.<\/p>\n\n\n\n<h3 class=\"wp-block-heading\" id=\"h-tips-for-learning-nepali-grammar\">\u0126jiel g\u0127at-Tag\u0127lim tal-Grammatika tan-Nepal:<\/h3>\n\n\n\n<p>Hawn huma xi strate\u0121iji effettivi biex tag\u0127mel il-vja\u0121\u0121 tat-tag\u0127lim tal-grammatika Nepali tieg\u0127ek aktar bla xkiel:<\/p>\n\n\n\n<p><strong>1. Ibda bil-punti ba\u017ci\u010bi:<\/strong> Iffoka fuq it-tag\u0127lim tal-prin\u010bipji fundamentali tal-grammatika Nepali, b\u0127al ka\u017cijiet ta &#8216;nomi, pronomi, u konjugazzjoni tal-verbi. Hekk kif il-fehim tieg\u0127ek ji\u017cdied, gradwalment inkorpora strutturi u regoli aktar kumplessi.<\/p>\n\n\n\n<p><strong>2. Prattika regolarment:<\/strong> Il-konsistenza hija kritika meta titg\u0127allem lingwa \u0121dida. Allocate specific times every day or week to practice grammar exercises, reading, and writing in Nepali.<\/p>\n\n\n\n<p><strong>3. U\u017ca ri\u017corsi indi\u0121eni:<\/strong> G\u0127addas ru\u0127ek f&#8217;materjali awtenti\u010bi tan-Nepal, b\u0127al letteratura, artikli tal-a\u0127barijiet, u podcasts. Dan mhux biss jg\u0127inek tifhem il-grammatika tan-Nepal fil-kuntest i\u017cda wkoll ittejjeb il-\u0127iliet lingwisti\u010bi \u0121enerali tieg\u0127ek.<\/p>\n\n\n\n<p><strong>4. Qabbad ma &#8216;kelliema nattivi:<\/strong> L-involviment f&#8217;konversazzjonijiet ma&#8217; kelliema nattivi tan-Nepal jippermettilek tipprattika l-grammatika f&#8217;sitwazzjonijiet tal-\u0127ajja reali u tir\u010bievi feedback siewja. Ikkunsidra li ting\u0127aqad ma &#8216;gruppi ta&#8217; skambju lingwisti\u010bi jew forums onlajn biex tikkonnettja ma &#8216;individwi li jitkellmu Nepali.<\/p>\n\n\n\n<p><strong>5. Kun pa\u010benzju\u017c u persistenti:<\/strong> Ftakar li t-tag\u0127lim ta &#8216;lingwa \u0121dida jie\u0127u \u017cmien, perseveranza u pa\u010benzja. T\u0127addan l-isfidi u \u010b\u010belebra l-progress tieg\u0127ek matul it-triq.<\/p>\n\n\n\n<h3 class=\"wp-block-heading\" id=\"h-conclusion\">Konklu\u017cjoni:<\/h3>\n\n\n\n<p>Il-grammatika tan-Nepal, bil-karatteristi\u010bi uni\u010bi tag\u0127ha u l-konnessjonijiet mal-familja tal-lingwi Indo-Arjana, toffri vja\u0121\u0121 lingwistiku affaxxinanti. Billi tifhem l-aspetti ewlenin tag\u0127ha u ssegwi l-pariri pratti\u010bi tag\u0127na, int ser twitti t-triq lejn il-profi\u010bjenza lingwistika u tikseb apprezzament aktar profond tal-lingwa Nepali. Allura, avventura &#8216;l quddiem b&#8217;entu\u017cja\u017cmu u kur\u017cit\u00e0, u t\u0127addan it-te\u017cori lingwisti\u010bi tan-Nepal!<\/p>\n<\/div><\/div>\n\r\n<section class=\"learnNavigationSection\">\r\n            \r\n        <a href=\"https:\/\/talkpal.ai\/mt\/tghallem-in-nepali\/\">\r\n            <div class=\"learnNavigationWrapper\">\r\n                <div class=\"learnNavigationContent\">\r\n                    <img decoding=\"async\" src=\"https:\/\/talkpal.ai\/wp-content\/uploads\/2024\/08\/Nepali.jpg\" alt=\"Nepali Flag\">\r\n                    <div>\r\n                        <h4>Dwar it-Tag\u0127lim tan-Nepal<\/h4>\r\n                        <p>Sir af kollox dwar il-grammatika tan-Nepal.<\/p>\r\n                    <\/div>\r\n                <\/div>\r\n            <\/div>\r\n        <\/a>\r\n\r\n        \r\n        <a href=\"https:\/\/talkpal.ai\/mt\/ezercizzji-tal-grammatika-tan-nepal\/\">\r\n            <div class=\"learnNavigationWrapper\">\r\n                <div class=\"learnNavigationContent\">\r\n                    <img decoding=\"async\" src=\"https:\/\/talkpal.ai\/wp-content\/uploads\/2024\/08\/Nepali.jpg\" alt=\"Nepali Flag\">\r\n                    <div>\r\n                        <h4>E\u017cer\u010bizzju tal-Grammatika tan-Nepal<\/h4>\r\n                        <p>Ipprattika l-grammatika tan-Nepal.<\/p>\r\n                    <\/div>\r\n                <\/div>\r\n            <\/div>\r\n        <\/a>\r\n\r\n        \r\n        <a href=\"https:\/\/talkpal.ai\/vocabulary_language\/nepali\/\">\r\n            <div class=\"learnNavigationWrapper\">\r\n                <div class=\"learnNavigationContent\">\r\n                    <img decoding=\"async\" src=\"https:\/\/talkpal.ai\/wp-content\/uploads\/2024\/08\/Nepali.jpg\" alt=\"Nepali Flag\">\r\n                    <div>\r\n                        <h4>Vokabularju tan-Nepal<\/h4>\r\n                        <p>Espandi l-vokabularju Nepali tieg\u0127ek.<\/p>\r\n                    <\/div>\r\n                <\/div>\r\n            <\/div>\r\n        <\/a>\r\n\r\n            <\/section>","protected":false},"excerpt":{"rendered":"<p>Delving into the Richness of Nepali Grammar: An Insightful Guide Nepali, lingwa Indo-Arjana mitkellma minn aktar minn 25 miljun ru\u0127 fin-Nepal u re\u0121juni \u0121irien, hija lingwa sabi\u0127a li turi r-rikkezza kulturali u d-diversit\u00e0 lingwistika tal-Asja t&#8217;Isfel. Biex tikkomunika b&#8217;mod effettiv fin-Nepali u tassew tapprezza s-sbu\u0127ija tag\u0127ha, wie\u0127ed irid jifhem il-grammatika tieg\u0127u. F&#8217;dan l-artikolu, a\u0127na se [&hellip;]<\/p>\n","protected":false},"author":1,"featured_media":1443631,"parent":0,"menu_order":0,"comment_status":"closed","ping_status":"closed","template":"LearningContentPage.php","meta":{"_acf_changed":false,"footnotes":""},"class_list":["post-1443630","page","type-page","status-publish","has-post-thumbnail","hentry"],"acf":[],"yoast_head":"<!-- This site is optimized with the Yoast SEO Premium plugin v27.2 (Yoast SEO v27.2) - https:\/\/yoast.com\/product\/yoast-seo-premium-wordpress\/ -->\n<title>Grammatika tan-Nepal - Talkpal<\/title>\n<meta name=\"description\" content=\"Esplora l-Grammatika Nepali u ttejjeb il-fehim tieg\u0127ek tal-lingwa bi spjegazzjonijiet \u010bari u kon\u010bi\u017ci.\" \/>\n<meta name=\"robots\" content=\"index, follow, max-snippet:-1, max-image-preview:large, max-video-preview:-1\" \/>\n<link rel=\"canonical\" href=\"https:\/\/talkpal.ai\/mt\/grammatika-tan-nepal\/\" \/>\n<meta property=\"og:locale\" content=\"mt_MT\" \/>\n<meta property=\"og:type\" content=\"article\" \/>\n<meta property=\"og:title\" content=\"Grammatika tan-Nepal\" \/>\n<meta property=\"og:description\" content=\"Delving into the Richness of Nepali Grammar: An Insightful Guide Nepali, lingwa Indo-Arjana mitkellma minn aktar minn 25 miljun ru\u0127 fin-Nepal u re\u0121juni\" \/>\n<meta property=\"og:url\" content=\"https:\/\/talkpal.ai\/mt\/grammatika-tan-nepal\/\" \/>\n<meta property=\"og:site_name\" content=\"Talkpal\" \/>\n<meta property=\"article:publisher\" content=\"https:\/\/www.facebook.com\/profile.php?id=100090733639311\" \/>\n<meta property=\"article:modified_time\" content=\"2025-12-17T17:00:00+00:00\" \/>\n<meta property=\"og:image\" content=\"https:\/\/talkpal.ai\/wp-content\/uploads\/2023\/05\/nepal.png\" \/>\n\t<meta property=\"og:image:width\" content=\"512\" \/>\n\t<meta property=\"og:image:height\" content=\"512\" \/>\n\t<meta property=\"og:image:type\" content=\"image\/png\" \/>\n<meta name=\"twitter:card\" content=\"summary_large_image\" \/>\n<meta name=\"twitter:site\" content=\"@talkpalai\" \/>\n<meta name=\"twitter:label1\" content=\"Est. reading time\" \/>\n\t<meta name=\"twitter:data1\" content=\"3 minutes\" \/>\n<script type=\"application\/ld+json\" class=\"yoast-schema-graph\">{\"@context\":\"https:\/\/schema.org\",\"@graph\":[{\"@type\":\"WebPage\",\"@id\":\"https:\/\/talkpal.ai\/mt\/grammatika-tan-nepal\/\",\"url\":\"https:\/\/talkpal.ai\/mt\/grammatika-tan-nepal\/\",\"name\":\"Grammatika tan-Nepal - Talkpal\",\"isPartOf\":{\"@id\":\"https:\/\/talkpal.ai\/mt\/#website\"},\"primaryImageOfPage\":{\"@id\":\"https:\/\/talkpal.ai\/mt\/grammatika-tan-nepal\/#primaryimage\"},\"image\":{\"@id\":\"https:\/\/talkpal.ai\/mt\/grammatika-tan-nepal\/#primaryimage\"},\"thumbnailUrl\":\"https:\/\/talkpal.ai\/wp-content\/uploads\/2023\/05\/nepal.png\",\"datePublished\":\"2023-05-14T14:12:45+00:00\",\"dateModified\":\"2025-12-17T17:00:00+00:00\",\"description\":\"Esplora l-Grammatika Nepali u ttejjeb il-fehim tieg\u0127ek tal-lingwa bi spjegazzjonijiet \u010bari u kon\u010bi\u017ci.\",\"breadcrumb\":{\"@id\":\"https:\/\/talkpal.ai\/mt\/grammatika-tan-nepal\/#breadcrumb\"},\"inLanguage\":\"mt-MT\",\"potentialAction\":[{\"@type\":\"ReadAction\",\"target\":[\"https:\/\/talkpal.ai\/mt\/grammatika-tan-nepal\/\"]}]},{\"@type\":\"ImageObject\",\"inLanguage\":\"mt-MT\",\"@id\":\"https:\/\/talkpal.ai\/mt\/grammatika-tan-nepal\/#primaryimage\",\"url\":\"https:\/\/talkpal.ai\/wp-content\/uploads\/2023\/05\/nepal.png\",\"contentUrl\":\"https:\/\/talkpal.ai\/wp-content\/uploads\/2023\/05\/nepal.png\",\"width\":512,\"height\":512,\"caption\":\"TalkPal Nepal Flag\"},{\"@type\":\"BreadcrumbList\",\"@id\":\"https:\/\/talkpal.ai\/mt\/grammatika-tan-nepal\/#breadcrumb\",\"itemListElement\":[{\"@type\":\"ListItem\",\"position\":1,\"name\":\"Homepage\",\"item\":\"https:\/\/talkpal.ai\/mt\/\"},{\"@type\":\"ListItem\",\"position\":2,\"name\":\"Grammatika tan-Nepal\"}]},{\"@type\":\"WebSite\",\"@id\":\"https:\/\/talkpal.ai\/mt\/#website\",\"url\":\"https:\/\/talkpal.ai\/mt\/\",\"name\":\"Talkpal\",\"description\":\"AI Language Learning\",\"publisher\":{\"@id\":\"https:\/\/talkpal.ai\/mt\/#organization\"},\"alternateName\":\"Talkpal AI\",\"potentialAction\":[{\"@type\":\"SearchAction\",\"target\":{\"@type\":\"EntryPoint\",\"urlTemplate\":\"https:\/\/talkpal.ai\/mt\/?s={search_term_string}\"},\"query-input\":{\"@type\":\"PropertyValueSpecification\",\"valueRequired\":true,\"valueName\":\"search_term_string\"}}],\"inLanguage\":\"mt-MT\"},{\"@type\":\"Organization\",\"@id\":\"https:\/\/talkpal.ai\/mt\/#organization\",\"name\":\"Talkpal, Inc.\",\"alternateName\":\"Talkpal AI\",\"url\":\"https:\/\/talkpal.ai\/mt\/\",\"logo\":{\"@type\":\"ImageObject\",\"inLanguage\":\"mt-MT\",\"@id\":\"https:\/\/talkpal.ai\/mt\/#\/schema\/logo\/image\/\",\"url\":\"https:\/\/talkpal.ai\/wp-content\/uploads\/2024\/03\/Talkpal-Logo-Icon.png\",\"contentUrl\":\"https:\/\/talkpal.ai\/wp-content\/uploads\/2024\/03\/Talkpal-Logo-Icon.png\",\"width\":2880,\"height\":2880,\"caption\":\"Talkpal, Inc.\"},\"image\":{\"@id\":\"https:\/\/talkpal.ai\/mt\/#\/schema\/logo\/image\/\"},\"sameAs\":[\"https:\/\/www.facebook.com\/profile.php?id=100090733639311\",\"https:\/\/x.com\/talkpalai\",\"https:\/\/www.linkedin.com\/company\/talkpal\/\",\"https:\/\/www.youtube.com\/@TalkPal\/\",\"https:\/\/www.tiktok.com\/@talkpal\",\"https:\/\/www.instagram.com\/talkpal_ai\/\",\"https:\/\/www.crunchbase.com\/organization\/talkpal-9cde\",\"https:\/\/www.g2.com\/products\/talkpal-for-business\/\",\"https:\/\/www.trustpilot.com\/review\/talkpal.ai\",\"https:\/\/www.capterra.com\/p\/10006800\/TalkPal\/\"],\"description\":\"Talkpal is a language learning web and mobile education app, powered by the latest AI technologies, that provides engaging experiences to its customers in many different languages to help them improve their language skills. Users can chat about unlimited amount of topics with the app and use other modes to practice their language learning.\",\"email\":\"support@talkpal.ai\",\"legalName\":\"Talkpal, Inc.\",\"foundingDate\":\"2023-04-03\",\"duns\":\"118989042\",\"numberOfEmployees\":{\"@type\":\"QuantitativeValue\",\"minValue\":\"11\",\"maxValue\":\"50\"},\"publishingPrinciples\":\"https:\/\/talkpal.ai\/publishing-principles\/\",\"actionableFeedbackPolicy\":\"https:\/\/talkpal.ai\/actionable-feedback-policy\/\",\"correctionsPolicy\":\"https:\/\/talkpal.ai\/corrections-policy\/\",\"ethicsPolicy\":\"https:\/\/talkpal.ai\/ethics-policy\/\",\"diversityPolicy\":\"https:\/\/talkpal.ai\/diversity-policy\/\",\"diversityStaffingReport\":\"https:\/\/talkpal.ai\/diversity-policy\/\"}]}<\/script>\n<!-- \/ Yoast SEO Premium plugin. -->","yoast_head_json":{"title":"Grammatika tan-Nepal - Talkpal","description":"Esplora l-Grammatika Nepali u ttejjeb il-fehim tieg\u0127ek tal-lingwa bi spjegazzjonijiet \u010bari u kon\u010bi\u017ci.","robots":{"index":"index","follow":"follow","max-snippet":"max-snippet:-1","max-image-preview":"max-image-preview:large","max-video-preview":"max-video-preview:-1"},"canonical":"https:\/\/talkpal.ai\/mt\/grammatika-tan-nepal\/","og_locale":"mt_MT","og_type":"article","og_title":"Grammatika tan-Nepal","og_description":"Delving into the Richness of Nepali Grammar: An Insightful Guide Nepali, lingwa Indo-Arjana mitkellma minn aktar minn 25 miljun ru\u0127 fin-Nepal u re\u0121juni","og_url":"https:\/\/talkpal.ai\/mt\/grammatika-tan-nepal\/","og_site_name":"Talkpal","article_publisher":"https:\/\/www.facebook.com\/profile.php?id=100090733639311","article_modified_time":"2025-12-17T17:00:00+00:00","og_image":[{"width":512,"height":512,"url":"https:\/\/talkpal.ai\/wp-content\/uploads\/2023\/05\/nepal.png","type":"image\/png"}],"twitter_card":"summary_large_image","twitter_site":"@talkpalai","twitter_misc":{"Est. reading time":"3 minutes"},"schema":{"@context":"https:\/\/schema.org","@graph":[{"@type":"WebPage","@id":"https:\/\/talkpal.ai\/mt\/grammatika-tan-nepal\/","url":"https:\/\/talkpal.ai\/mt\/grammatika-tan-nepal\/","name":"Grammatika tan-Nepal - Talkpal","isPartOf":{"@id":"https:\/\/talkpal.ai\/mt\/#website"},"primaryImageOfPage":{"@id":"https:\/\/talkpal.ai\/mt\/grammatika-tan-nepal\/#primaryimage"},"image":{"@id":"https:\/\/talkpal.ai\/mt\/grammatika-tan-nepal\/#primaryimage"},"thumbnailUrl":"https:\/\/talkpal.ai\/wp-content\/uploads\/2023\/05\/nepal.png","datePublished":"2023-05-14T14:12:45+00:00","dateModified":"2025-12-17T17:00:00+00:00","description":"Esplora l-Grammatika Nepali u ttejjeb il-fehim tieg\u0127ek tal-lingwa bi spjegazzjonijiet \u010bari u kon\u010bi\u017ci.","breadcrumb":{"@id":"https:\/\/talkpal.ai\/mt\/grammatika-tan-nepal\/#breadcrumb"},"inLanguage":"mt-MT","potentialAction":[{"@type":"ReadAction","target":["https:\/\/talkpal.ai\/mt\/grammatika-tan-nepal\/"]}]},{"@type":"ImageObject","inLanguage":"mt-MT","@id":"https:\/\/talkpal.ai\/mt\/grammatika-tan-nepal\/#primaryimage","url":"https:\/\/talkpal.ai\/wp-content\/uploads\/2023\/05\/nepal.png","contentUrl":"https:\/\/talkpal.ai\/wp-content\/uploads\/2023\/05\/nepal.png","width":512,"height":512,"caption":"TalkPal Nepal Flag"},{"@type":"BreadcrumbList","@id":"https:\/\/talkpal.ai\/mt\/grammatika-tan-nepal\/#breadcrumb","itemListElement":[{"@type":"ListItem","position":1,"name":"Homepage","item":"https:\/\/talkpal.ai\/mt\/"},{"@type":"ListItem","position":2,"name":"Grammatika tan-Nepal"}]},{"@type":"WebSite","@id":"https:\/\/talkpal.ai\/mt\/#website","url":"https:\/\/talkpal.ai\/mt\/","name":"Talkpal","description":"AI Language Learning","publisher":{"@id":"https:\/\/talkpal.ai\/mt\/#organization"},"alternateName":"Talkpal AI","potentialAction":[{"@type":"SearchAction","target":{"@type":"EntryPoint","urlTemplate":"https:\/\/talkpal.ai\/mt\/?s={search_term_string}"},"query-input":{"@type":"PropertyValueSpecification","valueRequired":true,"valueName":"search_term_string"}}],"inLanguage":"mt-MT"},{"@type":"Organization","@id":"https:\/\/talkpal.ai\/mt\/#organization","name":"Talkpal, Inc.","alternateName":"Talkpal AI","url":"https:\/\/talkpal.ai\/mt\/","logo":{"@type":"ImageObject","inLanguage":"mt-MT","@id":"https:\/\/talkpal.ai\/mt\/#\/schema\/logo\/image\/","url":"https:\/\/talkpal.ai\/wp-content\/uploads\/2024\/03\/Talkpal-Logo-Icon.png","contentUrl":"https:\/\/talkpal.ai\/wp-content\/uploads\/2024\/03\/Talkpal-Logo-Icon.png","width":2880,"height":2880,"caption":"Talkpal, Inc."},"image":{"@id":"https:\/\/talkpal.ai\/mt\/#\/schema\/logo\/image\/"},"sameAs":["https:\/\/www.facebook.com\/profile.php?id=100090733639311","https:\/\/x.com\/talkpalai","https:\/\/www.linkedin.com\/company\/talkpal\/","https:\/\/www.youtube.com\/@TalkPal\/","https:\/\/www.tiktok.com\/@talkpal","https:\/\/www.instagram.com\/talkpal_ai\/","https:\/\/www.crunchbase.com\/organization\/talkpal-9cde","https:\/\/www.g2.com\/products\/talkpal-for-business\/","https:\/\/www.trustpilot.com\/review\/talkpal.ai","https:\/\/www.capterra.com\/p\/10006800\/TalkPal\/"],"description":"Talkpal is a language learning web and mobile education app, powered by the latest AI technologies, that provides engaging experiences to its customers in many different languages to help them improve their language skills. Users can chat about unlimited amount of topics with the app and use other modes to practice their language learning.","email":"support@talkpal.ai","legalName":"Talkpal, Inc.","foundingDate":"2023-04-03","duns":"118989042","numberOfEmployees":{"@type":"QuantitativeValue","minValue":"11","maxValue":"50"},"publishingPrinciples":"https:\/\/talkpal.ai\/publishing-principles\/","actionableFeedbackPolicy":"https:\/\/talkpal.ai\/actionable-feedback-policy\/","correctionsPolicy":"https:\/\/talkpal.ai\/corrections-policy\/","ethicsPolicy":"https:\/\/talkpal.ai\/ethics-policy\/","diversityPolicy":"https:\/\/talkpal.ai\/diversity-policy\/","diversityStaffingReport":"https:\/\/talkpal.ai\/diversity-policy\/"}]}},"_links":{"self":[{"href":"https:\/\/talkpal.ai\/mt\/wp-json\/wp\/v2\/pages\/1443630","targetHints":{"allow":["GET"]}}],"collection":[{"href":"https:\/\/talkpal.ai\/mt\/wp-json\/wp\/v2\/pages"}],"about":[{"href":"https:\/\/talkpal.ai\/mt\/wp-json\/wp\/v2\/types\/page"}],"author":[{"embeddable":true,"href":"https:\/\/talkpal.ai\/mt\/wp-json\/wp\/v2\/users\/1"}],"replies":[{"embeddable":true,"href":"https:\/\/talkpal.ai\/mt\/wp-json\/wp\/v2\/comments?post=1443630"}],"version-history":[{"count":0,"href":"https:\/\/talkpal.ai\/mt\/wp-json\/wp\/v2\/pages\/1443630\/revisions"}],"wp:featuredmedia":[{"embeddable":true,"href":"https:\/\/talkpal.ai\/mt\/wp-json\/wp\/v2\/media\/1443631"}],"wp:attachment":[{"href":"https:\/\/talkpal.ai\/mt\/wp-json\/wp\/v2\/media?parent=1443630"}],"curies":[{"name":"wp","href":"https:\/\/api.w.org\/{rel}","templated":true}]}}