{"id":1443625,"date":"2023-05-14T14:11:47","date_gmt":"2023-05-14T14:11:47","guid":{"rendered":"https:\/\/talkpal.ai\/grammatika-tal-malaja\/"},"modified":"2025-12-17T16:40:51","modified_gmt":"2025-12-17T16:40:51","slug":"grammatika-tal-malaja","status":"publish","type":"page","link":"https:\/\/talkpal.ai\/mt\/grammatika-tal-malaja\/","title":{"rendered":"Grammatika tal-Malaja"},"content":{"rendered":"\r\n\r\n\r\n<section class=\"languageChallengeSection\">\r\n    <div class=\"languageInfoWrapper\">\r\n        \r\n        <h1>Grammatika tal-Malaja<\/h1>\r\n        <p>Kurju\u017c dwar it-tag\u0127lim tal-Malaj? G\u0127addas fil-grammatika Malajana, mag\u0127rufa g\u0127ar-regoli sempli\u010bi tag\u0127ha, in-nuqqas ta &#039;konjugazzjoni tal-verb, u l-u\u017cu ta&#039; affissi biex to\u0127loq tifsira. Ibda llum\u2014il-\u0127akma tal-grammatika Malajana tag\u0127tik il-kunfidenza biex tikkomunika fa\u010bilment u tifta\u0127 il-bibien g\u0127all-kulturi diversi u dinami\u010bi tax-Xlokk tal-Asja!<\/p>\r\n\r\n                            <a class=\"getStartedHidden\" href=\"https:\/\/app.talkpal.ai\/signup?lng=\">Ibda<\/a>\r\n        \r\n    <\/div>\r\n\r\n    <figure>\r\n    <img decoding=\"async\" width=\"768\" height=\"768\" src=\"https:\/\/talkpal.ai\/wp-content\/uploads\/2023\/06\/malay-768x768.png\" class=\"languageImage no-lazy\" alt=\"Language learning for personal accomplishments\" fetchpriority=\"high\" sizes=\"(max-width: 768px) 150px, 768px\" srcset=\"https:\/\/talkpal.ai\/wp-content\/uploads\/2023\/06\/malay-768x768.png 768w, https:\/\/talkpal.ai\/wp-content\/uploads\/2023\/06\/malay-300x300.png 300w\" \/>\r\n    \r\n\r\n    <\/figure>\r\n\r\n            <a class=\"getStartedVisible\" href=\"https:\/\/app.talkpal.ai\/signup?lng=\">Ibda<\/a>\r\n    \r\n<\/section>\r\n<section class=\"promotionalBanner\">\r\n    <p class=\"promotionalText\">L-aktar mod effi\u010bjenti biex titg\u0127allem lingwa<\/p>\r\n    <a class=\"promotionalLink\" href=\"https:\/\/app.talkpal.ai\/signup?lng=\">Ipprova Talkpal b&#8217;xejn<\/a>\r\n<\/section>\n<div class=\"wp-block-group pageContainerStyle\"><div class=\"wp-block-group__inner-container is-layout-constrained wp-block-group-is-layout-constrained\">\n<h2 class=\"wp-block-heading\" id=\"h-malay-grammar-exploring-the-richness-of-bahasa-melayu\">Grammatika Malajja: Esplorazzjoni tar-Rikkezza ta &#8216;Bahasa Melayu<\/h2>\n\n\n\n<p>Il-lingwa Malajana, jew <a href=\"https:\/\/talkpal.ai\/ms\/belajar-bahasa-melayu\/\">Bahasa Melayu<\/a>, tikklassifika fost l-aktar lingwi mitkellma fid-dinja, u tg\u0127aqqad il-popli diversi tal-Malasja, l-Indone\u017cja, il-Brunej, u Singapor. Hekk kif tid\u0127ol fit-tag\u0127lim tal-Malaj, malajr tiskopri s-sbu\u0127ija tal-grammatika u l-pajsa\u0121\u0121 lingwistiku li qed jikber. Dan l-artikolu g\u0127andu l-g\u0127an li jintrodu\u010bik g\u0127all-prin\u010bipji ewlenin tal-grammatika Malajana, u jiggwidak biex tifhem u tapprezza a\u0127jar din il-lingwa versatili.<\/p>\n\n\n\n<h3 class=\"wp-block-heading\" id=\"h-1-nouns-simplicity-rules\">1. Nouns &#8211; Regoli ta &#8216;Sempli\u010bit\u00e0<\/h3>\n\n\n\n<p>B&#8217;kuntrast ma&#8217; lingwi o\u0127ra, il-grammatika Malajana m&#8217;g\u0127andhiex deklinazzjonijiet jew klassifikazzjonijiet tal-\u0121eneru g\u0127an-nomi tag\u0127ha. Minflok, l-u\u017cu tan-nomi jpo\u0121\u0121i enfasi qawwija fuq is-sempli\u010bit\u00e0. Forom plurali ta &#8216;nomi jin\u0127olqu billi sempli\u010bement jidduplikawhom. \u0126sejjes fa\u010bli, hux? Pere\u017cempju, &#8220;tuffie\u0127&#8221; huwa &#8220;buah epal,&#8221; allura &#8220;tuffie\u0127&#8221; isir &#8220;buah-buah epal.&#8221; Tista &#8216;twaqqa&#8217; d-duplikazzjoni f&#8217;diskors informali.<\/p>\n\n\n\n<h3 class=\"wp-block-heading\" id=\"h-2-adjectives-straightforward-descriptions\">2. A\u0121\u0121ettivi &#8211; Deskrizzjonijiet Sempli\u010bi<\/h3>\n\n\n\n<p>L-a\u0121\u0121ettivi tal-Maljani jibqg\u0127u l-istess irrispettivament min-nom li jiddeskrivu, u jag\u0127mluhom oerh\u00f6rt fa\u010bli biex jintu\u017caw \u2013 xhieda o\u0127ra tas-sempli\u010bit\u00e0 tal-lingwa. It-tqeg\u0127id tal-a\u0121\u0121ettiv ji\u0121i wara n-nom, u jo\u0127loq fluss pja\u010bevoli fis-sentenzi. Pere\u017cempju, &#8220;dar kbira&#8221; hija &#8220;rumah besar,&#8221; b'&#8221;rumah&#8221; li tirreferi g\u0127al &#8220;dar&#8221; u &#8220;besar&#8221; tfisser &#8220;kbira.&#8221;<\/p>\n\n\n\n<h3 class=\"wp-block-heading\" id=\"h-3-verbs-the-magic-of-prefixes-and-suffixes\">3. Verbi &#8211; Il-Ma\u0121ija tal-Prefissi u s-Suffissi<\/h3>\n\n\n\n<p>Il-verbi Malajjani jifta\u0127ru versatilit\u00e0 li hija kemm e\u010b\u010bitanti kif ukoll sempli\u010bi. Fil-Bahasa <a href=\"https:\/\/talkpal.ai\/learn-malay\/\">Melayu<\/a>, it-tempi mhumiex espli\u010bitament trasmessi permezz ta &#8216;forom tal-verb; minflok, huma indikati permezz ta &#8216;kuntest jew markaturi tal-\u0127in. <a href=\"https:\/\/talkpal.ai\/locations\/language-courses-in-barra\/\">Barra<\/a> minn hekk, il-Malaj jag\u0127mel u\u017cu estensiv ta &#8216;prefissi u suffissi biex jesprimi aspetti verbali differenti.<\/p>\n\n\n\n<p>Hemm tliet prefissi primarji: &#8220;meN-&#8220;, &#8220;ber-&#8220;, u &#8220;ter-&#8220;. Il-prefiss &#8220;meN-&#8221; g\u0127andu firxa wiesg\u0127a ta &#8216;u\u017ci, inklu\u017c il-formazzjoni ta&#8217; verbi attivi u l-indikazzjoni ta &#8216;azzjonijiet kaw\u017cattivi. Sadanittant, &#8220;ber-&#8221; tfisser azzjonijiet intransitivi, u &#8220;ter-&#8221; tindika okkorrenzi a\u010b\u010bidentali jew azzjonijiet passivi. Huwa importanti li wie\u0127ed jinnota li kull prefiss jista &#8216;jikkaw\u017ca bidliet ortografi\u010bi \u017cg\u0127ar fil-verb ba\u017ci.<\/p>\n\n\n\n<p>Suffissi, b\u0127al &#8220;-kan&#8221; u &#8220;-i&#8221;, jg\u0127inu biex jipprovdu aktar spe\u010bifi\u010bit\u00e0, filwaqt li l-infix &#8220;-el-&#8221; jinjetta intensit\u00e0 g\u0127all-verb ba\u017ci.<\/p>\n\n\n\n<h3 class=\"wp-block-heading\" id=\"h-4-prepositions-amp-particles-adding-flavor-to-sentences\">4. Prepo\u017cizzjonijiet u Parti\u010belli &#8211; \u017bieda ta &#8216;Tog\u0127ma mas-Sentenzi<\/h3>\n\n\n\n<p>Il-prepo\u017cizzjonijiet u l-parti\u010belli g\u0127andhom rwol vitali fil-grammatika Malajana, billi ja\u0121ixxu b\u0127ala kolla lingwistika u jipprovdu kuntest essenzjali. Prepo\u017cizzjonijiet, b\u0127al &#8220;di&#8221; (at), &#8220;ke&#8221; (bi), u &#8220;dari&#8221; (minn), jg\u0127inu biex jistabbilixxu relazzjonijiet bejn il-kliem. Min-na\u0127a l-o\u0127ra, parti\u010belli, b\u0127al &#8220;lah,&#8221; &#8220;kah,&#8221; u &#8220;pun,&#8221; jintu\u017caw biex i\u017cidu enfasi, emozzjoni, u punti ta &#8216;mistoqsija mas-sentenzi.<\/p>\n\n\n\n<p>Pere\u017cempju, is-sentenza &#8220;Kamu pergi sana,&#8221; li tfisser &#8220;Int tmur hemm,&#8221; issir aktar enfatika jekk i\u017c\u017cid &#8220;lah&#8221; fl-a\u0127\u0127ar: &#8220;Kamu pergi sana lah.&#8221; Issa jfisser &#8220;Int tmur hemm (dritt issa).&#8221;<\/p>\n\n\n\n<h3 class=\"wp-block-heading\" id=\"h-5-embracing-the-journey\">5. T\u0127addan il-Vja\u0121\u0121<\/h3>\n\n\n\n<p>Filwaqt li l-grammatika Malajana tista &#8216;tidher sempli\u010bi meta mqabbla ma&#8217; lingwi o\u0127ra, is-sbu\u0127ija tag\u0127ha tinsab fir-rikkezza u l-varjet\u00e0 ta &#8216;espressjonijiet miksuba permezz ta&#8217; regoli sempli\u010bi. Il-fa\u010bilit\u00e0 tat-tag\u0127lim tal-grammatika Malajana tippermettilek timpenja ru\u0127ek mad-dinja diversa li titkellem bil-Malaj b&#8217;mod aktar effettiv u tg\u0127addas ru\u0127ek fil-kultura unika tag\u0127ha.<\/p>\n\n\n\n<p>Qabel ma tg\u0127addas rasu fid-dinja ta &#8216;Bahasa Melayu, ftakar li l-vja\u0121\u0121 jista&#8217; mhux dejjem ikun tba\u0127\u0127ir bla xkiel. \u017bomm mo\u0127\u0127 miftu\u0127, involvi ru\u0127u ma &#8216;kelliema nattivi, u, aktar importanti, tgawdi l-esperjenza li tiskopri l-isfumaturi f&#8217;din il-lingwa sabi\u0127a. Selamat belajar \u2013 tag\u0127lim kuntent!<\/p>\n<\/div><\/div>\n\r\n<section class=\"learnNavigationSection\">\r\n            \r\n        <a href=\"https:\/\/talkpal.ai\/mt\/tghallem-malay\/\">\r\n            <div class=\"learnNavigationWrapper\">\r\n                <div class=\"learnNavigationContent\">\r\n                    <img decoding=\"async\" src=\"https:\/\/talkpal.ai\/wp-content\/uploads\/2024\/08\/Malay.jpg\" alt=\"Malaysian Flag\">\r\n                    <div>\r\n                        <h4>Dwar it-Tag\u0127lim tal-Malaj<\/h4>\r\n                        <p>Sir af kollox dwar il-grammatika Malajana.<\/p>\r\n                    <\/div>\r\n                <\/div>\r\n            <\/div>\r\n        <\/a>\r\n\r\n        \r\n        <a href=\"https:\/\/talkpal.ai\/mt\/ezercizzji-tal-grammatika-malay\/\">\r\n            <div class=\"learnNavigationWrapper\">\r\n                <div class=\"learnNavigationContent\">\r\n                    <img decoding=\"async\" src=\"https:\/\/talkpal.ai\/wp-content\/uploads\/2024\/08\/Malay.jpg\" alt=\"Malaysian Flag\">\r\n                    <div>\r\n                        <h4>E\u017cer\u010bizzju tal-Grammatika tal-Malaja<\/h4>\r\n                        <p>Ipprattika l-grammatika tal-Malaja<\/p>\r\n                    <\/div>\r\n                <\/div>\r\n            <\/div>\r\n        <\/a>\r\n\r\n        \r\n        <a href=\"https:\/\/talkpal.ai\/vocabulary_language\/malay\/\">\r\n            <div class=\"learnNavigationWrapper\">\r\n                <div class=\"learnNavigationContent\">\r\n                    <img decoding=\"async\" src=\"https:\/\/talkpal.ai\/wp-content\/uploads\/2024\/08\/Malay.jpg\" alt=\"Malaysian Flag\">\r\n                    <div>\r\n                        <h4>Vokabularju tal-Malaja<\/h4>\r\n                        <p>Espandi l-vokabularju Malajan tieg\u0127ek.<\/p>\r\n                    <\/div>\r\n                <\/div>\r\n            <\/div>\r\n        <\/a>\r\n\r\n            <\/section>","protected":false},"excerpt":{"rendered":"<p>Grammatika Malajja: Esplorazzjoni tar-Rikkezza ta &#8216;Bahasa Melayu Il-lingwa Malajana, jew Bahasa Melayu, tikklassifika fost l-aktar lingwi mitkellma fid-dinja, u tg\u0127aqqad il-popli diversi tal-Malasja, l-Indone\u017cja, il-Brunej, u Singapor. Hekk kif tid\u0127ol fit-tag\u0127lim tal-Malaj, malajr tiskopri s-sbu\u0127ija tal-grammatika u l-pajsa\u0121\u0121 lingwistiku li qed jikber. Dan l-artikolu g\u0127andu l-g\u0127an li jintrodu\u010bik g\u0127all-prin\u010bipji ewlenin tal-grammatika Malajana, u jiggwidak biex [&hellip;]<\/p>\n","protected":false},"author":1,"featured_media":1443626,"parent":0,"menu_order":0,"comment_status":"closed","ping_status":"closed","template":"LearningContentPage.php","meta":{"_acf_changed":false,"footnotes":""},"class_list":["post-1443625","page","type-page","status-publish","has-post-thumbnail","hentry"],"acf":[],"yoast_head":"<!-- This site is optimized with the Yoast SEO Premium plugin v27.2 (Yoast SEO v27.2) - https:\/\/yoast.com\/product\/yoast-seo-premium-wordpress\/ -->\n<title>Grammatika tal-Malaja - Talkpal<\/title>\n<meta name=\"description\" content=\"Esplora l-grammatika Malajana u tg\u0127allem kif is-sempli\u010bit\u00e0 tag\u0127ha tista &#039;ttejjeb il-fehim tieg\u0127ek tal-lingwa Malajana.\" \/>\n<meta name=\"robots\" content=\"index, follow, max-snippet:-1, max-image-preview:large, max-video-preview:-1\" \/>\n<link rel=\"canonical\" href=\"https:\/\/talkpal.ai\/mt\/grammatika-tal-malaja\/\" \/>\n<meta property=\"og:locale\" content=\"mt_MT\" \/>\n<meta property=\"og:type\" content=\"article\" \/>\n<meta property=\"og:title\" content=\"Grammatika tal-Malaja\" \/>\n<meta property=\"og:description\" content=\"Grammatika Malajja: Esplorazzjoni tar-Rikkezza ta &#039;Bahasa Melayu Il-lingwa Malajana, jew Bahasa Melayu, tikklassifika fost l-aktar lingwi mitkellma\" \/>\n<meta property=\"og:url\" content=\"https:\/\/talkpal.ai\/mt\/grammatika-tal-malaja\/\" \/>\n<meta property=\"og:site_name\" content=\"Talkpal\" \/>\n<meta property=\"article:publisher\" content=\"https:\/\/www.facebook.com\/profile.php?id=100090733639311\" \/>\n<meta property=\"article:modified_time\" content=\"2025-12-17T16:40:51+00:00\" \/>\n<meta property=\"og:image\" content=\"https:\/\/talkpal.ai\/wp-content\/uploads\/2023\/05\/malaysia.png\" \/>\n\t<meta property=\"og:image:width\" content=\"512\" \/>\n\t<meta property=\"og:image:height\" content=\"512\" \/>\n\t<meta property=\"og:image:type\" content=\"image\/png\" \/>\n<meta name=\"twitter:card\" content=\"summary_large_image\" \/>\n<meta name=\"twitter:site\" content=\"@talkpalai\" \/>\n<meta name=\"twitter:label1\" content=\"Est. reading time\" \/>\n\t<meta name=\"twitter:data1\" content=\"3 minutes\" \/>\n<script type=\"application\/ld+json\" class=\"yoast-schema-graph\">{\"@context\":\"https:\/\/schema.org\",\"@graph\":[{\"@type\":\"WebPage\",\"@id\":\"https:\/\/talkpal.ai\/mt\/grammatika-tal-malaja\/\",\"url\":\"https:\/\/talkpal.ai\/mt\/grammatika-tal-malaja\/\",\"name\":\"Grammatika tal-Malaja - Talkpal\",\"isPartOf\":{\"@id\":\"https:\/\/talkpal.ai\/mt\/#website\"},\"primaryImageOfPage\":{\"@id\":\"https:\/\/talkpal.ai\/mt\/grammatika-tal-malaja\/#primaryimage\"},\"image\":{\"@id\":\"https:\/\/talkpal.ai\/mt\/grammatika-tal-malaja\/#primaryimage\"},\"thumbnailUrl\":\"https:\/\/talkpal.ai\/wp-content\/uploads\/2023\/05\/malaysia.png\",\"datePublished\":\"2023-05-14T14:11:47+00:00\",\"dateModified\":\"2025-12-17T16:40:51+00:00\",\"description\":\"Esplora l-grammatika Malajana u tg\u0127allem kif is-sempli\u010bit\u00e0 tag\u0127ha tista 'ttejjeb il-fehim tieg\u0127ek tal-lingwa Malajana.\",\"breadcrumb\":{\"@id\":\"https:\/\/talkpal.ai\/mt\/grammatika-tal-malaja\/#breadcrumb\"},\"inLanguage\":\"mt-MT\",\"potentialAction\":[{\"@type\":\"ReadAction\",\"target\":[\"https:\/\/talkpal.ai\/mt\/grammatika-tal-malaja\/\"]}]},{\"@type\":\"ImageObject\",\"inLanguage\":\"mt-MT\",\"@id\":\"https:\/\/talkpal.ai\/mt\/grammatika-tal-malaja\/#primaryimage\",\"url\":\"https:\/\/talkpal.ai\/wp-content\/uploads\/2023\/05\/malaysia.png\",\"contentUrl\":\"https:\/\/talkpal.ai\/wp-content\/uploads\/2023\/05\/malaysia.png\",\"width\":512,\"height\":512,\"caption\":\"TalkPal Malaysia Flag\"},{\"@type\":\"BreadcrumbList\",\"@id\":\"https:\/\/talkpal.ai\/mt\/grammatika-tal-malaja\/#breadcrumb\",\"itemListElement\":[{\"@type\":\"ListItem\",\"position\":1,\"name\":\"Homepage\",\"item\":\"https:\/\/talkpal.ai\/mt\/\"},{\"@type\":\"ListItem\",\"position\":2,\"name\":\"Grammatika tal-Malaja\"}]},{\"@type\":\"WebSite\",\"@id\":\"https:\/\/talkpal.ai\/mt\/#website\",\"url\":\"https:\/\/talkpal.ai\/mt\/\",\"name\":\"Talkpal\",\"description\":\"AI Language Learning\",\"publisher\":{\"@id\":\"https:\/\/talkpal.ai\/mt\/#organization\"},\"alternateName\":\"Talkpal AI\",\"potentialAction\":[{\"@type\":\"SearchAction\",\"target\":{\"@type\":\"EntryPoint\",\"urlTemplate\":\"https:\/\/talkpal.ai\/mt\/?s={search_term_string}\"},\"query-input\":{\"@type\":\"PropertyValueSpecification\",\"valueRequired\":true,\"valueName\":\"search_term_string\"}}],\"inLanguage\":\"mt-MT\"},{\"@type\":\"Organization\",\"@id\":\"https:\/\/talkpal.ai\/mt\/#organization\",\"name\":\"Talkpal, Inc.\",\"alternateName\":\"Talkpal AI\",\"url\":\"https:\/\/talkpal.ai\/mt\/\",\"logo\":{\"@type\":\"ImageObject\",\"inLanguage\":\"mt-MT\",\"@id\":\"https:\/\/talkpal.ai\/mt\/#\/schema\/logo\/image\/\",\"url\":\"https:\/\/talkpal.ai\/wp-content\/uploads\/2024\/03\/Talkpal-Logo-Icon.png\",\"contentUrl\":\"https:\/\/talkpal.ai\/wp-content\/uploads\/2024\/03\/Talkpal-Logo-Icon.png\",\"width\":2880,\"height\":2880,\"caption\":\"Talkpal, Inc.\"},\"image\":{\"@id\":\"https:\/\/talkpal.ai\/mt\/#\/schema\/logo\/image\/\"},\"sameAs\":[\"https:\/\/www.facebook.com\/profile.php?id=100090733639311\",\"https:\/\/x.com\/talkpalai\",\"https:\/\/www.linkedin.com\/company\/talkpal\/\",\"https:\/\/www.youtube.com\/@TalkPal\/\",\"https:\/\/www.tiktok.com\/@talkpal\",\"https:\/\/www.instagram.com\/talkpal_ai\/\",\"https:\/\/www.crunchbase.com\/organization\/talkpal-9cde\",\"https:\/\/www.g2.com\/products\/talkpal-for-business\/\",\"https:\/\/www.trustpilot.com\/review\/talkpal.ai\",\"https:\/\/www.capterra.com\/p\/10006800\/TalkPal\/\"],\"description\":\"Talkpal is a language learning web and mobile education app, powered by the latest AI technologies, that provides engaging experiences to its customers in many different languages to help them improve their language skills. Users can chat about unlimited amount of topics with the app and use other modes to practice their language learning.\",\"email\":\"support@talkpal.ai\",\"legalName\":\"Talkpal, Inc.\",\"foundingDate\":\"2023-04-03\",\"duns\":\"118989042\",\"numberOfEmployees\":{\"@type\":\"QuantitativeValue\",\"minValue\":\"11\",\"maxValue\":\"50\"},\"publishingPrinciples\":\"https:\/\/talkpal.ai\/publishing-principles\/\",\"actionableFeedbackPolicy\":\"https:\/\/talkpal.ai\/actionable-feedback-policy\/\",\"correctionsPolicy\":\"https:\/\/talkpal.ai\/corrections-policy\/\",\"ethicsPolicy\":\"https:\/\/talkpal.ai\/ethics-policy\/\",\"diversityPolicy\":\"https:\/\/talkpal.ai\/diversity-policy\/\",\"diversityStaffingReport\":\"https:\/\/talkpal.ai\/diversity-policy\/\"}]}<\/script>\n<!-- \/ Yoast SEO Premium plugin. -->","yoast_head_json":{"title":"Grammatika tal-Malaja - Talkpal","description":"Esplora l-grammatika Malajana u tg\u0127allem kif is-sempli\u010bit\u00e0 tag\u0127ha tista 'ttejjeb il-fehim tieg\u0127ek tal-lingwa Malajana.","robots":{"index":"index","follow":"follow","max-snippet":"max-snippet:-1","max-image-preview":"max-image-preview:large","max-video-preview":"max-video-preview:-1"},"canonical":"https:\/\/talkpal.ai\/mt\/grammatika-tal-malaja\/","og_locale":"mt_MT","og_type":"article","og_title":"Grammatika tal-Malaja","og_description":"Grammatika Malajja: Esplorazzjoni tar-Rikkezza ta 'Bahasa Melayu Il-lingwa Malajana, jew Bahasa Melayu, tikklassifika fost l-aktar lingwi mitkellma","og_url":"https:\/\/talkpal.ai\/mt\/grammatika-tal-malaja\/","og_site_name":"Talkpal","article_publisher":"https:\/\/www.facebook.com\/profile.php?id=100090733639311","article_modified_time":"2025-12-17T16:40:51+00:00","og_image":[{"width":512,"height":512,"url":"https:\/\/talkpal.ai\/wp-content\/uploads\/2023\/05\/malaysia.png","type":"image\/png"}],"twitter_card":"summary_large_image","twitter_site":"@talkpalai","twitter_misc":{"Est. reading time":"3 minutes"},"schema":{"@context":"https:\/\/schema.org","@graph":[{"@type":"WebPage","@id":"https:\/\/talkpal.ai\/mt\/grammatika-tal-malaja\/","url":"https:\/\/talkpal.ai\/mt\/grammatika-tal-malaja\/","name":"Grammatika tal-Malaja - Talkpal","isPartOf":{"@id":"https:\/\/talkpal.ai\/mt\/#website"},"primaryImageOfPage":{"@id":"https:\/\/talkpal.ai\/mt\/grammatika-tal-malaja\/#primaryimage"},"image":{"@id":"https:\/\/talkpal.ai\/mt\/grammatika-tal-malaja\/#primaryimage"},"thumbnailUrl":"https:\/\/talkpal.ai\/wp-content\/uploads\/2023\/05\/malaysia.png","datePublished":"2023-05-14T14:11:47+00:00","dateModified":"2025-12-17T16:40:51+00:00","description":"Esplora l-grammatika Malajana u tg\u0127allem kif is-sempli\u010bit\u00e0 tag\u0127ha tista 'ttejjeb il-fehim tieg\u0127ek tal-lingwa Malajana.","breadcrumb":{"@id":"https:\/\/talkpal.ai\/mt\/grammatika-tal-malaja\/#breadcrumb"},"inLanguage":"mt-MT","potentialAction":[{"@type":"ReadAction","target":["https:\/\/talkpal.ai\/mt\/grammatika-tal-malaja\/"]}]},{"@type":"ImageObject","inLanguage":"mt-MT","@id":"https:\/\/talkpal.ai\/mt\/grammatika-tal-malaja\/#primaryimage","url":"https:\/\/talkpal.ai\/wp-content\/uploads\/2023\/05\/malaysia.png","contentUrl":"https:\/\/talkpal.ai\/wp-content\/uploads\/2023\/05\/malaysia.png","width":512,"height":512,"caption":"TalkPal Malaysia Flag"},{"@type":"BreadcrumbList","@id":"https:\/\/talkpal.ai\/mt\/grammatika-tal-malaja\/#breadcrumb","itemListElement":[{"@type":"ListItem","position":1,"name":"Homepage","item":"https:\/\/talkpal.ai\/mt\/"},{"@type":"ListItem","position":2,"name":"Grammatika tal-Malaja"}]},{"@type":"WebSite","@id":"https:\/\/talkpal.ai\/mt\/#website","url":"https:\/\/talkpal.ai\/mt\/","name":"Talkpal","description":"AI Language Learning","publisher":{"@id":"https:\/\/talkpal.ai\/mt\/#organization"},"alternateName":"Talkpal AI","potentialAction":[{"@type":"SearchAction","target":{"@type":"EntryPoint","urlTemplate":"https:\/\/talkpal.ai\/mt\/?s={search_term_string}"},"query-input":{"@type":"PropertyValueSpecification","valueRequired":true,"valueName":"search_term_string"}}],"inLanguage":"mt-MT"},{"@type":"Organization","@id":"https:\/\/talkpal.ai\/mt\/#organization","name":"Talkpal, Inc.","alternateName":"Talkpal AI","url":"https:\/\/talkpal.ai\/mt\/","logo":{"@type":"ImageObject","inLanguage":"mt-MT","@id":"https:\/\/talkpal.ai\/mt\/#\/schema\/logo\/image\/","url":"https:\/\/talkpal.ai\/wp-content\/uploads\/2024\/03\/Talkpal-Logo-Icon.png","contentUrl":"https:\/\/talkpal.ai\/wp-content\/uploads\/2024\/03\/Talkpal-Logo-Icon.png","width":2880,"height":2880,"caption":"Talkpal, Inc."},"image":{"@id":"https:\/\/talkpal.ai\/mt\/#\/schema\/logo\/image\/"},"sameAs":["https:\/\/www.facebook.com\/profile.php?id=100090733639311","https:\/\/x.com\/talkpalai","https:\/\/www.linkedin.com\/company\/talkpal\/","https:\/\/www.youtube.com\/@TalkPal\/","https:\/\/www.tiktok.com\/@talkpal","https:\/\/www.instagram.com\/talkpal_ai\/","https:\/\/www.crunchbase.com\/organization\/talkpal-9cde","https:\/\/www.g2.com\/products\/talkpal-for-business\/","https:\/\/www.trustpilot.com\/review\/talkpal.ai","https:\/\/www.capterra.com\/p\/10006800\/TalkPal\/"],"description":"Talkpal is a language learning web and mobile education app, powered by the latest AI technologies, that provides engaging experiences to its customers in many different languages to help them improve their language skills. Users can chat about unlimited amount of topics with the app and use other modes to practice their language learning.","email":"support@talkpal.ai","legalName":"Talkpal, Inc.","foundingDate":"2023-04-03","duns":"118989042","numberOfEmployees":{"@type":"QuantitativeValue","minValue":"11","maxValue":"50"},"publishingPrinciples":"https:\/\/talkpal.ai\/publishing-principles\/","actionableFeedbackPolicy":"https:\/\/talkpal.ai\/actionable-feedback-policy\/","correctionsPolicy":"https:\/\/talkpal.ai\/corrections-policy\/","ethicsPolicy":"https:\/\/talkpal.ai\/ethics-policy\/","diversityPolicy":"https:\/\/talkpal.ai\/diversity-policy\/","diversityStaffingReport":"https:\/\/talkpal.ai\/diversity-policy\/"}]}},"_links":{"self":[{"href":"https:\/\/talkpal.ai\/mt\/wp-json\/wp\/v2\/pages\/1443625","targetHints":{"allow":["GET"]}}],"collection":[{"href":"https:\/\/talkpal.ai\/mt\/wp-json\/wp\/v2\/pages"}],"about":[{"href":"https:\/\/talkpal.ai\/mt\/wp-json\/wp\/v2\/types\/page"}],"author":[{"embeddable":true,"href":"https:\/\/talkpal.ai\/mt\/wp-json\/wp\/v2\/users\/1"}],"replies":[{"embeddable":true,"href":"https:\/\/talkpal.ai\/mt\/wp-json\/wp\/v2\/comments?post=1443625"}],"version-history":[{"count":0,"href":"https:\/\/talkpal.ai\/mt\/wp-json\/wp\/v2\/pages\/1443625\/revisions"}],"wp:featuredmedia":[{"embeddable":true,"href":"https:\/\/talkpal.ai\/mt\/wp-json\/wp\/v2\/media\/1443626"}],"wp:attachment":[{"href":"https:\/\/talkpal.ai\/mt\/wp-json\/wp\/v2\/media?parent=1443625"}],"curies":[{"name":"wp","href":"https:\/\/api.w.org\/{rel}","templated":true}]}}