{"id":1443619,"date":"2023-05-14T14:12:25","date_gmt":"2023-05-14T14:12:25","guid":{"rendered":"https:\/\/talkpal.ai\/grammatika-maori\/"},"modified":"2025-12-17T16:44:08","modified_gmt":"2025-12-17T16:44:08","slug":"grammatika-maori","status":"publish","type":"page","link":"https:\/\/talkpal.ai\/mt\/grammatika-maori\/","title":{"rendered":"Grammatika Maori"},"content":{"rendered":"\r\n\r\n\r\n<section class=\"languageChallengeSection\">\r\n    <div class=\"languageInfoWrapper\">\r\n        \r\n        <h1>Grammatika Maori<\/h1>\r\n        <p>\u0126erqana li titg\u0127allem il-M\u0101ori? Approfondixxi l-grammatika M\u0101ori, mag\u0127rufa g\u0127as-sempli\u010bit\u00e0 tag\u0127ha, l-u\u017cu tal-artikli, u r-rwol importanti tal-parti\u010belli biex jiffurmaw it-tifsira. Ibda llum\u2014il-\u0127akma tal-grammatika M\u0101ori tg\u0127inek tikkonnettja aktar fil-fond mal-wirt rikk tal-lingwa u l-kultura vibranti ta &#039;Aotearoa <a href=\"https:\/\/talkpal.ai\/locations\/language-courses-in-new-zealand\/\">New Zealand<\/a>!<\/p>\r\n\r\n                            <a class=\"getStartedHidden\" href=\"https:\/\/app.talkpal.ai\/signup?lng=\">Ibda<\/a>\r\n        \r\n    <\/div>\r\n\r\n    <figure>\r\n    <img decoding=\"async\" width=\"768\" height=\"768\" src=\"https:\/\/talkpal.ai\/wp-content\/uploads\/2023\/06\/maori-768x768.png\" class=\"languageImage no-lazy\" alt=\"Language learning for social and professional settings\" fetchpriority=\"high\" sizes=\"(max-width: 768px) 150px, 768px\" srcset=\"https:\/\/talkpal.ai\/wp-content\/uploads\/2023\/06\/maori-768x768.png 768w, https:\/\/talkpal.ai\/wp-content\/uploads\/2023\/06\/maori-300x300.png 300w\" \/>\r\n    \r\n\r\n    <\/figure>\r\n\r\n            <a class=\"getStartedVisible\" href=\"https:\/\/app.talkpal.ai\/signup?lng=\">Ibda<\/a>\r\n    \r\n<\/section>\r\n<section class=\"promotionalBanner\">\r\n    <p class=\"promotionalText\">L-aktar mod effi\u010bjenti biex titg\u0127allem lingwa<\/p>\r\n    <a class=\"promotionalLink\" href=\"https:\/\/app.talkpal.ai\/signup?lng=\">Ipprova Talkpal b&#8217;xejn<\/a>\r\n<\/section>\n<div class=\"wp-block-group pageContainerStyle\"><div class=\"wp-block-group__inner-container is-layout-constrained wp-block-group-is-layout-constrained\">\n<h2 class=\"wp-block-heading\" id=\"h-maori-grammar-your-ticket-to-a-vibrant-bicultural-world\">Grammatika Maori: Il-Biljett Tieg\u0127ek g\u0127al Dinja Bikulturali Vibranti<\/h2>\n\n\n\n<p><a href=\"https:\/\/talkpal.ai\/culture\/how-do-you-say-lets-go-in-maori\/\">Kia ora<\/a>! Mer\u0127ba fid-dinja mill-isba\u0127 tal-lingwa <a href=\"https:\/\/talkpal.ai\/learn-maori\/\">Maori<\/a>. B\u0127ala l-lingwa indi\u0121ena ta &#8216;New Zealand, Maori jew te reo Maori joffrilek opportunit\u00e0 unika biex tikkonnettja ma&#8217; kultura antika u l-komunit\u00e0 vibranti tag\u0127ha ta &#8216;kelliema. B\u0127al kull lingwa, il-grammatika Maori tista &#8216;tidher ta&#8217; sfida, imma tinkwetax! Din il-gwida fa\u010bli g\u0127all-bidu se tissimplifika l-komponenti ewlenin tal-grammatika Maori g\u0127al vja\u0121\u0121 vi\u017cwalment impenjattiv u informattiv.<\/p>\n\n\n\n<h3 class=\"wp-block-heading\" id=\"h-1-starting-with-the-basics-maori-alphabet-and-pronunciation\">1. Nibdew bil-Ba\u017ci\u010bi: L-Alfabett Maori u l-Pronunzja<\/h3>\n\n\n\n<p>Il-Maori ju\u017ca kitba Latin modifikata, li tikkonsisti fi 15-il ittra biss: \u0127ames vokali (a, e, i, o, u u) u g\u0127axar konsonanti (h, k, m, n, p, r, t, w, ng, u wh). Familjarizza ru\u0127ek ma &#8216;dawn l-ittri u l-pronunzji distinti tag\u0127hom, peress li jistabbilixxu l-ba\u017ci g\u0127at-tag\u0127lim kollu sussegwenti tal-grammatika Maori.<\/p>\n\n\n\n<h3 class=\"wp-block-heading\" id=\"h-2-exploring-maori-sentence-structure\">2. Esplorazzjoni tal-Istruttura tas-Sentenza Maori<\/h3>\n\n\n\n<p>Fil-qalba tag\u0127ha, il-grammatika Maori ssegwi struttura sempli\u010bi ta&#8217; su\u0121\u0121ett-verb (-o\u0121\u0121ett), bil-verb tipikament jippre\u010bedi s-su\u0121\u0121ett. L-iktar mod \u010bar biex tifhem din l-istruttura huwa li taraha fl-azzjoni:<\/p>\n\n\n\n<p><strong>Ingli\u017c: It-tifel qed jilg\u0127ab.<\/strong><\/p>\n\n\n\n<p><strong>Maori: Kei te t\u0101karo te tamaiti.<\/strong><\/p>\n\n\n\n<p>Fil-Maori, it-temp tal-verb huwa indikat permezz ta &#8216;ta\u0127lita ta&#8217; parti\u010belli jew billi ji\u017cdied indikatur tal-\u0127in mas-sentenza.<\/p>\n\n\n\n<h3 class=\"wp-block-heading\" id=\"h-3-demystifying-particles-building-blocks-of-maori-grammar\">3. Demystifying Particles: Building Blocks of Maori Grammar<\/h3>\n\n\n\n<p>Il-parti\u010belli g\u0127andhom rwol kru\u010bjali fil-grammatika Maori, billi jg\u0127aqqdu kliem u fra\u017cijiet flimkien biex jo\u0127olqu sentenzi koerenti u espressivi. B\u0127ala prin\u010bipjant, iffoka fuq il-fehim ta &#8216;ftit parti\u010belli essenzjali:<\/p>\n\n\n\n<p><strong>&#8211; Kia: u\u017cat g\u0127al kmandi, xewqat, u biex jindika l-iskop ta &#8216;azzjoni.<\/strong><\/p>\n\n\n\n<p><strong>&#8211; Kei: u\u017cat biex jifforma t-temp kontinwu.<\/strong><\/p>\n\n\n\n<p><strong>&#8211; Ko: u\u017cat biex jindika s-su\u0121\u0121ett ta &#8216;sentenza.<\/strong><\/p>\n\n\n\n<h3 class=\"wp-block-heading\" id=\"h-4-getting-to-know-maori-pronouns\">4. Issir taf il-Pronomi Maori<\/h3>\n\n\n\n<p>Il-pronomi fil-Maori jissostitwixxu n-nomi u jg\u0127inu biex i\u017commu l-konversazzjonijiet tieg\u0127ek naturali u fluwidi. B\u0127ala prin\u010bipjant, ikkon\u010bentra fuq il-fehim tal-pronomi personali u possessivi:<\/p>\n\n\n\n<p>Pronomi personali: ahau (I), koe (int, singular), ia (hu\/hi), t\u0101ua (a\u0127na, inklu\u017ca l-persuna mitkellma), m\u0101ua (a\u0127na, esklu\u017ca l-persuna mitkellma), koutou (int, plural), r\u0101tau (huma)<\/p>\n\n\n\n<p>Pronomi possessivi: taku\/t\u014dku (tieg\u0127i), t\u014du (tieg\u0127ek, singular), t\u014dna (tieg\u0127u\/tag\u0127ha), t\u014d t\u0101ua (tag\u0127na, inklu\u017c il-kelliem u s-semmieg\u0127), t\u014d m\u0101ua (tag\u0127na, kelliem u xi \u0127add ie\u0127or), t\u014d koutou (tieg\u0127ek, plural), t\u014d r\u0101tau (tag\u0127hom)<\/p>\n\n\n\n<h3 class=\"wp-block-heading\" id=\"h-5-navigating-maori-nouns-and-adjectives\">5. Navigazzjoni Maori Nouns u Adjectives<\/h3>\n\n\n\n<p>In-nomi u l-a\u0121\u0121ettivi Maori jsegwu regoli grammatikali sempli\u010bi, li jag\u0127mluha fa\u010bli g\u0127all-prin\u010bipjanti biex jifhmu. L-a\u0121\u0121ettivi normalment isegwu n-nom li qed jiddeskrivu, u n-nomi plurali sempli\u010bement jinvolvu \u017c-\u017cieda ta&#8217; parti\u010bella, &#8220;ng\u0101,&#8221; qabel in-nom. Pere\u017cempju:<\/p>\n\n\n\n<p><strong>Te whare nui \u2013 &#8220;id-dar il-kbira&#8221;<\/strong><\/p>\n\n\n\n<p><strong>Ng\u0101 tamariki \u2013 &#8220;it-tfal&#8221;<\/strong><\/p>\n\n\n\n<p>Hemm g\u0127andek! \u0126adt l-ewwel passi lejn il-\u0127akma tal-grammatika Maori u l-arrikkiment tal-vja\u0121\u0121 tieg\u0127ek bil-lingwa u l-kultura Maori. Ftakar li l-prattika, il-perseveranza u l-immersjoni huma essenzjali g\u0127as-su\u010b\u010bess, g\u0127alhekk involvi ru\u0127ek ma &#8216;kelliema nattivi, esplora testi Maori, u ssa\u0127\u0127a\u0127 il-pedament tal-lingwa tieg\u0127ek. Kia kaha! (Mur b&#8217;sa\u0127\u0127tu!)<\/p>\n<\/div><\/div>\n\r\n<section class=\"learnNavigationSection\">\r\n            \r\n        <a href=\"https:\/\/talkpal.ai\/mt\/tghallem-maori\/\">\r\n            <div class=\"learnNavigationWrapper\">\r\n                <div class=\"learnNavigationContent\">\r\n                    <img decoding=\"async\" src=\"https:\/\/talkpal.ai\/wp-content\/uploads\/2024\/08\/Maori.jpg\" alt=\"New Zealand Flag\">\r\n                    <div>\r\n                        <h4>Lezzjonijiet tal-Grammatika Maori<\/h4>\r\n                        <p>Sir af kollox dwar il-grammatika Maori.<\/p>\r\n                    <\/div>\r\n                <\/div>\r\n            <\/div>\r\n        <\/a>\r\n\r\n        \r\n        <a href=\"https:\/\/talkpal.ai\/mt\/ezercizzji-tal-grammatika-maori\/\">\r\n            <div class=\"learnNavigationWrapper\">\r\n                <div class=\"learnNavigationContent\">\r\n                    <img decoding=\"async\" src=\"https:\/\/talkpal.ai\/wp-content\/uploads\/2024\/08\/Maori.jpg\" alt=\"New Zealand Flag\">\r\n                    <div>\r\n                        <h4>E\u017cer\u010bizzju tal-Grammatika Maori<\/h4>\r\n                        <p>Ipprattika l-grammatika Maori.<\/p>\r\n                    <\/div>\r\n                <\/div>\r\n            <\/div>\r\n        <\/a>\r\n\r\n        \r\n        <a href=\"https:\/\/talkpal.ai\/vocabulary_language\/maori\/\">\r\n            <div class=\"learnNavigationWrapper\">\r\n                <div class=\"learnNavigationContent\">\r\n                    <img decoding=\"async\" src=\"https:\/\/talkpal.ai\/wp-content\/uploads\/2024\/08\/Maori.jpg\" alt=\"New Zealand Flag\">\r\n                    <div>\r\n                        <h4>Vokabularju Maori<\/h4>\r\n                        <p>Espandi l-vokabularju Maori tieg\u0127ek.<\/p>\r\n                    <\/div>\r\n                <\/div>\r\n            <\/div>\r\n        <\/a>\r\n\r\n            <\/section>","protected":false},"excerpt":{"rendered":"<p>Grammatika Maori: Il-Biljett Tieg\u0127ek g\u0127al Dinja Bikulturali Vibranti Kia ora! Mer\u0127ba fid-dinja mill-isba\u0127 tal-lingwa Maori. B\u0127ala l-lingwa indi\u0121ena ta &#8216;New Zealand, Maori jew te reo Maori joffrilek opportunit\u00e0 unika biex tikkonnettja ma&#8217; kultura antika u l-komunit\u00e0 vibranti tag\u0127ha ta &#8216;kelliema. B\u0127al kull lingwa, il-grammatika Maori tista &#8216;tidher ta&#8217; sfida, imma tinkwetax! Din il-gwida fa\u010bli g\u0127all-bidu [&hellip;]<\/p>\n","protected":false},"author":1,"featured_media":1443620,"parent":0,"menu_order":0,"comment_status":"closed","ping_status":"closed","template":"LearningContentPage.php","meta":{"_acf_changed":false,"footnotes":""},"class_list":["post-1443619","page","type-page","status-publish","has-post-thumbnail","hentry"],"acf":[],"yoast_head":"<!-- This site is optimized with the Yoast SEO Premium plugin v27.2 (Yoast SEO v27.2) - https:\/\/yoast.com\/product\/yoast-seo-premium-wordpress\/ -->\n<title>Grammatika Maori - Talkpal<\/title>\n<meta name=\"description\" content=\"Esplora l-affarijiet ba\u017ci\u010bi tal-grammatika Maori bil-gwida tag\u0127na g\u0127all-bidu fa\u010bli. Skopri l-15-il ittra u r-regoli essenzjali ta &#039;te reo Maori.\" \/>\n<meta name=\"robots\" content=\"index, follow, max-snippet:-1, max-image-preview:large, max-video-preview:-1\" \/>\n<link rel=\"canonical\" href=\"https:\/\/talkpal.ai\/mt\/grammatika-maori\/\" \/>\n<meta property=\"og:locale\" content=\"mt_MT\" \/>\n<meta property=\"og:type\" content=\"article\" \/>\n<meta property=\"og:title\" content=\"Grammatika Maori\" \/>\n<meta property=\"og:description\" content=\"Grammatika Maori: Il-Biljett Tieg\u0127ek g\u0127al Dinja Bikulturali Vibranti Kia ora! Mer\u0127ba fid-dinja mill-isba\u0127 tal-lingwa Maori. B\u0127ala l-lingwa indi\u0121ena ta\" \/>\n<meta property=\"og:url\" content=\"https:\/\/talkpal.ai\/mt\/grammatika-maori\/\" \/>\n<meta property=\"og:site_name\" content=\"Talkpal\" \/>\n<meta property=\"article:publisher\" content=\"https:\/\/www.facebook.com\/profile.php?id=100090733639311\" \/>\n<meta property=\"article:modified_time\" content=\"2025-12-17T16:44:08+00:00\" \/>\n<meta property=\"og:image\" content=\"https:\/\/talkpal.ai\/wp-content\/uploads\/2023\/05\/Maori-new-zealand.png\" \/>\n\t<meta property=\"og:image:width\" content=\"512\" \/>\n\t<meta property=\"og:image:height\" content=\"512\" \/>\n\t<meta property=\"og:image:type\" content=\"image\/png\" \/>\n<meta name=\"twitter:card\" content=\"summary_large_image\" \/>\n<meta name=\"twitter:site\" content=\"@talkpalai\" \/>\n<meta name=\"twitter:label1\" content=\"Est. reading time\" \/>\n\t<meta name=\"twitter:data1\" content=\"3 minutes\" \/>\n<script type=\"application\/ld+json\" class=\"yoast-schema-graph\">{\"@context\":\"https:\/\/schema.org\",\"@graph\":[{\"@type\":\"WebPage\",\"@id\":\"https:\/\/talkpal.ai\/mt\/grammatika-maori\/\",\"url\":\"https:\/\/talkpal.ai\/mt\/grammatika-maori\/\",\"name\":\"Grammatika Maori - Talkpal\",\"isPartOf\":{\"@id\":\"https:\/\/talkpal.ai\/mt\/#website\"},\"primaryImageOfPage\":{\"@id\":\"https:\/\/talkpal.ai\/mt\/grammatika-maori\/#primaryimage\"},\"image\":{\"@id\":\"https:\/\/talkpal.ai\/mt\/grammatika-maori\/#primaryimage\"},\"thumbnailUrl\":\"https:\/\/talkpal.ai\/wp-content\/uploads\/2023\/05\/Maori-new-zealand.png\",\"datePublished\":\"2023-05-14T14:12:25+00:00\",\"dateModified\":\"2025-12-17T16:44:08+00:00\",\"description\":\"Esplora l-affarijiet ba\u017ci\u010bi tal-grammatika Maori bil-gwida tag\u0127na g\u0127all-bidu fa\u010bli. Skopri l-15-il ittra u r-regoli essenzjali ta 'te reo Maori.\",\"breadcrumb\":{\"@id\":\"https:\/\/talkpal.ai\/mt\/grammatika-maori\/#breadcrumb\"},\"inLanguage\":\"mt-MT\",\"potentialAction\":[{\"@type\":\"ReadAction\",\"target\":[\"https:\/\/talkpal.ai\/mt\/grammatika-maori\/\"]}]},{\"@type\":\"ImageObject\",\"inLanguage\":\"mt-MT\",\"@id\":\"https:\/\/talkpal.ai\/mt\/grammatika-maori\/#primaryimage\",\"url\":\"https:\/\/talkpal.ai\/wp-content\/uploads\/2023\/05\/Maori-new-zealand.png\",\"contentUrl\":\"https:\/\/talkpal.ai\/wp-content\/uploads\/2023\/05\/Maori-new-zealand.png\",\"width\":512,\"height\":512,\"caption\":\"TalkPal Maori Flag\"},{\"@type\":\"BreadcrumbList\",\"@id\":\"https:\/\/talkpal.ai\/mt\/grammatika-maori\/#breadcrumb\",\"itemListElement\":[{\"@type\":\"ListItem\",\"position\":1,\"name\":\"Homepage\",\"item\":\"https:\/\/talkpal.ai\/mt\/\"},{\"@type\":\"ListItem\",\"position\":2,\"name\":\"Grammatika Maori\"}]},{\"@type\":\"WebSite\",\"@id\":\"https:\/\/talkpal.ai\/mt\/#website\",\"url\":\"https:\/\/talkpal.ai\/mt\/\",\"name\":\"Talkpal\",\"description\":\"AI Language Learning\",\"publisher\":{\"@id\":\"https:\/\/talkpal.ai\/mt\/#organization\"},\"alternateName\":\"Talkpal AI\",\"potentialAction\":[{\"@type\":\"SearchAction\",\"target\":{\"@type\":\"EntryPoint\",\"urlTemplate\":\"https:\/\/talkpal.ai\/mt\/?s={search_term_string}\"},\"query-input\":{\"@type\":\"PropertyValueSpecification\",\"valueRequired\":true,\"valueName\":\"search_term_string\"}}],\"inLanguage\":\"mt-MT\"},{\"@type\":\"Organization\",\"@id\":\"https:\/\/talkpal.ai\/mt\/#organization\",\"name\":\"Talkpal, Inc.\",\"alternateName\":\"Talkpal AI\",\"url\":\"https:\/\/talkpal.ai\/mt\/\",\"logo\":{\"@type\":\"ImageObject\",\"inLanguage\":\"mt-MT\",\"@id\":\"https:\/\/talkpal.ai\/mt\/#\/schema\/logo\/image\/\",\"url\":\"https:\/\/talkpal.ai\/wp-content\/uploads\/2024\/03\/Talkpal-Logo-Icon.png\",\"contentUrl\":\"https:\/\/talkpal.ai\/wp-content\/uploads\/2024\/03\/Talkpal-Logo-Icon.png\",\"width\":2880,\"height\":2880,\"caption\":\"Talkpal, Inc.\"},\"image\":{\"@id\":\"https:\/\/talkpal.ai\/mt\/#\/schema\/logo\/image\/\"},\"sameAs\":[\"https:\/\/www.facebook.com\/profile.php?id=100090733639311\",\"https:\/\/x.com\/talkpalai\",\"https:\/\/www.linkedin.com\/company\/talkpal\/\",\"https:\/\/www.youtube.com\/@TalkPal\/\",\"https:\/\/www.tiktok.com\/@talkpal\",\"https:\/\/www.instagram.com\/talkpal_ai\/\",\"https:\/\/www.crunchbase.com\/organization\/talkpal-9cde\",\"https:\/\/www.g2.com\/products\/talkpal-for-business\/\",\"https:\/\/www.trustpilot.com\/review\/talkpal.ai\",\"https:\/\/www.capterra.com\/p\/10006800\/TalkPal\/\"],\"description\":\"Talkpal is a language learning web and mobile education app, powered by the latest AI technologies, that provides engaging experiences to its customers in many different languages to help them improve their language skills. Users can chat about unlimited amount of topics with the app and use other modes to practice their language learning.\",\"email\":\"support@talkpal.ai\",\"legalName\":\"Talkpal, Inc.\",\"foundingDate\":\"2023-04-03\",\"duns\":\"118989042\",\"numberOfEmployees\":{\"@type\":\"QuantitativeValue\",\"minValue\":\"11\",\"maxValue\":\"50\"},\"publishingPrinciples\":\"https:\/\/talkpal.ai\/publishing-principles\/\",\"actionableFeedbackPolicy\":\"https:\/\/talkpal.ai\/actionable-feedback-policy\/\",\"correctionsPolicy\":\"https:\/\/talkpal.ai\/corrections-policy\/\",\"ethicsPolicy\":\"https:\/\/talkpal.ai\/ethics-policy\/\",\"diversityPolicy\":\"https:\/\/talkpal.ai\/diversity-policy\/\",\"diversityStaffingReport\":\"https:\/\/talkpal.ai\/diversity-policy\/\"}]}<\/script>\n<!-- \/ Yoast SEO Premium plugin. -->","yoast_head_json":{"title":"Grammatika Maori - Talkpal","description":"Esplora l-affarijiet ba\u017ci\u010bi tal-grammatika Maori bil-gwida tag\u0127na g\u0127all-bidu fa\u010bli. Skopri l-15-il ittra u r-regoli essenzjali ta 'te reo Maori.","robots":{"index":"index","follow":"follow","max-snippet":"max-snippet:-1","max-image-preview":"max-image-preview:large","max-video-preview":"max-video-preview:-1"},"canonical":"https:\/\/talkpal.ai\/mt\/grammatika-maori\/","og_locale":"mt_MT","og_type":"article","og_title":"Grammatika Maori","og_description":"Grammatika Maori: Il-Biljett Tieg\u0127ek g\u0127al Dinja Bikulturali Vibranti Kia ora! Mer\u0127ba fid-dinja mill-isba\u0127 tal-lingwa Maori. B\u0127ala l-lingwa indi\u0121ena ta","og_url":"https:\/\/talkpal.ai\/mt\/grammatika-maori\/","og_site_name":"Talkpal","article_publisher":"https:\/\/www.facebook.com\/profile.php?id=100090733639311","article_modified_time":"2025-12-17T16:44:08+00:00","og_image":[{"width":512,"height":512,"url":"https:\/\/talkpal.ai\/wp-content\/uploads\/2023\/05\/Maori-new-zealand.png","type":"image\/png"}],"twitter_card":"summary_large_image","twitter_site":"@talkpalai","twitter_misc":{"Est. reading time":"3 minutes"},"schema":{"@context":"https:\/\/schema.org","@graph":[{"@type":"WebPage","@id":"https:\/\/talkpal.ai\/mt\/grammatika-maori\/","url":"https:\/\/talkpal.ai\/mt\/grammatika-maori\/","name":"Grammatika Maori - Talkpal","isPartOf":{"@id":"https:\/\/talkpal.ai\/mt\/#website"},"primaryImageOfPage":{"@id":"https:\/\/talkpal.ai\/mt\/grammatika-maori\/#primaryimage"},"image":{"@id":"https:\/\/talkpal.ai\/mt\/grammatika-maori\/#primaryimage"},"thumbnailUrl":"https:\/\/talkpal.ai\/wp-content\/uploads\/2023\/05\/Maori-new-zealand.png","datePublished":"2023-05-14T14:12:25+00:00","dateModified":"2025-12-17T16:44:08+00:00","description":"Esplora l-affarijiet ba\u017ci\u010bi tal-grammatika Maori bil-gwida tag\u0127na g\u0127all-bidu fa\u010bli. Skopri l-15-il ittra u r-regoli essenzjali ta 'te reo Maori.","breadcrumb":{"@id":"https:\/\/talkpal.ai\/mt\/grammatika-maori\/#breadcrumb"},"inLanguage":"mt-MT","potentialAction":[{"@type":"ReadAction","target":["https:\/\/talkpal.ai\/mt\/grammatika-maori\/"]}]},{"@type":"ImageObject","inLanguage":"mt-MT","@id":"https:\/\/talkpal.ai\/mt\/grammatika-maori\/#primaryimage","url":"https:\/\/talkpal.ai\/wp-content\/uploads\/2023\/05\/Maori-new-zealand.png","contentUrl":"https:\/\/talkpal.ai\/wp-content\/uploads\/2023\/05\/Maori-new-zealand.png","width":512,"height":512,"caption":"TalkPal Maori Flag"},{"@type":"BreadcrumbList","@id":"https:\/\/talkpal.ai\/mt\/grammatika-maori\/#breadcrumb","itemListElement":[{"@type":"ListItem","position":1,"name":"Homepage","item":"https:\/\/talkpal.ai\/mt\/"},{"@type":"ListItem","position":2,"name":"Grammatika Maori"}]},{"@type":"WebSite","@id":"https:\/\/talkpal.ai\/mt\/#website","url":"https:\/\/talkpal.ai\/mt\/","name":"Talkpal","description":"AI Language Learning","publisher":{"@id":"https:\/\/talkpal.ai\/mt\/#organization"},"alternateName":"Talkpal AI","potentialAction":[{"@type":"SearchAction","target":{"@type":"EntryPoint","urlTemplate":"https:\/\/talkpal.ai\/mt\/?s={search_term_string}"},"query-input":{"@type":"PropertyValueSpecification","valueRequired":true,"valueName":"search_term_string"}}],"inLanguage":"mt-MT"},{"@type":"Organization","@id":"https:\/\/talkpal.ai\/mt\/#organization","name":"Talkpal, Inc.","alternateName":"Talkpal AI","url":"https:\/\/talkpal.ai\/mt\/","logo":{"@type":"ImageObject","inLanguage":"mt-MT","@id":"https:\/\/talkpal.ai\/mt\/#\/schema\/logo\/image\/","url":"https:\/\/talkpal.ai\/wp-content\/uploads\/2024\/03\/Talkpal-Logo-Icon.png","contentUrl":"https:\/\/talkpal.ai\/wp-content\/uploads\/2024\/03\/Talkpal-Logo-Icon.png","width":2880,"height":2880,"caption":"Talkpal, Inc."},"image":{"@id":"https:\/\/talkpal.ai\/mt\/#\/schema\/logo\/image\/"},"sameAs":["https:\/\/www.facebook.com\/profile.php?id=100090733639311","https:\/\/x.com\/talkpalai","https:\/\/www.linkedin.com\/company\/talkpal\/","https:\/\/www.youtube.com\/@TalkPal\/","https:\/\/www.tiktok.com\/@talkpal","https:\/\/www.instagram.com\/talkpal_ai\/","https:\/\/www.crunchbase.com\/organization\/talkpal-9cde","https:\/\/www.g2.com\/products\/talkpal-for-business\/","https:\/\/www.trustpilot.com\/review\/talkpal.ai","https:\/\/www.capterra.com\/p\/10006800\/TalkPal\/"],"description":"Talkpal is a language learning web and mobile education app, powered by the latest AI technologies, that provides engaging experiences to its customers in many different languages to help them improve their language skills. Users can chat about unlimited amount of topics with the app and use other modes to practice their language learning.","email":"support@talkpal.ai","legalName":"Talkpal, Inc.","foundingDate":"2023-04-03","duns":"118989042","numberOfEmployees":{"@type":"QuantitativeValue","minValue":"11","maxValue":"50"},"publishingPrinciples":"https:\/\/talkpal.ai\/publishing-principles\/","actionableFeedbackPolicy":"https:\/\/talkpal.ai\/actionable-feedback-policy\/","correctionsPolicy":"https:\/\/talkpal.ai\/corrections-policy\/","ethicsPolicy":"https:\/\/talkpal.ai\/ethics-policy\/","diversityPolicy":"https:\/\/talkpal.ai\/diversity-policy\/","diversityStaffingReport":"https:\/\/talkpal.ai\/diversity-policy\/"}]}},"_links":{"self":[{"href":"https:\/\/talkpal.ai\/mt\/wp-json\/wp\/v2\/pages\/1443619","targetHints":{"allow":["GET"]}}],"collection":[{"href":"https:\/\/talkpal.ai\/mt\/wp-json\/wp\/v2\/pages"}],"about":[{"href":"https:\/\/talkpal.ai\/mt\/wp-json\/wp\/v2\/types\/page"}],"author":[{"embeddable":true,"href":"https:\/\/talkpal.ai\/mt\/wp-json\/wp\/v2\/users\/1"}],"replies":[{"embeddable":true,"href":"https:\/\/talkpal.ai\/mt\/wp-json\/wp\/v2\/comments?post=1443619"}],"version-history":[{"count":0,"href":"https:\/\/talkpal.ai\/mt\/wp-json\/wp\/v2\/pages\/1443619\/revisions"}],"wp:featuredmedia":[{"embeddable":true,"href":"https:\/\/talkpal.ai\/mt\/wp-json\/wp\/v2\/media\/1443620"}],"wp:attachment":[{"href":"https:\/\/talkpal.ai\/mt\/wp-json\/wp\/v2\/media?parent=1443619"}],"curies":[{"name":"wp","href":"https:\/\/api.w.org\/{rel}","templated":true}]}}