{"id":1443613,"date":"2023-05-14T14:10:42","date_gmt":"2023-05-14T14:10:42","guid":{"rendered":"https:\/\/talkpal.ai\/grammatika-litwana\/"},"modified":"2025-12-12T10:42:43","modified_gmt":"2025-12-12T10:42:43","slug":"grammatika-litwana","status":"publish","type":"page","link":"https:\/\/talkpal.ai\/mt\/grammatika-litwana\/","title":{"rendered":"Grammatika Litwana"},"content":{"rendered":"\r\n\r\n\r\n<section class=\"languageChallengeSection\">\r\n    <div class=\"languageInfoWrapper\">\r\n        \r\n        <h1>Grammatika Litwana<\/h1>\r\n        <p>Ibda l-vja\u0121\u0121 tieg\u0127ek fil-grammatika Litwana u skopri wa\u0127da mill-eqdem u l-aktar lingwi affaxxinanti fl-Ewropa. Tg\u0127allem regoli u mudelli essenzjali biex tibni pedament lingwistiku b&#039;sa\u0127\u0127tu. G\u0127addas issa u tibda l-\u0127akma tal-Litwan illum!<\/p>\r\n\r\n                            <a class=\"getStartedHidden\" href=\"https:\/\/app.talkpal.ai\/signup?lng=\">Ibda<\/a>\r\n        \r\n    <\/div>\r\n\r\n    <figure>\r\n    <img decoding=\"async\" width=\"768\" height=\"768\" src=\"https:\/\/talkpal.ai\/wp-content\/uploads\/2023\/06\/lithuenian-768x768.png\" class=\"languageImage no-lazy\" alt=\"Language learning for boosting creativity\" fetchpriority=\"high\" sizes=\"(max-width: 768px) 150px, 768px\" srcset=\"https:\/\/talkpal.ai\/wp-content\/uploads\/2023\/06\/lithuenian-768x768.png 768w, https:\/\/talkpal.ai\/wp-content\/uploads\/2023\/06\/lithuenian-300x300.png 300w\" \/>\r\n    \r\n\r\n    <\/figure>\r\n\r\n            <a class=\"getStartedVisible\" href=\"https:\/\/app.talkpal.ai\/signup?lng=\">Ibda<\/a>\r\n    \r\n<\/section>\r\n<section class=\"promotionalBanner\">\r\n    <p class=\"promotionalText\">L-aktar mod effi\u010bjenti biex titg\u0127allem lingwa<\/p>\r\n    <a class=\"promotionalLink\" href=\"https:\/\/app.talkpal.ai\/signup?lng=\">Ipprova Talkpal b&#8217;xejn<\/a>\r\n<\/section>\n<div class=\"wp-block-group pageContainerStyle\"><div class=\"wp-block-group__inner-container is-layout-constrained wp-block-group-is-layout-constrained\">\n<h2 class=\"wp-block-heading\" id=\"h-lithuanian-grammar-a-fascinating-journey-through-language\">Grammatika Litwana: Vja\u0121\u0121 Affaxxinanti Permezz tal-Lingwa<\/h2>\n\n\n\n<p>Qatt ikkunsidrajt li titg\u0127allem il-Litwanja jew sempli\u010bement sibt ru\u0127ek intrigat mill-grammatika unika tag\u0127ha? Ukoll, int fil g\u0127al kura! Il-grammatika Litwana tista &#8216;tidher partikolari g\u0127all-ewwel, i\u017cda tag\u0127milx \u017cball \u2013 turi lo\u0121ika lingwistika exquisite. F&#8217;dan l-artikolu, se ni\u017cvol\u0121u l-aspetti varji tal-grammatika Litwana, u nag\u0127tuk is-setg\u0127a li tapprezza s-se\u0127er tag\u0127ha.<\/p>\n\n\n\n<p>L-ewwelnett, sfond qasir: Il-Litwanja hija lingwa Balttika mitkellma primarjament fil-Litwanja i\u017cda li tiltaqa &#8216;wkoll mag\u0127ha f&#8217;pajji\u017ci \u0121irien. B\u0127ala wa\u0127da mill-eqdem lingwi Indo-Ewropej \u0127ajjin, i\u017c\u017comm karatteristi\u010bi arkaj\u010bi, li jag\u0127tu g\u0127arfien dwar l-i\u017cvilupp ta&#8217; lingwi o\u0127ra fi \u0127dan il-familja tal-lingwi. Dan is-sinifikat storiku jag\u0127mel il-Litwan partikolarment captivating g\u0127al dawk li j\u0127obbu l-lingwa.<\/p>\n\n\n\n<p>Ejja issa nid\u0127lu f&#8217;xi aspetti ewlenin tal-grammatika Litwana.<\/p>\n\n\n\n<h3 class=\"wp-block-heading\" id=\"h-1-nouns-cases-and-declensions\">1. Nomi, ka\u017cijiet, u deklinazzjonijiet<\/h3>\n\n\n\n<p>Wa\u0127da mill-aktar karatteristi\u010bi prominenti tal-grammatika Litwana hija s-sistema tal-ka\u017cijiet ikkumplikata tag\u0127ha. In-nomi jadottaw forom differenti skont il-funzjoni tag\u0127hom f&#8217;sentenza u jekk jirriflettux is-su\u0121\u0121ett, l-o\u0121\u0121ett, jew ir-ri\u010bevitur ta&#8217; azzjoni. Il-Litwan g\u0127andu seba&#8217; ka\u017cijiet: nominativ, \u0121enittiv, dattiv, akku\u017cativ, strumentali, lokattiv, u vokattiv.<\/p>\n\n\n\n<p>\u0126u n-nom &#8220;vaikas&#8221; (tifel) b\u0127ala e\u017cempju. Jista &#8216;jittrasforma f'&#8221;vaiko,&#8221; &#8220;vaikui,&#8221; &#8220;vaik\u0105,&#8221; u l-bqija abba\u017ci tar-rwol li g\u0127andu f&#8217;sentenza. <a href=\"https:\/\/talkpal.ai\/locations\/language-courses-in-barra\/\">Barra<\/a> minn hekk, it-truf huma influwenzati mill-\u0121eneru tan-nom (maskili jew femminili) u maqsuma aktar f&#8217;deklinazzjonijiet, u jag\u0127mlu l-lingwa sa\u0127ansitra aktar versatili.<\/p>\n\n\n\n<h3 class=\"wp-block-heading\" id=\"h-2-verb-conjugation-and-tenses\">2. Il-konjugazzjoni tal-verb u t-tempi<\/h3>\n\n\n\n<p>Il-verbi Litwani jibdlu t-truf tag\u0127hom skont il-persuna u n-numru (singular jew plural) tas-su\u0121\u0121ett. Pere\u017cempju, il-verb &#8220;eiti&#8221; (li jmur) jista &#8216;jsir &#8220;einu&#8221; (I go), &#8220;einate&#8221; (you -plural- go), &#8220;eina&#8221; (huma jmorru), fost forom o\u0127ra.<\/p>\n\n\n\n<p>Il-Litwan g\u0127andu erba &#8216;tempijiet ewlenin: pre\u017cent, passat, passat iterattiv, u futur. Interessanti, il-lingwa fiha wkoll markaturi tal-aspett: perfettivi u imperfettivi. Dawn il-markaturi jipprovdu informazzjoni addizzjonali dwar jekk azzjoni hijiex kompluta jew g\u0127adha g\u0127addejja. Pere\u017cempju, &#8220;ne\u0161ti&#8221; (li \u0121\u0121orr &#8211; imperfettiv) versus &#8220;nat&#8221; (li \u0121\u0121orr &#8211; perfettiv).<\/p>\n\n\n\n<h3 class=\"wp-block-heading\" id=\"h-3-sentence-structure-and-word-order\">3. L-istruttura tas-sentenza u l-ordni tal-kliem<\/h3>\n\n\n\n<p>G\u0127alkemm il-Litwan \u0121eneralment isegwi l-ordni tal-kliem SVO (su\u0121\u0121ett-verb-o\u0121\u0121ett), is-sistema tal-ka\u017cijiet tag\u0127ha tippermetti flessibilit\u00e0 konsiderevoli. B&#8217;differenza mill-<a href=\"https:\/\/talkpal.ai\/learn-english-with-ai\/\">Ingli\u017c<\/a>, fejn l-ordni tal-kliem normalment tiddefinixxi t-tifsira ta&#8217; sentenza, i\u010b-\u010baqliq tal-kliem bil-Litwan ma jbiddilx it-tifsira. Pere\u017cempju, &#8220;kat\u0117 valgo \u017euv\u012f&#8221; (il-qattus jiekol il-\u0127ut) jista &#8216;jkun ukoll &#8220;\u017euv\u012f valgo kat\u0117&#8221; ming\u0127ajr ma jitlef jew ibiddel it-tifsira tieg\u0127u.<\/p>\n\n\n\n<p>Din il-flessibilit\u00e0 tippermettilek tilg\u0127ab bl-istruttura tas-sentenza, tenfasizza \u010berti elementi, jew ti\u0121\u0121enera sfumaturi hekk kif issir aktar profi\u010bjenti fil-lingwa.<\/p>\n\n\n\n<h3 class=\"wp-block-heading\" id=\"h-4-adjectives-adverbs-and-agreement-rules\">4. A\u0121\u0121ettivi, avverbji, u regoli ta &#8216;ftehim<\/h3>\n\n\n\n<p>B\u0127al \u0127afna lingwi, l-a\u0121\u0121ettivi u l-avverbji fil-Litwan jiddeskrivu nomi u verbi, i\u017cda jsegwu wkoll regoli spe\u010bifi\u010bi ta&#8217; ftehim. B&#8217;mod partikolari, l-a\u0121\u0121ettivi g\u0127andhom jaqblu man-nom li jimmodifikaw fil-ka\u017c, is-sess u n-numru. Ladarba tifhem il-ka\u017cijiet tan-nomi u l-konjugazzjonijiet tal-verbi, dawn ir-regoli ji\u0121u b&#8217;mod aktar naturali.<\/p>\n\n\n\n<p>Allura, int lest li tg\u0127addas fil-grammatika Litwana? Bil-persistenza, id-dedikazzjoni, u r-ri\u017corsi xierqa, it-tag\u0127lim tal-Litwan &#8211; rikk fl-istorja u l-wirt kulturali &#8211; huwa esperjenza ta &#8216;sodisfazzjon immens. Affronta l-lingwa pass pass, ipprattika b&#8217;mod konsistenti, u ibqa &#8216;miftu\u0127 biex titg\u0127allem mill-i\u017cbalji tieg\u0127ek. S\u0117km\u0117s! (Xorti tajba!)<\/p>\n<\/div><\/div>\n\r\n<section class=\"learnNavigationSection\">\r\n            \r\n        <a href=\"https:\/\/talkpal.ai\/mt\/tghallem-il-litwan\/\">\r\n            <div class=\"learnNavigationWrapper\">\r\n                <div class=\"learnNavigationContent\">\r\n                    <img decoding=\"async\" src=\"https:\/\/talkpal.ai\/wp-content\/uploads\/2024\/08\/Lithuanian.jpg\" alt=\"Lithuanian Flag\">\r\n                    <div>\r\n                        <h4>Dwar it-Tag\u0127lim tal-Litwan<\/h4>\r\n                        <p>Sir af kollox dwar il-grammatika Litwana.<\/p>\r\n                    <\/div>\r\n                <\/div>\r\n            <\/div>\r\n        <\/a>\r\n\r\n        \r\n        <a href=\"https:\/\/talkpal.ai\/mt\/ezercizzji-tal-grammatika-litwana\/\">\r\n            <div class=\"learnNavigationWrapper\">\r\n                <div class=\"learnNavigationContent\">\r\n                    <img decoding=\"async\" src=\"https:\/\/talkpal.ai\/wp-content\/uploads\/2024\/08\/Lithuanian.jpg\" alt=\"Lithuanian Flag\">\r\n                    <div>\r\n                        <h4>E\u017cer\u010bizzju tal-Grammatika Litwana<\/h4>\r\n                        <p>Ipprattika l-grammatika Litwana.<\/p>\r\n                    <\/div>\r\n                <\/div>\r\n            <\/div>\r\n        <\/a>\r\n\r\n        \r\n        <a href=\"https:\/\/talkpal.ai\/vocabulary_language\/lithuanian\/\">\r\n            <div class=\"learnNavigationWrapper\">\r\n                <div class=\"learnNavigationContent\">\r\n                    <img decoding=\"async\" src=\"https:\/\/talkpal.ai\/wp-content\/uploads\/2024\/08\/Lithuanian.jpg\" alt=\"Lithuanian Flag\">\r\n                    <div>\r\n                        <h4>Vokabularju Litwan<\/h4>\r\n                        <p>Espandi l-vokabularju Litwan tieg\u0127ek.<\/p>\r\n                    <\/div>\r\n                <\/div>\r\n            <\/div>\r\n        <\/a>\r\n\r\n            <\/section>","protected":false},"excerpt":{"rendered":"<p>Grammatika Litwana: Vja\u0121\u0121 Affaxxinanti Permezz tal-Lingwa Qatt ikkunsidrajt li titg\u0127allem il-Litwanja jew sempli\u010bement sibt ru\u0127ek intrigat mill-grammatika unika tag\u0127ha? Ukoll, int fil g\u0127al kura! Il-grammatika Litwana tista &#8216;tidher partikolari g\u0127all-ewwel, i\u017cda tag\u0127milx \u017cball \u2013 turi lo\u0121ika lingwistika exquisite. F&#8217;dan l-artikolu, se ni\u017cvol\u0121u l-aspetti varji tal-grammatika Litwana, u nag\u0127tuk is-setg\u0127a li tapprezza s-se\u0127er tag\u0127ha. L-ewwelnett, sfond [&hellip;]<\/p>\n","protected":false},"author":1,"featured_media":1443614,"parent":0,"menu_order":0,"comment_status":"closed","ping_status":"closed","template":"LearningContentPage.php","meta":{"_acf_changed":false,"footnotes":""},"class_list":["post-1443613","page","type-page","status-publish","has-post-thumbnail","hentry"],"acf":[],"yoast_head":"<!-- This site is optimized with the Yoast SEO Premium plugin v27.2 (Yoast SEO v27.2) - https:\/\/yoast.com\/product\/yoast-seo-premium-wordpress\/ -->\n<title>Grammatika Litwana - Talkpal<\/title>\n<meta name=\"description\" content=\"Skopri kif il-grammatika Litwana tirrifletti r-rikkezza u l-lo\u0121ika storika, u tag\u0127milha studju perfett g\u0127al dawk li j\u0127obbu l-lingwa.\" \/>\n<meta name=\"robots\" content=\"index, follow, max-snippet:-1, max-image-preview:large, max-video-preview:-1\" \/>\n<link rel=\"canonical\" href=\"https:\/\/talkpal.ai\/mt\/grammatika-litwana\/\" \/>\n<meta property=\"og:locale\" content=\"mt_MT\" \/>\n<meta property=\"og:type\" content=\"article\" \/>\n<meta property=\"og:title\" content=\"Grammatika Litwana\" \/>\n<meta property=\"og:description\" content=\"Grammatika Litwana: Vja\u0121\u0121 Affaxxinanti Permezz tal-Lingwa Qatt ikkunsidrajt li titg\u0127allem il-Litwanja jew sempli\u010bement sibt ru\u0127ek intrigat mill-grammatika\" \/>\n<meta property=\"og:url\" content=\"https:\/\/talkpal.ai\/mt\/grammatika-litwana\/\" \/>\n<meta property=\"og:site_name\" content=\"Talkpal\" \/>\n<meta property=\"article:publisher\" content=\"https:\/\/www.facebook.com\/profile.php?id=100090733639311\" \/>\n<meta property=\"article:modified_time\" content=\"2025-12-12T10:42:43+00:00\" \/>\n<meta property=\"og:image\" content=\"https:\/\/talkpal.ai\/wp-content\/uploads\/2023\/05\/Lithuanian.png\" \/>\n\t<meta property=\"og:image:width\" content=\"512\" \/>\n\t<meta property=\"og:image:height\" content=\"512\" \/>\n\t<meta property=\"og:image:type\" content=\"image\/png\" \/>\n<meta name=\"twitter:card\" content=\"summary_large_image\" \/>\n<meta name=\"twitter:site\" content=\"@talkpalai\" \/>\n<meta name=\"twitter:label1\" content=\"Est. reading time\" \/>\n\t<meta name=\"twitter:data1\" content=\"3 minutes\" \/>\n<script type=\"application\/ld+json\" class=\"yoast-schema-graph\">{\"@context\":\"https:\/\/schema.org\",\"@graph\":[{\"@type\":\"WebPage\",\"@id\":\"https:\/\/talkpal.ai\/mt\/grammatika-litwana\/\",\"url\":\"https:\/\/talkpal.ai\/mt\/grammatika-litwana\/\",\"name\":\"Grammatika Litwana - Talkpal\",\"isPartOf\":{\"@id\":\"https:\/\/talkpal.ai\/mt\/#website\"},\"primaryImageOfPage\":{\"@id\":\"https:\/\/talkpal.ai\/mt\/grammatika-litwana\/#primaryimage\"},\"image\":{\"@id\":\"https:\/\/talkpal.ai\/mt\/grammatika-litwana\/#primaryimage\"},\"thumbnailUrl\":\"https:\/\/talkpal.ai\/wp-content\/uploads\/2023\/05\/Lithuanian.png\",\"datePublished\":\"2023-05-14T14:10:42+00:00\",\"dateModified\":\"2025-12-12T10:42:43+00:00\",\"description\":\"Skopri kif il-grammatika Litwana tirrifletti r-rikkezza u l-lo\u0121ika storika, u tag\u0127milha studju perfett g\u0127al dawk li j\u0127obbu l-lingwa.\",\"breadcrumb\":{\"@id\":\"https:\/\/talkpal.ai\/mt\/grammatika-litwana\/#breadcrumb\"},\"inLanguage\":\"mt-MT\",\"potentialAction\":[{\"@type\":\"ReadAction\",\"target\":[\"https:\/\/talkpal.ai\/mt\/grammatika-litwana\/\"]}]},{\"@type\":\"ImageObject\",\"inLanguage\":\"mt-MT\",\"@id\":\"https:\/\/talkpal.ai\/mt\/grammatika-litwana\/#primaryimage\",\"url\":\"https:\/\/talkpal.ai\/wp-content\/uploads\/2023\/05\/Lithuanian.png\",\"contentUrl\":\"https:\/\/talkpal.ai\/wp-content\/uploads\/2023\/05\/Lithuanian.png\",\"width\":512,\"height\":512,\"caption\":\"TalkPal Lithuanian Flag\"},{\"@type\":\"BreadcrumbList\",\"@id\":\"https:\/\/talkpal.ai\/mt\/grammatika-litwana\/#breadcrumb\",\"itemListElement\":[{\"@type\":\"ListItem\",\"position\":1,\"name\":\"Homepage\",\"item\":\"https:\/\/talkpal.ai\/mt\/\"},{\"@type\":\"ListItem\",\"position\":2,\"name\":\"Grammatika Litwana\"}]},{\"@type\":\"WebSite\",\"@id\":\"https:\/\/talkpal.ai\/mt\/#website\",\"url\":\"https:\/\/talkpal.ai\/mt\/\",\"name\":\"Talkpal\",\"description\":\"AI Language Learning\",\"publisher\":{\"@id\":\"https:\/\/talkpal.ai\/mt\/#organization\"},\"alternateName\":\"Talkpal AI\",\"potentialAction\":[{\"@type\":\"SearchAction\",\"target\":{\"@type\":\"EntryPoint\",\"urlTemplate\":\"https:\/\/talkpal.ai\/mt\/?s={search_term_string}\"},\"query-input\":{\"@type\":\"PropertyValueSpecification\",\"valueRequired\":true,\"valueName\":\"search_term_string\"}}],\"inLanguage\":\"mt-MT\"},{\"@type\":\"Organization\",\"@id\":\"https:\/\/talkpal.ai\/mt\/#organization\",\"name\":\"Talkpal, Inc.\",\"alternateName\":\"Talkpal AI\",\"url\":\"https:\/\/talkpal.ai\/mt\/\",\"logo\":{\"@type\":\"ImageObject\",\"inLanguage\":\"mt-MT\",\"@id\":\"https:\/\/talkpal.ai\/mt\/#\/schema\/logo\/image\/\",\"url\":\"https:\/\/talkpal.ai\/wp-content\/uploads\/2024\/03\/Talkpal-Logo-Icon.png\",\"contentUrl\":\"https:\/\/talkpal.ai\/wp-content\/uploads\/2024\/03\/Talkpal-Logo-Icon.png\",\"width\":2880,\"height\":2880,\"caption\":\"Talkpal, Inc.\"},\"image\":{\"@id\":\"https:\/\/talkpal.ai\/mt\/#\/schema\/logo\/image\/\"},\"sameAs\":[\"https:\/\/www.facebook.com\/profile.php?id=100090733639311\",\"https:\/\/x.com\/talkpalai\",\"https:\/\/www.linkedin.com\/company\/talkpal\/\",\"https:\/\/www.youtube.com\/@TalkPal\/\",\"https:\/\/www.tiktok.com\/@talkpal\",\"https:\/\/www.instagram.com\/talkpal_ai\/\",\"https:\/\/www.crunchbase.com\/organization\/talkpal-9cde\",\"https:\/\/www.g2.com\/products\/talkpal-for-business\/\",\"https:\/\/www.trustpilot.com\/review\/talkpal.ai\",\"https:\/\/www.capterra.com\/p\/10006800\/TalkPal\/\"],\"description\":\"Talkpal is a language learning web and mobile education app, powered by the latest AI technologies, that provides engaging experiences to its customers in many different languages to help them improve their language skills. Users can chat about unlimited amount of topics with the app and use other modes to practice their language learning.\",\"email\":\"support@talkpal.ai\",\"legalName\":\"Talkpal, Inc.\",\"foundingDate\":\"2023-04-03\",\"duns\":\"118989042\",\"numberOfEmployees\":{\"@type\":\"QuantitativeValue\",\"minValue\":\"11\",\"maxValue\":\"50\"},\"publishingPrinciples\":\"https:\/\/talkpal.ai\/publishing-principles\/\",\"actionableFeedbackPolicy\":\"https:\/\/talkpal.ai\/actionable-feedback-policy\/\",\"correctionsPolicy\":\"https:\/\/talkpal.ai\/corrections-policy\/\",\"ethicsPolicy\":\"https:\/\/talkpal.ai\/ethics-policy\/\",\"diversityPolicy\":\"https:\/\/talkpal.ai\/diversity-policy\/\",\"diversityStaffingReport\":\"https:\/\/talkpal.ai\/diversity-policy\/\"}]}<\/script>\n<!-- \/ Yoast SEO Premium plugin. -->","yoast_head_json":{"title":"Grammatika Litwana - Talkpal","description":"Skopri kif il-grammatika Litwana tirrifletti r-rikkezza u l-lo\u0121ika storika, u tag\u0127milha studju perfett g\u0127al dawk li j\u0127obbu l-lingwa.","robots":{"index":"index","follow":"follow","max-snippet":"max-snippet:-1","max-image-preview":"max-image-preview:large","max-video-preview":"max-video-preview:-1"},"canonical":"https:\/\/talkpal.ai\/mt\/grammatika-litwana\/","og_locale":"mt_MT","og_type":"article","og_title":"Grammatika Litwana","og_description":"Grammatika Litwana: Vja\u0121\u0121 Affaxxinanti Permezz tal-Lingwa Qatt ikkunsidrajt li titg\u0127allem il-Litwanja jew sempli\u010bement sibt ru\u0127ek intrigat mill-grammatika","og_url":"https:\/\/talkpal.ai\/mt\/grammatika-litwana\/","og_site_name":"Talkpal","article_publisher":"https:\/\/www.facebook.com\/profile.php?id=100090733639311","article_modified_time":"2025-12-12T10:42:43+00:00","og_image":[{"width":512,"height":512,"url":"https:\/\/talkpal.ai\/wp-content\/uploads\/2023\/05\/Lithuanian.png","type":"image\/png"}],"twitter_card":"summary_large_image","twitter_site":"@talkpalai","twitter_misc":{"Est. reading time":"3 minutes"},"schema":{"@context":"https:\/\/schema.org","@graph":[{"@type":"WebPage","@id":"https:\/\/talkpal.ai\/mt\/grammatika-litwana\/","url":"https:\/\/talkpal.ai\/mt\/grammatika-litwana\/","name":"Grammatika Litwana - Talkpal","isPartOf":{"@id":"https:\/\/talkpal.ai\/mt\/#website"},"primaryImageOfPage":{"@id":"https:\/\/talkpal.ai\/mt\/grammatika-litwana\/#primaryimage"},"image":{"@id":"https:\/\/talkpal.ai\/mt\/grammatika-litwana\/#primaryimage"},"thumbnailUrl":"https:\/\/talkpal.ai\/wp-content\/uploads\/2023\/05\/Lithuanian.png","datePublished":"2023-05-14T14:10:42+00:00","dateModified":"2025-12-12T10:42:43+00:00","description":"Skopri kif il-grammatika Litwana tirrifletti r-rikkezza u l-lo\u0121ika storika, u tag\u0127milha studju perfett g\u0127al dawk li j\u0127obbu l-lingwa.","breadcrumb":{"@id":"https:\/\/talkpal.ai\/mt\/grammatika-litwana\/#breadcrumb"},"inLanguage":"mt-MT","potentialAction":[{"@type":"ReadAction","target":["https:\/\/talkpal.ai\/mt\/grammatika-litwana\/"]}]},{"@type":"ImageObject","inLanguage":"mt-MT","@id":"https:\/\/talkpal.ai\/mt\/grammatika-litwana\/#primaryimage","url":"https:\/\/talkpal.ai\/wp-content\/uploads\/2023\/05\/Lithuanian.png","contentUrl":"https:\/\/talkpal.ai\/wp-content\/uploads\/2023\/05\/Lithuanian.png","width":512,"height":512,"caption":"TalkPal Lithuanian Flag"},{"@type":"BreadcrumbList","@id":"https:\/\/talkpal.ai\/mt\/grammatika-litwana\/#breadcrumb","itemListElement":[{"@type":"ListItem","position":1,"name":"Homepage","item":"https:\/\/talkpal.ai\/mt\/"},{"@type":"ListItem","position":2,"name":"Grammatika Litwana"}]},{"@type":"WebSite","@id":"https:\/\/talkpal.ai\/mt\/#website","url":"https:\/\/talkpal.ai\/mt\/","name":"Talkpal","description":"AI Language Learning","publisher":{"@id":"https:\/\/talkpal.ai\/mt\/#organization"},"alternateName":"Talkpal AI","potentialAction":[{"@type":"SearchAction","target":{"@type":"EntryPoint","urlTemplate":"https:\/\/talkpal.ai\/mt\/?s={search_term_string}"},"query-input":{"@type":"PropertyValueSpecification","valueRequired":true,"valueName":"search_term_string"}}],"inLanguage":"mt-MT"},{"@type":"Organization","@id":"https:\/\/talkpal.ai\/mt\/#organization","name":"Talkpal, Inc.","alternateName":"Talkpal AI","url":"https:\/\/talkpal.ai\/mt\/","logo":{"@type":"ImageObject","inLanguage":"mt-MT","@id":"https:\/\/talkpal.ai\/mt\/#\/schema\/logo\/image\/","url":"https:\/\/talkpal.ai\/wp-content\/uploads\/2024\/03\/Talkpal-Logo-Icon.png","contentUrl":"https:\/\/talkpal.ai\/wp-content\/uploads\/2024\/03\/Talkpal-Logo-Icon.png","width":2880,"height":2880,"caption":"Talkpal, Inc."},"image":{"@id":"https:\/\/talkpal.ai\/mt\/#\/schema\/logo\/image\/"},"sameAs":["https:\/\/www.facebook.com\/profile.php?id=100090733639311","https:\/\/x.com\/talkpalai","https:\/\/www.linkedin.com\/company\/talkpal\/","https:\/\/www.youtube.com\/@TalkPal\/","https:\/\/www.tiktok.com\/@talkpal","https:\/\/www.instagram.com\/talkpal_ai\/","https:\/\/www.crunchbase.com\/organization\/talkpal-9cde","https:\/\/www.g2.com\/products\/talkpal-for-business\/","https:\/\/www.trustpilot.com\/review\/talkpal.ai","https:\/\/www.capterra.com\/p\/10006800\/TalkPal\/"],"description":"Talkpal is a language learning web and mobile education app, powered by the latest AI technologies, that provides engaging experiences to its customers in many different languages to help them improve their language skills. Users can chat about unlimited amount of topics with the app and use other modes to practice their language learning.","email":"support@talkpal.ai","legalName":"Talkpal, Inc.","foundingDate":"2023-04-03","duns":"118989042","numberOfEmployees":{"@type":"QuantitativeValue","minValue":"11","maxValue":"50"},"publishingPrinciples":"https:\/\/talkpal.ai\/publishing-principles\/","actionableFeedbackPolicy":"https:\/\/talkpal.ai\/actionable-feedback-policy\/","correctionsPolicy":"https:\/\/talkpal.ai\/corrections-policy\/","ethicsPolicy":"https:\/\/talkpal.ai\/ethics-policy\/","diversityPolicy":"https:\/\/talkpal.ai\/diversity-policy\/","diversityStaffingReport":"https:\/\/talkpal.ai\/diversity-policy\/"}]}},"_links":{"self":[{"href":"https:\/\/talkpal.ai\/mt\/wp-json\/wp\/v2\/pages\/1443613","targetHints":{"allow":["GET"]}}],"collection":[{"href":"https:\/\/talkpal.ai\/mt\/wp-json\/wp\/v2\/pages"}],"about":[{"href":"https:\/\/talkpal.ai\/mt\/wp-json\/wp\/v2\/types\/page"}],"author":[{"embeddable":true,"href":"https:\/\/talkpal.ai\/mt\/wp-json\/wp\/v2\/users\/1"}],"replies":[{"embeddable":true,"href":"https:\/\/talkpal.ai\/mt\/wp-json\/wp\/v2\/comments?post=1443613"}],"version-history":[{"count":0,"href":"https:\/\/talkpal.ai\/mt\/wp-json\/wp\/v2\/pages\/1443613\/revisions"}],"wp:featuredmedia":[{"embeddable":true,"href":"https:\/\/talkpal.ai\/mt\/wp-json\/wp\/v2\/media\/1443614"}],"wp:attachment":[{"href":"https:\/\/talkpal.ai\/mt\/wp-json\/wp\/v2\/media?parent=1443613"}],"curies":[{"name":"wp","href":"https:\/\/api.w.org\/{rel}","templated":true}]}}