{"id":1443607,"date":"2023-05-14T14:12:07","date_gmt":"2023-05-14T14:12:07","guid":{"rendered":"https:\/\/talkpal.ai\/grammatika-marathi\/"},"modified":"2025-12-12T10:52:54","modified_gmt":"2025-12-12T10:52:54","slug":"grammatika-marathi","status":"publish","type":"page","link":"https:\/\/talkpal.ai\/mt\/grammatika-marathi\/","title":{"rendered":"Grammatika Marathi"},"content":{"rendered":"\r\n\r\n\r\n<section class=\"languageChallengeSection\">\r\n    <div class=\"languageInfoWrapper\">\r\n        \r\n        <h1>Grammatika Marathi<\/h1>\r\n        <p>Kurju\u017c dwar il-Marathi? Pass fil-grammatika <a href=\"https:\/\/talkpal.ai\/learn-marathi\/\">Marathi<\/a>, fejn nomi tal-\u0121eneru, struttura ta &#039;sentenzi flessibbli, u konjugazzjonijiet ta&#039; verbi espressivi jo\u0127olqu lingwa vibranti u dinamika. Ibda l-vja\u0121\u0121 tat-tag\u0127lim tieg\u0127ek illum &#8211; il-\u0127akma tal-grammatika Marathi tg\u0127inek tikkomunika b&#039;kunfidenza u tikkonnettja mat-tradizzjonijiet u l-kultura rikka ta &#039;Maharashtra!<\/p>\r\n\r\n                            <a class=\"getStartedHidden\" href=\"https:\/\/app.talkpal.ai\/signup?lng=\">Ibda<\/a>\r\n        \r\n    <\/div>\r\n\r\n    <figure>\r\n    <img decoding=\"async\" width=\"768\" height=\"768\" src=\"https:\/\/talkpal.ai\/wp-content\/uploads\/2023\/06\/marathi-768x768.png\" class=\"languageImage no-lazy\" alt=\"Fun ways to make language learning interesting\" fetchpriority=\"high\" sizes=\"(max-width: 768px) 150px, 768px\" srcset=\"https:\/\/talkpal.ai\/wp-content\/uploads\/2023\/06\/marathi-768x768.png 768w, https:\/\/talkpal.ai\/wp-content\/uploads\/2023\/06\/marathi-300x300.png 300w\" \/>\r\n    \r\n\r\n    <\/figure>\r\n\r\n            <a class=\"getStartedVisible\" href=\"https:\/\/app.talkpal.ai\/signup?lng=\">Ibda<\/a>\r\n    \r\n<\/section>\r\n<section class=\"promotionalBanner\">\r\n    <p class=\"promotionalText\">L-aktar mod effi\u010bjenti biex titg\u0127allem lingwa<\/p>\r\n    <a class=\"promotionalLink\" href=\"https:\/\/app.talkpal.ai\/signup?lng=\">Ipprova Talkpal b&#8217;xejn<\/a>\r\n<\/section>\n<div class=\"wp-block-group pageContainerStyle\"><div class=\"wp-block-group__inner-container is-layout-constrained wp-block-group-is-layout-constrained\">\n<h2 class=\"wp-block-heading\" id=\"h-the-allure-of-marathi-grammar-unfolding-its-mysteries-and-intricacies\">Il-faxxinu tal-Grammatika Marathi: Unfolding Its Mysteries and Intricacies<\/h2>\n\n\n\n<p>Tiftakar il-vja\u0121\u0121 perplexing tat-tag\u0127lim tal-grammatika Ingli\u017ca, mg\u0127obbi b&#8217;regoli kumplessi, e\u010b\u010bezzjonijiet, u terminolo\u0121ija kkumplikata? Jekk issa qed tikkontempla li titg\u0127allem il-lingwa Marathi, ipprepara ru\u0127ek g\u0127al esplorazzjoni daqstant engrossing tal-grammatika Marathi.<\/p>\n\n\n\n<p>Marathi, lingwa Indo-Arjana mitkellma b&#8217;mod predominanti fl-istat Indjan ta &#8216;Maharashtra, tifta\u0127ar tradizzjoni rikka u karatteristi\u010bi lingwisti\u010bi uni\u010bi. Hekk kif tg\u0127addas fil-mistika tal-grammatika Marathi, se tikxef l-interazzjoni affaxxinanti tal-alfabeti tag\u0127ha, ir-regoli kkumplikati, u l-fonetika enchanting. Allura, ejja ni\u017cvelaw il-faxxinu tal-grammatika Marathi flimkien, regola \u017cg\u0127ira wa\u0127da kull darba.<\/p>\n\n\n\n<p>Wa\u0127da mill-aktar karatteristi\u010bi impressjonanti <strong>tal-grammatika Marathi<\/strong> hija l-u\u017cu estensiv tag\u0127ha ta &#8216;inflessjonijiet tan-nomi. Dawn l-inflessjonijiet spiss jg\u0127inu biex jitwasslu elementi grammatikali kru\u010bjali, b\u0127an-numru, is-sess, u l-ka\u017c. Marathi g\u0127andu tliet \u0121eneri &#8211; maskili, femminili, u newtrali &#8211; u kull \u0121eneru jippossjedi s-sett distintiv tieg\u0127u ta &#8216;mudelli ta&#8217; inflessjoni. <a href=\"https:\/\/talkpal.ai\/locations\/language-courses-in-barra\/\">Barra<\/a> minn hekk, il-lingwa g\u0127andha \u017cew\u0121 numri \u2013 singular u plural \u2013 li jg\u0127inu biex tesprimi l-kwantit\u00e0 ta&#8217; nom.<\/p>\n\n\n\n<p><strong>Karatteristika unika o\u0127ra tal-grammatika Marathi<\/strong> hija l-mod kif il-verbi jikkonjugaw, skont it-temp. Meta tikkonjuga l-verbi fil-Marathi, trid tikkunsidra mhux biss it-temp tal-verb i\u017cda wkoll is-sess u n-numru tas-su\u0121\u0121ett. Il-forom tal-verb Marathi jinkludu t-temp pre\u017centi, il-passat, u t-temp futur, flimkien ma &#8216;imperattivi u subjunctives. Dawn il-konjugazzjonijiet estensivi j\u017cidu fond u dinami\u017cmu g\u0127all-Marathi, u jag\u0127mluha lingwa tassew captivating biex tesplora.<\/p>\n\n\n\n<p>Il-lingwa Marathi hija mag\u0127rufa wkoll <strong>g\u0127all-varjet\u00e0 ta &#8216;pronomi<\/strong> tag\u0127ha. Il-Marathi g\u0127andu bosta <a href=\"https:\/\/talkpal.ai\/ar\/grammar_exercises\/pronomi-personali-%d8%aa%d9%85%d8%a7%d8%b1%d9%8a%d9%86-%d9%84%d9%84%d9%82%d9%88%d8%a7%d8%b9%d8%af-%d8%a7%d9%84%d8%a5%d9%8a%d8%b7%d8%a7%d9%84%d9%8a%d8%a9\/\">pronomi personali<\/a>, dimostrattivi, interrogattivi u riflessivi, kull wie\u0127ed minnhom \u0121ej bil-mudelli ta &#8216;deklinazzjoni rispettivi tag\u0127hom. Dan jista &#8216;jidher skora\u0121\u0121anti g\u0127all-ewwel, i\u017cda hekk kif tid\u0127ol aktar fil-fond fil-lingwa, tapprezza l-pre\u010bi\u017cjoni ming\u0127ajr paragun li toffri l-grammatika Marathi.<\/p>\n\n\n\n<p>Aspett ie\u0127or intriganti tal-grammatika Marathi jinsab <strong>fl-arran\u0121ament tal-kliem f&#8217;sentenza<\/strong>. L-ordni tal-kliem fil-Marathi \u0121eneralment issegwi l-istruttura tas-su\u0121\u0121ett-o\u0121\u0121ett-verb (SOV), simili g\u0127al lingwi Indo-Arjani o\u0127ra. Din l-istruttura tipikament tpo\u0121\u0121i l-verb fl-a\u0127\u0127ar tas-sentenza, li inizjalment tista &#8216;tkun ta&#8217; sfida g\u0127al kelliema Ingli\u017ci.<\/p>\n\n\n\n<p>Tg\u0127addas <strong>fil-fonetika Marathi<\/strong>, tiltaqa &#8216;mal-firxa mesmerizing ta&#8217; \u0127sejjes, enunciated permezz tas-16-il vokali (swar) u 36 konsonanti (vyanjan). L-iskrittura Devanagari, li tu\u017ca l-Marathi, i\u017cid saff ta &#8216;se\u0127er ma&#8217; din il-lingwa di\u0121\u00e0 captivating.  <\/p>\n\n\n\n<p>It-tag\u0127lim tal-grammatika Marathi, bl-g\u0127add kbir ta &#8216;regoli u kumplessitajiet tag\u0127ha, jista&#8217; bla dubju jkun kompitu skora\u0121\u0121anti g\u0127all-ewwel. Madankollu, din l-isfida hija wkoll dik li tag\u0127milha e\u010b\u010bezzjonalment stimulanti u gratifying. Hekk kif tg\u0127addas ru\u0127ek fid-dinja enchanting tal-grammatika Marathi, se tikxef mhux biss il-\u0127idma tal-lingwa i\u017cda wkoll tikseb fehim aktar profond tal-kultura, l-istorja u l-g\u0127erf li tinkorpora.<\/p>\n\n\n\n<p>Allura, g\u0127aliex ma timbarkax f&#8217;din l-avventura lingwistika biex tesplora l-fond attraenti tal-grammatika Marathi u tikxef il-misteri u l-isfumaturi innumerabbli tag\u0127ha li qed jistennew li ji\u0121u mg\u0127allma? Il-fer\u0127 tat-tag\u0127lim u l-pja\u010bir li nifhmu s-sottilitajiet tal-grammatika Marathi huma biss ftit mumenti &#8216;l bog\u0127od!<\/p>\n<\/div><\/div>\n\r\n<section class=\"learnNavigationSection\">\r\n            \r\n        <a href=\"https:\/\/talkpal.ai\/mt\/tghallem-marathi\/\">\r\n            <div class=\"learnNavigationWrapper\">\r\n                <div class=\"learnNavigationContent\">\r\n                    <img decoding=\"async\" src=\"https:\/\/talkpal.ai\/wp-content\/uploads\/2023\/05\/Marathi-india.png\" alt=\"TalkPal Marathi Flag\">\r\n                    <div>\r\n                        <h4>Dwar it-Tag\u0127lim tal-Marathi<\/h4>\r\n                        <p>Sir af kollox dwar il-grammatika Marathi.<\/p>\r\n                    <\/div>\r\n                <\/div>\r\n            <\/div>\r\n        <\/a>\r\n\r\n        \r\n        <a href=\"https:\/\/talkpal.ai\/mt\/ezercizzji-tal-grammatika-marathi\/\">\r\n            <div class=\"learnNavigationWrapper\">\r\n                <div class=\"learnNavigationContent\">\r\n                    <img decoding=\"async\" src=\"https:\/\/talkpal.ai\/wp-content\/uploads\/2023\/05\/Marathi-india.png\" alt=\"TalkPal Marathi Flag\">\r\n                    <div>\r\n                        <h4>E\u017cer\u010bizzju tal-Grammatika Marathi<\/h4>\r\n                        <p>Prattika grammatika Marathi.<\/p>\r\n                    <\/div>\r\n                <\/div>\r\n            <\/div>\r\n        <\/a>\r\n\r\n        \r\n        <a href=\"https:\/\/talkpal.ai\/vocabulary_language\/marathi\/\">\r\n            <div class=\"learnNavigationWrapper\">\r\n                <div class=\"learnNavigationContent\">\r\n                    <img decoding=\"async\" src=\"https:\/\/talkpal.ai\/wp-content\/uploads\/2023\/05\/Marathi-india.png\" alt=\"TalkPal Marathi Flag\">\r\n                    <div>\r\n                        <h4>Vokabularju Marathi<\/h4>\r\n                        <p>Espandi l-vokabularju Marathi tieg\u0127ek.<\/p>\r\n                    <\/div>\r\n                <\/div>\r\n            <\/div>\r\n        <\/a>\r\n\r\n            <\/section>","protected":false},"excerpt":{"rendered":"<p>Il-faxxinu tal-Grammatika Marathi: Unfolding Its Mysteries and Intricacies Tiftakar il-vja\u0121\u0121 perplexing tat-tag\u0127lim tal-grammatika Ingli\u017ca, mg\u0127obbi b&#8217;regoli kumplessi, e\u010b\u010bezzjonijiet, u terminolo\u0121ija kkumplikata? Jekk issa qed tikkontempla li titg\u0127allem il-lingwa Marathi, ipprepara ru\u0127ek g\u0127al esplorazzjoni daqstant engrossing tal-grammatika Marathi. Marathi, lingwa Indo-Arjana mitkellma b&#8217;mod predominanti fl-istat Indjan ta &#8216;Maharashtra, tifta\u0127ar tradizzjoni rikka u karatteristi\u010bi lingwisti\u010bi uni\u010bi. Hekk [&hellip;]<\/p>\n","protected":false},"author":1,"featured_media":1443608,"parent":0,"menu_order":0,"comment_status":"closed","ping_status":"closed","template":"LearningContentPage.php","meta":{"_acf_changed":false,"footnotes":""},"class_list":["post-1443607","page","type-page","status-publish","has-post-thumbnail","hentry"],"acf":[],"yoast_head":"<!-- This site is optimized with the Yoast SEO Premium plugin v27.2 (Yoast SEO v27.2) - https:\/\/yoast.com\/product\/yoast-seo-premium-wordpress\/ -->\n<title>Grammatika Marathi - Talkpal<\/title>\n<meta name=\"description\" content=\"Esplora d-dinja affaxxinanti tal-grammatika Marathi u skopri r-regoli uni\u010bi tag\u0127ha, il-fonetika, u l-inflessjonijiet fit-tag\u0127lim tal-lingwa.\" \/>\n<meta name=\"robots\" content=\"index, follow, max-snippet:-1, max-image-preview:large, max-video-preview:-1\" \/>\n<link rel=\"canonical\" href=\"https:\/\/talkpal.ai\/mt\/grammatika-marathi\/\" \/>\n<meta property=\"og:locale\" content=\"mt_MT\" \/>\n<meta property=\"og:type\" content=\"article\" \/>\n<meta property=\"og:title\" content=\"Grammatika Marathi\" \/>\n<meta property=\"og:description\" content=\"Il-faxxinu tal-Grammatika Marathi: Unfolding Its Mysteries and Intricacies Tiftakar il-vja\u0121\u0121 perplexing tat-tag\u0127lim tal-grammatika Ingli\u017ca, mg\u0127obbi\" \/>\n<meta property=\"og:url\" content=\"https:\/\/talkpal.ai\/mt\/grammatika-marathi\/\" \/>\n<meta property=\"og:site_name\" content=\"Talkpal\" \/>\n<meta property=\"article:publisher\" content=\"https:\/\/www.facebook.com\/profile.php?id=100090733639311\" \/>\n<meta property=\"article:modified_time\" content=\"2025-12-12T10:52:54+00:00\" \/>\n<meta property=\"og:image\" content=\"https:\/\/talkpal.ai\/wp-content\/uploads\/2023\/05\/Marathi-india.png\" \/>\n\t<meta property=\"og:image:width\" content=\"512\" \/>\n\t<meta property=\"og:image:height\" content=\"512\" \/>\n\t<meta property=\"og:image:type\" content=\"image\/png\" \/>\n<meta name=\"twitter:card\" content=\"summary_large_image\" \/>\n<meta name=\"twitter:site\" content=\"@talkpalai\" \/>\n<meta name=\"twitter:label1\" content=\"Est. reading time\" \/>\n\t<meta name=\"twitter:data1\" content=\"2 minutes\" \/>\n<script type=\"application\/ld+json\" class=\"yoast-schema-graph\">{\"@context\":\"https:\/\/schema.org\",\"@graph\":[{\"@type\":\"WebPage\",\"@id\":\"https:\/\/talkpal.ai\/mt\/grammatika-marathi\/\",\"url\":\"https:\/\/talkpal.ai\/mt\/grammatika-marathi\/\",\"name\":\"Grammatika Marathi - Talkpal\",\"isPartOf\":{\"@id\":\"https:\/\/talkpal.ai\/mt\/#website\"},\"primaryImageOfPage\":{\"@id\":\"https:\/\/talkpal.ai\/mt\/grammatika-marathi\/#primaryimage\"},\"image\":{\"@id\":\"https:\/\/talkpal.ai\/mt\/grammatika-marathi\/#primaryimage\"},\"thumbnailUrl\":\"https:\/\/talkpal.ai\/wp-content\/uploads\/2023\/05\/Marathi-india.png\",\"datePublished\":\"2023-05-14T14:12:07+00:00\",\"dateModified\":\"2025-12-12T10:52:54+00:00\",\"description\":\"Esplora d-dinja affaxxinanti tal-grammatika Marathi u skopri r-regoli uni\u010bi tag\u0127ha, il-fonetika, u l-inflessjonijiet fit-tag\u0127lim tal-lingwa.\",\"breadcrumb\":{\"@id\":\"https:\/\/talkpal.ai\/mt\/grammatika-marathi\/#breadcrumb\"},\"inLanguage\":\"mt-MT\",\"potentialAction\":[{\"@type\":\"ReadAction\",\"target\":[\"https:\/\/talkpal.ai\/mt\/grammatika-marathi\/\"]}]},{\"@type\":\"ImageObject\",\"inLanguage\":\"mt-MT\",\"@id\":\"https:\/\/talkpal.ai\/mt\/grammatika-marathi\/#primaryimage\",\"url\":\"https:\/\/talkpal.ai\/wp-content\/uploads\/2023\/05\/Marathi-india.png\",\"contentUrl\":\"https:\/\/talkpal.ai\/wp-content\/uploads\/2023\/05\/Marathi-india.png\",\"width\":512,\"height\":512,\"caption\":\"TalkPal Marathi Flag\"},{\"@type\":\"BreadcrumbList\",\"@id\":\"https:\/\/talkpal.ai\/mt\/grammatika-marathi\/#breadcrumb\",\"itemListElement\":[{\"@type\":\"ListItem\",\"position\":1,\"name\":\"Homepage\",\"item\":\"https:\/\/talkpal.ai\/mt\/\"},{\"@type\":\"ListItem\",\"position\":2,\"name\":\"Grammatika Marathi\"}]},{\"@type\":\"WebSite\",\"@id\":\"https:\/\/talkpal.ai\/mt\/#website\",\"url\":\"https:\/\/talkpal.ai\/mt\/\",\"name\":\"Talkpal\",\"description\":\"AI Language Learning\",\"publisher\":{\"@id\":\"https:\/\/talkpal.ai\/mt\/#organization\"},\"alternateName\":\"Talkpal AI\",\"potentialAction\":[{\"@type\":\"SearchAction\",\"target\":{\"@type\":\"EntryPoint\",\"urlTemplate\":\"https:\/\/talkpal.ai\/mt\/?s={search_term_string}\"},\"query-input\":{\"@type\":\"PropertyValueSpecification\",\"valueRequired\":true,\"valueName\":\"search_term_string\"}}],\"inLanguage\":\"mt-MT\"},{\"@type\":\"Organization\",\"@id\":\"https:\/\/talkpal.ai\/mt\/#organization\",\"name\":\"Talkpal, Inc.\",\"alternateName\":\"Talkpal AI\",\"url\":\"https:\/\/talkpal.ai\/mt\/\",\"logo\":{\"@type\":\"ImageObject\",\"inLanguage\":\"mt-MT\",\"@id\":\"https:\/\/talkpal.ai\/mt\/#\/schema\/logo\/image\/\",\"url\":\"https:\/\/talkpal.ai\/wp-content\/uploads\/2024\/03\/Talkpal-Logo-Icon.png\",\"contentUrl\":\"https:\/\/talkpal.ai\/wp-content\/uploads\/2024\/03\/Talkpal-Logo-Icon.png\",\"width\":2880,\"height\":2880,\"caption\":\"Talkpal, Inc.\"},\"image\":{\"@id\":\"https:\/\/talkpal.ai\/mt\/#\/schema\/logo\/image\/\"},\"sameAs\":[\"https:\/\/www.facebook.com\/profile.php?id=100090733639311\",\"https:\/\/x.com\/talkpalai\",\"https:\/\/www.linkedin.com\/company\/talkpal\/\",\"https:\/\/www.youtube.com\/@TalkPal\/\",\"https:\/\/www.tiktok.com\/@talkpal\",\"https:\/\/www.instagram.com\/talkpal_ai\/\",\"https:\/\/www.crunchbase.com\/organization\/talkpal-9cde\",\"https:\/\/www.g2.com\/products\/talkpal-for-business\/\",\"https:\/\/www.trustpilot.com\/review\/talkpal.ai\",\"https:\/\/www.capterra.com\/p\/10006800\/TalkPal\/\"],\"description\":\"Talkpal is a language learning web and mobile education app, powered by the latest AI technologies, that provides engaging experiences to its customers in many different languages to help them improve their language skills. Users can chat about unlimited amount of topics with the app and use other modes to practice their language learning.\",\"email\":\"support@talkpal.ai\",\"legalName\":\"Talkpal, Inc.\",\"foundingDate\":\"2023-04-03\",\"duns\":\"118989042\",\"numberOfEmployees\":{\"@type\":\"QuantitativeValue\",\"minValue\":\"11\",\"maxValue\":\"50\"},\"publishingPrinciples\":\"https:\/\/talkpal.ai\/publishing-principles\/\",\"actionableFeedbackPolicy\":\"https:\/\/talkpal.ai\/actionable-feedback-policy\/\",\"correctionsPolicy\":\"https:\/\/talkpal.ai\/corrections-policy\/\",\"ethicsPolicy\":\"https:\/\/talkpal.ai\/ethics-policy\/\",\"diversityPolicy\":\"https:\/\/talkpal.ai\/diversity-policy\/\",\"diversityStaffingReport\":\"https:\/\/talkpal.ai\/diversity-policy\/\"}]}<\/script>\n<!-- \/ Yoast SEO Premium plugin. -->","yoast_head_json":{"title":"Grammatika Marathi - Talkpal","description":"Esplora d-dinja affaxxinanti tal-grammatika Marathi u skopri r-regoli uni\u010bi tag\u0127ha, il-fonetika, u l-inflessjonijiet fit-tag\u0127lim tal-lingwa.","robots":{"index":"index","follow":"follow","max-snippet":"max-snippet:-1","max-image-preview":"max-image-preview:large","max-video-preview":"max-video-preview:-1"},"canonical":"https:\/\/talkpal.ai\/mt\/grammatika-marathi\/","og_locale":"mt_MT","og_type":"article","og_title":"Grammatika Marathi","og_description":"Il-faxxinu tal-Grammatika Marathi: Unfolding Its Mysteries and Intricacies Tiftakar il-vja\u0121\u0121 perplexing tat-tag\u0127lim tal-grammatika Ingli\u017ca, mg\u0127obbi","og_url":"https:\/\/talkpal.ai\/mt\/grammatika-marathi\/","og_site_name":"Talkpal","article_publisher":"https:\/\/www.facebook.com\/profile.php?id=100090733639311","article_modified_time":"2025-12-12T10:52:54+00:00","og_image":[{"width":512,"height":512,"url":"https:\/\/talkpal.ai\/wp-content\/uploads\/2023\/05\/Marathi-india.png","type":"image\/png"}],"twitter_card":"summary_large_image","twitter_site":"@talkpalai","twitter_misc":{"Est. reading time":"2 minutes"},"schema":{"@context":"https:\/\/schema.org","@graph":[{"@type":"WebPage","@id":"https:\/\/talkpal.ai\/mt\/grammatika-marathi\/","url":"https:\/\/talkpal.ai\/mt\/grammatika-marathi\/","name":"Grammatika Marathi - Talkpal","isPartOf":{"@id":"https:\/\/talkpal.ai\/mt\/#website"},"primaryImageOfPage":{"@id":"https:\/\/talkpal.ai\/mt\/grammatika-marathi\/#primaryimage"},"image":{"@id":"https:\/\/talkpal.ai\/mt\/grammatika-marathi\/#primaryimage"},"thumbnailUrl":"https:\/\/talkpal.ai\/wp-content\/uploads\/2023\/05\/Marathi-india.png","datePublished":"2023-05-14T14:12:07+00:00","dateModified":"2025-12-12T10:52:54+00:00","description":"Esplora d-dinja affaxxinanti tal-grammatika Marathi u skopri r-regoli uni\u010bi tag\u0127ha, il-fonetika, u l-inflessjonijiet fit-tag\u0127lim tal-lingwa.","breadcrumb":{"@id":"https:\/\/talkpal.ai\/mt\/grammatika-marathi\/#breadcrumb"},"inLanguage":"mt-MT","potentialAction":[{"@type":"ReadAction","target":["https:\/\/talkpal.ai\/mt\/grammatika-marathi\/"]}]},{"@type":"ImageObject","inLanguage":"mt-MT","@id":"https:\/\/talkpal.ai\/mt\/grammatika-marathi\/#primaryimage","url":"https:\/\/talkpal.ai\/wp-content\/uploads\/2023\/05\/Marathi-india.png","contentUrl":"https:\/\/talkpal.ai\/wp-content\/uploads\/2023\/05\/Marathi-india.png","width":512,"height":512,"caption":"TalkPal Marathi Flag"},{"@type":"BreadcrumbList","@id":"https:\/\/talkpal.ai\/mt\/grammatika-marathi\/#breadcrumb","itemListElement":[{"@type":"ListItem","position":1,"name":"Homepage","item":"https:\/\/talkpal.ai\/mt\/"},{"@type":"ListItem","position":2,"name":"Grammatika Marathi"}]},{"@type":"WebSite","@id":"https:\/\/talkpal.ai\/mt\/#website","url":"https:\/\/talkpal.ai\/mt\/","name":"Talkpal","description":"AI Language Learning","publisher":{"@id":"https:\/\/talkpal.ai\/mt\/#organization"},"alternateName":"Talkpal AI","potentialAction":[{"@type":"SearchAction","target":{"@type":"EntryPoint","urlTemplate":"https:\/\/talkpal.ai\/mt\/?s={search_term_string}"},"query-input":{"@type":"PropertyValueSpecification","valueRequired":true,"valueName":"search_term_string"}}],"inLanguage":"mt-MT"},{"@type":"Organization","@id":"https:\/\/talkpal.ai\/mt\/#organization","name":"Talkpal, Inc.","alternateName":"Talkpal AI","url":"https:\/\/talkpal.ai\/mt\/","logo":{"@type":"ImageObject","inLanguage":"mt-MT","@id":"https:\/\/talkpal.ai\/mt\/#\/schema\/logo\/image\/","url":"https:\/\/talkpal.ai\/wp-content\/uploads\/2024\/03\/Talkpal-Logo-Icon.png","contentUrl":"https:\/\/talkpal.ai\/wp-content\/uploads\/2024\/03\/Talkpal-Logo-Icon.png","width":2880,"height":2880,"caption":"Talkpal, Inc."},"image":{"@id":"https:\/\/talkpal.ai\/mt\/#\/schema\/logo\/image\/"},"sameAs":["https:\/\/www.facebook.com\/profile.php?id=100090733639311","https:\/\/x.com\/talkpalai","https:\/\/www.linkedin.com\/company\/talkpal\/","https:\/\/www.youtube.com\/@TalkPal\/","https:\/\/www.tiktok.com\/@talkpal","https:\/\/www.instagram.com\/talkpal_ai\/","https:\/\/www.crunchbase.com\/organization\/talkpal-9cde","https:\/\/www.g2.com\/products\/talkpal-for-business\/","https:\/\/www.trustpilot.com\/review\/talkpal.ai","https:\/\/www.capterra.com\/p\/10006800\/TalkPal\/"],"description":"Talkpal is a language learning web and mobile education app, powered by the latest AI technologies, that provides engaging experiences to its customers in many different languages to help them improve their language skills. Users can chat about unlimited amount of topics with the app and use other modes to practice their language learning.","email":"support@talkpal.ai","legalName":"Talkpal, Inc.","foundingDate":"2023-04-03","duns":"118989042","numberOfEmployees":{"@type":"QuantitativeValue","minValue":"11","maxValue":"50"},"publishingPrinciples":"https:\/\/talkpal.ai\/publishing-principles\/","actionableFeedbackPolicy":"https:\/\/talkpal.ai\/actionable-feedback-policy\/","correctionsPolicy":"https:\/\/talkpal.ai\/corrections-policy\/","ethicsPolicy":"https:\/\/talkpal.ai\/ethics-policy\/","diversityPolicy":"https:\/\/talkpal.ai\/diversity-policy\/","diversityStaffingReport":"https:\/\/talkpal.ai\/diversity-policy\/"}]}},"_links":{"self":[{"href":"https:\/\/talkpal.ai\/mt\/wp-json\/wp\/v2\/pages\/1443607","targetHints":{"allow":["GET"]}}],"collection":[{"href":"https:\/\/talkpal.ai\/mt\/wp-json\/wp\/v2\/pages"}],"about":[{"href":"https:\/\/talkpal.ai\/mt\/wp-json\/wp\/v2\/types\/page"}],"author":[{"embeddable":true,"href":"https:\/\/talkpal.ai\/mt\/wp-json\/wp\/v2\/users\/1"}],"replies":[{"embeddable":true,"href":"https:\/\/talkpal.ai\/mt\/wp-json\/wp\/v2\/comments?post=1443607"}],"version-history":[{"count":0,"href":"https:\/\/talkpal.ai\/mt\/wp-json\/wp\/v2\/pages\/1443607\/revisions"}],"wp:featuredmedia":[{"embeddable":true,"href":"https:\/\/talkpal.ai\/mt\/wp-json\/wp\/v2\/media\/1443608"}],"wp:attachment":[{"href":"https:\/\/talkpal.ai\/mt\/wp-json\/wp\/v2\/media?parent=1443607"}],"curies":[{"name":"wp","href":"https:\/\/api.w.org\/{rel}","templated":true}]}}