{"id":1443600,"date":"2023-05-14T14:11:00","date_gmt":"2023-05-14T14:11:00","guid":{"rendered":"https:\/\/talkpal.ai\/grammatika-tal-kazakistan\/"},"modified":"2025-12-17T17:18:32","modified_gmt":"2025-12-17T17:18:32","slug":"grammatika-tal-kazakistan","status":"publish","type":"page","link":"https:\/\/talkpal.ai\/mt\/grammatika-tal-kazakistan\/","title":{"rendered":"Grammatika tal-Ka\u017cakistan"},"content":{"rendered":"\r\n\r\n\r\n<section class=\"languageChallengeSection\">\r\n    <div class=\"languageInfoWrapper\">\r\n        \r\n        <h1>Grammatika tal-Ka\u017cakistan<\/h1>\r\n        <p>It-tag\u0127lim tal-Kazakh jifta\u0127 il-bieb g\u0127al lingwa rikka fl-istorja u l-kultura, u fil-qalba tag\u0127ha tinsab sistema grammatikali affaxxinanti. Filwaqt li l-grammatika <a href=\"https:\/\/talkpal.ai\/learn-kazakh\/\">Kazakh<\/a> tista &#039;tidher kumplessa g\u0127all-ewwel, il-fehim tal-karatteristi\u010bi ewlenin tag\u0127ha &#8211; b\u0127all-armonija tal-vokali, il-ka\u017cijiet tan-nomi, u t-tempi tal-verb &#8211; jag\u0127mel il-\u0127akma tal-lingwa kemm tista&#039; tinkiseb kif ukoll ta &#039;sodisfazzjon. G\u0127addas u skopri dak li jag\u0127mel il-Ka\u017cakstan uniku!<\/p>\r\n\r\n                            <a class=\"getStartedHidden\" href=\"https:\/\/app.talkpal.ai\/signup?lng=\">Ibda<\/a>\r\n        \r\n    <\/div>\r\n\r\n    <figure>\r\n    <img decoding=\"async\" width=\"768\" height=\"768\" src=\"https:\/\/talkpal.ai\/wp-content\/uploads\/2023\/06\/Khazak-768x768.png\" class=\"languageImage no-lazy\" alt=\"Language learning for increased negotiation skills\" fetchpriority=\"high\" sizes=\"(max-width: 768px) 150px, 768px\" srcset=\"https:\/\/talkpal.ai\/wp-content\/uploads\/2023\/06\/Khazak-768x768.png 768w, https:\/\/talkpal.ai\/wp-content\/uploads\/2023\/06\/Khazak-300x300.png 300w\" \/>\r\n    \r\n\r\n    <\/figure>\r\n\r\n            <a class=\"getStartedVisible\" href=\"https:\/\/app.talkpal.ai\/signup?lng=\">Ibda<\/a>\r\n    \r\n<\/section>\r\n<section class=\"promotionalBanner\">\r\n    <p class=\"promotionalText\">L-aktar mod effi\u010bjenti biex titg\u0127allem lingwa<\/p>\r\n    <a class=\"promotionalLink\" href=\"https:\/\/app.talkpal.ai\/signup?lng=\">Ipprova Talkpal b&#8217;xejn<\/a>\r\n<\/section>\n<div class=\"wp-block-group pageContainerStyle\"><div class=\"wp-block-group__inner-container is-layout-constrained wp-block-group-is-layout-constrained\">\n<h2 class=\"wp-block-heading\" id=\"h-kazakh-grammar-unlocking-the-secrets-of-the-kazakh-language\">Grammatika tal-Ka\u017cakstan: Nisfruttaw is-Sigrieti tal-Lingwa tal-Ka\u017cakistan<\/h2>\n\n\n\n<p>Meta ni\u0121u biex jitg\u0127allmu l-lingwa Kazakh, il-fehim tal-ba\u017ci\u010bi tal-grammatika Kazakh huwa essenzjali biex jinfeta\u0127 is-sigrieti tag\u0127ha. G\u0127alkemm jista &#8216;jidher intimidanti g\u0127all-ewwel, is-sistema <a href=\"https:\/\/talkpal.ai\/greek-grammar\/\">grammatika<\/a> tifta\u0127ar b&#8217;karatteristi\u010bi uni\u010bi li jag\u0127mlu l-lingwa affaxxinanti. Dan l-artikolu jfittex li jitfa&#8217; dawl fuq aspetti ewlenin tal-grammatika Kazakh, billi jipprovdi introduzzjoni konversattiva u informali g\u0127all-istruttura rikka tal-lingwa.<\/p>\n\n\n\n<h3 class=\"wp-block-heading\" id=\"h-1-nouns-harmony-in-cases-and-declensions\">1. Nouns &#8211; Armonija fil-Ka\u017cijiet u d-Deklinazzjonijiet<\/h3>\n\n\n\n<p>Wa\u0127da mill-ewwel affarijiet li g\u0127andek tikkunsidra fil-grammatika tal-Ka\u017cakstan hija l-istruttura tan-nom. Il-lingwa tu\u017ca sistema ta&#8217; armonija vokali, fejn il-vokali huma quddiem jew wara, u kombinazzjonijiet armonju\u017ci huma preferuti. Din is-sistema torbot mal-plurali tan-nomi, li huma ffurmati permezz ta&#8217; diversi suffissi li jaqblu mal-grupp armoniku tan-nom inizjali.<\/p>\n\n\n\n<p>In-nomi tal-Ka\u017cakstan jimxu ma&#8217; seba&#8217; ka\u017cijiet: nominativ, \u0121enittiv, dattiv, akku\u017cattiv, lokattiv, ablattiv, u strumentali. Filwaqt li skora\u0121\u0121anti g\u0127all-ewwel, il-\u0127akma ta &#8216;dawn il-ka\u017cijiet hija kru\u010bjali fil-formazzjoni ta&#8217; strutturi ta &#8216;sentenzi pre\u010bi\u017ci. Il-ka\u017cijiet jiddeterminaw ir-relazzjonijiet bejn il-kliem, u jippermettu flessibilit\u00e0 fl-ordni tal-kliem ming\u0127ajr ma jitilfu t-tifsira.<\/p>\n\n\n\n<h3 class=\"wp-block-heading\" id=\"h-2-adjectives-agreement-and-comparison\">2. A\u0121\u0121ettivi \u2013 Ftehim u paragun<\/h3>\n\n\n\n<p>L-a\u0121\u0121ettivi tal-Ka\u017cakstan jintu\u017caw biex jiddeskrivu u jipprovdu aktar informazzjoni dwar in-nomi. G\u0127andhom jaqblu man-nom li jimmodifikaw f&#8217;termini ta&#8217; ka\u017c u numru. <a href=\"https:\/\/talkpal.ai\/locations\/language-courses-in-barra\/\">Barra<\/a> minn hekk, l-a\u0121\u0121ettivi jistg\u0127u jitqabblu bl-u\u017cu ta&#8217; gradi komparattivi u superlattivi, miksuba bi\u017c-\u017cieda ta&#8217; suffissi korrispondenti, biex iwasslu livelli differenti ta&#8217; enfasi.<\/p>\n\n\n\n<p>Pere\u017cempju, il-kelma g\u0127al &#8220;sabi\u0127a&#8221; bil-Kazakh hija &#8220;\u0441\u044b\u04a3\u0448\u044b.&#8221; Meta tiddeskrivi \u0121nien sabi\u0127 (\u0431\u0430\u049b), il-fra\u017ci tkun &#8220;\u0441\u044b\u04a3\u0448\u044b \u0431\u0430\u049b.&#8221; Biex tg\u0127id &#8220;isba\u0127,&#8221; tu\u017ca &#8220;\u0441\u044b\u04a3\u0448\u044b\u0440\u0430\u049b,&#8221; filwaqt li &#8220;l-isba\u0127&#8221; tkun iffurmata bl-u\u017cu ta &#8216;&#8221;\u0441\u044b\u04a3\u0448\u044b.&#8221; Biex tg\u0127id &#8220;l-isba\u0127 \u0121nien,&#8221; tu\u017ca &#8220;\u0441\u044b\u04a3\u0448\u044b \u0431\u0430\u049b.&#8221;<\/p>\n\n\n\n<h3 class=\"wp-block-heading\" id=\"h-3-verbs-tense-mood-and-aspect\">3. Verbi &#8211; Temp, Burdata, u Aspett<\/h3>\n\n\n\n<p>Il-verbi fil-Kazakh juru t-temp, il-burdata, u l-aspett. Il-lingwa fiha tliet tempi ewlenin: passat, pre\u017cent, u futur. Kull temp g\u0127andu forom distinti bba\u017cati fuq il-pronom tas-su\u0121\u0121ett, il-burdata (b\u0127al imperattiv jew kondizzjonali), u l-aspett (kemm jekk l-azzjoni hijiex perfetta, tirrifletti azzjoni kompluta, jew imperfettiva, li tindika azzjoni kontinwa jew abitwali).<\/p>\n\n\n\n<h3 class=\"wp-block-heading\" id=\"h-4-pronouns-personal-and-demonstrative\">4. Pronomi &#8211; Personali u Dimostrattivi<\/h3>\n\n\n\n<p>Il-pronomi fil-grammatika tal-Ka\u017cakstan jinkludu varjetajiet personali, possessivi, dimostrattivi, interrogattivi u relattivi. G\u0127andhom jaqblu fil-ka\u017c u n-numru man-nom li jirreferu jew jissostitwixxu. Il-pronomi dimostrattivi, pere\u017cempju, g\u0127andhom tliet forom: prossimali (\u0431\u04b1\u043b), medjali (\u043e\u0441\u044b), u distali (\u0430\u043d\u0430\u0443), skont id-distanza mill-kelliem.<\/p>\n\n\n\n<h3 class=\"wp-block-heading\" id=\"h-5-embracing-the-uniqueness-of-kazakh-grammar\">5. T\u0127addan l-uni\u010bit\u00e0 tal-grammatika tal-Ka\u017cakstan<\/h3>\n\n\n\n<p>Hekk kif tibda l-vja\u0121\u0121 tal-lingwa Kazakh tieg\u0127ek, ftakar li mhuwiex dwar il-\u0127akma tal-isfumaturi f&#8217;daqqa. Delight in discovering the unique <a href=\"https:\/\/talkpal.ai\/pa\/%e0%a8%b5%e0%a8%bf%e0%a8%86%e0%a8%95%e0%a8%b0%e0%a8%a3\/\">grammar<\/a> system that sets Kazakh apart and takes the time to understand it without feeling overovered.<\/p>\n\n\n\n<p>Billi tapprezza u tesplora l-partikolaritajiet tal-grammatika Kazakh, tista &#8216;verament tifta\u0127 is-sbu\u0127ija tal-lingwa, u tikseb a\u010b\u010bess akbar g\u0127all-wirt kulturali rikk li tinkorpora. \u0421\u04d9\u0442\u0442\u0442\u0456 \u043e\u049b\u0443 &#8211; Tag\u0127lim kuntent!<\/p>\n<\/div><\/div>\n\r\n<section class=\"learnNavigationSection\">\r\n            \r\n        <a href=\"https:\/\/talkpal.ai\/mt\/tghallem-kazakh\/\">\r\n            <div class=\"learnNavigationWrapper\">\r\n                <div class=\"learnNavigationContent\">\r\n                    <img decoding=\"async\" src=\"https:\/\/talkpal.ai\/wp-content\/uploads\/2024\/08\/Kazakh.jpg\" alt=\"Kazakh Flag\">\r\n                    <div>\r\n                        <h4>Dwar it-Tag\u0127lim tal-Kazakh<\/h4>\r\n                        <p>Sir af kollox dwar il-grammatika tal-Ka\u017cakistan.<\/p>\r\n                    <\/div>\r\n                <\/div>\r\n            <\/div>\r\n        <\/a>\r\n\r\n        \r\n        <a href=\"https:\/\/talkpal.ai\/mt\/ezercizzji-tal-grammatika-kazaka\/\">\r\n            <div class=\"learnNavigationWrapper\">\r\n                <div class=\"learnNavigationContent\">\r\n                    <img decoding=\"async\" src=\"https:\/\/talkpal.ai\/wp-content\/uploads\/2024\/08\/Kazakh.jpg\" alt=\"Kazakh Flag\">\r\n                    <div>\r\n                        <h4>E\u017cer\u010bizzju tal-Grammatika tal-Ka\u017cakstan<\/h4>\r\n                        <p>Ipprattika l-grammatika tal-Ka\u017cakstan.<\/p>\r\n                    <\/div>\r\n                <\/div>\r\n            <\/div>\r\n        <\/a>\r\n\r\n        \r\n        <a href=\"https:\/\/talkpal.ai\/vocabulary_language\/kazakh\/\">\r\n            <div class=\"learnNavigationWrapper\">\r\n                <div class=\"learnNavigationContent\">\r\n                    <img decoding=\"async\" src=\"https:\/\/talkpal.ai\/wp-content\/uploads\/2024\/08\/Kazakh.jpg\" alt=\"Kazakh Flag\">\r\n                    <div>\r\n                        <h4>Vokabularju tal-Ka\u017cakstan<\/h4>\r\n                        <p>Espandi l-vokabularju Kazakh tieg\u0127ek.<\/p>\r\n                    <\/div>\r\n                <\/div>\r\n            <\/div>\r\n        <\/a>\r\n\r\n            <\/section>","protected":false},"excerpt":{"rendered":"<p>Grammatika tal-Ka\u017cakstan: Nisfruttaw is-Sigrieti tal-Lingwa tal-Ka\u017cakistan Meta ni\u0121u biex jitg\u0127allmu l-lingwa Kazakh, il-fehim tal-ba\u017ci\u010bi tal-grammatika Kazakh huwa essenzjali biex jinfeta\u0127 is-sigrieti tag\u0127ha. G\u0127alkemm jista &#8216;jidher intimidanti g\u0127all-ewwel, is-sistema grammatika tifta\u0127ar b&#8217;karatteristi\u010bi uni\u010bi li jag\u0127mlu l-lingwa affaxxinanti. Dan l-artikolu jfittex li jitfa&#8217; dawl fuq aspetti ewlenin tal-grammatika Kazakh, billi jipprovdi introduzzjoni konversattiva u informali g\u0127all-istruttura rikka [&hellip;]<\/p>\n","protected":false},"author":1,"featured_media":1443602,"parent":0,"menu_order":0,"comment_status":"closed","ping_status":"closed","template":"LearningContentPage.php","meta":{"_acf_changed":false,"footnotes":""},"class_list":["post-1443600","page","type-page","status-publish","has-post-thumbnail","hentry"],"acf":[],"yoast_head":"<!-- This site is optimized with the Yoast SEO Premium plugin v27.2 (Yoast SEO v27.2) - https:\/\/yoast.com\/product\/yoast-seo-premium-wordpress\/ -->\n<title>Grammatika tal-Ka\u017cakistan - Talkpal<\/title>\n<meta name=\"description\" content=\"Img\u0127allem il-grammatika tal-Ka\u017cakstan ming\u0127ajr sforz - tg\u0127allem regoli essenzjali, ipprattika l-istruttura tas-sentenza, u ttejjeb il-\u0127effa tieg\u0127ek malajr\" \/>\n<meta name=\"robots\" content=\"index, follow, max-snippet:-1, max-image-preview:large, max-video-preview:-1\" \/>\n<link rel=\"canonical\" href=\"https:\/\/talkpal.ai\/mt\/grammatika-tal-kazakistan\/\" \/>\n<meta property=\"og:locale\" content=\"mt_MT\" \/>\n<meta property=\"og:type\" content=\"article\" \/>\n<meta property=\"og:title\" content=\"Grammatika tal-Ka\u017cakistan\" \/>\n<meta property=\"og:description\" content=\"Grammatika tal-Ka\u017cakstan: Nisfruttaw is-Sigrieti tal-Lingwa tal-Ka\u017cakistan Meta ni\u0121u biex jitg\u0127allmu l-lingwa Kazakh, il-fehim tal-ba\u017ci\u010bi tal-grammatika\" \/>\n<meta property=\"og:url\" content=\"https:\/\/talkpal.ai\/mt\/grammatika-tal-kazakistan\/\" \/>\n<meta property=\"og:site_name\" content=\"Talkpal\" \/>\n<meta property=\"article:publisher\" content=\"https:\/\/www.facebook.com\/profile.php?id=100090733639311\" \/>\n<meta property=\"article:modified_time\" content=\"2025-12-17T17:18:32+00:00\" \/>\n<meta property=\"og:image\" content=\"https:\/\/talkpal.ai\/wp-content\/uploads\/2023\/05\/kazakhstan.png\" \/>\n\t<meta property=\"og:image:width\" content=\"512\" \/>\n\t<meta property=\"og:image:height\" content=\"512\" \/>\n\t<meta property=\"og:image:type\" content=\"image\/png\" \/>\n<meta name=\"twitter:card\" content=\"summary_large_image\" \/>\n<meta name=\"twitter:site\" content=\"@talkpalai\" \/>\n<meta name=\"twitter:label1\" content=\"Est. reading time\" \/>\n\t<meta name=\"twitter:data1\" content=\"2 minutes\" \/>\n<script type=\"application\/ld+json\" class=\"yoast-schema-graph\">{\"@context\":\"https:\/\/schema.org\",\"@graph\":[{\"@type\":\"WebPage\",\"@id\":\"https:\/\/talkpal.ai\/mt\/grammatika-tal-kazakistan\/\",\"url\":\"https:\/\/talkpal.ai\/mt\/grammatika-tal-kazakistan\/\",\"name\":\"Grammatika tal-Ka\u017cakistan - Talkpal\",\"isPartOf\":{\"@id\":\"https:\/\/talkpal.ai\/mt\/#website\"},\"primaryImageOfPage\":{\"@id\":\"https:\/\/talkpal.ai\/mt\/grammatika-tal-kazakistan\/#primaryimage\"},\"image\":{\"@id\":\"https:\/\/talkpal.ai\/mt\/grammatika-tal-kazakistan\/#primaryimage\"},\"thumbnailUrl\":\"https:\/\/talkpal.ai\/wp-content\/uploads\/2023\/05\/kazakhstan.png\",\"datePublished\":\"2023-05-14T14:11:00+00:00\",\"dateModified\":\"2025-12-17T17:18:32+00:00\",\"description\":\"Img\u0127allem il-grammatika tal-Ka\u017cakstan ming\u0127ajr sforz - tg\u0127allem regoli essenzjali, ipprattika l-istruttura tas-sentenza, u ttejjeb il-\u0127effa tieg\u0127ek malajr\",\"breadcrumb\":{\"@id\":\"https:\/\/talkpal.ai\/mt\/grammatika-tal-kazakistan\/#breadcrumb\"},\"inLanguage\":\"mt-MT\",\"potentialAction\":[{\"@type\":\"ReadAction\",\"target\":[\"https:\/\/talkpal.ai\/mt\/grammatika-tal-kazakistan\/\"]}]},{\"@type\":\"ImageObject\",\"inLanguage\":\"mt-MT\",\"@id\":\"https:\/\/talkpal.ai\/mt\/grammatika-tal-kazakistan\/#primaryimage\",\"url\":\"https:\/\/talkpal.ai\/wp-content\/uploads\/2023\/05\/kazakhstan.png\",\"contentUrl\":\"https:\/\/talkpal.ai\/wp-content\/uploads\/2023\/05\/kazakhstan.png\",\"width\":512,\"height\":512,\"caption\":\"TalkPal Kazakhstan Flag\"},{\"@type\":\"BreadcrumbList\",\"@id\":\"https:\/\/talkpal.ai\/mt\/grammatika-tal-kazakistan\/#breadcrumb\",\"itemListElement\":[{\"@type\":\"ListItem\",\"position\":1,\"name\":\"Homepage\",\"item\":\"https:\/\/talkpal.ai\/mt\/\"},{\"@type\":\"ListItem\",\"position\":2,\"name\":\"Grammatika tal-Ka\u017cakistan\"}]},{\"@type\":\"WebSite\",\"@id\":\"https:\/\/talkpal.ai\/mt\/#website\",\"url\":\"https:\/\/talkpal.ai\/mt\/\",\"name\":\"Talkpal\",\"description\":\"AI Language Learning\",\"publisher\":{\"@id\":\"https:\/\/talkpal.ai\/mt\/#organization\"},\"alternateName\":\"Talkpal AI\",\"potentialAction\":[{\"@type\":\"SearchAction\",\"target\":{\"@type\":\"EntryPoint\",\"urlTemplate\":\"https:\/\/talkpal.ai\/mt\/?s={search_term_string}\"},\"query-input\":{\"@type\":\"PropertyValueSpecification\",\"valueRequired\":true,\"valueName\":\"search_term_string\"}}],\"inLanguage\":\"mt-MT\"},{\"@type\":\"Organization\",\"@id\":\"https:\/\/talkpal.ai\/mt\/#organization\",\"name\":\"Talkpal, Inc.\",\"alternateName\":\"Talkpal AI\",\"url\":\"https:\/\/talkpal.ai\/mt\/\",\"logo\":{\"@type\":\"ImageObject\",\"inLanguage\":\"mt-MT\",\"@id\":\"https:\/\/talkpal.ai\/mt\/#\/schema\/logo\/image\/\",\"url\":\"https:\/\/talkpal.ai\/wp-content\/uploads\/2024\/03\/Talkpal-Logo-Icon.png\",\"contentUrl\":\"https:\/\/talkpal.ai\/wp-content\/uploads\/2024\/03\/Talkpal-Logo-Icon.png\",\"width\":2880,\"height\":2880,\"caption\":\"Talkpal, Inc.\"},\"image\":{\"@id\":\"https:\/\/talkpal.ai\/mt\/#\/schema\/logo\/image\/\"},\"sameAs\":[\"https:\/\/www.facebook.com\/profile.php?id=100090733639311\",\"https:\/\/x.com\/talkpalai\",\"https:\/\/www.linkedin.com\/company\/talkpal\/\",\"https:\/\/www.youtube.com\/@TalkPal\/\",\"https:\/\/www.tiktok.com\/@talkpal\",\"https:\/\/www.instagram.com\/talkpal_ai\/\",\"https:\/\/www.crunchbase.com\/organization\/talkpal-9cde\",\"https:\/\/www.g2.com\/products\/talkpal-for-business\/\",\"https:\/\/www.trustpilot.com\/review\/talkpal.ai\",\"https:\/\/www.capterra.com\/p\/10006800\/TalkPal\/\"],\"description\":\"Talkpal is a language learning web and mobile education app, powered by the latest AI technologies, that provides engaging experiences to its customers in many different languages to help them improve their language skills. Users can chat about unlimited amount of topics with the app and use other modes to practice their language learning.\",\"email\":\"support@talkpal.ai\",\"legalName\":\"Talkpal, Inc.\",\"foundingDate\":\"2023-04-03\",\"duns\":\"118989042\",\"numberOfEmployees\":{\"@type\":\"QuantitativeValue\",\"minValue\":\"11\",\"maxValue\":\"50\"},\"publishingPrinciples\":\"https:\/\/talkpal.ai\/publishing-principles\/\",\"actionableFeedbackPolicy\":\"https:\/\/talkpal.ai\/actionable-feedback-policy\/\",\"correctionsPolicy\":\"https:\/\/talkpal.ai\/corrections-policy\/\",\"ethicsPolicy\":\"https:\/\/talkpal.ai\/ethics-policy\/\",\"diversityPolicy\":\"https:\/\/talkpal.ai\/diversity-policy\/\",\"diversityStaffingReport\":\"https:\/\/talkpal.ai\/diversity-policy\/\"}]}<\/script>\n<!-- \/ Yoast SEO Premium plugin. -->","yoast_head_json":{"title":"Grammatika tal-Ka\u017cakistan - Talkpal","description":"Img\u0127allem il-grammatika tal-Ka\u017cakstan ming\u0127ajr sforz - tg\u0127allem regoli essenzjali, ipprattika l-istruttura tas-sentenza, u ttejjeb il-\u0127effa tieg\u0127ek malajr","robots":{"index":"index","follow":"follow","max-snippet":"max-snippet:-1","max-image-preview":"max-image-preview:large","max-video-preview":"max-video-preview:-1"},"canonical":"https:\/\/talkpal.ai\/mt\/grammatika-tal-kazakistan\/","og_locale":"mt_MT","og_type":"article","og_title":"Grammatika tal-Ka\u017cakistan","og_description":"Grammatika tal-Ka\u017cakstan: Nisfruttaw is-Sigrieti tal-Lingwa tal-Ka\u017cakistan Meta ni\u0121u biex jitg\u0127allmu l-lingwa Kazakh, il-fehim tal-ba\u017ci\u010bi tal-grammatika","og_url":"https:\/\/talkpal.ai\/mt\/grammatika-tal-kazakistan\/","og_site_name":"Talkpal","article_publisher":"https:\/\/www.facebook.com\/profile.php?id=100090733639311","article_modified_time":"2025-12-17T17:18:32+00:00","og_image":[{"width":512,"height":512,"url":"https:\/\/talkpal.ai\/wp-content\/uploads\/2023\/05\/kazakhstan.png","type":"image\/png"}],"twitter_card":"summary_large_image","twitter_site":"@talkpalai","twitter_misc":{"Est. reading time":"2 minutes"},"schema":{"@context":"https:\/\/schema.org","@graph":[{"@type":"WebPage","@id":"https:\/\/talkpal.ai\/mt\/grammatika-tal-kazakistan\/","url":"https:\/\/talkpal.ai\/mt\/grammatika-tal-kazakistan\/","name":"Grammatika tal-Ka\u017cakistan - Talkpal","isPartOf":{"@id":"https:\/\/talkpal.ai\/mt\/#website"},"primaryImageOfPage":{"@id":"https:\/\/talkpal.ai\/mt\/grammatika-tal-kazakistan\/#primaryimage"},"image":{"@id":"https:\/\/talkpal.ai\/mt\/grammatika-tal-kazakistan\/#primaryimage"},"thumbnailUrl":"https:\/\/talkpal.ai\/wp-content\/uploads\/2023\/05\/kazakhstan.png","datePublished":"2023-05-14T14:11:00+00:00","dateModified":"2025-12-17T17:18:32+00:00","description":"Img\u0127allem il-grammatika tal-Ka\u017cakstan ming\u0127ajr sforz - tg\u0127allem regoli essenzjali, ipprattika l-istruttura tas-sentenza, u ttejjeb il-\u0127effa tieg\u0127ek malajr","breadcrumb":{"@id":"https:\/\/talkpal.ai\/mt\/grammatika-tal-kazakistan\/#breadcrumb"},"inLanguage":"mt-MT","potentialAction":[{"@type":"ReadAction","target":["https:\/\/talkpal.ai\/mt\/grammatika-tal-kazakistan\/"]}]},{"@type":"ImageObject","inLanguage":"mt-MT","@id":"https:\/\/talkpal.ai\/mt\/grammatika-tal-kazakistan\/#primaryimage","url":"https:\/\/talkpal.ai\/wp-content\/uploads\/2023\/05\/kazakhstan.png","contentUrl":"https:\/\/talkpal.ai\/wp-content\/uploads\/2023\/05\/kazakhstan.png","width":512,"height":512,"caption":"TalkPal Kazakhstan Flag"},{"@type":"BreadcrumbList","@id":"https:\/\/talkpal.ai\/mt\/grammatika-tal-kazakistan\/#breadcrumb","itemListElement":[{"@type":"ListItem","position":1,"name":"Homepage","item":"https:\/\/talkpal.ai\/mt\/"},{"@type":"ListItem","position":2,"name":"Grammatika tal-Ka\u017cakistan"}]},{"@type":"WebSite","@id":"https:\/\/talkpal.ai\/mt\/#website","url":"https:\/\/talkpal.ai\/mt\/","name":"Talkpal","description":"AI Language Learning","publisher":{"@id":"https:\/\/talkpal.ai\/mt\/#organization"},"alternateName":"Talkpal AI","potentialAction":[{"@type":"SearchAction","target":{"@type":"EntryPoint","urlTemplate":"https:\/\/talkpal.ai\/mt\/?s={search_term_string}"},"query-input":{"@type":"PropertyValueSpecification","valueRequired":true,"valueName":"search_term_string"}}],"inLanguage":"mt-MT"},{"@type":"Organization","@id":"https:\/\/talkpal.ai\/mt\/#organization","name":"Talkpal, Inc.","alternateName":"Talkpal AI","url":"https:\/\/talkpal.ai\/mt\/","logo":{"@type":"ImageObject","inLanguage":"mt-MT","@id":"https:\/\/talkpal.ai\/mt\/#\/schema\/logo\/image\/","url":"https:\/\/talkpal.ai\/wp-content\/uploads\/2024\/03\/Talkpal-Logo-Icon.png","contentUrl":"https:\/\/talkpal.ai\/wp-content\/uploads\/2024\/03\/Talkpal-Logo-Icon.png","width":2880,"height":2880,"caption":"Talkpal, Inc."},"image":{"@id":"https:\/\/talkpal.ai\/mt\/#\/schema\/logo\/image\/"},"sameAs":["https:\/\/www.facebook.com\/profile.php?id=100090733639311","https:\/\/x.com\/talkpalai","https:\/\/www.linkedin.com\/company\/talkpal\/","https:\/\/www.youtube.com\/@TalkPal\/","https:\/\/www.tiktok.com\/@talkpal","https:\/\/www.instagram.com\/talkpal_ai\/","https:\/\/www.crunchbase.com\/organization\/talkpal-9cde","https:\/\/www.g2.com\/products\/talkpal-for-business\/","https:\/\/www.trustpilot.com\/review\/talkpal.ai","https:\/\/www.capterra.com\/p\/10006800\/TalkPal\/"],"description":"Talkpal is a language learning web and mobile education app, powered by the latest AI technologies, that provides engaging experiences to its customers in many different languages to help them improve their language skills. Users can chat about unlimited amount of topics with the app and use other modes to practice their language learning.","email":"support@talkpal.ai","legalName":"Talkpal, Inc.","foundingDate":"2023-04-03","duns":"118989042","numberOfEmployees":{"@type":"QuantitativeValue","minValue":"11","maxValue":"50"},"publishingPrinciples":"https:\/\/talkpal.ai\/publishing-principles\/","actionableFeedbackPolicy":"https:\/\/talkpal.ai\/actionable-feedback-policy\/","correctionsPolicy":"https:\/\/talkpal.ai\/corrections-policy\/","ethicsPolicy":"https:\/\/talkpal.ai\/ethics-policy\/","diversityPolicy":"https:\/\/talkpal.ai\/diversity-policy\/","diversityStaffingReport":"https:\/\/talkpal.ai\/diversity-policy\/"}]}},"_links":{"self":[{"href":"https:\/\/talkpal.ai\/mt\/wp-json\/wp\/v2\/pages\/1443600","targetHints":{"allow":["GET"]}}],"collection":[{"href":"https:\/\/talkpal.ai\/mt\/wp-json\/wp\/v2\/pages"}],"about":[{"href":"https:\/\/talkpal.ai\/mt\/wp-json\/wp\/v2\/types\/page"}],"author":[{"embeddable":true,"href":"https:\/\/talkpal.ai\/mt\/wp-json\/wp\/v2\/users\/1"}],"replies":[{"embeddable":true,"href":"https:\/\/talkpal.ai\/mt\/wp-json\/wp\/v2\/comments?post=1443600"}],"version-history":[{"count":0,"href":"https:\/\/talkpal.ai\/mt\/wp-json\/wp\/v2\/pages\/1443600\/revisions"}],"wp:featuredmedia":[{"embeddable":true,"href":"https:\/\/talkpal.ai\/mt\/wp-json\/wp\/v2\/media\/1443602"}],"wp:attachment":[{"href":"https:\/\/talkpal.ai\/mt\/wp-json\/wp\/v2\/media?parent=1443600"}],"curies":[{"name":"wp","href":"https:\/\/api.w.org\/{rel}","templated":true}]}}