{"id":1443594,"date":"2023-05-14T14:09:47","date_gmt":"2023-05-14T14:09:47","guid":{"rendered":"https:\/\/talkpal.ai\/grammatika-tal-kannada\/"},"modified":"2025-12-11T16:22:37","modified_gmt":"2025-12-11T16:22:37","slug":"grammatika-tal-kannada","status":"publish","type":"page","link":"https:\/\/talkpal.ai\/mt\/grammatika-tal-kannada\/","title":{"rendered":"Grammatika tal-Kannada"},"content":{"rendered":"\r\n\r\n\r\n<section class=\"languageChallengeSection\">\r\n    <div class=\"languageInfoWrapper\">\r\n        \r\n        <h1>Grammatika tal-Kannada<\/h1>\r\n        <p>E\u010b\u010bitat li tesplora l-Kannada? G\u0127addas fil-grammatika tal-Kannada, li fiha konjugazzjonijiet tal-verbi sinjuri, nomi tal-\u0121eneru, u sistema ta &#039;ka\u017c lo\u0121iku li tag\u0127ti l-\u0127ajja lill-lingwa. Ibda titg\u0127allem illum &#8211; il-\u0127akma tal-grammatika tal-Kannada tag\u0127tik l-g\u0127odda biex tikkonnettja fil-fond mal-kultura vibranti ta &#039;Karnataka u tikkomunika b&#039;kunfidenza f&#039;wa\u0127da mill-aktar lingwi espressivi tan-Nofsinhar tal-Indja!<\/p>\r\n\r\n                            <a class=\"getStartedHidden\" href=\"https:\/\/app.talkpal.ai\/signup?lng=\">Ibda<\/a>\r\n        \r\n    <\/div>\r\n\r\n    <figure>\r\n    <img decoding=\"async\" width=\"768\" height=\"768\" src=\"https:\/\/talkpal.ai\/wp-content\/uploads\/2023\/06\/Kannada-768x768.png\" class=\"languageImage no-lazy\" alt=\"Language learning for increased mental flexibility\" fetchpriority=\"high\" sizes=\"(max-width: 768px) 150px, 768px\" srcset=\"https:\/\/talkpal.ai\/wp-content\/uploads\/2023\/06\/Kannada-768x768.png 768w, https:\/\/talkpal.ai\/wp-content\/uploads\/2023\/06\/Kannada-300x300.png 300w\" \/>\r\n    \r\n\r\n    <\/figure>\r\n\r\n            <a class=\"getStartedVisible\" href=\"https:\/\/app.talkpal.ai\/signup?lng=\">Ibda<\/a>\r\n    \r\n<\/section>\r\n<section class=\"promotionalBanner\">\r\n    <p class=\"promotionalText\">L-aktar mod effi\u010bjenti biex titg\u0127allem lingwa<\/p>\r\n    <a class=\"promotionalLink\" href=\"https:\/\/app.talkpal.ai\/signup?lng=\">Ipprova Talkpal b&#8217;xejn<\/a>\r\n<\/section>\n<div class=\"wp-block-group pageContainerStyle\"><div class=\"wp-block-group__inner-container is-layout-constrained wp-block-group-is-layout-constrained\">\n<h2 class=\"wp-block-heading\" id=\"h-kannada-grammar-an-insight-into-the-richness-of-the-dravidian-language\">Grammatika Kannada: \u0126arsa lejn ir-Rikkezza tal-Lingwa Dravidjana<\/h2>\n\n\n\n<p>Qatt \u0127sibt dwar id-diversit\u00e0 lingwistika tal-Indja? B\u0127ala dilettant tal-lingwa jew student kurju\u017c, tista &#8216;tkun interessat li tag\u0127ti \u0127arsa aktar mill-qrib lejn wa\u0127da mill-lingwi klassi\u010bi tal-Indja &#8211; <a href=\"https:\/\/talkpal.ai\/learn-kannada\/\">Kannada<\/a>. Il-Kannada hija lingwa Dravidjana mitkellma l-aktar fl-istat tan-Nofsinhar ta&#8217; Karnataka. Hija l-lingwa nattiva ta &#8216;madwar 44 miljun persuna, li tag\u0127milha wa\u0127da mill-lingwi Indjani ewlenin. Ejja nid\u0127lu fil-fond fid-dinja affaxxinanti tal-grammatika Kannada u nitg\u0127allmu aktar dwar din il-lingwa sabi\u0127a.<\/p>\n\n\n\n<h3 class=\"wp-block-heading\" id=\"h-the-linguistic-alphabet-kannada-script\">L-Alfabett Lingwistiku: Kitba Kannada<\/h3>\n\n\n\n<p>L-iskrittura Kannada, mag\u0127rufa wkoll b\u0127ala l-&#8220;\u0c95\u0ca8\u0ccd\u0ca8\u0ca1 \u0cb2\u0cbf\u0caa\u0cbf&#8221; (Kannada Lipi), hija abugida &#8211; sistema ta &#8216;kitba b&#8217;alfabeti sillabi\u010bi. Kull ittra tirrappre\u017centa kombinazzjoni differenti ta&#8217; konsonanti-vokali. L-iskript jikkonsisti f&#8217;49 karattru, inklu\u017ci 34 konsonanti u 13-il vokali. B&#8217;dehra vi\u017cwalment distinta, l-iskrittura Kannada hija mod meravilju\u017c uniku biex twassal il-\u0127sejjes u t-tifsiriet tal-lingwa.<\/p>\n\n\n\n<h3 class=\"wp-block-heading\" id=\"h-nouns-pronouns-and-cases-more-than-meets-the-eye\">Nouns, Pronouns, and Cases \u2013 More than Meets the Eye<\/h3>\n\n\n\n<p>In-nomi Kannada huma uni\u010bi min\u0127abba s-sistema ta&#8217; deklinazzjoni tag\u0127hom \u2013 isegwu sistema ta&#8217; ka\u017cijiet b\u0127al lingwi Dravidjani o\u0127ra. Hemm tmien ka\u017cijiet fil-Kannada, li jg\u0127inu biex tiddefinixxi r-relazzjoni bejn in-nom u l-kliem l-ie\u0127or fis-sentenza: nominativ, akku\u017cattiv, strumentali, dattiva, ablattiva, \u0121enittiva, lokattiva, u vokattiva. In-nomi fil-Kannada huma kklassifikati wkoll skont is-sess (maskili, femminili, u neutru) u n-numru (singular, plural, u doppju &#8211; karatteristika rari fost il-lingwi Indjani).<\/p>\n\n\n\n<p>Il-pronomi fil-Kannada huma affaxxinanti wkoll. Huma j\u0121orru distinzjonijiet g\u0127al kull persuna (l-ewwel, it-tieni, u t-tielet), in-numru (singular, plural, u doppju), u l-\u0121eneru (maskili, femminili, u neutru). <a href=\"https:\/\/talkpal.ai\/locations\/language-courses-in-barra\/\">Barra<\/a> minn hekk, il-Kannada g\u0127andha diversi forom onorifi\u010bi ta &#8216;indirizz, li juru l-aspetti kulturali tal-lingwa ta&#8217; rispett u <a href=\"https:\/\/talkpal.ai\/talkpal-for-education\/\">edukazzjoni<\/a>.<\/p>\n\n\n\n<h3 class=\"wp-block-heading\" id=\"h-venturing-into-verbs-tenses-aspects-and-moods\">Avventura fil-Verbi: Tempi, Aspetti, u Burdati<\/h3>\n\n\n\n<p>Il-verbi Kannada huma kkaratterizzati minn sistema rikka ta &#8216;konjugazzjoni. Il-verbi huma konjugati skont it-temp (passat, pre\u017cent, u futur), aspett (perfettiv jew imperfettiv), u burdata (indikattiv, imperattiv, u kondizzjonali). Aktar kumplessit\u00e0 hija mi\u017cjuda bil-pre\u017cenza ta &#8216;verbi kaw\u017cattivi u vu\u010bijiet passivi u attivi. Il-konjugazzjoni tiddependi fuq il-persuna, in-numru, u s-sess, u tag\u0127mel il-forom tal-verb Kannada inflected \u0127afna u kkumplikati.<\/p>\n\n\n\n<h3 class=\"wp-block-heading\" id=\"h-adjectives-adverbs-and-more\">A\u0121\u0121ettivi, Adverbji, u Aktar<\/h3>\n\n\n\n<p>L-a\u0121\u0121ettivi u n-numri tal-Kannada jaqblu man-nomi li jimmodifikaw f&#8217;termini ta&#8217; sess, numru, u ka\u017c. L-a\u0121\u0121ettivi jistg\u0127u ji\u0121u inflected bl-istess mod b\u0127an-nomi u jistg\u0127u sa\u0127ansitra ji\u0121u kkombinati biex jiffurmaw avverbji. Il-lingwa tu\u017ca wkoll diversi kon\u0121unzzjonijiet, parti\u010belli, u prepo\u017cizzjonijiet biex tg\u0127aqqad sentenzi u l-komponenti tag\u0127hom f&#8217;s\u0127i\u0127 koe\u017civ u espressiv.<\/p>\n\n\n\n<h3 class=\"wp-block-heading\" id=\"h-embracing-the-beauty-of-kannada-grammar\">T\u0127addan is-sbu\u0127ija tal-grammatika tal-Kannada<\/h3>\n\n\n\n<p>Id-dinja tal-grammatika tal-Kannada hija affaxxinanti daqs kemm hija kumplessa. Is-sistema ta &#8216;ka\u017cijiet ikkumplikati, l-iskrittura unika, u l-forom ta&#8217; verbi inflected \u0127afna jag\u0127tu lill-Kannada is-se\u0127er u r-rikkezza tag\u0127ha. Billi tid\u0127ol fl-isferi ta &#8216;din il-lingwa exquisite, tikseb fehim aktar profond tad-diversit\u00e0 lingwistika u kulturali tal-Indja.<\/p>\n\n\n\n<p>Allura, g\u0127aliex ma tesplorax is-sbu\u0127ija tal-Kannada aktar? With passion and curiosity, you might soon find yourself enjoying the splendid literature, cinema, and music in this majestic language. Tag\u0127lim kuntent!<\/p>\n<\/div><\/div>\n\r\n<section class=\"learnNavigationSection\">\r\n            \r\n        <a href=\"https:\/\/talkpal.ai\/mt\/tghallem-kannada\/\">\r\n            <div class=\"learnNavigationWrapper\">\r\n                <div class=\"learnNavigationContent\">\r\n                    <img decoding=\"async\" src=\"https:\/\/talkpal.ai\/wp-content\/uploads\/2024\/08\/Kannada.jpg\" alt=\"Indian Simplified Flag\">\r\n                    <div>\r\n                        <h4>Dwar it-Tag\u0127lim tal-Kannada<\/h4>\r\n                        <p>Sir af kollox dwar il-grammatika tal-Kannada.<\/p>\r\n                    <\/div>\r\n                <\/div>\r\n            <\/div>\r\n        <\/a>\r\n\r\n        \r\n        <a href=\"https:\/\/talkpal.ai\/mt\/ezercizzji-tal-grammatika-kannada\/\">\r\n            <div class=\"learnNavigationWrapper\">\r\n                <div class=\"learnNavigationContent\">\r\n                    <img decoding=\"async\" src=\"https:\/\/talkpal.ai\/wp-content\/uploads\/2024\/08\/Kannada.jpg\" alt=\"Indian Simplified Flag\">\r\n                    <div>\r\n                        <h4>E\u017cer\u010bizzju tal-Grammatika Kannada<\/h4>\r\n                        <p>Prattika grammatika Kannada.<\/p>\r\n                    <\/div>\r\n                <\/div>\r\n            <\/div>\r\n        <\/a>\r\n\r\n        \r\n        <a href=\"https:\/\/talkpal.ai\/vocabulary_language\/kannada\/\">\r\n            <div class=\"learnNavigationWrapper\">\r\n                <div class=\"learnNavigationContent\">\r\n                    <img decoding=\"async\" src=\"https:\/\/talkpal.ai\/wp-content\/uploads\/2024\/08\/Kannada.jpg\" alt=\"Indian Simplified Flag\">\r\n                    <div>\r\n                        <h4>Vokabularju tal-Kannada<\/h4>\r\n                        <p>Espandi l-vokabularju Kannada tieg\u0127ek.<\/p>\r\n                    <\/div>\r\n                <\/div>\r\n            <\/div>\r\n        <\/a>\r\n\r\n            <\/section>","protected":false},"excerpt":{"rendered":"<p>Grammatika Kannada: \u0126arsa lejn ir-Rikkezza tal-Lingwa Dravidjana Qatt \u0127sibt dwar id-diversit\u00e0 lingwistika tal-Indja? B\u0127ala dilettant tal-lingwa jew student kurju\u017c, tista &#8216;tkun interessat li tag\u0127ti \u0127arsa aktar mill-qrib lejn wa\u0127da mill-lingwi klassi\u010bi tal-Indja &#8211; Kannada. Il-Kannada hija lingwa Dravidjana mitkellma l-aktar fl-istat tan-Nofsinhar ta&#8217; Karnataka. Hija l-lingwa nattiva ta &#8216;madwar 44 miljun persuna, li tag\u0127milha wa\u0127da [&hellip;]<\/p>\n","protected":false},"author":1,"featured_media":1443596,"parent":0,"menu_order":0,"comment_status":"closed","ping_status":"closed","template":"LearningContentPage.php","meta":{"_acf_changed":false,"footnotes":""},"class_list":["post-1443594","page","type-page","status-publish","has-post-thumbnail","hentry"],"acf":[],"yoast_head":"<!-- This site is optimized with the Yoast SEO Premium plugin v27.2 (Yoast SEO v27.2) - https:\/\/yoast.com\/product\/yoast-seo-premium-wordpress\/ -->\n<title>Grammatika tal-Kannada - Talkpal<\/title>\n<meta name=\"description\" content=\"Tg\u0127allem il-grammatika tal-Kannada b&#039;kunfidenza - tifhem ir-regoli ewlenin, taqta &#039;l-kostruzzjoni tas-sentenza, u tag\u0127ti spinta lill-fluwenza\" \/>\n<meta name=\"robots\" content=\"index, follow, max-snippet:-1, max-image-preview:large, max-video-preview:-1\" \/>\n<link rel=\"canonical\" href=\"https:\/\/talkpal.ai\/mt\/grammatika-tal-kannada\/\" \/>\n<meta property=\"og:locale\" content=\"mt_MT\" \/>\n<meta property=\"og:type\" content=\"article\" \/>\n<meta property=\"og:title\" content=\"Grammatika tal-Kannada\" \/>\n<meta property=\"og:description\" content=\"Grammatika Kannada: \u0126arsa lejn ir-Rikkezza tal-Lingwa Dravidjana Qatt \u0127sibt dwar id-diversit\u00e0 lingwistika tal-Indja? B\u0127ala dilettant tal-lingwa jew\" \/>\n<meta property=\"og:url\" content=\"https:\/\/talkpal.ai\/mt\/grammatika-tal-kannada\/\" \/>\n<meta property=\"og:site_name\" content=\"Talkpal\" \/>\n<meta property=\"article:publisher\" content=\"https:\/\/www.facebook.com\/profile.php?id=100090733639311\" \/>\n<meta property=\"article:modified_time\" content=\"2025-12-11T16:22:37+00:00\" \/>\n<meta property=\"og:image\" content=\"https:\/\/talkpal.ai\/wp-content\/uploads\/2023\/05\/Kannada-india.png\" \/>\n\t<meta property=\"og:image:width\" content=\"512\" \/>\n\t<meta property=\"og:image:height\" content=\"512\" \/>\n\t<meta property=\"og:image:type\" content=\"image\/png\" \/>\n<meta name=\"twitter:card\" content=\"summary_large_image\" \/>\n<meta name=\"twitter:site\" content=\"@talkpalai\" \/>\n<meta name=\"twitter:label1\" content=\"Est. reading time\" \/>\n\t<meta name=\"twitter:data1\" content=\"2 minutes\" \/>\n<script type=\"application\/ld+json\" class=\"yoast-schema-graph\">{\"@context\":\"https:\/\/schema.org\",\"@graph\":[{\"@type\":\"WebPage\",\"@id\":\"https:\/\/talkpal.ai\/mt\/grammatika-tal-kannada\/\",\"url\":\"https:\/\/talkpal.ai\/mt\/grammatika-tal-kannada\/\",\"name\":\"Grammatika tal-Kannada - Talkpal\",\"isPartOf\":{\"@id\":\"https:\/\/talkpal.ai\/mt\/#website\"},\"primaryImageOfPage\":{\"@id\":\"https:\/\/talkpal.ai\/mt\/grammatika-tal-kannada\/#primaryimage\"},\"image\":{\"@id\":\"https:\/\/talkpal.ai\/mt\/grammatika-tal-kannada\/#primaryimage\"},\"thumbnailUrl\":\"https:\/\/talkpal.ai\/wp-content\/uploads\/2023\/05\/Kannada-india.png\",\"datePublished\":\"2023-05-14T14:09:47+00:00\",\"dateModified\":\"2025-12-11T16:22:37+00:00\",\"description\":\"Tg\u0127allem il-grammatika tal-Kannada b'kunfidenza - tifhem ir-regoli ewlenin, taqta 'l-kostruzzjoni tas-sentenza, u tag\u0127ti spinta lill-fluwenza\",\"breadcrumb\":{\"@id\":\"https:\/\/talkpal.ai\/mt\/grammatika-tal-kannada\/#breadcrumb\"},\"inLanguage\":\"mt-MT\",\"potentialAction\":[{\"@type\":\"ReadAction\",\"target\":[\"https:\/\/talkpal.ai\/mt\/grammatika-tal-kannada\/\"]}]},{\"@type\":\"ImageObject\",\"inLanguage\":\"mt-MT\",\"@id\":\"https:\/\/talkpal.ai\/mt\/grammatika-tal-kannada\/#primaryimage\",\"url\":\"https:\/\/talkpal.ai\/wp-content\/uploads\/2023\/05\/Kannada-india.png\",\"contentUrl\":\"https:\/\/talkpal.ai\/wp-content\/uploads\/2023\/05\/Kannada-india.png\",\"width\":512,\"height\":512,\"caption\":\"TalkPal Kannada Flag\"},{\"@type\":\"BreadcrumbList\",\"@id\":\"https:\/\/talkpal.ai\/mt\/grammatika-tal-kannada\/#breadcrumb\",\"itemListElement\":[{\"@type\":\"ListItem\",\"position\":1,\"name\":\"Homepage\",\"item\":\"https:\/\/talkpal.ai\/mt\/\"},{\"@type\":\"ListItem\",\"position\":2,\"name\":\"Grammatika tal-Kannada\"}]},{\"@type\":\"WebSite\",\"@id\":\"https:\/\/talkpal.ai\/mt\/#website\",\"url\":\"https:\/\/talkpal.ai\/mt\/\",\"name\":\"Talkpal\",\"description\":\"AI Language Learning\",\"publisher\":{\"@id\":\"https:\/\/talkpal.ai\/mt\/#organization\"},\"alternateName\":\"Talkpal AI\",\"potentialAction\":[{\"@type\":\"SearchAction\",\"target\":{\"@type\":\"EntryPoint\",\"urlTemplate\":\"https:\/\/talkpal.ai\/mt\/?s={search_term_string}\"},\"query-input\":{\"@type\":\"PropertyValueSpecification\",\"valueRequired\":true,\"valueName\":\"search_term_string\"}}],\"inLanguage\":\"mt-MT\"},{\"@type\":\"Organization\",\"@id\":\"https:\/\/talkpal.ai\/mt\/#organization\",\"name\":\"Talkpal, Inc.\",\"alternateName\":\"Talkpal AI\",\"url\":\"https:\/\/talkpal.ai\/mt\/\",\"logo\":{\"@type\":\"ImageObject\",\"inLanguage\":\"mt-MT\",\"@id\":\"https:\/\/talkpal.ai\/mt\/#\/schema\/logo\/image\/\",\"url\":\"https:\/\/talkpal.ai\/wp-content\/uploads\/2024\/03\/Talkpal-Logo-Icon.png\",\"contentUrl\":\"https:\/\/talkpal.ai\/wp-content\/uploads\/2024\/03\/Talkpal-Logo-Icon.png\",\"width\":2880,\"height\":2880,\"caption\":\"Talkpal, Inc.\"},\"image\":{\"@id\":\"https:\/\/talkpal.ai\/mt\/#\/schema\/logo\/image\/\"},\"sameAs\":[\"https:\/\/www.facebook.com\/profile.php?id=100090733639311\",\"https:\/\/x.com\/talkpalai\",\"https:\/\/www.linkedin.com\/company\/talkpal\/\",\"https:\/\/www.youtube.com\/@TalkPal\/\",\"https:\/\/www.tiktok.com\/@talkpal\",\"https:\/\/www.instagram.com\/talkpal_ai\/\",\"https:\/\/www.crunchbase.com\/organization\/talkpal-9cde\",\"https:\/\/www.g2.com\/products\/talkpal-for-business\/\",\"https:\/\/www.trustpilot.com\/review\/talkpal.ai\",\"https:\/\/www.capterra.com\/p\/10006800\/TalkPal\/\"],\"description\":\"Talkpal is a language learning web and mobile education app, powered by the latest AI technologies, that provides engaging experiences to its customers in many different languages to help them improve their language skills. Users can chat about unlimited amount of topics with the app and use other modes to practice their language learning.\",\"email\":\"support@talkpal.ai\",\"legalName\":\"Talkpal, Inc.\",\"foundingDate\":\"2023-04-03\",\"duns\":\"118989042\",\"numberOfEmployees\":{\"@type\":\"QuantitativeValue\",\"minValue\":\"11\",\"maxValue\":\"50\"},\"publishingPrinciples\":\"https:\/\/talkpal.ai\/publishing-principles\/\",\"actionableFeedbackPolicy\":\"https:\/\/talkpal.ai\/actionable-feedback-policy\/\",\"correctionsPolicy\":\"https:\/\/talkpal.ai\/corrections-policy\/\",\"ethicsPolicy\":\"https:\/\/talkpal.ai\/ethics-policy\/\",\"diversityPolicy\":\"https:\/\/talkpal.ai\/diversity-policy\/\",\"diversityStaffingReport\":\"https:\/\/talkpal.ai\/diversity-policy\/\"}]}<\/script>\n<!-- \/ Yoast SEO Premium plugin. -->","yoast_head_json":{"title":"Grammatika tal-Kannada - Talkpal","description":"Tg\u0127allem il-grammatika tal-Kannada b'kunfidenza - tifhem ir-regoli ewlenin, taqta 'l-kostruzzjoni tas-sentenza, u tag\u0127ti spinta lill-fluwenza","robots":{"index":"index","follow":"follow","max-snippet":"max-snippet:-1","max-image-preview":"max-image-preview:large","max-video-preview":"max-video-preview:-1"},"canonical":"https:\/\/talkpal.ai\/mt\/grammatika-tal-kannada\/","og_locale":"mt_MT","og_type":"article","og_title":"Grammatika tal-Kannada","og_description":"Grammatika Kannada: \u0126arsa lejn ir-Rikkezza tal-Lingwa Dravidjana Qatt \u0127sibt dwar id-diversit\u00e0 lingwistika tal-Indja? B\u0127ala dilettant tal-lingwa jew","og_url":"https:\/\/talkpal.ai\/mt\/grammatika-tal-kannada\/","og_site_name":"Talkpal","article_publisher":"https:\/\/www.facebook.com\/profile.php?id=100090733639311","article_modified_time":"2025-12-11T16:22:37+00:00","og_image":[{"width":512,"height":512,"url":"https:\/\/talkpal.ai\/wp-content\/uploads\/2023\/05\/Kannada-india.png","type":"image\/png"}],"twitter_card":"summary_large_image","twitter_site":"@talkpalai","twitter_misc":{"Est. reading time":"2 minutes"},"schema":{"@context":"https:\/\/schema.org","@graph":[{"@type":"WebPage","@id":"https:\/\/talkpal.ai\/mt\/grammatika-tal-kannada\/","url":"https:\/\/talkpal.ai\/mt\/grammatika-tal-kannada\/","name":"Grammatika tal-Kannada - Talkpal","isPartOf":{"@id":"https:\/\/talkpal.ai\/mt\/#website"},"primaryImageOfPage":{"@id":"https:\/\/talkpal.ai\/mt\/grammatika-tal-kannada\/#primaryimage"},"image":{"@id":"https:\/\/talkpal.ai\/mt\/grammatika-tal-kannada\/#primaryimage"},"thumbnailUrl":"https:\/\/talkpal.ai\/wp-content\/uploads\/2023\/05\/Kannada-india.png","datePublished":"2023-05-14T14:09:47+00:00","dateModified":"2025-12-11T16:22:37+00:00","description":"Tg\u0127allem il-grammatika tal-Kannada b'kunfidenza - tifhem ir-regoli ewlenin, taqta 'l-kostruzzjoni tas-sentenza, u tag\u0127ti spinta lill-fluwenza","breadcrumb":{"@id":"https:\/\/talkpal.ai\/mt\/grammatika-tal-kannada\/#breadcrumb"},"inLanguage":"mt-MT","potentialAction":[{"@type":"ReadAction","target":["https:\/\/talkpal.ai\/mt\/grammatika-tal-kannada\/"]}]},{"@type":"ImageObject","inLanguage":"mt-MT","@id":"https:\/\/talkpal.ai\/mt\/grammatika-tal-kannada\/#primaryimage","url":"https:\/\/talkpal.ai\/wp-content\/uploads\/2023\/05\/Kannada-india.png","contentUrl":"https:\/\/talkpal.ai\/wp-content\/uploads\/2023\/05\/Kannada-india.png","width":512,"height":512,"caption":"TalkPal Kannada Flag"},{"@type":"BreadcrumbList","@id":"https:\/\/talkpal.ai\/mt\/grammatika-tal-kannada\/#breadcrumb","itemListElement":[{"@type":"ListItem","position":1,"name":"Homepage","item":"https:\/\/talkpal.ai\/mt\/"},{"@type":"ListItem","position":2,"name":"Grammatika tal-Kannada"}]},{"@type":"WebSite","@id":"https:\/\/talkpal.ai\/mt\/#website","url":"https:\/\/talkpal.ai\/mt\/","name":"Talkpal","description":"AI Language Learning","publisher":{"@id":"https:\/\/talkpal.ai\/mt\/#organization"},"alternateName":"Talkpal AI","potentialAction":[{"@type":"SearchAction","target":{"@type":"EntryPoint","urlTemplate":"https:\/\/talkpal.ai\/mt\/?s={search_term_string}"},"query-input":{"@type":"PropertyValueSpecification","valueRequired":true,"valueName":"search_term_string"}}],"inLanguage":"mt-MT"},{"@type":"Organization","@id":"https:\/\/talkpal.ai\/mt\/#organization","name":"Talkpal, Inc.","alternateName":"Talkpal AI","url":"https:\/\/talkpal.ai\/mt\/","logo":{"@type":"ImageObject","inLanguage":"mt-MT","@id":"https:\/\/talkpal.ai\/mt\/#\/schema\/logo\/image\/","url":"https:\/\/talkpal.ai\/wp-content\/uploads\/2024\/03\/Talkpal-Logo-Icon.png","contentUrl":"https:\/\/talkpal.ai\/wp-content\/uploads\/2024\/03\/Talkpal-Logo-Icon.png","width":2880,"height":2880,"caption":"Talkpal, Inc."},"image":{"@id":"https:\/\/talkpal.ai\/mt\/#\/schema\/logo\/image\/"},"sameAs":["https:\/\/www.facebook.com\/profile.php?id=100090733639311","https:\/\/x.com\/talkpalai","https:\/\/www.linkedin.com\/company\/talkpal\/","https:\/\/www.youtube.com\/@TalkPal\/","https:\/\/www.tiktok.com\/@talkpal","https:\/\/www.instagram.com\/talkpal_ai\/","https:\/\/www.crunchbase.com\/organization\/talkpal-9cde","https:\/\/www.g2.com\/products\/talkpal-for-business\/","https:\/\/www.trustpilot.com\/review\/talkpal.ai","https:\/\/www.capterra.com\/p\/10006800\/TalkPal\/"],"description":"Talkpal is a language learning web and mobile education app, powered by the latest AI technologies, that provides engaging experiences to its customers in many different languages to help them improve their language skills. Users can chat about unlimited amount of topics with the app and use other modes to practice their language learning.","email":"support@talkpal.ai","legalName":"Talkpal, Inc.","foundingDate":"2023-04-03","duns":"118989042","numberOfEmployees":{"@type":"QuantitativeValue","minValue":"11","maxValue":"50"},"publishingPrinciples":"https:\/\/talkpal.ai\/publishing-principles\/","actionableFeedbackPolicy":"https:\/\/talkpal.ai\/actionable-feedback-policy\/","correctionsPolicy":"https:\/\/talkpal.ai\/corrections-policy\/","ethicsPolicy":"https:\/\/talkpal.ai\/ethics-policy\/","diversityPolicy":"https:\/\/talkpal.ai\/diversity-policy\/","diversityStaffingReport":"https:\/\/talkpal.ai\/diversity-policy\/"}]}},"_links":{"self":[{"href":"https:\/\/talkpal.ai\/mt\/wp-json\/wp\/v2\/pages\/1443594","targetHints":{"allow":["GET"]}}],"collection":[{"href":"https:\/\/talkpal.ai\/mt\/wp-json\/wp\/v2\/pages"}],"about":[{"href":"https:\/\/talkpal.ai\/mt\/wp-json\/wp\/v2\/types\/page"}],"author":[{"embeddable":true,"href":"https:\/\/talkpal.ai\/mt\/wp-json\/wp\/v2\/users\/1"}],"replies":[{"embeddable":true,"href":"https:\/\/talkpal.ai\/mt\/wp-json\/wp\/v2\/comments?post=1443594"}],"version-history":[{"count":0,"href":"https:\/\/talkpal.ai\/mt\/wp-json\/wp\/v2\/pages\/1443594\/revisions"}],"wp:featuredmedia":[{"embeddable":true,"href":"https:\/\/talkpal.ai\/mt\/wp-json\/wp\/v2\/media\/1443596"}],"wp:attachment":[{"href":"https:\/\/talkpal.ai\/mt\/wp-json\/wp\/v2\/media?parent=1443594"}],"curies":[{"name":"wp","href":"https:\/\/api.w.org\/{rel}","templated":true}]}}