{"id":1443589,"date":"2023-05-14T14:11:28","date_gmt":"2023-05-14T14:11:28","guid":{"rendered":"https:\/\/talkpal.ai\/grammatika-macedonjana\/"},"modified":"2025-12-17T16:38:45","modified_gmt":"2025-12-17T16:38:45","slug":"grammatika-macedonjana","status":"publish","type":"page","link":"https:\/\/talkpal.ai\/mt\/grammatika-macedonjana\/","title":{"rendered":"Grammatika Ma\u010bedonjana"},"content":{"rendered":"\r\n\r\n\r\n<section class=\"languageChallengeSection\">\r\n    <div class=\"languageInfoWrapper\">\r\n        \r\n        <h1>Grammatika Ma\u010bedonjana<\/h1>\r\n        <p>G\u0127addas fid-dinja affaxxinanti tal-<a href=\"https:\/\/talkpal.ai\/macedonian-grammar\/\">grammatika Ma\u010bedonjana<\/a> u skopri l-istruttura wara din il-lingwa unika tas-Slava tan-Nofsinhar. It-tag\u0127lim tal-affarijiet ba\u017ci\u010bi tal-<a href=\"https:\/\/talkpal.ai\/macedonian-grammar\/\">grammatika Ma\u010bedonjana<\/a> jag\u0127tik is-setg\u0127a li tikkomunika b&#039;mod aktar kunfidenti u tesplora l-kultura rikka tal-Ma\u010bedonja ta&#039; Fuq. Ibda llum u ag\u0127mel l-ewwel pass tieg\u0127ek lejn il-\u0127akma tal-<a href=\"https:\/\/talkpal.ai\/learn-macedonian\/\">Ma\u010bedonjan<\/a>!<\/p>\r\n\r\n                            <a class=\"getStartedHidden\" href=\"https:\/\/app.talkpal.ai\/signup?lng=\">Ibda<\/a>\r\n        \r\n    <\/div>\r\n\r\n    <figure>\r\n    <img decoding=\"async\" width=\"768\" height=\"768\" src=\"https:\/\/talkpal.ai\/wp-content\/uploads\/2023\/06\/macedonian-768x768.png\" class=\"languageImage no-lazy\" alt=\"Language learning through conversational practice\" fetchpriority=\"high\" sizes=\"(max-width: 768px) 150px, 768px\" srcset=\"https:\/\/talkpal.ai\/wp-content\/uploads\/2023\/06\/macedonian-768x768.png 768w, https:\/\/talkpal.ai\/wp-content\/uploads\/2023\/06\/macedonian-300x300.png 300w\" \/>\r\n    \r\n\r\n    <\/figure>\r\n\r\n            <a class=\"getStartedVisible\" href=\"https:\/\/app.talkpal.ai\/signup?lng=\">Ibda<\/a>\r\n    \r\n<\/section>\r\n<section class=\"promotionalBanner\">\r\n    <p class=\"promotionalText\">L-aktar mod effi\u010bjenti biex titg\u0127allem lingwa<\/p>\r\n    <a class=\"promotionalLink\" href=\"https:\/\/app.talkpal.ai\/signup?lng=\">Ipprova Talkpal b&#8217;xejn<\/a>\r\n<\/section>\n<div class=\"wp-block-group pageContainerStyle\"><div class=\"wp-block-group__inner-container is-layout-constrained wp-block-group-is-layout-constrained\">\n<h2 class=\"wp-block-heading\" id=\"h-unraveling-the-mysteries-of-macedonian-grammar\">Unraveling the Mysteries of Macedonian Grammar<\/h2>\n\n\n\n<p><a href=\"https:\/\/talkpal.ai\/greek-grammar\/\">Grammatika<\/a> Ma\u010bedonjana \u2013 ikkumplikata i\u017cda a\u010b\u010bessibbli, affaxxinanti i\u017cda grazzju\u017ca, kumplessa i\u017cda intriganti. Hekk kif tibda l-vja\u0121\u0121 tieg\u0127ek fid-dinja tal-lingwa Ma\u010bedonjana, tista &#8216;t\u0127oss ta\u0127lita ta&#8217; e\u010b\u010bitament u intimidazzjoni meta ni\u0121u biex tidde\u010bifra l-enigmi grammatikali tag\u0127ha. Tib\u017cax, entu\u017cjast tal-lingwa ferventi! A\u0127na qeg\u0127din hawn biex nappo\u0121\u0121jawk f&#8217;din l-avventura lingwistika!<\/p>\n\n\n\n<p>F&#8217;dan l-artiklu impenjattiv, a\u0127na se nitfg\u0127u dawl fuq aspetti essenzjali tal-grammatika Ma\u010bedonjana, billi nipprovdu g\u0127arfien, spjegazzjonijiet, u e\u017cempji pratti\u010bi. A\u0127na ser ni\u017cvelaw li din il-lingwa affaxxinanti tal-Balkani hija aktar a\u010b\u010bessibbli milli tista &#8216;ta\u0127seb! Allura buckle up u \u0127allina nissimplifikaw u demystify grammatika Ma\u010bedonjana g\u0127alik.<\/p>\n\n\n\n<h3 class=\"wp-block-heading\" id=\"h-1-delightful-declensions-noun-cases-made-easy\">1. Deklinazzjonijiet Delightful: Ka\u017cijiet ta &#8216;Noun Mag\u0127mula Fa\u010bli<\/h3>\n\n\n\n<p>B\u0127al lingwi Slavi o\u0127ra, il-Ma\u010bedonjan fih sistema kumplessa ta&#8217; ka\u017cijiet ta&#8217; nomi, li tikkonsisti fi tliet ka\u017cijiet: nominativ, akku\u017cativ, u dattiv. G\u0127alkemm inqas skora\u0121\u0121anti minn lingwi b&#8217;aktar ka\u017cijiet, il-\u0127akma ta &#8216;dawn l-isfumaturi hija essenzjali biex tinkiseb il-\u0127effa. Dawn il-ka\u017cijiet jassenjaw rwoli differenti lil nomi, pronomi, u a\u0121\u0121ettivi f&#8217;sentenza. Hawnhekk hawn \u0127arsa \u0121enerali qasira:<\/p>\n\n\n\n<p><strong>\u2013 Nominativ: Is-su\u0121\u0121ett tas-sentenza<\/strong><\/p>\n\n\n\n<p><strong>&#8211; Akku\u017cat: L-o\u0121\u0121ett dirett jew l-g\u0127an ta &#8216;azzjoni<\/strong><\/p>\n\n\n\n<p><strong>&#8211; Dative: L-o\u0121\u0121ett indirett, jew li juri d-direzzjoni ta &#8216;azzjoni<\/strong><\/p>\n\n\n\n<p>Biex tikseb il-hang ta &#8216;dawn il-ka\u017cijiet, il-prattika hija \u010b-\u010bavetta. Ma\u017c-\u017cmien u l-espo\u017cizzjoni g\u0127al-lingwa, dawn id-distinzjonijiet se jsiru t-tieni natura.<\/p>\n\n\n\n<h3 class=\"wp-block-heading\" id=\"h-2-amiable-adjectives-agreement-is-everything\">2. A\u0121\u0121ettivi Amiable: Il-ftehim huwa kollox<\/h3>\n\n\n\n<p>L-a\u0121\u0121ettivi fil-grammatika tal-Ma\u010bedonja huma konformisti kon\u0121enjali. Huma jaqblu mal-\u0121eneru, in-numru, u l-ka\u017c tan-nomi li jiddeskrivu. Dan ifisser li jkollok ta\u0121\u0121usta l-forma ta &#8216;kull a\u0121\u0121ettiv biex tallinja mal-karatteristi\u010bi tan-nom.<\/p>\n\n\n\n<p>Biex tag\u0127mel dan il-pro\u010bess aktar bla xkiel, iffoka fuq it-tag\u0127lim tal-forom a\u0121\u0121ettivi ewlenin &#8211; maskili, femminili, u neuter. Bil-prattika regolari, il-pro\u010bess tal-ftehim tal-a\u0121\u0121ettiv dalwaqt isir intuwittiv.<\/p>\n\n\n\n<h3 class=\"wp-block-heading\" id=\"h-3-vigorous-verbs-conjugation-and-aspect-mastery\">3. Verbi Vigoru\u017ci: Konjugazzjoni u \u0126akma tal-Aspett<\/h3>\n\n\n\n<p>B\u0127al fil-lingwi Slavi o\u0127ra, il-verbi Ma\u010bedonjani jesperjenzaw varjazzjonijiet sostanzjali. Il-konjugazzjoni tiddependi fuq it-temp, il-burdata, il-persuna, in-numru, u, l-aktar importanti, l-aspett.<\/p>\n\n\n\n<p>Il-verbi tal-Ma\u010bedonja g\u0127andhom \u017cew\u0121 aspetti: perfettivi u imperfettivi. Il-verbi perfettivi jesprimu azzjoni kompluta, filwaqt li dawk imperfettivi jwasslu azzjoni kontinwa jew ripetittiva. Il-fehim ta &#8216;dan il-kun\u010bett huwa kru\u010bjali fl-irfinar tal-g\u0127arfien espert grammatikali tieg\u0127ek.<\/p>\n\n\n\n<h3 class=\"wp-block-heading\" id=\"h-4-pitch-perfect-particles-mastering-stress-and-intonation\">4. Parti\u010belli Pitch-perfetti: Mastering Stress u Intonazzjoni<\/h3>\n\n\n\n<p>Sfida unikament Ma\u010bedonjana g\u0127all-istudenti tal-lingwa hija l-\u0127akma tas-sistema distintiva tal-pitch-accent li tassenja l-enfasi u l-intonazzjoni lis-sillabi. Din is-sistema tista &#8216;t\u0127alli impatt dirett fuq it-tifsira u l-fehim.<\/p>\n\n\n\n<p>Biex tikseb pre\u010bi\u017cjoni fil-pronunzja u \u010barezza fil-komunikazzjoni, oqg\u0127od attent \u0127afna lill-mudelli intonazzjonali fid-diskors tal-kelliema nattivi tal-Ma\u010bedonjan. B\u0127ala prin\u010bipjant, tista &#8216;tit\u0127abat, imma ftakar li l-prattika tnissel kunfidenza u \u0127akma.<\/p>\n\n\n\n<h3 class=\"wp-block-heading\" id=\"h-5-embrace-the-intricacies-persevere-and-prosper\">5. T\u0127addan l-Intricacies: Persevera u Prosper<\/h3>\n\n\n\n<p>Il-grammatika tal-Ma\u010bedonja, mal-ewwel daqqa t&#8217;g\u0127ajn, tista &#8216;tidher kumplessa, imma \u017comm f&#8217;mo\u0127\u0127ok li l-pa\u010benzja, il-prattika u l-perseveranza huma s-sigrieti g\u0127as-su\u010b\u010bess. Engage with the language through reading, writing, listening, and <a href=\"https:\/\/talkpal.ai\/ai-speaking-partner\/\">speaking<\/a>. T\u0127addan l-isfidi u tippremja lilek innifsek bis-sodisfazzjon tal-progress.<\/p>\n\n\n\n<p>Allura, int lest li tg\u0127addas fil-qasam mesmerizing tal-grammatika Ma\u010bedonjana? T\u0127addan il-quirks u l-kumplessitajiet tag\u0127ha, tgawdi s-sottilitajiet, u ftakar li b&#8217;dedikazzjoni u entu\u017cja\u017cmu, tista &#8216;tifta\u0127 is-sbu\u0127ija vera tal-lingwa Ma\u010bedonjana. \u0421\u043e \u0441\u0440\u0435\u045c\u0430! (Xorti tajba!)<\/p>\n<\/div><\/div>\n\r\n<section class=\"learnNavigationSection\">\r\n            \r\n        <a href=\"https:\/\/talkpal.ai\/mt\/tghallem-il-macedonja\/\">\r\n            <div class=\"learnNavigationWrapper\">\r\n                <div class=\"learnNavigationContent\">\r\n                    <img decoding=\"async\" src=\"https:\/\/talkpal.ai\/wp-content\/uploads\/2024\/08\/Macedonian.jpg\" alt=\"Macedonian Flag\">\r\n                    <div>\r\n                        <h4>Dwar it-Tag\u0127lim tal-Ma\u010bedonjan<\/h4>\r\n                        <p>Sir af kollox dwar il-grammatika Ma\u010bedonjana.<\/p>\r\n                    <\/div>\r\n                <\/div>\r\n            <\/div>\r\n        <\/a>\r\n\r\n        \r\n        <a href=\"https:\/\/talkpal.ai\/mt\/ezercizzji-tal-grammatika-tal-macedonja\/\">\r\n            <div class=\"learnNavigationWrapper\">\r\n                <div class=\"learnNavigationContent\">\r\n                    <img decoding=\"async\" src=\"https:\/\/talkpal.ai\/wp-content\/uploads\/2024\/08\/Macedonian.jpg\" alt=\"Macedonian Flag\">\r\n                    <div>\r\n                        <h4>E\u017cer\u010bizzju tal-Grammatika Ma\u010bedonjana<\/h4>\r\n                        <p>Ipprattika l-grammatika Ma\u010bedonjana.<\/p>\r\n                    <\/div>\r\n                <\/div>\r\n            <\/div>\r\n        <\/a>\r\n\r\n        \r\n        <a href=\"https:\/\/talkpal.ai\/vocabulary_language\/macedonian\/\">\r\n            <div class=\"learnNavigationWrapper\">\r\n                <div class=\"learnNavigationContent\">\r\n                    <img decoding=\"async\" src=\"https:\/\/talkpal.ai\/wp-content\/uploads\/2024\/08\/Macedonian.jpg\" alt=\"Macedonian Flag\">\r\n                    <div>\r\n                        <h4>Vokabularju Ma\u010bedonjan<\/h4>\r\n                        <p>Espandi l-vokabularju Ma\u010bedonjan tieg\u0127ek.<\/p>\r\n                    <\/div>\r\n                <\/div>\r\n            <\/div>\r\n        <\/a>\r\n\r\n            <\/section>","protected":false},"excerpt":{"rendered":"<p>Unraveling the Mysteries of Macedonian Grammar Grammatika Ma\u010bedonjana \u2013 ikkumplikata i\u017cda a\u010b\u010bessibbli, affaxxinanti i\u017cda grazzju\u017ca, kumplessa i\u017cda intriganti. Hekk kif tibda l-vja\u0121\u0121 tieg\u0127ek fid-dinja tal-lingwa Ma\u010bedonjana, tista &#8216;t\u0127oss ta\u0127lita ta&#8217; e\u010b\u010bitament u intimidazzjoni meta ni\u0121u biex tidde\u010bifra l-enigmi grammatikali tag\u0127ha. Tib\u017cax, entu\u017cjast tal-lingwa ferventi! A\u0127na qeg\u0127din hawn biex nappo\u0121\u0121jawk f&#8217;din l-avventura lingwistika! F&#8217;dan l-artiklu impenjattiv, [&hellip;]<\/p>\n","protected":false},"author":1,"featured_media":1443591,"parent":0,"menu_order":0,"comment_status":"closed","ping_status":"closed","template":"LearningContentPage.php","meta":{"_acf_changed":false,"footnotes":""},"class_list":["post-1443589","page","type-page","status-publish","has-post-thumbnail","hentry"],"acf":[],"yoast_head":"<!-- This site is optimized with the Yoast SEO Premium plugin v27.2 (Yoast SEO v27.2) - https:\/\/yoast.com\/product\/yoast-seo-premium-wordpress\/ -->\n<title>Grammatika Ma\u010bedonjana - Talkpal<\/title>\n<meta name=\"description\" content=\"Ikkontrolla l-grammatika Ma\u010bedonjana ming\u0127ajr sforz ma &#039;TalkPal, l-g\u0127alliem tal-lingwa tieg\u0127ek li ja\u0127dem bl-AI. Ittejjeb il-\u0127iliet tal-grammatika Ma\u010bedonjana tieg\u0127ek!\" \/>\n<meta name=\"robots\" content=\"index, follow, max-snippet:-1, max-image-preview:large, max-video-preview:-1\" \/>\n<link rel=\"canonical\" href=\"https:\/\/talkpal.ai\/mt\/grammatika-macedonjana\/\" \/>\n<meta property=\"og:locale\" content=\"mt_MT\" \/>\n<meta property=\"og:type\" content=\"article\" \/>\n<meta property=\"og:title\" content=\"Grammatika Ma\u010bedonjana\" \/>\n<meta property=\"og:description\" content=\"Unraveling the Mysteries of Macedonian Grammar Grammatika Ma\u010bedonjana \u2013 ikkumplikata i\u017cda a\u010b\u010bessibbli, affaxxinanti i\u017cda grazzju\u017ca, kumplessa i\u017cda\" \/>\n<meta property=\"og:url\" content=\"https:\/\/talkpal.ai\/mt\/grammatika-macedonjana\/\" \/>\n<meta property=\"og:site_name\" content=\"Talkpal\" \/>\n<meta property=\"article:publisher\" content=\"https:\/\/www.facebook.com\/profile.php?id=100090733639311\" \/>\n<meta property=\"article:modified_time\" content=\"2025-12-17T16:38:45+00:00\" \/>\n<meta property=\"og:image\" content=\"https:\/\/talkpal.ai\/wp-content\/uploads\/2023\/05\/republic-of-macedonia.png\" \/>\n\t<meta property=\"og:image:width\" content=\"512\" \/>\n\t<meta property=\"og:image:height\" content=\"512\" \/>\n\t<meta property=\"og:image:type\" content=\"image\/png\" \/>\n<meta name=\"twitter:card\" content=\"summary_large_image\" \/>\n<meta name=\"twitter:site\" content=\"@talkpalai\" \/>\n<meta name=\"twitter:label1\" content=\"Est. reading time\" \/>\n\t<meta name=\"twitter:data1\" content=\"3 minutes\" \/>\n<script type=\"application\/ld+json\" class=\"yoast-schema-graph\">{\"@context\":\"https:\/\/schema.org\",\"@graph\":[{\"@type\":\"WebPage\",\"@id\":\"https:\/\/talkpal.ai\/mt\/grammatika-macedonjana\/\",\"url\":\"https:\/\/talkpal.ai\/mt\/grammatika-macedonjana\/\",\"name\":\"Grammatika Ma\u010bedonjana - Talkpal\",\"isPartOf\":{\"@id\":\"https:\/\/talkpal.ai\/mt\/#website\"},\"primaryImageOfPage\":{\"@id\":\"https:\/\/talkpal.ai\/mt\/grammatika-macedonjana\/#primaryimage\"},\"image\":{\"@id\":\"https:\/\/talkpal.ai\/mt\/grammatika-macedonjana\/#primaryimage\"},\"thumbnailUrl\":\"https:\/\/talkpal.ai\/wp-content\/uploads\/2023\/05\/republic-of-macedonia.png\",\"datePublished\":\"2023-05-14T14:11:28+00:00\",\"dateModified\":\"2025-12-17T16:38:45+00:00\",\"description\":\"Ikkontrolla l-grammatika Ma\u010bedonjana ming\u0127ajr sforz ma 'TalkPal, l-g\u0127alliem tal-lingwa tieg\u0127ek li ja\u0127dem bl-AI. Ittejjeb il-\u0127iliet tal-grammatika Ma\u010bedonjana tieg\u0127ek!\",\"breadcrumb\":{\"@id\":\"https:\/\/talkpal.ai\/mt\/grammatika-macedonjana\/#breadcrumb\"},\"inLanguage\":\"mt-MT\",\"potentialAction\":[{\"@type\":\"ReadAction\",\"target\":[\"https:\/\/talkpal.ai\/mt\/grammatika-macedonjana\/\"]}]},{\"@type\":\"ImageObject\",\"inLanguage\":\"mt-MT\",\"@id\":\"https:\/\/talkpal.ai\/mt\/grammatika-macedonjana\/#primaryimage\",\"url\":\"https:\/\/talkpal.ai\/wp-content\/uploads\/2023\/05\/republic-of-macedonia.png\",\"contentUrl\":\"https:\/\/talkpal.ai\/wp-content\/uploads\/2023\/05\/republic-of-macedonia.png\",\"width\":512,\"height\":512,\"caption\":\"TalkPal Republic of Macedonia Flag\"},{\"@type\":\"BreadcrumbList\",\"@id\":\"https:\/\/talkpal.ai\/mt\/grammatika-macedonjana\/#breadcrumb\",\"itemListElement\":[{\"@type\":\"ListItem\",\"position\":1,\"name\":\"Homepage\",\"item\":\"https:\/\/talkpal.ai\/mt\/\"},{\"@type\":\"ListItem\",\"position\":2,\"name\":\"Grammatika Ma\u010bedonjana\"}]},{\"@type\":\"WebSite\",\"@id\":\"https:\/\/talkpal.ai\/mt\/#website\",\"url\":\"https:\/\/talkpal.ai\/mt\/\",\"name\":\"Talkpal\",\"description\":\"AI Language Learning\",\"publisher\":{\"@id\":\"https:\/\/talkpal.ai\/mt\/#organization\"},\"alternateName\":\"Talkpal AI\",\"potentialAction\":[{\"@type\":\"SearchAction\",\"target\":{\"@type\":\"EntryPoint\",\"urlTemplate\":\"https:\/\/talkpal.ai\/mt\/?s={search_term_string}\"},\"query-input\":{\"@type\":\"PropertyValueSpecification\",\"valueRequired\":true,\"valueName\":\"search_term_string\"}}],\"inLanguage\":\"mt-MT\"},{\"@type\":\"Organization\",\"@id\":\"https:\/\/talkpal.ai\/mt\/#organization\",\"name\":\"Talkpal, Inc.\",\"alternateName\":\"Talkpal AI\",\"url\":\"https:\/\/talkpal.ai\/mt\/\",\"logo\":{\"@type\":\"ImageObject\",\"inLanguage\":\"mt-MT\",\"@id\":\"https:\/\/talkpal.ai\/mt\/#\/schema\/logo\/image\/\",\"url\":\"https:\/\/talkpal.ai\/wp-content\/uploads\/2024\/03\/Talkpal-Logo-Icon.png\",\"contentUrl\":\"https:\/\/talkpal.ai\/wp-content\/uploads\/2024\/03\/Talkpal-Logo-Icon.png\",\"width\":2880,\"height\":2880,\"caption\":\"Talkpal, Inc.\"},\"image\":{\"@id\":\"https:\/\/talkpal.ai\/mt\/#\/schema\/logo\/image\/\"},\"sameAs\":[\"https:\/\/www.facebook.com\/profile.php?id=100090733639311\",\"https:\/\/x.com\/talkpalai\",\"https:\/\/www.linkedin.com\/company\/talkpal\/\",\"https:\/\/www.youtube.com\/@TalkPal\/\",\"https:\/\/www.tiktok.com\/@talkpal\",\"https:\/\/www.instagram.com\/talkpal_ai\/\",\"https:\/\/www.crunchbase.com\/organization\/talkpal-9cde\",\"https:\/\/www.g2.com\/products\/talkpal-for-business\/\",\"https:\/\/www.trustpilot.com\/review\/talkpal.ai\",\"https:\/\/www.capterra.com\/p\/10006800\/TalkPal\/\"],\"description\":\"Talkpal is a language learning web and mobile education app, powered by the latest AI technologies, that provides engaging experiences to its customers in many different languages to help them improve their language skills. Users can chat about unlimited amount of topics with the app and use other modes to practice their language learning.\",\"email\":\"support@talkpal.ai\",\"legalName\":\"Talkpal, Inc.\",\"foundingDate\":\"2023-04-03\",\"duns\":\"118989042\",\"numberOfEmployees\":{\"@type\":\"QuantitativeValue\",\"minValue\":\"11\",\"maxValue\":\"50\"},\"publishingPrinciples\":\"https:\/\/talkpal.ai\/publishing-principles\/\",\"actionableFeedbackPolicy\":\"https:\/\/talkpal.ai\/actionable-feedback-policy\/\",\"correctionsPolicy\":\"https:\/\/talkpal.ai\/corrections-policy\/\",\"ethicsPolicy\":\"https:\/\/talkpal.ai\/ethics-policy\/\",\"diversityPolicy\":\"https:\/\/talkpal.ai\/diversity-policy\/\",\"diversityStaffingReport\":\"https:\/\/talkpal.ai\/diversity-policy\/\"}]}<\/script>\n<!-- \/ Yoast SEO Premium plugin. -->","yoast_head_json":{"title":"Grammatika Ma\u010bedonjana - Talkpal","description":"Ikkontrolla l-grammatika Ma\u010bedonjana ming\u0127ajr sforz ma 'TalkPal, l-g\u0127alliem tal-lingwa tieg\u0127ek li ja\u0127dem bl-AI. Ittejjeb il-\u0127iliet tal-grammatika Ma\u010bedonjana tieg\u0127ek!","robots":{"index":"index","follow":"follow","max-snippet":"max-snippet:-1","max-image-preview":"max-image-preview:large","max-video-preview":"max-video-preview:-1"},"canonical":"https:\/\/talkpal.ai\/mt\/grammatika-macedonjana\/","og_locale":"mt_MT","og_type":"article","og_title":"Grammatika Ma\u010bedonjana","og_description":"Unraveling the Mysteries of Macedonian Grammar Grammatika Ma\u010bedonjana \u2013 ikkumplikata i\u017cda a\u010b\u010bessibbli, affaxxinanti i\u017cda grazzju\u017ca, kumplessa i\u017cda","og_url":"https:\/\/talkpal.ai\/mt\/grammatika-macedonjana\/","og_site_name":"Talkpal","article_publisher":"https:\/\/www.facebook.com\/profile.php?id=100090733639311","article_modified_time":"2025-12-17T16:38:45+00:00","og_image":[{"width":512,"height":512,"url":"https:\/\/talkpal.ai\/wp-content\/uploads\/2023\/05\/republic-of-macedonia.png","type":"image\/png"}],"twitter_card":"summary_large_image","twitter_site":"@talkpalai","twitter_misc":{"Est. reading time":"3 minutes"},"schema":{"@context":"https:\/\/schema.org","@graph":[{"@type":"WebPage","@id":"https:\/\/talkpal.ai\/mt\/grammatika-macedonjana\/","url":"https:\/\/talkpal.ai\/mt\/grammatika-macedonjana\/","name":"Grammatika Ma\u010bedonjana - Talkpal","isPartOf":{"@id":"https:\/\/talkpal.ai\/mt\/#website"},"primaryImageOfPage":{"@id":"https:\/\/talkpal.ai\/mt\/grammatika-macedonjana\/#primaryimage"},"image":{"@id":"https:\/\/talkpal.ai\/mt\/grammatika-macedonjana\/#primaryimage"},"thumbnailUrl":"https:\/\/talkpal.ai\/wp-content\/uploads\/2023\/05\/republic-of-macedonia.png","datePublished":"2023-05-14T14:11:28+00:00","dateModified":"2025-12-17T16:38:45+00:00","description":"Ikkontrolla l-grammatika Ma\u010bedonjana ming\u0127ajr sforz ma 'TalkPal, l-g\u0127alliem tal-lingwa tieg\u0127ek li ja\u0127dem bl-AI. Ittejjeb il-\u0127iliet tal-grammatika Ma\u010bedonjana tieg\u0127ek!","breadcrumb":{"@id":"https:\/\/talkpal.ai\/mt\/grammatika-macedonjana\/#breadcrumb"},"inLanguage":"mt-MT","potentialAction":[{"@type":"ReadAction","target":["https:\/\/talkpal.ai\/mt\/grammatika-macedonjana\/"]}]},{"@type":"ImageObject","inLanguage":"mt-MT","@id":"https:\/\/talkpal.ai\/mt\/grammatika-macedonjana\/#primaryimage","url":"https:\/\/talkpal.ai\/wp-content\/uploads\/2023\/05\/republic-of-macedonia.png","contentUrl":"https:\/\/talkpal.ai\/wp-content\/uploads\/2023\/05\/republic-of-macedonia.png","width":512,"height":512,"caption":"TalkPal Republic of Macedonia Flag"},{"@type":"BreadcrumbList","@id":"https:\/\/talkpal.ai\/mt\/grammatika-macedonjana\/#breadcrumb","itemListElement":[{"@type":"ListItem","position":1,"name":"Homepage","item":"https:\/\/talkpal.ai\/mt\/"},{"@type":"ListItem","position":2,"name":"Grammatika Ma\u010bedonjana"}]},{"@type":"WebSite","@id":"https:\/\/talkpal.ai\/mt\/#website","url":"https:\/\/talkpal.ai\/mt\/","name":"Talkpal","description":"AI Language Learning","publisher":{"@id":"https:\/\/talkpal.ai\/mt\/#organization"},"alternateName":"Talkpal AI","potentialAction":[{"@type":"SearchAction","target":{"@type":"EntryPoint","urlTemplate":"https:\/\/talkpal.ai\/mt\/?s={search_term_string}"},"query-input":{"@type":"PropertyValueSpecification","valueRequired":true,"valueName":"search_term_string"}}],"inLanguage":"mt-MT"},{"@type":"Organization","@id":"https:\/\/talkpal.ai\/mt\/#organization","name":"Talkpal, Inc.","alternateName":"Talkpal AI","url":"https:\/\/talkpal.ai\/mt\/","logo":{"@type":"ImageObject","inLanguage":"mt-MT","@id":"https:\/\/talkpal.ai\/mt\/#\/schema\/logo\/image\/","url":"https:\/\/talkpal.ai\/wp-content\/uploads\/2024\/03\/Talkpal-Logo-Icon.png","contentUrl":"https:\/\/talkpal.ai\/wp-content\/uploads\/2024\/03\/Talkpal-Logo-Icon.png","width":2880,"height":2880,"caption":"Talkpal, Inc."},"image":{"@id":"https:\/\/talkpal.ai\/mt\/#\/schema\/logo\/image\/"},"sameAs":["https:\/\/www.facebook.com\/profile.php?id=100090733639311","https:\/\/x.com\/talkpalai","https:\/\/www.linkedin.com\/company\/talkpal\/","https:\/\/www.youtube.com\/@TalkPal\/","https:\/\/www.tiktok.com\/@talkpal","https:\/\/www.instagram.com\/talkpal_ai\/","https:\/\/www.crunchbase.com\/organization\/talkpal-9cde","https:\/\/www.g2.com\/products\/talkpal-for-business\/","https:\/\/www.trustpilot.com\/review\/talkpal.ai","https:\/\/www.capterra.com\/p\/10006800\/TalkPal\/"],"description":"Talkpal is a language learning web and mobile education app, powered by the latest AI technologies, that provides engaging experiences to its customers in many different languages to help them improve their language skills. Users can chat about unlimited amount of topics with the app and use other modes to practice their language learning.","email":"support@talkpal.ai","legalName":"Talkpal, Inc.","foundingDate":"2023-04-03","duns":"118989042","numberOfEmployees":{"@type":"QuantitativeValue","minValue":"11","maxValue":"50"},"publishingPrinciples":"https:\/\/talkpal.ai\/publishing-principles\/","actionableFeedbackPolicy":"https:\/\/talkpal.ai\/actionable-feedback-policy\/","correctionsPolicy":"https:\/\/talkpal.ai\/corrections-policy\/","ethicsPolicy":"https:\/\/talkpal.ai\/ethics-policy\/","diversityPolicy":"https:\/\/talkpal.ai\/diversity-policy\/","diversityStaffingReport":"https:\/\/talkpal.ai\/diversity-policy\/"}]}},"_links":{"self":[{"href":"https:\/\/talkpal.ai\/mt\/wp-json\/wp\/v2\/pages\/1443589","targetHints":{"allow":["GET"]}}],"collection":[{"href":"https:\/\/talkpal.ai\/mt\/wp-json\/wp\/v2\/pages"}],"about":[{"href":"https:\/\/talkpal.ai\/mt\/wp-json\/wp\/v2\/types\/page"}],"author":[{"embeddable":true,"href":"https:\/\/talkpal.ai\/mt\/wp-json\/wp\/v2\/users\/1"}],"replies":[{"embeddable":true,"href":"https:\/\/talkpal.ai\/mt\/wp-json\/wp\/v2\/comments?post=1443589"}],"version-history":[{"count":0,"href":"https:\/\/talkpal.ai\/mt\/wp-json\/wp\/v2\/pages\/1443589\/revisions"}],"wp:featuredmedia":[{"embeddable":true,"href":"https:\/\/talkpal.ai\/mt\/wp-json\/wp\/v2\/media\/1443591"}],"wp:attachment":[{"href":"https:\/\/talkpal.ai\/mt\/wp-json\/wp\/v2\/media?parent=1443589"}],"curies":[{"name":"wp","href":"https:\/\/api.w.org\/{rel}","templated":true}]}}