{"id":1443583,"date":"2023-05-14T14:09:29","date_gmt":"2023-05-14T14:09:29","guid":{"rendered":"https:\/\/talkpal.ai\/grammatika-indonezjana\/"},"modified":"2025-12-13T15:42:33","modified_gmt":"2025-12-13T15:42:33","slug":"grammatika-indonezjana","status":"publish","type":"page","link":"https:\/\/talkpal.ai\/mt\/grammatika-indonezjana\/","title":{"rendered":"Grammatika Indone\u017cjana"},"content":{"rendered":"\r\n\r\n\r\n<section class=\"languageChallengeSection\">\r\n    <div class=\"languageInfoWrapper\">\r\n        \r\n        <h1>Grammatika Indone\u017cjana<\/h1>\r\n        <p>Interessat li titg\u0127allem l-<a href=\"https:\/\/talkpal.ai\/learn-indonesian\/\">Indone\u017cjan<\/a>? Bil-grammatika sempli\u010bi tag\u0127ha &#8211; l-ebda konjugazzjonijiet tal-verb, l-ebda \u0121eneru ta &#039;nom, u struttura sempli\u010bi ta&#039; sentenzi &#8211; l-Indone\u017cjan huwa wie\u0127ed mill-aktar lingwi fa\u010bli g\u0127all-istudenti. Ibda l-vja\u0121\u0121 tieg\u0127ek illum u ara kif il-fehim tal-<a href=\"https:\/\/talkpal.ai\/indonesian-grammar\/\">grammatika Indone\u017cjana<\/a> jista &#039;malajr jifta\u0127 dinja ta&#039; komunikazzjoni u esperjenzi kulturali vibranti!<\/p>\r\n\r\n                            <a class=\"getStartedHidden\" href=\"https:\/\/app.talkpal.ai\/signup?lng=\">Ibda<\/a>\r\n        \r\n    <\/div>\r\n\r\n    <figure>\r\n    <img decoding=\"async\" width=\"768\" height=\"768\" src=\"https:\/\/talkpal.ai\/wp-content\/uploads\/2023\/06\/indonesia-768x768.png\" class=\"languageImage no-lazy\" alt=\"Language learning for personal achievement\" fetchpriority=\"high\" sizes=\"(max-width: 768px) 150px, 768px\" srcset=\"https:\/\/talkpal.ai\/wp-content\/uploads\/2023\/06\/indonesia-768x768.png 768w, https:\/\/talkpal.ai\/wp-content\/uploads\/2023\/06\/indonesia-300x300.png 300w\" \/>\r\n    \r\n\r\n    <\/figure>\r\n\r\n            <a class=\"getStartedVisible\" href=\"https:\/\/app.talkpal.ai\/signup?lng=\">Ibda<\/a>\r\n    \r\n<\/section>\r\n<section class=\"promotionalBanner\">\r\n    <p class=\"promotionalText\"><\/p>\r\n    <a class=\"promotionalLink\" href=\"https:\/\/app.talkpal.ai\/signup?lng=\"><\/a>\r\n<\/section>\n<div class=\"wp-block-group pageContainerStyle\"><div class=\"wp-block-group__inner-container is-layout-constrained wp-block-group-is-layout-constrained\">\n<h2 class=\"wp-block-heading\" id=\"h-the-wonders-of-indonesian-grammar-a-guide-for-language-learners\">L-G\u0127e\u0121ubijiet tal-Grammatika Indone\u017cjana: Gwida g\u0127all-Istudenti tal-Lingwa<\/h2>\n\n\n\n<p><a href=\"https:\/\/talkpal.ai\/greek-grammar\/\">Grammatika<\/a> Indone\u017cjana \u2013 sempli\u010bi i\u017cda eleganti, akkoljenti i\u017cda impenjattiva, a\u010b\u010bessibbli i\u017cda enthralling. Hekk kif tibda l-vja\u0121\u0121 tieg\u0127ek biex titg\u0127allem il-lingwa Indone\u017cjana, kun \u017cgur li t\u0127addan il-grammatika tag\u0127ha se tkun esperjenza pja\u010bevoli. B&#8217;dan l-artikolu, a\u0127na nimmiraw li nipprovdulek fehim tal-aspetti ewlenin tal-grammatika Indone\u017cjana u ng\u0127inuk t\u0127addan is-sbu\u0127ija ta &#8216;din il-lingwa tax-Xlokk tal-Asja.<\/p>\n\n\n\n<p>Ejja nid\u0127lu fl-elementi fundamentali tal-grammatika Indone\u017cjana, bi spjegazzjonijiet u e\u017cempji li jag\u0127mlu r-regoli u l-kun\u010betti \u010bari b&#8217;mod sabi\u0127. Allura, oqg\u0127od bilqieg\u0127da, irrilassa, u \u0127allina ni\u017cvelaw is-sigrieti affaxxinanti tal-grammatika Indone\u017cjana g\u0127alik.<\/p>\n\n\n\n<h3 class=\"wp-block-heading\" id=\"h-1-nouns-no-genders-no-plurals-no-stress\">1. Nouns: No Genders, No Plurals, No Stress!<\/h3>\n\n\n\n<p>Wie\u0127ed mill-aspetti l-aktar rinfrescanti tal-grammatika Indone\u017cjana huwa s-sempli\u010bit\u00e0 tas-sistema tan-nomi tag\u0127ha. In-nomi Indone\u017cjani m&#8217;g\u0127andhomx forom ta&#8217; \u0121eneru jew plural. Dan ifisser li tg\u0127id &#8220;anjing&#8221; (kelb) kemm jekk qed tirreferi g\u0127al \u0121riewi wie\u0127ed jew grupp ta &#8216;klieb adulti.<\/p>\n\n\n\n<p>Biex tispe\u010bifika forma plural, tista &#8216;jew tirrepeti n-nom (e\u017c., &#8220;anak-anak&#8221; g\u0127al &#8220;tfal&#8221;) jew tu\u017ca terminu ta&#8217; kwantit\u00e0 b\u0127al &#8220;banyak&#8221; (\u0127afna) jew &#8220;beberapa&#8221; (xi w\u0127ud). Dak hu! Mhux nifs ta &#8216;arja friska meta mqabbel ma&#8217; lingwi o\u0127ra?<\/p>\n\n\n\n<h3 class=\"wp-block-heading\" id=\"h-2-pronouns-staying-humble-and-respectful\">2. Pronomi: Nibqg\u0127u umli u rispettu\u017ci<\/h3>\n\n\n\n<p>Il-grammatika Indone\u017cjana tag\u0127mel u\u017cu minn pronomi differenti bba\u017cati fuq livelli differenti ta&#8217; formalit\u00e0. L-u\u017cu tal-pronom xieraq meta tindirizza lil xi \u0127add huwa essenzjali biex turi rispett u umilt\u00e0. Pere\u017cempju, &#8220;aku&#8221; (I\/me) huwa ka\u017cwali u intimu, &#8220;saya&#8221; huwa edukat u newtrali, u &#8220;saya&#8221; huwa formali u umli. Bl-istess mod, &#8220;kamu&#8221; (int) huwa informali, &#8220;Anda&#8221; huwa edukat, u &#8220;Bapak\/Ibu&#8221; (Sinjur\/Sinjura) huwa riservat g\u0127al sitwazzjonijiet formali \u0127afna.<\/p>\n\n\n\n<p>Ftakar, hija dejjem idea tajba li ti\u017cbalja fuq in-na\u0127a tal-edukazzjoni f&#8217;sitwazzjonijiet \u0121odda jew in\u010berti.<\/p>\n\n\n\n<h3 class=\"wp-block-heading\" id=\"h-3-verbs-no-conjugations-but-prefixes-and-suffixes-galore\">3. Verbi: L-ebda konjugazzjonijiet, i\u017cda prefissi u suffissi galore!<\/h3>\n\n\n\n<p>Il-verbi Indone\u017cjani jibqg\u0127u l-istess irrispettivament mit-temp, il-burdata, jew is-su\u0121\u0121ett, u jag\u0127mluhom \u0127afna aktar sempli\u010bi mill-verbi f&#8217;\u0127afna lingwi o\u0127ra. Madankollu, ikollok b\u017conn tikkontrolla l-u\u017cu ta &#8216;prefissi u suffissi biex timmodifika t-tifsira tal-verb.<\/p>\n\n\n\n<p>Xi prefissi komuni jinkludu &#8220;me-&#8221; (verbi attivi), &#8220;di-&#8221; (verbi passivi), u &#8220;ber-&#8221; (verbi stattivi). Is-suffissi komuni jinkludu &#8220;-kan&#8221; (verbi kaw\u017cativi) u &#8220;-i&#8221; (verbi transitivi). Pere\u017cempju, &#8220;makan&#8221; tfisser &#8220;tiekol,&#8221; &#8220;memakan&#8221; tfisser &#8220;tikkonsma,&#8221; u &#8220;dimakan&#8221; tfisser &#8220;li tittiekel.&#8221;<\/p>\n\n\n\n<h3 class=\"wp-block-heading\" id=\"h-4-word-order-subject-verb-object-simplicity\">4. Ordni tal-Kelma: Su\u0121\u0121ett-Verb-O\u0121\u0121ett Sempli\u010bit\u00e0!<\/h3>\n\n\n\n<p>Il-grammatika Indone\u017cjana ssegwi ordni ta &#8216;kliem sempli\u010bi Subject-Verb-Object (SVO), simili g\u0127all-<a href=\"https:\/\/talkpal.ai\/learn-english-with-ai\/\">Ingli\u017c<\/a>. Dan jag\u0127mel il-kostruzzjoni u l-komprensjoni tas-sentenzi \u0127afna aktar fa\u010bli g\u0127al dawk li jitkellmu bl-Ingli\u017c. Pere\u017cempju, &#8220;Saya memakan pisang&#8221; jittradu\u010bi direttament g\u0127al &#8220;Jiena (su\u0121\u0121ett) niekol (verb) banana (o\u0121\u0121ett).&#8221;<\/p>\n\n\n\n<h3 class=\"wp-block-heading\" id=\"h-5-immerse-yourself-in-indonesian-practice-makes-perfect\">5. Immerse Yourself in Indonesian: Practice Makes Perfect<\/h3>\n\n\n\n<p>Is-sbu\u0127ija tal-grammatika Indone\u017cjana tinsab fis-sempli\u010bit\u00e0 u l-a\u010b\u010bessibilit\u00e0 tag\u0127ha. Prattika regolari permezz tal-qari, il-kitba, is-smig\u0127, u t-ta\u0127dit tg\u0127inek tikkontrolla l-lingwa u l-grammatika tag\u0127ha. T\u0127addan l-isfidi, tirba\u0127 il-kumplessitajiet, u tifta\u0127 is-se\u0127er veru tal-lingwa Indone\u017cjana.<\/p>\n\n\n\n<p>Allura, int lest li tid\u0127ol fl-g\u0127e\u0121ubijiet tal-grammatika Indone\u017cjana? Avvi\u010binaha b&#8217;kunfidenza u kur\u017cit\u00e0, u b&#8217;impenn u e\u010b\u010bitament, dalwaqt tista &#8216;ssir kelliem Indone\u017cjan elokwenti. Selamat belajar! (Happy studying!)<\/p>\n<\/div><\/div>\n\r\n<section class=\"learnNavigationSection\">\r\n            \r\n        <a href=\"https:\/\/talkpal.ai\/mt\/tghallem-l-indonezjan\/\">\r\n            <div class=\"learnNavigationWrapper\">\r\n                <div class=\"learnNavigationContent\">\r\n                    <img decoding=\"async\" src=\"https:\/\/talkpal.ai\/wp-content\/uploads\/2024\/08\/Indonesian.jpg\" alt=\"Indonesian Flag\">\r\n                    <div>\r\n                        <h4>Dwar it-Tag\u0127lim Indone\u017cjan<\/h4>\r\n                        <p>Sir af kollox dwar il-grammatika Indone\u017cjana.<\/p>\r\n                    <\/div>\r\n                <\/div>\r\n            <\/div>\r\n        <\/a>\r\n\r\n        \r\n        <a href=\"https:\/\/talkpal.ai\/mt\/ezercizzji-tal-grammatika-indonezjana\/\">\r\n            <div class=\"learnNavigationWrapper\">\r\n                <div class=\"learnNavigationContent\">\r\n                    <img decoding=\"async\" src=\"https:\/\/talkpal.ai\/wp-content\/uploads\/2024\/08\/Indonesian.jpg\" alt=\"Indonesian Flag\">\r\n                    <div>\r\n                        <h4>E\u017cer\u010bizzju tal-Grammatika Indone\u017cjana<\/h4>\r\n                        <p>Ipprattika l-grammatika Indone\u017cjana.<\/p>\r\n                    <\/div>\r\n                <\/div>\r\n            <\/div>\r\n        <\/a>\r\n\r\n        \r\n        <a href=\"https:\/\/talkpal.ai\/vocabulary_language\/indonesian\/\">\r\n            <div class=\"learnNavigationWrapper\">\r\n                <div class=\"learnNavigationContent\">\r\n                    <img decoding=\"async\" src=\"https:\/\/talkpal.ai\/wp-content\/uploads\/2024\/08\/Indonesian.jpg\" alt=\"Indonesian Flag\">\r\n                    <div>\r\n                        <h4>Vokabularju Indone\u017cjan<\/h4>\r\n                        <p>Espandi l-vokabularju Indone\u017cjan tieg\u0127ek.<\/p>\r\n                    <\/div>\r\n                <\/div>\r\n            <\/div>\r\n        <\/a>\r\n\r\n            <\/section>","protected":false},"excerpt":{"rendered":"<p>L-G\u0127e\u0121ubijiet tal-Grammatika Indone\u017cjana: Gwida g\u0127all-Istudenti tal-Lingwa Grammatika Indone\u017cjana \u2013 sempli\u010bi i\u017cda eleganti, akkoljenti i\u017cda impenjattiva, a\u010b\u010bessibbli i\u017cda enthralling. Hekk kif tibda l-vja\u0121\u0121 tieg\u0127ek biex titg\u0127allem il-lingwa Indone\u017cjana, kun \u017cgur li t\u0127addan il-grammatika tag\u0127ha se tkun esperjenza pja\u010bevoli. B&#8217;dan l-artikolu, a\u0127na nimmiraw li nipprovdulek fehim tal-aspetti ewlenin tal-grammatika Indone\u017cjana u ng\u0127inuk t\u0127addan is-sbu\u0127ija ta &#8216;din il-lingwa [&hellip;]<\/p>\n","protected":false},"author":1,"featured_media":1443584,"parent":0,"menu_order":0,"comment_status":"closed","ping_status":"closed","template":"LearningContentPage.php","meta":{"_acf_changed":false,"footnotes":""},"class_list":["post-1443583","page","type-page","status-publish","has-post-thumbnail","hentry"],"acf":[],"yoast_head":"<!-- This site is optimized with the Yoast SEO Premium plugin v27.2 (Yoast SEO v27.2) - https:\/\/yoast.com\/product\/yoast-seo-premium-wordpress\/ -->\n<title>Grammatika Indone\u017cjana - Talkpal<\/title>\n<meta name=\"description\" content=\"Tg\u0127allem il-grammatika Indone\u017cjana b&#039;mod fa\u010bli bl-app AI ta&#039; tag\u0127lim tal-lingwi ta&#039; Talkpal. Ikkomunika b&#039;kunfidenza billi tu\u017ca l-gwida m\u0127addma mill-AI ta &#039;TalkPal.\" \/>\n<meta name=\"robots\" content=\"index, follow, max-snippet:-1, max-image-preview:large, max-video-preview:-1\" \/>\n<link rel=\"canonical\" href=\"https:\/\/talkpal.ai\/mt\/grammatika-indonezjana\/\" \/>\n<meta property=\"og:locale\" content=\"mt_MT\" \/>\n<meta property=\"og:type\" content=\"article\" \/>\n<meta property=\"og:title\" content=\"Grammatika Indone\u017cjana\" \/>\n<meta property=\"og:description\" content=\"L-G\u0127e\u0121ubijiet tal-Grammatika Indone\u017cjana: Gwida g\u0127all-Istudenti tal-Lingwa Grammatika Indone\u017cjana \u2013 sempli\u010bi i\u017cda eleganti, akkoljenti i\u017cda impenjattiva,\" \/>\n<meta property=\"og:url\" content=\"https:\/\/talkpal.ai\/mt\/grammatika-indonezjana\/\" \/>\n<meta property=\"og:site_name\" content=\"Talkpal\" \/>\n<meta property=\"article:publisher\" content=\"https:\/\/www.facebook.com\/profile.php?id=100090733639311\" \/>\n<meta property=\"article:modified_time\" content=\"2025-12-13T15:42:33+00:00\" \/>\n<meta property=\"og:image\" content=\"https:\/\/talkpal.ai\/wp-content\/uploads\/2023\/05\/indonesia.png\" \/>\n\t<meta property=\"og:image:width\" content=\"512\" \/>\n\t<meta property=\"og:image:height\" content=\"512\" \/>\n\t<meta property=\"og:image:type\" content=\"image\/png\" \/>\n<meta name=\"twitter:card\" content=\"summary_large_image\" \/>\n<meta name=\"twitter:site\" content=\"@talkpalai\" \/>\n<meta name=\"twitter:label1\" content=\"Est. reading time\" \/>\n\t<meta name=\"twitter:data1\" content=\"3 minutes\" \/>\n<script type=\"application\/ld+json\" class=\"yoast-schema-graph\">{\"@context\":\"https:\/\/schema.org\",\"@graph\":[{\"@type\":\"WebPage\",\"@id\":\"https:\/\/talkpal.ai\/mt\/grammatika-indonezjana\/\",\"url\":\"https:\/\/talkpal.ai\/mt\/grammatika-indonezjana\/\",\"name\":\"Grammatika Indone\u017cjana - Talkpal\",\"isPartOf\":{\"@id\":\"https:\/\/talkpal.ai\/mt\/#website\"},\"primaryImageOfPage\":{\"@id\":\"https:\/\/talkpal.ai\/mt\/grammatika-indonezjana\/#primaryimage\"},\"image\":{\"@id\":\"https:\/\/talkpal.ai\/mt\/grammatika-indonezjana\/#primaryimage\"},\"thumbnailUrl\":\"https:\/\/talkpal.ai\/wp-content\/uploads\/2023\/05\/indonesia.png\",\"datePublished\":\"2023-05-14T14:09:29+00:00\",\"dateModified\":\"2025-12-13T15:42:33+00:00\",\"description\":\"Tg\u0127allem il-grammatika Indone\u017cjana b'mod fa\u010bli bl-app AI ta' tag\u0127lim tal-lingwi ta' Talkpal. Ikkomunika b'kunfidenza billi tu\u017ca l-gwida m\u0127addma mill-AI ta 'TalkPal.\",\"breadcrumb\":{\"@id\":\"https:\/\/talkpal.ai\/mt\/grammatika-indonezjana\/#breadcrumb\"},\"inLanguage\":\"mt-MT\",\"potentialAction\":[{\"@type\":\"ReadAction\",\"target\":[\"https:\/\/talkpal.ai\/mt\/grammatika-indonezjana\/\"]}]},{\"@type\":\"ImageObject\",\"inLanguage\":\"mt-MT\",\"@id\":\"https:\/\/talkpal.ai\/mt\/grammatika-indonezjana\/#primaryimage\",\"url\":\"https:\/\/talkpal.ai\/wp-content\/uploads\/2023\/05\/indonesia.png\",\"contentUrl\":\"https:\/\/talkpal.ai\/wp-content\/uploads\/2023\/05\/indonesia.png\",\"width\":512,\"height\":512,\"caption\":\"TalkPal Indonesia Flag\"},{\"@type\":\"BreadcrumbList\",\"@id\":\"https:\/\/talkpal.ai\/mt\/grammatika-indonezjana\/#breadcrumb\",\"itemListElement\":[{\"@type\":\"ListItem\",\"position\":1,\"name\":\"Homepage\",\"item\":\"https:\/\/talkpal.ai\/mt\/\"},{\"@type\":\"ListItem\",\"position\":2,\"name\":\"Grammatika Indone\u017cjana\"}]},{\"@type\":\"WebSite\",\"@id\":\"https:\/\/talkpal.ai\/mt\/#website\",\"url\":\"https:\/\/talkpal.ai\/mt\/\",\"name\":\"Talkpal\",\"description\":\"AI Language Learning\",\"publisher\":{\"@id\":\"https:\/\/talkpal.ai\/mt\/#organization\"},\"alternateName\":\"Talkpal AI\",\"potentialAction\":[{\"@type\":\"SearchAction\",\"target\":{\"@type\":\"EntryPoint\",\"urlTemplate\":\"https:\/\/talkpal.ai\/mt\/?s={search_term_string}\"},\"query-input\":{\"@type\":\"PropertyValueSpecification\",\"valueRequired\":true,\"valueName\":\"search_term_string\"}}],\"inLanguage\":\"mt-MT\"},{\"@type\":\"Organization\",\"@id\":\"https:\/\/talkpal.ai\/mt\/#organization\",\"name\":\"Talkpal, Inc.\",\"alternateName\":\"Talkpal AI\",\"url\":\"https:\/\/talkpal.ai\/mt\/\",\"logo\":{\"@type\":\"ImageObject\",\"inLanguage\":\"mt-MT\",\"@id\":\"https:\/\/talkpal.ai\/mt\/#\/schema\/logo\/image\/\",\"url\":\"https:\/\/talkpal.ai\/wp-content\/uploads\/2024\/03\/Talkpal-Logo-Icon.png\",\"contentUrl\":\"https:\/\/talkpal.ai\/wp-content\/uploads\/2024\/03\/Talkpal-Logo-Icon.png\",\"width\":2880,\"height\":2880,\"caption\":\"Talkpal, Inc.\"},\"image\":{\"@id\":\"https:\/\/talkpal.ai\/mt\/#\/schema\/logo\/image\/\"},\"sameAs\":[\"https:\/\/www.facebook.com\/profile.php?id=100090733639311\",\"https:\/\/x.com\/talkpalai\",\"https:\/\/www.linkedin.com\/company\/talkpal\/\",\"https:\/\/www.youtube.com\/@TalkPal\/\",\"https:\/\/www.tiktok.com\/@talkpal\",\"https:\/\/www.instagram.com\/talkpal_ai\/\",\"https:\/\/www.crunchbase.com\/organization\/talkpal-9cde\",\"https:\/\/www.g2.com\/products\/talkpal-for-business\/\",\"https:\/\/www.trustpilot.com\/review\/talkpal.ai\",\"https:\/\/www.capterra.com\/p\/10006800\/TalkPal\/\"],\"description\":\"Talkpal is a language learning web and mobile education app, powered by the latest AI technologies, that provides engaging experiences to its customers in many different languages to help them improve their language skills. Users can chat about unlimited amount of topics with the app and use other modes to practice their language learning.\",\"email\":\"support@talkpal.ai\",\"legalName\":\"Talkpal, Inc.\",\"foundingDate\":\"2023-04-03\",\"duns\":\"118989042\",\"numberOfEmployees\":{\"@type\":\"QuantitativeValue\",\"minValue\":\"11\",\"maxValue\":\"50\"},\"publishingPrinciples\":\"https:\/\/talkpal.ai\/publishing-principles\/\",\"actionableFeedbackPolicy\":\"https:\/\/talkpal.ai\/actionable-feedback-policy\/\",\"correctionsPolicy\":\"https:\/\/talkpal.ai\/corrections-policy\/\",\"ethicsPolicy\":\"https:\/\/talkpal.ai\/ethics-policy\/\",\"diversityPolicy\":\"https:\/\/talkpal.ai\/diversity-policy\/\",\"diversityStaffingReport\":\"https:\/\/talkpal.ai\/diversity-policy\/\"}]}<\/script>\n<!-- \/ Yoast SEO Premium plugin. -->","yoast_head_json":{"title":"Grammatika Indone\u017cjana - Talkpal","description":"Tg\u0127allem il-grammatika Indone\u017cjana b'mod fa\u010bli bl-app AI ta' tag\u0127lim tal-lingwi ta' Talkpal. Ikkomunika b'kunfidenza billi tu\u017ca l-gwida m\u0127addma mill-AI ta 'TalkPal.","robots":{"index":"index","follow":"follow","max-snippet":"max-snippet:-1","max-image-preview":"max-image-preview:large","max-video-preview":"max-video-preview:-1"},"canonical":"https:\/\/talkpal.ai\/mt\/grammatika-indonezjana\/","og_locale":"mt_MT","og_type":"article","og_title":"Grammatika Indone\u017cjana","og_description":"L-G\u0127e\u0121ubijiet tal-Grammatika Indone\u017cjana: Gwida g\u0127all-Istudenti tal-Lingwa Grammatika Indone\u017cjana \u2013 sempli\u010bi i\u017cda eleganti, akkoljenti i\u017cda impenjattiva,","og_url":"https:\/\/talkpal.ai\/mt\/grammatika-indonezjana\/","og_site_name":"Talkpal","article_publisher":"https:\/\/www.facebook.com\/profile.php?id=100090733639311","article_modified_time":"2025-12-13T15:42:33+00:00","og_image":[{"width":512,"height":512,"url":"https:\/\/talkpal.ai\/wp-content\/uploads\/2023\/05\/indonesia.png","type":"image\/png"}],"twitter_card":"summary_large_image","twitter_site":"@talkpalai","twitter_misc":{"Est. reading time":"3 minutes"},"schema":{"@context":"https:\/\/schema.org","@graph":[{"@type":"WebPage","@id":"https:\/\/talkpal.ai\/mt\/grammatika-indonezjana\/","url":"https:\/\/talkpal.ai\/mt\/grammatika-indonezjana\/","name":"Grammatika Indone\u017cjana - Talkpal","isPartOf":{"@id":"https:\/\/talkpal.ai\/mt\/#website"},"primaryImageOfPage":{"@id":"https:\/\/talkpal.ai\/mt\/grammatika-indonezjana\/#primaryimage"},"image":{"@id":"https:\/\/talkpal.ai\/mt\/grammatika-indonezjana\/#primaryimage"},"thumbnailUrl":"https:\/\/talkpal.ai\/wp-content\/uploads\/2023\/05\/indonesia.png","datePublished":"2023-05-14T14:09:29+00:00","dateModified":"2025-12-13T15:42:33+00:00","description":"Tg\u0127allem il-grammatika Indone\u017cjana b'mod fa\u010bli bl-app AI ta' tag\u0127lim tal-lingwi ta' Talkpal. Ikkomunika b'kunfidenza billi tu\u017ca l-gwida m\u0127addma mill-AI ta 'TalkPal.","breadcrumb":{"@id":"https:\/\/talkpal.ai\/mt\/grammatika-indonezjana\/#breadcrumb"},"inLanguage":"mt-MT","potentialAction":[{"@type":"ReadAction","target":["https:\/\/talkpal.ai\/mt\/grammatika-indonezjana\/"]}]},{"@type":"ImageObject","inLanguage":"mt-MT","@id":"https:\/\/talkpal.ai\/mt\/grammatika-indonezjana\/#primaryimage","url":"https:\/\/talkpal.ai\/wp-content\/uploads\/2023\/05\/indonesia.png","contentUrl":"https:\/\/talkpal.ai\/wp-content\/uploads\/2023\/05\/indonesia.png","width":512,"height":512,"caption":"TalkPal Indonesia Flag"},{"@type":"BreadcrumbList","@id":"https:\/\/talkpal.ai\/mt\/grammatika-indonezjana\/#breadcrumb","itemListElement":[{"@type":"ListItem","position":1,"name":"Homepage","item":"https:\/\/talkpal.ai\/mt\/"},{"@type":"ListItem","position":2,"name":"Grammatika Indone\u017cjana"}]},{"@type":"WebSite","@id":"https:\/\/talkpal.ai\/mt\/#website","url":"https:\/\/talkpal.ai\/mt\/","name":"Talkpal","description":"AI Language Learning","publisher":{"@id":"https:\/\/talkpal.ai\/mt\/#organization"},"alternateName":"Talkpal AI","potentialAction":[{"@type":"SearchAction","target":{"@type":"EntryPoint","urlTemplate":"https:\/\/talkpal.ai\/mt\/?s={search_term_string}"},"query-input":{"@type":"PropertyValueSpecification","valueRequired":true,"valueName":"search_term_string"}}],"inLanguage":"mt-MT"},{"@type":"Organization","@id":"https:\/\/talkpal.ai\/mt\/#organization","name":"Talkpal, Inc.","alternateName":"Talkpal AI","url":"https:\/\/talkpal.ai\/mt\/","logo":{"@type":"ImageObject","inLanguage":"mt-MT","@id":"https:\/\/talkpal.ai\/mt\/#\/schema\/logo\/image\/","url":"https:\/\/talkpal.ai\/wp-content\/uploads\/2024\/03\/Talkpal-Logo-Icon.png","contentUrl":"https:\/\/talkpal.ai\/wp-content\/uploads\/2024\/03\/Talkpal-Logo-Icon.png","width":2880,"height":2880,"caption":"Talkpal, Inc."},"image":{"@id":"https:\/\/talkpal.ai\/mt\/#\/schema\/logo\/image\/"},"sameAs":["https:\/\/www.facebook.com\/profile.php?id=100090733639311","https:\/\/x.com\/talkpalai","https:\/\/www.linkedin.com\/company\/talkpal\/","https:\/\/www.youtube.com\/@TalkPal\/","https:\/\/www.tiktok.com\/@talkpal","https:\/\/www.instagram.com\/talkpal_ai\/","https:\/\/www.crunchbase.com\/organization\/talkpal-9cde","https:\/\/www.g2.com\/products\/talkpal-for-business\/","https:\/\/www.trustpilot.com\/review\/talkpal.ai","https:\/\/www.capterra.com\/p\/10006800\/TalkPal\/"],"description":"Talkpal is a language learning web and mobile education app, powered by the latest AI technologies, that provides engaging experiences to its customers in many different languages to help them improve their language skills. Users can chat about unlimited amount of topics with the app and use other modes to practice their language learning.","email":"support@talkpal.ai","legalName":"Talkpal, Inc.","foundingDate":"2023-04-03","duns":"118989042","numberOfEmployees":{"@type":"QuantitativeValue","minValue":"11","maxValue":"50"},"publishingPrinciples":"https:\/\/talkpal.ai\/publishing-principles\/","actionableFeedbackPolicy":"https:\/\/talkpal.ai\/actionable-feedback-policy\/","correctionsPolicy":"https:\/\/talkpal.ai\/corrections-policy\/","ethicsPolicy":"https:\/\/talkpal.ai\/ethics-policy\/","diversityPolicy":"https:\/\/talkpal.ai\/diversity-policy\/","diversityStaffingReport":"https:\/\/talkpal.ai\/diversity-policy\/"}]}},"_links":{"self":[{"href":"https:\/\/talkpal.ai\/mt\/wp-json\/wp\/v2\/pages\/1443583","targetHints":{"allow":["GET"]}}],"collection":[{"href":"https:\/\/talkpal.ai\/mt\/wp-json\/wp\/v2\/pages"}],"about":[{"href":"https:\/\/talkpal.ai\/mt\/wp-json\/wp\/v2\/types\/page"}],"author":[{"embeddable":true,"href":"https:\/\/talkpal.ai\/mt\/wp-json\/wp\/v2\/users\/1"}],"replies":[{"embeddable":true,"href":"https:\/\/talkpal.ai\/mt\/wp-json\/wp\/v2\/comments?post=1443583"}],"version-history":[{"count":0,"href":"https:\/\/talkpal.ai\/mt\/wp-json\/wp\/v2\/pages\/1443583\/revisions"}],"wp:featuredmedia":[{"embeddable":true,"href":"https:\/\/talkpal.ai\/mt\/wp-json\/wp\/v2\/media\/1443584"}],"wp:attachment":[{"href":"https:\/\/talkpal.ai\/mt\/wp-json\/wp\/v2\/media?parent=1443583"}],"curies":[{"name":"wp","href":"https:\/\/api.w.org\/{rel}","templated":true}]}}