{"id":1443577,"date":"2023-05-14T14:10:24","date_gmt":"2023-05-14T14:10:24","guid":{"rendered":"https:\/\/talkpal.ai\/grammatika-latvjana\/"},"modified":"2025-12-17T17:11:38","modified_gmt":"2025-12-17T17:11:38","slug":"grammatika-latvjana","status":"publish","type":"page","link":"https:\/\/talkpal.ai\/mt\/grammatika-latvjana\/","title":{"rendered":"Grammatika Latvjana"},"content":{"rendered":"\r\n\r\n\r\n<section class=\"languageChallengeSection\">\r\n    <div class=\"languageInfoWrapper\">\r\n        \r\n        <h1>Grammatika Latvjana<\/h1>\r\n        <p>Esplora d-dinja unika tal-grammatika Latvjana u tifta\u0127 is-sbu\u0127ija ta &#039;wa\u0127da mill-aktar lingwi vibranti tar-re\u0121jun Baltiku. Billi tifhem l-istruttura u r-regoli tag\u0127ha, int ser tag\u0127ti spinta lill-kunfidenza u l-\u0127iliet ta &#039;komunikazzjoni tieg\u0127ek. Ibda titg\u0127allem il-grammatika Latvjana llum u \u0127u l-ewwel pass tieg\u0127ek lejn il-\u0127effa!\n\n<\/p>\r\n\r\n                            <a class=\"getStartedHidden\" href=\"https:\/\/app.talkpal.ai\/signup?lng=\">Ibda<\/a>\r\n        \r\n    <\/div>\r\n\r\n    <figure>\r\n    <img decoding=\"async\" width=\"768\" height=\"768\" src=\"https:\/\/talkpal.ai\/wp-content\/uploads\/2023\/06\/latvian-768x768.png\" class=\"languageImage no-lazy\" alt=\"Language learning to access more cultures\" fetchpriority=\"high\" sizes=\"(max-width: 768px) 150px, 768px\" srcset=\"https:\/\/talkpal.ai\/wp-content\/uploads\/2023\/06\/latvian-768x768.png 768w, https:\/\/talkpal.ai\/wp-content\/uploads\/2023\/06\/latvian-300x300.png 300w\" \/>\r\n    \r\n\r\n    <\/figure>\r\n\r\n            <a class=\"getStartedVisible\" href=\"https:\/\/app.talkpal.ai\/signup?lng=\">Ibda<\/a>\r\n    \r\n<\/section>\r\n<section class=\"promotionalBanner\">\r\n    <p class=\"promotionalText\">L-aktar mod effi\u010bjenti biex titg\u0127allem lingwa<\/p>\r\n    <a class=\"promotionalLink\" href=\"https:\/\/app.talkpal.ai\/signup?lng=\">Ipprova Talkpal b&#8217;xejn<\/a>\r\n<\/section>\n<div class=\"wp-block-group pageContainerStyle\"><div class=\"wp-block-group__inner-container is-layout-constrained wp-block-group-is-layout-constrained\">\n<h2 class=\"wp-block-heading\" id=\"h-the-ultimate-guide-to-latvian-grammar-navigating-the-intricacies-of-a-unique-language\">Il-Gwida A\u0127\u0127arija g\u0127all-Grammatika Latvjana: Navigazzjoni fil-Kumplessitajiet ta &#8216;Lingwa Unika<\/h2>\n\n\n\n<p>Il-grammatika Latvjana, b\u0127all-lingwa nnifisha, tippre\u017centa tapizzerija rikka u affaxxinanti ta&#8217; elementi lingwisti\u010bi. B\u0127ala lingwa Baltika, il-Latvjan enthralls lill-istudenti bil-karatteristi\u010bi diversi tag\u0127ha u jisfida anke l-kelliema l-aktar profi\u010bjenti. F&#8217;din il-gwida, a\u0127na ser nesploraw il-prin\u010bipji ewlenin tal-grammatika Latvjana, niddemistifikaw il-kumplessitajiet tag\u0127ha, u nappo\u0121\u0121jawk fil-vja\u0121\u0121 tieg\u0127ek biex issir fluwenti f&#8217;din il-lingwa captivating. Ejja nibdew!<\/p>\n\n\n\n<h3 class=\"wp-block-heading\" id=\"h-the-nuts-and-bolts-latvian-sentence-structure\">Il-\u0120ew\u017c u l-Boltijiet: L-Istruttura tas-Sentenza Latvjana<\/h3>\n\n\n\n<p>Fil-qalba tag\u0127ha, il-grammatika Latvjana hija pjuttost sempli\u010bi. Il-lingwa \u0121eneralment issegwi l-istruttura tas-sentenza Subject-Verb-Object (SVO), simili g\u0127all-<a href=\"https:\/\/talkpal.ai\/learn-english-with-ai\/\">Ingli\u017c<\/a> u \u0127afna lingwi o\u0127ra. Pere\u017cempju, is-sentenza &#8220;Jiena niekol tuffie\u0127&#8221; tittradu\u010bi g\u0127al &#8220;Es \u0113du \u0101bolu&#8221; (Es \u0113du \u0101bolu). Sempli\u010bi, hux? Madankollu, hekk kif in\u0127affru aktar fil-fond, tiltaqa &#8216;ma&#8217; xi karatteristi\u010bi intriganti u distintivi tal-grammatika Latvjana.<\/p>\n\n\n\n<h3 class=\"wp-block-heading\" id=\"h-meet-the-family-latvian-nouns-and-their-cases\">Iltaqa &#8216;mal-Familja: Nomi Latvjani u l-Ka\u017cijiet tag\u0127hom<\/h3>\n\n\n\n<p>Wa\u0127da mill-aktar karatteristi\u010bi perplexing tal-grammatika Latvjana g\u0127all-kelliema Ingli\u017ci hija l-kun\u010bett ta&#8217; ka\u017cijiet grammatikali. Fil-Latvjan, hemm seba&#8217; ka\u017cijiet: nominativ, \u0121enittiv, dattiv, akku\u017cattiv, lokattiv, strumentali, u vokattiv. Kull ka\u017c g\u0127andu l-funzjoni tieg\u0127u stess u j\u0127alli impatt fuq il-forma ta &#8216;nomi, a\u0121\u0121ettivi, pronomi, u xi kultant anke verbi.<\/p>\n\n\n\n<p>Pere\u017cempju, ejja nie\u0127du l-kelma &#8220;\u0101bols&#8221; (\u0101bols) li tfisser &#8220;tuffie\u0127&#8221;:<\/p>\n\n\n\n<p><strong>\u2013 Ka\u017c nominativ (u\u017cat g\u0127as-su\u0121\u0121etti): \u0101bols<\/strong><\/p>\n\n\n\n<p><strong>\u2013 Ka\u017c \u0121enittiv (u\u017cat g\u0127all-pussess): \u0101bola<\/strong><\/p>\n\n\n\n<p><strong>\u2013 Ka\u017c dattiv (u\u017cat g\u0127al o\u0121\u0121etti indiretti): \u0101bolam<\/strong><\/p>\n\n\n\n<p><strong>\u2013 Ka\u017c akku\u017cat (u\u017cat g\u0127al o\u0121\u0121etti diretti): \u0101bolu<\/strong><\/p>\n\n\n\n<p><strong>\u2013 Ka\u017c lokalizzat (u\u017cat g\u0127all-post): \u0101bol\u0101<\/strong><\/p>\n\n\n\n<p><strong>\u2013 Ka\u017c strumentali (u\u017cat g\u0127all-mezz li bih titwettaq azzjoni): \u0101bolu\/-iem<\/strong><\/p>\n\n\n\n<p><strong>\u2013 Ka\u017c vokattiv (u\u017cat biex tindirizza lil xi \u0127add jew xi \u0127a\u0121a): \u0101bol<\/strong><\/p>\n\n\n\n<p>Huwa importanti li tiffamiljarizza ru\u0127ek ma &#8216;dawn il-ka\u017cijiet, peress li jistg\u0127u jbiddlu b&#8217;mod drammatiku t-tifsira tas-sentenzi tieg\u0127ek.<\/p>\n\n\n\n<h3 class=\"wp-block-heading\" id=\"h-playing-with-numbers-latvian-plurals-and-genders\">Playing with Numbers: Latvian Plurals and Genders<\/h3>\n\n\n\n<p>Meta tifforma l-plural bil-Latvjan, huwa essenzjali li \u017c\u017comm f&#8217;mo\u0127\u0127ok il-\u0121eneru tan-nom. Fil-Latvjan, in-nomi g\u0127andhom \u017cew\u0121 \u0121eneri \u2013 maskili u femminili. Il-\u0121eneru jaffettwa t-truf tan-nomi, a\u0121\u0121ettivi, numri, u \u010berti forom tal-verb.<\/p>\n\n\n\n<p>B&#8217;mod \u0121enerali, in-nomi maskili fil-ka\u017c nominativ plural jispi\u010b\u010baw f&#8217;-i, filwaqt li n-nomi femminili jispi\u010b\u010baw f&#8217;-as. Pere\u017cempju, &#8220;zirgs&#8221; (zirgs, nom maskili li jfisser &#8220;\u017ciemel&#8221;) isir &#8220;zirgi&#8221; (zirgi, \u017cwiemel), u &#8220;sieviete&#8221; (sieviete, nom femminili li jfisser &#8220;mara&#8221;) isir &#8220;sievietes&#8221; (sievietes, nisa).<\/p>\n\n\n\n<p>Naturalment, je\u017cistu xi e\u010b\u010bezzjonijiet, u huwa g\u0127alhekk li huwa essenzjali li jitg\u0127allmu nomi flimkien mal-\u0121eneri tag\u0127hom u jkunu konxji ta &#8216;kwalunkwe plural irregolari.<\/p>\n\n\n\n<h3 class=\"wp-block-heading\" id=\"h-the-art-of-conjugation-latvian-verbs\">L-Arti tal-Konjugazzjoni: Verbi Latvjani<\/h3>\n\n\n\n<p>Il-verbi Latvjani jistg\u0127u inizjalment jidhru skora\u0121\u0121anti min\u0127abba t-tempi, il-burdati u l-konjugazzjonijiet numeru\u017ci tag\u0127hom. Madankollu, i\u010b-\u010bavetta biex tifhimhom hija li tirrikonoxxi mudelli komuni u tipprattika regolarment.<\/p>\n\n\n\n<p>Fil-Latvjan, il-verbi huma maqsuma fi tliet gruppi bba\u017cati fuq it-truf infinittivi tag\u0127hom, -t, -rabtiet, u -rabtiet\/-t. Kull grupp g\u0127andu regoli spe\u010bifi\u010bi ta &#8216;konjugazzjoni. Ejja nie\u0127du l-verb &#8220;las\u012bt&#8221; (las\u012bt, &#8220;biex taqra&#8221;) b\u0127ala e\u017cempju:<\/p>\n\n\n\n<p><strong>Pre\u017centi: Es lasu (Es lasu, &#8220;Naqra&#8221;)<\/strong><\/p>\n\n\n\n<p><strong>Passat: Es las\u012bju (Es las\u012bju, &#8220;naqra&#8221;)<\/strong><\/p>\n\n\n\n<p><strong>\u017bmien futur: Es las\u012b\u0161u (Es las\u012b\u0161u, &#8220;se naqra&#8221;)<\/strong><\/p>\n\n\n\n<p>Kif tistg\u0127u taraw, it-truf jinbidlu skont it-temp. U dan lanqas biss jo\u0127ro\u0121 il-wi\u010b\u010b tal-konjugazzjoni tal-verb <a href=\"https:\/\/talkpal.ai\/learn-latvian\/\">Latvjan<\/a>! Madankollu, t\u0127allihiex tiskora\u0121\u0121ik. Bil-prattika u l-pa\u010benzja, tibda tirrikonoxxi l-mudelli u tirba\u0127 din l-isfida.<\/p>\n\n\n\n<h3 class=\"wp-block-heading\" id=\"h-the-finishing-touches-latvian-adjectives-adverbs-and-more\">L-A\u0127\u0127ar Touches: A\u0121\u0121ettivi Latvjani, Adverbji, u Aktar<\/h3>\n\n\n\n<p>Meta ni\u0121u g\u0127all-a\u0121\u0121ettivi u l-avverbji Latvjani, dawn g\u0127andhom rwol kritiku biex i\u017cidu l-fond u l-kumplessit\u00e0 tad-diskors tieg\u0127ek. L-a\u0121\u0121ettivi g\u0127andhom jaqblu man-nomi li jimmodifikaw f&#8217;termini ta &#8216;\u0121eneru u ka\u017c, bi truf li jvarjaw kif xieraq.<\/p>\n\n\n\n<p>Pere\u017cempju, &#8220;gar\u0161\u012bgs&#8221; (gar\u0161\u012bgs) tfisser &#8220;Delicious,&#8221; u tista &#8216;tarah b\u0127ala &#8220;gar\u0161\u012bgs \u0101bols&#8221; (gar\u0161\u012bgs \u0101bols, &#8220;tuffie\u0127 Delicious&#8221;) jew &#8220;gar\u0161\u012bga zupa&#8221; (gar\u0161\u012bga zupa, &#8220;soppa Delicious&#8221;), bi truf differenti g\u0127al nomi maskili u femminili.<\/p>\n\n\n\n<p>L-avverbji normalment isegwu mudelli simili, \u0127afna drabi derivati minn a\u0121\u0121ettivi. Fil-Latvjan, il-ma\u0121\u0121oranza tal-avverbji jispi\u010b\u010baw f&#8217;-i, li hija l-istess forma b\u0127all-akku\u017cat singular maskili g\u0127all-a\u0121\u0121ettivi.<\/p>\n\n\n\n<p>B\u0127ala konklu\u017cjoni, il-kumplessitajiet u l-partikolaritajiet tal-grammatika Latvjana, filwaqt li huma ta&#8217; sfida, jag\u0127tu lill-lingwa s-sbu\u0127ija u l-karattru captivating tag\u0127ha. B&#8217;ta\u0127lita ta &#8216;persistenza, kur\u017cit\u00e0, u applikazzjoni prattika, dalwaqt tinnaviga l-grammatika Latvjana b&#8217;fa\u010bilit\u00e0 u kunfidenza. Tag\u0127lim kuntent!<\/p>\n<\/div><\/div>\n\r\n<section class=\"learnNavigationSection\">\r\n            \r\n        <a href=\"https:\/\/talkpal.ai\/mt\/tghallem-il-latvjan\/\">\r\n            <div class=\"learnNavigationWrapper\">\r\n                <div class=\"learnNavigationContent\">\r\n                    <img decoding=\"async\" src=\"https:\/\/talkpal.ai\/wp-content\/uploads\/2024\/08\/Latvian.jpg\" alt=\"Latvian Flag\">\r\n                    <div>\r\n                        <h4>Dwar it-Tag\u0127lim tal-Latvja<\/h4>\r\n                        <p>Sir af kollox dwar il-grammatika Latvjana.<\/p>\r\n                    <\/div>\r\n                <\/div>\r\n            <\/div>\r\n        <\/a>\r\n\r\n        \r\n        <a href=\"https:\/\/talkpal.ai\/mt\/ezercizzji-grammatikali-latvjani\/\">\r\n            <div class=\"learnNavigationWrapper\">\r\n                <div class=\"learnNavigationContent\">\r\n                    <img decoding=\"async\" src=\"https:\/\/talkpal.ai\/wp-content\/uploads\/2024\/08\/Latvian.jpg\" alt=\"Latvian Flag\">\r\n                    <div>\r\n                        <h4>E\u017cer\u010bizzju tal-Grammatika Latvjana<\/h4>\r\n                        <p>Ipprattika l-grammatika Latvjana.<\/p>\r\n                    <\/div>\r\n                <\/div>\r\n            <\/div>\r\n        <\/a>\r\n\r\n        \r\n        <a href=\"https:\/\/talkpal.ai\/vocabulary_language\/latvian\/\">\r\n            <div class=\"learnNavigationWrapper\">\r\n                <div class=\"learnNavigationContent\">\r\n                    <img decoding=\"async\" src=\"https:\/\/talkpal.ai\/wp-content\/uploads\/2024\/08\/Latvian.jpg\" alt=\"Latvian Flag\">\r\n                    <div>\r\n                        <h4>Vokabularju Latvjan<\/h4>\r\n                        <p>Espandi l-vokabularju Latvjan tieg\u0127ek.<\/p>\r\n                    <\/div>\r\n                <\/div>\r\n            <\/div>\r\n        <\/a>\r\n\r\n            <\/section>","protected":false},"excerpt":{"rendered":"<p>Il-Gwida A\u0127\u0127arija g\u0127all-Grammatika Latvjana: Navigazzjoni fil-Kumplessitajiet ta &#8216;Lingwa Unika Il-grammatika Latvjana, b\u0127all-lingwa nnifisha, tippre\u017centa tapizzerija rikka u affaxxinanti ta&#8217; elementi lingwisti\u010bi. B\u0127ala lingwa Baltika, il-Latvjan enthralls lill-istudenti bil-karatteristi\u010bi diversi tag\u0127ha u jisfida anke l-kelliema l-aktar profi\u010bjenti. F&#8217;din il-gwida, a\u0127na ser nesploraw il-prin\u010bipji ewlenin tal-grammatika Latvjana, niddemistifikaw il-kumplessitajiet tag\u0127ha, u nappo\u0121\u0121jawk fil-vja\u0121\u0121 tieg\u0127ek biex issir fluwenti [&hellip;]<\/p>\n","protected":false},"author":1,"featured_media":1443579,"parent":0,"menu_order":0,"comment_status":"closed","ping_status":"closed","template":"LearningContentPage.php","meta":{"_acf_changed":false,"footnotes":""},"class_list":["post-1443577","page","type-page","status-publish","has-post-thumbnail","hentry"],"acf":[],"yoast_head":"<!-- This site is optimized with the Yoast SEO Premium plugin v27.2 (Yoast SEO v27.2) - https:\/\/yoast.com\/product\/yoast-seo-premium-wordpress\/ -->\n<title>Grammatika Latvjana - Talkpal<\/title>\n<meta name=\"description\" content=\"Kaptan il-grammatika Latvjana b&#039;kunfidenza - tg\u0127allem ir-regoli, ipprattika l-u\u017cu, u tag\u0127ti spinta lill-pre\u010bi\u017cjoni tal-lingwa fa\u010bilment bil-gwida personalizzata tal-AI ta &#039;TalkPal.\" \/>\n<meta name=\"robots\" content=\"index, follow, max-snippet:-1, max-image-preview:large, max-video-preview:-1\" \/>\n<link rel=\"canonical\" href=\"https:\/\/talkpal.ai\/mt\/grammatika-latvjana\/\" \/>\n<meta property=\"og:locale\" content=\"mt_MT\" \/>\n<meta property=\"og:type\" content=\"article\" \/>\n<meta property=\"og:title\" content=\"Grammatika Latvjana\" \/>\n<meta property=\"og:description\" content=\"Il-Gwida A\u0127\u0127arija g\u0127all-Grammatika Latvjana: Navigazzjoni fil-Kumplessitajiet ta &#039;Lingwa Unika Il-grammatika Latvjana, b\u0127all-lingwa nnifisha, tippre\u017centa\" \/>\n<meta property=\"og:url\" content=\"https:\/\/talkpal.ai\/mt\/grammatika-latvjana\/\" \/>\n<meta property=\"og:site_name\" content=\"Talkpal\" \/>\n<meta property=\"article:publisher\" content=\"https:\/\/www.facebook.com\/profile.php?id=100090733639311\" \/>\n<meta property=\"article:modified_time\" content=\"2025-12-17T17:11:38+00:00\" \/>\n<meta property=\"og:image\" content=\"https:\/\/talkpal.ai\/wp-content\/uploads\/2023\/05\/latvia.png\" \/>\n\t<meta property=\"og:image:width\" content=\"512\" \/>\n\t<meta property=\"og:image:height\" content=\"512\" \/>\n\t<meta property=\"og:image:type\" content=\"image\/png\" \/>\n<meta name=\"twitter:card\" content=\"summary_large_image\" \/>\n<meta name=\"twitter:site\" content=\"@talkpalai\" \/>\n<meta name=\"twitter:label1\" content=\"Est. reading time\" \/>\n\t<meta name=\"twitter:data1\" content=\"4 minutes\" \/>\n<script type=\"application\/ld+json\" class=\"yoast-schema-graph\">{\"@context\":\"https:\/\/schema.org\",\"@graph\":[{\"@type\":\"WebPage\",\"@id\":\"https:\/\/talkpal.ai\/mt\/grammatika-latvjana\/\",\"url\":\"https:\/\/talkpal.ai\/mt\/grammatika-latvjana\/\",\"name\":\"Grammatika Latvjana - Talkpal\",\"isPartOf\":{\"@id\":\"https:\/\/talkpal.ai\/mt\/#website\"},\"primaryImageOfPage\":{\"@id\":\"https:\/\/talkpal.ai\/mt\/grammatika-latvjana\/#primaryimage\"},\"image\":{\"@id\":\"https:\/\/talkpal.ai\/mt\/grammatika-latvjana\/#primaryimage\"},\"thumbnailUrl\":\"https:\/\/talkpal.ai\/wp-content\/uploads\/2023\/05\/latvia.png\",\"datePublished\":\"2023-05-14T14:10:24+00:00\",\"dateModified\":\"2025-12-17T17:11:38+00:00\",\"description\":\"Kaptan il-grammatika Latvjana b'kunfidenza - tg\u0127allem ir-regoli, ipprattika l-u\u017cu, u tag\u0127ti spinta lill-pre\u010bi\u017cjoni tal-lingwa fa\u010bilment bil-gwida personalizzata tal-AI ta 'TalkPal.\",\"breadcrumb\":{\"@id\":\"https:\/\/talkpal.ai\/mt\/grammatika-latvjana\/#breadcrumb\"},\"inLanguage\":\"mt-MT\",\"potentialAction\":[{\"@type\":\"ReadAction\",\"target\":[\"https:\/\/talkpal.ai\/mt\/grammatika-latvjana\/\"]}]},{\"@type\":\"ImageObject\",\"inLanguage\":\"mt-MT\",\"@id\":\"https:\/\/talkpal.ai\/mt\/grammatika-latvjana\/#primaryimage\",\"url\":\"https:\/\/talkpal.ai\/wp-content\/uploads\/2023\/05\/latvia.png\",\"contentUrl\":\"https:\/\/talkpal.ai\/wp-content\/uploads\/2023\/05\/latvia.png\",\"width\":512,\"height\":512,\"caption\":\"TalkPal Latvia Flag\"},{\"@type\":\"BreadcrumbList\",\"@id\":\"https:\/\/talkpal.ai\/mt\/grammatika-latvjana\/#breadcrumb\",\"itemListElement\":[{\"@type\":\"ListItem\",\"position\":1,\"name\":\"Homepage\",\"item\":\"https:\/\/talkpal.ai\/mt\/\"},{\"@type\":\"ListItem\",\"position\":2,\"name\":\"Grammatika Latvjana\"}]},{\"@type\":\"WebSite\",\"@id\":\"https:\/\/talkpal.ai\/mt\/#website\",\"url\":\"https:\/\/talkpal.ai\/mt\/\",\"name\":\"Talkpal\",\"description\":\"AI Language Learning\",\"publisher\":{\"@id\":\"https:\/\/talkpal.ai\/mt\/#organization\"},\"alternateName\":\"Talkpal AI\",\"potentialAction\":[{\"@type\":\"SearchAction\",\"target\":{\"@type\":\"EntryPoint\",\"urlTemplate\":\"https:\/\/talkpal.ai\/mt\/?s={search_term_string}\"},\"query-input\":{\"@type\":\"PropertyValueSpecification\",\"valueRequired\":true,\"valueName\":\"search_term_string\"}}],\"inLanguage\":\"mt-MT\"},{\"@type\":\"Organization\",\"@id\":\"https:\/\/talkpal.ai\/mt\/#organization\",\"name\":\"Talkpal, Inc.\",\"alternateName\":\"Talkpal AI\",\"url\":\"https:\/\/talkpal.ai\/mt\/\",\"logo\":{\"@type\":\"ImageObject\",\"inLanguage\":\"mt-MT\",\"@id\":\"https:\/\/talkpal.ai\/mt\/#\/schema\/logo\/image\/\",\"url\":\"https:\/\/talkpal.ai\/wp-content\/uploads\/2024\/03\/Talkpal-Logo-Icon.png\",\"contentUrl\":\"https:\/\/talkpal.ai\/wp-content\/uploads\/2024\/03\/Talkpal-Logo-Icon.png\",\"width\":2880,\"height\":2880,\"caption\":\"Talkpal, Inc.\"},\"image\":{\"@id\":\"https:\/\/talkpal.ai\/mt\/#\/schema\/logo\/image\/\"},\"sameAs\":[\"https:\/\/www.facebook.com\/profile.php?id=100090733639311\",\"https:\/\/x.com\/talkpalai\",\"https:\/\/www.linkedin.com\/company\/talkpal\/\",\"https:\/\/www.youtube.com\/@TalkPal\/\",\"https:\/\/www.tiktok.com\/@talkpal\",\"https:\/\/www.instagram.com\/talkpal_ai\/\",\"https:\/\/www.crunchbase.com\/organization\/talkpal-9cde\",\"https:\/\/www.g2.com\/products\/talkpal-for-business\/\",\"https:\/\/www.trustpilot.com\/review\/talkpal.ai\",\"https:\/\/www.capterra.com\/p\/10006800\/TalkPal\/\"],\"description\":\"Talkpal is a language learning web and mobile education app, powered by the latest AI technologies, that provides engaging experiences to its customers in many different languages to help them improve their language skills. Users can chat about unlimited amount of topics with the app and use other modes to practice their language learning.\",\"email\":\"support@talkpal.ai\",\"legalName\":\"Talkpal, Inc.\",\"foundingDate\":\"2023-04-03\",\"duns\":\"118989042\",\"numberOfEmployees\":{\"@type\":\"QuantitativeValue\",\"minValue\":\"11\",\"maxValue\":\"50\"},\"publishingPrinciples\":\"https:\/\/talkpal.ai\/publishing-principles\/\",\"actionableFeedbackPolicy\":\"https:\/\/talkpal.ai\/actionable-feedback-policy\/\",\"correctionsPolicy\":\"https:\/\/talkpal.ai\/corrections-policy\/\",\"ethicsPolicy\":\"https:\/\/talkpal.ai\/ethics-policy\/\",\"diversityPolicy\":\"https:\/\/talkpal.ai\/diversity-policy\/\",\"diversityStaffingReport\":\"https:\/\/talkpal.ai\/diversity-policy\/\"}]}<\/script>\n<!-- \/ Yoast SEO Premium plugin. -->","yoast_head_json":{"title":"Grammatika Latvjana - Talkpal","description":"Kaptan il-grammatika Latvjana b'kunfidenza - tg\u0127allem ir-regoli, ipprattika l-u\u017cu, u tag\u0127ti spinta lill-pre\u010bi\u017cjoni tal-lingwa fa\u010bilment bil-gwida personalizzata tal-AI ta 'TalkPal.","robots":{"index":"index","follow":"follow","max-snippet":"max-snippet:-1","max-image-preview":"max-image-preview:large","max-video-preview":"max-video-preview:-1"},"canonical":"https:\/\/talkpal.ai\/mt\/grammatika-latvjana\/","og_locale":"mt_MT","og_type":"article","og_title":"Grammatika Latvjana","og_description":"Il-Gwida A\u0127\u0127arija g\u0127all-Grammatika Latvjana: Navigazzjoni fil-Kumplessitajiet ta 'Lingwa Unika Il-grammatika Latvjana, b\u0127all-lingwa nnifisha, tippre\u017centa","og_url":"https:\/\/talkpal.ai\/mt\/grammatika-latvjana\/","og_site_name":"Talkpal","article_publisher":"https:\/\/www.facebook.com\/profile.php?id=100090733639311","article_modified_time":"2025-12-17T17:11:38+00:00","og_image":[{"width":512,"height":512,"url":"https:\/\/talkpal.ai\/wp-content\/uploads\/2023\/05\/latvia.png","type":"image\/png"}],"twitter_card":"summary_large_image","twitter_site":"@talkpalai","twitter_misc":{"Est. reading time":"4 minutes"},"schema":{"@context":"https:\/\/schema.org","@graph":[{"@type":"WebPage","@id":"https:\/\/talkpal.ai\/mt\/grammatika-latvjana\/","url":"https:\/\/talkpal.ai\/mt\/grammatika-latvjana\/","name":"Grammatika Latvjana - Talkpal","isPartOf":{"@id":"https:\/\/talkpal.ai\/mt\/#website"},"primaryImageOfPage":{"@id":"https:\/\/talkpal.ai\/mt\/grammatika-latvjana\/#primaryimage"},"image":{"@id":"https:\/\/talkpal.ai\/mt\/grammatika-latvjana\/#primaryimage"},"thumbnailUrl":"https:\/\/talkpal.ai\/wp-content\/uploads\/2023\/05\/latvia.png","datePublished":"2023-05-14T14:10:24+00:00","dateModified":"2025-12-17T17:11:38+00:00","description":"Kaptan il-grammatika Latvjana b'kunfidenza - tg\u0127allem ir-regoli, ipprattika l-u\u017cu, u tag\u0127ti spinta lill-pre\u010bi\u017cjoni tal-lingwa fa\u010bilment bil-gwida personalizzata tal-AI ta 'TalkPal.","breadcrumb":{"@id":"https:\/\/talkpal.ai\/mt\/grammatika-latvjana\/#breadcrumb"},"inLanguage":"mt-MT","potentialAction":[{"@type":"ReadAction","target":["https:\/\/talkpal.ai\/mt\/grammatika-latvjana\/"]}]},{"@type":"ImageObject","inLanguage":"mt-MT","@id":"https:\/\/talkpal.ai\/mt\/grammatika-latvjana\/#primaryimage","url":"https:\/\/talkpal.ai\/wp-content\/uploads\/2023\/05\/latvia.png","contentUrl":"https:\/\/talkpal.ai\/wp-content\/uploads\/2023\/05\/latvia.png","width":512,"height":512,"caption":"TalkPal Latvia Flag"},{"@type":"BreadcrumbList","@id":"https:\/\/talkpal.ai\/mt\/grammatika-latvjana\/#breadcrumb","itemListElement":[{"@type":"ListItem","position":1,"name":"Homepage","item":"https:\/\/talkpal.ai\/mt\/"},{"@type":"ListItem","position":2,"name":"Grammatika Latvjana"}]},{"@type":"WebSite","@id":"https:\/\/talkpal.ai\/mt\/#website","url":"https:\/\/talkpal.ai\/mt\/","name":"Talkpal","description":"AI Language Learning","publisher":{"@id":"https:\/\/talkpal.ai\/mt\/#organization"},"alternateName":"Talkpal AI","potentialAction":[{"@type":"SearchAction","target":{"@type":"EntryPoint","urlTemplate":"https:\/\/talkpal.ai\/mt\/?s={search_term_string}"},"query-input":{"@type":"PropertyValueSpecification","valueRequired":true,"valueName":"search_term_string"}}],"inLanguage":"mt-MT"},{"@type":"Organization","@id":"https:\/\/talkpal.ai\/mt\/#organization","name":"Talkpal, Inc.","alternateName":"Talkpal AI","url":"https:\/\/talkpal.ai\/mt\/","logo":{"@type":"ImageObject","inLanguage":"mt-MT","@id":"https:\/\/talkpal.ai\/mt\/#\/schema\/logo\/image\/","url":"https:\/\/talkpal.ai\/wp-content\/uploads\/2024\/03\/Talkpal-Logo-Icon.png","contentUrl":"https:\/\/talkpal.ai\/wp-content\/uploads\/2024\/03\/Talkpal-Logo-Icon.png","width":2880,"height":2880,"caption":"Talkpal, Inc."},"image":{"@id":"https:\/\/talkpal.ai\/mt\/#\/schema\/logo\/image\/"},"sameAs":["https:\/\/www.facebook.com\/profile.php?id=100090733639311","https:\/\/x.com\/talkpalai","https:\/\/www.linkedin.com\/company\/talkpal\/","https:\/\/www.youtube.com\/@TalkPal\/","https:\/\/www.tiktok.com\/@talkpal","https:\/\/www.instagram.com\/talkpal_ai\/","https:\/\/www.crunchbase.com\/organization\/talkpal-9cde","https:\/\/www.g2.com\/products\/talkpal-for-business\/","https:\/\/www.trustpilot.com\/review\/talkpal.ai","https:\/\/www.capterra.com\/p\/10006800\/TalkPal\/"],"description":"Talkpal is a language learning web and mobile education app, powered by the latest AI technologies, that provides engaging experiences to its customers in many different languages to help them improve their language skills. Users can chat about unlimited amount of topics with the app and use other modes to practice their language learning.","email":"support@talkpal.ai","legalName":"Talkpal, Inc.","foundingDate":"2023-04-03","duns":"118989042","numberOfEmployees":{"@type":"QuantitativeValue","minValue":"11","maxValue":"50"},"publishingPrinciples":"https:\/\/talkpal.ai\/publishing-principles\/","actionableFeedbackPolicy":"https:\/\/talkpal.ai\/actionable-feedback-policy\/","correctionsPolicy":"https:\/\/talkpal.ai\/corrections-policy\/","ethicsPolicy":"https:\/\/talkpal.ai\/ethics-policy\/","diversityPolicy":"https:\/\/talkpal.ai\/diversity-policy\/","diversityStaffingReport":"https:\/\/talkpal.ai\/diversity-policy\/"}]}},"_links":{"self":[{"href":"https:\/\/talkpal.ai\/mt\/wp-json\/wp\/v2\/pages\/1443577","targetHints":{"allow":["GET"]}}],"collection":[{"href":"https:\/\/talkpal.ai\/mt\/wp-json\/wp\/v2\/pages"}],"about":[{"href":"https:\/\/talkpal.ai\/mt\/wp-json\/wp\/v2\/types\/page"}],"author":[{"embeddable":true,"href":"https:\/\/talkpal.ai\/mt\/wp-json\/wp\/v2\/users\/1"}],"replies":[{"embeddable":true,"href":"https:\/\/talkpal.ai\/mt\/wp-json\/wp\/v2\/comments?post=1443577"}],"version-history":[{"count":0,"href":"https:\/\/talkpal.ai\/mt\/wp-json\/wp\/v2\/pages\/1443577\/revisions"}],"wp:featuredmedia":[{"embeddable":true,"href":"https:\/\/talkpal.ai\/mt\/wp-json\/wp\/v2\/media\/1443579"}],"wp:attachment":[{"href":"https:\/\/talkpal.ai\/mt\/wp-json\/wp\/v2\/media?parent=1443577"}],"curies":[{"name":"wp","href":"https:\/\/api.w.org\/{rel}","templated":true}]}}