{"id":1443571,"date":"2023-05-14T14:09:11","date_gmt":"2023-05-14T14:09:11","guid":{"rendered":"https:\/\/talkpal.ai\/grammatika-izlandiza\/"},"modified":"2025-12-12T10:51:33","modified_gmt":"2025-12-12T10:51:33","slug":"grammatika-izlandiza","status":"publish","type":"page","link":"https:\/\/talkpal.ai\/mt\/grammatika-izlandiza\/","title":{"rendered":"Grammatika I\u017clandi\u017ca"},"content":{"rendered":"\r\n\r\n\r\n<section class=\"languageChallengeSection\">\r\n    <div class=\"languageInfoWrapper\">\r\n        \r\n        <h1>Grammatika I\u017clandi\u017ca<\/h1>\r\n        <p>Esplora l-istruttura affaxxinanti tal-Islandi\u017c billi titg\u0127allem ir-regoli fundamentali tal-grammatika tag\u0127ha. Il-\u0127akma tal-grammatika Islandi\u017ca tg\u0127inek tikkomunika b&#039;mod effettiv u tikkonnettja aktar fil-fond mal-kultura u l-istorja unika tal-Islanda. Ibda titg\u0127allem il-<a href=\"https:\/\/talkpal.ai\/icelandic-grammar\/\">grammatika I\u017clandi\u017ca<\/a> llum u \u0127u l-ewwel pass tieg\u0127ek lejn il-\u0127effa!<\/p>\r\n\r\n                            <a class=\"getStartedHidden\" href=\"https:\/\/app.talkpal.ai\/signup?lng=\">Ibda<\/a>\r\n        \r\n    <\/div>\r\n\r\n    <figure>\r\n    <img decoding=\"async\" width=\"768\" height=\"768\" src=\"https:\/\/talkpal.ai\/wp-content\/uploads\/2023\/06\/Icelandic-768x768.png\" class=\"languageImage no-lazy\" alt=\"Language learning for better job opportunities\" fetchpriority=\"high\" sizes=\"(max-width: 768px) 150px, 768px\" srcset=\"https:\/\/talkpal.ai\/wp-content\/uploads\/2023\/06\/Icelandic-768x768.png 768w, https:\/\/talkpal.ai\/wp-content\/uploads\/2023\/06\/Icelandic-300x300.png 300w\" \/>\r\n    \r\n\r\n    <\/figure>\r\n\r\n            <a class=\"getStartedVisible\" href=\"https:\/\/app.talkpal.ai\/signup?lng=\">Ibda<\/a>\r\n    \r\n<\/section>\r\n<section class=\"promotionalBanner\">\r\n    <p class=\"promotionalText\">L-aktar mod effi\u010bjenti biex titg\u0127allem lingwa<\/p>\r\n    <a class=\"promotionalLink\" href=\"https:\/\/app.talkpal.ai\/signup?lng=\">Ipprova Talkpal b&#8217;xejn<\/a>\r\n<\/section>\n<div class=\"wp-block-group pageContainerStyle\"><div class=\"wp-block-group__inner-container is-layout-constrained wp-block-group-is-layout-constrained\">\n<h2 class=\"wp-block-heading\" id=\"h-the-magic-of-icelandic-grammar-unlocking-the-secrets-of-the-viking-tongue\">Il-Ma\u0121ija tal-Grammatika Islandi\u017ca: Unlocking the Secrets of the Viking Tongue<\/h2>\n\n\n\n<h3 class=\"wp-block-heading\" id=\"h-introduction-icelandic-the-land-of-fire-and-ice\">Introduzzjoni: L-Islandi\u017c, l-Art tan-Nar u s-Sil\u0121<\/h3>\n\n\n\n<p>Il-lingwa Islandi\u017ca, mitkellma min-nies tan-nazzjon tal-g\u017cira tal-isturdament tal-Islanda, hija mag\u0127rufa g\u0127all-istorja rikka tag\u0127ha, it-tradizzjoni poetika captivating tag\u0127ha, u l-abbilt\u00e0 e\u010b\u010bezzjonali li tadatta u tevolvi ma\u017c-\u017cminijiet. Descended from <a href=\"https:\/\/talkpal.ai\/culture\/what-is-old-norse-and-how-does-it-relate-to-modern-norwegian\/\">Old Norse<\/a>, <a href=\"https:\/\/talkpal.ai\/learn-icelandic\/\">Icelandic<\/a> has a special charm that enthralls language-lovers and aspiring polyglots. Allura, qabbad i\u010b-\u010binturini tas-sigurt\u00e0 tieg\u0127ek, nies! We&#8217;re about to dive into the beautiful, complex world of <a href=\"https:\/\/talkpal.ai\/grammar\/first-conditional-in-icelandic-grammar\/\">Icelandic grammar<\/a>, unraveling its mysteries and discovering its hidden treasures along the way.<\/p>\n\n\n\n<h3 class=\"wp-block-heading\" id=\"h-1-runic-scripts-to-latin-alphabet-a-story-of-transformation\">1. Skripts Runi\u010bi g\u0127all-Alfabett Latin: Storja ta &#8216;Trasformazzjoni<\/h3>\n\n\n\n<p>L-alfabett <a href=\"https:\/\/talkpal.ai\/learn-icelandic\/\">I\u017clandi\u017c<\/a> huwa avventura fiha nnifisha, li tikkonsisti fi 32 karattru li jori\u0121inaw minn diversi g\u0127eruq stori\u010bi. Filwaqt li huwa primarjament ibba\u017cat fuq l-iskrittura <a href=\"https:\/\/talkpal.ai\/locations\/language-courses-in-latina\/\">Latina<\/a>, l-alfabett i\u017comm xi karattri distintivi mill-iskrittura runika tal-antenati Norse tal-qedem tag\u0127ha. Il-\u0127akma ta &#8216;dawn il-karattri hija l-ewwel ostaklu fit-tag\u0127lim tal-lingwa, i\u017cda bil-prattika, int ser tkun kaptan fl-ebda \u0127in!<\/p>\n\n\n\n<h3 class=\"wp-block-heading\" id=\"h-2-noun-mastery-getting-to-the-roots-of-icelandic-grammar\">2. Noun Mastery: Getting to the Roots of Icelandic Grammar<\/h3>\n\n\n\n<p>Wa\u0127da mill-karatteristi\u010bi ewlenin tal-grammatika Islandi\u017ca hija l-inflessjoni tan-nomi skont is-sess, in-numru, u l-ka\u017c. In-nomi Islandi\u017ci jistg\u0127u jkunu femminili, maskili, jew neutri, u kull sess ji\u0121i bis-sett uniku tieg\u0127u ta &#8216;regoli g\u0127ad-deklinazzjoni. G\u0127alkemm dan jista &#8216;jidher b\u0127ala rollercoaster lingwistiku, il-fehim ta&#8217; dawn il-kumplessitajiet huwa essenzjali biex tifhem il-lingwa kollha kemm hi. L-g\u0127arfien li tikseb se jifta\u0127 dinja ta &#8216;possibbiltajiet biex tesprimi firxa ta&#8217; tifsiriet sottili u kumplessi &#8211; il-glorja vera tal-grammatika Islandi\u017ca!<\/p>\n\n\n\n<h3 class=\"wp-block-heading\" id=\"h-3-the-mighty-verb-icelandic-s-unsung-hero\">3. Il-Verb Mighty: L-Eroj Unsung tal-Islandi\u017c<\/h3>\n\n\n\n<p>B\u0127an-nomi, il-verbi I\u017clandi\u017ci jg\u0127addu minn trasformazzjoni estensiva skont it-temp tag\u0127hom, il-burdata, u l-persuna u n-numru tas-su\u0121\u0121ett. Din is-sistema kkumplikata tista &#8216;tkun skora\u0121\u0121anti g\u0127all-ewwel imma \u017comm mieg\u0127i! Hekk kif titg\u0127allem il-mudelli regolari u l-stramba irregolari, tibda tara kemm tista &#8216;tkun eleganti u versatili l-konjugazzjoni tal-verb I\u017clandi\u017c. Conquering the <a href=\"https:\/\/talkpal.ai\/culture\/what-is-the-difference-between-strong-and-weak-verbs-in-icelandic\/\">Icelandic verbs<\/a> will unlock the power to express thoughts, feelings, and actions with precision and creativity.<\/p>\n\n\n\n<h3 class=\"wp-block-heading\" id=\"h-4-word-order-icelandic-s-flexible-backbone\">4. Ordni tal-Kelma: Is-Sinsla Flessibbli tal-Islandi\u017ca<\/h3>\n\n\n\n<p>B&#8217;kuntrast mar-ri\u0121idit\u00e0 ta&#8217; xi elementi tal-grammatika Islandi\u017ca, il-lingwa toffri flessibilit\u00e0 fl-ordni tal-kliem. Dan ifisser li tista &#8216;tpo\u0121\u0121i s-su\u0121\u0121ett, il-verb, u l-o\u0121\u0121ett f&#8217;diversi arran\u0121amenti sakemm i\u017c\u017comm ftehim fis-sess, in-numru, il-ka\u017cijiet, u aktar &#8211; int ser to\u0127ro\u0121 l-artist fik! L-adattament tas-sentenzi tieg\u0127ek b&#8217;dan il-mod log\u0127ob jista &#8216;jg\u0127in biex to\u0127loq enfasi, sfumaturi, u ton konversazzjonali, u tag\u0127mel id-diskors tieg\u0127ek aktar impenjattiv u pja\u010bevoli.<\/p>\n\n\n\n<h3 class=\"wp-block-heading\" id=\"h-5-embrace-the-culture-discover-the-pulse-of-the-icelandic-language\">5. T\u0127addan il-kultura: Skopri l-polz tal-lingwa Islandi\u017ca<\/h3>\n\n\n\n<p>Il-lingwa Islandi\u017ca ma tistax ti\u0121i divorzjata mill-g\u0127eruq kulturali tag\u0127ha, bir-rabtiet qawwija tag\u0127ha mas-sagas, l-Eddas, u l-istorja unika u l-vi\u017cjoni tad-dinja tan-nazzjon. Biex verament tg\u0127addas lilek innifsek fil-lingwa, t\u0127addan il-kuntest tag\u0127ha b&#8217;qalb s\u0127i\u0127a. Dive into its folklore, devour its literary treasures, and engage with native speakers. Dan l-appro\u010b\u010b huwa kru\u010bjali biex tinkiseb kemm il-profi\u010bjenza lingwistika kif ukoll konnessjoni aktar profonda mal-poplu Islandi\u017c u l-wirt kulturali rikk tieg\u0127u.<\/p>\n\n\n\n<h3 class=\"wp-block-heading\" id=\"h-conclusion-an-icelandic-grammar-journey-worth-taking\">Konklu\u017cjoni: Vja\u0121\u0121 tal-Grammatika I\u017clandi\u017ca ta &#8216;min jie\u0127u<\/h3>\n\n\n\n<p>G\u0127alkemm il-grammatika Islandi\u017ca tista &#8216;tidher b\u0127ala sfida formidabbli, il-premjijiet huma abbundanti g\u0127al dawk li jie\u0127du l-pass. Bil-perseveranza, interess qawwi fil-kultura, u tbexxix \u0121eneru\u017c ta &#8216;kur\u017cit\u00e0, issib ru\u0127ek captivated mill-kumplessitajiet tal-lingwa Islandi\u017ca. Allura, ing\u0127aqad mag\u0127na f&#8217;din l-avventura u skopri l-ma\u0121ija tal-grammatika Islandi\u017ca, pass e\u010b\u010bitanti wie\u0127ed kull darba.<\/p>\n<\/div><\/div>\n\r\n<section class=\"learnNavigationSection\">\r\n            \r\n        <a href=\"https:\/\/talkpal.ai\/mt\/tghallem-l-izlandiz\/\">\r\n            <div class=\"learnNavigationWrapper\">\r\n                <div class=\"learnNavigationContent\">\r\n                    <img decoding=\"async\" src=\"https:\/\/talkpal.ai\/wp-content\/uploads\/2024\/08\/Icelandic.jpg\" alt=\"Iceland Flag\">\r\n                    <div>\r\n                        <h4>Dwar it-Tag\u0127lim I\u017clandi\u017c<\/h4>\r\n                        <p>Sir af kollox dwar il-grammatika Islandi\u017ca.<\/p>\r\n                    <\/div>\r\n                <\/div>\r\n            <\/div>\r\n        <\/a>\r\n\r\n        \r\n        <a href=\"https:\/\/talkpal.ai\/mt\/ezercizzji-tal-grammatika-izlandiza\/\">\r\n            <div class=\"learnNavigationWrapper\">\r\n                <div class=\"learnNavigationContent\">\r\n                    <img decoding=\"async\" src=\"https:\/\/talkpal.ai\/wp-content\/uploads\/2024\/08\/Icelandic.jpg\" alt=\"Iceland Flag\">\r\n                    <div>\r\n                        <h4>E\u017cer\u010bizzju tal-Grammatika I\u017clandi\u017ca<\/h4>\r\n                        <p>Prattika l-grammatika Islandi\u017ca.<\/p>\r\n                    <\/div>\r\n                <\/div>\r\n            <\/div>\r\n        <\/a>\r\n\r\n        \r\n        <a href=\"https:\/\/talkpal.ai\/vocabulary_language\/icelandic\/\">\r\n            <div class=\"learnNavigationWrapper\">\r\n                <div class=\"learnNavigationContent\">\r\n                    <img decoding=\"async\" src=\"https:\/\/talkpal.ai\/wp-content\/uploads\/2024\/08\/Icelandic.jpg\" alt=\"Iceland Flag\">\r\n                    <div>\r\n                        <h4>Vokabularju I\u017clandi\u017c<\/h4>\r\n                        <p>Espandi l-vokabularju Islandi\u017c tieg\u0127ek.<\/p>\r\n                    <\/div>\r\n                <\/div>\r\n            <\/div>\r\n        <\/a>\r\n\r\n            <\/section>","protected":false},"excerpt":{"rendered":"<p>Il-Ma\u0121ija tal-Grammatika Islandi\u017ca: Unlocking the Secrets of the Viking Tongue Introduzzjoni: L-Islandi\u017c, l-Art tan-Nar u s-Sil\u0121 Il-lingwa Islandi\u017ca, mitkellma min-nies tan-nazzjon tal-g\u017cira tal-isturdament tal-Islanda, hija mag\u0127rufa g\u0127all-istorja rikka tag\u0127ha, it-tradizzjoni poetika captivating tag\u0127ha, u l-abbilt\u00e0 e\u010b\u010bezzjonali li tadatta u tevolvi ma\u017c-\u017cminijiet. Descended from Old Norse, Icelandic has a special charm that enthralls language-lovers and aspiring [&hellip;]<\/p>\n","protected":false},"author":1,"featured_media":1443572,"parent":0,"menu_order":0,"comment_status":"closed","ping_status":"closed","template":"LearningContentPage.php","meta":{"_acf_changed":false,"footnotes":""},"class_list":["post-1443571","page","type-page","status-publish","has-post-thumbnail","hentry"],"acf":[],"yoast_head":"<!-- This site is optimized with the Yoast SEO Premium plugin v27.2 (Yoast SEO v27.2) - https:\/\/yoast.com\/product\/yoast-seo-premium-wordpress\/ -->\n<title>Grammatika I\u017clandi\u017ca - Talkpal<\/title>\n<meta name=\"description\" content=\"Tg\u0127allem il-grammatika Islandi\u017ca b&#039;mod \u010bar - tifhem ir-regoli ewlenin tal-grammatika, tifforma sentenzi korretti, u tag\u0127ti spinta lill-kunfidenza malajr billi tu\u017ca l-lezzjonijiet tal-AI ta &#039;TalkPal.\" \/>\n<meta name=\"robots\" content=\"index, follow, max-snippet:-1, max-image-preview:large, max-video-preview:-1\" \/>\n<link rel=\"canonical\" href=\"https:\/\/talkpal.ai\/mt\/grammatika-izlandiza\/\" \/>\n<meta property=\"og:locale\" content=\"mt_MT\" \/>\n<meta property=\"og:type\" content=\"article\" \/>\n<meta property=\"og:title\" content=\"Grammatika I\u017clandi\u017ca\" \/>\n<meta property=\"og:description\" content=\"Il-Ma\u0121ija tal-Grammatika Islandi\u017ca: Unlocking the Secrets of the Viking Tongue Introduzzjoni: L-Islandi\u017c, l-Art tan-Nar u s-Sil\u0121 Il-lingwa Islandi\u017ca,\" \/>\n<meta property=\"og:url\" content=\"https:\/\/talkpal.ai\/mt\/grammatika-izlandiza\/\" \/>\n<meta property=\"og:site_name\" content=\"Talkpal\" \/>\n<meta property=\"article:publisher\" content=\"https:\/\/www.facebook.com\/profile.php?id=100090733639311\" \/>\n<meta property=\"article:modified_time\" content=\"2025-12-12T10:51:33+00:00\" \/>\n<meta property=\"og:image\" content=\"https:\/\/talkpal.ai\/wp-content\/uploads\/2023\/05\/iceland.png\" \/>\n\t<meta property=\"og:image:width\" content=\"512\" \/>\n\t<meta property=\"og:image:height\" content=\"512\" \/>\n\t<meta property=\"og:image:type\" content=\"image\/png\" \/>\n<meta name=\"twitter:card\" content=\"summary_large_image\" \/>\n<meta name=\"twitter:site\" content=\"@talkpalai\" \/>\n<meta name=\"twitter:label1\" content=\"Est. reading time\" \/>\n\t<meta name=\"twitter:data1\" content=\"3 minutes\" \/>\n<script type=\"application\/ld+json\" class=\"yoast-schema-graph\">{\"@context\":\"https:\/\/schema.org\",\"@graph\":[{\"@type\":\"WebPage\",\"@id\":\"https:\/\/talkpal.ai\/mt\/grammatika-izlandiza\/\",\"url\":\"https:\/\/talkpal.ai\/mt\/grammatika-izlandiza\/\",\"name\":\"Grammatika I\u017clandi\u017ca - Talkpal\",\"isPartOf\":{\"@id\":\"https:\/\/talkpal.ai\/mt\/#website\"},\"primaryImageOfPage\":{\"@id\":\"https:\/\/talkpal.ai\/mt\/grammatika-izlandiza\/#primaryimage\"},\"image\":{\"@id\":\"https:\/\/talkpal.ai\/mt\/grammatika-izlandiza\/#primaryimage\"},\"thumbnailUrl\":\"https:\/\/talkpal.ai\/wp-content\/uploads\/2023\/05\/iceland.png\",\"datePublished\":\"2023-05-14T14:09:11+00:00\",\"dateModified\":\"2025-12-12T10:51:33+00:00\",\"description\":\"Tg\u0127allem il-grammatika Islandi\u017ca b'mod \u010bar - tifhem ir-regoli ewlenin tal-grammatika, tifforma sentenzi korretti, u tag\u0127ti spinta lill-kunfidenza malajr billi tu\u017ca l-lezzjonijiet tal-AI ta 'TalkPal.\",\"breadcrumb\":{\"@id\":\"https:\/\/talkpal.ai\/mt\/grammatika-izlandiza\/#breadcrumb\"},\"inLanguage\":\"mt-MT\",\"potentialAction\":[{\"@type\":\"ReadAction\",\"target\":[\"https:\/\/talkpal.ai\/mt\/grammatika-izlandiza\/\"]}]},{\"@type\":\"ImageObject\",\"inLanguage\":\"mt-MT\",\"@id\":\"https:\/\/talkpal.ai\/mt\/grammatika-izlandiza\/#primaryimage\",\"url\":\"https:\/\/talkpal.ai\/wp-content\/uploads\/2023\/05\/iceland.png\",\"contentUrl\":\"https:\/\/talkpal.ai\/wp-content\/uploads\/2023\/05\/iceland.png\",\"width\":512,\"height\":512,\"caption\":\"TalkPal Iceland Flag\"},{\"@type\":\"BreadcrumbList\",\"@id\":\"https:\/\/talkpal.ai\/mt\/grammatika-izlandiza\/#breadcrumb\",\"itemListElement\":[{\"@type\":\"ListItem\",\"position\":1,\"name\":\"Homepage\",\"item\":\"https:\/\/talkpal.ai\/mt\/\"},{\"@type\":\"ListItem\",\"position\":2,\"name\":\"Grammatika I\u017clandi\u017ca\"}]},{\"@type\":\"WebSite\",\"@id\":\"https:\/\/talkpal.ai\/mt\/#website\",\"url\":\"https:\/\/talkpal.ai\/mt\/\",\"name\":\"Talkpal\",\"description\":\"AI Language Learning\",\"publisher\":{\"@id\":\"https:\/\/talkpal.ai\/mt\/#organization\"},\"alternateName\":\"Talkpal AI\",\"potentialAction\":[{\"@type\":\"SearchAction\",\"target\":{\"@type\":\"EntryPoint\",\"urlTemplate\":\"https:\/\/talkpal.ai\/mt\/?s={search_term_string}\"},\"query-input\":{\"@type\":\"PropertyValueSpecification\",\"valueRequired\":true,\"valueName\":\"search_term_string\"}}],\"inLanguage\":\"mt-MT\"},{\"@type\":\"Organization\",\"@id\":\"https:\/\/talkpal.ai\/mt\/#organization\",\"name\":\"Talkpal, Inc.\",\"alternateName\":\"Talkpal AI\",\"url\":\"https:\/\/talkpal.ai\/mt\/\",\"logo\":{\"@type\":\"ImageObject\",\"inLanguage\":\"mt-MT\",\"@id\":\"https:\/\/talkpal.ai\/mt\/#\/schema\/logo\/image\/\",\"url\":\"https:\/\/talkpal.ai\/wp-content\/uploads\/2024\/03\/Talkpal-Logo-Icon.png\",\"contentUrl\":\"https:\/\/talkpal.ai\/wp-content\/uploads\/2024\/03\/Talkpal-Logo-Icon.png\",\"width\":2880,\"height\":2880,\"caption\":\"Talkpal, Inc.\"},\"image\":{\"@id\":\"https:\/\/talkpal.ai\/mt\/#\/schema\/logo\/image\/\"},\"sameAs\":[\"https:\/\/www.facebook.com\/profile.php?id=100090733639311\",\"https:\/\/x.com\/talkpalai\",\"https:\/\/www.linkedin.com\/company\/talkpal\/\",\"https:\/\/www.youtube.com\/@TalkPal\/\",\"https:\/\/www.tiktok.com\/@talkpal\",\"https:\/\/www.instagram.com\/talkpal_ai\/\",\"https:\/\/www.crunchbase.com\/organization\/talkpal-9cde\",\"https:\/\/www.g2.com\/products\/talkpal-for-business\/\",\"https:\/\/www.trustpilot.com\/review\/talkpal.ai\",\"https:\/\/www.capterra.com\/p\/10006800\/TalkPal\/\"],\"description\":\"Talkpal is a language learning web and mobile education app, powered by the latest AI technologies, that provides engaging experiences to its customers in many different languages to help them improve their language skills. Users can chat about unlimited amount of topics with the app and use other modes to practice their language learning.\",\"email\":\"support@talkpal.ai\",\"legalName\":\"Talkpal, Inc.\",\"foundingDate\":\"2023-04-03\",\"duns\":\"118989042\",\"numberOfEmployees\":{\"@type\":\"QuantitativeValue\",\"minValue\":\"11\",\"maxValue\":\"50\"},\"publishingPrinciples\":\"https:\/\/talkpal.ai\/publishing-principles\/\",\"actionableFeedbackPolicy\":\"https:\/\/talkpal.ai\/actionable-feedback-policy\/\",\"correctionsPolicy\":\"https:\/\/talkpal.ai\/corrections-policy\/\",\"ethicsPolicy\":\"https:\/\/talkpal.ai\/ethics-policy\/\",\"diversityPolicy\":\"https:\/\/talkpal.ai\/diversity-policy\/\",\"diversityStaffingReport\":\"https:\/\/talkpal.ai\/diversity-policy\/\"}]}<\/script>\n<!-- \/ Yoast SEO Premium plugin. -->","yoast_head_json":{"title":"Grammatika I\u017clandi\u017ca - Talkpal","description":"Tg\u0127allem il-grammatika Islandi\u017ca b'mod \u010bar - tifhem ir-regoli ewlenin tal-grammatika, tifforma sentenzi korretti, u tag\u0127ti spinta lill-kunfidenza malajr billi tu\u017ca l-lezzjonijiet tal-AI ta 'TalkPal.","robots":{"index":"index","follow":"follow","max-snippet":"max-snippet:-1","max-image-preview":"max-image-preview:large","max-video-preview":"max-video-preview:-1"},"canonical":"https:\/\/talkpal.ai\/mt\/grammatika-izlandiza\/","og_locale":"mt_MT","og_type":"article","og_title":"Grammatika I\u017clandi\u017ca","og_description":"Il-Ma\u0121ija tal-Grammatika Islandi\u017ca: Unlocking the Secrets of the Viking Tongue Introduzzjoni: L-Islandi\u017c, l-Art tan-Nar u s-Sil\u0121 Il-lingwa Islandi\u017ca,","og_url":"https:\/\/talkpal.ai\/mt\/grammatika-izlandiza\/","og_site_name":"Talkpal","article_publisher":"https:\/\/www.facebook.com\/profile.php?id=100090733639311","article_modified_time":"2025-12-12T10:51:33+00:00","og_image":[{"width":512,"height":512,"url":"https:\/\/talkpal.ai\/wp-content\/uploads\/2023\/05\/iceland.png","type":"image\/png"}],"twitter_card":"summary_large_image","twitter_site":"@talkpalai","twitter_misc":{"Est. reading time":"3 minutes"},"schema":{"@context":"https:\/\/schema.org","@graph":[{"@type":"WebPage","@id":"https:\/\/talkpal.ai\/mt\/grammatika-izlandiza\/","url":"https:\/\/talkpal.ai\/mt\/grammatika-izlandiza\/","name":"Grammatika I\u017clandi\u017ca - Talkpal","isPartOf":{"@id":"https:\/\/talkpal.ai\/mt\/#website"},"primaryImageOfPage":{"@id":"https:\/\/talkpal.ai\/mt\/grammatika-izlandiza\/#primaryimage"},"image":{"@id":"https:\/\/talkpal.ai\/mt\/grammatika-izlandiza\/#primaryimage"},"thumbnailUrl":"https:\/\/talkpal.ai\/wp-content\/uploads\/2023\/05\/iceland.png","datePublished":"2023-05-14T14:09:11+00:00","dateModified":"2025-12-12T10:51:33+00:00","description":"Tg\u0127allem il-grammatika Islandi\u017ca b'mod \u010bar - tifhem ir-regoli ewlenin tal-grammatika, tifforma sentenzi korretti, u tag\u0127ti spinta lill-kunfidenza malajr billi tu\u017ca l-lezzjonijiet tal-AI ta 'TalkPal.","breadcrumb":{"@id":"https:\/\/talkpal.ai\/mt\/grammatika-izlandiza\/#breadcrumb"},"inLanguage":"mt-MT","potentialAction":[{"@type":"ReadAction","target":["https:\/\/talkpal.ai\/mt\/grammatika-izlandiza\/"]}]},{"@type":"ImageObject","inLanguage":"mt-MT","@id":"https:\/\/talkpal.ai\/mt\/grammatika-izlandiza\/#primaryimage","url":"https:\/\/talkpal.ai\/wp-content\/uploads\/2023\/05\/iceland.png","contentUrl":"https:\/\/talkpal.ai\/wp-content\/uploads\/2023\/05\/iceland.png","width":512,"height":512,"caption":"TalkPal Iceland Flag"},{"@type":"BreadcrumbList","@id":"https:\/\/talkpal.ai\/mt\/grammatika-izlandiza\/#breadcrumb","itemListElement":[{"@type":"ListItem","position":1,"name":"Homepage","item":"https:\/\/talkpal.ai\/mt\/"},{"@type":"ListItem","position":2,"name":"Grammatika I\u017clandi\u017ca"}]},{"@type":"WebSite","@id":"https:\/\/talkpal.ai\/mt\/#website","url":"https:\/\/talkpal.ai\/mt\/","name":"Talkpal","description":"AI Language Learning","publisher":{"@id":"https:\/\/talkpal.ai\/mt\/#organization"},"alternateName":"Talkpal AI","potentialAction":[{"@type":"SearchAction","target":{"@type":"EntryPoint","urlTemplate":"https:\/\/talkpal.ai\/mt\/?s={search_term_string}"},"query-input":{"@type":"PropertyValueSpecification","valueRequired":true,"valueName":"search_term_string"}}],"inLanguage":"mt-MT"},{"@type":"Organization","@id":"https:\/\/talkpal.ai\/mt\/#organization","name":"Talkpal, Inc.","alternateName":"Talkpal AI","url":"https:\/\/talkpal.ai\/mt\/","logo":{"@type":"ImageObject","inLanguage":"mt-MT","@id":"https:\/\/talkpal.ai\/mt\/#\/schema\/logo\/image\/","url":"https:\/\/talkpal.ai\/wp-content\/uploads\/2024\/03\/Talkpal-Logo-Icon.png","contentUrl":"https:\/\/talkpal.ai\/wp-content\/uploads\/2024\/03\/Talkpal-Logo-Icon.png","width":2880,"height":2880,"caption":"Talkpal, Inc."},"image":{"@id":"https:\/\/talkpal.ai\/mt\/#\/schema\/logo\/image\/"},"sameAs":["https:\/\/www.facebook.com\/profile.php?id=100090733639311","https:\/\/x.com\/talkpalai","https:\/\/www.linkedin.com\/company\/talkpal\/","https:\/\/www.youtube.com\/@TalkPal\/","https:\/\/www.tiktok.com\/@talkpal","https:\/\/www.instagram.com\/talkpal_ai\/","https:\/\/www.crunchbase.com\/organization\/talkpal-9cde","https:\/\/www.g2.com\/products\/talkpal-for-business\/","https:\/\/www.trustpilot.com\/review\/talkpal.ai","https:\/\/www.capterra.com\/p\/10006800\/TalkPal\/"],"description":"Talkpal is a language learning web and mobile education app, powered by the latest AI technologies, that provides engaging experiences to its customers in many different languages to help them improve their language skills. Users can chat about unlimited amount of topics with the app and use other modes to practice their language learning.","email":"support@talkpal.ai","legalName":"Talkpal, Inc.","foundingDate":"2023-04-03","duns":"118989042","numberOfEmployees":{"@type":"QuantitativeValue","minValue":"11","maxValue":"50"},"publishingPrinciples":"https:\/\/talkpal.ai\/publishing-principles\/","actionableFeedbackPolicy":"https:\/\/talkpal.ai\/actionable-feedback-policy\/","correctionsPolicy":"https:\/\/talkpal.ai\/corrections-policy\/","ethicsPolicy":"https:\/\/talkpal.ai\/ethics-policy\/","diversityPolicy":"https:\/\/talkpal.ai\/diversity-policy\/","diversityStaffingReport":"https:\/\/talkpal.ai\/diversity-policy\/"}]}},"_links":{"self":[{"href":"https:\/\/talkpal.ai\/mt\/wp-json\/wp\/v2\/pages\/1443571","targetHints":{"allow":["GET"]}}],"collection":[{"href":"https:\/\/talkpal.ai\/mt\/wp-json\/wp\/v2\/pages"}],"about":[{"href":"https:\/\/talkpal.ai\/mt\/wp-json\/wp\/v2\/types\/page"}],"author":[{"embeddable":true,"href":"https:\/\/talkpal.ai\/mt\/wp-json\/wp\/v2\/users\/1"}],"replies":[{"embeddable":true,"href":"https:\/\/talkpal.ai\/mt\/wp-json\/wp\/v2\/comments?post=1443571"}],"version-history":[{"count":0,"href":"https:\/\/talkpal.ai\/mt\/wp-json\/wp\/v2\/pages\/1443571\/revisions"}],"wp:featuredmedia":[{"embeddable":true,"href":"https:\/\/talkpal.ai\/mt\/wp-json\/wp\/v2\/media\/1443572"}],"wp:attachment":[{"href":"https:\/\/talkpal.ai\/mt\/wp-json\/wp\/v2\/media?parent=1443571"}],"curies":[{"name":"wp","href":"https:\/\/api.w.org\/{rel}","templated":true}]}}