{"id":1443565,"date":"2023-05-14T14:03:43","date_gmt":"2023-05-14T14:03:43","guid":{"rendered":"https:\/\/talkpal.ai\/grammatika-tal-galizja\/"},"modified":"2025-12-13T15:29:57","modified_gmt":"2025-12-13T15:29:57","slug":"grammatika-tal-galizja","status":"publish","type":"page","link":"https:\/\/talkpal.ai\/mt\/grammatika-tal-galizja\/","title":{"rendered":"Grammatika tal-Galizja"},"content":{"rendered":"\r\n\r\n\r\n<section class=\"languageChallengeSection\">\r\n    <div class=\"languageInfoWrapper\">\r\n        \r\n        <h1>Grammatika tal-Galizja<\/h1>\r\n        <p>Skopri s-se\u0127er tal-lingwa Galizjana billi tikkontrolla r-regoli fundamentali tal-grammatika tag\u0127ha. Il-fehim tal-grammatika Galizjana se jifta\u0127 il-bibien g\u0127al komunikazzjoni sinifikanti u apprezzament aktar profond tal-kultura vibranti tal-Galizja. Ibda titg\u0127allem il-grammatika Galizjana llum u \u0127u l-ewwel pass tieg\u0127ek lejn il-\u0127effa!<\/p>\r\n\r\n                            <a class=\"getStartedHidden\" href=\"https:\/\/app.talkpal.ai\/signup?lng=\">Ibda<\/a>\r\n        \r\n    <\/div>\r\n\r\n    <figure>\r\n    <img decoding=\"async\" width=\"768\" height=\"768\" src=\"https:\/\/talkpal.ai\/wp-content\/uploads\/2023\/06\/galician-768x768.png\" class=\"languageImage no-lazy\" alt=\"Language immersion powerful learning method\" fetchpriority=\"high\" sizes=\"(max-width: 768px) 150px, 768px\" srcset=\"https:\/\/talkpal.ai\/wp-content\/uploads\/2023\/06\/galician-768x768.png 768w, https:\/\/talkpal.ai\/wp-content\/uploads\/2023\/06\/galician-300x300.png 300w\" \/>\r\n    \r\n\r\n    <\/figure>\r\n\r\n            <a class=\"getStartedVisible\" href=\"https:\/\/app.talkpal.ai\/signup?lng=\">Ibda<\/a>\r\n    \r\n<\/section>\r\n<section class=\"promotionalBanner\">\r\n    <p class=\"promotionalText\">L-aktar mod effi\u010bjenti biex titg\u0127allem lingwa<\/p>\r\n    <a class=\"promotionalLink\" href=\"https:\/\/app.talkpal.ai\/signup?lng=\">Ipprova Talkpal b&#8217;xejn<\/a>\r\n<\/section>\n<div class=\"wp-block-group pageContainerStyle\"><div class=\"wp-block-group__inner-container is-layout-constrained wp-block-group-is-layout-constrained\">\n<h2 class=\"wp-block-heading\" id=\"h-galician-grammar-unlocking-the-beauty-of-a-romance-language\">Grammatika Galizjana: Nisfruttaw is-sbu\u0127ija ta &#8216;lingwa rumanz<\/h2>\n\n\n\n<p>Il-Galizjan, lingwa Rumantika mitkellma minn aktar minn \u017cew\u0121 miljun ru\u0127 fil-majjistral ta&#8217; Spanja, hija djalett uniku u captivating li jaqsam xebh mal-<a href=\"https:\/\/talkpal.ai\/learn-portuguese\/\">Portugi\u017c<\/a>. G\u0127andu fonolo\u0121ija distintiva, storja affaxxinanti, u tradizzjoni poetika \u0127ajja. Biex tikkontrolla din il-lingwa enchanting, huwa kru\u010bjali li tifhem il-grammatika tag\u0127ha. F&#8217;dan l-artikolu, a\u0127na ser nesploraw l-aspetti essenzjali tal-grammatika Galizjana u nipprovdu pariri biex jg\u0127inuk te\u010b\u010bella f&#8217;dan il-vja\u0121\u0121 lingwistiku.<\/p>\n\n\n\n<h3 class=\"wp-block-heading\" id=\"h-key-components-of-galician-grammar\">Komponenti ewlenin tal-grammatika Galizjana:<\/h3>\n\n\n\n<p>Il-grammatika Galizjana, b\u0127al lingwi Roman\u010bi o\u0127ra, tikkonsisti f&#8217;diversi regoli u strutturi li jiddefinixxu l-u\u017cu xieraq tag\u0127ha. Hawn huma xi aspetti fundamentali tal-grammatika Galizjana li g\u0127andek tkun familjari mag\u0127hom:<\/p>\n\n\n\n<p><strong>1. Nomi:<\/strong> In-nomi Galizjani g\u0127andhom \u017cew\u0121 \u0121eneri grammatikali (maskili u femminili) u huma mg\u0127aw\u0121a g\u0127an-numru (singular u plural). Il-\u0121eneru ta &#8216;nom jaffettwa l-forma ta&#8217; artikli, a\u0121\u0121ettivi, u pronomi li jakkumpanjawh.<\/p>\n\n\n\n<p><strong>2. Artikoli:<\/strong> Il-Galizjan g\u0127andu artikli definiti (o, os, a, as) u artikli indefiniti (un, uns, unha, unhas). Artikli definiti jintu\u017caw biex jirreferu g\u0127al o\u0121\u0121etti jew nies spe\u010bifi\u010bi, filwaqt li artikli indefiniti jintu\u017caw g\u0127al referenzi \u0121enerali jew mhux spe\u010bifi\u010bi.<\/p>\n\n\n\n<p><strong>3. A\u0121\u0121ettivi u avverbji:<\/strong> L-a\u0121\u0121ettivi fil-Galizjan normalment jaqblu fis-sess u n-numru man-nomi li jimmodifikaw. L-avverbji, min-na\u0127a l-o\u0127ra, huma invarjabbli u ma jinbidlux skont is-sess jew in-numru tan-nom.<\/p>\n\n\n\n<p><strong>4. Verbi:<\/strong> Il-verbi Galizjani huma konjugati fi tliet mudelli regolari (ar, er, ir) u diversi mudelli irregolari. Il-verbi huma mg\u0127aw\u0121a skont it-temp (pre\u017cent, passat, futur, e\u010b\u010b.), il-burdata (indikattiv, subjunctive, imperative), l-aspett (perfettiv, imperfettiv), u l-vu\u010bi (attiva, passiva). Il-pronomi spiss jit\u0127allew <a href=\"https:\/\/talkpal.ai\/locations\/language-courses-in-barra\/\">barra<\/a> fil-konjugazzjoni tal-verb, peress li l-forma tal-verb normalment tindika s-su\u0121\u0121ett.<\/p>\n\n\n\n<p><strong>5. Struttura tas-sentenza:<\/strong> Il-Galizjan tipikament ju\u017ca l-ordni tal-kliem Subject-Verb-Object (SVO) jew Verb-Subject-Object (VSO), skont l-enfasi u l-kuntest. Madankollu, din l-ordni tal-kliem hija flessibbli.<\/p>\n\n\n\n<h3 class=\"wp-block-heading\" id=\"h-tips-for-learning-galician-grammar\">\u0126jiel g\u0127at-Tag\u0127lim tal-Grammatika Galizjana:<\/h3>\n\n\n\n<p>Biex te\u010b\u010bella fil-vja\u0121\u0121 tieg\u0127ek tat-tag\u0127lim tal-grammatika Galizjana, ikkunsidra dawn l-istrate\u0121iji utli:<\/p>\n\n\n\n<p><strong>1. Prattika regolari:<\/strong> Il-konsistenza hija \u010b-\u010bavetta. Iddedika \u0127inijiet spe\u010bifi\u010bi kuljum jew \u0121img\u0127a biex tipprattika e\u017cer\u010bizzji tal-grammatika, qari, u kitba bil-Galizjan.<\/p>\n\n\n\n<p><strong>2. U\u017ca ri\u017corsi indi\u0121eni:<\/strong> G\u0127addas ru\u0127ek f&#8217;materjali awtenti\u010bi Galizjani b\u0127al letteratura, artikli tal-a\u0127barijiet, u films. Dan mhux biss jg\u0127inek tara l-grammatika Galizjana fil-kuntest i\u017cda wkoll itejjeb il-\u0127iliet tal-qari u s-smig\u0127 tieg\u0127ek.<\/p>\n\n\n\n<p><strong>3. Tg\u0127allem is-sessi u l-artikoli tan-nomi:<\/strong> Familjarizza ru\u0127ek mal-\u0121eneri tan-nomi Galizjani u l-u\u017cu xieraq tal-artikli. Dan huwa kru\u010bjali biex ji\u0121u ffurmati sentenzi pre\u010bi\u017ci u koerenti.<\/p>\n\n\n\n<p><strong>4. Qabbad ma &#8216;kelliema nattivi:<\/strong> Involvi ru\u0127ek ma&#8217; kelliema nattivi Galizjani permezz ta &#8216;programmi ta&#8217; skambju lingwisti\u010bi, midja so\u010bjali, jew forums online. Dan jipprovdi opportunitajiet biex tipprattika l-grammatika f&#8217;konversazzjonijiet tal-\u0127ajja reali u tir\u010bievi feedback siewi.<\/p>\n\n\n\n<p><strong>5. Pa\u010benzja u persistenza:<\/strong> It-tag\u0127lim ta &#8216;lingwa \u0121dida jie\u0127u \u017cmien, determinazzjoni, u pa\u010benzja. T\u0127addan l-isfidi u \u010b\u010belebra l-progress tieg\u0127ek matul it-triq.<\/p>\n\n\n\n<h2 class=\"wp-block-heading\" id=\"h-conclusion\">Konklu\u017cjoni:<\/h2>\n\n\n\n<p>Il-grammatika Galizjana, bil-karatteristi\u010bi uni\u010bi tag\u0127ha u r-rabta mal-familja tal-lingwa Romanza, g\u0127andha \u010b-\u010bavetta biex tit\u0127akmu dan id-djalett captivating. Billi tifhem il-komponenti ewlenin tag\u0127ha u ssegwi l-istrate\u0121iji tat-tag\u0127lim tag\u0127na, int tkun fi triqtek lejn il-profi\u010bjenza lingwistika. Allura, imbarka f&#8217;dan il-vja\u0121\u0121 e\u010bitabbli, u nisfruttaw l-g\u0127e\u0121ubijiet tal-lingwa Galizjana!<\/p>\n<\/div><\/div>\n\r\n<section class=\"learnNavigationSection\">\r\n            \r\n        <a href=\"https:\/\/talkpal.ai\/mt\/tghallem-galizjan\/\">\r\n            <div class=\"learnNavigationWrapper\">\r\n                <div class=\"learnNavigationContent\">\r\n                    <img decoding=\"async\" src=\"https:\/\/talkpal.ai\/wp-content\/uploads\/2024\/08\/Galician.jpg\" alt=\"Galicia Flag\">\r\n                    <div>\r\n                        <h4>Dwar it-Tag\u0127lim tal-Galizja<\/h4>\r\n                        <p>Sir af kollox dwar il-grammatika Galizjana.<\/p>\r\n                    <\/div>\r\n                <\/div>\r\n            <\/div>\r\n        <\/a>\r\n\r\n        \r\n        <a href=\"https:\/\/talkpal.ai\/mt\/ezercizzji-tal-grammatika-galizjana\/\">\r\n            <div class=\"learnNavigationWrapper\">\r\n                <div class=\"learnNavigationContent\">\r\n                    <img decoding=\"async\" src=\"https:\/\/talkpal.ai\/wp-content\/uploads\/2024\/08\/Galician.jpg\" alt=\"Galicia Flag\">\r\n                    <div>\r\n                        <h4>E\u017cer\u010bizzju tal-Grammatika Galizjana<\/h4>\r\n                        <p>Ipprattika l-grammatika Galizjana.<\/p>\r\n                    <\/div>\r\n                <\/div>\r\n            <\/div>\r\n        <\/a>\r\n\r\n        \r\n        <a href=\"https:\/\/talkpal.ai\/vocabulary_language\/galician\/\">\r\n            <div class=\"learnNavigationWrapper\">\r\n                <div class=\"learnNavigationContent\">\r\n                    <img decoding=\"async\" src=\"https:\/\/talkpal.ai\/wp-content\/uploads\/2024\/08\/Galician.jpg\" alt=\"Galicia Flag\">\r\n                    <div>\r\n                        <h4>Vokabularju Galizjan<\/h4>\r\n                        <p>Espandi l-vokabularju Galizjan tieg\u0127ek.<\/p>\r\n                    <\/div>\r\n                <\/div>\r\n            <\/div>\r\n        <\/a>\r\n\r\n            <\/section>","protected":false},"excerpt":{"rendered":"<p>Grammatika Galizjana: Nisfruttaw is-sbu\u0127ija ta &#8216;lingwa rumanz Il-Galizjan, lingwa Rumantika mitkellma minn aktar minn \u017cew\u0121 miljun ru\u0127 fil-majjistral ta&#8217; Spanja, hija djalett uniku u captivating li jaqsam xebh mal-Portugi\u017c. G\u0127andu fonolo\u0121ija distintiva, storja affaxxinanti, u tradizzjoni poetika \u0127ajja. Biex tikkontrolla din il-lingwa enchanting, huwa kru\u010bjali li tifhem il-grammatika tag\u0127ha. F&#8217;dan l-artikolu, a\u0127na ser nesploraw l-aspetti [&hellip;]<\/p>\n","protected":false},"author":1,"featured_media":1443566,"parent":0,"menu_order":0,"comment_status":"closed","ping_status":"closed","template":"LearningContentPage.php","meta":{"_acf_changed":false,"footnotes":""},"class_list":["post-1443565","page","type-page","status-publish","has-post-thumbnail","hentry"],"acf":[],"yoast_head":"<!-- This site is optimized with the Yoast SEO Premium plugin v27.2 (Yoast SEO v27.2) - https:\/\/yoast.com\/product\/yoast-seo-premium-wordpress\/ -->\n<title>Grammatika tal-Galizja - Talkpal<\/title>\n<meta name=\"description\" content=\"\u0126akmu l-grammatika Galizjana fa\u010bilment - titg\u0127allem ir-regoli, tibni sentenzi korretti, u tikkomunika b&#039;mod \u010bar\" \/>\n<meta name=\"robots\" content=\"index, follow, max-snippet:-1, max-image-preview:large, max-video-preview:-1\" \/>\n<link rel=\"canonical\" href=\"https:\/\/talkpal.ai\/mt\/grammatika-tal-galizja\/\" \/>\n<meta property=\"og:locale\" content=\"mt_MT\" \/>\n<meta property=\"og:type\" content=\"article\" \/>\n<meta property=\"og:title\" content=\"Grammatika tal-Galizja\" \/>\n<meta property=\"og:description\" content=\"Grammatika Galizjana: Nisfruttaw is-sbu\u0127ija ta &#039;lingwa rumanz Il-Galizjan, lingwa Rumantika mitkellma minn aktar minn \u017cew\u0121 miljun ru\u0127 fil-majjistral ta&#039;\" \/>\n<meta property=\"og:url\" content=\"https:\/\/talkpal.ai\/mt\/grammatika-tal-galizja\/\" \/>\n<meta property=\"og:site_name\" content=\"Talkpal\" \/>\n<meta property=\"article:publisher\" content=\"https:\/\/www.facebook.com\/profile.php?id=100090733639311\" \/>\n<meta property=\"article:modified_time\" content=\"2025-12-13T15:29:57+00:00\" \/>\n<meta property=\"og:image\" content=\"https:\/\/talkpal.ai\/wp-content\/uploads\/2023\/05\/Galician-spain.png\" \/>\n\t<meta property=\"og:image:width\" content=\"512\" \/>\n\t<meta property=\"og:image:height\" content=\"512\" \/>\n\t<meta property=\"og:image:type\" content=\"image\/png\" \/>\n<meta name=\"twitter:card\" content=\"summary_large_image\" \/>\n<meta name=\"twitter:site\" content=\"@talkpalai\" \/>\n<meta name=\"twitter:label1\" content=\"Est. reading time\" \/>\n\t<meta name=\"twitter:data1\" content=\"3 minutes\" \/>\n<script type=\"application\/ld+json\" class=\"yoast-schema-graph\">{\"@context\":\"https:\/\/schema.org\",\"@graph\":[{\"@type\":\"WebPage\",\"@id\":\"https:\/\/talkpal.ai\/mt\/grammatika-tal-galizja\/\",\"url\":\"https:\/\/talkpal.ai\/mt\/grammatika-tal-galizja\/\",\"name\":\"Grammatika tal-Galizja - Talkpal\",\"isPartOf\":{\"@id\":\"https:\/\/talkpal.ai\/mt\/#website\"},\"primaryImageOfPage\":{\"@id\":\"https:\/\/talkpal.ai\/mt\/grammatika-tal-galizja\/#primaryimage\"},\"image\":{\"@id\":\"https:\/\/talkpal.ai\/mt\/grammatika-tal-galizja\/#primaryimage\"},\"thumbnailUrl\":\"https:\/\/talkpal.ai\/wp-content\/uploads\/2023\/05\/Galician-spain.png\",\"datePublished\":\"2023-05-14T14:03:43+00:00\",\"dateModified\":\"2025-12-13T15:29:57+00:00\",\"description\":\"\u0126akmu l-grammatika Galizjana fa\u010bilment - titg\u0127allem ir-regoli, tibni sentenzi korretti, u tikkomunika b'mod \u010bar\",\"breadcrumb\":{\"@id\":\"https:\/\/talkpal.ai\/mt\/grammatika-tal-galizja\/#breadcrumb\"},\"inLanguage\":\"mt-MT\",\"potentialAction\":[{\"@type\":\"ReadAction\",\"target\":[\"https:\/\/talkpal.ai\/mt\/grammatika-tal-galizja\/\"]}]},{\"@type\":\"ImageObject\",\"inLanguage\":\"mt-MT\",\"@id\":\"https:\/\/talkpal.ai\/mt\/grammatika-tal-galizja\/#primaryimage\",\"url\":\"https:\/\/talkpal.ai\/wp-content\/uploads\/2023\/05\/Galician-spain.png\",\"contentUrl\":\"https:\/\/talkpal.ai\/wp-content\/uploads\/2023\/05\/Galician-spain.png\",\"width\":512,\"height\":512,\"caption\":\"TalkPal Galician Flag\"},{\"@type\":\"BreadcrumbList\",\"@id\":\"https:\/\/talkpal.ai\/mt\/grammatika-tal-galizja\/#breadcrumb\",\"itemListElement\":[{\"@type\":\"ListItem\",\"position\":1,\"name\":\"Homepage\",\"item\":\"https:\/\/talkpal.ai\/mt\/\"},{\"@type\":\"ListItem\",\"position\":2,\"name\":\"Grammatika tal-Galizja\"}]},{\"@type\":\"WebSite\",\"@id\":\"https:\/\/talkpal.ai\/mt\/#website\",\"url\":\"https:\/\/talkpal.ai\/mt\/\",\"name\":\"Talkpal\",\"description\":\"AI Language Learning\",\"publisher\":{\"@id\":\"https:\/\/talkpal.ai\/mt\/#organization\"},\"alternateName\":\"Talkpal AI\",\"potentialAction\":[{\"@type\":\"SearchAction\",\"target\":{\"@type\":\"EntryPoint\",\"urlTemplate\":\"https:\/\/talkpal.ai\/mt\/?s={search_term_string}\"},\"query-input\":{\"@type\":\"PropertyValueSpecification\",\"valueRequired\":true,\"valueName\":\"search_term_string\"}}],\"inLanguage\":\"mt-MT\"},{\"@type\":\"Organization\",\"@id\":\"https:\/\/talkpal.ai\/mt\/#organization\",\"name\":\"Talkpal, Inc.\",\"alternateName\":\"Talkpal AI\",\"url\":\"https:\/\/talkpal.ai\/mt\/\",\"logo\":{\"@type\":\"ImageObject\",\"inLanguage\":\"mt-MT\",\"@id\":\"https:\/\/talkpal.ai\/mt\/#\/schema\/logo\/image\/\",\"url\":\"https:\/\/talkpal.ai\/wp-content\/uploads\/2024\/03\/Talkpal-Logo-Icon.png\",\"contentUrl\":\"https:\/\/talkpal.ai\/wp-content\/uploads\/2024\/03\/Talkpal-Logo-Icon.png\",\"width\":2880,\"height\":2880,\"caption\":\"Talkpal, Inc.\"},\"image\":{\"@id\":\"https:\/\/talkpal.ai\/mt\/#\/schema\/logo\/image\/\"},\"sameAs\":[\"https:\/\/www.facebook.com\/profile.php?id=100090733639311\",\"https:\/\/x.com\/talkpalai\",\"https:\/\/www.linkedin.com\/company\/talkpal\/\",\"https:\/\/www.youtube.com\/@TalkPal\/\",\"https:\/\/www.tiktok.com\/@talkpal\",\"https:\/\/www.instagram.com\/talkpal_ai\/\",\"https:\/\/www.crunchbase.com\/organization\/talkpal-9cde\",\"https:\/\/www.g2.com\/products\/talkpal-for-business\/\",\"https:\/\/www.trustpilot.com\/review\/talkpal.ai\",\"https:\/\/www.capterra.com\/p\/10006800\/TalkPal\/\"],\"description\":\"Talkpal is a language learning web and mobile education app, powered by the latest AI technologies, that provides engaging experiences to its customers in many different languages to help them improve their language skills. Users can chat about unlimited amount of topics with the app and use other modes to practice their language learning.\",\"email\":\"support@talkpal.ai\",\"legalName\":\"Talkpal, Inc.\",\"foundingDate\":\"2023-04-03\",\"duns\":\"118989042\",\"numberOfEmployees\":{\"@type\":\"QuantitativeValue\",\"minValue\":\"11\",\"maxValue\":\"50\"},\"publishingPrinciples\":\"https:\/\/talkpal.ai\/publishing-principles\/\",\"actionableFeedbackPolicy\":\"https:\/\/talkpal.ai\/actionable-feedback-policy\/\",\"correctionsPolicy\":\"https:\/\/talkpal.ai\/corrections-policy\/\",\"ethicsPolicy\":\"https:\/\/talkpal.ai\/ethics-policy\/\",\"diversityPolicy\":\"https:\/\/talkpal.ai\/diversity-policy\/\",\"diversityStaffingReport\":\"https:\/\/talkpal.ai\/diversity-policy\/\"}]}<\/script>\n<!-- \/ Yoast SEO Premium plugin. -->","yoast_head_json":{"title":"Grammatika tal-Galizja - Talkpal","description":"\u0126akmu l-grammatika Galizjana fa\u010bilment - titg\u0127allem ir-regoli, tibni sentenzi korretti, u tikkomunika b'mod \u010bar","robots":{"index":"index","follow":"follow","max-snippet":"max-snippet:-1","max-image-preview":"max-image-preview:large","max-video-preview":"max-video-preview:-1"},"canonical":"https:\/\/talkpal.ai\/mt\/grammatika-tal-galizja\/","og_locale":"mt_MT","og_type":"article","og_title":"Grammatika tal-Galizja","og_description":"Grammatika Galizjana: Nisfruttaw is-sbu\u0127ija ta 'lingwa rumanz Il-Galizjan, lingwa Rumantika mitkellma minn aktar minn \u017cew\u0121 miljun ru\u0127 fil-majjistral ta'","og_url":"https:\/\/talkpal.ai\/mt\/grammatika-tal-galizja\/","og_site_name":"Talkpal","article_publisher":"https:\/\/www.facebook.com\/profile.php?id=100090733639311","article_modified_time":"2025-12-13T15:29:57+00:00","og_image":[{"width":512,"height":512,"url":"https:\/\/talkpal.ai\/wp-content\/uploads\/2023\/05\/Galician-spain.png","type":"image\/png"}],"twitter_card":"summary_large_image","twitter_site":"@talkpalai","twitter_misc":{"Est. reading time":"3 minutes"},"schema":{"@context":"https:\/\/schema.org","@graph":[{"@type":"WebPage","@id":"https:\/\/talkpal.ai\/mt\/grammatika-tal-galizja\/","url":"https:\/\/talkpal.ai\/mt\/grammatika-tal-galizja\/","name":"Grammatika tal-Galizja - Talkpal","isPartOf":{"@id":"https:\/\/talkpal.ai\/mt\/#website"},"primaryImageOfPage":{"@id":"https:\/\/talkpal.ai\/mt\/grammatika-tal-galizja\/#primaryimage"},"image":{"@id":"https:\/\/talkpal.ai\/mt\/grammatika-tal-galizja\/#primaryimage"},"thumbnailUrl":"https:\/\/talkpal.ai\/wp-content\/uploads\/2023\/05\/Galician-spain.png","datePublished":"2023-05-14T14:03:43+00:00","dateModified":"2025-12-13T15:29:57+00:00","description":"\u0126akmu l-grammatika Galizjana fa\u010bilment - titg\u0127allem ir-regoli, tibni sentenzi korretti, u tikkomunika b'mod \u010bar","breadcrumb":{"@id":"https:\/\/talkpal.ai\/mt\/grammatika-tal-galizja\/#breadcrumb"},"inLanguage":"mt-MT","potentialAction":[{"@type":"ReadAction","target":["https:\/\/talkpal.ai\/mt\/grammatika-tal-galizja\/"]}]},{"@type":"ImageObject","inLanguage":"mt-MT","@id":"https:\/\/talkpal.ai\/mt\/grammatika-tal-galizja\/#primaryimage","url":"https:\/\/talkpal.ai\/wp-content\/uploads\/2023\/05\/Galician-spain.png","contentUrl":"https:\/\/talkpal.ai\/wp-content\/uploads\/2023\/05\/Galician-spain.png","width":512,"height":512,"caption":"TalkPal Galician Flag"},{"@type":"BreadcrumbList","@id":"https:\/\/talkpal.ai\/mt\/grammatika-tal-galizja\/#breadcrumb","itemListElement":[{"@type":"ListItem","position":1,"name":"Homepage","item":"https:\/\/talkpal.ai\/mt\/"},{"@type":"ListItem","position":2,"name":"Grammatika tal-Galizja"}]},{"@type":"WebSite","@id":"https:\/\/talkpal.ai\/mt\/#website","url":"https:\/\/talkpal.ai\/mt\/","name":"Talkpal","description":"AI Language Learning","publisher":{"@id":"https:\/\/talkpal.ai\/mt\/#organization"},"alternateName":"Talkpal AI","potentialAction":[{"@type":"SearchAction","target":{"@type":"EntryPoint","urlTemplate":"https:\/\/talkpal.ai\/mt\/?s={search_term_string}"},"query-input":{"@type":"PropertyValueSpecification","valueRequired":true,"valueName":"search_term_string"}}],"inLanguage":"mt-MT"},{"@type":"Organization","@id":"https:\/\/talkpal.ai\/mt\/#organization","name":"Talkpal, Inc.","alternateName":"Talkpal AI","url":"https:\/\/talkpal.ai\/mt\/","logo":{"@type":"ImageObject","inLanguage":"mt-MT","@id":"https:\/\/talkpal.ai\/mt\/#\/schema\/logo\/image\/","url":"https:\/\/talkpal.ai\/wp-content\/uploads\/2024\/03\/Talkpal-Logo-Icon.png","contentUrl":"https:\/\/talkpal.ai\/wp-content\/uploads\/2024\/03\/Talkpal-Logo-Icon.png","width":2880,"height":2880,"caption":"Talkpal, Inc."},"image":{"@id":"https:\/\/talkpal.ai\/mt\/#\/schema\/logo\/image\/"},"sameAs":["https:\/\/www.facebook.com\/profile.php?id=100090733639311","https:\/\/x.com\/talkpalai","https:\/\/www.linkedin.com\/company\/talkpal\/","https:\/\/www.youtube.com\/@TalkPal\/","https:\/\/www.tiktok.com\/@talkpal","https:\/\/www.instagram.com\/talkpal_ai\/","https:\/\/www.crunchbase.com\/organization\/talkpal-9cde","https:\/\/www.g2.com\/products\/talkpal-for-business\/","https:\/\/www.trustpilot.com\/review\/talkpal.ai","https:\/\/www.capterra.com\/p\/10006800\/TalkPal\/"],"description":"Talkpal is a language learning web and mobile education app, powered by the latest AI technologies, that provides engaging experiences to its customers in many different languages to help them improve their language skills. Users can chat about unlimited amount of topics with the app and use other modes to practice their language learning.","email":"support@talkpal.ai","legalName":"Talkpal, Inc.","foundingDate":"2023-04-03","duns":"118989042","numberOfEmployees":{"@type":"QuantitativeValue","minValue":"11","maxValue":"50"},"publishingPrinciples":"https:\/\/talkpal.ai\/publishing-principles\/","actionableFeedbackPolicy":"https:\/\/talkpal.ai\/actionable-feedback-policy\/","correctionsPolicy":"https:\/\/talkpal.ai\/corrections-policy\/","ethicsPolicy":"https:\/\/talkpal.ai\/ethics-policy\/","diversityPolicy":"https:\/\/talkpal.ai\/diversity-policy\/","diversityStaffingReport":"https:\/\/talkpal.ai\/diversity-policy\/"}]}},"_links":{"self":[{"href":"https:\/\/talkpal.ai\/mt\/wp-json\/wp\/v2\/pages\/1443565","targetHints":{"allow":["GET"]}}],"collection":[{"href":"https:\/\/talkpal.ai\/mt\/wp-json\/wp\/v2\/pages"}],"about":[{"href":"https:\/\/talkpal.ai\/mt\/wp-json\/wp\/v2\/types\/page"}],"author":[{"embeddable":true,"href":"https:\/\/talkpal.ai\/mt\/wp-json\/wp\/v2\/users\/1"}],"replies":[{"embeddable":true,"href":"https:\/\/talkpal.ai\/mt\/wp-json\/wp\/v2\/comments?post=1443565"}],"version-history":[{"count":0,"href":"https:\/\/talkpal.ai\/mt\/wp-json\/wp\/v2\/pages\/1443565\/revisions"}],"wp:featuredmedia":[{"embeddable":true,"href":"https:\/\/talkpal.ai\/mt\/wp-json\/wp\/v2\/media\/1443566"}],"wp:attachment":[{"href":"https:\/\/talkpal.ai\/mt\/wp-json\/wp\/v2\/media?parent=1443565"}],"curies":[{"name":"wp","href":"https:\/\/api.w.org\/{rel}","templated":true}]}}