{"id":1443558,"date":"2023-05-14T14:08:53","date_gmt":"2023-05-14T14:08:53","guid":{"rendered":"https:\/\/talkpal.ai\/grammatika-ungeriza\/"},"modified":"2025-12-12T10:44:59","modified_gmt":"2025-12-12T10:44:59","slug":"grammatika-ungeriza","status":"publish","type":"page","link":"https:\/\/talkpal.ai\/mt\/grammatika-ungeriza\/","title":{"rendered":"Grammatika Ungeri\u017ca"},"content":{"rendered":"\r\n\r\n\r\n<section class=\"languageChallengeSection\">\r\n    <div class=\"languageInfoWrapper\">\r\n        \r\n        <h1>Grammatika Ungeri\u017ca<\/h1>\r\n        <p>Lest biex tie\u0127u sfida lingwistika tassew unika? G\u0127addas fil-<a href=\"https:\/\/talkpal.ai\/hungarian-grammar\/\">grammatika Ungeri\u017ca<\/a> u skopri l-karatteristi\u010bi notevoli tag\u0127ha. Ibda titg\u0127allem illum, u skopri kif il-\u0127akma tal-grammatika Ungeri\u017ca tifta\u0127 il-bibien g\u0127al konversazzjonijiet sinifikanti u apprezzament profond tal-wirt lingwistiku rikk tal-Ungerija!<\/p>\r\n\r\n                            <a class=\"getStartedHidden\" href=\"https:\/\/app.talkpal.ai\/signup?lng=\">Ibda<\/a>\r\n        \r\n    <\/div>\r\n\r\n    <figure>\r\n    <img decoding=\"async\" width=\"768\" height=\"768\" src=\"https:\/\/talkpal.ai\/wp-content\/uploads\/2023\/06\/hungarian-768x768.png\" class=\"languageImage no-lazy\" alt=\"Language learning strategies for advanced learners\" fetchpriority=\"high\" sizes=\"(max-width: 768px) 150px, 768px\" srcset=\"https:\/\/talkpal.ai\/wp-content\/uploads\/2023\/06\/hungarian-768x768.png 768w, https:\/\/talkpal.ai\/wp-content\/uploads\/2023\/06\/hungarian-300x300.png 300w\" \/>\r\n    \r\n\r\n    <\/figure>\r\n\r\n            <a class=\"getStartedVisible\" href=\"https:\/\/app.talkpal.ai\/signup?lng=\">Ibda<\/a>\r\n    \r\n<\/section>\r\n<section class=\"promotionalBanner\">\r\n    <p class=\"promotionalText\">L-aktar mod effi\u010bjenti biex titg\u0127allem lingwa<\/p>\r\n    <a class=\"promotionalLink\" href=\"https:\/\/app.talkpal.ai\/signup?lng=\">Ipprova Talkpal b&#8217;xejn<\/a>\r\n<\/section>\n<div class=\"wp-block-group pageContainerStyle\"><div class=\"wp-block-group__inner-container is-layout-constrained wp-block-group-is-layout-constrained\">\n<h2 class=\"wp-block-heading\" id=\"h-title-unlocking-the-secrets-of-hungarian-grammar\">Titlu: Unlocking the Secrets of Hungarian Grammar<\/h2>\n\n\n\n<p>L-<a href=\"https:\/\/talkpal.ai\/learn-hungarian\/\">Ungeri\u017c<\/a>, lingwa Finno-Ugrika, tispikka bis-sistema grammatikali unika tag\u0127ha, li tag\u0127milha sfida affaxxinanti g\u0127ad-dilettanti tal-lingwa. It-tag\u0127lim tal-Ungeri\u017c mhux biss iwessa&#8217; l-g\u0127arfien lingwistiku tieg\u0127ek i\u017cda jippermettilek ukoll tid\u0127ol fil-kultura u l-istorja captivating tal-Ungerija. Filwaqt li l-grammatika Ungeri\u017ca tista &#8216;inizjalment tidher intimidanti, it-tkissir tag\u0127ha f&#8217;komponenti mani\u0121\u0121abbli jag\u0127mel il-pro\u010bess ta&#8217; tag\u0127lim aktar a\u010b\u010bessibbli. F&#8217;dan l-artikolu, a\u0127na ser nintrodu\u010buk g\u0127ad-dinja intriganti tal-grammatika Ungeri\u017ca u noffru gwida dwar il-\u0127akma tal-kumplessitajiet tag\u0127ha.<\/p>\n\n\n\n<h3 class=\"wp-block-heading\" id=\"h-1-word-order-a-flexible-feature\">1. Ordni tal-Kelma: Karatteristika Flessibbli<\/h3>\n\n\n\n<p>B&#8217;differenza minn \u0127afna lingwi o\u0127ra, l-Ungeri\u017c g\u0127andu ordni tal-kliem relattivament flessibbli. Filwaqt li s-sentenza tipika Ungeri\u017ca ssegwi l-mudell Subject-Verb-Object (SVO), ordnijiet o\u0127ra ta&#8217; kliem huma wkoll komuni u u\u017cati biex jenfasizzaw partijiet differenti tas-sentenza. Li ssir familjari ma&#8217; dawn il-varjazzjonijiet jippermettilek tifhem u tibni sentenzi Ungeri\u017ci b&#8217;mod aktar effettiv.<\/p>\n\n\n\n<h3 class=\"wp-block-heading\" id=\"h-2-nouns-and-cases-the-role-of-suffixes\">2. Nouns u Ka\u017cijiet: Ir-Rwol tas-Suffissi<\/h3>\n\n\n\n<p>In-nomi Ungeri\u017ci m&#8217;g\u0127andhomx \u0121eneru grammatikali, li jissimplifika l-kostruzzjoni tas-sentenza. Madankollu, nomi u partijiet o\u0127ra tad-diskors fil-grammatika Ungeri\u017ca ju\u017caw pletora ta &#8216;suffissi biex jindikaw ka\u017cijiet, pussess u pluralit\u00e0. It-tag\u0127lim ta&#8217; dawn is-suffissi u l-u\u017ci tag\u0127hom se jtejjeb \u0127afna l-\u0127ila tieg\u0127ek li tikkomunika bl-Ungeri\u017c.<\/p>\n\n\n\n<p>E\u017cempji:<\/p>\n\n\n\n<p><strong>\u2013 h\u00e1z (dar) \u2013 h\u00e1zak (djar)<\/strong><\/p>\n\n\n\n<p><strong>\u2013 H\u00e1zban (fid-dar) \u2013 H\u00e1zakban (fid-djar)<\/strong><\/p>\n\n\n\n<h3 class=\"wp-block-heading\" id=\"h-3-verbs-conjugation-and-tense\">3. Verbi: Konjugazzjoni u Temp<\/h3>\n\n\n\n<p>Il-verbi Ungeri\u017ci huma konjugati skont it-temp, il-burdata, is-su\u0121\u0121ett, u d-definittivit\u00e0. Filwaqt li hemm diversi tempi fl-Ungeri\u017c, it-tag\u0127lim tat-tliet tempi primarji &#8211; pre\u017cent, passat, u futur &#8211; huwa punt tat-tluq tajjeb. Familjarizza ru\u0127ek ma &#8216;mudelli regolari ta&#8217; konjugazzjoni tal-verbi u tg\u0127allem verbi irregolari komuni biex tag\u0127ti spinta lill-\u0127iliet ta &#8216;komunikazzjoni verbali tieg\u0127ek.<\/p>\n\n\n\n<h3 class=\"wp-block-heading\" id=\"h-4-adjectives-agreement-and-placement\">4. A\u0121\u0121ettivi: Ftehim u Tqeg\u0127id<\/h3>\n\n\n\n<p>Fil-grammatika Ungeri\u017ca, l-a\u0121\u0121ettivi g\u0127andhom jaqblu man-nom li jimmodifikaw f&#8217;termini ta&#8217; numru (singular jew plural). Madankollu, l-a\u0121\u0121ettivi m&#8217;g\u0127andhomx g\u0127alfejn jaqblu man-nom g\u0127all-ka\u017c grammatikali. L-a\u0121\u0121ettivi normalment jippre\u010bedu n-nom, u jipprovdu kuntest deskrittiv g\u0127as-sentenza.<\/p>\n\n\n\n<p>E\u017cempji:<\/p>\n\n\n\n<p><strong>\u2013 piros alma (tuffie\u0127 a\u0127mar)<\/strong><\/p>\n\n\n\n<p><strong>\u2013 sz\u00e9p vir\u00e1gok (fjuri sbie\u0127)<\/strong><\/p>\n\n\n\n<h3 class=\"wp-block-heading\" id=\"h-5-vowel-harmony-a-unique-feature\">5. Armonija tal-Vokali: Karatteristika Unika<\/h3>\n\n\n\n<p>Aspett distintiv tal-grammatika Ungeri\u017ca hija l-armonija tal-vokali, li tinvolvi l-qbil tal-vokali fi \u0127dan il-kliem. L-armonija tal-vokali taffettwa l-mod kif is-suffissi huma ffurmati u mehmu\u017ca mal-kliem. Il-fehim u l-prattika tal-armonija tal-vokali se jag\u0127mlu l-Ungeri\u017c miktub u mitkellem tieg\u0127ek aktar pre\u010bi\u017c u naturali.<\/p>\n\n\n\n<h3 class=\"wp-block-heading\" id=\"h-6-engaging-with-the-language\">6. Involviment mal-lingwa<\/h3>\n\n\n\n<p>L-aktar mod effettiv biex tifhem u tinternalizza bis-s\u0127i\u0127 il-grammatika Ungeri\u017ca huwa li timpenja ru\u0127ha b&#8217;mod konsistenti mal-lingwa. Billi taqra letteratura Ungeri\u017ca, tara films nattivi, jew titkellem b&#8217;mod attiv ma&#8217; kelliema nattivi, int se ssa\u0127\u0127a\u0127 il-fehim tieg\u0127ek tal-grammatika filwaqt li tespandi l-vokabularju tieg\u0127ek fl-istess \u0127in.<\/p>\n\n\n\n<h3 class=\"wp-block-heading\" id=\"h-conclusion\">Konklu\u017cjoni<\/h3>\n\n\n\n<p>G\u0127alkemm il-grammatika Ungeri\u017ca tista &#8216;tidher kumplessa, li tavvi\u010binaha pass pass u tipprattika b&#8217;mod konsistenti tg\u0127inek issir profi\u010bjenti f&#8217;din il-lingwa affaxxinanti. T\u0127addan l-isfida hekk kif tibda l-vja\u0121\u0121 tal-lingwa Ungeri\u017ca tieg\u0127ek, u dalwaqt issib ru\u0127ek b&#8217;kunfidenza tinnaviga l-kumplessitajiet tal-grammatika tag\u0127ha. Happy study and enjoy exploring the wonders of <a href=\"https:\/\/talkpal.ai\/es\/lectura-hungara-ecl\/\">Hungarian grammar<\/a>!<\/p>\n<\/div><\/div>\n\r\n<section class=\"learnNavigationSection\">\r\n            \r\n        <a href=\"https:\/\/talkpal.ai\/mt\/tghallem-l-ungeriz\/\">\r\n            <div class=\"learnNavigationWrapper\">\r\n                <div class=\"learnNavigationContent\">\r\n                    <img decoding=\"async\" src=\"https:\/\/talkpal.ai\/wp-content\/uploads\/2024\/08\/Hungarian.jpg\" alt=\"Hungarian Flag\">\r\n                    <div>\r\n                        <h4>Dwar it-Tag\u0127lim Ungeri\u017c<\/h4>\r\n                        <p>Sir af kollox dwar il-grammatika Ungeri\u017ca.<\/p>\r\n                    <\/div>\r\n                <\/div>\r\n            <\/div>\r\n        <\/a>\r\n\r\n        \r\n        <a href=\"https:\/\/talkpal.ai\/mt\/ezercizzji-tal-grammatika-ungeriza\/\">\r\n            <div class=\"learnNavigationWrapper\">\r\n                <div class=\"learnNavigationContent\">\r\n                    <img decoding=\"async\" src=\"https:\/\/talkpal.ai\/wp-content\/uploads\/2024\/08\/Hungarian.jpg\" alt=\"Hungarian Flag\">\r\n                    <div>\r\n                        <h4>E\u017cer\u010bizzju tal-Grammatika Ungeri\u017ca<\/h4>\r\n                        <p>Prattika grammatika Ungeri\u017ca.<\/p>\r\n                    <\/div>\r\n                <\/div>\r\n            <\/div>\r\n        <\/a>\r\n\r\n        \r\n        <a href=\"https:\/\/talkpal.ai\/vocabulary_language\/hungarian\/\">\r\n            <div class=\"learnNavigationWrapper\">\r\n                <div class=\"learnNavigationContent\">\r\n                    <img decoding=\"async\" src=\"https:\/\/talkpal.ai\/wp-content\/uploads\/2024\/08\/Hungarian.jpg\" alt=\"Hungarian Flag\">\r\n                    <div>\r\n                        <h4>Vokabularju Ungeri\u017c<\/h4>\r\n                        <p>Espandi l-vokabularju Ungeri\u017c tieg\u0127ek.<\/p>\r\n                    <\/div>\r\n                <\/div>\r\n            <\/div>\r\n        <\/a>\r\n\r\n            <\/section>","protected":false},"excerpt":{"rendered":"<p>Titlu: Unlocking the Secrets of Hungarian Grammar L-Ungeri\u017c, lingwa Finno-Ugrika, tispikka bis-sistema grammatikali unika tag\u0127ha, li tag\u0127milha sfida affaxxinanti g\u0127ad-dilettanti tal-lingwa. It-tag\u0127lim tal-Ungeri\u017c mhux biss iwessa&#8217; l-g\u0127arfien lingwistiku tieg\u0127ek i\u017cda jippermettilek ukoll tid\u0127ol fil-kultura u l-istorja captivating tal-Ungerija. Filwaqt li l-grammatika Ungeri\u017ca tista &#8216;inizjalment tidher intimidanti, it-tkissir tag\u0127ha f&#8217;komponenti mani\u0121\u0121abbli jag\u0127mel il-pro\u010bess ta&#8217; tag\u0127lim aktar [&hellip;]<\/p>\n","protected":false},"author":1,"featured_media":1443560,"parent":0,"menu_order":0,"comment_status":"closed","ping_status":"closed","template":"LearningContentPage.php","meta":{"_acf_changed":false,"footnotes":""},"class_list":["post-1443558","page","type-page","status-publish","has-post-thumbnail","hentry"],"acf":[],"yoast_head":"<!-- This site is optimized with the Yoast SEO Premium plugin v27.2 (Yoast SEO v27.2) - https:\/\/yoast.com\/product\/yoast-seo-premium-wordpress\/ -->\n<title>Grammatika Ungeri\u017ca - Talkpal<\/title>\n<meta name=\"description\" content=\"Master Hungarian grammar - learn grammar rules, and practice forming sentences. Ir\u010bievi gwida utli minn TalkPal AI.\" \/>\n<meta name=\"robots\" content=\"index, follow, max-snippet:-1, max-image-preview:large, max-video-preview:-1\" \/>\n<link rel=\"canonical\" href=\"https:\/\/talkpal.ai\/mt\/grammatika-ungeriza\/\" \/>\n<meta property=\"og:locale\" content=\"mt_MT\" \/>\n<meta property=\"og:type\" content=\"article\" \/>\n<meta property=\"og:title\" content=\"Grammatika Ungeri\u017ca\" \/>\n<meta property=\"og:description\" content=\"Titlu: Unlocking the Secrets of Hungarian Grammar L-Ungeri\u017c, lingwa Finno-Ugrika, tispikka bis-sistema grammatikali unika tag\u0127ha, li tag\u0127milha sfida\" \/>\n<meta property=\"og:url\" content=\"https:\/\/talkpal.ai\/mt\/grammatika-ungeriza\/\" \/>\n<meta property=\"og:site_name\" content=\"Talkpal\" \/>\n<meta property=\"article:publisher\" content=\"https:\/\/www.facebook.com\/profile.php?id=100090733639311\" \/>\n<meta property=\"article:modified_time\" content=\"2025-12-12T10:44:59+00:00\" \/>\n<meta property=\"og:image\" content=\"https:\/\/talkpal.ai\/wp-content\/uploads\/2023\/05\/Hungarian.png\" \/>\n\t<meta property=\"og:image:width\" content=\"512\" \/>\n\t<meta property=\"og:image:height\" content=\"512\" \/>\n\t<meta property=\"og:image:type\" content=\"image\/png\" \/>\n<meta name=\"twitter:card\" content=\"summary_large_image\" \/>\n<meta name=\"twitter:site\" content=\"@talkpalai\" \/>\n<meta name=\"twitter:label1\" content=\"Est. reading time\" \/>\n\t<meta name=\"twitter:data1\" content=\"3 minutes\" \/>\n<script type=\"application\/ld+json\" class=\"yoast-schema-graph\">{\"@context\":\"https:\/\/schema.org\",\"@graph\":[{\"@type\":\"WebPage\",\"@id\":\"https:\/\/talkpal.ai\/mt\/grammatika-ungeriza\/\",\"url\":\"https:\/\/talkpal.ai\/mt\/grammatika-ungeriza\/\",\"name\":\"Grammatika Ungeri\u017ca - Talkpal\",\"isPartOf\":{\"@id\":\"https:\/\/talkpal.ai\/mt\/#website\"},\"primaryImageOfPage\":{\"@id\":\"https:\/\/talkpal.ai\/mt\/grammatika-ungeriza\/#primaryimage\"},\"image\":{\"@id\":\"https:\/\/talkpal.ai\/mt\/grammatika-ungeriza\/#primaryimage\"},\"thumbnailUrl\":\"https:\/\/talkpal.ai\/wp-content\/uploads\/2023\/05\/Hungarian.png\",\"datePublished\":\"2023-05-14T14:08:53+00:00\",\"dateModified\":\"2025-12-12T10:44:59+00:00\",\"description\":\"Master Hungarian grammar - learn grammar rules, and practice forming sentences. Ir\u010bievi gwida utli minn TalkPal AI.\",\"breadcrumb\":{\"@id\":\"https:\/\/talkpal.ai\/mt\/grammatika-ungeriza\/#breadcrumb\"},\"inLanguage\":\"mt-MT\",\"potentialAction\":[{\"@type\":\"ReadAction\",\"target\":[\"https:\/\/talkpal.ai\/mt\/grammatika-ungeriza\/\"]}]},{\"@type\":\"ImageObject\",\"inLanguage\":\"mt-MT\",\"@id\":\"https:\/\/talkpal.ai\/mt\/grammatika-ungeriza\/#primaryimage\",\"url\":\"https:\/\/talkpal.ai\/wp-content\/uploads\/2023\/05\/Hungarian.png\",\"contentUrl\":\"https:\/\/talkpal.ai\/wp-content\/uploads\/2023\/05\/Hungarian.png\",\"width\":512,\"height\":512,\"caption\":\"TalkPal Hungarian Flag\"},{\"@type\":\"BreadcrumbList\",\"@id\":\"https:\/\/talkpal.ai\/mt\/grammatika-ungeriza\/#breadcrumb\",\"itemListElement\":[{\"@type\":\"ListItem\",\"position\":1,\"name\":\"Homepage\",\"item\":\"https:\/\/talkpal.ai\/mt\/\"},{\"@type\":\"ListItem\",\"position\":2,\"name\":\"Grammatika Ungeri\u017ca\"}]},{\"@type\":\"WebSite\",\"@id\":\"https:\/\/talkpal.ai\/mt\/#website\",\"url\":\"https:\/\/talkpal.ai\/mt\/\",\"name\":\"Talkpal\",\"description\":\"AI Language Learning\",\"publisher\":{\"@id\":\"https:\/\/talkpal.ai\/mt\/#organization\"},\"alternateName\":\"Talkpal AI\",\"potentialAction\":[{\"@type\":\"SearchAction\",\"target\":{\"@type\":\"EntryPoint\",\"urlTemplate\":\"https:\/\/talkpal.ai\/mt\/?s={search_term_string}\"},\"query-input\":{\"@type\":\"PropertyValueSpecification\",\"valueRequired\":true,\"valueName\":\"search_term_string\"}}],\"inLanguage\":\"mt-MT\"},{\"@type\":\"Organization\",\"@id\":\"https:\/\/talkpal.ai\/mt\/#organization\",\"name\":\"Talkpal, Inc.\",\"alternateName\":\"Talkpal AI\",\"url\":\"https:\/\/talkpal.ai\/mt\/\",\"logo\":{\"@type\":\"ImageObject\",\"inLanguage\":\"mt-MT\",\"@id\":\"https:\/\/talkpal.ai\/mt\/#\/schema\/logo\/image\/\",\"url\":\"https:\/\/talkpal.ai\/wp-content\/uploads\/2024\/03\/Talkpal-Logo-Icon.png\",\"contentUrl\":\"https:\/\/talkpal.ai\/wp-content\/uploads\/2024\/03\/Talkpal-Logo-Icon.png\",\"width\":2880,\"height\":2880,\"caption\":\"Talkpal, Inc.\"},\"image\":{\"@id\":\"https:\/\/talkpal.ai\/mt\/#\/schema\/logo\/image\/\"},\"sameAs\":[\"https:\/\/www.facebook.com\/profile.php?id=100090733639311\",\"https:\/\/x.com\/talkpalai\",\"https:\/\/www.linkedin.com\/company\/talkpal\/\",\"https:\/\/www.youtube.com\/@TalkPal\/\",\"https:\/\/www.tiktok.com\/@talkpal\",\"https:\/\/www.instagram.com\/talkpal_ai\/\",\"https:\/\/www.crunchbase.com\/organization\/talkpal-9cde\",\"https:\/\/www.g2.com\/products\/talkpal-for-business\/\",\"https:\/\/www.trustpilot.com\/review\/talkpal.ai\",\"https:\/\/www.capterra.com\/p\/10006800\/TalkPal\/\"],\"description\":\"Talkpal is a language learning web and mobile education app, powered by the latest AI technologies, that provides engaging experiences to its customers in many different languages to help them improve their language skills. Users can chat about unlimited amount of topics with the app and use other modes to practice their language learning.\",\"email\":\"support@talkpal.ai\",\"legalName\":\"Talkpal, Inc.\",\"foundingDate\":\"2023-04-03\",\"duns\":\"118989042\",\"numberOfEmployees\":{\"@type\":\"QuantitativeValue\",\"minValue\":\"11\",\"maxValue\":\"50\"},\"publishingPrinciples\":\"https:\/\/talkpal.ai\/publishing-principles\/\",\"actionableFeedbackPolicy\":\"https:\/\/talkpal.ai\/actionable-feedback-policy\/\",\"correctionsPolicy\":\"https:\/\/talkpal.ai\/corrections-policy\/\",\"ethicsPolicy\":\"https:\/\/talkpal.ai\/ethics-policy\/\",\"diversityPolicy\":\"https:\/\/talkpal.ai\/diversity-policy\/\",\"diversityStaffingReport\":\"https:\/\/talkpal.ai\/diversity-policy\/\"}]}<\/script>\n<!-- \/ Yoast SEO Premium plugin. -->","yoast_head_json":{"title":"Grammatika Ungeri\u017ca - Talkpal","description":"Master Hungarian grammar - learn grammar rules, and practice forming sentences. Ir\u010bievi gwida utli minn TalkPal AI.","robots":{"index":"index","follow":"follow","max-snippet":"max-snippet:-1","max-image-preview":"max-image-preview:large","max-video-preview":"max-video-preview:-1"},"canonical":"https:\/\/talkpal.ai\/mt\/grammatika-ungeriza\/","og_locale":"mt_MT","og_type":"article","og_title":"Grammatika Ungeri\u017ca","og_description":"Titlu: Unlocking the Secrets of Hungarian Grammar L-Ungeri\u017c, lingwa Finno-Ugrika, tispikka bis-sistema grammatikali unika tag\u0127ha, li tag\u0127milha sfida","og_url":"https:\/\/talkpal.ai\/mt\/grammatika-ungeriza\/","og_site_name":"Talkpal","article_publisher":"https:\/\/www.facebook.com\/profile.php?id=100090733639311","article_modified_time":"2025-12-12T10:44:59+00:00","og_image":[{"width":512,"height":512,"url":"https:\/\/talkpal.ai\/wp-content\/uploads\/2023\/05\/Hungarian.png","type":"image\/png"}],"twitter_card":"summary_large_image","twitter_site":"@talkpalai","twitter_misc":{"Est. reading time":"3 minutes"},"schema":{"@context":"https:\/\/schema.org","@graph":[{"@type":"WebPage","@id":"https:\/\/talkpal.ai\/mt\/grammatika-ungeriza\/","url":"https:\/\/talkpal.ai\/mt\/grammatika-ungeriza\/","name":"Grammatika Ungeri\u017ca - Talkpal","isPartOf":{"@id":"https:\/\/talkpal.ai\/mt\/#website"},"primaryImageOfPage":{"@id":"https:\/\/talkpal.ai\/mt\/grammatika-ungeriza\/#primaryimage"},"image":{"@id":"https:\/\/talkpal.ai\/mt\/grammatika-ungeriza\/#primaryimage"},"thumbnailUrl":"https:\/\/talkpal.ai\/wp-content\/uploads\/2023\/05\/Hungarian.png","datePublished":"2023-05-14T14:08:53+00:00","dateModified":"2025-12-12T10:44:59+00:00","description":"Master Hungarian grammar - learn grammar rules, and practice forming sentences. Ir\u010bievi gwida utli minn TalkPal AI.","breadcrumb":{"@id":"https:\/\/talkpal.ai\/mt\/grammatika-ungeriza\/#breadcrumb"},"inLanguage":"mt-MT","potentialAction":[{"@type":"ReadAction","target":["https:\/\/talkpal.ai\/mt\/grammatika-ungeriza\/"]}]},{"@type":"ImageObject","inLanguage":"mt-MT","@id":"https:\/\/talkpal.ai\/mt\/grammatika-ungeriza\/#primaryimage","url":"https:\/\/talkpal.ai\/wp-content\/uploads\/2023\/05\/Hungarian.png","contentUrl":"https:\/\/talkpal.ai\/wp-content\/uploads\/2023\/05\/Hungarian.png","width":512,"height":512,"caption":"TalkPal Hungarian Flag"},{"@type":"BreadcrumbList","@id":"https:\/\/talkpal.ai\/mt\/grammatika-ungeriza\/#breadcrumb","itemListElement":[{"@type":"ListItem","position":1,"name":"Homepage","item":"https:\/\/talkpal.ai\/mt\/"},{"@type":"ListItem","position":2,"name":"Grammatika Ungeri\u017ca"}]},{"@type":"WebSite","@id":"https:\/\/talkpal.ai\/mt\/#website","url":"https:\/\/talkpal.ai\/mt\/","name":"Talkpal","description":"AI Language Learning","publisher":{"@id":"https:\/\/talkpal.ai\/mt\/#organization"},"alternateName":"Talkpal AI","potentialAction":[{"@type":"SearchAction","target":{"@type":"EntryPoint","urlTemplate":"https:\/\/talkpal.ai\/mt\/?s={search_term_string}"},"query-input":{"@type":"PropertyValueSpecification","valueRequired":true,"valueName":"search_term_string"}}],"inLanguage":"mt-MT"},{"@type":"Organization","@id":"https:\/\/talkpal.ai\/mt\/#organization","name":"Talkpal, Inc.","alternateName":"Talkpal AI","url":"https:\/\/talkpal.ai\/mt\/","logo":{"@type":"ImageObject","inLanguage":"mt-MT","@id":"https:\/\/talkpal.ai\/mt\/#\/schema\/logo\/image\/","url":"https:\/\/talkpal.ai\/wp-content\/uploads\/2024\/03\/Talkpal-Logo-Icon.png","contentUrl":"https:\/\/talkpal.ai\/wp-content\/uploads\/2024\/03\/Talkpal-Logo-Icon.png","width":2880,"height":2880,"caption":"Talkpal, Inc."},"image":{"@id":"https:\/\/talkpal.ai\/mt\/#\/schema\/logo\/image\/"},"sameAs":["https:\/\/www.facebook.com\/profile.php?id=100090733639311","https:\/\/x.com\/talkpalai","https:\/\/www.linkedin.com\/company\/talkpal\/","https:\/\/www.youtube.com\/@TalkPal\/","https:\/\/www.tiktok.com\/@talkpal","https:\/\/www.instagram.com\/talkpal_ai\/","https:\/\/www.crunchbase.com\/organization\/talkpal-9cde","https:\/\/www.g2.com\/products\/talkpal-for-business\/","https:\/\/www.trustpilot.com\/review\/talkpal.ai","https:\/\/www.capterra.com\/p\/10006800\/TalkPal\/"],"description":"Talkpal is a language learning web and mobile education app, powered by the latest AI technologies, that provides engaging experiences to its customers in many different languages to help them improve their language skills. Users can chat about unlimited amount of topics with the app and use other modes to practice their language learning.","email":"support@talkpal.ai","legalName":"Talkpal, Inc.","foundingDate":"2023-04-03","duns":"118989042","numberOfEmployees":{"@type":"QuantitativeValue","minValue":"11","maxValue":"50"},"publishingPrinciples":"https:\/\/talkpal.ai\/publishing-principles\/","actionableFeedbackPolicy":"https:\/\/talkpal.ai\/actionable-feedback-policy\/","correctionsPolicy":"https:\/\/talkpal.ai\/corrections-policy\/","ethicsPolicy":"https:\/\/talkpal.ai\/ethics-policy\/","diversityPolicy":"https:\/\/talkpal.ai\/diversity-policy\/","diversityStaffingReport":"https:\/\/talkpal.ai\/diversity-policy\/"}]}},"_links":{"self":[{"href":"https:\/\/talkpal.ai\/mt\/wp-json\/wp\/v2\/pages\/1443558","targetHints":{"allow":["GET"]}}],"collection":[{"href":"https:\/\/talkpal.ai\/mt\/wp-json\/wp\/v2\/pages"}],"about":[{"href":"https:\/\/talkpal.ai\/mt\/wp-json\/wp\/v2\/types\/page"}],"author":[{"embeddable":true,"href":"https:\/\/talkpal.ai\/mt\/wp-json\/wp\/v2\/users\/1"}],"replies":[{"embeddable":true,"href":"https:\/\/talkpal.ai\/mt\/wp-json\/wp\/v2\/comments?post=1443558"}],"version-history":[{"count":0,"href":"https:\/\/talkpal.ai\/mt\/wp-json\/wp\/v2\/pages\/1443558\/revisions"}],"wp:featuredmedia":[{"embeddable":true,"href":"https:\/\/talkpal.ai\/mt\/wp-json\/wp\/v2\/media\/1443560"}],"wp:attachment":[{"href":"https:\/\/talkpal.ai\/mt\/wp-json\/wp\/v2\/media?parent=1443558"}],"curies":[{"name":"wp","href":"https:\/\/api.w.org\/{rel}","templated":true}]}}