{"id":1443553,"date":"2023-05-14T14:03:23","date_gmt":"2023-05-14T14:03:23","guid":{"rendered":"https:\/\/talkpal.ai\/grammatika-daniza\/"},"modified":"2025-12-13T15:26:02","modified_gmt":"2025-12-13T15:26:02","slug":"grammatika-daniza","status":"publish","type":"page","link":"https:\/\/talkpal.ai\/mt\/grammatika-daniza\/","title":{"rendered":"Grammatika Dani\u017ca"},"content":{"rendered":"\r\n\r\n\r\n<section class=\"languageChallengeSection\">\r\n    <div class=\"languageInfoWrapper\">\r\n        \r\n        <h1>Grammatika Dani\u017ca<\/h1>\r\n        <p>Unlock the essentials of <a href=\"https:\/\/talkpal.ai\/grammar\/first-conditional-in-danish-grammar\/\">Danish grammar<\/a> and start communicate confidently in this charming Scandinavian language. Billi tikkontrolla r-regoli u l-istrutturi ewlenin, int ser tikseb il-\u0127iliet me\u0127tie\u0121a biex tikkonnettja mal-kelliema Dani\u017ci u tesperjenza l-kultura rikka tag\u0127hom b&#039;mod dirett. Ibda titg\u0127allem il-<a href=\"https:\/\/talkpal.ai\/danish-grammar\/\">grammatika Dani\u017ca<\/a> llum u \u0127u l-ewwel pass tieg\u0127ek lejn il-\u0127effa!\n\n<\/p>\r\n\r\n                            <a class=\"getStartedHidden\" href=\"https:\/\/app.talkpal.ai\/signup?lng=\">Ibda<\/a>\r\n        \r\n    <\/div>\r\n\r\n    <figure>\r\n    <img decoding=\"async\" width=\"768\" height=\"768\" src=\"https:\/\/talkpal.ai\/wp-content\/uploads\/2023\/06\/danish-768x768.png\" class=\"languageImage no-lazy\" alt=\"Language learning for career enhancement\" fetchpriority=\"high\" sizes=\"(max-width: 768px) 150px, 768px\" srcset=\"https:\/\/talkpal.ai\/wp-content\/uploads\/2023\/06\/danish-768x768.png 768w, https:\/\/talkpal.ai\/wp-content\/uploads\/2023\/06\/danish-300x300.png 300w\" \/>\r\n    \r\n\r\n    <\/figure>\r\n\r\n            <a class=\"getStartedVisible\" href=\"https:\/\/app.talkpal.ai\/signup?lng=\">Ibda<\/a>\r\n    \r\n<\/section>\r\n<section class=\"promotionalBanner\">\r\n    <p class=\"promotionalText\">L-aktar mod effi\u010bjenti biex titg\u0127allem lingwa<\/p>\r\n    <a class=\"promotionalLink\" href=\"https:\/\/app.talkpal.ai\/signup?lng=\">Ipprova Talkpal b&#8217;xejn<\/a>\r\n<\/section>\n<div class=\"wp-block-group pageContainerStyle\"><div class=\"wp-block-group__inner-container is-layout-constrained wp-block-group-is-layout-constrained\">\n<h2 class=\"wp-block-heading\" id=\"h-delving-into-the-depths-of-danish-grammar-unraveling-its-idiosyncrasies-and-charm\">T\u0127affef fil-Fond tal-Grammatika Dani\u017ca: Unraveling Idiosyncrasies u Charm tag\u0127ha<\/h2>\n\n\n\n<p>Remember the time when learning <a href=\"https:\/\/talkpal.ai\/es\/grammar\/10-reglas-esenciales-de-la-gramatica-inglesa-para-dominar-el-idioma\/\">English grammar<\/a> seems like an uphill battle with its plethora of rules, exceptions, and intricate terminology? Jekk issa qed tpo\u0121\u0121i l-g\u0127ajnejn tieg\u0127ek fuq it-tag\u0127lim tal-lingwa Dani\u017ca, ipprepara ru\u0127ek g\u0127al rikba o\u0127ra enthralling permezz tal-kumplessitajiet u l-pja\u010biri tal-<a href=\"https:\/\/talkpal.ai\/danish-grammar\/\">grammatika Dani\u017ca<\/a>.<\/p>\n\n\n\n<p>Id-<a href=\"https:\/\/talkpal.ai\/learn-danish\/\">Dani\u017c<\/a>, lingwa \u0120ermani\u017ca tat-Tramuntana, taqsam xebh ma&#8217; lingwi b\u0127an-<a href=\"https:\/\/talkpal.ai\/learn-norwegian\/\">Norve\u0121i\u017c<\/a> u l-I\u017cvedi\u017c. Madankollu, g\u0127andu l-karatteristi\u010bi uni\u010bi tieg\u0127u stess li jag\u0127mluha \u0121awhra ta &#8216;min jesplora fil-fond. Nibdew billi ni\u017cvelaw l-g\u0127e\u0121ubijiet tal-grammatika Dani\u017ca, regola wa\u0127da kull darba.<\/p>\n\n\n\n<p><strong>Karatteristika impressjonanti tal-grammatika Dani\u017ca<\/strong> hija s-sempli\u010bit\u00e0 tag\u0127ha meta ni\u0121u g\u0127all-ordni tal-kliem. Id-Dani\u017c isegwi l-istruttura su\u0121\u0121ett-verb-o\u0121\u0121ett (SVO), b\u0127all-<a href=\"https:\/\/talkpal.ai\/learn-english-with-ai\/\">Ingli\u017c<\/a>, li jag\u0127milha relattivament fa\u010bli g\u0127all-kelliema Ingli\u017ci biex jifhmu. Madankollu, hemm twist &#8211; l-u\u017cu ta &#8216;ordni ta&#8217; kliem V2 fil-klaw\u017coli ewlenin, li jfisser li l-verb g\u0127andu dejjem ikun it-tieni element. Din ir-regola \u017c\u017cid mess ta &#8216;uni\u010bit\u00e0 mal-lingwa Dani\u017ca.<\/p>\n\n\n\n<p>Another endearing aspect of Danish grammar is its <strong>two-gender<\/strong> system. Filwaqt li xi lingwi b\u0127all-Fran\u010bi\u017c jew l-Ispanjol jikkonsistu f&#8217;\u0121eneri separati g\u0127all-maskili u l-femminili, id-Dani\u017c jissimplifika dan billi ju\u017ca \u017cew\u0121 \u0121eneri ewlenin: komuni u neutru. Fid-Dani\u017c, il-bi\u010b\u010ba l-kbira tan-nomi jaqg\u0127u ta\u0127t il-kategorija &#8220;komuni&#8221;, u b&#8217;hekk il-ftehim bejn is-sessi mal-a\u0121\u0121ettivi u l-artikli huma relattivament sempli\u010bi biex jinftiehmu.<\/p>\n\n\n\n<p>Approfondixxi l-isfera <strong>tal-konjugazzjoni tal-verb<\/strong>, u ssib li d-Dani\u017c jissupera lingwi o\u0127ra rigward is-sempli\u010bit\u00e0. Il-verbi Dani\u017ci ma jinbidlux skont is-su\u0121\u0121ett, u jag\u0127mluha ri\u0127 biex timmemorizza u tifhem forom differenti. Il-verbi regolari jsegwu mudelli prevedibbli, u anke l-verbi irregolari jo\u0127olqu ftit sfida peress li l-irregolaritajiet tag\u0127hom huma sottili \u0127afna.<\/p>\n\n\n\n<p>Il-grammatika Dani\u017ca toffri karatteristika unika <strong>bl-u\u017cu tag\u0127ha ta &#8216;indefiniti, artikli u dimostrattivi<\/strong>. L-artiklu indefinit huwa ekwivalenti g\u0127al &#8220;a&#8221; jew &#8220;an&#8221; bl-Ingli\u017c, u bid-Dani\u017c jista&#8217; jkun &#8220;en&#8221; g\u0127all-\u0121eneru komuni jew &#8220;et&#8221; g\u0127al nomi neutri. L-artiklu definittiv, simili g\u0127al &#8220;the&#8221; bl-Ingli\u017c, je\u0127el mat-tmiem tan-nom innifsu, u jing\u0127aqad biex isir kelma wa\u0127da. Id-dimostrattivi, li jindikaw nomi spe\u010bifi\u010bi, jinbidlu wkoll skont is-sess tan-nom, u j\u017cidu livell ta &#8216;spe\u010bifi\u010bit\u00e0 u se\u0127er.<\/p>\n\n\n\n<p>Ejja ma ninsewx dwar is-sbu\u0127ija <strong>tal-pronunzja Dani\u017ca<\/strong>, li te\u0127tie\u0121 familjarit\u00e0 mal-\u0127sejjes vokali distintivi tag\u0127ha u l-konsonanti rattab. L-u\u017cu ta &#8216;st\u00f8d (waqfa glottal) ikompli jiddistingwih minn lingwi \u0120ermani\u017ci o\u0127ra, u jag\u0127ti lid-Dani\u017c il-\u0127oss u l-faxxinu uniku tieg\u0127u.<\/p>\n\n\n\n<p>Billi tg\u0127addas ru\u0127ek fil-grammatika Dani\u017ca, mhux biss titg\u0127allem lingwa \u0121dida i\u017cda wkoll tarrikkixxi b&#8217;mod wiesa&#8217; l-g\u0127arfien kulturali u l-fehim tieg\u0127ek tad-Danimarka u n-nies tag\u0127ha. G\u0127alkemm sfida xi drabi, il-grammatika Dani\u017ca toffri esperjenza ta &#8216;tag\u0127lim unika li tifta\u0127 il-bieb g\u0127al g\u0127add ta&#8217; charms u idiosyncrasies li jag\u0127mluha lingwa irresistibbli biex tesplora. Allura, aqbad il-kotba tal-lingwa tieg\u0127ek u imbarka fuq avventura tal-grammatika Dani\u017ca li twieg\u0127ed li taqbad u tispirak f&#8217;kull dawra!<\/p>\n<\/div><\/div>\n\r\n<section class=\"learnNavigationSection\">\r\n            \r\n        <a href=\"https:\/\/talkpal.ai\/mt\/tghallem-id-daniz\/\">\r\n            <div class=\"learnNavigationWrapper\">\r\n                <div class=\"learnNavigationContent\">\r\n                    <img decoding=\"async\" src=\"https:\/\/talkpal.ai\/wp-content\/uploads\/2024\/08\/Danish.jpg\" alt=\"Danish Flag\">\r\n                    <div>\r\n                        <h4>Dwar it-Tag\u0127lim tad-Dani\u017c<\/h4>\r\n                        <p>Sir af kollox dwar il-grammatika Dani\u017ca.<\/p>\r\n                    <\/div>\r\n                <\/div>\r\n            <\/div>\r\n        <\/a>\r\n\r\n        \r\n        <a href=\"https:\/\/talkpal.ai\/mt\/ezercizzji-tal-grammatika-daniza\/\">\r\n            <div class=\"learnNavigationWrapper\">\r\n                <div class=\"learnNavigationContent\">\r\n                    <img decoding=\"async\" src=\"https:\/\/talkpal.ai\/wp-content\/uploads\/2024\/08\/Danish.jpg\" alt=\"Danish Flag\">\r\n                    <div>\r\n                        <h4>E\u017cer\u010bizzju tal-Grammatika Dani\u017ca<\/h4>\r\n                        <p>Ipprattika l-grammatika Dani\u017ca.<\/p>\r\n                    <\/div>\r\n                <\/div>\r\n            <\/div>\r\n        <\/a>\r\n\r\n        \r\n        <a href=\"https:\/\/talkpal.ai\/vocabulary_language\/danish\/\">\r\n            <div class=\"learnNavigationWrapper\">\r\n                <div class=\"learnNavigationContent\">\r\n                    <img decoding=\"async\" src=\"https:\/\/talkpal.ai\/wp-content\/uploads\/2024\/08\/Danish.jpg\" alt=\"Danish Flag\">\r\n                    <div>\r\n                        <h4>Vokabularju Dani\u017c<\/h4>\r\n                        <p>Espandi l-vokabularju Dani\u017c tieg\u0127ek.<\/p>\r\n                    <\/div>\r\n                <\/div>\r\n            <\/div>\r\n        <\/a>\r\n\r\n            <\/section>","protected":false},"excerpt":{"rendered":"<p>T\u0127affef fil-Fond tal-Grammatika Dani\u017ca: Unraveling Idiosyncrasies u Charm tag\u0127ha Remember the time when learning English grammar seems like an uphill battle with its plethora of rules, exceptions, and intricate terminology? Jekk issa qed tpo\u0121\u0121i l-g\u0127ajnejn tieg\u0127ek fuq it-tag\u0127lim tal-lingwa Dani\u017ca, ipprepara ru\u0127ek g\u0127al rikba o\u0127ra enthralling permezz tal-kumplessitajiet u l-pja\u010biri tal-grammatika Dani\u017ca. Id-Dani\u017c, lingwa \u0120ermani\u017ca [&hellip;]<\/p>\n","protected":false},"author":1,"featured_media":1443555,"parent":0,"menu_order":0,"comment_status":"closed","ping_status":"closed","template":"LearningContentPage.php","meta":{"_acf_changed":false,"footnotes":""},"class_list":["post-1443553","page","type-page","status-publish","has-post-thumbnail","hentry"],"acf":[],"yoast_head":"<!-- This site is optimized with the Yoast SEO Premium plugin v27.2 (Yoast SEO v27.2) - https:\/\/yoast.com\/product\/yoast-seo-premium-wordpress\/ -->\n<title>Grammatika Dani\u017ca - Talkpal<\/title>\n<meta name=\"description\" content=\"Esplora l-intricacies tal-Grammatika Dani\u017ca u skopri r-regoli u l-karatteristi\u010bi uni\u010bi tag\u0127ha. Tg\u0127allem tinnaviga l-lingwa ming\u0127ajr sforz.\" \/>\n<meta name=\"robots\" content=\"index, follow, max-snippet:-1, max-image-preview:large, max-video-preview:-1\" \/>\n<link rel=\"canonical\" href=\"https:\/\/talkpal.ai\/mt\/grammatika-daniza\/\" \/>\n<meta property=\"og:locale\" content=\"mt_MT\" \/>\n<meta property=\"og:type\" content=\"article\" \/>\n<meta property=\"og:title\" content=\"Grammatika Dani\u017ca\" \/>\n<meta property=\"og:description\" content=\"T\u0127affef fil-Fond tal-Grammatika Dani\u017ca: Unraveling Idiosyncrasies u Charm tag\u0127ha Remember the time when learning English grammar seems like an uphill\" \/>\n<meta property=\"og:url\" content=\"https:\/\/talkpal.ai\/mt\/grammatika-daniza\/\" \/>\n<meta property=\"og:site_name\" content=\"Talkpal\" \/>\n<meta property=\"article:publisher\" content=\"https:\/\/www.facebook.com\/profile.php?id=100090733639311\" \/>\n<meta property=\"article:modified_time\" content=\"2025-12-13T15:26:02+00:00\" \/>\n<meta property=\"og:image\" content=\"https:\/\/talkpal.ai\/wp-content\/uploads\/2023\/05\/denmark.png\" \/>\n\t<meta property=\"og:image:width\" content=\"512\" \/>\n\t<meta property=\"og:image:height\" content=\"512\" \/>\n\t<meta property=\"og:image:type\" content=\"image\/png\" \/>\n<meta name=\"twitter:card\" content=\"summary_large_image\" \/>\n<meta name=\"twitter:site\" content=\"@talkpalai\" \/>\n<meta name=\"twitter:label1\" content=\"Est. reading time\" \/>\n\t<meta name=\"twitter:data1\" content=\"3 minutes\" \/>\n<script type=\"application\/ld+json\" class=\"yoast-schema-graph\">{\"@context\":\"https:\/\/schema.org\",\"@graph\":[{\"@type\":\"WebPage\",\"@id\":\"https:\/\/talkpal.ai\/mt\/grammatika-daniza\/\",\"url\":\"https:\/\/talkpal.ai\/mt\/grammatika-daniza\/\",\"name\":\"Grammatika Dani\u017ca - Talkpal\",\"isPartOf\":{\"@id\":\"https:\/\/talkpal.ai\/mt\/#website\"},\"primaryImageOfPage\":{\"@id\":\"https:\/\/talkpal.ai\/mt\/grammatika-daniza\/#primaryimage\"},\"image\":{\"@id\":\"https:\/\/talkpal.ai\/mt\/grammatika-daniza\/#primaryimage\"},\"thumbnailUrl\":\"https:\/\/talkpal.ai\/wp-content\/uploads\/2023\/05\/denmark.png\",\"datePublished\":\"2023-05-14T14:03:23+00:00\",\"dateModified\":\"2025-12-13T15:26:02+00:00\",\"description\":\"Esplora l-intricacies tal-Grammatika Dani\u017ca u skopri r-regoli u l-karatteristi\u010bi uni\u010bi tag\u0127ha. Tg\u0127allem tinnaviga l-lingwa ming\u0127ajr sforz.\",\"breadcrumb\":{\"@id\":\"https:\/\/talkpal.ai\/mt\/grammatika-daniza\/#breadcrumb\"},\"inLanguage\":\"mt-MT\",\"potentialAction\":[{\"@type\":\"ReadAction\",\"target\":[\"https:\/\/talkpal.ai\/mt\/grammatika-daniza\/\"]}]},{\"@type\":\"ImageObject\",\"inLanguage\":\"mt-MT\",\"@id\":\"https:\/\/talkpal.ai\/mt\/grammatika-daniza\/#primaryimage\",\"url\":\"https:\/\/talkpal.ai\/wp-content\/uploads\/2023\/05\/denmark.png\",\"contentUrl\":\"https:\/\/talkpal.ai\/wp-content\/uploads\/2023\/05\/denmark.png\",\"width\":512,\"height\":512,\"caption\":\"TalkPal Denmark Flag\"},{\"@type\":\"BreadcrumbList\",\"@id\":\"https:\/\/talkpal.ai\/mt\/grammatika-daniza\/#breadcrumb\",\"itemListElement\":[{\"@type\":\"ListItem\",\"position\":1,\"name\":\"Homepage\",\"item\":\"https:\/\/talkpal.ai\/mt\/\"},{\"@type\":\"ListItem\",\"position\":2,\"name\":\"Grammatika Dani\u017ca\"}]},{\"@type\":\"WebSite\",\"@id\":\"https:\/\/talkpal.ai\/mt\/#website\",\"url\":\"https:\/\/talkpal.ai\/mt\/\",\"name\":\"Talkpal\",\"description\":\"AI Language Learning\",\"publisher\":{\"@id\":\"https:\/\/talkpal.ai\/mt\/#organization\"},\"alternateName\":\"Talkpal AI\",\"potentialAction\":[{\"@type\":\"SearchAction\",\"target\":{\"@type\":\"EntryPoint\",\"urlTemplate\":\"https:\/\/talkpal.ai\/mt\/?s={search_term_string}\"},\"query-input\":{\"@type\":\"PropertyValueSpecification\",\"valueRequired\":true,\"valueName\":\"search_term_string\"}}],\"inLanguage\":\"mt-MT\"},{\"@type\":\"Organization\",\"@id\":\"https:\/\/talkpal.ai\/mt\/#organization\",\"name\":\"Talkpal, Inc.\",\"alternateName\":\"Talkpal AI\",\"url\":\"https:\/\/talkpal.ai\/mt\/\",\"logo\":{\"@type\":\"ImageObject\",\"inLanguage\":\"mt-MT\",\"@id\":\"https:\/\/talkpal.ai\/mt\/#\/schema\/logo\/image\/\",\"url\":\"https:\/\/talkpal.ai\/wp-content\/uploads\/2024\/03\/Talkpal-Logo-Icon.png\",\"contentUrl\":\"https:\/\/talkpal.ai\/wp-content\/uploads\/2024\/03\/Talkpal-Logo-Icon.png\",\"width\":2880,\"height\":2880,\"caption\":\"Talkpal, Inc.\"},\"image\":{\"@id\":\"https:\/\/talkpal.ai\/mt\/#\/schema\/logo\/image\/\"},\"sameAs\":[\"https:\/\/www.facebook.com\/profile.php?id=100090733639311\",\"https:\/\/x.com\/talkpalai\",\"https:\/\/www.linkedin.com\/company\/talkpal\/\",\"https:\/\/www.youtube.com\/@TalkPal\/\",\"https:\/\/www.tiktok.com\/@talkpal\",\"https:\/\/www.instagram.com\/talkpal_ai\/\",\"https:\/\/www.crunchbase.com\/organization\/talkpal-9cde\",\"https:\/\/www.g2.com\/products\/talkpal-for-business\/\",\"https:\/\/www.trustpilot.com\/review\/talkpal.ai\",\"https:\/\/www.capterra.com\/p\/10006800\/TalkPal\/\"],\"description\":\"Talkpal is a language learning web and mobile education app, powered by the latest AI technologies, that provides engaging experiences to its customers in many different languages to help them improve their language skills. Users can chat about unlimited amount of topics with the app and use other modes to practice their language learning.\",\"email\":\"support@talkpal.ai\",\"legalName\":\"Talkpal, Inc.\",\"foundingDate\":\"2023-04-03\",\"duns\":\"118989042\",\"numberOfEmployees\":{\"@type\":\"QuantitativeValue\",\"minValue\":\"11\",\"maxValue\":\"50\"},\"publishingPrinciples\":\"https:\/\/talkpal.ai\/publishing-principles\/\",\"actionableFeedbackPolicy\":\"https:\/\/talkpal.ai\/actionable-feedback-policy\/\",\"correctionsPolicy\":\"https:\/\/talkpal.ai\/corrections-policy\/\",\"ethicsPolicy\":\"https:\/\/talkpal.ai\/ethics-policy\/\",\"diversityPolicy\":\"https:\/\/talkpal.ai\/diversity-policy\/\",\"diversityStaffingReport\":\"https:\/\/talkpal.ai\/diversity-policy\/\"}]}<\/script>\n<!-- \/ Yoast SEO Premium plugin. -->","yoast_head_json":{"title":"Grammatika Dani\u017ca - Talkpal","description":"Esplora l-intricacies tal-Grammatika Dani\u017ca u skopri r-regoli u l-karatteristi\u010bi uni\u010bi tag\u0127ha. Tg\u0127allem tinnaviga l-lingwa ming\u0127ajr sforz.","robots":{"index":"index","follow":"follow","max-snippet":"max-snippet:-1","max-image-preview":"max-image-preview:large","max-video-preview":"max-video-preview:-1"},"canonical":"https:\/\/talkpal.ai\/mt\/grammatika-daniza\/","og_locale":"mt_MT","og_type":"article","og_title":"Grammatika Dani\u017ca","og_description":"T\u0127affef fil-Fond tal-Grammatika Dani\u017ca: Unraveling Idiosyncrasies u Charm tag\u0127ha Remember the time when learning English grammar seems like an uphill","og_url":"https:\/\/talkpal.ai\/mt\/grammatika-daniza\/","og_site_name":"Talkpal","article_publisher":"https:\/\/www.facebook.com\/profile.php?id=100090733639311","article_modified_time":"2025-12-13T15:26:02+00:00","og_image":[{"width":512,"height":512,"url":"https:\/\/talkpal.ai\/wp-content\/uploads\/2023\/05\/denmark.png","type":"image\/png"}],"twitter_card":"summary_large_image","twitter_site":"@talkpalai","twitter_misc":{"Est. reading time":"3 minutes"},"schema":{"@context":"https:\/\/schema.org","@graph":[{"@type":"WebPage","@id":"https:\/\/talkpal.ai\/mt\/grammatika-daniza\/","url":"https:\/\/talkpal.ai\/mt\/grammatika-daniza\/","name":"Grammatika Dani\u017ca - Talkpal","isPartOf":{"@id":"https:\/\/talkpal.ai\/mt\/#website"},"primaryImageOfPage":{"@id":"https:\/\/talkpal.ai\/mt\/grammatika-daniza\/#primaryimage"},"image":{"@id":"https:\/\/talkpal.ai\/mt\/grammatika-daniza\/#primaryimage"},"thumbnailUrl":"https:\/\/talkpal.ai\/wp-content\/uploads\/2023\/05\/denmark.png","datePublished":"2023-05-14T14:03:23+00:00","dateModified":"2025-12-13T15:26:02+00:00","description":"Esplora l-intricacies tal-Grammatika Dani\u017ca u skopri r-regoli u l-karatteristi\u010bi uni\u010bi tag\u0127ha. Tg\u0127allem tinnaviga l-lingwa ming\u0127ajr sforz.","breadcrumb":{"@id":"https:\/\/talkpal.ai\/mt\/grammatika-daniza\/#breadcrumb"},"inLanguage":"mt-MT","potentialAction":[{"@type":"ReadAction","target":["https:\/\/talkpal.ai\/mt\/grammatika-daniza\/"]}]},{"@type":"ImageObject","inLanguage":"mt-MT","@id":"https:\/\/talkpal.ai\/mt\/grammatika-daniza\/#primaryimage","url":"https:\/\/talkpal.ai\/wp-content\/uploads\/2023\/05\/denmark.png","contentUrl":"https:\/\/talkpal.ai\/wp-content\/uploads\/2023\/05\/denmark.png","width":512,"height":512,"caption":"TalkPal Denmark Flag"},{"@type":"BreadcrumbList","@id":"https:\/\/talkpal.ai\/mt\/grammatika-daniza\/#breadcrumb","itemListElement":[{"@type":"ListItem","position":1,"name":"Homepage","item":"https:\/\/talkpal.ai\/mt\/"},{"@type":"ListItem","position":2,"name":"Grammatika Dani\u017ca"}]},{"@type":"WebSite","@id":"https:\/\/talkpal.ai\/mt\/#website","url":"https:\/\/talkpal.ai\/mt\/","name":"Talkpal","description":"AI Language Learning","publisher":{"@id":"https:\/\/talkpal.ai\/mt\/#organization"},"alternateName":"Talkpal AI","potentialAction":[{"@type":"SearchAction","target":{"@type":"EntryPoint","urlTemplate":"https:\/\/talkpal.ai\/mt\/?s={search_term_string}"},"query-input":{"@type":"PropertyValueSpecification","valueRequired":true,"valueName":"search_term_string"}}],"inLanguage":"mt-MT"},{"@type":"Organization","@id":"https:\/\/talkpal.ai\/mt\/#organization","name":"Talkpal, Inc.","alternateName":"Talkpal AI","url":"https:\/\/talkpal.ai\/mt\/","logo":{"@type":"ImageObject","inLanguage":"mt-MT","@id":"https:\/\/talkpal.ai\/mt\/#\/schema\/logo\/image\/","url":"https:\/\/talkpal.ai\/wp-content\/uploads\/2024\/03\/Talkpal-Logo-Icon.png","contentUrl":"https:\/\/talkpal.ai\/wp-content\/uploads\/2024\/03\/Talkpal-Logo-Icon.png","width":2880,"height":2880,"caption":"Talkpal, Inc."},"image":{"@id":"https:\/\/talkpal.ai\/mt\/#\/schema\/logo\/image\/"},"sameAs":["https:\/\/www.facebook.com\/profile.php?id=100090733639311","https:\/\/x.com\/talkpalai","https:\/\/www.linkedin.com\/company\/talkpal\/","https:\/\/www.youtube.com\/@TalkPal\/","https:\/\/www.tiktok.com\/@talkpal","https:\/\/www.instagram.com\/talkpal_ai\/","https:\/\/www.crunchbase.com\/organization\/talkpal-9cde","https:\/\/www.g2.com\/products\/talkpal-for-business\/","https:\/\/www.trustpilot.com\/review\/talkpal.ai","https:\/\/www.capterra.com\/p\/10006800\/TalkPal\/"],"description":"Talkpal is a language learning web and mobile education app, powered by the latest AI technologies, that provides engaging experiences to its customers in many different languages to help them improve their language skills. Users can chat about unlimited amount of topics with the app and use other modes to practice their language learning.","email":"support@talkpal.ai","legalName":"Talkpal, Inc.","foundingDate":"2023-04-03","duns":"118989042","numberOfEmployees":{"@type":"QuantitativeValue","minValue":"11","maxValue":"50"},"publishingPrinciples":"https:\/\/talkpal.ai\/publishing-principles\/","actionableFeedbackPolicy":"https:\/\/talkpal.ai\/actionable-feedback-policy\/","correctionsPolicy":"https:\/\/talkpal.ai\/corrections-policy\/","ethicsPolicy":"https:\/\/talkpal.ai\/ethics-policy\/","diversityPolicy":"https:\/\/talkpal.ai\/diversity-policy\/","diversityStaffingReport":"https:\/\/talkpal.ai\/diversity-policy\/"}]}},"_links":{"self":[{"href":"https:\/\/talkpal.ai\/mt\/wp-json\/wp\/v2\/pages\/1443553","targetHints":{"allow":["GET"]}}],"collection":[{"href":"https:\/\/talkpal.ai\/mt\/wp-json\/wp\/v2\/pages"}],"about":[{"href":"https:\/\/talkpal.ai\/mt\/wp-json\/wp\/v2\/types\/page"}],"author":[{"embeddable":true,"href":"https:\/\/talkpal.ai\/mt\/wp-json\/wp\/v2\/users\/1"}],"replies":[{"embeddable":true,"href":"https:\/\/talkpal.ai\/mt\/wp-json\/wp\/v2\/comments?post=1443553"}],"version-history":[{"count":0,"href":"https:\/\/talkpal.ai\/mt\/wp-json\/wp\/v2\/pages\/1443553\/revisions"}],"wp:featuredmedia":[{"embeddable":true,"href":"https:\/\/talkpal.ai\/mt\/wp-json\/wp\/v2\/media\/1443555"}],"wp:attachment":[{"href":"https:\/\/talkpal.ai\/mt\/wp-json\/wp\/v2\/media?parent=1443553"}],"curies":[{"name":"wp","href":"https:\/\/api.w.org\/{rel}","templated":true}]}}