{"id":1443547,"date":"2023-05-14T14:04:48","date_gmt":"2023-05-14T14:04:48","guid":{"rendered":"https:\/\/talkpal.ai\/grammatika-ebrajka\/"},"modified":"2025-12-13T15:38:27","modified_gmt":"2025-12-13T15:38:27","slug":"grammatika-ebrajka","status":"publish","type":"page","link":"https:\/\/talkpal.ai\/mt\/grammatika-ebrajka\/","title":{"rendered":"Grammatika Ebrajka"},"content":{"rendered":"\r\n\r\n\r\n<section class=\"languageChallengeSection\">\r\n    <div class=\"languageInfoWrapper\">\r\n        \r\n        <h1>Grammatika Ebrajka<\/h1>\r\n        <p>Tg\u0127allem il-grammatika Ebrajka u tifta\u0127 is-sigrieti ta &#039;lingwa b&#039;g\u0127eruq stori\u010bi profondi u rilevanza moderna. T\u0127addan l-isfida u qabbad ma &#039;kultura vibranti permezz tas-sbu\u0127ija tal-grammatika Ebrajka!<\/p>\r\n\r\n                            <a class=\"getStartedHidden\" href=\"https:\/\/app.talkpal.ai\/signup?lng=\">Ibda<\/a>\r\n        \r\n    <\/div>\r\n\r\n    <figure>\r\n    <img decoding=\"async\" width=\"768\" height=\"768\" src=\"https:\/\/talkpal.ai\/wp-content\/uploads\/2023\/06\/hebrew-768x768.png\" class=\"languageImage no-lazy\" alt=\"Language learning for proficient communication\" fetchpriority=\"high\" sizes=\"(max-width: 768px) 150px, 768px\" srcset=\"https:\/\/talkpal.ai\/wp-content\/uploads\/2023\/06\/hebrew-768x768.png 768w, https:\/\/talkpal.ai\/wp-content\/uploads\/2023\/06\/hebrew-300x300.png 300w\" \/>\r\n    \r\n\r\n    <\/figure>\r\n\r\n            <a class=\"getStartedVisible\" href=\"https:\/\/app.talkpal.ai\/signup?lng=\">Ibda<\/a>\r\n    \r\n<\/section>\r\n<section class=\"promotionalBanner\">\r\n    <p class=\"promotionalText\">L-aktar mod effi\u010bjenti biex titg\u0127allem lingwa<\/p>\r\n    <a class=\"promotionalLink\" href=\"https:\/\/app.talkpal.ai\/signup?lng=\">Ipprova Talkpal b&#8217;xejn<\/a>\r\n<\/section>\n<div class=\"wp-block-group pageContainerStyle\"><div class=\"wp-block-group__inner-container is-layout-constrained wp-block-group-is-layout-constrained\">\n<h2 class=\"wp-block-heading\" id=\"h-mastering-hebrew-grammar-your-ultimate-guide\">Il-\u0126akma tal-Grammatika Ebrajka: Il-Gwida A\u0127\u0127arija Tieg\u0127ek<\/h2>\n\n\n\n<p>Shalom, dilettanti tal-lingwa! Int lest li tg\u0127addas fid-dinja affaxxinanti tal-grammatika Ebrajka? Int \u0121ejt fil-post it-tajjeb. Mimli b&#8217;informazzjoni fa\u010bli biex tinftiehem u ton konversazzjonali, dan l-artikolu se jiggwidak permezz tal-isfera mesmerizing tal-grammatika Ebrajka. Dalwaqt, tkun tista &#8216;tibni sentenzi u tid\u0127ol f&#8217;konversazzjonijiet sinifikanti ma&#8217; kelliema nattivi. Allura, ejja nibdew il-vja\u0121\u0121 tieg\u0127ek lejn il-\u0127akma tal-grammatika Ebrajka!<\/p>\n\n\n\n<p><strong>Imma l-ewwel, g\u0127aliex grammatika Ebrajka?<\/strong><\/p>\n\n\n\n<p>Jekk qed titg\u0127allem l-Ebrajk, pedament sod fil-grammatika huwa essenzjali biex titkellem b&#8217;mod fluwenti, qari, u kitba. Filwaqt li l-grammatika Ebrajka tista &#8216;inizjalment tidher kumplessa, issir aktar a\u010b\u010bessibbli ladarba tinqasam f&#8217;bi\u010b\u010biet i\u017cg\u0127ar, aktar mani\u0121\u0121abbli. Allura, ejja nibdew dan il-vja\u0121\u0121 e\u010b\u010bitanti!<\/p>\n\n\n\n<h3 class=\"wp-block-heading\" id=\"h-1-nouns-gender-and-number\">1. Nomi, sess, u numru<\/h3>\n\n\n\n<p>In-nomi <a href=\"https:\/\/talkpal.ai\/learn-hebrew\/\">Ebrajk<\/a> g\u0127andhom \u017cew\u0121 sessi\u2014maskili u femminili\u2014u jistg\u0127u jkunu singulari jew plurali. L-identifikazzjoni tal-\u0121eneru ta &#8216;nom tifforma ba\u017ci g\u0127all-kostruzzjoni xierqa ta&#8217; sentenza g\u0127ax taffettwa partijiet o\u0127ra tad-diskors, b\u0127al verbi u a\u0121\u0121ettivi.  <\/p>\n\n\n\n<p>Regola \u0121enerali: jekk nom jispi\u010b\u010ba f'&#8221;\u05d4&#8221; (\u0127ej) jew &#8220;\u05ea&#8221; (tav), \u0121eneralment ikun femminili. Madankollu, je\u017cistu e\u010b\u010bezzjonijiet, g\u0127alhekk il-memorizzazzjoni tal-\u0121eneri tan-nomi waqt it-tag\u0127lim tal-vokabularju hija \u010b-\u010bavetta.<\/p>\n\n\n\n<p><a href=\"https:\/\/talkpal.ai\/locations\/language-courses-in-barra\/\">Barra<\/a> minn hekk, in-nomi Ebrajk jie\u0127du forom differenti skont in-numru. Nomi maskili plurali tipikament jispi\u010b\u010baw f'&#8221;\u05d9\u05dd&#8221; (yim), filwaqt li nomi femminili plurali jispi\u010b\u010baw f'&#8221;\u05d5\u05ea&#8221; (ot).<\/p>\n\n\n\n<h3 class=\"wp-block-heading\" id=\"h-2-adjectives-agreement-and-definite-articles\">2. A\u0121\u0121ettivi, ftehim, u artikoli definiti<\/h3>\n\n\n\n<p>L-a\u0121\u0121ettivi fl-Ebrajk g\u0127andhom jaqblu fis-sess u n-numru man-nom li jimmodifikaw. Biex tag\u0127mel a\u0121\u0121ettiv femminili, \u017cid &#8220;\u05d4&#8221; (\u0127ej) fl-a\u0127\u0127ar jekk m&#8217;g\u0127andux di\u0121\u00e0 wie\u0127ed. Biex tag\u0127mel a\u0121\u0121ettiv plural, segwi l-istess prin\u010bipju b\u0127an-nomi: \u017cid &#8220;\u05d9\u05dd&#8221; g\u0127all-maskili u &#8220;\u05d5\u05ea&#8221; g\u0127all-femminili.<\/p>\n\n\n\n<p>L-artiklu definit &#8220;the&#8221; bl-Ebrajk huwa &#8220;\u05d4&#8221; (\u0127ej) u huwa mi\u017cjud b\u0127ala prefiss g\u0127an-nom jew a\u0121\u0121ettiv. Pere\u017cempju, &#8220;\u05d4\u05e1\u05e4\u05e8&#8221; (haSefer &#8211; il-ktieb) jew &#8220;\u05d4\u05db\u05d3\u05d5\u05e8 \u05d4\u05d2\u05d3\u05d5\u05dc&#8221; (hakadur hagadol &#8211; il-ballun il-kbir).<\/p>\n\n\n\n<h3 class=\"wp-block-heading\" id=\"h-3-verbs-tense-and-conjugation\">3. Verbi, temp, u konjugazzjoni<\/h3>\n\n\n\n<p>Il-verbi Ebrajk g\u0127andhom rwol kru\u010bjali fil-grammatika u huma maqsuma f&#8217;seba&#8217; gruppi ta&#8217; konjugazzjoni msej\u0127a &#8220;binyanim.&#8221; Kull binyan i\u0127alli impatt fuq it-tifsira u r-rwol tal-verb f&#8217;sentenza.<\/p>\n\n\n\n<p>Biex nag\u0127tuk \u0127arsa \u0121enerali ta &#8216;malajr, ejja niddiskutu t-temp pre\u017centi tal-verbi regolari:<\/p>\n\n\n\n<p><strong>\u2013 \u05d0\u05e0\u05d9 \u05e7\u05d5\u05e8\u05d0\/\u05ea (ani kore\/et \u2013 I read, masc.\/fem.)<\/strong><\/p>\n\n\n\n<p><strong>\u2013 \u05d0\u05ea\/\u05d4 \u05e7\u05d5\u05e8\u05d0\/\u05ea (ata\/at kore\/et \u2013 inti taqra, masc.\/fem.)<\/strong><\/p>\n\n\n\n<p><strong>&#8211; \u05d4\u05d5\u05d0\/\u05d4\u05d9\u05d0 \u05e7\u05d5\u05e8\u05d0\/\u05ea (hu\/hi kore\/et \u2013 hu\/hi taqra)<\/strong><\/p>\n\n\n\n<p>Ftakar, dan huwa biss il-bidu! \u0126afna tempi o\u0127ra, verbi irregolari, u kumplessitajiet binyan se jo\u0127or\u0121u hekk kif timxi &#8216;l quddiem.<\/p>\n\n\n\n<h3 class=\"wp-block-heading\" id=\"h-4-pronouns-prepositions-and-more\">4. Pronomi, prepo\u017cizzjonijiet, u aktar!<\/h3>\n\n\n\n<p>Il-grammatika Ebrajka tinvolvi komponenti o\u0127ra b\u0127al pronomi (\u05d0\u05e0\u05d9, \u05d0\u05ea\u05d4, \u05d4\u05d5\u05d0, \u05d4\u05d9\u05d0, u l-bqija), prepo\u017cizzjonijiet (\u05d1, \u05dc, \u05de, \u05e2\u05dc, e\u010b\u010b.), u espressjonijiet idjomati\u010bi. L-indirizzar ta &#8216;kull element huwa vitali biex tinkiseb fluwenza komprensiva fl-Ebrajk, g\u0127alhekk \u0127udha pass kull darba.<\/p>\n\n\n\n<p>B\u0127ala konklu\u017cjoni, m&#8217;hemm l-ebda shortcut biex tikkontrolla l-grammatika Ebrajka. Je\u0127tie\u0121 persistenza, prattika u pa\u010benzja. Madankollu, ladarba tifhem il-kumplessitajiet tag\u0127ha, int ser tgawdi l-isfumaturi tal-konversazzjoni bl-Ebrajk, tesplora l-kultura u l-istorja rikka, u tapprofondixxi l-apprezzament tieg\u0127ek g\u0127al-lingwa. \u05d1\u05d4\u05e6\u05dc\u05d7\u05d4 (behatzlacha &#8211; xorti tajba)!<\/p>\n<\/div><\/div>\n\r\n<section class=\"learnNavigationSection\">\r\n            \r\n        <a href=\"https:\/\/talkpal.ai\/mt\/tghallem-l-ebrajk\/\">\r\n            <div class=\"learnNavigationWrapper\">\r\n                <div class=\"learnNavigationContent\">\r\n                    <img decoding=\"async\" src=\"https:\/\/talkpal.ai\/wp-content\/uploads\/2024\/08\/Hebrew.jpg\" alt=\"Israel Flag\">\r\n                    <div>\r\n                        <h4>Dwar it-Tag\u0127lim tal-Ebrajk<\/h4>\r\n                        <p>Sir af kollox dwar il-grammatika Ebrajka.<\/p>\r\n                    <\/div>\r\n                <\/div>\r\n            <\/div>\r\n        <\/a>\r\n\r\n        \r\n        <a href=\"https:\/\/talkpal.ai\/mt\/ezercizzji-tal-grammatika-ebrajka\/\">\r\n            <div class=\"learnNavigationWrapper\">\r\n                <div class=\"learnNavigationContent\">\r\n                    <img decoding=\"async\" src=\"https:\/\/talkpal.ai\/wp-content\/uploads\/2024\/08\/Hebrew.jpg\" alt=\"Israel Flag\">\r\n                    <div>\r\n                        <h4>E\u017cer\u010bizzju tal-Grammatika Ebrajka<\/h4>\r\n                        <p>Ipprattika l-grammatika Ebrajka.<\/p>\r\n                    <\/div>\r\n                <\/div>\r\n            <\/div>\r\n        <\/a>\r\n\r\n        \r\n        <a href=\"https:\/\/talkpal.ai\/vocabulary_language\/hebrew\/\">\r\n            <div class=\"learnNavigationWrapper\">\r\n                <div class=\"learnNavigationContent\">\r\n                    <img decoding=\"async\" src=\"https:\/\/talkpal.ai\/wp-content\/uploads\/2024\/08\/Hebrew.jpg\" alt=\"Israel Flag\">\r\n                    <div>\r\n                        <h4>Vokabularju Ebrajk<\/h4>\r\n                        <p>Espandi l-vokabularju Ebrajk tieg\u0127ek.<\/p>\r\n                    <\/div>\r\n                <\/div>\r\n            <\/div>\r\n        <\/a>\r\n\r\n            <\/section>","protected":false},"excerpt":{"rendered":"<p>Il-\u0126akma tal-Grammatika Ebrajka: Il-Gwida A\u0127\u0127arija Tieg\u0127ek Shalom, dilettanti tal-lingwa! Int lest li tg\u0127addas fid-dinja affaxxinanti tal-grammatika Ebrajka? Int \u0121ejt fil-post it-tajjeb. Mimli b&#8217;informazzjoni fa\u010bli biex tinftiehem u ton konversazzjonali, dan l-artikolu se jiggwidak permezz tal-isfera mesmerizing tal-grammatika Ebrajka. Dalwaqt, tkun tista &#8216;tibni sentenzi u tid\u0127ol f&#8217;konversazzjonijiet sinifikanti ma&#8217; kelliema nattivi. Allura, ejja nibdew il-vja\u0121\u0121 tieg\u0127ek [&hellip;]<\/p>\n","protected":false},"author":1,"featured_media":1443548,"parent":0,"menu_order":0,"comment_status":"closed","ping_status":"closed","template":"LearningContentPage.php","meta":{"_acf_changed":false,"footnotes":""},"class_list":["post-1443547","page","type-page","status-publish","has-post-thumbnail","hentry"],"acf":[],"yoast_head":"<!-- This site is optimized with the Yoast SEO Premium plugin v27.2 (Yoast SEO v27.2) - https:\/\/yoast.com\/product\/yoast-seo-premium-wordpress\/ -->\n<title>Grammatika Ebrajka - Talkpal<\/title>\n<meta name=\"description\" content=\"Ittejjeb il-grammatika Ebrajka tieg\u0127ek b&#039;kunfidenza - tg\u0127allem regoli ewlenin, iffurma sentenzi korretti, u tikkomunika b&#039;mod \u010bar mal-lezzjonijiet fa\u010bli tal-AI ta &#039;TalkPal.\" \/>\n<meta name=\"robots\" content=\"index, follow, max-snippet:-1, max-image-preview:large, max-video-preview:-1\" \/>\n<link rel=\"canonical\" href=\"https:\/\/talkpal.ai\/mt\/grammatika-ebrajka\/\" \/>\n<meta property=\"og:locale\" content=\"mt_MT\" \/>\n<meta property=\"og:type\" content=\"article\" \/>\n<meta property=\"og:title\" content=\"Grammatika Ebrajka\" \/>\n<meta property=\"og:description\" content=\"Il-\u0126akma tal-Grammatika Ebrajka: Il-Gwida A\u0127\u0127arija Tieg\u0127ek Shalom, dilettanti tal-lingwa! Int lest li tg\u0127addas fid-dinja affaxxinanti tal-grammatika\" \/>\n<meta property=\"og:url\" content=\"https:\/\/talkpal.ai\/mt\/grammatika-ebrajka\/\" \/>\n<meta property=\"og:site_name\" content=\"Talkpal\" \/>\n<meta property=\"article:publisher\" content=\"https:\/\/www.facebook.com\/profile.php?id=100090733639311\" \/>\n<meta property=\"article:modified_time\" content=\"2025-12-13T15:38:27+00:00\" \/>\n<meta property=\"og:image\" content=\"https:\/\/talkpal.ai\/wp-content\/uploads\/2023\/05\/israel.png\" \/>\n\t<meta property=\"og:image:width\" content=\"512\" \/>\n\t<meta property=\"og:image:height\" content=\"512\" \/>\n\t<meta property=\"og:image:type\" content=\"image\/png\" \/>\n<meta name=\"twitter:card\" content=\"summary_large_image\" \/>\n<meta name=\"twitter:site\" content=\"@talkpalai\" \/>\n<meta name=\"twitter:label1\" content=\"Est. reading time\" \/>\n\t<meta name=\"twitter:data1\" content=\"2 minutes\" \/>\n<script type=\"application\/ld+json\" class=\"yoast-schema-graph\">{\"@context\":\"https:\/\/schema.org\",\"@graph\":[{\"@type\":\"WebPage\",\"@id\":\"https:\/\/talkpal.ai\/mt\/grammatika-ebrajka\/\",\"url\":\"https:\/\/talkpal.ai\/mt\/grammatika-ebrajka\/\",\"name\":\"Grammatika Ebrajka - Talkpal\",\"isPartOf\":{\"@id\":\"https:\/\/talkpal.ai\/mt\/#website\"},\"primaryImageOfPage\":{\"@id\":\"https:\/\/talkpal.ai\/mt\/grammatika-ebrajka\/#primaryimage\"},\"image\":{\"@id\":\"https:\/\/talkpal.ai\/mt\/grammatika-ebrajka\/#primaryimage\"},\"thumbnailUrl\":\"https:\/\/talkpal.ai\/wp-content\/uploads\/2023\/05\/israel.png\",\"datePublished\":\"2023-05-14T14:04:48+00:00\",\"dateModified\":\"2025-12-13T15:38:27+00:00\",\"description\":\"Ittejjeb il-grammatika Ebrajka tieg\u0127ek b'kunfidenza - tg\u0127allem regoli ewlenin, iffurma sentenzi korretti, u tikkomunika b'mod \u010bar mal-lezzjonijiet fa\u010bli tal-AI ta 'TalkPal.\",\"breadcrumb\":{\"@id\":\"https:\/\/talkpal.ai\/mt\/grammatika-ebrajka\/#breadcrumb\"},\"inLanguage\":\"mt-MT\",\"potentialAction\":[{\"@type\":\"ReadAction\",\"target\":[\"https:\/\/talkpal.ai\/mt\/grammatika-ebrajka\/\"]}]},{\"@type\":\"ImageObject\",\"inLanguage\":\"mt-MT\",\"@id\":\"https:\/\/talkpal.ai\/mt\/grammatika-ebrajka\/#primaryimage\",\"url\":\"https:\/\/talkpal.ai\/wp-content\/uploads\/2023\/05\/israel.png\",\"contentUrl\":\"https:\/\/talkpal.ai\/wp-content\/uploads\/2023\/05\/israel.png\",\"width\":512,\"height\":512,\"caption\":\"TalkPal Israel Flag\"},{\"@type\":\"BreadcrumbList\",\"@id\":\"https:\/\/talkpal.ai\/mt\/grammatika-ebrajka\/#breadcrumb\",\"itemListElement\":[{\"@type\":\"ListItem\",\"position\":1,\"name\":\"Homepage\",\"item\":\"https:\/\/talkpal.ai\/mt\/\"},{\"@type\":\"ListItem\",\"position\":2,\"name\":\"Grammatika Ebrajka\"}]},{\"@type\":\"WebSite\",\"@id\":\"https:\/\/talkpal.ai\/mt\/#website\",\"url\":\"https:\/\/talkpal.ai\/mt\/\",\"name\":\"Talkpal\",\"description\":\"AI Language Learning\",\"publisher\":{\"@id\":\"https:\/\/talkpal.ai\/mt\/#organization\"},\"alternateName\":\"Talkpal AI\",\"potentialAction\":[{\"@type\":\"SearchAction\",\"target\":{\"@type\":\"EntryPoint\",\"urlTemplate\":\"https:\/\/talkpal.ai\/mt\/?s={search_term_string}\"},\"query-input\":{\"@type\":\"PropertyValueSpecification\",\"valueRequired\":true,\"valueName\":\"search_term_string\"}}],\"inLanguage\":\"mt-MT\"},{\"@type\":\"Organization\",\"@id\":\"https:\/\/talkpal.ai\/mt\/#organization\",\"name\":\"Talkpal, Inc.\",\"alternateName\":\"Talkpal AI\",\"url\":\"https:\/\/talkpal.ai\/mt\/\",\"logo\":{\"@type\":\"ImageObject\",\"inLanguage\":\"mt-MT\",\"@id\":\"https:\/\/talkpal.ai\/mt\/#\/schema\/logo\/image\/\",\"url\":\"https:\/\/talkpal.ai\/wp-content\/uploads\/2024\/03\/Talkpal-Logo-Icon.png\",\"contentUrl\":\"https:\/\/talkpal.ai\/wp-content\/uploads\/2024\/03\/Talkpal-Logo-Icon.png\",\"width\":2880,\"height\":2880,\"caption\":\"Talkpal, Inc.\"},\"image\":{\"@id\":\"https:\/\/talkpal.ai\/mt\/#\/schema\/logo\/image\/\"},\"sameAs\":[\"https:\/\/www.facebook.com\/profile.php?id=100090733639311\",\"https:\/\/x.com\/talkpalai\",\"https:\/\/www.linkedin.com\/company\/talkpal\/\",\"https:\/\/www.youtube.com\/@TalkPal\/\",\"https:\/\/www.tiktok.com\/@talkpal\",\"https:\/\/www.instagram.com\/talkpal_ai\/\",\"https:\/\/www.crunchbase.com\/organization\/talkpal-9cde\",\"https:\/\/www.g2.com\/products\/talkpal-for-business\/\",\"https:\/\/www.trustpilot.com\/review\/talkpal.ai\",\"https:\/\/www.capterra.com\/p\/10006800\/TalkPal\/\"],\"description\":\"Talkpal is a language learning web and mobile education app, powered by the latest AI technologies, that provides engaging experiences to its customers in many different languages to help them improve their language skills. Users can chat about unlimited amount of topics with the app and use other modes to practice their language learning.\",\"email\":\"support@talkpal.ai\",\"legalName\":\"Talkpal, Inc.\",\"foundingDate\":\"2023-04-03\",\"duns\":\"118989042\",\"numberOfEmployees\":{\"@type\":\"QuantitativeValue\",\"minValue\":\"11\",\"maxValue\":\"50\"},\"publishingPrinciples\":\"https:\/\/talkpal.ai\/publishing-principles\/\",\"actionableFeedbackPolicy\":\"https:\/\/talkpal.ai\/actionable-feedback-policy\/\",\"correctionsPolicy\":\"https:\/\/talkpal.ai\/corrections-policy\/\",\"ethicsPolicy\":\"https:\/\/talkpal.ai\/ethics-policy\/\",\"diversityPolicy\":\"https:\/\/talkpal.ai\/diversity-policy\/\",\"diversityStaffingReport\":\"https:\/\/talkpal.ai\/diversity-policy\/\"}]}<\/script>\n<!-- \/ Yoast SEO Premium plugin. -->","yoast_head_json":{"title":"Grammatika Ebrajka - Talkpal","description":"Ittejjeb il-grammatika Ebrajka tieg\u0127ek b'kunfidenza - tg\u0127allem regoli ewlenin, iffurma sentenzi korretti, u tikkomunika b'mod \u010bar mal-lezzjonijiet fa\u010bli tal-AI ta 'TalkPal.","robots":{"index":"index","follow":"follow","max-snippet":"max-snippet:-1","max-image-preview":"max-image-preview:large","max-video-preview":"max-video-preview:-1"},"canonical":"https:\/\/talkpal.ai\/mt\/grammatika-ebrajka\/","og_locale":"mt_MT","og_type":"article","og_title":"Grammatika Ebrajka","og_description":"Il-\u0126akma tal-Grammatika Ebrajka: Il-Gwida A\u0127\u0127arija Tieg\u0127ek Shalom, dilettanti tal-lingwa! Int lest li tg\u0127addas fid-dinja affaxxinanti tal-grammatika","og_url":"https:\/\/talkpal.ai\/mt\/grammatika-ebrajka\/","og_site_name":"Talkpal","article_publisher":"https:\/\/www.facebook.com\/profile.php?id=100090733639311","article_modified_time":"2025-12-13T15:38:27+00:00","og_image":[{"width":512,"height":512,"url":"https:\/\/talkpal.ai\/wp-content\/uploads\/2023\/05\/israel.png","type":"image\/png"}],"twitter_card":"summary_large_image","twitter_site":"@talkpalai","twitter_misc":{"Est. reading time":"2 minutes"},"schema":{"@context":"https:\/\/schema.org","@graph":[{"@type":"WebPage","@id":"https:\/\/talkpal.ai\/mt\/grammatika-ebrajka\/","url":"https:\/\/talkpal.ai\/mt\/grammatika-ebrajka\/","name":"Grammatika Ebrajka - Talkpal","isPartOf":{"@id":"https:\/\/talkpal.ai\/mt\/#website"},"primaryImageOfPage":{"@id":"https:\/\/talkpal.ai\/mt\/grammatika-ebrajka\/#primaryimage"},"image":{"@id":"https:\/\/talkpal.ai\/mt\/grammatika-ebrajka\/#primaryimage"},"thumbnailUrl":"https:\/\/talkpal.ai\/wp-content\/uploads\/2023\/05\/israel.png","datePublished":"2023-05-14T14:04:48+00:00","dateModified":"2025-12-13T15:38:27+00:00","description":"Ittejjeb il-grammatika Ebrajka tieg\u0127ek b'kunfidenza - tg\u0127allem regoli ewlenin, iffurma sentenzi korretti, u tikkomunika b'mod \u010bar mal-lezzjonijiet fa\u010bli tal-AI ta 'TalkPal.","breadcrumb":{"@id":"https:\/\/talkpal.ai\/mt\/grammatika-ebrajka\/#breadcrumb"},"inLanguage":"mt-MT","potentialAction":[{"@type":"ReadAction","target":["https:\/\/talkpal.ai\/mt\/grammatika-ebrajka\/"]}]},{"@type":"ImageObject","inLanguage":"mt-MT","@id":"https:\/\/talkpal.ai\/mt\/grammatika-ebrajka\/#primaryimage","url":"https:\/\/talkpal.ai\/wp-content\/uploads\/2023\/05\/israel.png","contentUrl":"https:\/\/talkpal.ai\/wp-content\/uploads\/2023\/05\/israel.png","width":512,"height":512,"caption":"TalkPal Israel Flag"},{"@type":"BreadcrumbList","@id":"https:\/\/talkpal.ai\/mt\/grammatika-ebrajka\/#breadcrumb","itemListElement":[{"@type":"ListItem","position":1,"name":"Homepage","item":"https:\/\/talkpal.ai\/mt\/"},{"@type":"ListItem","position":2,"name":"Grammatika Ebrajka"}]},{"@type":"WebSite","@id":"https:\/\/talkpal.ai\/mt\/#website","url":"https:\/\/talkpal.ai\/mt\/","name":"Talkpal","description":"AI Language Learning","publisher":{"@id":"https:\/\/talkpal.ai\/mt\/#organization"},"alternateName":"Talkpal AI","potentialAction":[{"@type":"SearchAction","target":{"@type":"EntryPoint","urlTemplate":"https:\/\/talkpal.ai\/mt\/?s={search_term_string}"},"query-input":{"@type":"PropertyValueSpecification","valueRequired":true,"valueName":"search_term_string"}}],"inLanguage":"mt-MT"},{"@type":"Organization","@id":"https:\/\/talkpal.ai\/mt\/#organization","name":"Talkpal, Inc.","alternateName":"Talkpal AI","url":"https:\/\/talkpal.ai\/mt\/","logo":{"@type":"ImageObject","inLanguage":"mt-MT","@id":"https:\/\/talkpal.ai\/mt\/#\/schema\/logo\/image\/","url":"https:\/\/talkpal.ai\/wp-content\/uploads\/2024\/03\/Talkpal-Logo-Icon.png","contentUrl":"https:\/\/talkpal.ai\/wp-content\/uploads\/2024\/03\/Talkpal-Logo-Icon.png","width":2880,"height":2880,"caption":"Talkpal, Inc."},"image":{"@id":"https:\/\/talkpal.ai\/mt\/#\/schema\/logo\/image\/"},"sameAs":["https:\/\/www.facebook.com\/profile.php?id=100090733639311","https:\/\/x.com\/talkpalai","https:\/\/www.linkedin.com\/company\/talkpal\/","https:\/\/www.youtube.com\/@TalkPal\/","https:\/\/www.tiktok.com\/@talkpal","https:\/\/www.instagram.com\/talkpal_ai\/","https:\/\/www.crunchbase.com\/organization\/talkpal-9cde","https:\/\/www.g2.com\/products\/talkpal-for-business\/","https:\/\/www.trustpilot.com\/review\/talkpal.ai","https:\/\/www.capterra.com\/p\/10006800\/TalkPal\/"],"description":"Talkpal is a language learning web and mobile education app, powered by the latest AI technologies, that provides engaging experiences to its customers in many different languages to help them improve their language skills. Users can chat about unlimited amount of topics with the app and use other modes to practice their language learning.","email":"support@talkpal.ai","legalName":"Talkpal, Inc.","foundingDate":"2023-04-03","duns":"118989042","numberOfEmployees":{"@type":"QuantitativeValue","minValue":"11","maxValue":"50"},"publishingPrinciples":"https:\/\/talkpal.ai\/publishing-principles\/","actionableFeedbackPolicy":"https:\/\/talkpal.ai\/actionable-feedback-policy\/","correctionsPolicy":"https:\/\/talkpal.ai\/corrections-policy\/","ethicsPolicy":"https:\/\/talkpal.ai\/ethics-policy\/","diversityPolicy":"https:\/\/talkpal.ai\/diversity-policy\/","diversityStaffingReport":"https:\/\/talkpal.ai\/diversity-policy\/"}]}},"_links":{"self":[{"href":"https:\/\/talkpal.ai\/mt\/wp-json\/wp\/v2\/pages\/1443547","targetHints":{"allow":["GET"]}}],"collection":[{"href":"https:\/\/talkpal.ai\/mt\/wp-json\/wp\/v2\/pages"}],"about":[{"href":"https:\/\/talkpal.ai\/mt\/wp-json\/wp\/v2\/types\/page"}],"author":[{"embeddable":true,"href":"https:\/\/talkpal.ai\/mt\/wp-json\/wp\/v2\/users\/1"}],"replies":[{"embeddable":true,"href":"https:\/\/talkpal.ai\/mt\/wp-json\/wp\/v2\/comments?post=1443547"}],"version-history":[{"count":0,"href":"https:\/\/talkpal.ai\/mt\/wp-json\/wp\/v2\/pages\/1443547\/revisions"}],"wp:featuredmedia":[{"embeddable":true,"href":"https:\/\/talkpal.ai\/mt\/wp-json\/wp\/v2\/media\/1443548"}],"wp:attachment":[{"href":"https:\/\/talkpal.ai\/mt\/wp-json\/wp\/v2\/media?parent=1443547"}],"curies":[{"name":"wp","href":"https:\/\/api.w.org\/{rel}","templated":true}]}}