{"id":1443541,"date":"2023-05-14T14:03:07","date_gmt":"2023-05-14T14:03:07","guid":{"rendered":"https:\/\/talkpal.ai\/grammatika-ceka\/"},"modified":"2025-12-13T15:22:12","modified_gmt":"2025-12-13T15:22:12","slug":"grammatika-ceka","status":"publish","type":"page","link":"https:\/\/talkpal.ai\/mt\/grammatika-ceka\/","title":{"rendered":"Grammatika \u010aeka"},"content":{"rendered":"\r\n\r\n\r\n<section class=\"languageChallengeSection\">\r\n    <div class=\"languageInfoWrapper\">\r\n        \r\n        <h1>Grammatika \u010aeka<\/h1>\r\n        <p>Esplora l-kumplessitajiet tal-<a href=\"https:\/\/talkpal.ai\/czech-grammar\/\">grammatika \u010aeka<\/a> u ifta\u0127 il-bieb biex tifhem din il-lingwa tal-Ewropa \u010aentrali. Billi tikkontrolla r-regoli u l-mudelli essenzjali, int ser tikkomunika b&#039;mod aktar effettiv u tikseb g\u0127arfien aktar profond fil-kultura \u010aeka. Ibda titg\u0127allem il-<a href=\"https:\/\/talkpal.ai\/czech-grammar\/\">grammatika \u010aeka<\/a> llum u \u0127u l-ewwel pass tieg\u0127ek lejn il-\u0127effa!<\/p>\r\n\r\n                            <a class=\"getStartedHidden\" href=\"https:\/\/app.talkpal.ai\/signup?lng=\">Ibda<\/a>\r\n        \r\n    <\/div>\r\n\r\n    <figure>\r\n    <img decoding=\"async\" width=\"768\" height=\"768\" src=\"https:\/\/talkpal.ai\/wp-content\/uploads\/2023\/06\/Czech-768x768.png\" class=\"languageImage no-lazy\" alt=\"Language learning for intellectual development\" fetchpriority=\"high\" sizes=\"(max-width: 768px) 150px, 768px\" srcset=\"https:\/\/talkpal.ai\/wp-content\/uploads\/2023\/06\/Czech-768x768.png 768w, https:\/\/talkpal.ai\/wp-content\/uploads\/2023\/06\/Czech-300x300.png 300w\" \/>\r\n    \r\n\r\n    <\/figure>\r\n\r\n            <a class=\"getStartedVisible\" href=\"https:\/\/app.talkpal.ai\/signup?lng=\">Ibda<\/a>\r\n    \r\n<\/section>\r\n<section class=\"promotionalBanner\">\r\n    <p class=\"promotionalText\">L-aktar mod effi\u010bjenti biex titg\u0127allem lingwa<\/p>\r\n    <a class=\"promotionalLink\" href=\"https:\/\/app.talkpal.ai\/signup?lng=\">Ipprova Talkpal b&#8217;xejn<\/a>\r\n<\/section>\n<div class=\"wp-block-group pageContainerStyle\"><div class=\"wp-block-group__inner-container is-layout-constrained wp-block-group-is-layout-constrained\">\n<h2 class=\"wp-block-heading\" id=\"h-czech-grammar-making-sense-of-the-czech-language-s-unique-structure\">Grammatika \u010aeka: Nag\u0127mlu sens tal-istruttura unika tal-lingwa \u010aeka<\/h2>\n\n\n\n<p>Jekk qatt ippruvajt titg\u0127allem i\u010b-\u010aek &#8211; jew sa\u0127ansitra sempli\u010bement perused artiklu jew ktieb <a href=\"https:\/\/talkpal.ai\/learn-czech\/\">\u010aek<\/a> &#8211; probabbilment innutajt li l-grammatika tag\u0127ha tista &#8216;tkun pjuttost ta&#8217; sfida. Meqjusa b&#8217;mod wiesa&#8217; b\u0127ala wa\u0127da mill-aktar sistemi lingwisti\u010bi kumplessi, il-grammatika \u010aeka perplexed \u0127afna <a href=\"https:\/\/talkpal.ai\/talkpal-discount-for-students\/\">studenti<\/a> barranin. Imma t\u0127allix li jintimidak! Il-partikolaritajiet tal-grammatika \u010aeka huma dawk li jag\u0127mluha affaxxinanti u unika. F&#8217;dan l-artikolu, a\u0127na ser niddemistifikaw ftit elementi ewlenin tal-grammatika \u010aeka b&#8217;mod konversazzjonali, u ng\u0127inuk tifhem din il-lingwa sabi\u0127a aktar fil-fond.<\/p>\n\n\n\n<h3 class=\"wp-block-heading\" id=\"h-1-nouns-declensions-and-cases-galore\">1. Nouns &#8211; Deklinazzjonijiet u Ka\u017cijiet Galore!<\/h3>\n\n\n\n<p>Wa\u0127da mill-ewwel affarijiet li tinnota dwar il-grammatika \u010aeka hija d-deklinazzjonijiet tan-nomi tag\u0127ha. Deklinazzjoni hija grupp ta&#8217; nomi b&#8217;karatteristi\u010bi grammatikali simili, u \u010b-\u010aek g\u0127andu sa 14-il deklinazzjoni distinta. Kif inhu dak g\u0127all-varjet\u00e0? Kull deklinazzjoni g\u0127andha mudell spe\u010bifiku biex tirrappre\u017centa forom ta &#8216;nomi singulari u plurali.<\/p>\n\n\n\n<p>In-nomi \u010aeki g\u0127andhom ukoll seba&#8217; ka\u017cijiet differenti: nominativ, \u0121enittiv, dattiv, akku\u017cattiv, vokattiv, lokattiv, u strumentali. Filwaqt li numru b\u0127al dan jista &#8216;jidher skora\u0121\u0121anti, huwa essenzjali li titg\u0127allem dwar dawn il-ka\u017cijiet g\u0127ax huma kru\u010bjali fit-twassil tat-tifsira. Pere\u017cempju, fi\u010b-\u010aek, l-ordni tal-kliem mhix kritika daqs kemm hi bl-<a href=\"https:\/\/talkpal.ai\/learn-english-with-ai\/\">Ingli\u017c<\/a> &#8211; huma l-ka\u017cijiet li jindikaw relazzjonijiet bejn il-kliem.<\/p>\n\n\n\n<h3 class=\"wp-block-heading\" id=\"h-2-adjectives-agreeing-with-nouns\">2. Adjectives &#8211; Naqbel ma &#8216;Nouns<\/h3>\n\n\n\n<p>L-a\u0121\u0121ettivi \u010aeki g\u0127andhom dmir spe\u010bjali: g\u0127andhom jaqblu man-nomi li jimmodifikaw fis-sess, in-numru, u l-ka\u017c. A\u0127seb dwarha b\u0127ala duo dinamiku, it-tango <a href=\"https:\/\/talkpal.ai\/greek-grammar\/\">grammatika<\/a>, fejn nofs ja\u0121\u0121usta b&#8217;mod grezju\u017c biex jikkumplimenta l-ie\u0127or. Dan il-ftehim jg\u0127in biex jo\u0127loq armonija fis-sentenzi u j\u017cid i\u010b-\u010barezza.<\/p>\n\n\n\n<p>Pere\u017cempju, il-kelma g\u0127al &#8220;sabi\u0127a&#8221; fi\u010b-\u010aek hija &#8220;kr\u00e1sn\u00fd.&#8221; Jekk qed tiddeskrivi dar sabi\u0127a (d\u016fm), li hija maskili, tu\u017ca &#8220;kr\u00e1sn\u00fd d\u016fm.&#8221; G\u0127al tfajla sabi\u0127a (d\u00edvka), li hija femminili, issir &#8220;kr\u00e1sn\u00e1 d\u00edvka.&#8221; U g\u0127al \u0121urnata sabi\u0127a (den), li hija neutra, int ser tg\u0127id &#8220;kr\u00e1sn\u00fd den.&#8221; Ara kif l-a\u0121\u0121ettiv ji\u017cfen flimkien man-nom?<\/p>\n\n\n\n<h3 class=\"wp-block-heading\" id=\"h-3-verbs-the-art-of-conjugation\">3. Verbi &#8211; L-Arti tal-Konjugazzjoni<\/h3>\n\n\n\n<p>Fi\u010b-\u010aek, l-arti tal-konjugazzjoni \u2013 ji\u0121ifieri, il-bidla fil-forom tal-verb ibba\u017cati fuq it-temp, il-burdata, u l-persuna \u2013 tie\u0127u \u0127ajja tag\u0127ha stess. Il-verbi \u010aeki jaqg\u0127u f&#8217;\u017cew\u0121 kategoriji: perfettivi u imperfettivi. Il-verbi perfettivi jindikaw li azzjoni tlestiet, filwaqt li verbi imperfettivi jissu\u0121\u0121erixxu azzjonijiet kontinwi jew abitwali.  <\/p>\n\n\n\n<p>Il-grammatika \u010aeka g\u0127andha xi quirks e\u010b\u010bitanti meta ni\u0121u g\u0127all-verbi. Pere\u017cempju, it-temp futur huwa ffurmat regolarment biss g\u0127al verbi imperfettivi. G\u0127al verbi perfettivi, jing\u0127aqad mat-temp pre\u017centi! Ukoll, minflok ma jkollu vu\u010bi passiva spe\u010bifika, i\u010b-\u010aek jinkorpora kostruzzjonijiet passivi bl-u\u017cu ta&#8217; verbi aw\u017ciljarji. Ejja ma ninsewx dwar il-verbi riflessivi ta\u010b-\u010aeki, fejn l-azzjonijiet jer\u0121g\u0127u lura g\u0127as-su\u0121\u0121ett, u j\u017cidu saff ie\u0127or ta &#8216;sfumatura g\u0127al dan il-lingwa\u0121\u0121 intriganti.<\/p>\n\n\n\n<h3 class=\"wp-block-heading\" id=\"h-4-pronouns-the-mirror-of-linguistic-diversity\">4. Pronomi: Il-Mera tad-Diversit\u00e0 Lingwistika<\/h3>\n\n\n\n<p>Il-pronomi fil-grammatika \u010aeka \u2013 qed nitkellmu dwar pronomi personali, possessivi, dimostrattivi, interrogattivi u relattivi \u2013 kollha juru l-istess diversit\u00e0 b\u0127al partijiet o\u0127ra tad-diskors. Huma wkoll g\u0127andhom jaqblu fis-sess, in-numru, u l-ka\u017c man-nomi li jissostitwixxu jew jirreferu g\u0127alihom.<\/p>\n\n\n\n<p>Pere\u017cempju, jekk qed titkellem dwar ktieb li jog\u0127\u0121bok, tg\u0127id &#8220;M\u00e1m r\u00e1d tu knihu&#8221; (In\u0127obb dak il-ktieb). Hawnhekk, &#8220;tu&#8221; hija l-forma femminili tal-pronom dimostrattiv &#8220;dak,&#8221; li jaqbel ma &#8216;&#8221;kniha&#8221; (ktieb), li huwa wkoll femminili.<\/p>\n\n\n\n<h3 class=\"wp-block-heading\" id=\"h-5-embracing-the-challenge\">5. T\u0127addan l-Isfida<\/h3>\n\n\n\n<p>Il-grammatika \u010aeka tista &#8216;tkun perplexing u intimidanti, i\u017cda huwa wkoll dak li jag\u0127mel din il-lingwa affaxxinanti tispikka. Toqg\u0127odx lura mill-isfida! Ftakar, mhuwiex dwar il-\u0127akma ta &#8216;kollox f&#8217;daqqa i\u017cda li tag\u0127mel progress pass pass. \u0126u l-\u0127in biex tifhem is-sistema unika tal-grammatika \u010aeka, u tkun fi triqtek biex tikkontrolla din il-lingwa sabi\u0127a u kumplessa. U, hekk kif t\u0127addan l-isfumatura sabi\u0127a li l-grammatika \u010aeka g\u0127andha x&#8217;toffri, bla dubju tiskopri apprezzament \u0121did g\u0127all-kumplessitajiet tag\u0127ha. Tag\u0127lim kuntent!<\/p>\n<\/div><\/div>\n\r\n<section class=\"learnNavigationSection\">\r\n            \r\n        <a href=\"https:\/\/talkpal.ai\/mt\/tghallem-ic-cek\/\">\r\n            <div class=\"learnNavigationWrapper\">\r\n                <div class=\"learnNavigationContent\">\r\n                    <img decoding=\"async\" src=\"https:\/\/talkpal.ai\/wp-content\/uploads\/2024\/08\/Czech.jpg\" alt=\"Czech Flag\">\r\n                    <div>\r\n                        <h4>Dwar it-Tag\u0127lim \u010aek<\/h4>\r\n                        <p>Skopri kollox dwar il-grammatika \u010aeka.<\/p>\r\n                    <\/div>\r\n                <\/div>\r\n            <\/div>\r\n        <\/a>\r\n\r\n        \r\n        <a href=\"https:\/\/talkpal.ai\/mt\/ezercizzji-tal-grammatika-ceka\/\">\r\n            <div class=\"learnNavigationWrapper\">\r\n                <div class=\"learnNavigationContent\">\r\n                    <img decoding=\"async\" src=\"https:\/\/talkpal.ai\/wp-content\/uploads\/2024\/08\/Czech.jpg\" alt=\"Czech Flag\">\r\n                    <div>\r\n                        <h4>E\u017cer\u010bizzju tal-Grammatika \u010aeka<\/h4>\r\n                        <p>Ipprattika l-grammatika \u010aeka.<\/p>\r\n                    <\/div>\r\n                <\/div>\r\n            <\/div>\r\n        <\/a>\r\n\r\n        \r\n        <a href=\"https:\/\/talkpal.ai\/vocabulary_language\/czech\/\">\r\n            <div class=\"learnNavigationWrapper\">\r\n                <div class=\"learnNavigationContent\">\r\n                    <img decoding=\"async\" src=\"https:\/\/talkpal.ai\/wp-content\/uploads\/2024\/08\/Czech.jpg\" alt=\"Czech Flag\">\r\n                    <div>\r\n                        <h4>Vokabularju \u010aek<\/h4>\r\n                        <p>Espandi l-vokabularju \u010aek tieg\u0127ek.<\/p>\r\n                    <\/div>\r\n                <\/div>\r\n            <\/div>\r\n        <\/a>\r\n\r\n            <\/section>","protected":false},"excerpt":{"rendered":"<p>Grammatika \u010aeka: Nag\u0127mlu sens tal-istruttura unika tal-lingwa \u010aeka Jekk qatt ippruvajt titg\u0127allem i\u010b-\u010aek &#8211; jew sa\u0127ansitra sempli\u010bement perused artiklu jew ktieb \u010aek &#8211; probabbilment innutajt li l-grammatika tag\u0127ha tista &#8216;tkun pjuttost ta&#8217; sfida. Meqjusa b&#8217;mod wiesa&#8217; b\u0127ala wa\u0127da mill-aktar sistemi lingwisti\u010bi kumplessi, il-grammatika \u010aeka perplexed \u0127afna studenti barranin. Imma t\u0127allix li jintimidak! Il-partikolaritajiet tal-grammatika \u010aeka [&hellip;]<\/p>\n","protected":false},"author":1,"featured_media":1443542,"parent":0,"menu_order":0,"comment_status":"closed","ping_status":"closed","template":"LearningContentPage.php","meta":{"_acf_changed":false,"footnotes":""},"class_list":["post-1443541","page","type-page","status-publish","has-post-thumbnail","hentry"],"acf":[],"yoast_head":"<!-- This site is optimized with the Yoast SEO Premium plugin v27.2 (Yoast SEO v27.2) - https:\/\/yoast.com\/product\/yoast-seo-premium-wordpress\/ -->\n<title>Grammatika \u010aeka - Talkpal<\/title>\n<meta name=\"description\" content=\"Tifta\u0127 is-sigrieti tal-grammatika \u010aeka. Tg\u0127allem dwar il-kumplessit\u00e0 unika tag\u0127ha u kif tikkontrolla d-deklinazzjonijiet tan-nomi b&#039;mod effettiv.\" \/>\n<meta name=\"robots\" content=\"index, follow, max-snippet:-1, max-image-preview:large, max-video-preview:-1\" \/>\n<link rel=\"canonical\" href=\"https:\/\/talkpal.ai\/mt\/grammatika-ceka\/\" \/>\n<meta property=\"og:locale\" content=\"mt_MT\" \/>\n<meta property=\"og:type\" content=\"article\" \/>\n<meta property=\"og:title\" content=\"Grammatika \u010aeka\" \/>\n<meta property=\"og:description\" content=\"Grammatika \u010aeka: Nag\u0127mlu sens tal-istruttura unika tal-lingwa \u010aeka Jekk qatt ippruvajt titg\u0127allem i\u010b-\u010aek - jew sa\u0127ansitra sempli\u010bement perused artiklu jew\" \/>\n<meta property=\"og:url\" content=\"https:\/\/talkpal.ai\/mt\/grammatika-ceka\/\" \/>\n<meta property=\"og:site_name\" content=\"Talkpal\" \/>\n<meta property=\"article:publisher\" content=\"https:\/\/www.facebook.com\/profile.php?id=100090733639311\" \/>\n<meta property=\"article:modified_time\" content=\"2025-12-13T15:22:12+00:00\" \/>\n<meta property=\"og:image\" content=\"https:\/\/talkpal.ai\/wp-content\/uploads\/2023\/05\/czech-republic.png\" \/>\n\t<meta property=\"og:image:width\" content=\"512\" \/>\n\t<meta property=\"og:image:height\" content=\"512\" \/>\n\t<meta property=\"og:image:type\" content=\"image\/png\" \/>\n<meta name=\"twitter:card\" content=\"summary_large_image\" \/>\n<meta name=\"twitter:site\" content=\"@talkpalai\" \/>\n<meta name=\"twitter:label1\" content=\"Est. reading time\" \/>\n\t<meta name=\"twitter:data1\" content=\"3 minutes\" \/>\n<script type=\"application\/ld+json\" class=\"yoast-schema-graph\">{\"@context\":\"https:\/\/schema.org\",\"@graph\":[{\"@type\":\"WebPage\",\"@id\":\"https:\/\/talkpal.ai\/mt\/grammatika-ceka\/\",\"url\":\"https:\/\/talkpal.ai\/mt\/grammatika-ceka\/\",\"name\":\"Grammatika \u010aeka - Talkpal\",\"isPartOf\":{\"@id\":\"https:\/\/talkpal.ai\/mt\/#website\"},\"primaryImageOfPage\":{\"@id\":\"https:\/\/talkpal.ai\/mt\/grammatika-ceka\/#primaryimage\"},\"image\":{\"@id\":\"https:\/\/talkpal.ai\/mt\/grammatika-ceka\/#primaryimage\"},\"thumbnailUrl\":\"https:\/\/talkpal.ai\/wp-content\/uploads\/2023\/05\/czech-republic.png\",\"datePublished\":\"2023-05-14T14:03:07+00:00\",\"dateModified\":\"2025-12-13T15:22:12+00:00\",\"description\":\"Tifta\u0127 is-sigrieti tal-grammatika \u010aeka. Tg\u0127allem dwar il-kumplessit\u00e0 unika tag\u0127ha u kif tikkontrolla d-deklinazzjonijiet tan-nomi b'mod effettiv.\",\"breadcrumb\":{\"@id\":\"https:\/\/talkpal.ai\/mt\/grammatika-ceka\/#breadcrumb\"},\"inLanguage\":\"mt-MT\",\"potentialAction\":[{\"@type\":\"ReadAction\",\"target\":[\"https:\/\/talkpal.ai\/mt\/grammatika-ceka\/\"]}]},{\"@type\":\"ImageObject\",\"inLanguage\":\"mt-MT\",\"@id\":\"https:\/\/talkpal.ai\/mt\/grammatika-ceka\/#primaryimage\",\"url\":\"https:\/\/talkpal.ai\/wp-content\/uploads\/2023\/05\/czech-republic.png\",\"contentUrl\":\"https:\/\/talkpal.ai\/wp-content\/uploads\/2023\/05\/czech-republic.png\",\"width\":512,\"height\":512,\"caption\":\"TalkPal Czech republic Flag\"},{\"@type\":\"BreadcrumbList\",\"@id\":\"https:\/\/talkpal.ai\/mt\/grammatika-ceka\/#breadcrumb\",\"itemListElement\":[{\"@type\":\"ListItem\",\"position\":1,\"name\":\"Homepage\",\"item\":\"https:\/\/talkpal.ai\/mt\/\"},{\"@type\":\"ListItem\",\"position\":2,\"name\":\"Grammatika \u010aeka\"}]},{\"@type\":\"WebSite\",\"@id\":\"https:\/\/talkpal.ai\/mt\/#website\",\"url\":\"https:\/\/talkpal.ai\/mt\/\",\"name\":\"Talkpal\",\"description\":\"AI Language Learning\",\"publisher\":{\"@id\":\"https:\/\/talkpal.ai\/mt\/#organization\"},\"alternateName\":\"Talkpal AI\",\"potentialAction\":[{\"@type\":\"SearchAction\",\"target\":{\"@type\":\"EntryPoint\",\"urlTemplate\":\"https:\/\/talkpal.ai\/mt\/?s={search_term_string}\"},\"query-input\":{\"@type\":\"PropertyValueSpecification\",\"valueRequired\":true,\"valueName\":\"search_term_string\"}}],\"inLanguage\":\"mt-MT\"},{\"@type\":\"Organization\",\"@id\":\"https:\/\/talkpal.ai\/mt\/#organization\",\"name\":\"Talkpal, Inc.\",\"alternateName\":\"Talkpal AI\",\"url\":\"https:\/\/talkpal.ai\/mt\/\",\"logo\":{\"@type\":\"ImageObject\",\"inLanguage\":\"mt-MT\",\"@id\":\"https:\/\/talkpal.ai\/mt\/#\/schema\/logo\/image\/\",\"url\":\"https:\/\/talkpal.ai\/wp-content\/uploads\/2024\/03\/Talkpal-Logo-Icon.png\",\"contentUrl\":\"https:\/\/talkpal.ai\/wp-content\/uploads\/2024\/03\/Talkpal-Logo-Icon.png\",\"width\":2880,\"height\":2880,\"caption\":\"Talkpal, Inc.\"},\"image\":{\"@id\":\"https:\/\/talkpal.ai\/mt\/#\/schema\/logo\/image\/\"},\"sameAs\":[\"https:\/\/www.facebook.com\/profile.php?id=100090733639311\",\"https:\/\/x.com\/talkpalai\",\"https:\/\/www.linkedin.com\/company\/talkpal\/\",\"https:\/\/www.youtube.com\/@TalkPal\/\",\"https:\/\/www.tiktok.com\/@talkpal\",\"https:\/\/www.instagram.com\/talkpal_ai\/\",\"https:\/\/www.crunchbase.com\/organization\/talkpal-9cde\",\"https:\/\/www.g2.com\/products\/talkpal-for-business\/\",\"https:\/\/www.trustpilot.com\/review\/talkpal.ai\",\"https:\/\/www.capterra.com\/p\/10006800\/TalkPal\/\"],\"description\":\"Talkpal is a language learning web and mobile education app, powered by the latest AI technologies, that provides engaging experiences to its customers in many different languages to help them improve their language skills. Users can chat about unlimited amount of topics with the app and use other modes to practice their language learning.\",\"email\":\"support@talkpal.ai\",\"legalName\":\"Talkpal, Inc.\",\"foundingDate\":\"2023-04-03\",\"duns\":\"118989042\",\"numberOfEmployees\":{\"@type\":\"QuantitativeValue\",\"minValue\":\"11\",\"maxValue\":\"50\"},\"publishingPrinciples\":\"https:\/\/talkpal.ai\/publishing-principles\/\",\"actionableFeedbackPolicy\":\"https:\/\/talkpal.ai\/actionable-feedback-policy\/\",\"correctionsPolicy\":\"https:\/\/talkpal.ai\/corrections-policy\/\",\"ethicsPolicy\":\"https:\/\/talkpal.ai\/ethics-policy\/\",\"diversityPolicy\":\"https:\/\/talkpal.ai\/diversity-policy\/\",\"diversityStaffingReport\":\"https:\/\/talkpal.ai\/diversity-policy\/\"}]}<\/script>\n<!-- \/ Yoast SEO Premium plugin. -->","yoast_head_json":{"title":"Grammatika \u010aeka - Talkpal","description":"Tifta\u0127 is-sigrieti tal-grammatika \u010aeka. Tg\u0127allem dwar il-kumplessit\u00e0 unika tag\u0127ha u kif tikkontrolla d-deklinazzjonijiet tan-nomi b'mod effettiv.","robots":{"index":"index","follow":"follow","max-snippet":"max-snippet:-1","max-image-preview":"max-image-preview:large","max-video-preview":"max-video-preview:-1"},"canonical":"https:\/\/talkpal.ai\/mt\/grammatika-ceka\/","og_locale":"mt_MT","og_type":"article","og_title":"Grammatika \u010aeka","og_description":"Grammatika \u010aeka: Nag\u0127mlu sens tal-istruttura unika tal-lingwa \u010aeka Jekk qatt ippruvajt titg\u0127allem i\u010b-\u010aek - jew sa\u0127ansitra sempli\u010bement perused artiklu jew","og_url":"https:\/\/talkpal.ai\/mt\/grammatika-ceka\/","og_site_name":"Talkpal","article_publisher":"https:\/\/www.facebook.com\/profile.php?id=100090733639311","article_modified_time":"2025-12-13T15:22:12+00:00","og_image":[{"width":512,"height":512,"url":"https:\/\/talkpal.ai\/wp-content\/uploads\/2023\/05\/czech-republic.png","type":"image\/png"}],"twitter_card":"summary_large_image","twitter_site":"@talkpalai","twitter_misc":{"Est. reading time":"3 minutes"},"schema":{"@context":"https:\/\/schema.org","@graph":[{"@type":"WebPage","@id":"https:\/\/talkpal.ai\/mt\/grammatika-ceka\/","url":"https:\/\/talkpal.ai\/mt\/grammatika-ceka\/","name":"Grammatika \u010aeka - Talkpal","isPartOf":{"@id":"https:\/\/talkpal.ai\/mt\/#website"},"primaryImageOfPage":{"@id":"https:\/\/talkpal.ai\/mt\/grammatika-ceka\/#primaryimage"},"image":{"@id":"https:\/\/talkpal.ai\/mt\/grammatika-ceka\/#primaryimage"},"thumbnailUrl":"https:\/\/talkpal.ai\/wp-content\/uploads\/2023\/05\/czech-republic.png","datePublished":"2023-05-14T14:03:07+00:00","dateModified":"2025-12-13T15:22:12+00:00","description":"Tifta\u0127 is-sigrieti tal-grammatika \u010aeka. Tg\u0127allem dwar il-kumplessit\u00e0 unika tag\u0127ha u kif tikkontrolla d-deklinazzjonijiet tan-nomi b'mod effettiv.","breadcrumb":{"@id":"https:\/\/talkpal.ai\/mt\/grammatika-ceka\/#breadcrumb"},"inLanguage":"mt-MT","potentialAction":[{"@type":"ReadAction","target":["https:\/\/talkpal.ai\/mt\/grammatika-ceka\/"]}]},{"@type":"ImageObject","inLanguage":"mt-MT","@id":"https:\/\/talkpal.ai\/mt\/grammatika-ceka\/#primaryimage","url":"https:\/\/talkpal.ai\/wp-content\/uploads\/2023\/05\/czech-republic.png","contentUrl":"https:\/\/talkpal.ai\/wp-content\/uploads\/2023\/05\/czech-republic.png","width":512,"height":512,"caption":"TalkPal Czech republic Flag"},{"@type":"BreadcrumbList","@id":"https:\/\/talkpal.ai\/mt\/grammatika-ceka\/#breadcrumb","itemListElement":[{"@type":"ListItem","position":1,"name":"Homepage","item":"https:\/\/talkpal.ai\/mt\/"},{"@type":"ListItem","position":2,"name":"Grammatika \u010aeka"}]},{"@type":"WebSite","@id":"https:\/\/talkpal.ai\/mt\/#website","url":"https:\/\/talkpal.ai\/mt\/","name":"Talkpal","description":"AI Language Learning","publisher":{"@id":"https:\/\/talkpal.ai\/mt\/#organization"},"alternateName":"Talkpal AI","potentialAction":[{"@type":"SearchAction","target":{"@type":"EntryPoint","urlTemplate":"https:\/\/talkpal.ai\/mt\/?s={search_term_string}"},"query-input":{"@type":"PropertyValueSpecification","valueRequired":true,"valueName":"search_term_string"}}],"inLanguage":"mt-MT"},{"@type":"Organization","@id":"https:\/\/talkpal.ai\/mt\/#organization","name":"Talkpal, Inc.","alternateName":"Talkpal AI","url":"https:\/\/talkpal.ai\/mt\/","logo":{"@type":"ImageObject","inLanguage":"mt-MT","@id":"https:\/\/talkpal.ai\/mt\/#\/schema\/logo\/image\/","url":"https:\/\/talkpal.ai\/wp-content\/uploads\/2024\/03\/Talkpal-Logo-Icon.png","contentUrl":"https:\/\/talkpal.ai\/wp-content\/uploads\/2024\/03\/Talkpal-Logo-Icon.png","width":2880,"height":2880,"caption":"Talkpal, Inc."},"image":{"@id":"https:\/\/talkpal.ai\/mt\/#\/schema\/logo\/image\/"},"sameAs":["https:\/\/www.facebook.com\/profile.php?id=100090733639311","https:\/\/x.com\/talkpalai","https:\/\/www.linkedin.com\/company\/talkpal\/","https:\/\/www.youtube.com\/@TalkPal\/","https:\/\/www.tiktok.com\/@talkpal","https:\/\/www.instagram.com\/talkpal_ai\/","https:\/\/www.crunchbase.com\/organization\/talkpal-9cde","https:\/\/www.g2.com\/products\/talkpal-for-business\/","https:\/\/www.trustpilot.com\/review\/talkpal.ai","https:\/\/www.capterra.com\/p\/10006800\/TalkPal\/"],"description":"Talkpal is a language learning web and mobile education app, powered by the latest AI technologies, that provides engaging experiences to its customers in many different languages to help them improve their language skills. Users can chat about unlimited amount of topics with the app and use other modes to practice their language learning.","email":"support@talkpal.ai","legalName":"Talkpal, Inc.","foundingDate":"2023-04-03","duns":"118989042","numberOfEmployees":{"@type":"QuantitativeValue","minValue":"11","maxValue":"50"},"publishingPrinciples":"https:\/\/talkpal.ai\/publishing-principles\/","actionableFeedbackPolicy":"https:\/\/talkpal.ai\/actionable-feedback-policy\/","correctionsPolicy":"https:\/\/talkpal.ai\/corrections-policy\/","ethicsPolicy":"https:\/\/talkpal.ai\/ethics-policy\/","diversityPolicy":"https:\/\/talkpal.ai\/diversity-policy\/","diversityStaffingReport":"https:\/\/talkpal.ai\/diversity-policy\/"}]}},"_links":{"self":[{"href":"https:\/\/talkpal.ai\/mt\/wp-json\/wp\/v2\/pages\/1443541","targetHints":{"allow":["GET"]}}],"collection":[{"href":"https:\/\/talkpal.ai\/mt\/wp-json\/wp\/v2\/pages"}],"about":[{"href":"https:\/\/talkpal.ai\/mt\/wp-json\/wp\/v2\/types\/page"}],"author":[{"embeddable":true,"href":"https:\/\/talkpal.ai\/mt\/wp-json\/wp\/v2\/users\/1"}],"replies":[{"embeddable":true,"href":"https:\/\/talkpal.ai\/mt\/wp-json\/wp\/v2\/comments?post=1443541"}],"version-history":[{"count":0,"href":"https:\/\/talkpal.ai\/mt\/wp-json\/wp\/v2\/pages\/1443541\/revisions"}],"wp:featuredmedia":[{"embeddable":true,"href":"https:\/\/talkpal.ai\/mt\/wp-json\/wp\/v2\/media\/1443542"}],"wp:attachment":[{"href":"https:\/\/talkpal.ai\/mt\/wp-json\/wp\/v2\/media?parent=1443541"}],"curies":[{"name":"wp","href":"https:\/\/api.w.org\/{rel}","templated":true}]}}