{"id":1443535,"date":"2023-05-14T14:01:16","date_gmt":"2023-05-14T14:01:16","guid":{"rendered":"https:\/\/talkpal.ai\/grammatika-kroata\/"},"modified":"2025-12-11T16:39:58","modified_gmt":"2025-12-11T16:39:58","slug":"grammatika-kroata","status":"publish","type":"page","link":"https:\/\/talkpal.ai\/mt\/grammatika-kroata\/","title":{"rendered":"Grammatika Kroata"},"content":{"rendered":"\r\n\r\n\r\n<section class=\"languageChallengeSection\">\r\n    <div class=\"languageInfoWrapper\">\r\n        \r\n        <h1>Grammatika Kroata<\/h1>\r\n        <p>Skopri l-istruttura affaxxinanti tal-Kroat billi titg\u0127allem ir-regoli essenzjali tal-grammatika tag\u0127ha. Il-\u0127akma tal-grammatika Kroata se tifta\u0127 opportunitajiet \u0121odda g\u0127all-komunikazzjoni u tg\u0127inek tesperjenza a\u0127jar il-kultura u l-wirt tal-pajji\u017c. Ibda titg\u0127allem il-grammatika Kroata llum u \u0127u l-ewwel pass tieg\u0127ek lejn il-\u0127effa!<\/p>\r\n\r\n                            <a class=\"getStartedHidden\" href=\"https:\/\/app.talkpal.ai\/signup?lng=\">Ibda<\/a>\r\n        \r\n    <\/div>\r\n\r\n    <figure>\r\n    <img decoding=\"async\" width=\"768\" height=\"768\" src=\"https:\/\/talkpal.ai\/wp-content\/uploads\/2023\/06\/croatian-768x768.png\" class=\"languageImage no-lazy\" alt=\"Language learning for successful interaction\" fetchpriority=\"high\" sizes=\"(max-width: 768px) 150px, 768px\" srcset=\"https:\/\/talkpal.ai\/wp-content\/uploads\/2023\/06\/croatian-768x768.png 768w, https:\/\/talkpal.ai\/wp-content\/uploads\/2023\/06\/croatian-300x300.png 300w\" \/>\r\n    \r\n\r\n    <\/figure>\r\n\r\n            <a class=\"getStartedVisible\" href=\"https:\/\/app.talkpal.ai\/signup?lng=\">Ibda<\/a>\r\n    \r\n<\/section>\r\n<section class=\"promotionalBanner\">\r\n    <p class=\"promotionalText\">L-aktar mod effi\u010bjenti biex titg\u0127allem lingwa<\/p>\r\n    <a class=\"promotionalLink\" href=\"https:\/\/app.talkpal.ai\/signup?lng=\">Ipprova Talkpal b&#8217;xejn<\/a>\r\n<\/section>\n<div class=\"wp-block-group pageContainerStyle\"><div class=\"wp-block-group__inner-container is-layout-constrained wp-block-group-is-layout-constrained\">\n<h2 class=\"wp-block-heading\" id=\"h-a-journey-through-croatian-grammar-unraveling-the-complexities-made-easy\">Vja\u0121\u0121 permezz tal-grammatika Kroata: Unraveling the Complexities Made Easy<\/h2>\n\n\n\n<p><a href=\"https:\/\/talkpal.ai\/croatian-grammar\/\">Grammatika Kroata<\/a>: attraenti u intimidanti, sempli\u010bi u kkumplikata, misterju\u017ca u affaxxinanti. Hekk kif tibda l-vja\u0121\u0121 biex titg\u0127allem il-lingwa Kroata, tista&#8217; t\u0127ossok meg\u0127lub mill-\u0127sieb li tifhem il-kumplessitajiet grammatikali tag\u0127ha. Imma tib\u017cax, lingwista intrepid, g\u0127ax a\u0127na qeg\u0127din hawn biex niggwidawk f&#8217;kull pass tat-triq!<\/p>\n\n\n\n<p>F&#8217;dan l-artikolu, se nipprovdu fehim ba\u017ciku tal-kun\u010betti tal-grammatika Kroata u nipprovdu pariri u tricks g\u0127all-\u0127akma ta &#8216;din il-lingwa Slava sabi\u0127a. Sempli\u010bement po\u0121\u0121i bilqieg\u0127da, tirrilassa, u ejja nissimplifikaw din l-affari apparentement ikkumplikata!<\/p>\n\n\n\n<h3 class=\"wp-block-heading\" id=\"h-1-heavenly-nouns-declining-in-style\">1. Heavenly Nouns: Declining in Style<\/h3>\n\n\n\n<p>Jekk int familjari ma &#8216;lingwi b\u0127al-Latin jew il-\u0120ermani\u017c, allura l-kun\u010bett ta&#8217; deklinazzjoni tan-nom mhux se jkun \u0121did g\u0127alik. Il-grammatika Kroata hija mibnija fuq pedament ta&#8217; deklinazzjoni, b&#8217;total ta&#8217; seba&#8217; ka\u017cijiet. Iva, smajt dak id-dritt! Kull nom bil-Kroat jista&#8217; jkollu sa seba&#8217; forom differenti, skont ir-rwol tieg\u0127u fis-sentenza. Imma g\u0127aliex il-fuss, tistaqsi? Ukoll, inaqqas il-\u0127tie\u0121a g\u0127al prepo\u017cizzjonijiet, u jag\u0127mel il-lingwa aktar pre\u010bi\u017ca.  <\/p>\n\n\n\n<p>Hawnhekk hawn \u0127arsa mg\u0127a\u0121\u0121la tal-ka\u017cijiet:<\/p>\n\n\n\n<p><strong>\u2013 Nominativ:<\/strong> Is-su\u0121\u0121ett ta&#8217; sentenza<\/p>\n\n\n\n<p><strong>\u2013 \u0120enittiv:<\/strong> Jindika l-pussess jew l-ori\u0121ini<\/p>\n\n\n\n<p><strong>\u2013 Dattiva:<\/strong> L-o\u0121\u0121ett jew id-destinazzjoni indiretta<\/p>\n\n\n\n<p><strong>\u2013 Akku\u017cat:<\/strong> L-o\u0121\u0121ett dirett jew l-g\u0127an<\/p>\n\n\n\n<p><strong>\u2013 Vokattiv:<\/strong> U\u017cat biex tindirizza jew i\u010b\u010bempel lil xi \u0127add<\/p>\n\n\n\n<p><strong>\u2013 Lokattiv:<\/strong> Jindika l-post<\/p>\n\n\n\n<p><strong>\u2013 Strumentali:<\/strong> Jiddeskrivi l-mezzi, il-mod, jew l-akkumpanjament<\/p>\n\n\n\n<p>Issa, qabel ma tibda paniku, ftakar li l-prattika tag\u0127mel il-perfezzjoni. L-espo\u017cizzjoni u l-u\u017cu regolari tal-lingwa jg\u0127inuk gradwalment tikkontrolla dawn id-deklinazzjonijiet u ssir whiz tal-grammatika Kroata!<\/p>\n\n\n\n<h3 class=\"wp-block-heading\" id=\"h-2-adorable-adjectives-agreements-galore\">2. A\u0121\u0121ettivi Adorabbli: Ftehimiet Galore<\/h3>\n\n\n\n<p>Fid-dinja tal-grammatika Kroata, l-a\u0121\u0121ettivi j\u0127obbu jkunu pja\u010bevoli. Jinbidlu skont is-sess, in-numru, u l-ka\u017c tan-nom li jimmodifikaw. Dan ifisser li jkollok b\u017conn ta\u0121\u0121usta l-forma tal-a\u0121\u0121ettiv skont jekk in-nom huwiex maskili, femminili, jew neutru, kif ukoll jekk huwiex singular jew plural.<\/p>\n\n\n\n<p>Qed tissielet bil-ftehim? Hawn ftit ponta: iffoka fuq it-tag\u0127lim tal-g\u0127erq ta &#8216;a\u0121\u0121ettiv, u l-bqija se jaqg\u0127u f&#8217;posthom. Pere\u017cempju, l-a\u0121\u0121ettiv tal-g\u0127erq g\u0127al &#8220;sabi\u0127&#8221; huwa &#8220;lijep-,&#8221; u tista &#8216;to\u0127loq forom b\u0127al &#8220;lijepa&#8221; (femminili, nominativ) jew &#8220;lijepim&#8221; (maskili \/ neutru, strumentali) billi tu\u017ca diversi trufijiet.<\/p>\n\n\n\n<h3 class=\"wp-block-heading\" id=\"h-3-vibrant-verbs-conjugating-to-perfection\">3. Verbi Vibranti: Konjugazzjoni g\u0127all-Perfezzjoni<\/h3>\n\n\n\n<p>Qed tibda tara mudell hawn? B\u0127an-nomi u l-a\u0121\u0121ettivi, il-verbi Kroati huma wkoll mimlijin varjazzjonijiet. F&#8217;din il-lingwa, il-verbi jg\u0127addu minn konjugazzjoni bba\u017cata fuq it-temp, il-burdata, l-aspett, il-persuna, u n-numru.<\/p>\n\n\n\n<p>Hemm tliet tempi ewlenin fil-Kroat: il-passat, il-pre\u017cent u l-futur. Filwaqt li t-temp pre\u017centi jista &#8216;jidher relattivament fa\u010bli biex jinftiehem, it-tempi tal-passat u tal-futur jistg\u0127u jkunu kkumplikati. Imma tinkwetax! Il-prattika u l-espo\u017cizzjoni g\u0127al-lingwa jg\u0127inuk teg\u0127leb dawn l-ostakli fl-ebda \u0127in.<\/p>\n\n\n\n<h3 class=\"wp-block-heading\" id=\"h-4-prepositions-cases-dynamic-duo\">4. Prepo\u017cizzjonijiet + Ka\u017cijiet = Duo Dinamiku!<\/h3>\n\n\n\n<p>Il-prepo\u017cizzjonijiet Kroati jistg\u0127u jkunu daqsxejn diffi\u010bli, peress li huma konnessi mill-qrib mal-ka\u017cijiet tan-nomi. Pere\u017cempju, il-prepo\u017cizzjoni &#8220;u&#8221; (in, into) tintu\u017ca mal-ka\u017c akku\u017cat jekk tindika moviment jew direzzjoni, imma jekk tpin\u0121i l-post, allura ta\u0127dem mal-ka\u017c lokalattiv.<\/p>\n\n\n\n<p>Biex tevita konfu\u017cjoni, asso\u010bja prepo\u017cizzjoni mal-ka\u017c li te\u0127tie\u0121. Pere\u017cempju, ftakar &#8220;u + lokattiv = \u0121ewwa&#8221; u &#8220;u + akku\u017cativ = \u0121ewwa.&#8221;<\/p>\n\n\n\n<h3 class=\"wp-block-heading\" id=\"h-5-tame-the-complexities-practice-makes-perfect\">5. Tame the Complexities: Practice Makes Perfect<\/h3>\n\n\n\n<p>Mill-ewwel daqqa t&#8217;g\u0127ajn, il-grammatika Kroata tista &#8216;tidher b\u0127al labirint, i\u017cda \u017comm f&#8217;mo\u0127\u0127ok li l-prattika hija l-ingredjent sigriet g\u0127as-su\u010b\u010bess. Immerse yourself in the language through reading, writing, listening, and conversing. Dawwar l-isfidi fi trijonfi billi t\u0127alli mo\u0127\u0127ok jassorbi u jadatta g\u0127all-ambjent lingwistiku \u0121did.<\/p>\n\n\n\n<p>Allura, issa li g\u0127addas is-saqajn tieg\u0127ek fl-ilmijiet enchanting tal-grammatika Kroata, int lest li tg\u0127addas aktar fil-fond? T\u0127addan il-kumplessitajiet, tgawdi l-isfumaturi, u ftakar li bil-persistenza u l-passjoni, tista &#8216;tifta\u0127 is-sbu\u0127ija vera tal-lingwa Kroata. Sretno! (Xorti tajba!)<\/p>\n<\/div><\/div>\n\r\n<section class=\"learnNavigationSection\">\r\n            \r\n        <a href=\"https:\/\/talkpal.ai\/mt\/tghallem-il-kroat\/\">\r\n            <div class=\"learnNavigationWrapper\">\r\n                <div class=\"learnNavigationContent\">\r\n                    <img decoding=\"async\" src=\"https:\/\/talkpal.ai\/wp-content\/uploads\/2024\/08\/Croatian.jpg\" alt=\"Croatian Flag\">\r\n                    <div>\r\n                        <h4>Dwar it-Tag\u0127lim tal-Kroat<\/h4>\r\n                        <p>Sir af kollox dwar il-grammatika Kroata.<\/p>\r\n                    <\/div>\r\n                <\/div>\r\n            <\/div>\r\n        <\/a>\r\n\r\n        \r\n        <a href=\"https:\/\/talkpal.ai\/mt\/ezercizzji-tal-grammatika-kroata\/\">\r\n            <div class=\"learnNavigationWrapper\">\r\n                <div class=\"learnNavigationContent\">\r\n                    <img decoding=\"async\" src=\"https:\/\/talkpal.ai\/wp-content\/uploads\/2024\/08\/Croatian.jpg\" alt=\"Croatian Flag\">\r\n                    <div>\r\n                        <h4>E\u017cer\u010bizzju tal-Grammatika Kroata<\/h4>\r\n                        <p>Ipprattika l-grammatika Kroata.<\/p>\r\n                    <\/div>\r\n                <\/div>\r\n            <\/div>\r\n        <\/a>\r\n\r\n        \r\n        <a href=\"https:\/\/talkpal.ai\/vocabulary_language\/croatian\/\">\r\n            <div class=\"learnNavigationWrapper\">\r\n                <div class=\"learnNavigationContent\">\r\n                    <img decoding=\"async\" src=\"https:\/\/talkpal.ai\/wp-content\/uploads\/2024\/08\/Croatian.jpg\" alt=\"Croatian Flag\">\r\n                    <div>\r\n                        <h4>Vokabularju Kroat<\/h4>\r\n                        <p>Espandi l-vokabularju Kroat tieg\u0127ek.<\/p>\r\n                    <\/div>\r\n                <\/div>\r\n            <\/div>\r\n        <\/a>\r\n\r\n            <\/section>","protected":false},"excerpt":{"rendered":"<p>Vja\u0121\u0121 permezz tal-grammatika Kroata: Unraveling the Complexities Made Easy Grammatika Kroata: attraenti u intimidanti, sempli\u010bi u kkumplikata, misterju\u017ca u affaxxinanti. Hekk kif tibda l-vja\u0121\u0121 biex titg\u0127allem il-lingwa Kroata, tista&#8217; t\u0127ossok meg\u0127lub mill-\u0127sieb li tifhem il-kumplessitajiet grammatikali tag\u0127ha. Imma tib\u017cax, lingwista intrepid, g\u0127ax a\u0127na qeg\u0127din hawn biex niggwidawk f&#8217;kull pass tat-triq! F&#8217;dan l-artikolu, se nipprovdu fehim [&hellip;]<\/p>\n","protected":false},"author":1,"featured_media":1443536,"parent":0,"menu_order":0,"comment_status":"closed","ping_status":"closed","template":"LearningContentPage.php","meta":{"_acf_changed":false,"footnotes":""},"class_list":["post-1443535","page","type-page","status-publish","has-post-thumbnail","hentry"],"acf":[],"yoast_head":"<!-- This site is optimized with the Yoast SEO Premium plugin v27.2 (Yoast SEO v27.2) - https:\/\/yoast.com\/product\/yoast-seo-premium-wordpress\/ -->\n<title>Grammatika Kroata - Talkpal<\/title>\n<meta name=\"description\" content=\"Esplora l-Grammatika Kroata u ttejjeb il-fehim tieg\u0127ek tal-lingwa b&#039;pariri u ri\u017corsi essenzjali.\" \/>\n<meta name=\"robots\" content=\"index, follow, max-snippet:-1, max-image-preview:large, max-video-preview:-1\" \/>\n<link rel=\"canonical\" href=\"https:\/\/talkpal.ai\/mt\/grammatika-kroata\/\" \/>\n<meta property=\"og:locale\" content=\"mt_MT\" \/>\n<meta property=\"og:type\" content=\"article\" \/>\n<meta property=\"og:title\" content=\"Grammatika Kroata\" \/>\n<meta property=\"og:description\" content=\"Vja\u0121\u0121 permezz tal-grammatika Kroata: Unraveling the Complexities Made Easy Grammatika Kroata: attraenti u intimidanti, sempli\u010bi u kkumplikata, misterju\u017ca\" \/>\n<meta property=\"og:url\" content=\"https:\/\/talkpal.ai\/mt\/grammatika-kroata\/\" \/>\n<meta property=\"og:site_name\" content=\"Talkpal\" \/>\n<meta property=\"article:publisher\" content=\"https:\/\/www.facebook.com\/profile.php?id=100090733639311\" \/>\n<meta property=\"article:modified_time\" content=\"2025-12-11T16:39:58+00:00\" \/>\n<meta property=\"og:image\" content=\"https:\/\/talkpal.ai\/wp-content\/uploads\/2023\/05\/croatia.png\" \/>\n\t<meta property=\"og:image:width\" content=\"512\" \/>\n\t<meta property=\"og:image:height\" content=\"512\" \/>\n\t<meta property=\"og:image:type\" content=\"image\/png\" \/>\n<meta name=\"twitter:card\" content=\"summary_large_image\" \/>\n<meta name=\"twitter:site\" content=\"@talkpalai\" \/>\n<meta name=\"twitter:label1\" content=\"Est. reading time\" \/>\n\t<meta name=\"twitter:data1\" content=\"3 minutes\" \/>\n<script type=\"application\/ld+json\" class=\"yoast-schema-graph\">{\"@context\":\"https:\/\/schema.org\",\"@graph\":[{\"@type\":\"WebPage\",\"@id\":\"https:\/\/talkpal.ai\/mt\/grammatika-kroata\/\",\"url\":\"https:\/\/talkpal.ai\/mt\/grammatika-kroata\/\",\"name\":\"Grammatika Kroata - Talkpal\",\"isPartOf\":{\"@id\":\"https:\/\/talkpal.ai\/mt\/#website\"},\"primaryImageOfPage\":{\"@id\":\"https:\/\/talkpal.ai\/mt\/grammatika-kroata\/#primaryimage\"},\"image\":{\"@id\":\"https:\/\/talkpal.ai\/mt\/grammatika-kroata\/#primaryimage\"},\"thumbnailUrl\":\"https:\/\/talkpal.ai\/wp-content\/uploads\/2023\/05\/croatia.png\",\"datePublished\":\"2023-05-14T14:01:16+00:00\",\"dateModified\":\"2025-12-11T16:39:58+00:00\",\"description\":\"Esplora l-Grammatika Kroata u ttejjeb il-fehim tieg\u0127ek tal-lingwa b'pariri u ri\u017corsi essenzjali.\",\"breadcrumb\":{\"@id\":\"https:\/\/talkpal.ai\/mt\/grammatika-kroata\/#breadcrumb\"},\"inLanguage\":\"mt-MT\",\"potentialAction\":[{\"@type\":\"ReadAction\",\"target\":[\"https:\/\/talkpal.ai\/mt\/grammatika-kroata\/\"]}]},{\"@type\":\"ImageObject\",\"inLanguage\":\"mt-MT\",\"@id\":\"https:\/\/talkpal.ai\/mt\/grammatika-kroata\/#primaryimage\",\"url\":\"https:\/\/talkpal.ai\/wp-content\/uploads\/2023\/05\/croatia.png\",\"contentUrl\":\"https:\/\/talkpal.ai\/wp-content\/uploads\/2023\/05\/croatia.png\",\"width\":512,\"height\":512,\"caption\":\"TalkPal Croatia Flag\"},{\"@type\":\"BreadcrumbList\",\"@id\":\"https:\/\/talkpal.ai\/mt\/grammatika-kroata\/#breadcrumb\",\"itemListElement\":[{\"@type\":\"ListItem\",\"position\":1,\"name\":\"Homepage\",\"item\":\"https:\/\/talkpal.ai\/mt\/\"},{\"@type\":\"ListItem\",\"position\":2,\"name\":\"Grammatika Kroata\"}]},{\"@type\":\"WebSite\",\"@id\":\"https:\/\/talkpal.ai\/mt\/#website\",\"url\":\"https:\/\/talkpal.ai\/mt\/\",\"name\":\"Talkpal\",\"description\":\"AI Language Learning\",\"publisher\":{\"@id\":\"https:\/\/talkpal.ai\/mt\/#organization\"},\"alternateName\":\"Talkpal AI\",\"potentialAction\":[{\"@type\":\"SearchAction\",\"target\":{\"@type\":\"EntryPoint\",\"urlTemplate\":\"https:\/\/talkpal.ai\/mt\/?s={search_term_string}\"},\"query-input\":{\"@type\":\"PropertyValueSpecification\",\"valueRequired\":true,\"valueName\":\"search_term_string\"}}],\"inLanguage\":\"mt-MT\"},{\"@type\":\"Organization\",\"@id\":\"https:\/\/talkpal.ai\/mt\/#organization\",\"name\":\"Talkpal, Inc.\",\"alternateName\":\"Talkpal AI\",\"url\":\"https:\/\/talkpal.ai\/mt\/\",\"logo\":{\"@type\":\"ImageObject\",\"inLanguage\":\"mt-MT\",\"@id\":\"https:\/\/talkpal.ai\/mt\/#\/schema\/logo\/image\/\",\"url\":\"https:\/\/talkpal.ai\/wp-content\/uploads\/2024\/03\/Talkpal-Logo-Icon.png\",\"contentUrl\":\"https:\/\/talkpal.ai\/wp-content\/uploads\/2024\/03\/Talkpal-Logo-Icon.png\",\"width\":2880,\"height\":2880,\"caption\":\"Talkpal, Inc.\"},\"image\":{\"@id\":\"https:\/\/talkpal.ai\/mt\/#\/schema\/logo\/image\/\"},\"sameAs\":[\"https:\/\/www.facebook.com\/profile.php?id=100090733639311\",\"https:\/\/x.com\/talkpalai\",\"https:\/\/www.linkedin.com\/company\/talkpal\/\",\"https:\/\/www.youtube.com\/@TalkPal\/\",\"https:\/\/www.tiktok.com\/@talkpal\",\"https:\/\/www.instagram.com\/talkpal_ai\/\",\"https:\/\/www.crunchbase.com\/organization\/talkpal-9cde\",\"https:\/\/www.g2.com\/products\/talkpal-for-business\/\",\"https:\/\/www.trustpilot.com\/review\/talkpal.ai\",\"https:\/\/www.capterra.com\/p\/10006800\/TalkPal\/\"],\"description\":\"Talkpal is a language learning web and mobile education app, powered by the latest AI technologies, that provides engaging experiences to its customers in many different languages to help them improve their language skills. Users can chat about unlimited amount of topics with the app and use other modes to practice their language learning.\",\"email\":\"support@talkpal.ai\",\"legalName\":\"Talkpal, Inc.\",\"foundingDate\":\"2023-04-03\",\"duns\":\"118989042\",\"numberOfEmployees\":{\"@type\":\"QuantitativeValue\",\"minValue\":\"11\",\"maxValue\":\"50\"},\"publishingPrinciples\":\"https:\/\/talkpal.ai\/publishing-principles\/\",\"actionableFeedbackPolicy\":\"https:\/\/talkpal.ai\/actionable-feedback-policy\/\",\"correctionsPolicy\":\"https:\/\/talkpal.ai\/corrections-policy\/\",\"ethicsPolicy\":\"https:\/\/talkpal.ai\/ethics-policy\/\",\"diversityPolicy\":\"https:\/\/talkpal.ai\/diversity-policy\/\",\"diversityStaffingReport\":\"https:\/\/talkpal.ai\/diversity-policy\/\"}]}<\/script>\n<!-- \/ Yoast SEO Premium plugin. -->","yoast_head_json":{"title":"Grammatika Kroata - Talkpal","description":"Esplora l-Grammatika Kroata u ttejjeb il-fehim tieg\u0127ek tal-lingwa b'pariri u ri\u017corsi essenzjali.","robots":{"index":"index","follow":"follow","max-snippet":"max-snippet:-1","max-image-preview":"max-image-preview:large","max-video-preview":"max-video-preview:-1"},"canonical":"https:\/\/talkpal.ai\/mt\/grammatika-kroata\/","og_locale":"mt_MT","og_type":"article","og_title":"Grammatika Kroata","og_description":"Vja\u0121\u0121 permezz tal-grammatika Kroata: Unraveling the Complexities Made Easy Grammatika Kroata: attraenti u intimidanti, sempli\u010bi u kkumplikata, misterju\u017ca","og_url":"https:\/\/talkpal.ai\/mt\/grammatika-kroata\/","og_site_name":"Talkpal","article_publisher":"https:\/\/www.facebook.com\/profile.php?id=100090733639311","article_modified_time":"2025-12-11T16:39:58+00:00","og_image":[{"width":512,"height":512,"url":"https:\/\/talkpal.ai\/wp-content\/uploads\/2023\/05\/croatia.png","type":"image\/png"}],"twitter_card":"summary_large_image","twitter_site":"@talkpalai","twitter_misc":{"Est. reading time":"3 minutes"},"schema":{"@context":"https:\/\/schema.org","@graph":[{"@type":"WebPage","@id":"https:\/\/talkpal.ai\/mt\/grammatika-kroata\/","url":"https:\/\/talkpal.ai\/mt\/grammatika-kroata\/","name":"Grammatika Kroata - Talkpal","isPartOf":{"@id":"https:\/\/talkpal.ai\/mt\/#website"},"primaryImageOfPage":{"@id":"https:\/\/talkpal.ai\/mt\/grammatika-kroata\/#primaryimage"},"image":{"@id":"https:\/\/talkpal.ai\/mt\/grammatika-kroata\/#primaryimage"},"thumbnailUrl":"https:\/\/talkpal.ai\/wp-content\/uploads\/2023\/05\/croatia.png","datePublished":"2023-05-14T14:01:16+00:00","dateModified":"2025-12-11T16:39:58+00:00","description":"Esplora l-Grammatika Kroata u ttejjeb il-fehim tieg\u0127ek tal-lingwa b'pariri u ri\u017corsi essenzjali.","breadcrumb":{"@id":"https:\/\/talkpal.ai\/mt\/grammatika-kroata\/#breadcrumb"},"inLanguage":"mt-MT","potentialAction":[{"@type":"ReadAction","target":["https:\/\/talkpal.ai\/mt\/grammatika-kroata\/"]}]},{"@type":"ImageObject","inLanguage":"mt-MT","@id":"https:\/\/talkpal.ai\/mt\/grammatika-kroata\/#primaryimage","url":"https:\/\/talkpal.ai\/wp-content\/uploads\/2023\/05\/croatia.png","contentUrl":"https:\/\/talkpal.ai\/wp-content\/uploads\/2023\/05\/croatia.png","width":512,"height":512,"caption":"TalkPal Croatia Flag"},{"@type":"BreadcrumbList","@id":"https:\/\/talkpal.ai\/mt\/grammatika-kroata\/#breadcrumb","itemListElement":[{"@type":"ListItem","position":1,"name":"Homepage","item":"https:\/\/talkpal.ai\/mt\/"},{"@type":"ListItem","position":2,"name":"Grammatika Kroata"}]},{"@type":"WebSite","@id":"https:\/\/talkpal.ai\/mt\/#website","url":"https:\/\/talkpal.ai\/mt\/","name":"Talkpal","description":"AI Language Learning","publisher":{"@id":"https:\/\/talkpal.ai\/mt\/#organization"},"alternateName":"Talkpal AI","potentialAction":[{"@type":"SearchAction","target":{"@type":"EntryPoint","urlTemplate":"https:\/\/talkpal.ai\/mt\/?s={search_term_string}"},"query-input":{"@type":"PropertyValueSpecification","valueRequired":true,"valueName":"search_term_string"}}],"inLanguage":"mt-MT"},{"@type":"Organization","@id":"https:\/\/talkpal.ai\/mt\/#organization","name":"Talkpal, Inc.","alternateName":"Talkpal AI","url":"https:\/\/talkpal.ai\/mt\/","logo":{"@type":"ImageObject","inLanguage":"mt-MT","@id":"https:\/\/talkpal.ai\/mt\/#\/schema\/logo\/image\/","url":"https:\/\/talkpal.ai\/wp-content\/uploads\/2024\/03\/Talkpal-Logo-Icon.png","contentUrl":"https:\/\/talkpal.ai\/wp-content\/uploads\/2024\/03\/Talkpal-Logo-Icon.png","width":2880,"height":2880,"caption":"Talkpal, Inc."},"image":{"@id":"https:\/\/talkpal.ai\/mt\/#\/schema\/logo\/image\/"},"sameAs":["https:\/\/www.facebook.com\/profile.php?id=100090733639311","https:\/\/x.com\/talkpalai","https:\/\/www.linkedin.com\/company\/talkpal\/","https:\/\/www.youtube.com\/@TalkPal\/","https:\/\/www.tiktok.com\/@talkpal","https:\/\/www.instagram.com\/talkpal_ai\/","https:\/\/www.crunchbase.com\/organization\/talkpal-9cde","https:\/\/www.g2.com\/products\/talkpal-for-business\/","https:\/\/www.trustpilot.com\/review\/talkpal.ai","https:\/\/www.capterra.com\/p\/10006800\/TalkPal\/"],"description":"Talkpal is a language learning web and mobile education app, powered by the latest AI technologies, that provides engaging experiences to its customers in many different languages to help them improve their language skills. Users can chat about unlimited amount of topics with the app and use other modes to practice their language learning.","email":"support@talkpal.ai","legalName":"Talkpal, Inc.","foundingDate":"2023-04-03","duns":"118989042","numberOfEmployees":{"@type":"QuantitativeValue","minValue":"11","maxValue":"50"},"publishingPrinciples":"https:\/\/talkpal.ai\/publishing-principles\/","actionableFeedbackPolicy":"https:\/\/talkpal.ai\/actionable-feedback-policy\/","correctionsPolicy":"https:\/\/talkpal.ai\/corrections-policy\/","ethicsPolicy":"https:\/\/talkpal.ai\/ethics-policy\/","diversityPolicy":"https:\/\/talkpal.ai\/diversity-policy\/","diversityStaffingReport":"https:\/\/talkpal.ai\/diversity-policy\/"}]}},"_links":{"self":[{"href":"https:\/\/talkpal.ai\/mt\/wp-json\/wp\/v2\/pages\/1443535","targetHints":{"allow":["GET"]}}],"collection":[{"href":"https:\/\/talkpal.ai\/mt\/wp-json\/wp\/v2\/pages"}],"about":[{"href":"https:\/\/talkpal.ai\/mt\/wp-json\/wp\/v2\/types\/page"}],"author":[{"embeddable":true,"href":"https:\/\/talkpal.ai\/mt\/wp-json\/wp\/v2\/users\/1"}],"replies":[{"embeddable":true,"href":"https:\/\/talkpal.ai\/mt\/wp-json\/wp\/v2\/comments?post=1443535"}],"version-history":[{"count":0,"href":"https:\/\/talkpal.ai\/mt\/wp-json\/wp\/v2\/pages\/1443535\/revisions"}],"wp:featuredmedia":[{"embeddable":true,"href":"https:\/\/talkpal.ai\/mt\/wp-json\/wp\/v2\/media\/1443536"}],"wp:attachment":[{"href":"https:\/\/talkpal.ai\/mt\/wp-json\/wp\/v2\/media?parent=1443535"}],"curies":[{"name":"wp","href":"https:\/\/api.w.org\/{rel}","templated":true}]}}