{"id":1443529,"date":"2023-05-14T14:02:30","date_gmt":"2023-05-14T14:02:30","guid":{"rendered":"https:\/\/talkpal.ai\/grammatika-griega\/"},"modified":"2025-12-13T15:33:53","modified_gmt":"2025-12-13T15:33:53","slug":"grammatika-griega","status":"publish","type":"page","link":"https:\/\/talkpal.ai\/mt\/grammatika-griega\/","title":{"rendered":"Grammatika Griega"},"content":{"rendered":"\r\n\r\n\r\n<section class=\"languageChallengeSection\">\r\n    <div class=\"languageInfoWrapper\">\r\n        \r\n        <h1>Grammatika Griega<\/h1>\r\n        <p>Tg\u0127allem il-grammatika Griega u tid\u0127ol fid-dinja ta &#039;wa\u0127da mill-eqdem u l-aktar lingwi influwenti tal-umanit\u00e0. Il-Grieg jintrodu\u010bik g\u0127all-alfabett uniku tieg\u0127u, il-konjugazzjonijiet tal-verbi espressivi, u sistema ta &#039;ka\u017cijiet ta&#039; nomi li jiffurmaw it-tifsira. As you explore, you&#039;ll uncover the roots of many English words and connect with a rich cultural heritage. G\u0127addas u gawdi l-isfida ta &#039;sodisfazzjon tat-tag\u0127lim tal-grammatika Griega!<\/p>\r\n\r\n                            <a class=\"getStartedHidden\" href=\"https:\/\/app.talkpal.ai\/signup?lng=\">Ibda<\/a>\r\n        \r\n    <\/div>\r\n\r\n    <figure>\r\n    <img decoding=\"async\" width=\"768\" height=\"768\" src=\"https:\/\/talkpal.ai\/wp-content\/uploads\/2023\/06\/greek-768x768.png\" class=\"languageImage no-lazy\" alt=\"Language learning to boost personal capability\" fetchpriority=\"high\" sizes=\"(max-width: 768px) 150px, 768px\" srcset=\"https:\/\/talkpal.ai\/wp-content\/uploads\/2023\/06\/greek-768x768.png 768w, https:\/\/talkpal.ai\/wp-content\/uploads\/2023\/06\/greek-300x300.png 300w\" \/>\r\n    \r\n\r\n    <\/figure>\r\n\r\n            <a class=\"getStartedVisible\" href=\"https:\/\/app.talkpal.ai\/signup?lng=\">Ibda<\/a>\r\n    \r\n<\/section>\r\n<section class=\"promotionalBanner\">\r\n    <p class=\"promotionalText\">L-aktar mod effi\u010bjenti biex titg\u0127allem lingwa<\/p>\r\n    <a class=\"promotionalLink\" href=\"https:\/\/app.talkpal.ai\/signup?lng=\">Ipprova Talkpal b&#8217;xejn<\/a>\r\n<\/section>\n<div class=\"wp-block-group pageContainerStyle\"><div class=\"wp-block-group__inner-container is-layout-constrained wp-block-group-is-layout-constrained\">\n<h2 class=\"wp-block-heading\" id=\"h-demystifying-greek-grammar-a-comprehensive-guide\">Demystifying Greek Grammar: A Comprehensive Guide<\/h2>\n\n\n\n<p>Il-Grieg, lingwa eleganti u antika, g\u0127andha post spe\u010bjali fl-istorja lingwistika u g\u0127adha influwenti sal-lum. B&#8217;pedament b&#8217;sa\u0127\u0127tu fil-grammatika Griega, int ser tikseb a\u010b\u010bess g\u0127al rikkezza ta &#8216;ri\u017corsi kulturali u stori\u010bi filwaqt li tifta\u0127 saff ie\u0127or ta&#8217; tifsira fil-vokabularju <a href=\"https:\/\/talkpal.ai\/learn-english-with-ai\/\">Ingli\u017c<\/a>. Kuntrarju g\u0127at-twemmin popolari, il-grammatika Griega mhix intimidanti daqs kemm tista &#8216;tidher inizjalment. F&#8217;dan l-artikolu, a\u0127na ser ng\u0127inuk tinnaviga permezz tal-komponenti essenzjali tal-grammatika Griega biex tkun tista &#8216;tavvi\u010bina din il-lingwa b&#8217;kunfidenza u entu\u017cja\u017cmu.<\/p>\n\n\n\n<h3 class=\"wp-block-heading\" id=\"h-1-understanding-greek-nouns-cases-and-articles\">1. Nifhmu Nomi, Ka\u017cijiet u Artikoli Griegi<\/h3>\n\n\n\n<p>In-nomi Griegi huma kklassifikati fi tliet \u0121eneri: maskili, femminili, u neutri. Kull nom jappartjeni g\u0127al wa\u0127da mit-tliet deklensjonijiet, li jiddeterminaw it-truf tan-nom ibba\u017cati fuq is-sess, in-numru (singular jew plural), u l-ka\u017c tieg\u0127u. Fil-lingwa Griega, hemm \u0127ames ka\u017cijiet: nominativ, \u0121enittiv, dattiv, akku\u017cativ, u vokattiv.<\/p>\n\n\n\n<p>Aspett essenzjali tal-grammatika Griega jdur madwar l-artiklu. Simili g\u0127all-Ingli\u017c &#8216;the&#8217;, l-artiklu definit <a href=\"https:\/\/talkpal.ai\/learn-greek\/\">Grieg<\/a> huwa kru\u010bjali biex wie\u0127ed jifhem it-testi Griegi. L-artiklu Grieg g\u0127andu jaqbel man-nom fis-sess, in-numru, u l-ka\u017c. Il-Grieg g\u0127andu wkoll artiklu indefinit li jiffunzjona b\u0127al &#8216;a&#8217; jew &#8216;an&#8217; bl-Ingli\u017c.<\/p>\n\n\n\n<h3 class=\"wp-block-heading\" id=\"h-2-tackling-greek-verbs-conjugation-and-moods\">2. Nindirizzaw il-Verbi Griegi: Konjugazzjoni u Burdati<\/h3>\n\n\n\n<p>Il-verbi Griegi huma kkaratterizzati mit-temp, il-vu\u010bi, il-burdata, il-persuna u n-numru tag\u0127hom. Il-verbi fil-lingwa Griega huma konjugati skont it-temp tag\u0127hom, li jindika meta sse\u0127\u0127 azzjoni. Hemm seba&#8217; partijiet prin\u010bipali ta&#8217; verb Grieg, kull wa\u0127da tikkorrispondi g\u0127al temp:<\/p>\n\n\n\n<p><strong>\u2013Pre\u017centi<\/strong><\/p>\n\n\n\n<p><strong>\u2013Futur<\/strong><\/p>\n\n\n\n<p><strong>\u2013 Aorist (passat sempli\u010bi)<\/strong><\/p>\n\n\n\n<p><strong>\u2013Perfett<\/strong><\/p>\n\n\n\n<p><strong>&#8211; Futur perfett<\/strong><\/p>\n\n\n\n<p><strong>&#8211; Pluperfect<\/strong><\/p>\n\n\n\n<p><strong>\u2013 Aorist passiv<\/strong><\/p>\n\n\n\n<p><a href=\"https:\/\/talkpal.ai\/locations\/language-courses-in-barra\/\">Barra<\/a> minn hekk, il-verbi Griegi g\u0127andhom diversi burdati li jesprimu l-attitudni tal-kelliem lejn l-azzjoni. Dawn il-burdati huma imperattivi, indikattivi, u subjunctive.<\/p>\n\n\n\n<h3 class=\"wp-block-heading\" id=\"h-3-crafting-expressive-sentences-with-greek-adjectives-and-adverbs\">3. Crafting Expressive Sentences with Greek Adjectives and Adverbs<\/h3>\n\n\n\n<p>L-a\u0121\u0121ettivi Griegi j\u017cidu kulur u deskrizzjoni mas-sentenzi tieg\u0127ek. Simili g\u0127an-nomi, l-a\u0121\u0121ettivi fil-Grieg g\u0127andhom jaqblu fis-sess, in-numru, u l-ka\u017c man-nom li jiddeskrivu. Barra minn hekk, l-a\u0121\u0121ettivi jappartjenu g\u0127al wa\u0127da mit-tliet deklinazzjonijiet, li jiddeterminaw it-truf tag\u0127hom.<\/p>\n\n\n\n<p>L-avverbji Griegi jimmodifikaw verbi, a\u0121\u0121ettivi, jew avverbji o\u0127ra. Huma jesprimu kif, meta, fejn, jew sa liema punt qed titwettaq azzjoni. B&#8217;differenza mill-a\u0121\u0121ettivi, l-avverbji m&#8217;g\u0127andhomx g\u0127alfejn jaqblu man-nomi fis-sess, in-numru, jew il-ka\u017c. F&#8217;\u0127afna ka\u017cijiet, l-avverbji huma ffurmati billi ji\u017cdiedu truf spe\u010bifi\u010bi mal-g\u0127eruq a\u0121\u0121ettivi.<\/p>\n\n\n\n<h3 class=\"wp-block-heading\" id=\"h-4-exploring-greek-pronouns-and-greek-sentence-structure\">4. Esplorazzjoni tal-Pronomi Griegi u l-Istruttura tas-Sentenza Griega<\/h3>\n\n\n\n<p>Il-pronomi g\u0127andhom rwol sinifikanti fil-grammatika Griega, peress li jissostitwixxu n-nomi u g\u0127andhom jaqblu man-nom li jirrappre\u017centaw fis-sess, in-numru, u l-ka\u017c. Hemm pronomi personali, riflessivi, dimostrattivi, relattivi, interrogattivi, u indefiniti fil-Grieg.<\/p>\n\n\n\n<p>L-istruttura tas-sentenza Griega primarjament issegwi l-ordni su\u0121\u0121ett-verb-o\u0121\u0121ett (SVO). Madankollu, min\u0127abba n-natura inflected \u0127afna tag\u0127ha, il-Grieg joffri aktar flessibilit\u00e0 fl-ordni tal-kliem, li jippermetti enfasi u espressjoni poetika. Din il-flessibilit\u00e0 tista &#8216;tidher sfida g\u0127all-ewwel i\u017cda ssir aktar a\u010b\u010bessibbli hekk kif tikseb familjarit\u00e0 mal-isfumaturi tal-lingwa.<\/p>\n\n\n\n<h3 class=\"wp-block-heading\" id=\"h-conclusion\">Konklu\u017cjoni<\/h3>\n\n\n\n<p>Hekk kif tibda l-vja\u0121\u0121 tieg\u0127ek biex tikkontrolla l-grammatika Griega, ftakar li l-prattika u l-perseveranza huma kru\u010bjali g\u0127as-su\u010b\u010bess. \u0126u l-\u0127in tieg\u0127ek biex ti\u017cvela l-kumplessitajiet ta &#8216;nomi Griegi, verbi, a\u0121\u0121ettivi, avverbji, u struttura ta&#8217; sentenza. Hekk kif t\u0127affef aktar fil-fond f&#8217;din il-lingwa affaxxinanti, issib li l-grammatika Griega ssir aktar familjari u inqas intimidanti. Xorti tajba, u \u03ba\u03b1\u03bb\u03ae \u03b5\u03c0\u03b9\u03c4\u03c5\u03c7\u03af\u03b1!<\/p>\n<\/div><\/div>\n\r\n<section class=\"learnNavigationSection\">\r\n            \r\n        <a href=\"https:\/\/talkpal.ai\/mt\/tghallem-il-grieg\/\">\r\n            <div class=\"learnNavigationWrapper\">\r\n                <div class=\"learnNavigationContent\">\r\n                    <img decoding=\"async\" src=\"https:\/\/talkpal.ai\/wp-content\/uploads\/2024\/08\/Greek.jpg\" alt=\"Greek Flag\">\r\n                    <div>\r\n                        <h4>Dwar it-Tag\u0127lim tal-Grieg<\/h4>\r\n                        <p>Sir af kollox dwar il-Grammatika Griega.<\/p>\r\n                    <\/div>\r\n                <\/div>\r\n            <\/div>\r\n        <\/a>\r\n\r\n        \r\n        <a href=\"https:\/\/talkpal.ai\/mt\/ezercizzji-tal-grammatika-griega\/\">\r\n            <div class=\"learnNavigationWrapper\">\r\n                <div class=\"learnNavigationContent\">\r\n                    <img decoding=\"async\" src=\"https:\/\/talkpal.ai\/wp-content\/uploads\/2024\/08\/Greek.jpg\" alt=\"Greek Flag\">\r\n                    <div>\r\n                        <h4>E\u017cer\u010bizzju tal-Grammatika Griega<\/h4>\r\n                        <p>Prattika grammatika Griega.<\/p>\r\n                    <\/div>\r\n                <\/div>\r\n            <\/div>\r\n        <\/a>\r\n\r\n        \r\n        <a href=\"https:\/\/talkpal.ai\/vocabulary_language\/greek\/\">\r\n            <div class=\"learnNavigationWrapper\">\r\n                <div class=\"learnNavigationContent\">\r\n                    <img decoding=\"async\" src=\"https:\/\/talkpal.ai\/wp-content\/uploads\/2024\/08\/Greek.jpg\" alt=\"Greek Flag\">\r\n                    <div>\r\n                        <h4>Vokabularju Grieg<\/h4>\r\n                        <p>Espandi l-vokabularju Grieg tieg\u0127ek.<\/p>\r\n                    <\/div>\r\n                <\/div>\r\n            <\/div>\r\n        <\/a>\r\n\r\n            <\/section>","protected":false},"excerpt":{"rendered":"<p>Demystifying Greek Grammar: A Comprehensive Guide Il-Grieg, lingwa eleganti u antika, g\u0127andha post spe\u010bjali fl-istorja lingwistika u g\u0127adha influwenti sal-lum. B&#8217;pedament b&#8217;sa\u0127\u0127tu fil-grammatika Griega, int ser tikseb a\u010b\u010bess g\u0127al rikkezza ta &#8216;ri\u017corsi kulturali u stori\u010bi filwaqt li tifta\u0127 saff ie\u0127or ta&#8217; tifsira fil-vokabularju Ingli\u017c. Kuntrarju g\u0127at-twemmin popolari, il-grammatika Griega mhix intimidanti daqs kemm tista &#8216;tidher [&hellip;]<\/p>\n","protected":false},"author":1,"featured_media":1443531,"parent":0,"menu_order":0,"comment_status":"closed","ping_status":"closed","template":"LearningContentPage.php","meta":{"_acf_changed":false,"footnotes":""},"class_list":["post-1443529","page","type-page","status-publish","has-post-thumbnail","hentry"],"acf":[],"yoast_head":"<!-- This site is optimized with the Yoast SEO Premium plugin v27.2 (Yoast SEO v27.2) - https:\/\/yoast.com\/product\/yoast-seo-premium-wordpress\/ -->\n<title>Grammatika Griega - Talkpal<\/title>\n<meta name=\"description\" content=\"Kaptan il-grammatika Griega b&#039;kunfidenza - tg\u0127allem regoli importanti, ipprattika l-iffurmar ta &#039;sentenzi, u ssa\u0127\u0127a\u0127 il-\u0127iliet tieg\u0127ek malajr b&#039;TalkPal AI.\" \/>\n<meta name=\"robots\" content=\"index, follow, max-snippet:-1, max-image-preview:large, max-video-preview:-1\" \/>\n<link rel=\"canonical\" href=\"https:\/\/talkpal.ai\/mt\/grammatika-griega\/\" \/>\n<meta property=\"og:locale\" content=\"mt_MT\" \/>\n<meta property=\"og:type\" content=\"article\" \/>\n<meta property=\"og:title\" content=\"Grammatika Griega\" \/>\n<meta property=\"og:description\" content=\"Demystifying Greek Grammar: A Comprehensive Guide Il-Grieg, lingwa eleganti u antika, g\u0127andha post spe\u010bjali fl-istorja lingwistika u g\u0127adha influwenti\" \/>\n<meta property=\"og:url\" content=\"https:\/\/talkpal.ai\/mt\/grammatika-griega\/\" \/>\n<meta property=\"og:site_name\" content=\"Talkpal\" \/>\n<meta property=\"article:publisher\" content=\"https:\/\/www.facebook.com\/profile.php?id=100090733639311\" \/>\n<meta property=\"article:modified_time\" content=\"2025-12-13T15:33:53+00:00\" \/>\n<meta property=\"og:image\" content=\"https:\/\/talkpal.ai\/wp-content\/uploads\/2023\/05\/greece.png\" \/>\n\t<meta property=\"og:image:width\" content=\"512\" \/>\n\t<meta property=\"og:image:height\" content=\"512\" \/>\n\t<meta property=\"og:image:type\" content=\"image\/png\" \/>\n<meta name=\"twitter:card\" content=\"summary_large_image\" \/>\n<meta name=\"twitter:site\" content=\"@talkpalai\" \/>\n<meta name=\"twitter:label1\" content=\"Est. reading time\" \/>\n\t<meta name=\"twitter:data1\" content=\"3 minutes\" \/>\n<script type=\"application\/ld+json\" class=\"yoast-schema-graph\">{\"@context\":\"https:\/\/schema.org\",\"@graph\":[{\"@type\":\"WebPage\",\"@id\":\"https:\/\/talkpal.ai\/mt\/grammatika-griega\/\",\"url\":\"https:\/\/talkpal.ai\/mt\/grammatika-griega\/\",\"name\":\"Grammatika Griega - Talkpal\",\"isPartOf\":{\"@id\":\"https:\/\/talkpal.ai\/mt\/#website\"},\"primaryImageOfPage\":{\"@id\":\"https:\/\/talkpal.ai\/mt\/grammatika-griega\/#primaryimage\"},\"image\":{\"@id\":\"https:\/\/talkpal.ai\/mt\/grammatika-griega\/#primaryimage\"},\"thumbnailUrl\":\"https:\/\/talkpal.ai\/wp-content\/uploads\/2023\/05\/greece.png\",\"datePublished\":\"2023-05-14T14:02:30+00:00\",\"dateModified\":\"2025-12-13T15:33:53+00:00\",\"description\":\"Kaptan il-grammatika Griega b'kunfidenza - tg\u0127allem regoli importanti, ipprattika l-iffurmar ta 'sentenzi, u ssa\u0127\u0127a\u0127 il-\u0127iliet tieg\u0127ek malajr b'TalkPal AI.\",\"breadcrumb\":{\"@id\":\"https:\/\/talkpal.ai\/mt\/grammatika-griega\/#breadcrumb\"},\"inLanguage\":\"mt-MT\",\"potentialAction\":[{\"@type\":\"ReadAction\",\"target\":[\"https:\/\/talkpal.ai\/mt\/grammatika-griega\/\"]}]},{\"@type\":\"ImageObject\",\"inLanguage\":\"mt-MT\",\"@id\":\"https:\/\/talkpal.ai\/mt\/grammatika-griega\/#primaryimage\",\"url\":\"https:\/\/talkpal.ai\/wp-content\/uploads\/2023\/05\/greece.png\",\"contentUrl\":\"https:\/\/talkpal.ai\/wp-content\/uploads\/2023\/05\/greece.png\",\"width\":512,\"height\":512,\"caption\":\"TalkPal Greece Flag\"},{\"@type\":\"BreadcrumbList\",\"@id\":\"https:\/\/talkpal.ai\/mt\/grammatika-griega\/#breadcrumb\",\"itemListElement\":[{\"@type\":\"ListItem\",\"position\":1,\"name\":\"Homepage\",\"item\":\"https:\/\/talkpal.ai\/mt\/\"},{\"@type\":\"ListItem\",\"position\":2,\"name\":\"Grammatika Griega\"}]},{\"@type\":\"WebSite\",\"@id\":\"https:\/\/talkpal.ai\/mt\/#website\",\"url\":\"https:\/\/talkpal.ai\/mt\/\",\"name\":\"Talkpal\",\"description\":\"AI Language Learning\",\"publisher\":{\"@id\":\"https:\/\/talkpal.ai\/mt\/#organization\"},\"alternateName\":\"Talkpal AI\",\"potentialAction\":[{\"@type\":\"SearchAction\",\"target\":{\"@type\":\"EntryPoint\",\"urlTemplate\":\"https:\/\/talkpal.ai\/mt\/?s={search_term_string}\"},\"query-input\":{\"@type\":\"PropertyValueSpecification\",\"valueRequired\":true,\"valueName\":\"search_term_string\"}}],\"inLanguage\":\"mt-MT\"},{\"@type\":\"Organization\",\"@id\":\"https:\/\/talkpal.ai\/mt\/#organization\",\"name\":\"Talkpal, Inc.\",\"alternateName\":\"Talkpal AI\",\"url\":\"https:\/\/talkpal.ai\/mt\/\",\"logo\":{\"@type\":\"ImageObject\",\"inLanguage\":\"mt-MT\",\"@id\":\"https:\/\/talkpal.ai\/mt\/#\/schema\/logo\/image\/\",\"url\":\"https:\/\/talkpal.ai\/wp-content\/uploads\/2024\/03\/Talkpal-Logo-Icon.png\",\"contentUrl\":\"https:\/\/talkpal.ai\/wp-content\/uploads\/2024\/03\/Talkpal-Logo-Icon.png\",\"width\":2880,\"height\":2880,\"caption\":\"Talkpal, Inc.\"},\"image\":{\"@id\":\"https:\/\/talkpal.ai\/mt\/#\/schema\/logo\/image\/\"},\"sameAs\":[\"https:\/\/www.facebook.com\/profile.php?id=100090733639311\",\"https:\/\/x.com\/talkpalai\",\"https:\/\/www.linkedin.com\/company\/talkpal\/\",\"https:\/\/www.youtube.com\/@TalkPal\/\",\"https:\/\/www.tiktok.com\/@talkpal\",\"https:\/\/www.instagram.com\/talkpal_ai\/\",\"https:\/\/www.crunchbase.com\/organization\/talkpal-9cde\",\"https:\/\/www.g2.com\/products\/talkpal-for-business\/\",\"https:\/\/www.trustpilot.com\/review\/talkpal.ai\",\"https:\/\/www.capterra.com\/p\/10006800\/TalkPal\/\"],\"description\":\"Talkpal is a language learning web and mobile education app, powered by the latest AI technologies, that provides engaging experiences to its customers in many different languages to help them improve their language skills. Users can chat about unlimited amount of topics with the app and use other modes to practice their language learning.\",\"email\":\"support@talkpal.ai\",\"legalName\":\"Talkpal, Inc.\",\"foundingDate\":\"2023-04-03\",\"duns\":\"118989042\",\"numberOfEmployees\":{\"@type\":\"QuantitativeValue\",\"minValue\":\"11\",\"maxValue\":\"50\"},\"publishingPrinciples\":\"https:\/\/talkpal.ai\/publishing-principles\/\",\"actionableFeedbackPolicy\":\"https:\/\/talkpal.ai\/actionable-feedback-policy\/\",\"correctionsPolicy\":\"https:\/\/talkpal.ai\/corrections-policy\/\",\"ethicsPolicy\":\"https:\/\/talkpal.ai\/ethics-policy\/\",\"diversityPolicy\":\"https:\/\/talkpal.ai\/diversity-policy\/\",\"diversityStaffingReport\":\"https:\/\/talkpal.ai\/diversity-policy\/\"}]}<\/script>\n<!-- \/ Yoast SEO Premium plugin. -->","yoast_head_json":{"title":"Grammatika Griega - Talkpal","description":"Kaptan il-grammatika Griega b'kunfidenza - tg\u0127allem regoli importanti, ipprattika l-iffurmar ta 'sentenzi, u ssa\u0127\u0127a\u0127 il-\u0127iliet tieg\u0127ek malajr b'TalkPal AI.","robots":{"index":"index","follow":"follow","max-snippet":"max-snippet:-1","max-image-preview":"max-image-preview:large","max-video-preview":"max-video-preview:-1"},"canonical":"https:\/\/talkpal.ai\/mt\/grammatika-griega\/","og_locale":"mt_MT","og_type":"article","og_title":"Grammatika Griega","og_description":"Demystifying Greek Grammar: A Comprehensive Guide Il-Grieg, lingwa eleganti u antika, g\u0127andha post spe\u010bjali fl-istorja lingwistika u g\u0127adha influwenti","og_url":"https:\/\/talkpal.ai\/mt\/grammatika-griega\/","og_site_name":"Talkpal","article_publisher":"https:\/\/www.facebook.com\/profile.php?id=100090733639311","article_modified_time":"2025-12-13T15:33:53+00:00","og_image":[{"width":512,"height":512,"url":"https:\/\/talkpal.ai\/wp-content\/uploads\/2023\/05\/greece.png","type":"image\/png"}],"twitter_card":"summary_large_image","twitter_site":"@talkpalai","twitter_misc":{"Est. reading time":"3 minutes"},"schema":{"@context":"https:\/\/schema.org","@graph":[{"@type":"WebPage","@id":"https:\/\/talkpal.ai\/mt\/grammatika-griega\/","url":"https:\/\/talkpal.ai\/mt\/grammatika-griega\/","name":"Grammatika Griega - Talkpal","isPartOf":{"@id":"https:\/\/talkpal.ai\/mt\/#website"},"primaryImageOfPage":{"@id":"https:\/\/talkpal.ai\/mt\/grammatika-griega\/#primaryimage"},"image":{"@id":"https:\/\/talkpal.ai\/mt\/grammatika-griega\/#primaryimage"},"thumbnailUrl":"https:\/\/talkpal.ai\/wp-content\/uploads\/2023\/05\/greece.png","datePublished":"2023-05-14T14:02:30+00:00","dateModified":"2025-12-13T15:33:53+00:00","description":"Kaptan il-grammatika Griega b'kunfidenza - tg\u0127allem regoli importanti, ipprattika l-iffurmar ta 'sentenzi, u ssa\u0127\u0127a\u0127 il-\u0127iliet tieg\u0127ek malajr b'TalkPal AI.","breadcrumb":{"@id":"https:\/\/talkpal.ai\/mt\/grammatika-griega\/#breadcrumb"},"inLanguage":"mt-MT","potentialAction":[{"@type":"ReadAction","target":["https:\/\/talkpal.ai\/mt\/grammatika-griega\/"]}]},{"@type":"ImageObject","inLanguage":"mt-MT","@id":"https:\/\/talkpal.ai\/mt\/grammatika-griega\/#primaryimage","url":"https:\/\/talkpal.ai\/wp-content\/uploads\/2023\/05\/greece.png","contentUrl":"https:\/\/talkpal.ai\/wp-content\/uploads\/2023\/05\/greece.png","width":512,"height":512,"caption":"TalkPal Greece Flag"},{"@type":"BreadcrumbList","@id":"https:\/\/talkpal.ai\/mt\/grammatika-griega\/#breadcrumb","itemListElement":[{"@type":"ListItem","position":1,"name":"Homepage","item":"https:\/\/talkpal.ai\/mt\/"},{"@type":"ListItem","position":2,"name":"Grammatika Griega"}]},{"@type":"WebSite","@id":"https:\/\/talkpal.ai\/mt\/#website","url":"https:\/\/talkpal.ai\/mt\/","name":"Talkpal","description":"AI Language Learning","publisher":{"@id":"https:\/\/talkpal.ai\/mt\/#organization"},"alternateName":"Talkpal AI","potentialAction":[{"@type":"SearchAction","target":{"@type":"EntryPoint","urlTemplate":"https:\/\/talkpal.ai\/mt\/?s={search_term_string}"},"query-input":{"@type":"PropertyValueSpecification","valueRequired":true,"valueName":"search_term_string"}}],"inLanguage":"mt-MT"},{"@type":"Organization","@id":"https:\/\/talkpal.ai\/mt\/#organization","name":"Talkpal, Inc.","alternateName":"Talkpal AI","url":"https:\/\/talkpal.ai\/mt\/","logo":{"@type":"ImageObject","inLanguage":"mt-MT","@id":"https:\/\/talkpal.ai\/mt\/#\/schema\/logo\/image\/","url":"https:\/\/talkpal.ai\/wp-content\/uploads\/2024\/03\/Talkpal-Logo-Icon.png","contentUrl":"https:\/\/talkpal.ai\/wp-content\/uploads\/2024\/03\/Talkpal-Logo-Icon.png","width":2880,"height":2880,"caption":"Talkpal, Inc."},"image":{"@id":"https:\/\/talkpal.ai\/mt\/#\/schema\/logo\/image\/"},"sameAs":["https:\/\/www.facebook.com\/profile.php?id=100090733639311","https:\/\/x.com\/talkpalai","https:\/\/www.linkedin.com\/company\/talkpal\/","https:\/\/www.youtube.com\/@TalkPal\/","https:\/\/www.tiktok.com\/@talkpal","https:\/\/www.instagram.com\/talkpal_ai\/","https:\/\/www.crunchbase.com\/organization\/talkpal-9cde","https:\/\/www.g2.com\/products\/talkpal-for-business\/","https:\/\/www.trustpilot.com\/review\/talkpal.ai","https:\/\/www.capterra.com\/p\/10006800\/TalkPal\/"],"description":"Talkpal is a language learning web and mobile education app, powered by the latest AI technologies, that provides engaging experiences to its customers in many different languages to help them improve their language skills. Users can chat about unlimited amount of topics with the app and use other modes to practice their language learning.","email":"support@talkpal.ai","legalName":"Talkpal, Inc.","foundingDate":"2023-04-03","duns":"118989042","numberOfEmployees":{"@type":"QuantitativeValue","minValue":"11","maxValue":"50"},"publishingPrinciples":"https:\/\/talkpal.ai\/publishing-principles\/","actionableFeedbackPolicy":"https:\/\/talkpal.ai\/actionable-feedback-policy\/","correctionsPolicy":"https:\/\/talkpal.ai\/corrections-policy\/","ethicsPolicy":"https:\/\/talkpal.ai\/ethics-policy\/","diversityPolicy":"https:\/\/talkpal.ai\/diversity-policy\/","diversityStaffingReport":"https:\/\/talkpal.ai\/diversity-policy\/"}]}},"_links":{"self":[{"href":"https:\/\/talkpal.ai\/mt\/wp-json\/wp\/v2\/pages\/1443529","targetHints":{"allow":["GET"]}}],"collection":[{"href":"https:\/\/talkpal.ai\/mt\/wp-json\/wp\/v2\/pages"}],"about":[{"href":"https:\/\/talkpal.ai\/mt\/wp-json\/wp\/v2\/types\/page"}],"author":[{"embeddable":true,"href":"https:\/\/talkpal.ai\/mt\/wp-json\/wp\/v2\/users\/1"}],"replies":[{"embeddable":true,"href":"https:\/\/talkpal.ai\/mt\/wp-json\/wp\/v2\/comments?post=1443529"}],"version-history":[{"count":0,"href":"https:\/\/talkpal.ai\/mt\/wp-json\/wp\/v2\/pages\/1443529\/revisions"}],"wp:featuredmedia":[{"embeddable":true,"href":"https:\/\/talkpal.ai\/mt\/wp-json\/wp\/v2\/media\/1443531"}],"wp:attachment":[{"href":"https:\/\/talkpal.ai\/mt\/wp-json\/wp\/v2\/media?parent=1443529"}],"curies":[{"name":"wp","href":"https:\/\/api.w.org\/{rel}","templated":true}]}}