{"id":1443523,"date":"2023-05-14T14:00:56","date_gmt":"2023-05-14T14:00:56","guid":{"rendered":"https:\/\/talkpal.ai\/grammatika-katalana\/"},"modified":"2026-05-08T10:49:58","modified_gmt":"2026-05-08T10:49:58","slug":"grammatika-katalana","status":"publish","type":"page","link":"https:\/\/talkpal.ai\/mt\/grammatika-katalana\/","title":{"rendered":"Grammatika Katalana"},"content":{"rendered":"\r\n\r\n\r\n<section class=\"languageChallengeSection\">\r\n    <div class=\"languageInfoWrapper\">\r\n        \r\n        <h1>Grammatika Katalana<\/h1>\r\n        <p>Id\u0127ol fid-dinja tal-grammatika <a href=\"https:\/\/talkpal.ai\/learn-catalan\/\">Katalana<\/a> u skopri l-istruttura unika ta&#039; din il-lingwa Rumana vibranti. Il-kontroll tal-ba\u017cijiet se jg\u0127inek tikkomunika b&#039;mod aktar effettiv u tikkonnettja mal-kultura Katalana fuq livell aktar profond. Ibda titg\u0127allem il-grammatika Katalana llum u ag\u0127mel l-ewwel pass tieg\u0127ek lejn il-fluwenza!\r\n\r\n<\/p>\r\n\r\n                            <a class=\"getStartedHidden\" href=\"https:\/\/app.talkpal.ai\/signup?lng=\">Ibda<\/a>\r\n        \r\n    <\/div>\r\n\r\n    <figure>\r\n    <img decoding=\"async\" width=\"768\" height=\"768\" src=\"https:\/\/talkpal.ai\/wp-content\/uploads\/2026\/05\/learn-catalan-1-768x768.webp\" class=\"languageImage no-lazy\" alt=\"The colorful mosaic terraces of Park G\u00fcell overlooking the towering spires of the Sagrada Familia in Barcelona.\" fetchpriority=\"high\" sizes=\"(max-width: 768px) 150px, 768px\" srcset=\"https:\/\/talkpal.ai\/wp-content\/uploads\/2026\/05\/learn-catalan-1-768x768.webp 768w, https:\/\/talkpal.ai\/wp-content\/uploads\/2026\/05\/learn-catalan-1-300x300.webp 300w\" \/>\r\n    \r\n\r\n    <\/figure>\r\n\r\n            <a class=\"getStartedVisible\" href=\"https:\/\/app.talkpal.ai\/signup?lng=\">Ibda<\/a>\r\n    \r\n<\/section>\r\n<section class=\"promotionalBanner\">\r\n    <p class=\"promotionalText\">L-aktar mod effi\u010bjenti biex titg\u0127allem lingwa<\/p>\r\n    <a class=\"promotionalLink\" href=\"https:\/\/app.talkpal.ai\/signup?lng=\">Ipprova Talkpal b&#8217;xejn<\/a>\r\n<\/section>\n<div class=\"wp-block-group pageContainerStyle\"><div class=\"wp-block-group__inner-container is-layout-constrained wp-block-group-is-layout-constrained\">\n<h2 class=\"wp-block-heading\" id=\"h-catalan-grammar-a-quick-guide-for-language-enthusiasts\">Grammatika Katalana: Gwida Mg\u0127a\u0121\u0121la g\u0127all-Entu\u017cjasti tal-Lingwa<\/h2>\n\n\n\n<p>Qed tippjana li titg\u0127allem il-Katalan jew sempli\u010bement kurju\u017c dwar din il-lingwa Romanza sabi\u0127a? Ara m&#8217;g\u0127adekx! Qeg\u0127din hawn biex nie\u0127duk f&#8217;tour qasir tal-grammatika Katalana u nag\u0127tuk il-ba\u017ci\u010bi. Ejja nid\u0127lu f&#8217;din il-lingwa affaxxinanti u nesploraw kif ta\u0127dem fuq livell grammatikali.<\/p>\n\n\n\n<p>Il-Katalan, mitkellem minn madwar 10 miljun persuna prin\u010bipalment fil-Katalonja, <a href=\"https:\/\/talkpal.ai\/locations\/language-courses-in-valencia\/\">Valencia<\/a>, u l-G\u017cejjer Baleari\u010bi, g\u0127andu ta\u0127lita unika ta&#8217; influwenzi mill-Latin, Spanjol, u Fran\u010bi\u017c. B\u0127al int u jien, il-lingwi jarrikkixxu aktar billi jie\u0127du sfumaturi differenti minn xulxin ma\u017c-\u017cmien. Kemm hu e\u010b\u010bitanti!<\/p>\n\n\n\n<p><strong>Issa, ejja nitg\u0127allmu xi aspetti ba\u017ci\u010bi tal-grammatika Katalana:<\/strong><\/p>\n\n\n\n<h3 class=\"wp-block-heading\" id=\"h-1-nouns-and-gender\">1. Sustantivi u \u0120eneru:<\/h3>\n\n\n\n<p>Ikantah mieg\u0127i \u2013 &#8216;Kull sustantiv g\u0127andu l-poter!&#8217; B\u0127al f&#8217;lingwi o\u0127ra Rumanzi, in-nomi Katalani huma jew maskili jew femminili, u dan il-&#8216;\u0121eneru&#8217; jaffettwa kif jintu\u017caw ma&#8217; artikli u aggettivi. Imma tinkwetax! \u0126afna drabi, in-nomi li jispi\u010b\u010baw b&#8221;-a&#8217; huma femminili, filwaqt li dawk li jispi\u010b\u010baw f&#8221;-o&#8217; (jew konsonanti o\u0127ra) huma maskili. Madankollu, oqg\u0127od attent g\u0127all-e\u010b\u010bezzjonijiet \u2013 i\u0127obbu jersqu bil-mo\u0127bi!<\/p>\n\n\n\n<h3 class=\"wp-block-heading\" id=\"h-2-articles\">2. Artikoli:<\/h3>\n\n\n\n<p>Il-\u0127ajja tkun monota ming\u0127ajr artikli, hux? Meta ni\u0121u g\u0127all-Katalan, g\u0127andna artikli definiti biex jindikaw affarijiet jew nies spe\u010bifi\u010bi (b\u0127al &#8220;il-kelb&#8221; jew &#8220;il-ktieb&#8221;) u artikli indefiniti g\u0127al referenzi \u0121enerali (b\u0127al &#8220;kelb&#8221; jew &#8220;ktieb&#8221;).  <\/p>\n\n\n\n<p>Artikli definiti bil-Katalan huma &#8220;el&#8221; g\u0127al sustanzi maskili singolari, &#8220;la&#8221; g\u0127al nomi femminili singolari, &#8220;els&#8221; g\u0127al nomi maskili plurali, u &#8220;les&#8221; g\u0127al nomi femminili plurali. L-artikli indefiniti, min-na\u0127a l-o\u0127ra, huma &#8220;un&#8221; g\u0127all-nomi maskulini singolari u &#8220;una&#8221; g\u0127all-nomi femminili singolari. Fil-forma plurali, m&#8217;hemm l-ebda artikli spe\u010bifi\u010bi indefiniti. Fa\u010bli \u0127afna, hux?<\/p>\n\n\n\n<h3 class=\"wp-block-heading\" id=\"h-3-adjectives\">3. A\u0121\u0121ettivi:<\/h3>\n\n\n\n<p>L-aggettivi j\u017cidu tog\u0127ma mas-sentenzi tieg\u0127ek billi jiddeskrivu nomi, u fil-Katalan, jaqblu fil-\u0121eneru u n-numru mal-ismijiet li jimmodifikaw. Fil-bi\u010b\u010ba l-kbira tal-ka\u017cijiet, l-aggettivi li jispi\u010b\u010baw b'&#8221;-o&#8221; huma maskili, u dawk li jispi\u010b\u010baw f'&#8221;-a&#8221; huma femminili. Biex tifforma l-plural, biddel &#8220;-o&#8221; g\u0127al &#8220;-os&#8221; (maskili) u &#8220;-a&#8221; g\u0127al &#8220;-es&#8221; (femminili). \u017bomm f&#8217;mo\u0127\u0127ok li xi aggettivi g\u0127andhom forma unika g\u0127al i\u017c-\u017cew\u0121 \u0121eneri u biss il-markatur tal-plural jinbidel. Jidher divertenti, hux?<\/p>\n\n\n\n<h3 class=\"wp-block-heading\" id=\"h-4-verbs-and-conjugation\">4. Verbi u Kon\u0121ulazzjoni:<\/h3>\n\n\n\n<p>Il-qalb ta&#8217; kull lingwa! Il-verbi bil-Katalan huma klassifikati f&#8217;tliet gruppi skont it-tmiem infinitiv tag\u0127hom: &#8220;-ar,&#8221; &#8220;-er,&#8221; u &#8220;-ir.&#8221; Kull grupp g\u0127andu mudell distint ta&#8217; kon\u0121ugazzjoni g\u0127al tempi, moods, u pronomi differenti\u2014b\u0127al meta j\u017cfin ritmi differenti. Il-Katalan g\u0127andu wkoll verbi aw\u017ciljarji (b\u0127al &#8216;to have&#8217; u &#8216;to be&#8217;) li jing\u0127aqdu ma&#8217; verbi o\u0127ra biex jo\u0127olqu tempi komposti u vu\u010bi passiva. Allura, ilbes \u017craben ta\u017c-\u017cfin u ibda tesplora d-dinja \u0127ajja tal-verbi Katalani.<\/p>\n\n\n\n<h3 class=\"wp-block-heading\" id=\"h-5-word-order\">5. Ordni tal-Kelma:<\/h3>\n\n\n\n<p>Ejja npo\u0121\u0121u dawk il-kliem fis-sekwenza t-tajba! Il-Katalan tipikament isegwi ordni ta&#8217; kelma su\u0121\u0121ett-verb-o\u0121\u0121ett (SVO), b\u0127al l-<a href=\"https:\/\/talkpal.ai\/learn-english-with-ai\/\">Ingli\u017c<\/a>. Madankollu, il-flessibilit\u00e0 fl-ordni tal-kliem hija permessa g\u0127al enfasi jew skopijiet stilisti\u010bi. L-aggettivi normalment ji\u0121u wara n-sostantiv li jiddeskrivu, i\u017cda tista&#8217; tarahom qabel in-sostantiv biex tenfasizza l-importanza tag\u0127hom. Ftakar, il-prattika tag\u0127mel il-perfezzjoni meta ni\u0121u g\u0127all-kontroll tal-ordni tal-kliem bil-Katalan.<\/p>\n\n\n\n<h3 class=\"wp-block-heading\" id=\"h-6-pronouns-and-prepositions\">6. Pronomi u Prepo\u017cizzjonijiet:<\/h3>\n\n\n\n<p>Fl-a\u0127\u0127ar i\u017cda mhux l-inqas! Il-Katalan g\u0127andu pronomi su\u0121\u0121etti (jien, int, hu, hi, e\u010b\u010b.) u pronomi o\u0121\u0121ett (jien, int, hu, hi, e\u010b\u010b.), li jistg\u0127u jg\u0127addu minn bidliet differenti skont il-funzjoni tag\u0127hom fi \u0127dan sentenza. <a href=\"https:\/\/talkpal.ai\/locations\/language-courses-in-barra\/\">Barra<\/a> minn hekk, il-prepo\u017cizzjonijiet Katalani (b\u0127al &#8220;a,&#8221; &#8220;de,&#8221; &#8220;en,&#8221; &#8220;amb&#8221;) jg\u0127inuk tg\u0127aqqad kliem u fra\u017cijiet u turi r-relazzjonijiet bejniethom.<\/p>\n\n\n\n<p>Whew! Issa g\u0127andek il-ba\u017cijiet tal-grammatika Katalana ta\u0127t il-belt tieg\u0127ek. Kompli esplora, tistaqsi mistoqsijiet, u tipprattika din il-lingwa sabi\u0127a. Ftakar, titg\u0127allem lingwa \u0121dida huwa b\u0127al li tibda vja\u0121\u0121 e\u010b\u010bitanti. Se jkollok il-mumenti g\u0127oljin u ni\u017cel tieg\u0127ek, imma l-premjijiet jist\u0127oqqilhom l-isforz. Bon viatge!<\/p>\n<\/div><\/div>\n\r\n<section class=\"learnNavigationSection\">\r\n            \r\n        <a href=\"https:\/\/talkpal.ai\/mt\/tghallem-il-katalan\/\">\r\n            <div class=\"learnNavigationWrapper\">\r\n                <div class=\"learnNavigationContent\">\r\n                    <img decoding=\"async\" src=\"https:\/\/talkpal.ai\/wp-content\/uploads\/2024\/08\/Catalan.jpg\" alt=\"Catalan Flag\">\r\n                    <div>\r\n                        <h4>Dwar it-Tag\u0127lim tal-Katalan<\/h4>\r\n                        <p>Sir af kollox dwar il-grammatika Katalana.<\/p>\r\n                    <\/div>\r\n                <\/div>\r\n            <\/div>\r\n        <\/a>\r\n\r\n        \r\n        <a href=\"https:\/\/talkpal.ai\/mt\/ezercizzji-tal-grammatika-katalana\/\">\r\n            <div class=\"learnNavigationWrapper\">\r\n                <div class=\"learnNavigationContent\">\r\n                    <img decoding=\"async\" src=\"https:\/\/talkpal.ai\/wp-content\/uploads\/2024\/08\/Catalan.jpg\" alt=\"Catalan Flag\">\r\n                    <div>\r\n                        <h4>E\u017cer\u010bizzju tal-Grammatika Katalana<\/h4>\r\n                        <p>Ipprattika l-grammatika Katalana.<\/p>\r\n                    <\/div>\r\n                <\/div>\r\n            <\/div>\r\n        <\/a>\r\n\r\n        \r\n        <a href=\"https:\/\/talkpal.ai\/vocabulary_language\/catalan\/\">\r\n            <div class=\"learnNavigationWrapper\">\r\n                <div class=\"learnNavigationContent\">\r\n                    <img decoding=\"async\" src=\"https:\/\/talkpal.ai\/wp-content\/uploads\/2024\/08\/Catalan.jpg\" alt=\"Catalan Flag\">\r\n                    <div>\r\n                        <h4>Vokabularju Katalan<\/h4>\r\n                        <p>Espandi l-vokabularju Katalan tieg\u0127ek.<\/p>\r\n                    <\/div>\r\n                <\/div>\r\n            <\/div>\r\n        <\/a>\r\n\r\n            <\/section>","protected":false},"excerpt":{"rendered":"<p>Grammatika Katalana: Gwida Mg\u0127a\u0121\u0121la g\u0127all-Entu\u017cjasti tal-Lingwa Qed tippjana li titg\u0127allem il-Katalan jew sempli\u010bement kurju\u017c dwar din il-lingwa Romanza sabi\u0127a? Ara m&#8217;g\u0127adekx! Qeg\u0127din hawn biex nie\u0127duk f&#8217;tour qasir tal-grammatika Katalana u nag\u0127tuk il-ba\u017ci\u010bi. Ejja nid\u0127lu f&#8217;din il-lingwa affaxxinanti u nesploraw kif ta\u0127dem fuq livell grammatikali. Il-Katalan, mitkellem minn madwar 10 miljun persuna prin\u010bipalment fil-Katalonja, Valencia, u [&hellip;]<\/p>\n","protected":false},"author":1,"featured_media":1443524,"parent":0,"menu_order":0,"comment_status":"closed","ping_status":"closed","template":"LearningContentPage.php","meta":{"_acf_changed":false,"footnotes":""},"class_list":["post-1443523","page","type-page","status-publish","has-post-thumbnail","hentry"],"acf":[],"yoast_head":"<!-- This site is optimized with the Yoast SEO Premium plugin v27.2 (Yoast SEO v27.2) - https:\/\/yoast.com\/product\/yoast-seo-premium-wordpress\/ -->\n<title>Grammatika Katalana - Talkpal<\/title>\n<meta name=\"description\" content=\"Skopri l-fundamentali tal-grammatika Katalana u ibda l-vja\u0121\u0121 tieg\u0127ek f&#039;din il-lingwa sabi\u0127a Rumanz illum!\" \/>\n<meta name=\"robots\" content=\"index, follow, max-snippet:-1, max-image-preview:large, max-video-preview:-1\" \/>\n<link rel=\"canonical\" href=\"https:\/\/talkpal.ai\/mt\/grammatika-katalana\/\" \/>\n<meta property=\"og:locale\" content=\"mt_MT\" \/>\n<meta property=\"og:type\" content=\"article\" \/>\n<meta property=\"og:title\" content=\"Grammatika Katalana\" \/>\n<meta property=\"og:description\" content=\"Grammatika Katalana: Gwida Mg\u0127a\u0121\u0121la g\u0127all-Entu\u017cjasti tal-Lingwa Qed tippjana li titg\u0127allem il-Katalan jew sempli\u010bement kurju\u017c dwar din il-lingwa Romanza\" \/>\n<meta property=\"og:url\" content=\"https:\/\/talkpal.ai\/mt\/grammatika-katalana\/\" \/>\n<meta property=\"og:site_name\" content=\"Talkpal\" \/>\n<meta property=\"article:publisher\" content=\"https:\/\/www.facebook.com\/profile.php?id=100090733639311\" \/>\n<meta property=\"article:modified_time\" content=\"2026-05-08T10:49:58+00:00\" \/>\n<meta property=\"og:image\" content=\"https:\/\/talkpal.ai\/wp-content\/uploads\/2023\/08\/Catalan.png\" \/>\n\t<meta property=\"og:image:width\" content=\"479\" \/>\n\t<meta property=\"og:image:height\" content=\"479\" \/>\n\t<meta property=\"og:image:type\" content=\"image\/png\" \/>\n<meta name=\"twitter:card\" content=\"summary_large_image\" \/>\n<meta name=\"twitter:site\" content=\"@talkpalai\" \/>\n<meta name=\"twitter:label1\" content=\"Est. reading time\" \/>\n\t<meta name=\"twitter:data1\" content=\"3 minutes\" \/>\n<script type=\"application\/ld+json\" class=\"yoast-schema-graph\">{\"@context\":\"https:\/\/schema.org\",\"@graph\":[{\"@type\":\"WebPage\",\"@id\":\"https:\/\/talkpal.ai\/mt\/grammatika-katalana\/\",\"url\":\"https:\/\/talkpal.ai\/mt\/grammatika-katalana\/\",\"name\":\"Grammatika Katalana - Talkpal\",\"isPartOf\":{\"@id\":\"https:\/\/talkpal.ai\/mt\/#website\"},\"primaryImageOfPage\":{\"@id\":\"https:\/\/talkpal.ai\/mt\/grammatika-katalana\/#primaryimage\"},\"image\":{\"@id\":\"https:\/\/talkpal.ai\/mt\/grammatika-katalana\/#primaryimage\"},\"thumbnailUrl\":\"https:\/\/talkpal.ai\/wp-content\/uploads\/2023\/08\/Catalan.png\",\"datePublished\":\"2023-05-14T14:00:56+00:00\",\"dateModified\":\"2026-05-08T10:49:58+00:00\",\"description\":\"Skopri l-fundamentali tal-grammatika Katalana u ibda l-vja\u0121\u0121 tieg\u0127ek f'din il-lingwa sabi\u0127a Rumanz illum!\",\"breadcrumb\":{\"@id\":\"https:\/\/talkpal.ai\/mt\/grammatika-katalana\/#breadcrumb\"},\"inLanguage\":\"mt-MT\",\"potentialAction\":[{\"@type\":\"ReadAction\",\"target\":[\"https:\/\/talkpal.ai\/mt\/grammatika-katalana\/\"]}]},{\"@type\":\"ImageObject\",\"inLanguage\":\"mt-MT\",\"@id\":\"https:\/\/talkpal.ai\/mt\/grammatika-katalana\/#primaryimage\",\"url\":\"https:\/\/talkpal.ai\/wp-content\/uploads\/2023\/08\/Catalan.png\",\"contentUrl\":\"https:\/\/talkpal.ai\/wp-content\/uploads\/2023\/08\/Catalan.png\",\"width\":479,\"height\":479,\"caption\":\"Bandiera Katalana\"},{\"@type\":\"BreadcrumbList\",\"@id\":\"https:\/\/talkpal.ai\/mt\/grammatika-katalana\/#breadcrumb\",\"itemListElement\":[{\"@type\":\"ListItem\",\"position\":1,\"name\":\"Homepage\",\"item\":\"https:\/\/talkpal.ai\/mt\/\"},{\"@type\":\"ListItem\",\"position\":2,\"name\":\"Grammatika Katalana\"}]},{\"@type\":\"WebSite\",\"@id\":\"https:\/\/talkpal.ai\/mt\/#website\",\"url\":\"https:\/\/talkpal.ai\/mt\/\",\"name\":\"Talkpal\",\"description\":\"AI Language Learning\",\"publisher\":{\"@id\":\"https:\/\/talkpal.ai\/mt\/#organization\"},\"alternateName\":\"Talkpal AI\",\"potentialAction\":[{\"@type\":\"SearchAction\",\"target\":{\"@type\":\"EntryPoint\",\"urlTemplate\":\"https:\/\/talkpal.ai\/mt\/?s={search_term_string}\"},\"query-input\":{\"@type\":\"PropertyValueSpecification\",\"valueRequired\":true,\"valueName\":\"search_term_string\"}}],\"inLanguage\":\"mt-MT\"},{\"@type\":\"Organization\",\"@id\":\"https:\/\/talkpal.ai\/mt\/#organization\",\"name\":\"Talkpal, Inc.\",\"alternateName\":\"Talkpal AI\",\"url\":\"https:\/\/talkpal.ai\/mt\/\",\"logo\":{\"@type\":\"ImageObject\",\"inLanguage\":\"mt-MT\",\"@id\":\"https:\/\/talkpal.ai\/mt\/#\/schema\/logo\/image\/\",\"url\":\"https:\/\/talkpal.ai\/wp-content\/uploads\/2024\/03\/Talkpal-Logo-Icon.png\",\"contentUrl\":\"https:\/\/talkpal.ai\/wp-content\/uploads\/2024\/03\/Talkpal-Logo-Icon.png\",\"width\":2880,\"height\":2880,\"caption\":\"Talkpal, Inc.\"},\"image\":{\"@id\":\"https:\/\/talkpal.ai\/mt\/#\/schema\/logo\/image\/\"},\"sameAs\":[\"https:\/\/www.facebook.com\/profile.php?id=100090733639311\",\"https:\/\/x.com\/talkpalai\",\"https:\/\/www.linkedin.com\/company\/talkpal\/\",\"https:\/\/www.youtube.com\/@TalkPal\/\",\"https:\/\/www.tiktok.com\/@talkpal\",\"https:\/\/www.instagram.com\/talkpal_ai\/\",\"https:\/\/www.crunchbase.com\/organization\/talkpal-9cde\",\"https:\/\/www.g2.com\/products\/talkpal-for-business\/\",\"https:\/\/www.trustpilot.com\/review\/talkpal.ai\",\"https:\/\/www.capterra.com\/p\/10006800\/TalkPal\/\"],\"description\":\"Talkpal is a language learning web and mobile education app, powered by the latest AI technologies, that provides engaging experiences to its customers in many different languages to help them improve their language skills. Users can chat about unlimited amount of topics with the app and use other modes to practice their language learning.\",\"email\":\"support@talkpal.ai\",\"legalName\":\"Talkpal, Inc.\",\"foundingDate\":\"2023-04-03\",\"duns\":\"118989042\",\"numberOfEmployees\":{\"@type\":\"QuantitativeValue\",\"minValue\":\"11\",\"maxValue\":\"50\"},\"publishingPrinciples\":\"https:\/\/talkpal.ai\/publishing-principles\/\",\"actionableFeedbackPolicy\":\"https:\/\/talkpal.ai\/actionable-feedback-policy\/\",\"correctionsPolicy\":\"https:\/\/talkpal.ai\/corrections-policy\/\",\"ethicsPolicy\":\"https:\/\/talkpal.ai\/ethics-policy\/\",\"diversityPolicy\":\"https:\/\/talkpal.ai\/diversity-policy\/\",\"diversityStaffingReport\":\"https:\/\/talkpal.ai\/diversity-policy\/\"}]}<\/script>\n<!-- \/ Yoast SEO Premium plugin. -->","yoast_head_json":{"title":"Grammatika Katalana - Talkpal","description":"Skopri l-fundamentali tal-grammatika Katalana u ibda l-vja\u0121\u0121 tieg\u0127ek f'din il-lingwa sabi\u0127a Rumanz illum!","robots":{"index":"index","follow":"follow","max-snippet":"max-snippet:-1","max-image-preview":"max-image-preview:large","max-video-preview":"max-video-preview:-1"},"canonical":"https:\/\/talkpal.ai\/mt\/grammatika-katalana\/","og_locale":"mt_MT","og_type":"article","og_title":"Grammatika Katalana","og_description":"Grammatika Katalana: Gwida Mg\u0127a\u0121\u0121la g\u0127all-Entu\u017cjasti tal-Lingwa Qed tippjana li titg\u0127allem il-Katalan jew sempli\u010bement kurju\u017c dwar din il-lingwa Romanza","og_url":"https:\/\/talkpal.ai\/mt\/grammatika-katalana\/","og_site_name":"Talkpal","article_publisher":"https:\/\/www.facebook.com\/profile.php?id=100090733639311","article_modified_time":"2026-05-08T10:49:58+00:00","og_image":[{"width":479,"height":479,"url":"https:\/\/talkpal.ai\/wp-content\/uploads\/2023\/08\/Catalan.png","type":"image\/png"}],"twitter_card":"summary_large_image","twitter_site":"@talkpalai","twitter_misc":{"Est. reading time":"3 minutes"},"schema":{"@context":"https:\/\/schema.org","@graph":[{"@type":"WebPage","@id":"https:\/\/talkpal.ai\/mt\/grammatika-katalana\/","url":"https:\/\/talkpal.ai\/mt\/grammatika-katalana\/","name":"Grammatika Katalana - Talkpal","isPartOf":{"@id":"https:\/\/talkpal.ai\/mt\/#website"},"primaryImageOfPage":{"@id":"https:\/\/talkpal.ai\/mt\/grammatika-katalana\/#primaryimage"},"image":{"@id":"https:\/\/talkpal.ai\/mt\/grammatika-katalana\/#primaryimage"},"thumbnailUrl":"https:\/\/talkpal.ai\/wp-content\/uploads\/2023\/08\/Catalan.png","datePublished":"2023-05-14T14:00:56+00:00","dateModified":"2026-05-08T10:49:58+00:00","description":"Skopri l-fundamentali tal-grammatika Katalana u ibda l-vja\u0121\u0121 tieg\u0127ek f'din il-lingwa sabi\u0127a Rumanz illum!","breadcrumb":{"@id":"https:\/\/talkpal.ai\/mt\/grammatika-katalana\/#breadcrumb"},"inLanguage":"mt-MT","potentialAction":[{"@type":"ReadAction","target":["https:\/\/talkpal.ai\/mt\/grammatika-katalana\/"]}]},{"@type":"ImageObject","inLanguage":"mt-MT","@id":"https:\/\/talkpal.ai\/mt\/grammatika-katalana\/#primaryimage","url":"https:\/\/talkpal.ai\/wp-content\/uploads\/2023\/08\/Catalan.png","contentUrl":"https:\/\/talkpal.ai\/wp-content\/uploads\/2023\/08\/Catalan.png","width":479,"height":479,"caption":"Bandiera Katalana"},{"@type":"BreadcrumbList","@id":"https:\/\/talkpal.ai\/mt\/grammatika-katalana\/#breadcrumb","itemListElement":[{"@type":"ListItem","position":1,"name":"Homepage","item":"https:\/\/talkpal.ai\/mt\/"},{"@type":"ListItem","position":2,"name":"Grammatika Katalana"}]},{"@type":"WebSite","@id":"https:\/\/talkpal.ai\/mt\/#website","url":"https:\/\/talkpal.ai\/mt\/","name":"Talkpal","description":"AI Language Learning","publisher":{"@id":"https:\/\/talkpal.ai\/mt\/#organization"},"alternateName":"Talkpal AI","potentialAction":[{"@type":"SearchAction","target":{"@type":"EntryPoint","urlTemplate":"https:\/\/talkpal.ai\/mt\/?s={search_term_string}"},"query-input":{"@type":"PropertyValueSpecification","valueRequired":true,"valueName":"search_term_string"}}],"inLanguage":"mt-MT"},{"@type":"Organization","@id":"https:\/\/talkpal.ai\/mt\/#organization","name":"Talkpal, Inc.","alternateName":"Talkpal AI","url":"https:\/\/talkpal.ai\/mt\/","logo":{"@type":"ImageObject","inLanguage":"mt-MT","@id":"https:\/\/talkpal.ai\/mt\/#\/schema\/logo\/image\/","url":"https:\/\/talkpal.ai\/wp-content\/uploads\/2024\/03\/Talkpal-Logo-Icon.png","contentUrl":"https:\/\/talkpal.ai\/wp-content\/uploads\/2024\/03\/Talkpal-Logo-Icon.png","width":2880,"height":2880,"caption":"Talkpal, Inc."},"image":{"@id":"https:\/\/talkpal.ai\/mt\/#\/schema\/logo\/image\/"},"sameAs":["https:\/\/www.facebook.com\/profile.php?id=100090733639311","https:\/\/x.com\/talkpalai","https:\/\/www.linkedin.com\/company\/talkpal\/","https:\/\/www.youtube.com\/@TalkPal\/","https:\/\/www.tiktok.com\/@talkpal","https:\/\/www.instagram.com\/talkpal_ai\/","https:\/\/www.crunchbase.com\/organization\/talkpal-9cde","https:\/\/www.g2.com\/products\/talkpal-for-business\/","https:\/\/www.trustpilot.com\/review\/talkpal.ai","https:\/\/www.capterra.com\/p\/10006800\/TalkPal\/"],"description":"Talkpal is a language learning web and mobile education app, powered by the latest AI technologies, that provides engaging experiences to its customers in many different languages to help them improve their language skills. Users can chat about unlimited amount of topics with the app and use other modes to practice their language learning.","email":"support@talkpal.ai","legalName":"Talkpal, Inc.","foundingDate":"2023-04-03","duns":"118989042","numberOfEmployees":{"@type":"QuantitativeValue","minValue":"11","maxValue":"50"},"publishingPrinciples":"https:\/\/talkpal.ai\/publishing-principles\/","actionableFeedbackPolicy":"https:\/\/talkpal.ai\/actionable-feedback-policy\/","correctionsPolicy":"https:\/\/talkpal.ai\/corrections-policy\/","ethicsPolicy":"https:\/\/talkpal.ai\/ethics-policy\/","diversityPolicy":"https:\/\/talkpal.ai\/diversity-policy\/","diversityStaffingReport":"https:\/\/talkpal.ai\/diversity-policy\/"}]}},"_links":{"self":[{"href":"https:\/\/talkpal.ai\/mt\/wp-json\/wp\/v2\/pages\/1443523","targetHints":{"allow":["GET"]}}],"collection":[{"href":"https:\/\/talkpal.ai\/mt\/wp-json\/wp\/v2\/pages"}],"about":[{"href":"https:\/\/talkpal.ai\/mt\/wp-json\/wp\/v2\/types\/page"}],"author":[{"embeddable":true,"href":"https:\/\/talkpal.ai\/mt\/wp-json\/wp\/v2\/users\/1"}],"replies":[{"embeddable":true,"href":"https:\/\/talkpal.ai\/mt\/wp-json\/wp\/v2\/comments?post=1443523"}],"version-history":[{"count":0,"href":"https:\/\/talkpal.ai\/mt\/wp-json\/wp\/v2\/pages\/1443523\/revisions"}],"wp:featuredmedia":[{"embeddable":true,"href":"https:\/\/talkpal.ai\/mt\/wp-json\/wp\/v2\/media\/1443524"}],"wp:attachment":[{"href":"https:\/\/talkpal.ai\/mt\/wp-json\/wp\/v2\/media?parent=1443523"}],"curies":[{"name":"wp","href":"https:\/\/api.w.org\/{rel}","templated":true}]}}