{"id":1443517,"date":"2023-05-14T14:01:53","date_gmt":"2023-05-14T14:01:53","guid":{"rendered":"https:\/\/talkpal.ai\/grammatika-estonjana\/"},"modified":"2025-12-13T15:20:28","modified_gmt":"2025-12-13T15:20:28","slug":"grammatika-estonjana","status":"publish","type":"page","link":"https:\/\/talkpal.ai\/mt\/grammatika-estonjana\/","title":{"rendered":"Grammatika Estonjana"},"content":{"rendered":"\r\n\r\n\r\n<section class=\"languageChallengeSection\">\r\n    <div class=\"languageInfoWrapper\">\r\n        \r\n        <h1>Grammatika Estonjana<\/h1>\r\n        <p>Qed ta\u0127seb biex titg\u0127allem l-Estonjan? Pass fid-dinja tal-grammatika Estonjana, fejn l-agglutinazzjoni, l-armonija tal-vokali, u firxa wiesg\u0127a ta &#039;ka\u017cijiet ta&#039; nomi jo\u0127olqu esperjenza lingwistika tassew distintiva. Ibda tesplora llum &#8211; il-\u0127akma tal-grammatika Estonjana mhux biss se tag\u0127ti spinta lill-\u0127effa tieg\u0127ek i\u017cda wkoll tg\u0127aqqad lilek mal-kultura rikka u l-istorja tal-Estonja!<\/p>\r\n\r\n                            <a class=\"getStartedHidden\" href=\"https:\/\/app.talkpal.ai\/signup?lng=\">Ibda<\/a>\r\n        \r\n    <\/div>\r\n\r\n    <figure>\r\n    <img decoding=\"async\" width=\"768\" height=\"768\" src=\"https:\/\/talkpal.ai\/wp-content\/uploads\/2023\/06\/Estonian-768x768.png\" class=\"languageImage no-lazy\" alt=\"Secret tricks of language learning\" fetchpriority=\"high\" sizes=\"(max-width: 768px) 150px, 768px\" srcset=\"https:\/\/talkpal.ai\/wp-content\/uploads\/2023\/06\/Estonian-768x768.png 768w, https:\/\/talkpal.ai\/wp-content\/uploads\/2023\/06\/Estonian-300x300.png 300w\" \/>\r\n    \r\n\r\n    <\/figure>\r\n\r\n            <a class=\"getStartedVisible\" href=\"https:\/\/app.talkpal.ai\/signup?lng=\">Ibda<\/a>\r\n    \r\n<\/section>\r\n<section class=\"promotionalBanner\">\r\n    <p class=\"promotionalText\">L-aktar mod effi\u010bjenti biex titg\u0127allem lingwa<\/p>\r\n    <a class=\"promotionalLink\" href=\"https:\/\/app.talkpal.ai\/signup?lng=\">Ipprova Talkpal b&#8217;xejn<\/a>\r\n<\/section>\n<div class=\"wp-block-group pageContainerStyle\"><div class=\"wp-block-group__inner-container is-layout-constrained wp-block-group-is-layout-constrained\">\n<h2 class=\"wp-block-heading\" id=\"h-estonian-grammar-the-gateway-to-a-unique-language-journey\">Il-Grammatika Estonjana: Il-Bieb g\u0127al Vja\u0121\u0121 Lingwistiku Uniku<\/h2>\n\n\n\n<p>Mer\u0127ba fid-dinja affaxxinanti tal-Estonjan! B&#8217;aktar minn miljun kelliem nattiv, l-Estonjan joffrilek opportunit\u00e0 unika biex tespandi l-orizzonti lingwisti\u010bi tieg\u0127ek u tiskopri kultura vibranti. Filwaqt li l-kumplessitajiet tal-grammatika Estonjana jistg\u0127u jidhru skora\u0121\u0121anti mal-ewwel daqqa t&#8217;g\u0127ajn, din il-gwida amikevoli g\u0127all-bidu hija hawn biex tkisser il-pedamenti tal-grammatika Estonjana b&#8217;mod sempli\u010bi u impenjattiv.<\/p>\n\n\n\n<h3 class=\"wp-block-heading\" id=\"h-1-embracing-the-estonian-alphabet\">1. T\u0127addan l-alfabett Estonjan<\/h3>\n\n\n\n<p>Il-vja\u0121\u0121 g\u0127all-\u0127akma tal-Estonjan jibda bl-alfabett tieg\u0127u. L-Estonjan ju\u017ca l-iskrittura <a href=\"https:\/\/talkpal.ai\/locations\/language-courses-in-latina\/\">Latina<\/a>, issupplimentata b&#8217;disa&#8217; karattri spe\u010bjali: \u00c4, \u00d6, \u00dc, \u00d5, \u0160, \u017d, u l-kontropartijiet \u017cg\u0127ar tag\u0127hom. Familjarizza ru\u0127ek ma &#8216;dawn il-karattri se to\u0127loq pedament b&#8217;sa\u0127\u0127tu g\u0127all-esperjenza ta&#8217; tag\u0127lim <a href=\"https:\/\/talkpal.ai\/learn-estonian\/\">Estonjan<\/a> tieg\u0127ek.<\/p>\n\n\n\n<h3 class=\"wp-block-heading\" id=\"h-2-getting-a-grip-on-estonian-nouns\">2. Jkollna qabda fuq nomi Estonjani<\/h3>\n\n\n\n<p>B&#8217;differenza minn \u0127afna lingwi Ewropej, l-Estonjan ma jiddistingwix bejn is-sessi maskili u femminili. In-nomi huma minflok ikklassifikati b\u0127ala singular jew plural, u kull nom g\u0127andu 14-il ka\u017c. Filwaqt li dan jista &#8216;jidher kbir \u0127afna, huwa essenzjali li wie\u0127ed jifhem li l-istruttura morfolo\u0121ika tan-nomi hija pjuttost regolari, u tag\u0127milha aktar fa\u010bli biex titg\u0127allem. Biex tibda, iffoka fuq il-\u0127akma tal-ka\u017cijiet l-aktar komuni: Nominativ, \u0120enittiv, u Partitiv.<\/p>\n\n\n\n<h3 class=\"wp-block-heading\" id=\"h-3-conquering-estonian-verb-conjugation\">3. Conquering Estonian Verb Conjugation<\/h3>\n\n\n\n<p>Il-verbi Estonjani huma konjugati bba\u017cati fuq it-temp, il-persuna, u n-numru. Hemm biss tliet tempi: pre\u017cent, passat (ikkodifikat mill-parti\u010bipju tal-passat), u futur (espress mill-forma pre\u017centi tal-verb, flimkien ma&#8217; aw\u017ciljarju futur).<\/p>\n\n\n\n<p>Pere\u017cempju, hawn huma konjugazzjonijiet g\u0127all-verb &#8220;lugema&#8221; (biex taqra):<\/p>\n\n\n\n<p><strong>\u2013 Pre\u017centi: Ma loen (Qrajt)<\/strong><\/p>\n\n\n\n<p><strong>&#8211; Passat: Ma lugesin (qrajt \/ qrajt)<\/strong><\/p>\n\n\n\n<p><strong>&#8211; Futur: Ma loen raamatuid (Se naqra kotba)<\/strong><\/p>\n\n\n\n<h3 class=\"wp-block-heading\" id=\"h-4-unraveling-the-mystery-of-estonian-pronouns\">4. Ti\u017cvela l-Misteru tal-Pronomi Estonjani<\/h3>\n\n\n\n<p>Il-pronomi fl-Estonjan iservu biex jissostitwixxu n-nomi u jag\u0127mlu d-diskors aktar bla xkiel u dinamiku. Iffoka fuq it-tag\u0127lim tal-pronomi personali u possessivi:<\/p>\n\n\n\n<p><strong>\u2013 Pronomi personali: mina (I), sina (int, informali), tema (hu\/hi), meie (a\u0127na), teie (int, plural\/formali), nemad (huma)<\/strong><\/p>\n\n\n\n<p><strong>\u2013 Pronomi possessivi: minu (tieg\u0127i), sinu (tieg\u0127ek, informali), tema (tieg\u0127u\/tag\u0127ha), meie (tag\u0127na), teie (tieg\u0127ek, plural\/formali), nende (tag\u0127hom)<\/strong><\/p>\n\n\n\n<h3 class=\"wp-block-heading\" id=\"h-5-no-articles-no-problem\">5. L-ebda artikoli, l-ebda problema!<\/h3>\n\n\n\n<p>L-Estonjan ma ju\u017cax artikli definiti jew indefiniti, li jippermettulek tie\u0127u n-nifs ta &#8216;ser\u0127an. Pere\u017cempju:<\/p>\n\n\n\n<p><strong>\u2013 Koer \u2013 &#8220;kelb&#8221; jew &#8220;kelb&#8221;<\/strong><\/p>\n\n\n\n<p><strong>\u2013 Maja \u2013 &#8220;dar&#8221; jew &#8220;dar&#8221;<\/strong><\/p>\n\n\n\n<p>Il-\u0127akma tal-grammatika Estonjana hija pro\u010bess e\u010b\u010bitanti u arrikkienti, li jifta\u0127 il-bibien g\u0127al esperjenza kulturali rikka. Ftakar li l-prattika hija \u010b-\u010bavetta, g\u0127alhekk g\u0127addas ru\u0127ek fil-grammatika Estonjana, involvi ru\u0127ek ma&#8217; kelliema nattivi, u ibni pedament b&#8217;sa\u0127\u0127tu g\u0127all-vja\u0121\u0121 lingwistiku tieg\u0127ek. Edu! (Xorti tajba!)<\/p>\n<\/div><\/div>\n\r\n<section class=\"learnNavigationSection\">\r\n            \r\n        <a href=\"https:\/\/talkpal.ai\/mt\/tghallem-l-estonjan\/\">\r\n            <div class=\"learnNavigationWrapper\">\r\n                <div class=\"learnNavigationContent\">\r\n                    <img decoding=\"async\" src=\"https:\/\/talkpal.ai\/wp-content\/uploads\/2024\/08\/Estonian.jpg\" alt=\"Estonian Flag\">\r\n                    <div>\r\n                        <h4>Dwar it-Tag\u0127lim Estonjan<\/h4>\r\n                        <p>Sir af kollox dwar il-grammatika Estonjana.<\/p>\r\n                    <\/div>\r\n                <\/div>\r\n            <\/div>\r\n        <\/a>\r\n\r\n        \r\n        <a href=\"https:\/\/talkpal.ai\/mt\/ezercizzji-tal-grammatika-estonjana\/\">\r\n            <div class=\"learnNavigationWrapper\">\r\n                <div class=\"learnNavigationContent\">\r\n                    <img decoding=\"async\" src=\"https:\/\/talkpal.ai\/wp-content\/uploads\/2024\/08\/Estonian.jpg\" alt=\"Estonian Flag\">\r\n                    <div>\r\n                        <h4>E\u017cer\u010bizzju tal-Grammatika Estonjana<\/h4>\r\n                        <p>Ipprattika l-grammatika Estonjana.<\/p>\r\n                    <\/div>\r\n                <\/div>\r\n            <\/div>\r\n        <\/a>\r\n\r\n        \r\n        <a href=\"https:\/\/talkpal.ai\/vocabulary_language\/estonian\/\">\r\n            <div class=\"learnNavigationWrapper\">\r\n                <div class=\"learnNavigationContent\">\r\n                    <img decoding=\"async\" src=\"https:\/\/talkpal.ai\/wp-content\/uploads\/2024\/08\/Estonian.jpg\" alt=\"Estonian Flag\">\r\n                    <div>\r\n                        <h4>Vokabularju Estonjan<\/h4>\r\n                        <p>Espandi l-vokabularju Estonjan tieg\u0127ek.<\/p>\r\n                    <\/div>\r\n                <\/div>\r\n            <\/div>\r\n        <\/a>\r\n\r\n            <\/section>","protected":false},"excerpt":{"rendered":"<p>Il-Grammatika Estonjana: Il-Bieb g\u0127al Vja\u0121\u0121 Lingwistiku Uniku Mer\u0127ba fid-dinja affaxxinanti tal-Estonjan! B&#8217;aktar minn miljun kelliem nattiv, l-Estonjan joffrilek opportunit\u00e0 unika biex tespandi l-orizzonti lingwisti\u010bi tieg\u0127ek u tiskopri kultura vibranti. Filwaqt li l-kumplessitajiet tal-grammatika Estonjana jistg\u0127u jidhru skora\u0121\u0121anti mal-ewwel daqqa t&#8217;g\u0127ajn, din il-gwida amikevoli g\u0127all-bidu hija hawn biex tkisser il-pedamenti tal-grammatika Estonjana b&#8217;mod sempli\u010bi u impenjattiv. [&hellip;]<\/p>\n","protected":false},"author":1,"featured_media":1443518,"parent":0,"menu_order":0,"comment_status":"closed","ping_status":"closed","template":"LearningContentPage.php","meta":{"_acf_changed":false,"footnotes":""},"class_list":["post-1443517","page","type-page","status-publish","has-post-thumbnail","hentry"],"acf":[],"yoast_head":"<!-- This site is optimized with the Yoast SEO Premium plugin v27.2 (Yoast SEO v27.2) - https:\/\/yoast.com\/product\/yoast-seo-premium-wordpress\/ -->\n<title>Grammatika Estonjana - Talkpal<\/title>\n<meta name=\"description\" content=\"Esplora kun\u010betti essenzjali tal-grammatika Estonjana, inklu\u017ci ka\u017cijiet, verbi, struttura tas-sentenza, pronunzja, u pariri.\" \/>\n<meta name=\"robots\" content=\"index, follow, max-snippet:-1, max-image-preview:large, max-video-preview:-1\" \/>\n<link rel=\"canonical\" href=\"https:\/\/talkpal.ai\/mt\/grammatika-estonjana\/\" \/>\n<meta property=\"og:locale\" content=\"mt_MT\" \/>\n<meta property=\"og:type\" content=\"article\" \/>\n<meta property=\"og:title\" content=\"Grammatika Estonjana\" \/>\n<meta property=\"og:description\" content=\"Il-Grammatika Estonjana: Il-Bieb g\u0127al Vja\u0121\u0121 Lingwistiku Uniku Mer\u0127ba fid-dinja affaxxinanti tal-Estonjan! B&#039;aktar minn miljun kelliem nattiv, l-Estonjan\" \/>\n<meta property=\"og:url\" content=\"https:\/\/talkpal.ai\/mt\/grammatika-estonjana\/\" \/>\n<meta property=\"og:site_name\" content=\"Talkpal\" \/>\n<meta property=\"article:publisher\" content=\"https:\/\/www.facebook.com\/profile.php?id=100090733639311\" \/>\n<meta property=\"article:modified_time\" content=\"2025-12-13T15:20:28+00:00\" \/>\n<meta property=\"og:image\" content=\"https:\/\/talkpal.ai\/wp-content\/uploads\/2023\/05\/estonia.png\" \/>\n\t<meta property=\"og:image:width\" content=\"512\" \/>\n\t<meta property=\"og:image:height\" content=\"512\" \/>\n\t<meta property=\"og:image:type\" content=\"image\/png\" \/>\n<meta name=\"twitter:card\" content=\"summary_large_image\" \/>\n<meta name=\"twitter:site\" content=\"@talkpalai\" \/>\n<meta name=\"twitter:label1\" content=\"Est. reading time\" \/>\n\t<meta name=\"twitter:data1\" content=\"2 minutes\" \/>\n<script type=\"application\/ld+json\" class=\"yoast-schema-graph\">{\"@context\":\"https:\/\/schema.org\",\"@graph\":[{\"@type\":\"WebPage\",\"@id\":\"https:\/\/talkpal.ai\/mt\/grammatika-estonjana\/\",\"url\":\"https:\/\/talkpal.ai\/mt\/grammatika-estonjana\/\",\"name\":\"Grammatika Estonjana - Talkpal\",\"isPartOf\":{\"@id\":\"https:\/\/talkpal.ai\/mt\/#website\"},\"primaryImageOfPage\":{\"@id\":\"https:\/\/talkpal.ai\/mt\/grammatika-estonjana\/#primaryimage\"},\"image\":{\"@id\":\"https:\/\/talkpal.ai\/mt\/grammatika-estonjana\/#primaryimage\"},\"thumbnailUrl\":\"https:\/\/talkpal.ai\/wp-content\/uploads\/2023\/05\/estonia.png\",\"datePublished\":\"2023-05-14T14:01:53+00:00\",\"dateModified\":\"2025-12-13T15:20:28+00:00\",\"description\":\"Esplora kun\u010betti essenzjali tal-grammatika Estonjana, inklu\u017ci ka\u017cijiet, verbi, struttura tas-sentenza, pronunzja, u pariri.\",\"breadcrumb\":{\"@id\":\"https:\/\/talkpal.ai\/mt\/grammatika-estonjana\/#breadcrumb\"},\"inLanguage\":\"mt-MT\",\"potentialAction\":[{\"@type\":\"ReadAction\",\"target\":[\"https:\/\/talkpal.ai\/mt\/grammatika-estonjana\/\"]}]},{\"@type\":\"ImageObject\",\"inLanguage\":\"mt-MT\",\"@id\":\"https:\/\/talkpal.ai\/mt\/grammatika-estonjana\/#primaryimage\",\"url\":\"https:\/\/talkpal.ai\/wp-content\/uploads\/2023\/05\/estonia.png\",\"contentUrl\":\"https:\/\/talkpal.ai\/wp-content\/uploads\/2023\/05\/estonia.png\",\"width\":512,\"height\":512,\"caption\":\"TalkPal Estonia Flag\"},{\"@type\":\"BreadcrumbList\",\"@id\":\"https:\/\/talkpal.ai\/mt\/grammatika-estonjana\/#breadcrumb\",\"itemListElement\":[{\"@type\":\"ListItem\",\"position\":1,\"name\":\"Homepage\",\"item\":\"https:\/\/talkpal.ai\/mt\/\"},{\"@type\":\"ListItem\",\"position\":2,\"name\":\"Grammatika Estonjana\"}]},{\"@type\":\"WebSite\",\"@id\":\"https:\/\/talkpal.ai\/mt\/#website\",\"url\":\"https:\/\/talkpal.ai\/mt\/\",\"name\":\"Talkpal\",\"description\":\"AI Language Learning\",\"publisher\":{\"@id\":\"https:\/\/talkpal.ai\/mt\/#organization\"},\"alternateName\":\"Talkpal AI\",\"potentialAction\":[{\"@type\":\"SearchAction\",\"target\":{\"@type\":\"EntryPoint\",\"urlTemplate\":\"https:\/\/talkpal.ai\/mt\/?s={search_term_string}\"},\"query-input\":{\"@type\":\"PropertyValueSpecification\",\"valueRequired\":true,\"valueName\":\"search_term_string\"}}],\"inLanguage\":\"mt-MT\"},{\"@type\":\"Organization\",\"@id\":\"https:\/\/talkpal.ai\/mt\/#organization\",\"name\":\"Talkpal, Inc.\",\"alternateName\":\"Talkpal AI\",\"url\":\"https:\/\/talkpal.ai\/mt\/\",\"logo\":{\"@type\":\"ImageObject\",\"inLanguage\":\"mt-MT\",\"@id\":\"https:\/\/talkpal.ai\/mt\/#\/schema\/logo\/image\/\",\"url\":\"https:\/\/talkpal.ai\/wp-content\/uploads\/2024\/03\/Talkpal-Logo-Icon.png\",\"contentUrl\":\"https:\/\/talkpal.ai\/wp-content\/uploads\/2024\/03\/Talkpal-Logo-Icon.png\",\"width\":2880,\"height\":2880,\"caption\":\"Talkpal, Inc.\"},\"image\":{\"@id\":\"https:\/\/talkpal.ai\/mt\/#\/schema\/logo\/image\/\"},\"sameAs\":[\"https:\/\/www.facebook.com\/profile.php?id=100090733639311\",\"https:\/\/x.com\/talkpalai\",\"https:\/\/www.linkedin.com\/company\/talkpal\/\",\"https:\/\/www.youtube.com\/@TalkPal\/\",\"https:\/\/www.tiktok.com\/@talkpal\",\"https:\/\/www.instagram.com\/talkpal_ai\/\",\"https:\/\/www.crunchbase.com\/organization\/talkpal-9cde\",\"https:\/\/www.g2.com\/products\/talkpal-for-business\/\",\"https:\/\/www.trustpilot.com\/review\/talkpal.ai\",\"https:\/\/www.capterra.com\/p\/10006800\/TalkPal\/\"],\"description\":\"Talkpal is a language learning web and mobile education app, powered by the latest AI technologies, that provides engaging experiences to its customers in many different languages to help them improve their language skills. Users can chat about unlimited amount of topics with the app and use other modes to practice their language learning.\",\"email\":\"support@talkpal.ai\",\"legalName\":\"Talkpal, Inc.\",\"foundingDate\":\"2023-04-03\",\"duns\":\"118989042\",\"numberOfEmployees\":{\"@type\":\"QuantitativeValue\",\"minValue\":\"11\",\"maxValue\":\"50\"},\"publishingPrinciples\":\"https:\/\/talkpal.ai\/publishing-principles\/\",\"actionableFeedbackPolicy\":\"https:\/\/talkpal.ai\/actionable-feedback-policy\/\",\"correctionsPolicy\":\"https:\/\/talkpal.ai\/corrections-policy\/\",\"ethicsPolicy\":\"https:\/\/talkpal.ai\/ethics-policy\/\",\"diversityPolicy\":\"https:\/\/talkpal.ai\/diversity-policy\/\",\"diversityStaffingReport\":\"https:\/\/talkpal.ai\/diversity-policy\/\"}]}<\/script>\n<!-- \/ Yoast SEO Premium plugin. -->","yoast_head_json":{"title":"Grammatika Estonjana - Talkpal","description":"Esplora kun\u010betti essenzjali tal-grammatika Estonjana, inklu\u017ci ka\u017cijiet, verbi, struttura tas-sentenza, pronunzja, u pariri.","robots":{"index":"index","follow":"follow","max-snippet":"max-snippet:-1","max-image-preview":"max-image-preview:large","max-video-preview":"max-video-preview:-1"},"canonical":"https:\/\/talkpal.ai\/mt\/grammatika-estonjana\/","og_locale":"mt_MT","og_type":"article","og_title":"Grammatika Estonjana","og_description":"Il-Grammatika Estonjana: Il-Bieb g\u0127al Vja\u0121\u0121 Lingwistiku Uniku Mer\u0127ba fid-dinja affaxxinanti tal-Estonjan! B'aktar minn miljun kelliem nattiv, l-Estonjan","og_url":"https:\/\/talkpal.ai\/mt\/grammatika-estonjana\/","og_site_name":"Talkpal","article_publisher":"https:\/\/www.facebook.com\/profile.php?id=100090733639311","article_modified_time":"2025-12-13T15:20:28+00:00","og_image":[{"width":512,"height":512,"url":"https:\/\/talkpal.ai\/wp-content\/uploads\/2023\/05\/estonia.png","type":"image\/png"}],"twitter_card":"summary_large_image","twitter_site":"@talkpalai","twitter_misc":{"Est. reading time":"2 minutes"},"schema":{"@context":"https:\/\/schema.org","@graph":[{"@type":"WebPage","@id":"https:\/\/talkpal.ai\/mt\/grammatika-estonjana\/","url":"https:\/\/talkpal.ai\/mt\/grammatika-estonjana\/","name":"Grammatika Estonjana - Talkpal","isPartOf":{"@id":"https:\/\/talkpal.ai\/mt\/#website"},"primaryImageOfPage":{"@id":"https:\/\/talkpal.ai\/mt\/grammatika-estonjana\/#primaryimage"},"image":{"@id":"https:\/\/talkpal.ai\/mt\/grammatika-estonjana\/#primaryimage"},"thumbnailUrl":"https:\/\/talkpal.ai\/wp-content\/uploads\/2023\/05\/estonia.png","datePublished":"2023-05-14T14:01:53+00:00","dateModified":"2025-12-13T15:20:28+00:00","description":"Esplora kun\u010betti essenzjali tal-grammatika Estonjana, inklu\u017ci ka\u017cijiet, verbi, struttura tas-sentenza, pronunzja, u pariri.","breadcrumb":{"@id":"https:\/\/talkpal.ai\/mt\/grammatika-estonjana\/#breadcrumb"},"inLanguage":"mt-MT","potentialAction":[{"@type":"ReadAction","target":["https:\/\/talkpal.ai\/mt\/grammatika-estonjana\/"]}]},{"@type":"ImageObject","inLanguage":"mt-MT","@id":"https:\/\/talkpal.ai\/mt\/grammatika-estonjana\/#primaryimage","url":"https:\/\/talkpal.ai\/wp-content\/uploads\/2023\/05\/estonia.png","contentUrl":"https:\/\/talkpal.ai\/wp-content\/uploads\/2023\/05\/estonia.png","width":512,"height":512,"caption":"TalkPal Estonia Flag"},{"@type":"BreadcrumbList","@id":"https:\/\/talkpal.ai\/mt\/grammatika-estonjana\/#breadcrumb","itemListElement":[{"@type":"ListItem","position":1,"name":"Homepage","item":"https:\/\/talkpal.ai\/mt\/"},{"@type":"ListItem","position":2,"name":"Grammatika Estonjana"}]},{"@type":"WebSite","@id":"https:\/\/talkpal.ai\/mt\/#website","url":"https:\/\/talkpal.ai\/mt\/","name":"Talkpal","description":"AI Language Learning","publisher":{"@id":"https:\/\/talkpal.ai\/mt\/#organization"},"alternateName":"Talkpal AI","potentialAction":[{"@type":"SearchAction","target":{"@type":"EntryPoint","urlTemplate":"https:\/\/talkpal.ai\/mt\/?s={search_term_string}"},"query-input":{"@type":"PropertyValueSpecification","valueRequired":true,"valueName":"search_term_string"}}],"inLanguage":"mt-MT"},{"@type":"Organization","@id":"https:\/\/talkpal.ai\/mt\/#organization","name":"Talkpal, Inc.","alternateName":"Talkpal AI","url":"https:\/\/talkpal.ai\/mt\/","logo":{"@type":"ImageObject","inLanguage":"mt-MT","@id":"https:\/\/talkpal.ai\/mt\/#\/schema\/logo\/image\/","url":"https:\/\/talkpal.ai\/wp-content\/uploads\/2024\/03\/Talkpal-Logo-Icon.png","contentUrl":"https:\/\/talkpal.ai\/wp-content\/uploads\/2024\/03\/Talkpal-Logo-Icon.png","width":2880,"height":2880,"caption":"Talkpal, Inc."},"image":{"@id":"https:\/\/talkpal.ai\/mt\/#\/schema\/logo\/image\/"},"sameAs":["https:\/\/www.facebook.com\/profile.php?id=100090733639311","https:\/\/x.com\/talkpalai","https:\/\/www.linkedin.com\/company\/talkpal\/","https:\/\/www.youtube.com\/@TalkPal\/","https:\/\/www.tiktok.com\/@talkpal","https:\/\/www.instagram.com\/talkpal_ai\/","https:\/\/www.crunchbase.com\/organization\/talkpal-9cde","https:\/\/www.g2.com\/products\/talkpal-for-business\/","https:\/\/www.trustpilot.com\/review\/talkpal.ai","https:\/\/www.capterra.com\/p\/10006800\/TalkPal\/"],"description":"Talkpal is a language learning web and mobile education app, powered by the latest AI technologies, that provides engaging experiences to its customers in many different languages to help them improve their language skills. Users can chat about unlimited amount of topics with the app and use other modes to practice their language learning.","email":"support@talkpal.ai","legalName":"Talkpal, Inc.","foundingDate":"2023-04-03","duns":"118989042","numberOfEmployees":{"@type":"QuantitativeValue","minValue":"11","maxValue":"50"},"publishingPrinciples":"https:\/\/talkpal.ai\/publishing-principles\/","actionableFeedbackPolicy":"https:\/\/talkpal.ai\/actionable-feedback-policy\/","correctionsPolicy":"https:\/\/talkpal.ai\/corrections-policy\/","ethicsPolicy":"https:\/\/talkpal.ai\/ethics-policy\/","diversityPolicy":"https:\/\/talkpal.ai\/diversity-policy\/","diversityStaffingReport":"https:\/\/talkpal.ai\/diversity-policy\/"}]}},"_links":{"self":[{"href":"https:\/\/talkpal.ai\/mt\/wp-json\/wp\/v2\/pages\/1443517","targetHints":{"allow":["GET"]}}],"collection":[{"href":"https:\/\/talkpal.ai\/mt\/wp-json\/wp\/v2\/pages"}],"about":[{"href":"https:\/\/talkpal.ai\/mt\/wp-json\/wp\/v2\/types\/page"}],"author":[{"embeddable":true,"href":"https:\/\/talkpal.ai\/mt\/wp-json\/wp\/v2\/users\/1"}],"replies":[{"embeddable":true,"href":"https:\/\/talkpal.ai\/mt\/wp-json\/wp\/v2\/comments?post=1443517"}],"version-history":[{"count":0,"href":"https:\/\/talkpal.ai\/mt\/wp-json\/wp\/v2\/pages\/1443517\/revisions"}],"wp:featuredmedia":[{"embeddable":true,"href":"https:\/\/talkpal.ai\/mt\/wp-json\/wp\/v2\/media\/1443518"}],"wp:attachment":[{"href":"https:\/\/talkpal.ai\/mt\/wp-json\/wp\/v2\/media?parent=1443517"}],"curies":[{"name":"wp","href":"https:\/\/api.w.org\/{rel}","templated":true}]}}