{"id":1443510,"date":"2023-05-14T14:00:39","date_gmt":"2023-05-14T14:00:39","guid":{"rendered":"https:\/\/talkpal.ai\/grammatika-bulgara\/"},"modified":"2025-09-06T19:10:08","modified_gmt":"2025-09-06T19:10:08","slug":"grammatika-bulgara","status":"publish","type":"page","link":"https:\/\/talkpal.ai\/mt\/grammatika-bulgara\/","title":{"rendered":"Grammatika Bulgara"},"content":{"rendered":"\r\n\r\n\r\n<section class=\"languageChallengeSection\">\r\n    <div class=\"languageInfoWrapper\">\r\n        \r\n        <h1>Grammatika Bulgara<\/h1>\r\n        <p>Esplora l-karatteristi\u010bi uni\u010bi tal-grammatika Bulgara u tikseb l-g\u0127odda biex tikkomunika b&#039;kunfidenza f&#039;din il-lingwa Slava vibranti. Billi tifhem ir-regoli ewlenin tag\u0127ha, int ser ittejjeb il-\u0127ila tieg\u0127ek li tikkonnettja ma &#039;kelliema nattivi u tid\u0127ol aktar fil-fond fil-wirt rikk tal-Bulgarija. Ibda l-vja\u0121\u0121 tal-grammatika Bulgara tieg\u0127ek illum u \u0127u l-ewwel pass tieg\u0127ek lejn il-\u0127akma tal-lingwa!<\/p>\r\n\r\n                            <a class=\"getStartedHidden\" href=\"https:\/\/app.talkpal.ai\/signup?lng=\">Ibda<\/a>\r\n        \r\n    <\/div>\r\n\r\n    <figure>\r\n    <img decoding=\"async\" width=\"768\" height=\"768\" src=\"https:\/\/talkpal.ai\/wp-content\/uploads\/2023\/06\/bulgarian-768x768.png\" class=\"languageImage no-lazy\" alt=\"Language learning for deeper cultural understanding\" fetchpriority=\"high\" sizes=\"(max-width: 768px) 150px, 768px\" srcset=\"https:\/\/talkpal.ai\/wp-content\/uploads\/2023\/06\/bulgarian-768x768.png 768w, https:\/\/talkpal.ai\/wp-content\/uploads\/2023\/06\/bulgarian-300x300.png 300w\" \/>\r\n    \r\n\r\n    <\/figure>\r\n\r\n            <a class=\"getStartedVisible\" href=\"https:\/\/app.talkpal.ai\/signup?lng=\">Ibda<\/a>\r\n    \r\n<\/section>\r\n<section class=\"promotionalBanner\">\r\n    <p class=\"promotionalText\">L-aktar mod effi\u010bjenti biex titg\u0127allem lingwa<\/p>\r\n    <a class=\"promotionalLink\" href=\"https:\/\/app.talkpal.ai\/signup?lng=\">Ipprova Talkpal b&#8217;xejn<\/a>\r\n<\/section>\n<div class=\"wp-block-group pageContainerStyle\"><div class=\"wp-block-group__inner-container is-layout-constrained wp-block-group-is-layout-constrained\">\n<h2 class=\"wp-block-heading\" id=\"h-the-ultimate-guide-to-bulgarian-grammar-navigating-the-intricacies-of-a-rich-language\">Il-Gwida A\u0127\u0127arija g\u0127all-Grammatika Bulgara: Navigazzjoni fil-Kumplessitajiet ta &#8216;Lingwa Sinjura<\/h2>\n\n\n\n<p>Il-grammatika Bulgara, b\u0127all-lingwa nnifisha, hija ta\u0127lita affaxxinanti ta&#8217; sempli\u010bit\u00e0, kumplessit\u00e0, u storja kulturali rikka. B\u0127ala wa\u0127da mill-eqdem lingwi Slavi, il-Bulgaru joffri e\u010b\u010bitamenti lingwisti\u010bi lill-istudenti u jisfida anke lill-kelliema l-aktar profi\u010bjenti. F&#8217;din il-gwida, a\u0127na ser nesploraw il-prin\u010bipji ewlenin tal-grammatika Bulgara, niddemistifikaw il-kumplessitajiet tag\u0127ha, u ng\u0127inuk fil-vja\u0121\u0121 tieg\u0127ek biex titg\u0127allem din il-lingwa sabi\u0127a. Ejja nid\u0127lu!<\/p>\n\n\n\n<h2 class=\"wp-block-heading\" id=\"h-the-nuts-and-bolts-bulgarian-sentence-structure\">Il-\u0120ew\u017c u l-Boltijiet: L-Istruttura tas-Sentenza Bulgara<\/h2>\n\n\n\n<p>Fil-qalba tag\u0127ha, il-grammatika Bulgara hija pjuttost sempli\u010bi. Il-lingwa ssegwi l-istruttura tas-sentenza Subject-Verb-Object (SVO), simili g\u0127all-<a href=\"https:\/\/talkpal.ai\/learn-english-with-ai\/\">Ingli\u017c<\/a> u \u0127afna lingwi o\u0127ra. Pere\u017cempju, is-sentenza &#8220;Jiena niekol tuffie\u0127&#8221; tittradu\u010bi g\u0127al &#8220;\u0410\u0437 \u044f\u043c \u044f\u0431\u044a\u043b\u043a\u0430&#8221; (Az yam yabalka). Sempli\u010bi, hux? Madankollu, hekk kif in\u0127affru aktar fil-fond, tiskopri li l-grammatika Bulgara hija mimlija sorpri\u017ci u karatteristi\u010bi uni\u010bi.<\/p>\n\n\n\n<h3 class=\"wp-block-heading\" id=\"h-meet-the-family-bulgarian-nouns-and-their-genders\">Iltaqa &#8216;mal-Familja: Nomi Bulgari u s-Sessi tag\u0127hom<\/h3>\n\n\n\n<p>Wie\u0127ed mill-aspetti l-aktar perplexing tal-grammatika Bulgara g\u0127all-kelliema Ingli\u017ci huwa l-kun\u010bett ta&#8217; \u0121eneru grammatikali. Fil-Bulgaru, kull nom huwa assenjat lil wie\u0127ed minn tliet sessi &#8211; maskili, femminili, u neutru. Huwa essenzjali li tirrikonoxxi l-\u0121eneru ta &#8216;nom peress li j\u0127alli impatt fuq il-forma ta&#8217; a\u0121\u0121ettivi u pronomi, u l-konjugazzjoni ta &#8216;verbi li jsegwu.<\/p>\n\n\n\n<p>Allura, kif tiddetermina s-sess ta &#8216;nom? \u0120eneralment, huwa kollu dwar it-tmiem:<\/p>\n\n\n\n<p><strong>\u2013 Nomi maskili normalment jispi\u010b\u010baw f&#8217;konsonanti.<\/strong><\/p>\n\n\n\n<p><strong>\u2013 Nomi femminili tipikament jispi\u010b\u010baw f&#8217;-\u0430 (-a) jew -\u044f (-ya).<\/strong><\/p>\n\n\n\n<p><strong>\u2013 Nomi newtrali spiss jispi\u010b\u010baw f&#8217;-\u043e (-o) jew -\u0435 (-\u0435).<\/strong><\/p>\n\n\n\n<p>Pere\u017cempju, &#8220;\u043c\u044a\u0436&#8221; (mazh) tfisser &#8220;ra\u0121el&#8221; u huwa maskili, &#8220;\u0436\u0435\u043d\u0430&#8221; (zhena) tfisser &#8220;mara&#8221; u hija femminili, u &#8220;\u0434\u0435\u0442\u0435&#8221; (dete) tfisser &#8220;tifel&#8221; u hija neutra.<\/p>\n\n\n\n<p>Naturalment, hemm e\u010b\u010bezzjonijiet, u huwa g\u0127alhekk li huwa essenzjali li jitg\u0127allmu nomi flimkien mal-\u0121eneri tag\u0127hom.<\/p>\n\n\n\n<h3 class=\"wp-block-heading\" id=\"h-playing-with-numbers-bulgarian-plurals\">Playing with Numbers: Bulgarian Plurals<\/h3>\n\n\n\n<p>Ladarba tkun \u0127akmet il-\u0121eneru tan-nomi Bulgari, wasal i\u017c-\u017cmien li tittratta l-plurali tag\u0127hom. B&#8217;mod \u0121enerali, tifforma plurali billi \u017c\u017cid truf spe\u010bifi\u010bi li jikkorrispondu g\u0127all-\u0121eneru tan-nom:<\/p>\n\n\n\n<p><strong>\u2013 Nomi maskili jibdlu l-a\u0127\u0127ar konsonanti g\u0127al -\u0438 (-i) jew \u017cid -\u043e\u0432\u0435 (-ove).<\/strong><\/p>\n\n\n\n<p><strong>\u2013 Nomi femminili jissostitwixxu -\u0430 jew -\u044f b&#8217;-\u0438 jew -\u0435.<\/strong><\/p>\n\n\n\n<p><strong>\u2013 Nomi newteri jissostitwixxu -\u043e jew -\u0435 b&#8217;-\u0430.<\/strong><\/p>\n\n\n\n<p>Pere\u017cempju, &#8220;\u0443\u0447\u0435\u043d\u0438\u043a&#8221; (uchenik, maskili) isir &#8220;\u0443\u0447\u0435\u043d\u0438\u0446\u0438&#8221; (uchenici, <a href=\"https:\/\/talkpal.ai\/talkpal-discount-for-students\/\">studenti<\/a>) u &#8220;\u043a\u043d\u0438\u0433\u0430&#8221; (kniga, femminili) isir &#8220;\u043a\u043d\u0438\u0433\u0438&#8221; (knigi, kotba).<\/p>\n\n\n\n<p>Din ir-regola g\u0127andha e\u010b\u010bezzjonijiet, g\u0127alhekk \u017comm g\u0127ajnejk g\u0127al plurali irregolari u espandi l-vokabularju tieg\u0127ek kif xieraq.<\/p>\n\n\n\n<h3 class=\"wp-block-heading\" id=\"h-the-art-of-conjugation-bulgarian-verbs\">L-Arti tal-Konjugazzjoni: Verbi Bulgari<\/h3>\n\n\n\n<p>Il-verbi Bulgari jistg\u0127u jkunu intimidanti min\u0127abba n-numru kbir ta&#8217; tempi, burdati, u konjugazzjonijiet tag\u0127hom. Madankollu, i\u010b-\u010bavetta biex tkissirhom hija li tirrikonoxxi mudelli u tipprattika regolarment.<\/p>\n\n\n\n<p>Fil-Bulgaru, il-verbi huma maqsuma fi tliet gruppi bba\u017cati fuq it-tmiem infinittiv tag\u0127hom, -\u0430 (-a), -\u0435 (-\u0435), jew -\u0438 (-i). Kull grupp g\u0127andu r-regoli spe\u010bifi\u010bi tal-konjugazzjoni tieg\u0127u. Pere\u017cempju, ejja nie\u0127du l-verb &#8220;\u043f\u0438\u0448\u0430&#8221; (pisha, &#8220;tikteb&#8221;):<\/p>\n\n\n\n<p><strong>\u017bmien pre\u017centi: \u0410\u0437 \u043f\u0438\u0448\u0430 (Az pisha, &#8220;nikteb&#8221;)<\/strong><\/p>\n\n\n\n<p><strong>Passat: \u0410\u0437 \u043f\u0438\u0441\u0430\u0445 (Az pisah, &#8220;Ktibt&#8221;)<\/strong><\/p>\n\n\n\n<p><strong>\u017bmien futur: \u0410\u0437 \u0449\u0435 \u043f\u0438\u0448\u0430 (Az shte pisha, &#8220;Jien se nikteb&#8221;)<\/strong><\/p>\n\n\n\n<p>Kif tistg\u0127u taraw, it-truf jinbidlu skont it-temp. U dan lanqas biss jo\u0127ro\u0121 il-wi\u010b\u010b tal-konjugazzjoni tal-verb <a href=\"https:\/\/talkpal.ai\/learn-bulgarian\/\">Bulgaru<\/a>! Madankollu, t\u0127allihiex teg\u0127lbok. Bil-prattika u l-pa\u010benzja, tibda tirrikonoxxi l-mudelli u tirba\u0127 din l-isfida.<\/p>\n\n\n\n<h3 class=\"wp-block-heading\" id=\"h-the-finishing-touches-bulgarian-adjectives-adverbs-and-more\">L-A\u0127\u0127ar Touches: A\u0121\u0121ettivi Bulgari, Adverbji, u Aktar<\/h3>\n\n\n\n<p>Meta ni\u0121u g\u0127all-a\u0121\u0121ettivi u l-avverbji Bulgari, dawn g\u0127andhom rwoli kru\u010bjali biex i\u017cidu l-fond u l-kumplessit\u00e0 tad-diskors tieg\u0127ek. L-a\u0121\u0121ettivi g\u0127andhom jaqblu man-nomi li jimmodifikaw f&#8217;termini ta &#8216;sess, u normalment issib 3 forom &#8211; maskili, femminili, u neuter.<\/p>\n\n\n\n<p>Pere\u017cempju, &#8220;\u0434\u043e\u0431\u044a\u0440&#8221; (dobur) tfisser &#8220;tajjeb&#8221; u jidher b\u0127ala &#8220;\u0434\u043e\u0431\u044a\u0440 \u043c\u044a\u0436&#8221; (dobur mazh, &#8220;ra\u0121el tajjeb&#8221;), &#8220;\u0434\u043e\u0431\u0440\u0430 \u0436\u0435\u043d\u0430&#8221; (dobra zhena, &#8220;mara tajba&#8221;), u &#8220;\u0434\u043e\u0431\u0440\u043e \u0434\u0435\u0442\u0435&#8221; (dobro dete, &#8220;tifel tajjeb&#8221;). L-avverbji jsegwu mudelli simili, \u0127afna drabi derivati minn a\u0121\u0121ettivi.<\/p>\n\n\n\n<p>B\u0127ala konklu\u017cjoni, il-kumplessitajiet u l-quirks tal-grammatika Bulgara, filwaqt li huma kumplessi, jag\u0127tu lill-lingwa s-sbu\u0127ija u l-karattru captivating tag\u0127ha. B&#8217;ta\u0127lita ta &#8216;persistenza, kur\u017cit\u00e0, u applikazzjoni prattika, dalwaqt tinnaviga l-grammatika Bulgara b&#8217;fa\u010bilit\u00e0 u kunfidenza. Tag\u0127lim kuntent!<\/p>\n<\/div><\/div>\n\r\n<section class=\"learnNavigationSection\">\r\n            \r\n        <a href=\"https:\/\/talkpal.ai\/mt\/tghallem-il-bulgaru\/\">\r\n            <div class=\"learnNavigationWrapper\">\r\n                <div class=\"learnNavigationContent\">\r\n                    <img decoding=\"async\" src=\"https:\/\/talkpal.ai\/wp-content\/uploads\/2024\/08\/Bulgarian.jpg\" alt=\"Bulgarian Flag\">\r\n                    <div>\r\n                        <h4>Dwar it-Tag\u0127lim Bulgaru<\/h4>\r\n                        <p>Sir af kollox dwar il-grammatika Bulgara.<\/p>\r\n                    <\/div>\r\n                <\/div>\r\n            <\/div>\r\n        <\/a>\r\n\r\n        \r\n        <a href=\"https:\/\/talkpal.ai\/mt\/ezercizzji-tal-grammatika-bulgara\/\">\r\n            <div class=\"learnNavigationWrapper\">\r\n                <div class=\"learnNavigationContent\">\r\n                    <img decoding=\"async\" src=\"https:\/\/talkpal.ai\/wp-content\/uploads\/2024\/08\/Bulgarian.jpg\" alt=\"Bulgarian Flag\">\r\n                    <div>\r\n                        <h4>E\u017cer\u010bizzju tal-Grammatika Bulgara<\/h4>\r\n                        <p>Ipprattika l-grammatika Bulgara.<\/p>\r\n                    <\/div>\r\n                <\/div>\r\n            <\/div>\r\n        <\/a>\r\n\r\n        \r\n        <a href=\"https:\/\/talkpal.ai\/vocabulary_language\/bulgarian\/\">\r\n            <div class=\"learnNavigationWrapper\">\r\n                <div class=\"learnNavigationContent\">\r\n                    <img decoding=\"async\" src=\"https:\/\/talkpal.ai\/wp-content\/uploads\/2024\/08\/Bulgarian.jpg\" alt=\"Bulgarian Flag\">\r\n                    <div>\r\n                        <h4>Vokabularju Bulgaru<\/h4>\r\n                        <p>Espandi l-vokabularju Bulgaru tieg\u0127ek.<\/p>\r\n                    <\/div>\r\n                <\/div>\r\n            <\/div>\r\n        <\/a>\r\n\r\n            <\/section>","protected":false},"excerpt":{"rendered":"<p>Il-Gwida A\u0127\u0127arija g\u0127all-Grammatika Bulgara: Navigazzjoni fil-Kumplessitajiet ta &#8216;Lingwa Sinjura Il-grammatika Bulgara, b\u0127all-lingwa nnifisha, hija ta\u0127lita affaxxinanti ta&#8217; sempli\u010bit\u00e0, kumplessit\u00e0, u storja kulturali rikka. B\u0127ala wa\u0127da mill-eqdem lingwi Slavi, il-Bulgaru joffri e\u010b\u010bitamenti lingwisti\u010bi lill-istudenti u jisfida anke lill-kelliema l-aktar profi\u010bjenti. F&#8217;din il-gwida, a\u0127na ser nesploraw il-prin\u010bipji ewlenin tal-grammatika Bulgara, niddemistifikaw il-kumplessitajiet tag\u0127ha, u ng\u0127inuk fil-vja\u0121\u0121 tieg\u0127ek [&hellip;]<\/p>\n","protected":false},"author":1,"featured_media":1443512,"parent":0,"menu_order":0,"comment_status":"closed","ping_status":"closed","template":"LearningContentPage.php","meta":{"_acf_changed":false,"footnotes":""},"class_list":["post-1443510","page","type-page","status-publish","has-post-thumbnail","hentry"],"acf":[],"yoast_head":"<!-- This site is optimized with the Yoast SEO Premium plugin v27.2 (Yoast SEO v27.2) - https:\/\/yoast.com\/product\/yoast-seo-premium-wordpress\/ -->\n<title>Grammatika Bulgara - Talkpal<\/title>\n<meta name=\"description\" content=\"Esplora l-elementi essenzjali tal-Grammatika Bulgara g\u0127al fehim a\u0127jar tal-lingwa u \u0127iliet ta&#039; komunikazzjoni.\" \/>\n<meta name=\"robots\" content=\"index, follow, max-snippet:-1, max-image-preview:large, max-video-preview:-1\" \/>\n<link rel=\"canonical\" href=\"https:\/\/talkpal.ai\/mt\/grammatika-bulgara\/\" \/>\n<meta property=\"og:locale\" content=\"mt_MT\" \/>\n<meta property=\"og:type\" content=\"article\" \/>\n<meta property=\"og:title\" content=\"Grammatika Bulgara\" \/>\n<meta property=\"og:description\" content=\"Il-Gwida A\u0127\u0127arija g\u0127all-Grammatika Bulgara: Navigazzjoni fil-Kumplessitajiet ta &#039;Lingwa Sinjura Il-grammatika Bulgara, b\u0127all-lingwa nnifisha, hija ta\u0127lita\" \/>\n<meta property=\"og:url\" content=\"https:\/\/talkpal.ai\/mt\/grammatika-bulgara\/\" \/>\n<meta property=\"og:site_name\" content=\"Talkpal\" \/>\n<meta property=\"article:publisher\" content=\"https:\/\/www.facebook.com\/profile.php?id=100090733639311\" \/>\n<meta property=\"article:modified_time\" content=\"2025-09-06T19:10:08+00:00\" \/>\n<meta property=\"og:image\" content=\"https:\/\/talkpal.ai\/wp-content\/uploads\/2023\/05\/bulgaria.png\" \/>\n\t<meta property=\"og:image:width\" content=\"512\" \/>\n\t<meta property=\"og:image:height\" content=\"512\" \/>\n\t<meta property=\"og:image:type\" content=\"image\/png\" \/>\n<meta name=\"twitter:card\" content=\"summary_large_image\" \/>\n<meta name=\"twitter:site\" content=\"@talkpalai\" \/>\n<meta name=\"twitter:label1\" content=\"Est. reading time\" \/>\n\t<meta name=\"twitter:data1\" content=\"3 minutes\" \/>\n<script type=\"application\/ld+json\" class=\"yoast-schema-graph\">{\"@context\":\"https:\/\/schema.org\",\"@graph\":[{\"@type\":\"WebPage\",\"@id\":\"https:\/\/talkpal.ai\/mt\/grammatika-bulgara\/\",\"url\":\"https:\/\/talkpal.ai\/mt\/grammatika-bulgara\/\",\"name\":\"Grammatika Bulgara - Talkpal\",\"isPartOf\":{\"@id\":\"https:\/\/talkpal.ai\/mt\/#website\"},\"primaryImageOfPage\":{\"@id\":\"https:\/\/talkpal.ai\/mt\/grammatika-bulgara\/#primaryimage\"},\"image\":{\"@id\":\"https:\/\/talkpal.ai\/mt\/grammatika-bulgara\/#primaryimage\"},\"thumbnailUrl\":\"https:\/\/talkpal.ai\/wp-content\/uploads\/2023\/05\/bulgaria.png\",\"datePublished\":\"2023-05-14T14:00:39+00:00\",\"dateModified\":\"2025-09-06T19:10:08+00:00\",\"description\":\"Esplora l-elementi essenzjali tal-Grammatika Bulgara g\u0127al fehim a\u0127jar tal-lingwa u \u0127iliet ta' komunikazzjoni.\",\"breadcrumb\":{\"@id\":\"https:\/\/talkpal.ai\/mt\/grammatika-bulgara\/#breadcrumb\"},\"inLanguage\":\"mt-MT\",\"potentialAction\":[{\"@type\":\"ReadAction\",\"target\":[\"https:\/\/talkpal.ai\/mt\/grammatika-bulgara\/\"]}]},{\"@type\":\"ImageObject\",\"inLanguage\":\"mt-MT\",\"@id\":\"https:\/\/talkpal.ai\/mt\/grammatika-bulgara\/#primaryimage\",\"url\":\"https:\/\/talkpal.ai\/wp-content\/uploads\/2023\/05\/bulgaria.png\",\"contentUrl\":\"https:\/\/talkpal.ai\/wp-content\/uploads\/2023\/05\/bulgaria.png\",\"width\":512,\"height\":512,\"caption\":\"TalkPal Bulgaria Flag\"},{\"@type\":\"BreadcrumbList\",\"@id\":\"https:\/\/talkpal.ai\/mt\/grammatika-bulgara\/#breadcrumb\",\"itemListElement\":[{\"@type\":\"ListItem\",\"position\":1,\"name\":\"Homepage\",\"item\":\"https:\/\/talkpal.ai\/mt\/\"},{\"@type\":\"ListItem\",\"position\":2,\"name\":\"Grammatika Bulgara\"}]},{\"@type\":\"WebSite\",\"@id\":\"https:\/\/talkpal.ai\/mt\/#website\",\"url\":\"https:\/\/talkpal.ai\/mt\/\",\"name\":\"Talkpal\",\"description\":\"AI Language Learning\",\"publisher\":{\"@id\":\"https:\/\/talkpal.ai\/mt\/#organization\"},\"alternateName\":\"Talkpal AI\",\"potentialAction\":[{\"@type\":\"SearchAction\",\"target\":{\"@type\":\"EntryPoint\",\"urlTemplate\":\"https:\/\/talkpal.ai\/mt\/?s={search_term_string}\"},\"query-input\":{\"@type\":\"PropertyValueSpecification\",\"valueRequired\":true,\"valueName\":\"search_term_string\"}}],\"inLanguage\":\"mt-MT\"},{\"@type\":\"Organization\",\"@id\":\"https:\/\/talkpal.ai\/mt\/#organization\",\"name\":\"Talkpal, Inc.\",\"alternateName\":\"Talkpal AI\",\"url\":\"https:\/\/talkpal.ai\/mt\/\",\"logo\":{\"@type\":\"ImageObject\",\"inLanguage\":\"mt-MT\",\"@id\":\"https:\/\/talkpal.ai\/mt\/#\/schema\/logo\/image\/\",\"url\":\"https:\/\/talkpal.ai\/wp-content\/uploads\/2024\/03\/Talkpal-Logo-Icon.png\",\"contentUrl\":\"https:\/\/talkpal.ai\/wp-content\/uploads\/2024\/03\/Talkpal-Logo-Icon.png\",\"width\":2880,\"height\":2880,\"caption\":\"Talkpal, Inc.\"},\"image\":{\"@id\":\"https:\/\/talkpal.ai\/mt\/#\/schema\/logo\/image\/\"},\"sameAs\":[\"https:\/\/www.facebook.com\/profile.php?id=100090733639311\",\"https:\/\/x.com\/talkpalai\",\"https:\/\/www.linkedin.com\/company\/talkpal\/\",\"https:\/\/www.youtube.com\/@TalkPal\/\",\"https:\/\/www.tiktok.com\/@talkpal\",\"https:\/\/www.instagram.com\/talkpal_ai\/\",\"https:\/\/www.crunchbase.com\/organization\/talkpal-9cde\",\"https:\/\/www.g2.com\/products\/talkpal-for-business\/\",\"https:\/\/www.trustpilot.com\/review\/talkpal.ai\",\"https:\/\/www.capterra.com\/p\/10006800\/TalkPal\/\"],\"description\":\"Talkpal is a language learning web and mobile education app, powered by the latest AI technologies, that provides engaging experiences to its customers in many different languages to help them improve their language skills. Users can chat about unlimited amount of topics with the app and use other modes to practice their language learning.\",\"email\":\"support@talkpal.ai\",\"legalName\":\"Talkpal, Inc.\",\"foundingDate\":\"2023-04-03\",\"duns\":\"118989042\",\"numberOfEmployees\":{\"@type\":\"QuantitativeValue\",\"minValue\":\"11\",\"maxValue\":\"50\"},\"publishingPrinciples\":\"https:\/\/talkpal.ai\/publishing-principles\/\",\"actionableFeedbackPolicy\":\"https:\/\/talkpal.ai\/actionable-feedback-policy\/\",\"correctionsPolicy\":\"https:\/\/talkpal.ai\/corrections-policy\/\",\"ethicsPolicy\":\"https:\/\/talkpal.ai\/ethics-policy\/\",\"diversityPolicy\":\"https:\/\/talkpal.ai\/diversity-policy\/\",\"diversityStaffingReport\":\"https:\/\/talkpal.ai\/diversity-policy\/\"}]}<\/script>\n<!-- \/ Yoast SEO Premium plugin. -->","yoast_head_json":{"title":"Grammatika Bulgara - Talkpal","description":"Esplora l-elementi essenzjali tal-Grammatika Bulgara g\u0127al fehim a\u0127jar tal-lingwa u \u0127iliet ta' komunikazzjoni.","robots":{"index":"index","follow":"follow","max-snippet":"max-snippet:-1","max-image-preview":"max-image-preview:large","max-video-preview":"max-video-preview:-1"},"canonical":"https:\/\/talkpal.ai\/mt\/grammatika-bulgara\/","og_locale":"mt_MT","og_type":"article","og_title":"Grammatika Bulgara","og_description":"Il-Gwida A\u0127\u0127arija g\u0127all-Grammatika Bulgara: Navigazzjoni fil-Kumplessitajiet ta 'Lingwa Sinjura Il-grammatika Bulgara, b\u0127all-lingwa nnifisha, hija ta\u0127lita","og_url":"https:\/\/talkpal.ai\/mt\/grammatika-bulgara\/","og_site_name":"Talkpal","article_publisher":"https:\/\/www.facebook.com\/profile.php?id=100090733639311","article_modified_time":"2025-09-06T19:10:08+00:00","og_image":[{"width":512,"height":512,"url":"https:\/\/talkpal.ai\/wp-content\/uploads\/2023\/05\/bulgaria.png","type":"image\/png"}],"twitter_card":"summary_large_image","twitter_site":"@talkpalai","twitter_misc":{"Est. reading time":"3 minutes"},"schema":{"@context":"https:\/\/schema.org","@graph":[{"@type":"WebPage","@id":"https:\/\/talkpal.ai\/mt\/grammatika-bulgara\/","url":"https:\/\/talkpal.ai\/mt\/grammatika-bulgara\/","name":"Grammatika Bulgara - Talkpal","isPartOf":{"@id":"https:\/\/talkpal.ai\/mt\/#website"},"primaryImageOfPage":{"@id":"https:\/\/talkpal.ai\/mt\/grammatika-bulgara\/#primaryimage"},"image":{"@id":"https:\/\/talkpal.ai\/mt\/grammatika-bulgara\/#primaryimage"},"thumbnailUrl":"https:\/\/talkpal.ai\/wp-content\/uploads\/2023\/05\/bulgaria.png","datePublished":"2023-05-14T14:00:39+00:00","dateModified":"2025-09-06T19:10:08+00:00","description":"Esplora l-elementi essenzjali tal-Grammatika Bulgara g\u0127al fehim a\u0127jar tal-lingwa u \u0127iliet ta' komunikazzjoni.","breadcrumb":{"@id":"https:\/\/talkpal.ai\/mt\/grammatika-bulgara\/#breadcrumb"},"inLanguage":"mt-MT","potentialAction":[{"@type":"ReadAction","target":["https:\/\/talkpal.ai\/mt\/grammatika-bulgara\/"]}]},{"@type":"ImageObject","inLanguage":"mt-MT","@id":"https:\/\/talkpal.ai\/mt\/grammatika-bulgara\/#primaryimage","url":"https:\/\/talkpal.ai\/wp-content\/uploads\/2023\/05\/bulgaria.png","contentUrl":"https:\/\/talkpal.ai\/wp-content\/uploads\/2023\/05\/bulgaria.png","width":512,"height":512,"caption":"TalkPal Bulgaria Flag"},{"@type":"BreadcrumbList","@id":"https:\/\/talkpal.ai\/mt\/grammatika-bulgara\/#breadcrumb","itemListElement":[{"@type":"ListItem","position":1,"name":"Homepage","item":"https:\/\/talkpal.ai\/mt\/"},{"@type":"ListItem","position":2,"name":"Grammatika Bulgara"}]},{"@type":"WebSite","@id":"https:\/\/talkpal.ai\/mt\/#website","url":"https:\/\/talkpal.ai\/mt\/","name":"Talkpal","description":"AI Language Learning","publisher":{"@id":"https:\/\/talkpal.ai\/mt\/#organization"},"alternateName":"Talkpal AI","potentialAction":[{"@type":"SearchAction","target":{"@type":"EntryPoint","urlTemplate":"https:\/\/talkpal.ai\/mt\/?s={search_term_string}"},"query-input":{"@type":"PropertyValueSpecification","valueRequired":true,"valueName":"search_term_string"}}],"inLanguage":"mt-MT"},{"@type":"Organization","@id":"https:\/\/talkpal.ai\/mt\/#organization","name":"Talkpal, Inc.","alternateName":"Talkpal AI","url":"https:\/\/talkpal.ai\/mt\/","logo":{"@type":"ImageObject","inLanguage":"mt-MT","@id":"https:\/\/talkpal.ai\/mt\/#\/schema\/logo\/image\/","url":"https:\/\/talkpal.ai\/wp-content\/uploads\/2024\/03\/Talkpal-Logo-Icon.png","contentUrl":"https:\/\/talkpal.ai\/wp-content\/uploads\/2024\/03\/Talkpal-Logo-Icon.png","width":2880,"height":2880,"caption":"Talkpal, Inc."},"image":{"@id":"https:\/\/talkpal.ai\/mt\/#\/schema\/logo\/image\/"},"sameAs":["https:\/\/www.facebook.com\/profile.php?id=100090733639311","https:\/\/x.com\/talkpalai","https:\/\/www.linkedin.com\/company\/talkpal\/","https:\/\/www.youtube.com\/@TalkPal\/","https:\/\/www.tiktok.com\/@talkpal","https:\/\/www.instagram.com\/talkpal_ai\/","https:\/\/www.crunchbase.com\/organization\/talkpal-9cde","https:\/\/www.g2.com\/products\/talkpal-for-business\/","https:\/\/www.trustpilot.com\/review\/talkpal.ai","https:\/\/www.capterra.com\/p\/10006800\/TalkPal\/"],"description":"Talkpal is a language learning web and mobile education app, powered by the latest AI technologies, that provides engaging experiences to its customers in many different languages to help them improve their language skills. Users can chat about unlimited amount of topics with the app and use other modes to practice their language learning.","email":"support@talkpal.ai","legalName":"Talkpal, Inc.","foundingDate":"2023-04-03","duns":"118989042","numberOfEmployees":{"@type":"QuantitativeValue","minValue":"11","maxValue":"50"},"publishingPrinciples":"https:\/\/talkpal.ai\/publishing-principles\/","actionableFeedbackPolicy":"https:\/\/talkpal.ai\/actionable-feedback-policy\/","correctionsPolicy":"https:\/\/talkpal.ai\/corrections-policy\/","ethicsPolicy":"https:\/\/talkpal.ai\/ethics-policy\/","diversityPolicy":"https:\/\/talkpal.ai\/diversity-policy\/","diversityStaffingReport":"https:\/\/talkpal.ai\/diversity-policy\/"}]}},"_links":{"self":[{"href":"https:\/\/talkpal.ai\/mt\/wp-json\/wp\/v2\/pages\/1443510","targetHints":{"allow":["GET"]}}],"collection":[{"href":"https:\/\/talkpal.ai\/mt\/wp-json\/wp\/v2\/pages"}],"about":[{"href":"https:\/\/talkpal.ai\/mt\/wp-json\/wp\/v2\/types\/page"}],"author":[{"embeddable":true,"href":"https:\/\/talkpal.ai\/mt\/wp-json\/wp\/v2\/users\/1"}],"replies":[{"embeddable":true,"href":"https:\/\/talkpal.ai\/mt\/wp-json\/wp\/v2\/comments?post=1443510"}],"version-history":[{"count":0,"href":"https:\/\/talkpal.ai\/mt\/wp-json\/wp\/v2\/pages\/1443510\/revisions"}],"wp:featuredmedia":[{"embeddable":true,"href":"https:\/\/talkpal.ai\/mt\/wp-json\/wp\/v2\/media\/1443512"}],"wp:attachment":[{"href":"https:\/\/talkpal.ai\/mt\/wp-json\/wp\/v2\/media?parent=1443510"}],"curies":[{"name":"wp","href":"https:\/\/api.w.org\/{rel}","templated":true}]}}