{"id":1443504,"date":"2023-05-14T13:59:24","date_gmt":"2023-05-14T13:59:24","guid":{"rendered":"https:\/\/talkpal.ai\/grammatika-afrikaans\/"},"modified":"2026-05-08T10:53:30","modified_gmt":"2026-05-08T10:53:30","slug":"grammatika-afrikaans","status":"publish","type":"page","link":"https:\/\/talkpal.ai\/mt\/grammatika-afrikaans\/","title":{"rendered":"Grammatika Afrikaans"},"content":{"rendered":"\r\n\r\n\r\n<section class=\"languageChallengeSection\">\r\n    <div class=\"languageInfoWrapper\">\r\n        \r\n        <h1>Grammatika Afrikaans<\/h1>\r\n        <p>Skopri s-sbu\u0127ija sempli\u010bi tal-Afrikaans billi titg\u0127allem ir-regoli essenzjali tal-grammatika tieg\u0127u. Li tisma\u0121ina l-grammatika <a href=\"https:\/\/talkpal.ai\/learn-afrikaans\/\">Afrikaans<\/a> se tag\u0127tik is-setg\u0127a tikkomunika b&#039;mod effettiv u tgawdi l-kultura rikka tal-kelliema tag\u0127ha. Ibda l-vja\u0121\u0121 tieg\u0127ek fil-grammatika Afrikaans illum u ag\u0127mel l-ewwel pass lejn il-fluwenza!<\/p>\r\n\r\n                            <a class=\"getStartedHidden\" href=\"https:\/\/app.talkpal.ai\/signup?lng=\">Ibda<\/a>\r\n        \r\n    <\/div>\r\n\r\n    <figure>\r\n    <img decoding=\"async\" width=\"768\" height=\"768\" src=\"https:\/\/talkpal.ai\/wp-content\/uploads\/2026\/05\/learn-afrikaans-1-768x768.webp\" class=\"languageImage no-lazy\" alt=\"A sweeping view of Table Mountain in Cape Town, South Africa, with blooming native King Protea flowers.\" fetchpriority=\"high\" sizes=\"(max-width: 768px) 150px, 768px\" srcset=\"https:\/\/talkpal.ai\/wp-content\/uploads\/2026\/05\/learn-afrikaans-1-768x768.webp 768w, https:\/\/talkpal.ai\/wp-content\/uploads\/2026\/05\/learn-afrikaans-1-300x300.webp 300w\" \/>\r\n    \r\n\r\n    <\/figure>\r\n\r\n            <a class=\"getStartedVisible\" href=\"https:\/\/app.talkpal.ai\/signup?lng=\">Ibda<\/a>\r\n    \r\n<\/section>\r\n<section class=\"promotionalBanner\">\r\n    <p class=\"promotionalText\">L-aktar mod effi\u010bjenti biex titg\u0127allem lingwa<\/p>\r\n    <a class=\"promotionalLink\" href=\"https:\/\/app.talkpal.ai\/signup?lng=\">Ipprova Talkpal b&#8217;xejn<\/a>\r\n<\/section>\n<div class=\"wp-block-group pageContainerStyle\"><div class=\"wp-block-group__inner-container is-layout-constrained wp-block-group-is-layout-constrained\">\n<h2 class=\"wp-block-heading\" id=\"h-mastering-afrikaans-grammar-your-ultimate-guide\">Il-Kontroll tal-Grammatika Afrikaans: Il-Gwida Finali Tieg\u0127ek<\/h2>\n\n\n\n<p><strong>Goeie dag<\/strong>, dilettanti tal-lingwa! Int lest li tibda vja\u0121\u0121 fid-dinja tal-grammatika Afrikaans? Int \u0121ejt fil-post it-tajjeb. Mimli b&#8217;informazzjoni fa\u010bli biex tifhem u ton ta&#8217; konversazzjoni, dan l-artiklu se jiggwidak permezz tad-dinja affaxxinanti tal-grammatika Afrikaans. Dalwaqt, tkun tista &#8216;tibni sentenzi u jkollok konversazzjonijiet sinifikanti ma&#8217; kelliema nattivi. Allura, ejja nibdew!<\/p>\n\n\n\n<p><strong>Imma l-ewwel, g\u0127aliex grammatika Afrikaans?<\/strong><\/p>\n\n\n\n<p>Jekk qed titg\u0127allem l-Afrikaans, ba\u017ci soda fil-grammatika hija kru\u010bjali biex titkellem, taqra u tikteb b&#8217;mod fluwenti. Filwaqt li l-grammatika bl-Afrikaans tista&#8217; tidher kumplessa fl-ewwel, hija relattivament sempli\u010bi ladarba tinqasam f&#8217;bi\u010b\u010biet i\u017cg\u0127ar u aktar fa\u010bli biex tin\u0121aport. Allura, ejja nibdew il-vja\u0121\u0121 tieg\u0127ek biex titg\u0127allem il-grammatika Afrikaans!<\/p>\n\n\n\n<h3 class=\"wp-block-heading\" id=\"h-1-nouns-gender-and-articles\">1. Nomi, \u0121eneru, u artikli<\/h3>\n\n\n\n<p>B&#8217;differenza minn \u0127afna lingwi o\u0127ra, in-nomi Afrikaans m&#8217;g\u0127andhomx \u0121eneru, u g\u0127alhekk jag\u0127mluhom aktar fa\u010bli biex jitg\u0127allmu. L-artiklu definit &#8220;die&#8221; (the) jintu\u017ca g\u0127al kull sustantiv, filwaqt li l-artikli indefiniti &#8220;&#8216;n&#8221; jew &#8220;een&#8221; (a\/an) huma wkoll newtrali g\u0127all-\u0121eneru.  <\/p>\n\n\n\n<p>Pere\u017cempju:<\/p>\n\n\n\n<p>\u2013 die hond (il-kelb)<\/p>\n\n\n\n<p>\u2013 &#8216;n hond (kelb)<\/p>\n\n\n\n<h3 class=\"wp-block-heading\" id=\"h-2-adjectives\">2. Aggettivi<\/h3>\n\n\n\n<p>Fl-Afrikaans, l-aggettivi tipikament imorru qabel in-numru ta&#8217; sustantivi li jimmodifikaw u jaqblu man-numru. L-aggettivi m&#8217;g\u0127andhomx ftehim bejn is-sessi. Pere\u017cempju:<\/p>\n\n\n\n<p>\u2013 &#8216;n groot huis (dar kbira)<\/p>\n\n\n\n<p>\u2013 Twee Groot Huise (\u017cew\u0121 djar kbar)<\/p>\n\n\n\n<p>Xi aggettivi je\u0127tie\u0121u &#8220;-e&#8221; addizzjonali meta jiddeskrivu sostantiv plurali:<\/p>\n\n\n\n<p>\u2013 &#8216;n ou man (ra\u0121el anzjan)<\/p>\n\n\n\n<p>\u2013 twee ou manne (\u017cew\u0121 anzjani)<\/p>\n\n\n\n<h3 class=\"wp-block-heading\" id=\"h-3-verbs-and-tense\">3. Verbi u \u017cmien<\/h3>\n\n\n\n<p>Il-verbi Afrikaans huma relattivament fa\u010bli biex jitg\u0127allmu peress li mhumiex kon\u0121ugati skont is-su\u0121\u0121ett tas-sentenza. Barra minn hekk, l-Afrikaans g\u0127andu inqas tempi minn \u0127afna lingwi o\u0127ra. Biex nag\u0127tuk tog\u0127ma tal-verbi Afrikaans, ejja niddiskutu l-verbi regolari fil-pre\u017cent:<\/p>\n\n\n\n<p>\u2013 Ek <a href=\"https:\/\/talkpal.ai\/locations\/language-courses-in-leer\/\">leer<\/a> (Nitg\u0127allem)<\/p>\n\n\n\n<p>\u2013 Jy\/u leer (titg\u0127allem, informali\/formali)<\/p>\n\n\n\n<p>\u2013 Hy\/sy\/dit leer (hu\/hi\/titg\u0127allem)<\/p>\n\n\n\n<p>\u2013 Ons\/julle leer (a\u0127na\/intom lkoll titg\u0127allmu)<\/p>\n\n\n\n<p>\u2013 Hulle leer (jitg\u0127allmu)<\/p>\n\n\n\n<p>Ftakar, dan hu biss il-ponta tal-iceberg! Hekk kif timxi &#8216;l quddiem fl-istudji tieg\u0127ek, tiltaqa&#8217; ma&#8217; diversi tempi o\u0127ra u xi verbi irregolari.<\/p>\n\n\n\n<h3 class=\"wp-block-heading\" id=\"h-4-pronouns-prepositions-and-more\">4. Pronomi, prepo\u017cizzjonijiet, u aktar!<\/h3>\n\n\n\n<p>Il-grammatika Afrikaans tinkludi komponenti o\u0127ra b\u0127al pronomi (ek, jy, hy, sy, e\u010b\u010b.), prepo\u017cizzjonijiet (in, op, met, e\u010b\u010b.), u espressjonijiet idiomati\u010bi. Hekk kif titg\u0127allem il-lingwa, ikollok b\u017conn taf kull wie\u0127ed minn dawn l-elementi g\u0127al fluwenza komplata.<\/p>\n\n\n\n<p>B\u0127ala konklu\u017cjoni, il-ma\u0127fra tal-grammatika Afrikaans te\u0127tie\u0121 perseveranza, prattika, u pa\u010benzja. Imma ladarba tifhem l-intri\u010b\u010bi tal-lingwa, tkun tajjeb fit-triq biex titkellem ma&#8217; dawk li jitkellmu nattivament, tesperjenza l-kultura u l-istorja rikka tad-dinja li titkellem bl-Afrikaans, u tg\u0127id l-im\u0127abba tieg\u0127ek g\u0127all-lingwa. Sterkte (xorti tajba)!<\/p>\n<\/div><\/div>\n\r\n<section class=\"learnNavigationSection\">\r\n            \r\n        <a href=\"https:\/\/talkpal.ai\/mt\/tghallem-afrikaans\/\">\r\n            <div class=\"learnNavigationWrapper\">\r\n                <div class=\"learnNavigationContent\">\r\n                    <img decoding=\"async\" src=\"https:\/\/talkpal.ai\/wp-content\/uploads\/2024\/08\/Afrikaans.jpg\" alt=\"South Africa Flag\">\r\n                    <div>\r\n                        <h4>Dwar it-tag\u0127lim tal-Afrikaans<\/h4>\r\n                        <p>Sir af kollox dwar il-grammatika tal-Afrikaans.<\/p>\r\n                    <\/div>\r\n                <\/div>\r\n            <\/div>\r\n        <\/a>\r\n\r\n        \r\n        <a href=\"https:\/\/talkpal.ai\/mt\/ezercizzji-tal-grammatika-afrikaans\/\">\r\n            <div class=\"learnNavigationWrapper\">\r\n                <div class=\"learnNavigationContent\">\r\n                    <img decoding=\"async\" src=\"https:\/\/talkpal.ai\/wp-content\/uploads\/2024\/08\/Afrikaans.jpg\" alt=\"South Africa Flag\">\r\n                    <div>\r\n                        <h4>E\u017cer\u010bizzju tal-Grammatika Afrikaans<\/h4>\r\n                        <p>Ipprattika l-grammatika Afrikaans.<\/p>\r\n                    <\/div>\r\n                <\/div>\r\n            <\/div>\r\n        <\/a>\r\n\r\n        \r\n        <a href=\"https:\/\/talkpal.ai\/vocabulary_language\/afrikaans\/\">\r\n            <div class=\"learnNavigationWrapper\">\r\n                <div class=\"learnNavigationContent\">\r\n                    <img decoding=\"async\" src=\"https:\/\/talkpal.ai\/wp-content\/uploads\/2024\/08\/Afrikaans.jpg\" alt=\"South Africa Flag\">\r\n                    <div>\r\n                        <h4>Vokabularju Afrikaans<\/h4>\r\n                        <p>Espandi l-vokabularju Afrikaans tieg\u0127ek.<\/p>\r\n                    <\/div>\r\n                <\/div>\r\n            <\/div>\r\n        <\/a>\r\n\r\n            <\/section>","protected":false},"excerpt":{"rendered":"<p>Il-Kontroll tal-Grammatika Afrikaans: Il-Gwida Finali Tieg\u0127ek Goeie dag, dilettanti tal-lingwa! Int lest li tibda vja\u0121\u0121 fid-dinja tal-grammatika Afrikaans? Int \u0121ejt fil-post it-tajjeb. Mimli b&#8217;informazzjoni fa\u010bli biex tifhem u ton ta&#8217; konversazzjoni, dan l-artiklu se jiggwidak permezz tad-dinja affaxxinanti tal-grammatika Afrikaans. Dalwaqt, tkun tista &#8216;tibni sentenzi u jkollok konversazzjonijiet sinifikanti ma&#8217; kelliema nattivi. Allura, ejja nibdew! [&hellip;]<\/p>\n","protected":false},"author":1,"featured_media":1443506,"parent":0,"menu_order":0,"comment_status":"closed","ping_status":"closed","template":"LearningContentPage.php","meta":{"_acf_changed":false,"footnotes":""},"class_list":["post-1443504","page","type-page","status-publish","has-post-thumbnail","hentry"],"acf":[],"yoast_head":"<!-- This site is optimized with the Yoast SEO Premium plugin v27.2 (Yoast SEO v27.2) - https:\/\/yoast.com\/product\/yoast-seo-premium-wordpress\/ -->\n<title>Grammatika Afrikaans - Talkpal<\/title>\n<meta name=\"description\" content=\"Esplora l-grammatika Afrikaans bil-gwida tag\u0127na fa\u010bli g\u0127all-bidu. Ikkontrolla l-kostruzzjoni tas-sentenzi u tejjeb il-\u0127iliet ta&#039; konversazzjoni tieg\u0127ek.\" \/>\n<meta name=\"robots\" content=\"index, follow, max-snippet:-1, max-image-preview:large, max-video-preview:-1\" \/>\n<link rel=\"canonical\" href=\"https:\/\/talkpal.ai\/mt\/grammatika-afrikaans\/\" \/>\n<meta property=\"og:locale\" content=\"mt_MT\" \/>\n<meta property=\"og:type\" content=\"article\" \/>\n<meta property=\"og:title\" content=\"Grammatika Afrikaans\" \/>\n<meta property=\"og:description\" content=\"Il-Kontroll tal-Grammatika Afrikaans: Il-Gwida Finali Tieg\u0127ek Goeie dag, dilettanti tal-lingwa! Int lest li tibda vja\u0121\u0121 fid-dinja tal-grammatika\" \/>\n<meta property=\"og:url\" content=\"https:\/\/talkpal.ai\/mt\/grammatika-afrikaans\/\" \/>\n<meta property=\"og:site_name\" content=\"Talkpal\" \/>\n<meta property=\"article:publisher\" content=\"https:\/\/www.facebook.com\/profile.php?id=100090733639311\" \/>\n<meta property=\"article:modified_time\" content=\"2026-05-08T10:53:30+00:00\" \/>\n<meta property=\"og:image\" content=\"https:\/\/talkpal.ai\/wp-content\/uploads\/2023\/05\/south-africa.png\" \/>\n\t<meta property=\"og:image:width\" content=\"512\" \/>\n\t<meta property=\"og:image:height\" content=\"512\" \/>\n\t<meta property=\"og:image:type\" content=\"image\/png\" \/>\n<meta name=\"twitter:card\" content=\"summary_large_image\" \/>\n<meta name=\"twitter:site\" content=\"@talkpalai\" \/>\n<meta name=\"twitter:label1\" content=\"Est. reading time\" \/>\n\t<meta name=\"twitter:data1\" content=\"2 minutes\" \/>\n<script type=\"application\/ld+json\" class=\"yoast-schema-graph\">{\"@context\":\"https:\/\/schema.org\",\"@graph\":[{\"@type\":\"WebPage\",\"@id\":\"https:\/\/talkpal.ai\/mt\/grammatika-afrikaans\/\",\"url\":\"https:\/\/talkpal.ai\/mt\/grammatika-afrikaans\/\",\"name\":\"Grammatika Afrikaans - Talkpal\",\"isPartOf\":{\"@id\":\"https:\/\/talkpal.ai\/mt\/#website\"},\"primaryImageOfPage\":{\"@id\":\"https:\/\/talkpal.ai\/mt\/grammatika-afrikaans\/#primaryimage\"},\"image\":{\"@id\":\"https:\/\/talkpal.ai\/mt\/grammatika-afrikaans\/#primaryimage\"},\"thumbnailUrl\":\"https:\/\/talkpal.ai\/wp-content\/uploads\/2023\/05\/south-africa.png\",\"datePublished\":\"2023-05-14T13:59:24+00:00\",\"dateModified\":\"2026-05-08T10:53:30+00:00\",\"description\":\"Esplora l-grammatika Afrikaans bil-gwida tag\u0127na fa\u010bli g\u0127all-bidu. Ikkontrolla l-kostruzzjoni tas-sentenzi u tejjeb il-\u0127iliet ta' konversazzjoni tieg\u0127ek.\",\"breadcrumb\":{\"@id\":\"https:\/\/talkpal.ai\/mt\/grammatika-afrikaans\/#breadcrumb\"},\"inLanguage\":\"mt-MT\",\"potentialAction\":[{\"@type\":\"ReadAction\",\"target\":[\"https:\/\/talkpal.ai\/mt\/grammatika-afrikaans\/\"]}]},{\"@type\":\"ImageObject\",\"inLanguage\":\"mt-MT\",\"@id\":\"https:\/\/talkpal.ai\/mt\/grammatika-afrikaans\/#primaryimage\",\"url\":\"https:\/\/talkpal.ai\/wp-content\/uploads\/2023\/05\/south-africa.png\",\"contentUrl\":\"https:\/\/talkpal.ai\/wp-content\/uploads\/2023\/05\/south-africa.png\",\"width\":512,\"height\":512,\"caption\":\"Bandiera ta' TalkPal South Arica\"},{\"@type\":\"BreadcrumbList\",\"@id\":\"https:\/\/talkpal.ai\/mt\/grammatika-afrikaans\/#breadcrumb\",\"itemListElement\":[{\"@type\":\"ListItem\",\"position\":1,\"name\":\"Homepage\",\"item\":\"https:\/\/talkpal.ai\/mt\/\"},{\"@type\":\"ListItem\",\"position\":2,\"name\":\"Grammatika Afrikaans\"}]},{\"@type\":\"WebSite\",\"@id\":\"https:\/\/talkpal.ai\/mt\/#website\",\"url\":\"https:\/\/talkpal.ai\/mt\/\",\"name\":\"Talkpal\",\"description\":\"AI Language Learning\",\"publisher\":{\"@id\":\"https:\/\/talkpal.ai\/mt\/#organization\"},\"alternateName\":\"Talkpal AI\",\"potentialAction\":[{\"@type\":\"SearchAction\",\"target\":{\"@type\":\"EntryPoint\",\"urlTemplate\":\"https:\/\/talkpal.ai\/mt\/?s={search_term_string}\"},\"query-input\":{\"@type\":\"PropertyValueSpecification\",\"valueRequired\":true,\"valueName\":\"search_term_string\"}}],\"inLanguage\":\"mt-MT\"},{\"@type\":\"Organization\",\"@id\":\"https:\/\/talkpal.ai\/mt\/#organization\",\"name\":\"Talkpal, Inc.\",\"alternateName\":\"Talkpal AI\",\"url\":\"https:\/\/talkpal.ai\/mt\/\",\"logo\":{\"@type\":\"ImageObject\",\"inLanguage\":\"mt-MT\",\"@id\":\"https:\/\/talkpal.ai\/mt\/#\/schema\/logo\/image\/\",\"url\":\"https:\/\/talkpal.ai\/wp-content\/uploads\/2024\/03\/Talkpal-Logo-Icon.png\",\"contentUrl\":\"https:\/\/talkpal.ai\/wp-content\/uploads\/2024\/03\/Talkpal-Logo-Icon.png\",\"width\":2880,\"height\":2880,\"caption\":\"Talkpal, Inc.\"},\"image\":{\"@id\":\"https:\/\/talkpal.ai\/mt\/#\/schema\/logo\/image\/\"},\"sameAs\":[\"https:\/\/www.facebook.com\/profile.php?id=100090733639311\",\"https:\/\/x.com\/talkpalai\",\"https:\/\/www.linkedin.com\/company\/talkpal\/\",\"https:\/\/www.youtube.com\/@TalkPal\/\",\"https:\/\/www.tiktok.com\/@talkpal\",\"https:\/\/www.instagram.com\/talkpal_ai\/\",\"https:\/\/www.crunchbase.com\/organization\/talkpal-9cde\",\"https:\/\/www.g2.com\/products\/talkpal-for-business\/\",\"https:\/\/www.trustpilot.com\/review\/talkpal.ai\",\"https:\/\/www.capterra.com\/p\/10006800\/TalkPal\/\"],\"description\":\"Talkpal is a language learning web and mobile education app, powered by the latest AI technologies, that provides engaging experiences to its customers in many different languages to help them improve their language skills. Users can chat about unlimited amount of topics with the app and use other modes to practice their language learning.\",\"email\":\"support@talkpal.ai\",\"legalName\":\"Talkpal, Inc.\",\"foundingDate\":\"2023-04-03\",\"duns\":\"118989042\",\"numberOfEmployees\":{\"@type\":\"QuantitativeValue\",\"minValue\":\"11\",\"maxValue\":\"50\"},\"publishingPrinciples\":\"https:\/\/talkpal.ai\/publishing-principles\/\",\"actionableFeedbackPolicy\":\"https:\/\/talkpal.ai\/actionable-feedback-policy\/\",\"correctionsPolicy\":\"https:\/\/talkpal.ai\/corrections-policy\/\",\"ethicsPolicy\":\"https:\/\/talkpal.ai\/ethics-policy\/\",\"diversityPolicy\":\"https:\/\/talkpal.ai\/diversity-policy\/\",\"diversityStaffingReport\":\"https:\/\/talkpal.ai\/diversity-policy\/\"}]}<\/script>\n<!-- \/ Yoast SEO Premium plugin. -->","yoast_head_json":{"title":"Grammatika Afrikaans - Talkpal","description":"Esplora l-grammatika Afrikaans bil-gwida tag\u0127na fa\u010bli g\u0127all-bidu. Ikkontrolla l-kostruzzjoni tas-sentenzi u tejjeb il-\u0127iliet ta' konversazzjoni tieg\u0127ek.","robots":{"index":"index","follow":"follow","max-snippet":"max-snippet:-1","max-image-preview":"max-image-preview:large","max-video-preview":"max-video-preview:-1"},"canonical":"https:\/\/talkpal.ai\/mt\/grammatika-afrikaans\/","og_locale":"mt_MT","og_type":"article","og_title":"Grammatika Afrikaans","og_description":"Il-Kontroll tal-Grammatika Afrikaans: Il-Gwida Finali Tieg\u0127ek Goeie dag, dilettanti tal-lingwa! Int lest li tibda vja\u0121\u0121 fid-dinja tal-grammatika","og_url":"https:\/\/talkpal.ai\/mt\/grammatika-afrikaans\/","og_site_name":"Talkpal","article_publisher":"https:\/\/www.facebook.com\/profile.php?id=100090733639311","article_modified_time":"2026-05-08T10:53:30+00:00","og_image":[{"width":512,"height":512,"url":"https:\/\/talkpal.ai\/wp-content\/uploads\/2023\/05\/south-africa.png","type":"image\/png"}],"twitter_card":"summary_large_image","twitter_site":"@talkpalai","twitter_misc":{"Est. reading time":"2 minutes"},"schema":{"@context":"https:\/\/schema.org","@graph":[{"@type":"WebPage","@id":"https:\/\/talkpal.ai\/mt\/grammatika-afrikaans\/","url":"https:\/\/talkpal.ai\/mt\/grammatika-afrikaans\/","name":"Grammatika Afrikaans - Talkpal","isPartOf":{"@id":"https:\/\/talkpal.ai\/mt\/#website"},"primaryImageOfPage":{"@id":"https:\/\/talkpal.ai\/mt\/grammatika-afrikaans\/#primaryimage"},"image":{"@id":"https:\/\/talkpal.ai\/mt\/grammatika-afrikaans\/#primaryimage"},"thumbnailUrl":"https:\/\/talkpal.ai\/wp-content\/uploads\/2023\/05\/south-africa.png","datePublished":"2023-05-14T13:59:24+00:00","dateModified":"2026-05-08T10:53:30+00:00","description":"Esplora l-grammatika Afrikaans bil-gwida tag\u0127na fa\u010bli g\u0127all-bidu. Ikkontrolla l-kostruzzjoni tas-sentenzi u tejjeb il-\u0127iliet ta' konversazzjoni tieg\u0127ek.","breadcrumb":{"@id":"https:\/\/talkpal.ai\/mt\/grammatika-afrikaans\/#breadcrumb"},"inLanguage":"mt-MT","potentialAction":[{"@type":"ReadAction","target":["https:\/\/talkpal.ai\/mt\/grammatika-afrikaans\/"]}]},{"@type":"ImageObject","inLanguage":"mt-MT","@id":"https:\/\/talkpal.ai\/mt\/grammatika-afrikaans\/#primaryimage","url":"https:\/\/talkpal.ai\/wp-content\/uploads\/2023\/05\/south-africa.png","contentUrl":"https:\/\/talkpal.ai\/wp-content\/uploads\/2023\/05\/south-africa.png","width":512,"height":512,"caption":"Bandiera ta' TalkPal South Arica"},{"@type":"BreadcrumbList","@id":"https:\/\/talkpal.ai\/mt\/grammatika-afrikaans\/#breadcrumb","itemListElement":[{"@type":"ListItem","position":1,"name":"Homepage","item":"https:\/\/talkpal.ai\/mt\/"},{"@type":"ListItem","position":2,"name":"Grammatika Afrikaans"}]},{"@type":"WebSite","@id":"https:\/\/talkpal.ai\/mt\/#website","url":"https:\/\/talkpal.ai\/mt\/","name":"Talkpal","description":"AI Language Learning","publisher":{"@id":"https:\/\/talkpal.ai\/mt\/#organization"},"alternateName":"Talkpal AI","potentialAction":[{"@type":"SearchAction","target":{"@type":"EntryPoint","urlTemplate":"https:\/\/talkpal.ai\/mt\/?s={search_term_string}"},"query-input":{"@type":"PropertyValueSpecification","valueRequired":true,"valueName":"search_term_string"}}],"inLanguage":"mt-MT"},{"@type":"Organization","@id":"https:\/\/talkpal.ai\/mt\/#organization","name":"Talkpal, Inc.","alternateName":"Talkpal AI","url":"https:\/\/talkpal.ai\/mt\/","logo":{"@type":"ImageObject","inLanguage":"mt-MT","@id":"https:\/\/talkpal.ai\/mt\/#\/schema\/logo\/image\/","url":"https:\/\/talkpal.ai\/wp-content\/uploads\/2024\/03\/Talkpal-Logo-Icon.png","contentUrl":"https:\/\/talkpal.ai\/wp-content\/uploads\/2024\/03\/Talkpal-Logo-Icon.png","width":2880,"height":2880,"caption":"Talkpal, Inc."},"image":{"@id":"https:\/\/talkpal.ai\/mt\/#\/schema\/logo\/image\/"},"sameAs":["https:\/\/www.facebook.com\/profile.php?id=100090733639311","https:\/\/x.com\/talkpalai","https:\/\/www.linkedin.com\/company\/talkpal\/","https:\/\/www.youtube.com\/@TalkPal\/","https:\/\/www.tiktok.com\/@talkpal","https:\/\/www.instagram.com\/talkpal_ai\/","https:\/\/www.crunchbase.com\/organization\/talkpal-9cde","https:\/\/www.g2.com\/products\/talkpal-for-business\/","https:\/\/www.trustpilot.com\/review\/talkpal.ai","https:\/\/www.capterra.com\/p\/10006800\/TalkPal\/"],"description":"Talkpal is a language learning web and mobile education app, powered by the latest AI technologies, that provides engaging experiences to its customers in many different languages to help them improve their language skills. Users can chat about unlimited amount of topics with the app and use other modes to practice their language learning.","email":"support@talkpal.ai","legalName":"Talkpal, Inc.","foundingDate":"2023-04-03","duns":"118989042","numberOfEmployees":{"@type":"QuantitativeValue","minValue":"11","maxValue":"50"},"publishingPrinciples":"https:\/\/talkpal.ai\/publishing-principles\/","actionableFeedbackPolicy":"https:\/\/talkpal.ai\/actionable-feedback-policy\/","correctionsPolicy":"https:\/\/talkpal.ai\/corrections-policy\/","ethicsPolicy":"https:\/\/talkpal.ai\/ethics-policy\/","diversityPolicy":"https:\/\/talkpal.ai\/diversity-policy\/","diversityStaffingReport":"https:\/\/talkpal.ai\/diversity-policy\/"}]}},"_links":{"self":[{"href":"https:\/\/talkpal.ai\/mt\/wp-json\/wp\/v2\/pages\/1443504","targetHints":{"allow":["GET"]}}],"collection":[{"href":"https:\/\/talkpal.ai\/mt\/wp-json\/wp\/v2\/pages"}],"about":[{"href":"https:\/\/talkpal.ai\/mt\/wp-json\/wp\/v2\/types\/page"}],"author":[{"embeddable":true,"href":"https:\/\/talkpal.ai\/mt\/wp-json\/wp\/v2\/users\/1"}],"replies":[{"embeddable":true,"href":"https:\/\/talkpal.ai\/mt\/wp-json\/wp\/v2\/comments?post=1443504"}],"version-history":[{"count":0,"href":"https:\/\/talkpal.ai\/mt\/wp-json\/wp\/v2\/pages\/1443504\/revisions"}],"wp:featuredmedia":[{"embeddable":true,"href":"https:\/\/talkpal.ai\/mt\/wp-json\/wp\/v2\/media\/1443506"}],"wp:attachment":[{"href":"https:\/\/talkpal.ai\/mt\/wp-json\/wp\/v2\/media?parent=1443504"}],"curies":[{"name":"wp","href":"https:\/\/api.w.org\/{rel}","templated":true}]}}