{"id":1443499,"date":"2023-05-14T14:00:03","date_gmt":"2023-05-14T14:00:03","guid":{"rendered":"https:\/\/talkpal.ai\/grammatika-tal-bosnja\/"},"modified":"2025-09-06T19:09:38","modified_gmt":"2025-09-06T19:09:38","slug":"grammatika-tal-bosnja","status":"publish","type":"page","link":"https:\/\/talkpal.ai\/mt\/grammatika-tal-bosnja\/","title":{"rendered":"Grammatika tal-Bosnja"},"content":{"rendered":"\r\n\r\n\r\n<section class=\"languageChallengeSection\">\r\n    <div class=\"languageInfoWrapper\">\r\n        \r\n        <h1>Grammatika tal-Bosnja<\/h1>\r\n        <p>Unlock the rich and expressive world of the Bosnian language by mastering its grammar essentials. A solid grasp of Bosnian grammar will help you communicate confidently and appreciate the culture more deeply. Ibda titg\u0127allem il-grammatika Bo\u017cnijaka llum u \u0127u l-ewwel pass tieg\u0127ek lejn il-\u0127effa!<\/p>\r\n\r\n                            <a class=\"getStartedHidden\" href=\"https:\/\/app.talkpal.ai\/signup?lng=\">Ibda<\/a>\r\n        \r\n    <\/div>\r\n\r\n    <figure>\r\n    <img decoding=\"async\" width=\"768\" height=\"768\" src=\"https:\/\/talkpal.ai\/wp-content\/uploads\/2023\/06\/bosinian-768x768.png\" class=\"languageImage no-lazy\" alt=\"Language learning for increasing employability\" fetchpriority=\"high\" sizes=\"(max-width: 768px) 150px, 768px\" srcset=\"https:\/\/talkpal.ai\/wp-content\/uploads\/2023\/06\/bosinian-768x768.png 768w, https:\/\/talkpal.ai\/wp-content\/uploads\/2023\/06\/bosinian-300x300.png 300w\" \/>\r\n    \r\n\r\n    <\/figure>\r\n\r\n            <a class=\"getStartedVisible\" href=\"https:\/\/app.talkpal.ai\/signup?lng=\">Ibda<\/a>\r\n    \r\n<\/section>\r\n<section class=\"promotionalBanner\">\r\n    <p class=\"promotionalText\">L-aktar mod effi\u010bjenti biex titg\u0127allem lingwa<\/p>\r\n    <a class=\"promotionalLink\" href=\"https:\/\/app.talkpal.ai\/signup?lng=\">Ipprova Talkpal b&#8217;xejn<\/a>\r\n<\/section>\n<div class=\"wp-block-group pageContainerStyle\"><div class=\"wp-block-group__inner-container is-layout-constrained wp-block-group-is-layout-constrained\">\n<h2 class=\"wp-block-heading\" id=\"h-bosnian-grammar-a-guide-to-understanding-its-unique-features\">Il-Grammatika tal-Bosnja: Gwida biex Nifhmu l-Karatteristi\u010bi Uni\u010bi tag\u0127ha<\/h2>\n\n\n\n<p>Qed titg\u0127allem il-Bosnjan u ssib ru\u0127ek im\u0127awwad bil-grammatika tal-lingwa? Tib\u017cax! F&#8217;dan l-artikolu, a\u0127na ser nid\u0127lu fil-misteri tal-grammatika tal-Bosnja u ng\u0127inuk tifhem il-karatteristi\u010bi uni\u010bi tag\u0127ha, kollha filwaqt li n\u017commu sempli\u010bi u impenjattiva. Lest li tibda dan il-vja\u0121\u0121 lingwistiku e\u010b\u010bitanti? Ejja nibdew!<\/p>\n\n\n\n<h3 class=\"wp-block-heading\" id=\"h-the-fundamentals-nouns-and-pronouns\">Il-Fundamentali: Nomi u Pronomi<\/h3>\n\n\n\n<p>L-ewwel affarijiet l-ewwel, huwa essenzjali li tkun taf li l-Bosnjan, b\u0127al lingwi Slavi o\u0127ra, g\u0127andu tliet \u0121eneri grammatikali: maskili, femminili, u neutru. Kif tista &#8216;tg\u0127id g\u0127al liema sess jappartjeni nom? Dak huwa fa\u010bli! Huwa kollu dwar it-tmiem. Hawnhekk hawn gwida ta &#8216;malajr:<\/p>\n\n\n\n<p><strong>\u2013 Nomi maskili tipikament jispi\u010b\u010baw f&#8217;konsonanti,<\/strong><\/p>\n\n\n\n<p><strong>\u2013 Nomi femminili normalment jispi\u010b\u010baw f&#8217;-a,<\/strong><\/p>\n\n\n\n<p><strong>\u2013 Nomi newtrali \u0127afna drabi jispi\u010b\u010baw f&#8217;-o jew -e.<\/strong><\/p>\n\n\n\n<p>\u017bomm f&#8217;mo\u0127\u0127ok li dawn huma regoli \u0121enerali, u jista &#8216;jkun hemm e\u010b\u010bezzjonijiet. Issa ejja nitkellmu dwar il-pronomi. Il-pronomi personali fil-Bosnjan jinbidlu skont is-sess, in-numru (singular jew plural), u l-ka\u017c tan-nom (aktar dwar il-ka\u017cijiet aktar tard). Hemm seba&#8217; <a href=\"https:\/\/talkpal.ai\/ar\/grammar_exercises\/pronomi-personali-%d8%aa%d9%85%d8%a7%d8%b1%d9%8a%d9%86-%d9%84%d9%84%d9%82%d9%88%d8%a7%d8%b9%d8%af-%d8%a7%d9%84%d8%a5%d9%8a%d8%b7%d8%a7%d9%84%d9%8a%d8%a9\/\">pronomi personali<\/a> bil-Bosnjan: ja (I), ti (int, singular\/informali), on (he), ona (hi), <a href=\"https:\/\/talkpal.ai\/locations\/language-courses-in-ono\/\">ono<\/a> (it), mi (we), u vi (you, plural\/formal). Ftakar li l-Bosnjan g\u0127andu mod informali u formali kif jindirizza lin-nies \u2013 g\u0127alhekk kun \u017cgur li tu\u017ca l-pronom it-tajjeb meta titkellem ma&#8217; xi \u0127add!<\/p>\n\n\n\n<h3 class=\"wp-block-heading\" id=\"h-next-up-verb-conjugation\">Li jmiss: Konjugazzjoni tal-Verb<\/h3>\n\n\n\n<p>Il-verbi huma s-sinsla ta &#8216;kwalunkwe lingwa, u l-Bosnjan mhuwiex differenti. Il-verbi Bo\u017cnija\u010bi g\u0127andhom \u017cew\u0121 mudelli ewlenin ta&#8217; konjugazzjoni: wie\u0127ed g\u0127all-verbi li jispi\u010b\u010baw f&#8217;-ti (l-ewwel konjugazzjoni) u ie\u0127or g\u0127al dawk li jispi\u010b\u010baw f&#8217;-\u0107i (it-tieni konjugazzjoni). Fi\u017c-\u017cew\u0121 ka\u017cijiet, it-truf tal-verb jinbidlu skont is-sess, in-numru, u t-temp tas-su\u0121\u0121ett.<\/p>\n\n\n\n<p>Meta nitkellmu dwar it-tempi, il-Bosnjan g\u0127andu tliet tempi sempli\u010bi: pre\u017cent, passat u futur. It-temp pre\u017centi huwa ffurmat bi\u017c-\u017cieda ta &#8216;truf spe\u010bifi\u010bi ma\u017c-zokk tal-verb. It-temp passat, min-na\u0127a l-o\u0127ra, huwa ffurmat bl-u\u017cu tal-verb aw\u017ciljarju &#8220;biti&#8221; (li jkun) fil-forma infinittiva &#8220;bio&#8221; u l-parti\u010bipju tal-passat. Fl-a\u0127\u0127arnett, it-temp futur jin\u0127oloq billi tg\u0127aqqad il-verb aw\u017ciljarju &#8220;htjeti&#8221; (rieda) u l-forma infinittiva tal-verb ewlieni.<\/p>\n\n\n\n<h3 class=\"wp-block-heading\" id=\"h-the-magic-of-cases\">Il-Ma\u0121ija tal-Ka\u017cijiet<\/h3>\n\n\n\n<p>Il-grammatika tal-Bosnja tu\u017ca sistema ta&#8217; ka\u017cijiet, li tfisser li nomi, pronomi, a\u0121\u0121ettivi, u xi kultant anke verbi jibdlu l-forom tag\u0127hom skont il-funzjoni tag\u0127hom f&#8217;sentenza. Hemm seba&#8217; ka\u017cijiet bil-Bosnjan: nominativ, \u0121enittiv, dattiv, akku\u017cattiv, vokattiv, strumentali, u lokattiv.<\/p>\n\n\n\n<p>Issa, t\u0127allix dawn it-termini jintimidawk! Hija biss kwistjoni ta &#8216;prattika. Kull ka\u017c iservi skop partikolari u jwie\u0121eb mistoqsijiet spe\u010bifi\u010bi:<\/p>\n\n\n\n<p><strong>1. Nominativ:<\/strong> Is-su\u0121\u0121ett tas-sentenza. Min jew x&#8217;qed jag\u0127mel l-azzjoni?<\/p>\n\n\n\n<p><strong>2. \u0120enittiv:<\/strong> Jindika pussess, ori\u0121ini, jew parti minn xi \u0127a\u0121a. Min jew ta &#8216;xiex?<\/p>\n\n\n\n<p><strong>3. Dative:<\/strong> L-o\u0121\u0121ett indirett &#8211; lil min jew g\u0127al min ting\u0127ata jew isir xi \u0127a\u0121a?<\/p>\n\n\n\n<p><strong>4. Akku\u017cat:<\/strong> L-o\u0121\u0121ett dirett &#8211; min jew x&#8217;qed jir\u010bievi l-azzjoni?<\/p>\n\n\n\n<p><strong>5. Vokattiv:<\/strong> U\u017cat biex jindirizza lil xi \u0127add jew xi \u0127a\u0121a direttament &#8211; \u0126ej, int!<\/p>\n\n\n\n<p><strong>6. Strumentali:<\/strong> Jirrappre\u017centa l-mezz jew il-metodu tal-azzjoni &#8211; b&#8217;xiex jew minn min?<\/p>\n\n\n\n<p><strong>7. Lokattiv:<\/strong> Juri l-post jew il-po\u017cizzjoni ta &#8216;xi \u0127a\u0121a &#8211; fejn jew f&#8217;xiex?<\/p>\n\n\n\n<h3 class=\"wp-block-heading\" id=\"h-loving-the-adjectives\">Im\u0127abba l-a\u0121\u0121ettivi<\/h3>\n\n\n\n<p>L-a\u0121\u0121ettivi bil-Bosnjan jaqblu man-nom li jimmodifikaw f&#8217;termini ta&#8217; sess, numru, u ka\u017c. Dan ifisser li l-a\u0121\u0121ettivi, b\u0127an-nomi u l-pronomi, g\u0127andhom forom differenti skont in-nom li jiddeskrivu.<\/p>\n\n\n\n<p>Pere\u017cempju, jekk trid tg\u0127id &#8220;dar kbira&#8221; bil-Bosnjan (li huwa nom femminili), tg\u0127id &#8220;velika ku\u0107a.&#8221; Madankollu, jekk qed titkellem dwar &#8220;karozza kbira&#8221; (nom maskili), tg\u0127id &#8220;veliki auto.&#8221;<\/p>\n\n\n\n<h3 class=\"wp-block-heading\" id=\"h-final-thoughts\">\u0126sibijiet Finali<\/h3>\n\n\n\n<p>Il-grammatika tal-Bosnja, bil-\u0121eneru, il-ka\u017cijiet, u l-konjugazzjoni tal-verbi tag\u0127ha, tista&#8217; tidher kumplessa inizjalment, imma ftakar: il-prattika tag\u0127mel il-perfezzjoni! Huwa kollu dwar il-fehim tas-sistema u l-u\u017cu tag\u0127ha f&#8217;sitwazzjonijiet tal-\u0127ajja reali. Kun pa\u010benzju\u017c, kompli jipprattika, u dalwaqt, issib ru\u0127ek kaptan il-lingwa sabi\u0127a tal-Bosnja. Sretno! (Xorti tajba!)<\/p>\n<\/div><\/div>\n\r\n<section class=\"learnNavigationSection\">\r\n            \r\n        <a href=\"https:\/\/talkpal.ai\/mt\/tghallem-il-bosnja\/\">\r\n            <div class=\"learnNavigationWrapper\">\r\n                <div class=\"learnNavigationContent\">\r\n                    <img decoding=\"async\" src=\"https:\/\/talkpal.ai\/wp-content\/uploads\/2024\/08\/Bosnian.jpg\" alt=\"Bosnian Flag\">\r\n                    <div>\r\n                        <h4>Dwar it-Tag\u0127lim tal-Bosnja<\/h4>\r\n                        <p>Sir af kollox dwar il-grammatika tal-Bosnja.<\/p>\r\n                    <\/div>\r\n                <\/div>\r\n            <\/div>\r\n        <\/a>\r\n\r\n        \r\n        <a href=\"https:\/\/talkpal.ai\/mt\/ezercizzji-tal-grammatika-bosnjaka\/\">\r\n            <div class=\"learnNavigationWrapper\">\r\n                <div class=\"learnNavigationContent\">\r\n                    <img decoding=\"async\" src=\"https:\/\/talkpal.ai\/wp-content\/uploads\/2024\/08\/Bosnian.jpg\" alt=\"Bosnian Flag\">\r\n                    <div>\r\n                        <h4>E\u017cer\u010bizzju tal-Grammatika tal-Bosnja<\/h4>\r\n                        <p>Ipprattika l-grammatika tal-Bosnja.<\/p>\r\n                    <\/div>\r\n                <\/div>\r\n            <\/div>\r\n        <\/a>\r\n\r\n        \r\n        <a href=\"https:\/\/talkpal.ai\/vocabulary_language\/bosnian\/\">\r\n            <div class=\"learnNavigationWrapper\">\r\n                <div class=\"learnNavigationContent\">\r\n                    <img decoding=\"async\" src=\"https:\/\/talkpal.ai\/wp-content\/uploads\/2024\/08\/Bosnian.jpg\" alt=\"Bosnian Flag\">\r\n                    <div>\r\n                        <h4>Vokabularju tal-Bosnja<\/h4>\r\n                        <p>Espandi l-vokabularju Bosnjan tieg\u0127ek.<\/p>\r\n                    <\/div>\r\n                <\/div>\r\n            <\/div>\r\n        <\/a>\r\n\r\n            <\/section>","protected":false},"excerpt":{"rendered":"<p>Il-Grammatika tal-Bosnja: Gwida biex Nifhmu l-Karatteristi\u010bi Uni\u010bi tag\u0127ha Qed titg\u0127allem il-Bosnjan u ssib ru\u0127ek im\u0127awwad bil-grammatika tal-lingwa? Tib\u017cax! F&#8217;dan l-artikolu, a\u0127na ser nid\u0127lu fil-misteri tal-grammatika tal-Bosnja u ng\u0127inuk tifhem il-karatteristi\u010bi uni\u010bi tag\u0127ha, kollha filwaqt li n\u017commu sempli\u010bi u impenjattiva. Lest li tibda dan il-vja\u0121\u0121 lingwistiku e\u010b\u010bitanti? Ejja nibdew! Il-Fundamentali: Nomi u Pronomi L-ewwel affarijiet l-ewwel, [&hellip;]<\/p>\n","protected":false},"author":1,"featured_media":1443501,"parent":0,"menu_order":0,"comment_status":"closed","ping_status":"closed","template":"LearningContentPage.php","meta":{"_acf_changed":false,"footnotes":""},"class_list":["post-1443499","page","type-page","status-publish","has-post-thumbnail","hentry"],"acf":[],"yoast_head":"<!-- This site is optimized with the Yoast SEO Premium plugin v27.2 (Yoast SEO v27.2) - https:\/\/yoast.com\/product\/yoast-seo-premium-wordpress\/ -->\n<title>Grammatika tal-Bosnja - Talkpal<\/title>\n<meta name=\"description\" content=\"Kaptan il-grammatika Bosnjana ming\u0127ajr sforz ma &#039;TalkPal, l-g\u0127alliem tal-lingwa tieg\u0127ek li ja\u0127dem bl-AI. Skopri spjegazzjonijiet fa\u010bli, pariri pratti\u010bi, u e\u017cer\u010bizzji interattivi!\" \/>\n<meta name=\"robots\" content=\"index, follow, max-snippet:-1, max-image-preview:large, max-video-preview:-1\" \/>\n<link rel=\"canonical\" href=\"https:\/\/talkpal.ai\/mt\/grammatika-tal-bosnja\/\" \/>\n<meta property=\"og:locale\" content=\"mt_MT\" \/>\n<meta property=\"og:type\" content=\"article\" \/>\n<meta property=\"og:title\" content=\"Grammatika tal-Bosnja\" \/>\n<meta property=\"og:description\" content=\"Il-Grammatika tal-Bosnja: Gwida biex Nifhmu l-Karatteristi\u010bi Uni\u010bi tag\u0127ha Qed titg\u0127allem il-Bosnjan u ssib ru\u0127ek im\u0127awwad bil-grammatika tal-lingwa?\" \/>\n<meta property=\"og:url\" content=\"https:\/\/talkpal.ai\/mt\/grammatika-tal-bosnja\/\" \/>\n<meta property=\"og:site_name\" content=\"Talkpal\" \/>\n<meta property=\"article:publisher\" content=\"https:\/\/www.facebook.com\/profile.php?id=100090733639311\" \/>\n<meta property=\"article:modified_time\" content=\"2025-09-06T19:09:38+00:00\" \/>\n<meta property=\"og:image\" content=\"https:\/\/talkpal.ai\/wp-content\/uploads\/2023\/05\/bosnia-and-herzegovina.png\" \/>\n\t<meta property=\"og:image:width\" content=\"512\" \/>\n\t<meta property=\"og:image:height\" content=\"512\" \/>\n\t<meta property=\"og:image:type\" content=\"image\/png\" \/>\n<meta name=\"twitter:card\" content=\"summary_large_image\" \/>\n<meta name=\"twitter:site\" content=\"@talkpalai\" \/>\n<meta name=\"twitter:label1\" content=\"Est. reading time\" \/>\n\t<meta name=\"twitter:data1\" content=\"3 minutes\" \/>\n<script type=\"application\/ld+json\" class=\"yoast-schema-graph\">{\"@context\":\"https:\/\/schema.org\",\"@graph\":[{\"@type\":\"WebPage\",\"@id\":\"https:\/\/talkpal.ai\/mt\/grammatika-tal-bosnja\/\",\"url\":\"https:\/\/talkpal.ai\/mt\/grammatika-tal-bosnja\/\",\"name\":\"Grammatika tal-Bosnja - Talkpal\",\"isPartOf\":{\"@id\":\"https:\/\/talkpal.ai\/mt\/#website\"},\"primaryImageOfPage\":{\"@id\":\"https:\/\/talkpal.ai\/mt\/grammatika-tal-bosnja\/#primaryimage\"},\"image\":{\"@id\":\"https:\/\/talkpal.ai\/mt\/grammatika-tal-bosnja\/#primaryimage\"},\"thumbnailUrl\":\"https:\/\/talkpal.ai\/wp-content\/uploads\/2023\/05\/bosnia-and-herzegovina.png\",\"datePublished\":\"2023-05-14T14:00:03+00:00\",\"dateModified\":\"2025-09-06T19:09:38+00:00\",\"description\":\"Kaptan il-grammatika Bosnjana ming\u0127ajr sforz ma 'TalkPal, l-g\u0127alliem tal-lingwa tieg\u0127ek li ja\u0127dem bl-AI. Skopri spjegazzjonijiet fa\u010bli, pariri pratti\u010bi, u e\u017cer\u010bizzji interattivi!\",\"breadcrumb\":{\"@id\":\"https:\/\/talkpal.ai\/mt\/grammatika-tal-bosnja\/#breadcrumb\"},\"inLanguage\":\"mt-MT\",\"potentialAction\":[{\"@type\":\"ReadAction\",\"target\":[\"https:\/\/talkpal.ai\/mt\/grammatika-tal-bosnja\/\"]}]},{\"@type\":\"ImageObject\",\"inLanguage\":\"mt-MT\",\"@id\":\"https:\/\/talkpal.ai\/mt\/grammatika-tal-bosnja\/#primaryimage\",\"url\":\"https:\/\/talkpal.ai\/wp-content\/uploads\/2023\/05\/bosnia-and-herzegovina.png\",\"contentUrl\":\"https:\/\/talkpal.ai\/wp-content\/uploads\/2023\/05\/bosnia-and-herzegovina.png\",\"width\":512,\"height\":512,\"caption\":\"TalkPal Bosnia and herzegovina Flag\"},{\"@type\":\"BreadcrumbList\",\"@id\":\"https:\/\/talkpal.ai\/mt\/grammatika-tal-bosnja\/#breadcrumb\",\"itemListElement\":[{\"@type\":\"ListItem\",\"position\":1,\"name\":\"Homepage\",\"item\":\"https:\/\/talkpal.ai\/mt\/\"},{\"@type\":\"ListItem\",\"position\":2,\"name\":\"Grammatika tal-Bosnja\"}]},{\"@type\":\"WebSite\",\"@id\":\"https:\/\/talkpal.ai\/mt\/#website\",\"url\":\"https:\/\/talkpal.ai\/mt\/\",\"name\":\"Talkpal\",\"description\":\"AI Language Learning\",\"publisher\":{\"@id\":\"https:\/\/talkpal.ai\/mt\/#organization\"},\"alternateName\":\"Talkpal AI\",\"potentialAction\":[{\"@type\":\"SearchAction\",\"target\":{\"@type\":\"EntryPoint\",\"urlTemplate\":\"https:\/\/talkpal.ai\/mt\/?s={search_term_string}\"},\"query-input\":{\"@type\":\"PropertyValueSpecification\",\"valueRequired\":true,\"valueName\":\"search_term_string\"}}],\"inLanguage\":\"mt-MT\"},{\"@type\":\"Organization\",\"@id\":\"https:\/\/talkpal.ai\/mt\/#organization\",\"name\":\"Talkpal, Inc.\",\"alternateName\":\"Talkpal AI\",\"url\":\"https:\/\/talkpal.ai\/mt\/\",\"logo\":{\"@type\":\"ImageObject\",\"inLanguage\":\"mt-MT\",\"@id\":\"https:\/\/talkpal.ai\/mt\/#\/schema\/logo\/image\/\",\"url\":\"https:\/\/talkpal.ai\/wp-content\/uploads\/2024\/03\/Talkpal-Logo-Icon.png\",\"contentUrl\":\"https:\/\/talkpal.ai\/wp-content\/uploads\/2024\/03\/Talkpal-Logo-Icon.png\",\"width\":2880,\"height\":2880,\"caption\":\"Talkpal, Inc.\"},\"image\":{\"@id\":\"https:\/\/talkpal.ai\/mt\/#\/schema\/logo\/image\/\"},\"sameAs\":[\"https:\/\/www.facebook.com\/profile.php?id=100090733639311\",\"https:\/\/x.com\/talkpalai\",\"https:\/\/www.linkedin.com\/company\/talkpal\/\",\"https:\/\/www.youtube.com\/@TalkPal\/\",\"https:\/\/www.tiktok.com\/@talkpal\",\"https:\/\/www.instagram.com\/talkpal_ai\/\",\"https:\/\/www.crunchbase.com\/organization\/talkpal-9cde\",\"https:\/\/www.g2.com\/products\/talkpal-for-business\/\",\"https:\/\/www.trustpilot.com\/review\/talkpal.ai\",\"https:\/\/www.capterra.com\/p\/10006800\/TalkPal\/\"],\"description\":\"Talkpal is a language learning web and mobile education app, powered by the latest AI technologies, that provides engaging experiences to its customers in many different languages to help them improve their language skills. Users can chat about unlimited amount of topics with the app and use other modes to practice their language learning.\",\"email\":\"support@talkpal.ai\",\"legalName\":\"Talkpal, Inc.\",\"foundingDate\":\"2023-04-03\",\"duns\":\"118989042\",\"numberOfEmployees\":{\"@type\":\"QuantitativeValue\",\"minValue\":\"11\",\"maxValue\":\"50\"},\"publishingPrinciples\":\"https:\/\/talkpal.ai\/publishing-principles\/\",\"actionableFeedbackPolicy\":\"https:\/\/talkpal.ai\/actionable-feedback-policy\/\",\"correctionsPolicy\":\"https:\/\/talkpal.ai\/corrections-policy\/\",\"ethicsPolicy\":\"https:\/\/talkpal.ai\/ethics-policy\/\",\"diversityPolicy\":\"https:\/\/talkpal.ai\/diversity-policy\/\",\"diversityStaffingReport\":\"https:\/\/talkpal.ai\/diversity-policy\/\"}]}<\/script>\n<!-- \/ Yoast SEO Premium plugin. -->","yoast_head_json":{"title":"Grammatika tal-Bosnja - Talkpal","description":"Kaptan il-grammatika Bosnjana ming\u0127ajr sforz ma 'TalkPal, l-g\u0127alliem tal-lingwa tieg\u0127ek li ja\u0127dem bl-AI. Skopri spjegazzjonijiet fa\u010bli, pariri pratti\u010bi, u e\u017cer\u010bizzji interattivi!","robots":{"index":"index","follow":"follow","max-snippet":"max-snippet:-1","max-image-preview":"max-image-preview:large","max-video-preview":"max-video-preview:-1"},"canonical":"https:\/\/talkpal.ai\/mt\/grammatika-tal-bosnja\/","og_locale":"mt_MT","og_type":"article","og_title":"Grammatika tal-Bosnja","og_description":"Il-Grammatika tal-Bosnja: Gwida biex Nifhmu l-Karatteristi\u010bi Uni\u010bi tag\u0127ha Qed titg\u0127allem il-Bosnjan u ssib ru\u0127ek im\u0127awwad bil-grammatika tal-lingwa?","og_url":"https:\/\/talkpal.ai\/mt\/grammatika-tal-bosnja\/","og_site_name":"Talkpal","article_publisher":"https:\/\/www.facebook.com\/profile.php?id=100090733639311","article_modified_time":"2025-09-06T19:09:38+00:00","og_image":[{"width":512,"height":512,"url":"https:\/\/talkpal.ai\/wp-content\/uploads\/2023\/05\/bosnia-and-herzegovina.png","type":"image\/png"}],"twitter_card":"summary_large_image","twitter_site":"@talkpalai","twitter_misc":{"Est. reading time":"3 minutes"},"schema":{"@context":"https:\/\/schema.org","@graph":[{"@type":"WebPage","@id":"https:\/\/talkpal.ai\/mt\/grammatika-tal-bosnja\/","url":"https:\/\/talkpal.ai\/mt\/grammatika-tal-bosnja\/","name":"Grammatika tal-Bosnja - Talkpal","isPartOf":{"@id":"https:\/\/talkpal.ai\/mt\/#website"},"primaryImageOfPage":{"@id":"https:\/\/talkpal.ai\/mt\/grammatika-tal-bosnja\/#primaryimage"},"image":{"@id":"https:\/\/talkpal.ai\/mt\/grammatika-tal-bosnja\/#primaryimage"},"thumbnailUrl":"https:\/\/talkpal.ai\/wp-content\/uploads\/2023\/05\/bosnia-and-herzegovina.png","datePublished":"2023-05-14T14:00:03+00:00","dateModified":"2025-09-06T19:09:38+00:00","description":"Kaptan il-grammatika Bosnjana ming\u0127ajr sforz ma 'TalkPal, l-g\u0127alliem tal-lingwa tieg\u0127ek li ja\u0127dem bl-AI. Skopri spjegazzjonijiet fa\u010bli, pariri pratti\u010bi, u e\u017cer\u010bizzji interattivi!","breadcrumb":{"@id":"https:\/\/talkpal.ai\/mt\/grammatika-tal-bosnja\/#breadcrumb"},"inLanguage":"mt-MT","potentialAction":[{"@type":"ReadAction","target":["https:\/\/talkpal.ai\/mt\/grammatika-tal-bosnja\/"]}]},{"@type":"ImageObject","inLanguage":"mt-MT","@id":"https:\/\/talkpal.ai\/mt\/grammatika-tal-bosnja\/#primaryimage","url":"https:\/\/talkpal.ai\/wp-content\/uploads\/2023\/05\/bosnia-and-herzegovina.png","contentUrl":"https:\/\/talkpal.ai\/wp-content\/uploads\/2023\/05\/bosnia-and-herzegovina.png","width":512,"height":512,"caption":"TalkPal Bosnia and herzegovina Flag"},{"@type":"BreadcrumbList","@id":"https:\/\/talkpal.ai\/mt\/grammatika-tal-bosnja\/#breadcrumb","itemListElement":[{"@type":"ListItem","position":1,"name":"Homepage","item":"https:\/\/talkpal.ai\/mt\/"},{"@type":"ListItem","position":2,"name":"Grammatika tal-Bosnja"}]},{"@type":"WebSite","@id":"https:\/\/talkpal.ai\/mt\/#website","url":"https:\/\/talkpal.ai\/mt\/","name":"Talkpal","description":"AI Language Learning","publisher":{"@id":"https:\/\/talkpal.ai\/mt\/#organization"},"alternateName":"Talkpal AI","potentialAction":[{"@type":"SearchAction","target":{"@type":"EntryPoint","urlTemplate":"https:\/\/talkpal.ai\/mt\/?s={search_term_string}"},"query-input":{"@type":"PropertyValueSpecification","valueRequired":true,"valueName":"search_term_string"}}],"inLanguage":"mt-MT"},{"@type":"Organization","@id":"https:\/\/talkpal.ai\/mt\/#organization","name":"Talkpal, Inc.","alternateName":"Talkpal AI","url":"https:\/\/talkpal.ai\/mt\/","logo":{"@type":"ImageObject","inLanguage":"mt-MT","@id":"https:\/\/talkpal.ai\/mt\/#\/schema\/logo\/image\/","url":"https:\/\/talkpal.ai\/wp-content\/uploads\/2024\/03\/Talkpal-Logo-Icon.png","contentUrl":"https:\/\/talkpal.ai\/wp-content\/uploads\/2024\/03\/Talkpal-Logo-Icon.png","width":2880,"height":2880,"caption":"Talkpal, Inc."},"image":{"@id":"https:\/\/talkpal.ai\/mt\/#\/schema\/logo\/image\/"},"sameAs":["https:\/\/www.facebook.com\/profile.php?id=100090733639311","https:\/\/x.com\/talkpalai","https:\/\/www.linkedin.com\/company\/talkpal\/","https:\/\/www.youtube.com\/@TalkPal\/","https:\/\/www.tiktok.com\/@talkpal","https:\/\/www.instagram.com\/talkpal_ai\/","https:\/\/www.crunchbase.com\/organization\/talkpal-9cde","https:\/\/www.g2.com\/products\/talkpal-for-business\/","https:\/\/www.trustpilot.com\/review\/talkpal.ai","https:\/\/www.capterra.com\/p\/10006800\/TalkPal\/"],"description":"Talkpal is a language learning web and mobile education app, powered by the latest AI technologies, that provides engaging experiences to its customers in many different languages to help them improve their language skills. Users can chat about unlimited amount of topics with the app and use other modes to practice their language learning.","email":"support@talkpal.ai","legalName":"Talkpal, Inc.","foundingDate":"2023-04-03","duns":"118989042","numberOfEmployees":{"@type":"QuantitativeValue","minValue":"11","maxValue":"50"},"publishingPrinciples":"https:\/\/talkpal.ai\/publishing-principles\/","actionableFeedbackPolicy":"https:\/\/talkpal.ai\/actionable-feedback-policy\/","correctionsPolicy":"https:\/\/talkpal.ai\/corrections-policy\/","ethicsPolicy":"https:\/\/talkpal.ai\/ethics-policy\/","diversityPolicy":"https:\/\/talkpal.ai\/diversity-policy\/","diversityStaffingReport":"https:\/\/talkpal.ai\/diversity-policy\/"}]}},"_links":{"self":[{"href":"https:\/\/talkpal.ai\/mt\/wp-json\/wp\/v2\/pages\/1443499","targetHints":{"allow":["GET"]}}],"collection":[{"href":"https:\/\/talkpal.ai\/mt\/wp-json\/wp\/v2\/pages"}],"about":[{"href":"https:\/\/talkpal.ai\/mt\/wp-json\/wp\/v2\/types\/page"}],"author":[{"embeddable":true,"href":"https:\/\/talkpal.ai\/mt\/wp-json\/wp\/v2\/users\/1"}],"replies":[{"embeddable":true,"href":"https:\/\/talkpal.ai\/mt\/wp-json\/wp\/v2\/comments?post=1443499"}],"version-history":[{"count":0,"href":"https:\/\/talkpal.ai\/mt\/wp-json\/wp\/v2\/pages\/1443499\/revisions"}],"wp:featuredmedia":[{"embeddable":true,"href":"https:\/\/talkpal.ai\/mt\/wp-json\/wp\/v2\/media\/1443501"}],"wp:attachment":[{"href":"https:\/\/talkpal.ai\/mt\/wp-json\/wp\/v2\/media?parent=1443499"}],"curies":[{"name":"wp","href":"https:\/\/api.w.org\/{rel}","templated":true}]}}