{"id":1443493,"date":"2023-05-14T13:54:14","date_gmt":"2023-05-14T13:54:14","guid":{"rendered":"https:\/\/talkpal.ai\/grammatika-armena\/"},"modified":"2025-09-06T19:09:36","modified_gmt":"2025-09-06T19:09:36","slug":"grammatika-armena","status":"publish","type":"page","link":"https:\/\/talkpal.ai\/mt\/grammatika-armena\/","title":{"rendered":"Grammatika Armena"},"content":{"rendered":"\r\n\r\n\r\n<section class=\"languageChallengeSection\">\r\n    <div class=\"languageInfoWrapper\">\r\n        \r\n        <h1>Grammatika Armena<\/h1>\r\n        <p>Lest biex tesplora lingwa \u0121dida? Il-grammatika Armena hija l-bieb tieg\u0127ek g\u0127al dinja ta &#039;mudelli affaxxinanti u tradizzjonijiet uni\u010bi! Hekk kif titg\u0127allem il-grammatika Armena, mhux biss tikkontrolla lingwa i\u017cda wkoll tikkonnettja mal-wirt kulturali profond tal-Armenja. Ejja nid\u0127lu flimkien u ngawdu l-vja\u0121\u0121 fl-Armen!<\/p>\r\n\r\n                            <a class=\"getStartedHidden\" href=\"https:\/\/app.talkpal.ai\/signup?lng=\">Ibda<\/a>\r\n        \r\n    <\/div>\r\n\r\n    <figure>\r\n    <img decoding=\"async\" width=\"768\" height=\"768\" src=\"https:\/\/talkpal.ai\/wp-content\/uploads\/2023\/06\/armenian-768x768.png\" class=\"languageImage no-lazy\" alt=\"Language learning for higher cognition\" fetchpriority=\"high\" sizes=\"(max-width: 768px) 150px, 768px\" srcset=\"https:\/\/talkpal.ai\/wp-content\/uploads\/2023\/06\/armenian-768x768.png 768w, https:\/\/talkpal.ai\/wp-content\/uploads\/2023\/06\/armenian-300x300.png 300w\" \/>\r\n    \r\n\r\n    <\/figure>\r\n\r\n            <a class=\"getStartedVisible\" href=\"https:\/\/app.talkpal.ai\/signup?lng=\">Ibda<\/a>\r\n    \r\n<\/section>\r\n<section class=\"promotionalBanner\">\r\n    <p class=\"promotionalText\">L-aktar mod effi\u010bjenti biex titg\u0127allem lingwa<\/p>\r\n    <a class=\"promotionalLink\" href=\"https:\/\/app.talkpal.ai\/signup?lng=\">Ipprova Talkpal b&#8217;xejn<\/a>\r\n<\/section>\n<div class=\"wp-block-group pageContainerStyle\"><div class=\"wp-block-group__inner-container is-layout-constrained wp-block-group-is-layout-constrained\">\n<h2 class=\"wp-block-heading\" id=\"h-discovering-the-richness-of-armenian-grammar\">Niskopru r-Rikkezza tal-Grammatika Armena<\/h2>\n\n\n\n<p>L-Armen, lingwa unika u affaxxinanti, g\u0127andha post distint fil-familja Indo-Ewropea. It-tag\u0127lim tal-Armen mhux biss jarrikkixxi r-repertorju lingwistiku tieg\u0127ek i\u017cda wkoll jippermettilek tg\u0127addas fl-istorja u l-kultura rikka tal-Armenja. Filwaqt li l-grammatika Armena tista &#8216;tidher skora\u0121\u0121anti mal-ewwel daqqa t&#8217;g\u0127ajn, it-tqassim tag\u0127ha fil-komponenti essenzjali tag\u0127ha tissimplifika l-pro\u010bess. F&#8217;dan l-artikolu, a\u0127na ser nintrodu\u010buk g\u0127ad-dinja captivating tal-grammatika Armena u nipprovdu pariri dwar kif tikkontrolla l-intricacies tag\u0127ha.<\/p>\n\n\n\n<h3 class=\"wp-block-heading\" id=\"h-1-the-armenian-alphabet\">1. L-alfabett Armen<\/h3>\n\n\n\n<p>L-Armen g\u0127andu l-alfabett distint tieg\u0127u, li jikkonsisti f&#8217;39 ittra, kull wa\u0127da minnhom tirrappre\u017centa fonema spe\u010bifika jew kombinazzjoni ta&#8217; fonemi. Biex titg\u0127allem il-grammatika Armena, huwa kru\u010bjali li tiffamiljarizza ru\u0127ek ma &#8216;din is-sistema ta&#8217; kitba unika billi tipprattika l-qari u l-kitba ta &#8216;testi <a href=\"https:\/\/talkpal.ai\/learn-armenian\/\">Armeni<\/a>.<\/p>\n\n\n\n<h3 class=\"wp-block-heading\" id=\"h-2-nouns-gender-and-cases\">2. Nomi: Sess u Ka\u017cijiet<\/h3>\n\n\n\n<p>In-nomi Armeni m&#8217;g\u0127andhomx \u0121eneru grammatikali b\u0127al \u0127afna lingwi o\u0127ra. Madankollu, g\u0127andhom diversi ka\u017cijiet, inklu\u017ci nominativ, akku\u017cattiv, dattiv, \u0121enittiv, strumentali, ablattiv, u lokattiv. It-tag\u0127lim tar-regoli g\u0127all-formazzjoni ta &#8216;dawn il-ka\u017cijiet jippermettilek tifhem a\u0127jar u tistruttura sentenzi Armeni.<\/p>\n\n\n\n<h3 class=\"wp-block-heading\" id=\"h-3-verbs-conjugation-and-tense\">3. Verbi: Konjugazzjoni u Temp<\/h3>\n\n\n\n<p>Il-verbi Armeni huma konjugati skont it-temp, il-burdata u l-aspett tag\u0127hom. Hemm seba &#8216;tempi ba\u017ci\u010bi fl-Armen, inklu\u017ci pre\u017centi, imperfetti, perfetti, aorist, futuri, pluperfetti, u futuri perfetti. Il-verbi regolari jsegwu mudelli spe\u010bifi\u010bi ta&#8217; konjugazzjoni, u jag\u0127mluhom relattivament fa\u010bli biex jitg\u0127allmu ladarba tifhem ir-regoli.<\/p>\n\n\n\n<h3 class=\"wp-block-heading\" id=\"h-4-adjectives-agreement-and-placement\">4. A\u0121\u0121ettivi: Ftehim u Tqeg\u0127id<\/h3>\n\n\n\n<p>Fil-grammatika Armena, l-a\u0121\u0121ettivi \u0121eneralment ji\u0121u qabel in-nom li jimmodifikaw, u m&#8217;g\u0127andhomx g\u0127alfejn jaqblu fil-ka\u017c man-nom. Madankollu, l-a\u0121\u0121ettivi jistg\u0127u ji\u0121u mi\u010b\u0127uda jekk jintu\u017caw b&#8217;mod sostantiv (b\u0127ala nom) jew ikunu pre\u010beduti minn \u010berti pronomi dimostrattivi u possessivi.<\/p>\n\n\n\n<p><strong>E\u017cempji:<\/strong><\/p>\n\n\n\n<p>\u2013 \u054d\u0578\u0582\u0580\u0562 T\u0561\u0573\u0561\u0580 (Surb Tachar) \u2013 Holy <a href=\"https:\/\/talkpal.ai\/locations\/learn-english-in-temple\/\">Temple<\/a><\/p>\n\n\n\n<p>\u2013 this grande \u057f\u0578\u0582\u0576 (ays <a href=\"https:\/\/talkpal.ai\/locations\/language-courses-in-metz\/\">metz<\/a> tun) \u2013 din id-dar kbira<\/p>\n\n\n\n<h3 class=\"wp-block-heading\" id=\"h-5-evidentiality-in-verbs\">5. Evidenzjalit\u00e0 fil-Verbi<\/h3>\n\n\n\n<p>Aspett uniku tal-grammatika Armena huwa l-u\u017cu ta &#8216;verbi evidenzjali. Din il-karatteristika turi s-sors tal-g\u0127arfien ta &#8216;kelliem (esperjenza personali, hearsay, jew inferenza) dwar l-azzjoni f&#8217;sentenza. Li tag\u0127ti attenzjoni lil dawn l-isfumaturi tista &#8216;tg\u0127inek tipprovdi kuntest u \u010barezza fil-konversazzjoni tieg\u0127ek.<\/p>\n\n\n\n<h3 class=\"wp-block-heading\" id=\"h-6-engaging-with-the-language\">6. Involviment mal-lingwa<\/h3>\n\n\n\n<p>L-aktar mod effettiv biex tifhem u tinternalizza l-grammatika Armena huwa li tintera\u0121ixxi regolarment mal-lingwa. Billi taqra l-letteratura Armena, tara films jew serje televi\u017civa, u tikkomunika b&#8217;mod attiv mal-kelliema nattivi, int se ssa\u0127\u0127a\u0127 il-fehim tieg\u0127ek tal-grammatika u tespandi l-vokabularju tieg\u0127ek fl-istess \u0127in.<\/p>\n\n\n\n<h3 class=\"wp-block-heading\" id=\"h-conclusion\">Konklu\u017cjoni<\/h3>\n\n\n\n<p>G\u0127alkemm il-grammatika Armena tista &#8216;tidher ikkumplikata, l-avvi\u010binament pass pass u l-prattika konsistenti jg\u0127inek issir profi\u010bjenti f&#8217;din il-lingwa sabi\u0127a. T\u0127addan l-isfida hekk kif tibda l-avventura tal-lingwa Armena tieg\u0127ek, u dalwaqt issib ru\u0127ek tinnaviga l-isfumaturi tal-grammatika tag\u0127ha b&#8217;kunfidenza dejjem tikber. Happy studying, and enjoy exploring the richness of <a href=\"https:\/\/talkpal.ai\/how-to-learn-armenian-at-home\/\">Armenian grammar<\/a>!<\/p>\n<\/div><\/div>\n\r\n<section class=\"learnNavigationSection\">\r\n            \r\n        <a href=\"https:\/\/talkpal.ai\/mt\/tghallem-armen\/\">\r\n            <div class=\"learnNavigationWrapper\">\r\n                <div class=\"learnNavigationContent\">\r\n                    <img decoding=\"async\" src=\"https:\/\/talkpal.ai\/wp-content\/uploads\/2024\/08\/Armenian.jpg\" alt=\"Armenian Flag\">\r\n                    <div>\r\n                        <h4>Dwar it-Tag\u0127lim Armen<\/h4>\r\n                        <p>Sir af kollox dwar il-grammatika Armena.<\/p>\r\n                    <\/div>\r\n                <\/div>\r\n            <\/div>\r\n        <\/a>\r\n\r\n        \r\n        <a href=\"https:\/\/talkpal.ai\/mt\/ezercizzji-tal-grammatika-armena\/\">\r\n            <div class=\"learnNavigationWrapper\">\r\n                <div class=\"learnNavigationContent\">\r\n                    <img decoding=\"async\" src=\"https:\/\/talkpal.ai\/wp-content\/uploads\/2024\/08\/Armenian.jpg\" alt=\"Armenian Flag\">\r\n                    <div>\r\n                        <h4>E\u017cer\u010bizzju tal-Grammatika Armena<\/h4>\r\n                        <p>Ipprattika l-grammatika Armena.<\/p>\r\n                    <\/div>\r\n                <\/div>\r\n            <\/div>\r\n        <\/a>\r\n\r\n        \r\n        <a href=\"https:\/\/talkpal.ai\/vocabulary_language\/armenian\/\">\r\n            <div class=\"learnNavigationWrapper\">\r\n                <div class=\"learnNavigationContent\">\r\n                    <img decoding=\"async\" src=\"https:\/\/talkpal.ai\/wp-content\/uploads\/2024\/08\/Armenian.jpg\" alt=\"Armenian Flag\">\r\n                    <div>\r\n                        <h4>Vokabularju Armen<\/h4>\r\n                        <p>Espandi l-vokabularju Armen tieg\u0127ek.<\/p>\r\n                    <\/div>\r\n                <\/div>\r\n            <\/div>\r\n        <\/a>\r\n\r\n            <\/section>","protected":false},"excerpt":{"rendered":"<p>Niskopru r-Rikkezza tal-Grammatika Armena L-Armen, lingwa unika u affaxxinanti, g\u0127andha post distint fil-familja Indo-Ewropea. It-tag\u0127lim tal-Armen mhux biss jarrikkixxi r-repertorju lingwistiku tieg\u0127ek i\u017cda wkoll jippermettilek tg\u0127addas fl-istorja u l-kultura rikka tal-Armenja. Filwaqt li l-grammatika Armena tista &#8216;tidher skora\u0121\u0121anti mal-ewwel daqqa t&#8217;g\u0127ajn, it-tqassim tag\u0127ha fil-komponenti essenzjali tag\u0127ha tissimplifika l-pro\u010bess. F&#8217;dan l-artikolu, a\u0127na ser nintrodu\u010buk g\u0127ad-dinja captivating [&hellip;]<\/p>\n","protected":false},"author":1,"featured_media":1442468,"parent":0,"menu_order":0,"comment_status":"closed","ping_status":"closed","template":"LearningContentPage.php","meta":{"_acf_changed":false,"footnotes":""},"class_list":["post-1443493","page","type-page","status-publish","has-post-thumbnail","hentry"],"acf":[],"yoast_head":"<!-- This site is optimized with the Yoast SEO Premium plugin v27.2 (Yoast SEO v27.2) - https:\/\/yoast.com\/product\/yoast-seo-premium-wordpress\/ -->\n<title>Grammatika Armena - Talkpal<\/title>\n<meta name=\"description\" content=\"Unlock the secrets of Armenian grammar and explore the rich culture of Armenia while mastering this charming language.\" \/>\n<meta name=\"robots\" content=\"index, follow, max-snippet:-1, max-image-preview:large, max-video-preview:-1\" \/>\n<link rel=\"canonical\" href=\"https:\/\/talkpal.ai\/mt\/grammatika-armena\/\" \/>\n<meta property=\"og:locale\" content=\"mt_MT\" \/>\n<meta property=\"og:type\" content=\"article\" \/>\n<meta property=\"og:title\" content=\"Grammatika Armena\" \/>\n<meta property=\"og:description\" content=\"Niskopru r-Rikkezza tal-Grammatika Armena L-Armen, lingwa unika u affaxxinanti, g\u0127andha post distint fil-familja Indo-Ewropea. It-tag\u0127lim tal-Armen mhux\" \/>\n<meta property=\"og:url\" content=\"https:\/\/talkpal.ai\/mt\/grammatika-armena\/\" \/>\n<meta property=\"og:site_name\" content=\"Talkpal\" \/>\n<meta property=\"article:publisher\" content=\"https:\/\/www.facebook.com\/profile.php?id=100090733639311\" \/>\n<meta property=\"article:modified_time\" content=\"2025-09-06T19:09:36+00:00\" \/>\n<meta property=\"og:image\" content=\"https:\/\/talkpal.ai\/wp-content\/uploads\/2023\/05\/armenia.png\" \/>\n\t<meta property=\"og:image:width\" content=\"512\" \/>\n\t<meta property=\"og:image:height\" content=\"512\" \/>\n\t<meta property=\"og:image:type\" content=\"image\/png\" \/>\n<meta name=\"twitter:card\" content=\"summary_large_image\" \/>\n<meta name=\"twitter:site\" content=\"@talkpalai\" \/>\n<meta name=\"twitter:label1\" content=\"Est. reading time\" \/>\n\t<meta name=\"twitter:data1\" content=\"2 minutes\" \/>\n<script type=\"application\/ld+json\" class=\"yoast-schema-graph\">{\"@context\":\"https:\/\/schema.org\",\"@graph\":[{\"@type\":\"WebPage\",\"@id\":\"https:\/\/talkpal.ai\/mt\/grammatika-armena\/\",\"url\":\"https:\/\/talkpal.ai\/mt\/grammatika-armena\/\",\"name\":\"Grammatika Armena - Talkpal\",\"isPartOf\":{\"@id\":\"https:\/\/talkpal.ai\/mt\/#website\"},\"primaryImageOfPage\":{\"@id\":\"https:\/\/talkpal.ai\/mt\/grammatika-armena\/#primaryimage\"},\"image\":{\"@id\":\"https:\/\/talkpal.ai\/mt\/grammatika-armena\/#primaryimage\"},\"thumbnailUrl\":\"https:\/\/talkpal.ai\/wp-content\/uploads\/2023\/05\/armenia.png\",\"datePublished\":\"2023-05-14T13:54:14+00:00\",\"dateModified\":\"2025-09-06T19:09:36+00:00\",\"description\":\"Unlock the secrets of Armenian grammar and explore the rich culture of Armenia while mastering this charming language.\",\"breadcrumb\":{\"@id\":\"https:\/\/talkpal.ai\/mt\/grammatika-armena\/#breadcrumb\"},\"inLanguage\":\"mt-MT\",\"potentialAction\":[{\"@type\":\"ReadAction\",\"target\":[\"https:\/\/talkpal.ai\/mt\/grammatika-armena\/\"]}]},{\"@type\":\"ImageObject\",\"inLanguage\":\"mt-MT\",\"@id\":\"https:\/\/talkpal.ai\/mt\/grammatika-armena\/#primaryimage\",\"url\":\"https:\/\/talkpal.ai\/wp-content\/uploads\/2023\/05\/armenia.png\",\"contentUrl\":\"https:\/\/talkpal.ai\/wp-content\/uploads\/2023\/05\/armenia.png\",\"width\":512,\"height\":512,\"caption\":\"TalkPal Armenia Flag\"},{\"@type\":\"BreadcrumbList\",\"@id\":\"https:\/\/talkpal.ai\/mt\/grammatika-armena\/#breadcrumb\",\"itemListElement\":[{\"@type\":\"ListItem\",\"position\":1,\"name\":\"Homepage\",\"item\":\"https:\/\/talkpal.ai\/mt\/\"},{\"@type\":\"ListItem\",\"position\":2,\"name\":\"Grammatika Armena\"}]},{\"@type\":\"WebSite\",\"@id\":\"https:\/\/talkpal.ai\/mt\/#website\",\"url\":\"https:\/\/talkpal.ai\/mt\/\",\"name\":\"Talkpal\",\"description\":\"AI Language Learning\",\"publisher\":{\"@id\":\"https:\/\/talkpal.ai\/mt\/#organization\"},\"alternateName\":\"Talkpal AI\",\"potentialAction\":[{\"@type\":\"SearchAction\",\"target\":{\"@type\":\"EntryPoint\",\"urlTemplate\":\"https:\/\/talkpal.ai\/mt\/?s={search_term_string}\"},\"query-input\":{\"@type\":\"PropertyValueSpecification\",\"valueRequired\":true,\"valueName\":\"search_term_string\"}}],\"inLanguage\":\"mt-MT\"},{\"@type\":\"Organization\",\"@id\":\"https:\/\/talkpal.ai\/mt\/#organization\",\"name\":\"Talkpal, Inc.\",\"alternateName\":\"Talkpal AI\",\"url\":\"https:\/\/talkpal.ai\/mt\/\",\"logo\":{\"@type\":\"ImageObject\",\"inLanguage\":\"mt-MT\",\"@id\":\"https:\/\/talkpal.ai\/mt\/#\/schema\/logo\/image\/\",\"url\":\"https:\/\/talkpal.ai\/wp-content\/uploads\/2024\/03\/Talkpal-Logo-Icon.png\",\"contentUrl\":\"https:\/\/talkpal.ai\/wp-content\/uploads\/2024\/03\/Talkpal-Logo-Icon.png\",\"width\":2880,\"height\":2880,\"caption\":\"Talkpal, Inc.\"},\"image\":{\"@id\":\"https:\/\/talkpal.ai\/mt\/#\/schema\/logo\/image\/\"},\"sameAs\":[\"https:\/\/www.facebook.com\/profile.php?id=100090733639311\",\"https:\/\/x.com\/talkpalai\",\"https:\/\/www.linkedin.com\/company\/talkpal\/\",\"https:\/\/www.youtube.com\/@TalkPal\/\",\"https:\/\/www.tiktok.com\/@talkpal\",\"https:\/\/www.instagram.com\/talkpal_ai\/\",\"https:\/\/www.crunchbase.com\/organization\/talkpal-9cde\",\"https:\/\/www.g2.com\/products\/talkpal-for-business\/\",\"https:\/\/www.trustpilot.com\/review\/talkpal.ai\",\"https:\/\/www.capterra.com\/p\/10006800\/TalkPal\/\"],\"description\":\"Talkpal is a language learning web and mobile education app, powered by the latest AI technologies, that provides engaging experiences to its customers in many different languages to help them improve their language skills. Users can chat about unlimited amount of topics with the app and use other modes to practice their language learning.\",\"email\":\"support@talkpal.ai\",\"legalName\":\"Talkpal, Inc.\",\"foundingDate\":\"2023-04-03\",\"duns\":\"118989042\",\"numberOfEmployees\":{\"@type\":\"QuantitativeValue\",\"minValue\":\"11\",\"maxValue\":\"50\"},\"publishingPrinciples\":\"https:\/\/talkpal.ai\/publishing-principles\/\",\"actionableFeedbackPolicy\":\"https:\/\/talkpal.ai\/actionable-feedback-policy\/\",\"correctionsPolicy\":\"https:\/\/talkpal.ai\/corrections-policy\/\",\"ethicsPolicy\":\"https:\/\/talkpal.ai\/ethics-policy\/\",\"diversityPolicy\":\"https:\/\/talkpal.ai\/diversity-policy\/\",\"diversityStaffingReport\":\"https:\/\/talkpal.ai\/diversity-policy\/\"}]}<\/script>\n<!-- \/ Yoast SEO Premium plugin. -->","yoast_head_json":{"title":"Grammatika Armena - Talkpal","description":"Unlock the secrets of Armenian grammar and explore the rich culture of Armenia while mastering this charming language.","robots":{"index":"index","follow":"follow","max-snippet":"max-snippet:-1","max-image-preview":"max-image-preview:large","max-video-preview":"max-video-preview:-1"},"canonical":"https:\/\/talkpal.ai\/mt\/grammatika-armena\/","og_locale":"mt_MT","og_type":"article","og_title":"Grammatika Armena","og_description":"Niskopru r-Rikkezza tal-Grammatika Armena L-Armen, lingwa unika u affaxxinanti, g\u0127andha post distint fil-familja Indo-Ewropea. It-tag\u0127lim tal-Armen mhux","og_url":"https:\/\/talkpal.ai\/mt\/grammatika-armena\/","og_site_name":"Talkpal","article_publisher":"https:\/\/www.facebook.com\/profile.php?id=100090733639311","article_modified_time":"2025-09-06T19:09:36+00:00","og_image":[{"width":512,"height":512,"url":"https:\/\/talkpal.ai\/wp-content\/uploads\/2023\/05\/armenia.png","type":"image\/png"}],"twitter_card":"summary_large_image","twitter_site":"@talkpalai","twitter_misc":{"Est. reading time":"2 minutes"},"schema":{"@context":"https:\/\/schema.org","@graph":[{"@type":"WebPage","@id":"https:\/\/talkpal.ai\/mt\/grammatika-armena\/","url":"https:\/\/talkpal.ai\/mt\/grammatika-armena\/","name":"Grammatika Armena - Talkpal","isPartOf":{"@id":"https:\/\/talkpal.ai\/mt\/#website"},"primaryImageOfPage":{"@id":"https:\/\/talkpal.ai\/mt\/grammatika-armena\/#primaryimage"},"image":{"@id":"https:\/\/talkpal.ai\/mt\/grammatika-armena\/#primaryimage"},"thumbnailUrl":"https:\/\/talkpal.ai\/wp-content\/uploads\/2023\/05\/armenia.png","datePublished":"2023-05-14T13:54:14+00:00","dateModified":"2025-09-06T19:09:36+00:00","description":"Unlock the secrets of Armenian grammar and explore the rich culture of Armenia while mastering this charming language.","breadcrumb":{"@id":"https:\/\/talkpal.ai\/mt\/grammatika-armena\/#breadcrumb"},"inLanguage":"mt-MT","potentialAction":[{"@type":"ReadAction","target":["https:\/\/talkpal.ai\/mt\/grammatika-armena\/"]}]},{"@type":"ImageObject","inLanguage":"mt-MT","@id":"https:\/\/talkpal.ai\/mt\/grammatika-armena\/#primaryimage","url":"https:\/\/talkpal.ai\/wp-content\/uploads\/2023\/05\/armenia.png","contentUrl":"https:\/\/talkpal.ai\/wp-content\/uploads\/2023\/05\/armenia.png","width":512,"height":512,"caption":"TalkPal Armenia Flag"},{"@type":"BreadcrumbList","@id":"https:\/\/talkpal.ai\/mt\/grammatika-armena\/#breadcrumb","itemListElement":[{"@type":"ListItem","position":1,"name":"Homepage","item":"https:\/\/talkpal.ai\/mt\/"},{"@type":"ListItem","position":2,"name":"Grammatika Armena"}]},{"@type":"WebSite","@id":"https:\/\/talkpal.ai\/mt\/#website","url":"https:\/\/talkpal.ai\/mt\/","name":"Talkpal","description":"AI Language Learning","publisher":{"@id":"https:\/\/talkpal.ai\/mt\/#organization"},"alternateName":"Talkpal AI","potentialAction":[{"@type":"SearchAction","target":{"@type":"EntryPoint","urlTemplate":"https:\/\/talkpal.ai\/mt\/?s={search_term_string}"},"query-input":{"@type":"PropertyValueSpecification","valueRequired":true,"valueName":"search_term_string"}}],"inLanguage":"mt-MT"},{"@type":"Organization","@id":"https:\/\/talkpal.ai\/mt\/#organization","name":"Talkpal, Inc.","alternateName":"Talkpal AI","url":"https:\/\/talkpal.ai\/mt\/","logo":{"@type":"ImageObject","inLanguage":"mt-MT","@id":"https:\/\/talkpal.ai\/mt\/#\/schema\/logo\/image\/","url":"https:\/\/talkpal.ai\/wp-content\/uploads\/2024\/03\/Talkpal-Logo-Icon.png","contentUrl":"https:\/\/talkpal.ai\/wp-content\/uploads\/2024\/03\/Talkpal-Logo-Icon.png","width":2880,"height":2880,"caption":"Talkpal, Inc."},"image":{"@id":"https:\/\/talkpal.ai\/mt\/#\/schema\/logo\/image\/"},"sameAs":["https:\/\/www.facebook.com\/profile.php?id=100090733639311","https:\/\/x.com\/talkpalai","https:\/\/www.linkedin.com\/company\/talkpal\/","https:\/\/www.youtube.com\/@TalkPal\/","https:\/\/www.tiktok.com\/@talkpal","https:\/\/www.instagram.com\/talkpal_ai\/","https:\/\/www.crunchbase.com\/organization\/talkpal-9cde","https:\/\/www.g2.com\/products\/talkpal-for-business\/","https:\/\/www.trustpilot.com\/review\/talkpal.ai","https:\/\/www.capterra.com\/p\/10006800\/TalkPal\/"],"description":"Talkpal is a language learning web and mobile education app, powered by the latest AI technologies, that provides engaging experiences to its customers in many different languages to help them improve their language skills. Users can chat about unlimited amount of topics with the app and use other modes to practice their language learning.","email":"support@talkpal.ai","legalName":"Talkpal, Inc.","foundingDate":"2023-04-03","duns":"118989042","numberOfEmployees":{"@type":"QuantitativeValue","minValue":"11","maxValue":"50"},"publishingPrinciples":"https:\/\/talkpal.ai\/publishing-principles\/","actionableFeedbackPolicy":"https:\/\/talkpal.ai\/actionable-feedback-policy\/","correctionsPolicy":"https:\/\/talkpal.ai\/corrections-policy\/","ethicsPolicy":"https:\/\/talkpal.ai\/ethics-policy\/","diversityPolicy":"https:\/\/talkpal.ai\/diversity-policy\/","diversityStaffingReport":"https:\/\/talkpal.ai\/diversity-policy\/"}]}},"_links":{"self":[{"href":"https:\/\/talkpal.ai\/mt\/wp-json\/wp\/v2\/pages\/1443493","targetHints":{"allow":["GET"]}}],"collection":[{"href":"https:\/\/talkpal.ai\/mt\/wp-json\/wp\/v2\/pages"}],"about":[{"href":"https:\/\/talkpal.ai\/mt\/wp-json\/wp\/v2\/types\/page"}],"author":[{"embeddable":true,"href":"https:\/\/talkpal.ai\/mt\/wp-json\/wp\/v2\/users\/1"}],"replies":[{"embeddable":true,"href":"https:\/\/talkpal.ai\/mt\/wp-json\/wp\/v2\/comments?post=1443493"}],"version-history":[{"count":0,"href":"https:\/\/talkpal.ai\/mt\/wp-json\/wp\/v2\/pages\/1443493\/revisions"}],"wp:featuredmedia":[{"embeddable":true,"href":"https:\/\/talkpal.ai\/mt\/wp-json\/wp\/v2\/media\/1442468"}],"wp:attachment":[{"href":"https:\/\/talkpal.ai\/mt\/wp-json\/wp\/v2\/media?parent=1443493"}],"curies":[{"name":"wp","href":"https:\/\/api.w.org\/{rel}","templated":true}]}}