{"id":1443489,"date":"2023-05-14T13:59:42","date_gmt":"2023-05-14T13:59:42","guid":{"rendered":"https:\/\/talkpal.ai\/grammatika-tal-belarussja\/"},"modified":"2025-09-06T19:09:36","modified_gmt":"2025-09-06T19:09:36","slug":"grammatika-tal-belarussja","status":"publish","type":"page","link":"https:\/\/talkpal.ai\/mt\/grammatika-tal-belarussja\/","title":{"rendered":"Grammatika tal-Belarussja"},"content":{"rendered":"\r\n\r\n\r\n<section class=\"languageChallengeSection\">\r\n    <div class=\"languageInfoWrapper\">\r\n        \r\n        <h1>Grammatika tal-Belarussja<\/h1>\r\n        <p>Skopri s-sbu\u0127ija u r-rikkezza tal-lingwa Belarussa billi titg\u0127allem ir-regoli fundamentali tal-grammatika tag\u0127ha. Il-bini ta &#039;fehim solidu tal-grammatika Belarussa jg\u0127inek tikkomunika b&#039;kunfidenza u tikkonnettja mal-kultura Belarussa. G\u0127addas issa u ibda l-vja\u0121\u0121 tieg\u0127ek biex tikkontrolla l-Belarus illum!<\/p>\r\n\r\n                            <a class=\"getStartedHidden\" href=\"https:\/\/app.talkpal.ai\/signup?lng=\">Ibda<\/a>\r\n        \r\n    <\/div>\r\n\r\n    <figure>\r\n    <img decoding=\"async\" width=\"768\" height=\"768\" src=\"https:\/\/talkpal.ai\/wp-content\/uploads\/2023\/06\/belarusian-768x768.png\" class=\"languageImage no-lazy\" alt=\"Language learning for academic excellence\" fetchpriority=\"high\" sizes=\"(max-width: 768px) 150px, 768px\" srcset=\"https:\/\/talkpal.ai\/wp-content\/uploads\/2023\/06\/belarusian-768x768.png 768w, https:\/\/talkpal.ai\/wp-content\/uploads\/2023\/06\/belarusian-300x300.png 300w\" \/>\r\n    \r\n\r\n    <\/figure>\r\n\r\n            <a class=\"getStartedVisible\" href=\"https:\/\/app.talkpal.ai\/signup?lng=\">Ibda<\/a>\r\n    \r\n<\/section>\r\n<section class=\"promotionalBanner\">\r\n    <p class=\"promotionalText\">L-aktar mod effi\u010bjenti biex titg\u0127allem lingwa<\/p>\r\n    <a class=\"promotionalLink\" href=\"https:\/\/app.talkpal.ai\/signup?lng=\">Ipprova Talkpal b&#8217;xejn<\/a>\r\n<\/section>\n<div class=\"wp-block-group pageContainerStyle\"><div class=\"wp-block-group__inner-container is-layout-constrained wp-block-group-is-layout-constrained\">\n<h2 class=\"wp-block-heading\" id=\"h-belarusian-grammar-a-closer-look-at-the-slavic-language-s-intricacies\">Grammatika Belarussa: \u0126arsa aktar mill-qrib lejn il-kumplessitajiet tal-lingwa Slava<\/h2>\n\n\n\n<p>Int poliglot aspiranti b&#8217;faxxinu g\u0127al-lingwi Slavi? Jew forsi int biss kurju\u017c dwar il-kumplessitajiet grammatikali tal-lingwi minn dan ir-re\u0121jun interessanti? Jekk iva, bokkla! F&#8217;dan l-artikolu, se nesploraw id-dinja mill-isba\u0127 tal-grammatika Belarussa, membru inqas mag\u0127ruf i\u017cda affaxxinanti tal-familja tal-lingwa Slava.<\/p>\n\n\n\n<p>Ejja nid\u0127lu, g\u0127andna?<\/p>\n\n\n\n<h3 class=\"wp-block-heading\" id=\"h-first-things-first-what-is-belarusian\">L-ewwel affarijiet l-ewwel: X&#8217;inhu l-Belarus?<\/h3>\n\n\n\n<p>Il-Belarus huwa l-lingwa uffi\u010bjali tal-Belarussja, pajji\u017c imdawwar bl-art li jinsab fl-Ewropa tal-Lvant bejn ir-Russja, l-Ukrajna, il-Polonja, il-Litwanja, u l-Latvja. B&#8217;madwar 7.9 miljun kelliem, il-Belarussu g\u0127andu se\u0127er endearing kemm g\u0127al-lingwisti kif ukoll g\u0127ad-dilettanti tal-lingwa. B\u0127ala lingwa Slava, il-Belarussu jippossjedi \u0127afna xebh mar-Russu, l-Ukren, u l-Pollakk; madankollu, t\u0127addan ukoll il-karatteristi\u010bi uni\u010bi tag\u0127ha stess li jiddistingwuh minn \u0127utu.<\/p>\n\n\n\n<h3 class=\"wp-block-heading\" id=\"h-the-building-blocks-nouns-pronouns-and-cases\">Il-Blokki tal-Bini: Nomi, Pronomi, u Ka\u017cijiet<\/h3>\n\n\n\n<p>B\u0127al lingwi Slavi o\u0127ra, il-grammatika Belarussa ddur madwar l-inflessjoni tal-kliem. Dan ifisser li t-truf tal-kliem jinbidlu skont il-funzjoni grammatikali tag\u0127hom f&#8217;sentenza. Dan huwa l-aktar evidenti f&#8217;nomi, pronomi, u a\u0121\u0121ettivi meta jintu\u017caw f&#8217;ka\u017cijiet differenti. Il-Belarussu g\u0127andu sitt ka\u017cijiet, li huma kif \u0121ej:<\/p>\n\n\n\n<p><strong>1. Nominativ \u2013 jindika s-su\u0121\u0121ett ta&#8217; sentenza<\/strong><\/p>\n\n\n\n<p><strong>2. \u0120enittiv &#8211; juri pussess jew l-o\u0121\u0121ett ta &#8216;negazzjoni<\/strong><\/p>\n\n\n\n<p><strong>3. Dative \u2013 jimmarka l-o\u0121\u0121ett indirett ta&#8217; sentenza<\/strong><\/p>\n\n\n\n<p><strong>4. Akku\u017cativ \u2013 ifisser l-o\u0121\u0121ett dirett ta&#8217; sentenza<\/strong><\/p>\n\n\n\n<p><strong>5. Strumentali \u2013 jesprimi l-mezzi jew il-metodu li bih titwettaq azzjoni<\/strong><\/p>\n\n\n\n<p><strong>6. Prepo\u017cizzjonali jew Lokattiv &#8211; jispe\u010bifika l-post jew l-o\u0121\u0121ett tal-prepo\u017cizzjonijiet<\/strong><\/p>\n\n\n\n<p>Minbarra l-ka\u017cijiet, in-nomi Belarussi g\u0127andhom ukoll tliet \u0121eneri (maskili, femminili, u neutri) u \u017cew\u0121 numri (singular u plural). Kull kombinazzjoni ta &#8216;\u0121eneru u numru g\u0127andha truf spe\u010bifi\u010bi f&#8217;kull ka\u017c, li jag\u0127milha kru\u010bjali li dawn ji\u0121u memorizzati sabiex jinbnew sentenzi grammatikalment korretti.<\/p>\n\n\n\n<h3 class=\"wp-block-heading\" id=\"h-let-s-talk-verbs-tenses-aspects-and-moods\">Let&#8217;s Talk Verbs: Tenses, Aspects, and Moods<\/h3>\n\n\n\n<p>Il-verbi Belarussi huma kumplessi mill-isba\u0127, mimlijin sfumaturi u kumplessit\u00e0. G\u0127andhom tliet tempi (passat, pre\u017cent, u futur), \u017cew\u0121 aspetti (perfettivi u imperfettivi), kif ukoll tliet burdati (indikattivi, imperattivi, u kondizzjonali). Dak li jag\u0127mel il-verbi Belarussi jispikkaw minn lingwi Slavi o\u0127ra huwa l-u\u017cu estensiv tal-aspett tag\u0127hom.<\/p>\n\n\n\n<p>L-aspett jirreferi g\u0127al jekk azzjoni hijiex meqjusa b\u0127ala kompluta (perfettiva) jew kontinwa (imperfettiva). \u0126afna verbi ji\u0121u f&#8217;pari li jindikaw l-aspetti differenti, \u0127afna drabi bl-u\u017cu ta &#8216;prefiss jew suffiss uniku. Il-\u0127akma tal-aspett hija essenzjali biex tifhem is-sottilitajiet tal-lingwa Belarussa.<\/p>\n\n\n\n<h3 class=\"wp-block-heading\" id=\"h-adjectives-adverbs-and-other-delights\">A\u0121\u0121ettivi, Adverbji, u Delights O\u0127ra<\/h3>\n\n\n\n<p>L-a\u0121\u0121ettivi Belarussi jaqblu man-nomi li jimmodifikaw f&#8217;termini ta &#8216;sess, numru, u ka\u017c. G\u0127andhom ukoll forom komparattivi u superlattivi biex jesprimu gradi differenti ta &#8216;kwalit\u00e0. <a href=\"https:\/\/talkpal.ai\/locations\/language-courses-in-barra\/\">Barra<\/a> minn hekk, \u0127afna avverbji huma derivati minn a\u0121\u0121ettivi billi sempli\u010bement i\u017cidu s-suffiss &#8216;-\u0430&#8217; g\u0127all-maskili u &#8216;-\u044b&#8217; g\u0127all-femminili.<\/p>\n\n\n\n<p>Il-lingwa Belarussa fiha wkoll firxa affaxxinanti ta &#8216;kon\u0121unzjonijiet, prepo\u017cizzjonijiet, numri u parti\u010belli biex jg\u0127inuk to\u0127loq sentenzi elaborati u espressivi. B&#8217;prattika bi\u017c\u017cejjed, dalwaqt tkun tista &#8216;tinsi\u0121 kliemek flimkien b\u0127al wordsmith Belarus veru.<\/p>\n\n\n\n<h3 class=\"wp-block-heading\" id=\"h-in-closing-the-magic-of-belarusian-grammar\">Fl-g\u0127eluq: Il-Ma\u0121ija tal-Grammatika Belarussa<\/h3>\n\n\n\n<p>Mill-ewwel daqqa t&#8217;g\u0127ajn, il-grammatika Belarussa tista &#8216;tidher skora\u0121\u0121anti. Madankollu, hekk kif t\u0127affef aktar fil-fond fl-arazzi rikki tag\u0127ha ta &#8216;ka\u017cijiet, aspetti, u quirks lingwisti\u010bi o\u0127ra, tiskopri lingwa mimlija fond, sfumaturi u espressivit\u00e0. Li t\u0127addan l-isfida tal-grammatika Belarussa mhux biss tipprovdilek fehim akbar tal-familja Slava b&#8217;mod \u0121enerali i\u017cda wkoll tag\u0127tik a\u010b\u010bess g\u0127al kultura sabi\u0127a u vibranti li tistenna l-esplorazzjoni tieg\u0127ek.<\/p>\n\n\n\n<p>Issa, armati b&#8217;fehim \u0121did tal-grammatika Belarussa, g\u0127aliex ma tg\u0127addas aktar fil-fond f&#8217;din il-lingwa affaxxinanti? Min jaf &#8211; forsi \u0121urnata wa\u0127da, issib ru\u0127ek strolling fit-toroq ta &#8216;Minsk, ming\u0127ajr sforz chatting man-nies tal-lokal fil-lingwa nattiva tag\u0127hom. Tag\u0127lim kuntent!<\/p>\n<\/div><\/div>\n\r\n<section class=\"learnNavigationSection\">\r\n            \r\n        <a href=\"https:\/\/talkpal.ai\/mt\/tghallem-il-belarus\/\">\r\n            <div class=\"learnNavigationWrapper\">\r\n                <div class=\"learnNavigationContent\">\r\n                    <img decoding=\"async\" src=\"https:\/\/talkpal.ai\/wp-content\/uploads\/2024\/08\/Belarusian.jpg\" alt=\"Belarusian Flag\">\r\n                    <div>\r\n                        <h4>Dwar it-Tag\u0127lim tal-Belarussja<\/h4>\r\n                        <p>Sir af kollox dwar il-grammatika Belarussa.<\/p>\r\n                    <\/div>\r\n                <\/div>\r\n            <\/div>\r\n        <\/a>\r\n\r\n        \r\n        <a href=\"https:\/\/talkpal.ai\/mt\/ezercizzji-tal-grammatika-belarussa\/\">\r\n            <div class=\"learnNavigationWrapper\">\r\n                <div class=\"learnNavigationContent\">\r\n                    <img decoding=\"async\" src=\"https:\/\/talkpal.ai\/wp-content\/uploads\/2024\/08\/Belarusian.jpg\" alt=\"Belarusian Flag\">\r\n                    <div>\r\n                        <h4>E\u017cer\u010bizzju tal-Grammatika tal-Bjelorussja<\/h4>\r\n                        <p>Ipprattika l-grammatika Belarussa.<\/p>\r\n                    <\/div>\r\n                <\/div>\r\n            <\/div>\r\n        <\/a>\r\n\r\n        \r\n        <a href=\"https:\/\/talkpal.ai\/vocabulary_language\/belarusian\/\">\r\n            <div class=\"learnNavigationWrapper\">\r\n                <div class=\"learnNavigationContent\">\r\n                    <img decoding=\"async\" src=\"https:\/\/talkpal.ai\/wp-content\/uploads\/2024\/08\/Belarusian.jpg\" alt=\"Belarusian Flag\">\r\n                    <div>\r\n                        <h4>Vokabularju Belarussu<\/h4>\r\n                        <p>Espandi l-vokabularju Belarussu tieg\u0127ek.<\/p>\r\n                    <\/div>\r\n                <\/div>\r\n            <\/div>\r\n        <\/a>\r\n\r\n            <\/section>","protected":false},"excerpt":{"rendered":"<p>Grammatika Belarussa: \u0126arsa aktar mill-qrib lejn il-kumplessitajiet tal-lingwa Slava Int poliglot aspiranti b&#8217;faxxinu g\u0127al-lingwi Slavi? Jew forsi int biss kurju\u017c dwar il-kumplessitajiet grammatikali tal-lingwi minn dan ir-re\u0121jun interessanti? Jekk iva, bokkla! F&#8217;dan l-artikolu, se nesploraw id-dinja mill-isba\u0127 tal-grammatika Belarussa, membru inqas mag\u0127ruf i\u017cda affaxxinanti tal-familja tal-lingwa Slava. Ejja nid\u0127lu, g\u0127andna? L-ewwel affarijiet l-ewwel: X&#8217;inhu l-Belarus? [&hellip;]<\/p>\n","protected":false},"author":1,"featured_media":1443490,"parent":0,"menu_order":0,"comment_status":"closed","ping_status":"closed","template":"LearningContentPage.php","meta":{"_acf_changed":false,"footnotes":""},"class_list":["post-1443489","page","type-page","status-publish","has-post-thumbnail","hentry"],"acf":[],"yoast_head":"<!-- This site is optimized with the Yoast SEO Premium plugin v27.2 (Yoast SEO v27.2) - https:\/\/yoast.com\/product\/yoast-seo-premium-wordpress\/ -->\n<title>Grammatika tal-Belarussja - Talkpal<\/title>\n<meta name=\"description\" content=\"Kaptan il-Grammatika Belarussa ming\u0127ajr sforz ma &#039;TalkPal, l-g\u0127alliem tal-lingwa tieg\u0127ek li ja\u0127dem bl-AI. Ikseb spjegazzjonijiet \u010bari, pariri utli, u e\u017cer\u010bizzji interattivi!\" \/>\n<meta name=\"robots\" content=\"index, follow, max-snippet:-1, max-image-preview:large, max-video-preview:-1\" \/>\n<link rel=\"canonical\" href=\"https:\/\/talkpal.ai\/mt\/grammatika-tal-belarussja\/\" \/>\n<meta property=\"og:locale\" content=\"mt_MT\" \/>\n<meta property=\"og:type\" content=\"article\" \/>\n<meta property=\"og:title\" content=\"Grammatika tal-Belarussja\" \/>\n<meta property=\"og:description\" content=\"Grammatika Belarussa: \u0126arsa aktar mill-qrib lejn il-kumplessitajiet tal-lingwa Slava Int poliglot aspiranti b&#039;faxxinu g\u0127al-lingwi Slavi? Jew forsi int\" \/>\n<meta property=\"og:url\" content=\"https:\/\/talkpal.ai\/mt\/grammatika-tal-belarussja\/\" \/>\n<meta property=\"og:site_name\" content=\"Talkpal\" \/>\n<meta property=\"article:publisher\" content=\"https:\/\/www.facebook.com\/profile.php?id=100090733639311\" \/>\n<meta property=\"article:modified_time\" content=\"2025-09-06T19:09:36+00:00\" \/>\n<meta property=\"og:image\" content=\"https:\/\/talkpal.ai\/wp-content\/uploads\/2023\/05\/belarus.png\" \/>\n\t<meta property=\"og:image:width\" content=\"512\" \/>\n\t<meta property=\"og:image:height\" content=\"512\" \/>\n\t<meta property=\"og:image:type\" content=\"image\/png\" \/>\n<meta name=\"twitter:card\" content=\"summary_large_image\" \/>\n<meta name=\"twitter:site\" content=\"@talkpalai\" \/>\n<meta name=\"twitter:label1\" content=\"Est. reading time\" \/>\n\t<meta name=\"twitter:data1\" content=\"3 minutes\" \/>\n<script type=\"application\/ld+json\" class=\"yoast-schema-graph\">{\"@context\":\"https:\/\/schema.org\",\"@graph\":[{\"@type\":\"WebPage\",\"@id\":\"https:\/\/talkpal.ai\/mt\/grammatika-tal-belarussja\/\",\"url\":\"https:\/\/talkpal.ai\/mt\/grammatika-tal-belarussja\/\",\"name\":\"Grammatika tal-Belarussja - Talkpal\",\"isPartOf\":{\"@id\":\"https:\/\/talkpal.ai\/mt\/#website\"},\"primaryImageOfPage\":{\"@id\":\"https:\/\/talkpal.ai\/mt\/grammatika-tal-belarussja\/#primaryimage\"},\"image\":{\"@id\":\"https:\/\/talkpal.ai\/mt\/grammatika-tal-belarussja\/#primaryimage\"},\"thumbnailUrl\":\"https:\/\/talkpal.ai\/wp-content\/uploads\/2023\/05\/belarus.png\",\"datePublished\":\"2023-05-14T13:59:42+00:00\",\"dateModified\":\"2025-09-06T19:09:36+00:00\",\"description\":\"Kaptan il-Grammatika Belarussa ming\u0127ajr sforz ma 'TalkPal, l-g\u0127alliem tal-lingwa tieg\u0127ek li ja\u0127dem bl-AI. Ikseb spjegazzjonijiet \u010bari, pariri utli, u e\u017cer\u010bizzji interattivi!\",\"breadcrumb\":{\"@id\":\"https:\/\/talkpal.ai\/mt\/grammatika-tal-belarussja\/#breadcrumb\"},\"inLanguage\":\"mt-MT\",\"potentialAction\":[{\"@type\":\"ReadAction\",\"target\":[\"https:\/\/talkpal.ai\/mt\/grammatika-tal-belarussja\/\"]}]},{\"@type\":\"ImageObject\",\"inLanguage\":\"mt-MT\",\"@id\":\"https:\/\/talkpal.ai\/mt\/grammatika-tal-belarussja\/#primaryimage\",\"url\":\"https:\/\/talkpal.ai\/wp-content\/uploads\/2023\/05\/belarus.png\",\"contentUrl\":\"https:\/\/talkpal.ai\/wp-content\/uploads\/2023\/05\/belarus.png\",\"width\":512,\"height\":512,\"caption\":\"TalkPal Belarus Flag\"},{\"@type\":\"BreadcrumbList\",\"@id\":\"https:\/\/talkpal.ai\/mt\/grammatika-tal-belarussja\/#breadcrumb\",\"itemListElement\":[{\"@type\":\"ListItem\",\"position\":1,\"name\":\"Homepage\",\"item\":\"https:\/\/talkpal.ai\/mt\/\"},{\"@type\":\"ListItem\",\"position\":2,\"name\":\"Grammatika tal-Belarussja\"}]},{\"@type\":\"WebSite\",\"@id\":\"https:\/\/talkpal.ai\/mt\/#website\",\"url\":\"https:\/\/talkpal.ai\/mt\/\",\"name\":\"Talkpal\",\"description\":\"AI Language Learning\",\"publisher\":{\"@id\":\"https:\/\/talkpal.ai\/mt\/#organization\"},\"alternateName\":\"Talkpal AI\",\"potentialAction\":[{\"@type\":\"SearchAction\",\"target\":{\"@type\":\"EntryPoint\",\"urlTemplate\":\"https:\/\/talkpal.ai\/mt\/?s={search_term_string}\"},\"query-input\":{\"@type\":\"PropertyValueSpecification\",\"valueRequired\":true,\"valueName\":\"search_term_string\"}}],\"inLanguage\":\"mt-MT\"},{\"@type\":\"Organization\",\"@id\":\"https:\/\/talkpal.ai\/mt\/#organization\",\"name\":\"Talkpal, Inc.\",\"alternateName\":\"Talkpal AI\",\"url\":\"https:\/\/talkpal.ai\/mt\/\",\"logo\":{\"@type\":\"ImageObject\",\"inLanguage\":\"mt-MT\",\"@id\":\"https:\/\/talkpal.ai\/mt\/#\/schema\/logo\/image\/\",\"url\":\"https:\/\/talkpal.ai\/wp-content\/uploads\/2024\/03\/Talkpal-Logo-Icon.png\",\"contentUrl\":\"https:\/\/talkpal.ai\/wp-content\/uploads\/2024\/03\/Talkpal-Logo-Icon.png\",\"width\":2880,\"height\":2880,\"caption\":\"Talkpal, Inc.\"},\"image\":{\"@id\":\"https:\/\/talkpal.ai\/mt\/#\/schema\/logo\/image\/\"},\"sameAs\":[\"https:\/\/www.facebook.com\/profile.php?id=100090733639311\",\"https:\/\/x.com\/talkpalai\",\"https:\/\/www.linkedin.com\/company\/talkpal\/\",\"https:\/\/www.youtube.com\/@TalkPal\/\",\"https:\/\/www.tiktok.com\/@talkpal\",\"https:\/\/www.instagram.com\/talkpal_ai\/\",\"https:\/\/www.crunchbase.com\/organization\/talkpal-9cde\",\"https:\/\/www.g2.com\/products\/talkpal-for-business\/\",\"https:\/\/www.trustpilot.com\/review\/talkpal.ai\",\"https:\/\/www.capterra.com\/p\/10006800\/TalkPal\/\"],\"description\":\"Talkpal is a language learning web and mobile education app, powered by the latest AI technologies, that provides engaging experiences to its customers in many different languages to help them improve their language skills. Users can chat about unlimited amount of topics with the app and use other modes to practice their language learning.\",\"email\":\"support@talkpal.ai\",\"legalName\":\"Talkpal, Inc.\",\"foundingDate\":\"2023-04-03\",\"duns\":\"118989042\",\"numberOfEmployees\":{\"@type\":\"QuantitativeValue\",\"minValue\":\"11\",\"maxValue\":\"50\"},\"publishingPrinciples\":\"https:\/\/talkpal.ai\/publishing-principles\/\",\"actionableFeedbackPolicy\":\"https:\/\/talkpal.ai\/actionable-feedback-policy\/\",\"correctionsPolicy\":\"https:\/\/talkpal.ai\/corrections-policy\/\",\"ethicsPolicy\":\"https:\/\/talkpal.ai\/ethics-policy\/\",\"diversityPolicy\":\"https:\/\/talkpal.ai\/diversity-policy\/\",\"diversityStaffingReport\":\"https:\/\/talkpal.ai\/diversity-policy\/\"}]}<\/script>\n<!-- \/ Yoast SEO Premium plugin. -->","yoast_head_json":{"title":"Grammatika tal-Belarussja - Talkpal","description":"Kaptan il-Grammatika Belarussa ming\u0127ajr sforz ma 'TalkPal, l-g\u0127alliem tal-lingwa tieg\u0127ek li ja\u0127dem bl-AI. Ikseb spjegazzjonijiet \u010bari, pariri utli, u e\u017cer\u010bizzji interattivi!","robots":{"index":"index","follow":"follow","max-snippet":"max-snippet:-1","max-image-preview":"max-image-preview:large","max-video-preview":"max-video-preview:-1"},"canonical":"https:\/\/talkpal.ai\/mt\/grammatika-tal-belarussja\/","og_locale":"mt_MT","og_type":"article","og_title":"Grammatika tal-Belarussja","og_description":"Grammatika Belarussa: \u0126arsa aktar mill-qrib lejn il-kumplessitajiet tal-lingwa Slava Int poliglot aspiranti b'faxxinu g\u0127al-lingwi Slavi? Jew forsi int","og_url":"https:\/\/talkpal.ai\/mt\/grammatika-tal-belarussja\/","og_site_name":"Talkpal","article_publisher":"https:\/\/www.facebook.com\/profile.php?id=100090733639311","article_modified_time":"2025-09-06T19:09:36+00:00","og_image":[{"width":512,"height":512,"url":"https:\/\/talkpal.ai\/wp-content\/uploads\/2023\/05\/belarus.png","type":"image\/png"}],"twitter_card":"summary_large_image","twitter_site":"@talkpalai","twitter_misc":{"Est. reading time":"3 minutes"},"schema":{"@context":"https:\/\/schema.org","@graph":[{"@type":"WebPage","@id":"https:\/\/talkpal.ai\/mt\/grammatika-tal-belarussja\/","url":"https:\/\/talkpal.ai\/mt\/grammatika-tal-belarussja\/","name":"Grammatika tal-Belarussja - Talkpal","isPartOf":{"@id":"https:\/\/talkpal.ai\/mt\/#website"},"primaryImageOfPage":{"@id":"https:\/\/talkpal.ai\/mt\/grammatika-tal-belarussja\/#primaryimage"},"image":{"@id":"https:\/\/talkpal.ai\/mt\/grammatika-tal-belarussja\/#primaryimage"},"thumbnailUrl":"https:\/\/talkpal.ai\/wp-content\/uploads\/2023\/05\/belarus.png","datePublished":"2023-05-14T13:59:42+00:00","dateModified":"2025-09-06T19:09:36+00:00","description":"Kaptan il-Grammatika Belarussa ming\u0127ajr sforz ma 'TalkPal, l-g\u0127alliem tal-lingwa tieg\u0127ek li ja\u0127dem bl-AI. Ikseb spjegazzjonijiet \u010bari, pariri utli, u e\u017cer\u010bizzji interattivi!","breadcrumb":{"@id":"https:\/\/talkpal.ai\/mt\/grammatika-tal-belarussja\/#breadcrumb"},"inLanguage":"mt-MT","potentialAction":[{"@type":"ReadAction","target":["https:\/\/talkpal.ai\/mt\/grammatika-tal-belarussja\/"]}]},{"@type":"ImageObject","inLanguage":"mt-MT","@id":"https:\/\/talkpal.ai\/mt\/grammatika-tal-belarussja\/#primaryimage","url":"https:\/\/talkpal.ai\/wp-content\/uploads\/2023\/05\/belarus.png","contentUrl":"https:\/\/talkpal.ai\/wp-content\/uploads\/2023\/05\/belarus.png","width":512,"height":512,"caption":"TalkPal Belarus Flag"},{"@type":"BreadcrumbList","@id":"https:\/\/talkpal.ai\/mt\/grammatika-tal-belarussja\/#breadcrumb","itemListElement":[{"@type":"ListItem","position":1,"name":"Homepage","item":"https:\/\/talkpal.ai\/mt\/"},{"@type":"ListItem","position":2,"name":"Grammatika tal-Belarussja"}]},{"@type":"WebSite","@id":"https:\/\/talkpal.ai\/mt\/#website","url":"https:\/\/talkpal.ai\/mt\/","name":"Talkpal","description":"AI Language Learning","publisher":{"@id":"https:\/\/talkpal.ai\/mt\/#organization"},"alternateName":"Talkpal AI","potentialAction":[{"@type":"SearchAction","target":{"@type":"EntryPoint","urlTemplate":"https:\/\/talkpal.ai\/mt\/?s={search_term_string}"},"query-input":{"@type":"PropertyValueSpecification","valueRequired":true,"valueName":"search_term_string"}}],"inLanguage":"mt-MT"},{"@type":"Organization","@id":"https:\/\/talkpal.ai\/mt\/#organization","name":"Talkpal, Inc.","alternateName":"Talkpal AI","url":"https:\/\/talkpal.ai\/mt\/","logo":{"@type":"ImageObject","inLanguage":"mt-MT","@id":"https:\/\/talkpal.ai\/mt\/#\/schema\/logo\/image\/","url":"https:\/\/talkpal.ai\/wp-content\/uploads\/2024\/03\/Talkpal-Logo-Icon.png","contentUrl":"https:\/\/talkpal.ai\/wp-content\/uploads\/2024\/03\/Talkpal-Logo-Icon.png","width":2880,"height":2880,"caption":"Talkpal, Inc."},"image":{"@id":"https:\/\/talkpal.ai\/mt\/#\/schema\/logo\/image\/"},"sameAs":["https:\/\/www.facebook.com\/profile.php?id=100090733639311","https:\/\/x.com\/talkpalai","https:\/\/www.linkedin.com\/company\/talkpal\/","https:\/\/www.youtube.com\/@TalkPal\/","https:\/\/www.tiktok.com\/@talkpal","https:\/\/www.instagram.com\/talkpal_ai\/","https:\/\/www.crunchbase.com\/organization\/talkpal-9cde","https:\/\/www.g2.com\/products\/talkpal-for-business\/","https:\/\/www.trustpilot.com\/review\/talkpal.ai","https:\/\/www.capterra.com\/p\/10006800\/TalkPal\/"],"description":"Talkpal is a language learning web and mobile education app, powered by the latest AI technologies, that provides engaging experiences to its customers in many different languages to help them improve their language skills. Users can chat about unlimited amount of topics with the app and use other modes to practice their language learning.","email":"support@talkpal.ai","legalName":"Talkpal, Inc.","foundingDate":"2023-04-03","duns":"118989042","numberOfEmployees":{"@type":"QuantitativeValue","minValue":"11","maxValue":"50"},"publishingPrinciples":"https:\/\/talkpal.ai\/publishing-principles\/","actionableFeedbackPolicy":"https:\/\/talkpal.ai\/actionable-feedback-policy\/","correctionsPolicy":"https:\/\/talkpal.ai\/corrections-policy\/","ethicsPolicy":"https:\/\/talkpal.ai\/ethics-policy\/","diversityPolicy":"https:\/\/talkpal.ai\/diversity-policy\/","diversityStaffingReport":"https:\/\/talkpal.ai\/diversity-policy\/"}]}},"_links":{"self":[{"href":"https:\/\/talkpal.ai\/mt\/wp-json\/wp\/v2\/pages\/1443489","targetHints":{"allow":["GET"]}}],"collection":[{"href":"https:\/\/talkpal.ai\/mt\/wp-json\/wp\/v2\/pages"}],"about":[{"href":"https:\/\/talkpal.ai\/mt\/wp-json\/wp\/v2\/types\/page"}],"author":[{"embeddable":true,"href":"https:\/\/talkpal.ai\/mt\/wp-json\/wp\/v2\/users\/1"}],"replies":[{"embeddable":true,"href":"https:\/\/talkpal.ai\/mt\/wp-json\/wp\/v2\/comments?post=1443489"}],"version-history":[{"count":0,"href":"https:\/\/talkpal.ai\/mt\/wp-json\/wp\/v2\/pages\/1443489\/revisions"}],"wp:featuredmedia":[{"embeddable":true,"href":"https:\/\/talkpal.ai\/mt\/wp-json\/wp\/v2\/media\/1443490"}],"wp:attachment":[{"href":"https:\/\/talkpal.ai\/mt\/wp-json\/wp\/v2\/media?parent=1443489"}],"curies":[{"name":"wp","href":"https:\/\/api.w.org\/{rel}","templated":true}]}}