{"id":1443482,"date":"2023-05-14T13:53:48","date_gmt":"2023-05-14T13:53:48","guid":{"rendered":"https:\/\/talkpal.ai\/grammatika-tal-azerbajgan\/"},"modified":"2025-09-06T19:09:34","modified_gmt":"2025-09-06T19:09:34","slug":"grammatika-tal-azerbajgan","status":"publish","type":"page","link":"https:\/\/talkpal.ai\/mt\/grammatika-tal-azerbajgan\/","title":{"rendered":"Grammatika tal-A\u017cerbaj\u0121an"},"content":{"rendered":"\r\n\r\n\r\n<section class=\"languageChallengeSection\">\r\n    <div class=\"languageInfoWrapper\">\r\n        \r\n        <h1>Grammatika tal-A\u017cerbaj\u0121an<\/h1>\r\n        <p>Lest biex tifta\u0127 is-sbu\u0127ija tal-lingwa A\u017cerbaj\u0121ana? G\u0127addas fil-grammatika tal-A\u017cerbaj\u0121an u skopri l-istruttura unika tag\u0127ha, mill-armonija tal-vokali g\u0127all-forom tal-verbi espressivi. Ibda titg\u0127allem illum, u esperjenza kif il-\u0127akma tal-grammatika verament tifta\u0127 it-triq tieg\u0127ek g\u0127al konversazzjoni fluwenti u fehim aktar profond tal-kultura A\u017cerbaj\u0121ana!<\/p>\r\n\r\n                            <a class=\"getStartedHidden\" href=\"https:\/\/app.talkpal.ai\/signup?lng=\">Ibda<\/a>\r\n        \r\n    <\/div>\r\n\r\n    <figure>\r\n    <img decoding=\"async\" width=\"768\" height=\"768\" src=\"https:\/\/talkpal.ai\/wp-content\/uploads\/2023\/06\/azerbaijani-768x768.png\" class=\"languageImage no-lazy\" alt=\"Language learning for enhanced cognitive skills\" fetchpriority=\"high\" sizes=\"(max-width: 768px) 150px, 768px\" srcset=\"https:\/\/talkpal.ai\/wp-content\/uploads\/2023\/06\/azerbaijani-768x768.png 768w, https:\/\/talkpal.ai\/wp-content\/uploads\/2023\/06\/azerbaijani-300x300.png 300w\" \/>\r\n    \r\n\r\n    <\/figure>\r\n\r\n            <a class=\"getStartedVisible\" href=\"https:\/\/app.talkpal.ai\/signup?lng=\">Ibda<\/a>\r\n    \r\n<\/section>\r\n<section class=\"promotionalBanner\">\r\n    <p class=\"promotionalText\">L-aktar mod effi\u010bjenti biex titg\u0127allem lingwa<\/p>\r\n    <a class=\"promotionalLink\" href=\"https:\/\/app.talkpal.ai\/signup?lng=\">Ipprova Talkpal b&#8217;xejn<\/a>\r\n<\/section>\n<div class=\"wp-block-group pageContainerStyle\"><div class=\"wp-block-group__inner-container is-layout-constrained wp-block-group-is-layout-constrained\">\n<h2 class=\"wp-block-heading\" id=\"h-a-comprehensive-guide-to-azerbaijani-grammar\">Gwida komprensiva g\u0127all-grammatika tal-A\u017cerbaj\u0121an<\/h2>\n\n\n\n<p>Qatt \u0127sibt li titg\u0127allem l-A\u017cerbaj\u0121an? B\u0127ala l-lingwa uffi\u010bjali tal-A\u017cerbaj\u0121an u mitkellma minn miljuni ta&#8217; nies fir-re\u0121jun tal-Kawkasu, l-A\u017cerbaj\u0121an huwa lingwa unika u affaxxinanti. Bi storja rikka, kultura diversa, u ta\u0127lita ta &#8216;influwenzi mill-lingwi <a href=\"https:\/\/talkpal.ai\/learn-turkish\/\">Tork<\/a>, Russi u Persjani, l-A\u017cerbaj\u0121an jipprovdi esperjenza lingwistika unika. Imma tib\u017cax, \u0127abib tieg\u0127i! F&#8217;dan l-artikolu, se ni\u017cvelaw l-g\u0127e\u0121ubijiet tal-grammatika tal-A\u017cerbaj\u0121an, u nag\u0127mluha a\u010b\u010bessibbli, u nazzarda ng\u0127id, pja\u010bevoli g\u0127al dilettanti tal-lingwa b\u0127alek.<\/p>\n\n\n\n<p><strong>Ejja nibdew, g\u0127andna?<\/strong><\/p>\n\n\n\n<h3 class=\"wp-block-heading\" id=\"h-1-the-azerbaijani-alphabet-a-fusion-of-beauty-and-simplicity\">1. L-alfabett A\u017cerbaj\u0121an: Fu\u017cjoni ta &#8216;Sbu\u0127ija u Sempli\u010bit\u00e0<\/h3>\n\n\n\n<p>L-alfabett A\u017cerbaj\u0121an huwa bba\u017cat fuq l-iskrittura <a href=\"https:\/\/talkpal.ai\/locations\/language-courses-in-latina\/\">Latina<\/a>, li tikkonsisti fi 32 ittra. Tinkwetax, ma jkollokx g\u0127alfejn tidde\u010bifra karattri kripti\u010bi, peress li tixbah mill-qrib l-alfabett <a href=\"https:\/\/talkpal.ai\/learn-english-with-ai\/\">Ingli\u017c<\/a>. Xi ittri, madankollu, g\u0127andhom a\u010b\u010benti uni\u010bi u <a href=\"https:\/\/talkpal.ai\/locations\/language-courses-in-marki\/\">marki<\/a> dijakriti\u010bi biex jirrappre\u017centaw \u0127sejjes spe\u010bifi\u010bi tal-A\u017cerbaj\u0121an. X&#8217;inhu t-takeaway ewlieni? Il-\u0127akma tal-alfabett hija l-ewwel pass \u017cg\u0127ir i\u017cda essenzjali fit-tag\u0127lim tal-lingwa.<\/p>\n\n\n\n<h3 class=\"wp-block-heading\" id=\"h-2-word-order-simple-as-s-o-v\">2. Ordni tal-Kelma: Sempli\u010bi daqs S-O-V!<\/h3>\n\n\n\n<p>B&#8217;differenza mill-Ingli\u017c, li jsegwi ordni ta &#8216;kliem su\u0121\u0121ett-verb-o\u0121\u0121ett (SVO), l-A\u017cerbaj\u0121an huwa lingwa SOV. Dan ifisser li normalment issib is-su\u0121\u0121ett fil-bidu ta &#8216;sentenza, segwit mill-o\u0121\u0121ett, u jispi\u010b\u010ba bil-verb. Dan jista &#8216;jidher daqsxejn stramba g\u0127all-ewwel, imma emminni, int ser ikollok il-hang ta&#8217; dan fl-ebda \u0127in! Per e\u017cempju, bl-Ingli\u017c, ng\u0127idu &#8220;I love Azerbaijan&#8221;. Fl-A\u017cerbaj\u0121an, is-sentenza tkun &#8220;M\u0259n Az\u0259rbaycan\u0131 sevir\u0259m&#8221; (litteralment, &#8220;I <a href=\"https:\/\/talkpal.ai\/learn-azerbaijani\/\">Azerbaijan<\/a> love&#8221;). Bi\u010b\u010ba kejk, hux?<\/p>\n\n\n\n<h3 class=\"wp-block-heading\" id=\"h-3-noun-cases-a-colorful-display-of-linguistic-variety\">3. Noun Cases: A Colorful Display of Linguistic Variety<\/h3>\n\n\n\n<p>Wa\u0127da mill-aktar karatteristi\u010bi impressjonanti tal-grammatika tal-A\u017cerbaj\u0121an hija l-ka\u017cijiet tan-nomi tag\u0127ha. Il-lingwa tifta\u0127ar b&#8217;sitt ka\u017cijiet distinti, kull wie\u0127ed minnhom iservi funzjoni spe\u010bifika. Dawn huma: nominativ, \u0121enittiv, dattiv, akku\u017cattiv, lokattiv, u ablattiv. Issa, dan jista &#8216;jinstema&#8217; intimidanti, imma tib\u017cax! Just like painting a picture with different colors, these cases add depth and meaning to your sentences. Pere\u017cempju, &#8220;kitab&#8221; (ktieb) jista &#8216;jinbidel f'&#8221;kitab\u0131n&#8221; (tal-ktieb) biex iwassal il-pussess. Hekk kif gradwalment tiffamiljarizza ru\u0127ek ma &#8216;dawn il-ka\u017cijiet, tibda tapprezza s-sinifikat tag\u0127hom fil-lingwa.<\/p>\n\n\n\n<h3 class=\"wp-block-heading\" id=\"h-4-verb-conjugation-express-yourself-with-ease\">4. Konjugazzjoni tal-Verb: Esprimi lilek innifsek bil-fa\u010bilit\u00e0<\/h3>\n\n\n\n<p>Il-verbi tal-A\u017cerbaj\u0121an huma sinjuri u espressivi, li jippermettulek twassal firxa wiesg\u0127a ta &#8216;azzjonijiet, emozzjonijiet, intenzjonijiet, u aktar. I\u010b-\u010bavetta g\u0127all-\u0127akma tal-konjugazzjoni tal-verb tal-A\u017cerbaj\u0121an tinsab fil-fehim tal-forma infinittiva (il-forma ba\u017cika, mhux konjugata tal-verb) u diversi suffissi li jindikaw it-temp, il-persuna, u n-numru. Pere\u017cempju, l-infinittiv &#8220;g\u00f6rm\u0259k&#8221; (biex tara) jista &#8216;jsir &#8220;g\u00f6r\u00fcr\u0259m&#8221; (nara) jew &#8220;g\u00f6rd\u00fcm&#8221; (rajt) permezz tal-ma\u0121ija tal-konjugazzjoni. Il-prattika tag\u0127mel perfetta, allura \u017comm fiha u int ser tkun whiz tal-konjugazzjoni tal-verb fl-ebda \u0127in!<\/p>\n\n\n\n<h3 class=\"wp-block-heading\" id=\"h-5-it-s-all-about-the-context-dig-deep-into-the-azerbaijani-mindset\">5. Huwa kollox dwar il-kuntest: \u0126affer fil-fond fil-mentalit\u00e0 tal-A\u017cerbaj\u0121an!<\/h3>\n\n\n\n<p>Hekk kif tibda tg\u0127aqqad sentenzi u tg\u0127addas ru\u0127ek fil-lingwa A\u017cerbaj\u0121an, dejjem \u017comm f&#8217;mo\u0127\u0127ok li l-kuntest huwa kru\u010bjali. Il-kultura, l-istorja u l-vi\u017cjoni tad-dinja tal-A\u017cerbaj\u0121an g\u0127andhom rwol kbir fit-tfassil tal-lingwa. G\u0127alhekk, kif jg\u0127idu, &#8220;meta tkun f&#8217;Ruma, ag\u0127mel kif jag\u0127mlu r-Rumani.&#8221; Dive into the Azerbaijani mindset to get a true sense of the language. Engage with native speakers, explore local literature, and embrace the idiosyncrasies of the language. Trust me, int mhux biss ittejjeb il-profi\u010bjenza lingwistika tieg\u0127ek, i\u017cda wkoll tikseb esperjenzi u memorji li ma jintesewx.<\/p>\n\n\n\n<p>B\u0127ala konklu\u017cjoni, il-grammatika tal-A\u017cerbaj\u0121an tista &#8216;tidher ta&#8217; sfida g\u0127all-ewwel, i\u017cda b&#8217;dedikazzjoni, prattika, u interess qawwi fil-kultura, int tkun pro fl-ebda \u0127in! Allura, g\u0127aliex tistenna? Take the plunge and embark on this exciting linguistic adventure that will leave you in awe of the beauty and depth of the Azerbaijani language.<\/p>\n<\/div><\/div>\n\r\n<section class=\"learnNavigationSection\">\r\n            \r\n        <a href=\"https:\/\/talkpal.ai\/mt\/tghallem-l-azerbajgan\/\">\r\n            <div class=\"learnNavigationWrapper\">\r\n                <div class=\"learnNavigationContent\">\r\n                    <img decoding=\"async\" src=\"https:\/\/talkpal.ai\/wp-content\/uploads\/2024\/08\/Azerbaijani.jpg\" alt=\"Azerbaijani Flag\">\r\n                    <div>\r\n                        <h4>Dwar it-Tag\u0127lim tal-A\u017cerbaj\u0121an<\/h4>\r\n                        <p>Sir af kollox dwar il-grammatika tal-A\u017cerbaj\u0121an.<\/p>\r\n                    <\/div>\r\n                <\/div>\r\n            <\/div>\r\n        <\/a>\r\n\r\n        \r\n        <a href=\"https:\/\/talkpal.ai\/mt\/ezercizzji-tal-grammatika-azerbajgana\/\">\r\n            <div class=\"learnNavigationWrapper\">\r\n                <div class=\"learnNavigationContent\">\r\n                    <img decoding=\"async\" src=\"https:\/\/talkpal.ai\/wp-content\/uploads\/2024\/08\/Azerbaijani.jpg\" alt=\"Azerbaijani Flag\">\r\n                    <div>\r\n                        <h4>E\u017cer\u010bizzju tal-Grammatika tal-A\u017cerbaj\u0121an<\/h4>\r\n                        <p>Ipprattika l-grammatika tal-A\u017cerbaj\u0121an.<\/p>\r\n                    <\/div>\r\n                <\/div>\r\n            <\/div>\r\n        <\/a>\r\n\r\n        \r\n        <a href=\"https:\/\/talkpal.ai\/vocabulary_language\/azerbaijani\/\">\r\n            <div class=\"learnNavigationWrapper\">\r\n                <div class=\"learnNavigationContent\">\r\n                    <img decoding=\"async\" src=\"https:\/\/talkpal.ai\/wp-content\/uploads\/2024\/08\/Azerbaijani.jpg\" alt=\"Azerbaijani Flag\">\r\n                    <div>\r\n                        <h4>Vokabularju tal-A\u017cerbaj\u0121an<\/h4>\r\n                        <p>Espandi l-vokabularju A\u017cerbaj\u0121an tieg\u0127ek.<\/p>\r\n                    <\/div>\r\n                <\/div>\r\n            <\/div>\r\n        <\/a>\r\n\r\n            <\/section>","protected":false},"excerpt":{"rendered":"<p>Gwida komprensiva g\u0127all-grammatika tal-A\u017cerbaj\u0121an Qatt \u0127sibt li titg\u0127allem l-A\u017cerbaj\u0121an? B\u0127ala l-lingwa uffi\u010bjali tal-A\u017cerbaj\u0121an u mitkellma minn miljuni ta&#8217; nies fir-re\u0121jun tal-Kawkasu, l-A\u017cerbaj\u0121an huwa lingwa unika u affaxxinanti. Bi storja rikka, kultura diversa, u ta\u0127lita ta &#8216;influwenzi mill-lingwi Tork, Russi u Persjani, l-A\u017cerbaj\u0121an jipprovdi esperjenza lingwistika unika. Imma tib\u017cax, \u0127abib tieg\u0127i! F&#8217;dan l-artikolu, se ni\u017cvelaw l-g\u0127e\u0121ubijiet [&hellip;]<\/p>\n","protected":false},"author":1,"featured_media":1443484,"parent":0,"menu_order":0,"comment_status":"closed","ping_status":"closed","template":"LearningContentPage.php","meta":{"_acf_changed":false,"footnotes":""},"class_list":["post-1443482","page","type-page","status-publish","has-post-thumbnail","hentry"],"acf":[],"yoast_head":"<!-- This site is optimized with the Yoast SEO Premium plugin v27.2 (Yoast SEO v27.2) - https:\/\/yoast.com\/product\/yoast-seo-premium-wordpress\/ -->\n<title>Grammatika tal-A\u017cerbaj\u0121an - Talkpal<\/title>\n<meta name=\"description\" content=\"Kaptan il-Grammatika tal-A\u017cerbaj\u0121an ming\u0127ajr sforz ma &#039;TalkPal, l-g\u0127alliem tieg\u0127ek li ja\u0127dem bl-AI. Skopri spjegazzjonijiet fa\u010bli, e\u017cer\u010bizzji interattivi, u pariri pratti\u010bi\" \/>\n<meta name=\"robots\" content=\"index, follow, max-snippet:-1, max-image-preview:large, max-video-preview:-1\" \/>\n<link rel=\"canonical\" href=\"https:\/\/talkpal.ai\/mt\/grammatika-tal-azerbajgan\/\" \/>\n<meta property=\"og:locale\" content=\"mt_MT\" \/>\n<meta property=\"og:type\" content=\"article\" \/>\n<meta property=\"og:title\" content=\"Grammatika tal-A\u017cerbaj\u0121an\" \/>\n<meta property=\"og:description\" content=\"Gwida komprensiva g\u0127all-grammatika tal-A\u017cerbaj\u0121an Qatt \u0127sibt li titg\u0127allem l-A\u017cerbaj\u0121an? B\u0127ala l-lingwa uffi\u010bjali tal-A\u017cerbaj\u0121an u mitkellma minn miljuni\" \/>\n<meta property=\"og:url\" content=\"https:\/\/talkpal.ai\/mt\/grammatika-tal-azerbajgan\/\" \/>\n<meta property=\"og:site_name\" content=\"Talkpal\" \/>\n<meta property=\"article:publisher\" content=\"https:\/\/www.facebook.com\/profile.php?id=100090733639311\" \/>\n<meta property=\"article:modified_time\" content=\"2025-09-06T19:09:34+00:00\" \/>\n<meta property=\"og:image\" content=\"https:\/\/talkpal.ai\/wp-content\/uploads\/2023\/05\/azerbaijan.png\" \/>\n\t<meta property=\"og:image:width\" content=\"512\" \/>\n\t<meta property=\"og:image:height\" content=\"512\" \/>\n\t<meta property=\"og:image:type\" content=\"image\/png\" \/>\n<meta name=\"twitter:card\" content=\"summary_large_image\" \/>\n<meta name=\"twitter:site\" content=\"@talkpalai\" \/>\n<meta name=\"twitter:label1\" content=\"Est. reading time\" \/>\n\t<meta name=\"twitter:data1\" content=\"3 minutes\" \/>\n<script type=\"application\/ld+json\" class=\"yoast-schema-graph\">{\"@context\":\"https:\/\/schema.org\",\"@graph\":[{\"@type\":\"WebPage\",\"@id\":\"https:\/\/talkpal.ai\/mt\/grammatika-tal-azerbajgan\/\",\"url\":\"https:\/\/talkpal.ai\/mt\/grammatika-tal-azerbajgan\/\",\"name\":\"Grammatika tal-A\u017cerbaj\u0121an - Talkpal\",\"isPartOf\":{\"@id\":\"https:\/\/talkpal.ai\/mt\/#website\"},\"primaryImageOfPage\":{\"@id\":\"https:\/\/talkpal.ai\/mt\/grammatika-tal-azerbajgan\/#primaryimage\"},\"image\":{\"@id\":\"https:\/\/talkpal.ai\/mt\/grammatika-tal-azerbajgan\/#primaryimage\"},\"thumbnailUrl\":\"https:\/\/talkpal.ai\/wp-content\/uploads\/2023\/05\/azerbaijan.png\",\"datePublished\":\"2023-05-14T13:53:48+00:00\",\"dateModified\":\"2025-09-06T19:09:34+00:00\",\"description\":\"Kaptan il-Grammatika tal-A\u017cerbaj\u0121an ming\u0127ajr sforz ma 'TalkPal, l-g\u0127alliem tieg\u0127ek li ja\u0127dem bl-AI. Skopri spjegazzjonijiet fa\u010bli, e\u017cer\u010bizzji interattivi, u pariri pratti\u010bi\",\"breadcrumb\":{\"@id\":\"https:\/\/talkpal.ai\/mt\/grammatika-tal-azerbajgan\/#breadcrumb\"},\"inLanguage\":\"mt-MT\",\"potentialAction\":[{\"@type\":\"ReadAction\",\"target\":[\"https:\/\/talkpal.ai\/mt\/grammatika-tal-azerbajgan\/\"]}]},{\"@type\":\"ImageObject\",\"inLanguage\":\"mt-MT\",\"@id\":\"https:\/\/talkpal.ai\/mt\/grammatika-tal-azerbajgan\/#primaryimage\",\"url\":\"https:\/\/talkpal.ai\/wp-content\/uploads\/2023\/05\/azerbaijan.png\",\"contentUrl\":\"https:\/\/talkpal.ai\/wp-content\/uploads\/2023\/05\/azerbaijan.png\",\"width\":512,\"height\":512,\"caption\":\"TalkPal Azerbaijan Flag\"},{\"@type\":\"BreadcrumbList\",\"@id\":\"https:\/\/talkpal.ai\/mt\/grammatika-tal-azerbajgan\/#breadcrumb\",\"itemListElement\":[{\"@type\":\"ListItem\",\"position\":1,\"name\":\"Homepage\",\"item\":\"https:\/\/talkpal.ai\/mt\/\"},{\"@type\":\"ListItem\",\"position\":2,\"name\":\"Grammatika tal-A\u017cerbaj\u0121an\"}]},{\"@type\":\"WebSite\",\"@id\":\"https:\/\/talkpal.ai\/mt\/#website\",\"url\":\"https:\/\/talkpal.ai\/mt\/\",\"name\":\"Talkpal\",\"description\":\"AI Language Learning\",\"publisher\":{\"@id\":\"https:\/\/talkpal.ai\/mt\/#organization\"},\"alternateName\":\"Talkpal AI\",\"potentialAction\":[{\"@type\":\"SearchAction\",\"target\":{\"@type\":\"EntryPoint\",\"urlTemplate\":\"https:\/\/talkpal.ai\/mt\/?s={search_term_string}\"},\"query-input\":{\"@type\":\"PropertyValueSpecification\",\"valueRequired\":true,\"valueName\":\"search_term_string\"}}],\"inLanguage\":\"mt-MT\"},{\"@type\":\"Organization\",\"@id\":\"https:\/\/talkpal.ai\/mt\/#organization\",\"name\":\"Talkpal, Inc.\",\"alternateName\":\"Talkpal AI\",\"url\":\"https:\/\/talkpal.ai\/mt\/\",\"logo\":{\"@type\":\"ImageObject\",\"inLanguage\":\"mt-MT\",\"@id\":\"https:\/\/talkpal.ai\/mt\/#\/schema\/logo\/image\/\",\"url\":\"https:\/\/talkpal.ai\/wp-content\/uploads\/2024\/03\/Talkpal-Logo-Icon.png\",\"contentUrl\":\"https:\/\/talkpal.ai\/wp-content\/uploads\/2024\/03\/Talkpal-Logo-Icon.png\",\"width\":2880,\"height\":2880,\"caption\":\"Talkpal, Inc.\"},\"image\":{\"@id\":\"https:\/\/talkpal.ai\/mt\/#\/schema\/logo\/image\/\"},\"sameAs\":[\"https:\/\/www.facebook.com\/profile.php?id=100090733639311\",\"https:\/\/x.com\/talkpalai\",\"https:\/\/www.linkedin.com\/company\/talkpal\/\",\"https:\/\/www.youtube.com\/@TalkPal\/\",\"https:\/\/www.tiktok.com\/@talkpal\",\"https:\/\/www.instagram.com\/talkpal_ai\/\",\"https:\/\/www.crunchbase.com\/organization\/talkpal-9cde\",\"https:\/\/www.g2.com\/products\/talkpal-for-business\/\",\"https:\/\/www.trustpilot.com\/review\/talkpal.ai\",\"https:\/\/www.capterra.com\/p\/10006800\/TalkPal\/\"],\"description\":\"Talkpal is a language learning web and mobile education app, powered by the latest AI technologies, that provides engaging experiences to its customers in many different languages to help them improve their language skills. Users can chat about unlimited amount of topics with the app and use other modes to practice their language learning.\",\"email\":\"support@talkpal.ai\",\"legalName\":\"Talkpal, Inc.\",\"foundingDate\":\"2023-04-03\",\"duns\":\"118989042\",\"numberOfEmployees\":{\"@type\":\"QuantitativeValue\",\"minValue\":\"11\",\"maxValue\":\"50\"},\"publishingPrinciples\":\"https:\/\/talkpal.ai\/publishing-principles\/\",\"actionableFeedbackPolicy\":\"https:\/\/talkpal.ai\/actionable-feedback-policy\/\",\"correctionsPolicy\":\"https:\/\/talkpal.ai\/corrections-policy\/\",\"ethicsPolicy\":\"https:\/\/talkpal.ai\/ethics-policy\/\",\"diversityPolicy\":\"https:\/\/talkpal.ai\/diversity-policy\/\",\"diversityStaffingReport\":\"https:\/\/talkpal.ai\/diversity-policy\/\"}]}<\/script>\n<!-- \/ Yoast SEO Premium plugin. -->","yoast_head_json":{"title":"Grammatika tal-A\u017cerbaj\u0121an - Talkpal","description":"Kaptan il-Grammatika tal-A\u017cerbaj\u0121an ming\u0127ajr sforz ma 'TalkPal, l-g\u0127alliem tieg\u0127ek li ja\u0127dem bl-AI. Skopri spjegazzjonijiet fa\u010bli, e\u017cer\u010bizzji interattivi, u pariri pratti\u010bi","robots":{"index":"index","follow":"follow","max-snippet":"max-snippet:-1","max-image-preview":"max-image-preview:large","max-video-preview":"max-video-preview:-1"},"canonical":"https:\/\/talkpal.ai\/mt\/grammatika-tal-azerbajgan\/","og_locale":"mt_MT","og_type":"article","og_title":"Grammatika tal-A\u017cerbaj\u0121an","og_description":"Gwida komprensiva g\u0127all-grammatika tal-A\u017cerbaj\u0121an Qatt \u0127sibt li titg\u0127allem l-A\u017cerbaj\u0121an? B\u0127ala l-lingwa uffi\u010bjali tal-A\u017cerbaj\u0121an u mitkellma minn miljuni","og_url":"https:\/\/talkpal.ai\/mt\/grammatika-tal-azerbajgan\/","og_site_name":"Talkpal","article_publisher":"https:\/\/www.facebook.com\/profile.php?id=100090733639311","article_modified_time":"2025-09-06T19:09:34+00:00","og_image":[{"width":512,"height":512,"url":"https:\/\/talkpal.ai\/wp-content\/uploads\/2023\/05\/azerbaijan.png","type":"image\/png"}],"twitter_card":"summary_large_image","twitter_site":"@talkpalai","twitter_misc":{"Est. reading time":"3 minutes"},"schema":{"@context":"https:\/\/schema.org","@graph":[{"@type":"WebPage","@id":"https:\/\/talkpal.ai\/mt\/grammatika-tal-azerbajgan\/","url":"https:\/\/talkpal.ai\/mt\/grammatika-tal-azerbajgan\/","name":"Grammatika tal-A\u017cerbaj\u0121an - Talkpal","isPartOf":{"@id":"https:\/\/talkpal.ai\/mt\/#website"},"primaryImageOfPage":{"@id":"https:\/\/talkpal.ai\/mt\/grammatika-tal-azerbajgan\/#primaryimage"},"image":{"@id":"https:\/\/talkpal.ai\/mt\/grammatika-tal-azerbajgan\/#primaryimage"},"thumbnailUrl":"https:\/\/talkpal.ai\/wp-content\/uploads\/2023\/05\/azerbaijan.png","datePublished":"2023-05-14T13:53:48+00:00","dateModified":"2025-09-06T19:09:34+00:00","description":"Kaptan il-Grammatika tal-A\u017cerbaj\u0121an ming\u0127ajr sforz ma 'TalkPal, l-g\u0127alliem tieg\u0127ek li ja\u0127dem bl-AI. Skopri spjegazzjonijiet fa\u010bli, e\u017cer\u010bizzji interattivi, u pariri pratti\u010bi","breadcrumb":{"@id":"https:\/\/talkpal.ai\/mt\/grammatika-tal-azerbajgan\/#breadcrumb"},"inLanguage":"mt-MT","potentialAction":[{"@type":"ReadAction","target":["https:\/\/talkpal.ai\/mt\/grammatika-tal-azerbajgan\/"]}]},{"@type":"ImageObject","inLanguage":"mt-MT","@id":"https:\/\/talkpal.ai\/mt\/grammatika-tal-azerbajgan\/#primaryimage","url":"https:\/\/talkpal.ai\/wp-content\/uploads\/2023\/05\/azerbaijan.png","contentUrl":"https:\/\/talkpal.ai\/wp-content\/uploads\/2023\/05\/azerbaijan.png","width":512,"height":512,"caption":"TalkPal Azerbaijan Flag"},{"@type":"BreadcrumbList","@id":"https:\/\/talkpal.ai\/mt\/grammatika-tal-azerbajgan\/#breadcrumb","itemListElement":[{"@type":"ListItem","position":1,"name":"Homepage","item":"https:\/\/talkpal.ai\/mt\/"},{"@type":"ListItem","position":2,"name":"Grammatika tal-A\u017cerbaj\u0121an"}]},{"@type":"WebSite","@id":"https:\/\/talkpal.ai\/mt\/#website","url":"https:\/\/talkpal.ai\/mt\/","name":"Talkpal","description":"AI Language Learning","publisher":{"@id":"https:\/\/talkpal.ai\/mt\/#organization"},"alternateName":"Talkpal AI","potentialAction":[{"@type":"SearchAction","target":{"@type":"EntryPoint","urlTemplate":"https:\/\/talkpal.ai\/mt\/?s={search_term_string}"},"query-input":{"@type":"PropertyValueSpecification","valueRequired":true,"valueName":"search_term_string"}}],"inLanguage":"mt-MT"},{"@type":"Organization","@id":"https:\/\/talkpal.ai\/mt\/#organization","name":"Talkpal, Inc.","alternateName":"Talkpal AI","url":"https:\/\/talkpal.ai\/mt\/","logo":{"@type":"ImageObject","inLanguage":"mt-MT","@id":"https:\/\/talkpal.ai\/mt\/#\/schema\/logo\/image\/","url":"https:\/\/talkpal.ai\/wp-content\/uploads\/2024\/03\/Talkpal-Logo-Icon.png","contentUrl":"https:\/\/talkpal.ai\/wp-content\/uploads\/2024\/03\/Talkpal-Logo-Icon.png","width":2880,"height":2880,"caption":"Talkpal, Inc."},"image":{"@id":"https:\/\/talkpal.ai\/mt\/#\/schema\/logo\/image\/"},"sameAs":["https:\/\/www.facebook.com\/profile.php?id=100090733639311","https:\/\/x.com\/talkpalai","https:\/\/www.linkedin.com\/company\/talkpal\/","https:\/\/www.youtube.com\/@TalkPal\/","https:\/\/www.tiktok.com\/@talkpal","https:\/\/www.instagram.com\/talkpal_ai\/","https:\/\/www.crunchbase.com\/organization\/talkpal-9cde","https:\/\/www.g2.com\/products\/talkpal-for-business\/","https:\/\/www.trustpilot.com\/review\/talkpal.ai","https:\/\/www.capterra.com\/p\/10006800\/TalkPal\/"],"description":"Talkpal is a language learning web and mobile education app, powered by the latest AI technologies, that provides engaging experiences to its customers in many different languages to help them improve their language skills. Users can chat about unlimited amount of topics with the app and use other modes to practice their language learning.","email":"support@talkpal.ai","legalName":"Talkpal, Inc.","foundingDate":"2023-04-03","duns":"118989042","numberOfEmployees":{"@type":"QuantitativeValue","minValue":"11","maxValue":"50"},"publishingPrinciples":"https:\/\/talkpal.ai\/publishing-principles\/","actionableFeedbackPolicy":"https:\/\/talkpal.ai\/actionable-feedback-policy\/","correctionsPolicy":"https:\/\/talkpal.ai\/corrections-policy\/","ethicsPolicy":"https:\/\/talkpal.ai\/ethics-policy\/","diversityPolicy":"https:\/\/talkpal.ai\/diversity-policy\/","diversityStaffingReport":"https:\/\/talkpal.ai\/diversity-policy\/"}]}},"_links":{"self":[{"href":"https:\/\/talkpal.ai\/mt\/wp-json\/wp\/v2\/pages\/1443482","targetHints":{"allow":["GET"]}}],"collection":[{"href":"https:\/\/talkpal.ai\/mt\/wp-json\/wp\/v2\/pages"}],"about":[{"href":"https:\/\/talkpal.ai\/mt\/wp-json\/wp\/v2\/types\/page"}],"author":[{"embeddable":true,"href":"https:\/\/talkpal.ai\/mt\/wp-json\/wp\/v2\/users\/1"}],"replies":[{"embeddable":true,"href":"https:\/\/talkpal.ai\/mt\/wp-json\/wp\/v2\/comments?post=1443482"}],"version-history":[{"count":0,"href":"https:\/\/talkpal.ai\/mt\/wp-json\/wp\/v2\/pages\/1443482\/revisions"}],"wp:featuredmedia":[{"embeddable":true,"href":"https:\/\/talkpal.ai\/mt\/wp-json\/wp\/v2\/media\/1443484"}],"wp:attachment":[{"href":"https:\/\/talkpal.ai\/mt\/wp-json\/wp\/v2\/media?parent=1443482"}],"curies":[{"name":"wp","href":"https:\/\/api.w.org\/{rel}","templated":true}]}}