{"id":1443478,"date":"2023-05-14T13:52:49","date_gmt":"2023-05-14T13:52:49","guid":{"rendered":"https:\/\/talkpal.ai\/grammatika-russa\/"},"modified":"2025-12-13T15:16:50","modified_gmt":"2025-12-13T15:16:50","slug":"grammatika-russa","status":"publish","type":"page","link":"https:\/\/talkpal.ai\/mt\/grammatika-russa\/","title":{"rendered":"Grammatika Russa"},"content":{"rendered":"\r\n\r\n\r\n<section class=\"languageChallengeSection\">\r\n    <div class=\"languageInfoWrapper\">\r\n        \r\n        <h1>Grammatika Russa<\/h1>\r\n        <p>Ibda l-avventura tieg\u0127ek fil-lingwa Russa u tifta\u0127 il-bibien g\u0127al kultura u storja rikka. Il-\u0127akma tal-grammatika u l-vokabularju <a href=\"https:\/\/talkpal.ai\/learn-russian\/\">Russu<\/a> se ttejjeb l-ivvja\u0121\u0121ar, il-karriera u l-opportunitajiet ta &#039;komunikazzjoni tieg\u0127ek. Ibda titg\u0127allem ir-Russu llum u \u0127u l-ewwel pass lejn il-fluwenza!\n\n<\/p>\r\n\r\n                            <a class=\"getStartedHidden\" href=\"https:\/\/app.talkpal.ai\/signup?lng=\">Ibda<\/a>\r\n        \r\n    <\/div>\r\n\r\n    <figure>\r\n    <img decoding=\"async\" width=\"768\" height=\"768\" src=\"https:\/\/talkpal.ai\/wp-content\/uploads\/2023\/06\/russian-768x768.png\" class=\"languageImage no-lazy\" alt=\"Language learning for multicultural understanding\" fetchpriority=\"high\" sizes=\"(max-width: 768px) 150px, 768px\" srcset=\"https:\/\/talkpal.ai\/wp-content\/uploads\/2023\/06\/russian-768x768.png 768w, https:\/\/talkpal.ai\/wp-content\/uploads\/2023\/06\/russian-300x300.png 300w\" \/>\r\n    \r\n\r\n    <\/figure>\r\n\r\n            <a class=\"getStartedVisible\" href=\"https:\/\/app.talkpal.ai\/signup?lng=\">Ibda<\/a>\r\n    \r\n<\/section>\r\n<section class=\"promotionalBanner\">\r\n    <p class=\"promotionalText\">L-aktar mod effi\u010bjenti biex titg\u0127allem lingwa<\/p>\r\n    <a class=\"promotionalLink\" href=\"https:\/\/app.talkpal.ai\/signup?lng=\">Ipprova Talkpal b&#8217;xejn<\/a>\r\n<\/section>\n<div class=\"wp-block-group pageContainerStyle\"><div class=\"wp-block-group__inner-container is-layout-constrained wp-block-group-is-layout-constrained\">\n<h1 class=\"wp-block-heading\" id=\"h-russian-grammar-unlock-the-secrets-to-mastering-russian\">Grammatika Russa: Tifta\u0127 is-Sigrieti g\u0127all-\u0126akma tar-Russu<\/h1>\n\n\n\n<p>Prosit talli \u0127adt il-pass kura\u0121\u0121u\u017c lejn it-tag\u0127lim tar-Russu! B&#8217;aktar minn 258 miljun kelliem madwar id-dinja, ir-Russu huwa lingwa affaxxinanti u ta &#8216;sodisfazzjon li toffri g\u0127arfien dwar kultura u storja rikka. Meta ni\u0121u g\u0127all-grammatika Russa, tista &#8216;tidher intimidanti, imma tib\u017cax! Din il-gwida amikevoli, tal-bidu hija hawn biex tkisser l-essenzjali tal-grammatika Russa b&#8217;mod sempli\u010bi u impenjattiv.<\/p>\n\n\n\n<h3 class=\"wp-block-heading\" id=\"h-1-the-russian-alphabet-your-starting-point\">1. L-Alfabett Russu: Il-Punt tat-Tluq Tieg\u0127ek<\/h3>\n\n\n\n<p>I\u010b-\u010bavetta biex tinnaviga fil-grammatika Russa hija li tikkontrolla l-alfabett \u010airilliku. B&#8217;33 ittra, 10 vokali, u 21 konsonanti, tifforma l-pedament g\u0127all-qari, il-kitba u l-fehim tal-lingwa. Familjarizza ru\u0127ek mal-alfabett se to\u0127loq ba\u017ci solida biex tibni l-\u0127iliet tal-grammatika Russa tieg\u0127ek.<\/p>\n\n\n\n<h3 class=\"wp-block-heading\" id=\"h-2-nouns-and-cases-the-core-of-russian-grammar\">2. Nouns u Ka\u017cijiet: Il-Qalba tal-Grammatika Russa<\/h3>\n\n\n\n<p>Il-grammatika Russa tenfasizza l-u\u017cu ta &#8216;ka\u017cijiet biex twassal tifsira u kuntest. B&#8217;sitt ka\u017cijiet\u2014Nominativ, \u0120enittiv, Dattiv, Akku\u017cattiv, Strumentali, u Prepo\u017cizzjonali \u2013 in-nomi Russi jibdlu t-truf tag\u0127hom biex juru l-funzjoni tag\u0127hom f&#8217;sentenza. G\u0127alhekk, l-ordni tal-kliem issir inqas kritika milli fl-<a href=\"https:\/\/talkpal.ai\/learn-english-with-ai\/\">Ingli\u017c<\/a>. Pere\u017cempju:<\/p>\n\n\n\n<p>Ingli\u017c: Nag\u0127ti ktieb lil \u0127abib.<\/p>\n\n\n\n<p>Russu: \u042f \u0434\u0430\u044e \u0434\u0440\u0443\u0433\u0443 \u043a\u043d\u0438\u0433\u0443 (Ya dayu drugu knigu)<\/p>\n\n\n\n<p>Hawnhekk, &#8220;\u0434\u0440\u0443\u0433\u0443&#8221; (lil \u0127abib) u &#8220;\u043a\u043d\u0438\u0433\u0443&#8221; (ktieb) jinsabu fil-ka\u017cijiet Dative u Akku\u017cattivi, rispettivament.<\/p>\n\n\n\n<h3 class=\"wp-block-heading\" id=\"h-3-mastering-gender-and-plurals\">3. Mastering Gender and Plurals<\/h3>\n\n\n\n<p>Fil-grammatika Russa, in-nomi huma assenjati wie\u0127ed minn tliet \u0121eneri: maskili, femminili, jew neuter. It-tmiem ta&#8217; nom tipikament jindika s-sess tieg\u0127u:<\/p>\n\n\n\n<p>&#8211; Maskili: jispi\u010b\u010ba b&#8217;konsonanti jew &#8220;-\u0439&#8221;<\/p>\n\n\n\n<p>&#8211; Femminili: jispi\u010b\u010ba b'&#8221;-\u0430&#8221; jew &#8220;-\u044f&#8221;<\/p>\n\n\n\n<p>\u2013 Newtra: tispi\u010b\u010ba b'&#8221;-\u043e&#8221; jew &#8220;-\u0435&#8221;<\/p>\n\n\n\n<p>Biex jiffurmaw plurali, it-truf tan-nomi jinbidlu skont is-sess tag\u0127hom u l-ka\u017c li jinsabu fih.<\/p>\n\n\n\n<h3 class=\"wp-block-heading\" id=\"h-4-conquer-verb-conjugation\">4. Conquer Verb Conjugation<\/h3>\n\n\n\n<p>B\u0127al \u0127afna lingwi, il-verbi Russi jibdlu l-forma (konjugazzjoni) ibba\u017cati fuq it-temp, il-persuna, u n-numru. Il-verbi Russi ji\u0121u wkoll f&#8217;\u017cew\u0121 aspetti: perfettivi u imperfettivi. L-aspett perfettiv jindika azzjoni kompluta, filwaqt li l-aspett imperfettiv jirreferi g\u0127al azzjonijiet kontinwi jew abitwali.<\/p>\n\n\n\n<p>Biex tibda, iffoka fuq il-fehim tal-konjugazzjoni tat-temp pre\u017centi g\u0127al verbi imperfettivi u t-temp passat g\u0127a\u017c-\u017cew\u0121 aspetti. Pere\u017cempju:<\/p>\n\n\n\n<p>Pre\u017centi (Imperfettiv): \u042f \u0447\u0438\u0442\u0430\u044e (Ya chitayu) &#8211; &#8220;Naqra&#8221; jew &#8220;Qed naqra&#8221;<\/p>\n\n\n\n<p>Passat (Imperfettiv): \u042f \u0447\u0438\u0442\u0430\u043b (Ya chital) &#8211; &#8220;Kont qed naqra&#8221;<\/p>\n\n\n\n<p>Passat (Perfettiv): \u042f \u043f\u0440\u043e\u0447\u0438\u0442\u0430\u043b (Ya prochital) &#8211; &#8220;Qrajt&#8221; jew &#8220;Qrajt (u spi\u010b\u010bajt)&#8221;<\/p>\n\n\n\n<h3 class=\"wp-block-heading\" id=\"h-5-embrace-russian-pronouns\">5. T\u0127addan il-pronomi Russi<\/h3>\n\n\n\n<p>Il-pronomi fil-grammatika Russa jissostitwixxu n-nomi u huma kru\u010bjali g\u0127ad-diskors fluwidu. G\u0127addas fit-tag\u0127lim ta &#8216;pronomi personali u possessivi, b\u0127al:<\/p>\n\n\n\n<p><a href=\"https:\/\/talkpal.ai\/ar\/grammar_exercises\/pronomi-personali-%d8%aa%d9%85%d8%a7%d8%b1%d9%8a%d9%86-%d9%84%d9%84%d9%82%d9%88%d8%a7%d8%b9%d8%af-%d8%a7%d9%84%d8%a5%d9%8a%d8%b7%d8%a7%d9%84%d9%8a%d8%a9\/\">Pronomi personali<\/a>: \u044f (I), \u0442\u044b (int, informali), \u043e\u043d\/\u043e\u043d\u0430\/\u043e\u043d\u043e (hu\/hi\/hi), \u0432\u044b (int, formali jew plural), \u043c\u044b (a\u0127na), \u043e\u043d\u0438 (huma)<\/p>\n\n\n\n<p>Pronomi possessivi: \u043c\u043e\u0439\/\u043c\u043e\u044f\/\u043c\u043e\u0451 (tieg\u0127i), \u0442\u0432\u043e\u0439\/\u0442\u0432\u043e\u044f\/\u0442\u0432\u043e\u0451 (tieg\u0127ek, informali), \u0435\u0433\u043e\/\u0435\u0451\/\u0438\u0445 (tieg\u0127u\/tag\u0127ha\/tag\u0127hom), \u0432\u0430\u0448\/\u0432\u0430\u0448\u0430\/\u0432\u0430\u0448\u0435 (tieg\u0127ek, formali jew plural), \u043d\u0430\u0448\/\u043d\u0430\u0448\u0430\/\u043d\u0430\u0448\u0435 (tag\u0127na)<\/p>\n\n\n\n<p>Tinsiex li l-pronomi Russi g\u0127andhom jaqblu mal-\u0121eneru u l-ka\u017c tan-nom li jissostitwixxu.<\/p>\n\n\n\n<p>Prosit! \u0126adt l-ewwel passi lejn il-\u0127akma tal-kumplessitajiet tal-grammatika Russa. Ftakar, il-prattika hija kru\u010bjali, allura approfondixxi fil-lingwa, involvi ru\u0127ek ma &#8216;kelliema nattivi, u ssa\u0127\u0127a\u0127 il-pedament tat-tag\u0127lim tieg\u0127ek. \u0423\u0434\u0430\u0447\u0438! (Xorti tajba!)<\/p>\n<\/div><\/div>\n\r\n<section class=\"learnNavigationSection\">\r\n            \r\n        <a href=\"https:\/\/talkpal.ai\/mt\/tghallem-ir-russu\/\">\r\n            <div class=\"learnNavigationWrapper\">\r\n                <div class=\"learnNavigationContent\">\r\n                    <img decoding=\"async\" src=\"https:\/\/talkpal.ai\/wp-content\/uploads\/2024\/08\/Russian.jpg\" alt=\"Russian Flag\">\r\n                    <div>\r\n                        <h4>Dwar it-Tag\u0127lim tar-Russu<\/h4>\r\n                        <p>Skopri kollox dwar il-grammatika Russa.<\/p>\r\n                    <\/div>\r\n                <\/div>\r\n            <\/div>\r\n        <\/a>\r\n\r\n        \r\n        <a href=\"https:\/\/talkpal.ai\/mt\/ezercizzji-tal-grammatika-russa\/\">\r\n            <div class=\"learnNavigationWrapper\">\r\n                <div class=\"learnNavigationContent\">\r\n                    <img decoding=\"async\" src=\"https:\/\/talkpal.ai\/wp-content\/uploads\/2024\/08\/Russian.jpg\" alt=\"Russian Flag\">\r\n                    <div>\r\n                        <h4>E\u017cer\u010bizzju tal-Grammatika Russa<\/h4>\r\n                        <p>Ipprattika l-grammatika Russa.<\/p>\r\n                    <\/div>\r\n                <\/div>\r\n            <\/div>\r\n        <\/a>\r\n\r\n        \r\n        <a href=\"https:\/\/talkpal.ai\/vocabulary_language\/russian\/\">\r\n            <div class=\"learnNavigationWrapper\">\r\n                <div class=\"learnNavigationContent\">\r\n                    <img decoding=\"async\" src=\"https:\/\/talkpal.ai\/wp-content\/uploads\/2024\/08\/Russian.jpg\" alt=\"Russian Flag\">\r\n                    <div>\r\n                        <h4>Vokabularju Russu<\/h4>\r\n                        <p>Espandi l-vokabularju Russu tieg\u0127ek.<\/p>\r\n                    <\/div>\r\n                <\/div>\r\n            <\/div>\r\n        <\/a>\r\n\r\n            <\/section>","protected":false},"excerpt":{"rendered":"<p>Grammatika Russa: Tifta\u0127 is-Sigrieti g\u0127all-\u0126akma tar-Russu Prosit talli \u0127adt il-pass kura\u0121\u0121u\u017c lejn it-tag\u0127lim tar-Russu! B&#8217;aktar minn 258 miljun kelliem madwar id-dinja, ir-Russu huwa lingwa affaxxinanti u ta &#8216;sodisfazzjon li toffri g\u0127arfien dwar kultura u storja rikka. Meta ni\u0121u g\u0127all-grammatika Russa, tista &#8216;tidher intimidanti, imma tib\u017cax! Din il-gwida amikevoli, tal-bidu hija hawn biex tkisser l-essenzjali tal-grammatika [&hellip;]<\/p>\n","protected":false},"author":1,"featured_media":1442505,"parent":0,"menu_order":0,"comment_status":"closed","ping_status":"closed","template":"LearningContentPage.php","meta":{"_acf_changed":false,"footnotes":""},"class_list":["post-1443478","page","type-page","status-publish","has-post-thumbnail","hentry"],"acf":[],"yoast_head":"<!-- This site is optimized with the Yoast SEO Premium plugin v27.2 (Yoast SEO v27.2) - https:\/\/yoast.com\/product\/yoast-seo-premium-wordpress\/ -->\n<title>Grammatika Russa - Talkpal<\/title>\n<meta name=\"description\" content=\"Nisfruttaw id-dinja tal-Grammatika Russa bil-gwida tal-bidu tag\u0127na. \u0126akmu l-alfabett \u010airilliku u ibni l-\u0127iliet lingwisti\u010bi tieg\u0127ek.\" \/>\n<meta name=\"robots\" content=\"index, follow, max-snippet:-1, max-image-preview:large, max-video-preview:-1\" \/>\n<link rel=\"canonical\" href=\"https:\/\/talkpal.ai\/mt\/grammatika-russa\/\" \/>\n<meta property=\"og:locale\" content=\"mt_MT\" \/>\n<meta property=\"og:type\" content=\"article\" \/>\n<meta property=\"og:title\" content=\"Grammatika Russa\" \/>\n<meta property=\"og:description\" content=\"Grammatika Russa: Tifta\u0127 is-Sigrieti g\u0127all-\u0126akma tar-Russu Prosit talli \u0127adt il-pass kura\u0121\u0121u\u017c lejn it-tag\u0127lim tar-Russu! B&#039;aktar minn 258 miljun kelliem\" \/>\n<meta property=\"og:url\" content=\"https:\/\/talkpal.ai\/mt\/grammatika-russa\/\" \/>\n<meta property=\"og:site_name\" content=\"Talkpal\" \/>\n<meta property=\"article:publisher\" content=\"https:\/\/www.facebook.com\/profile.php?id=100090733639311\" \/>\n<meta property=\"article:modified_time\" content=\"2025-12-13T15:16:50+00:00\" \/>\n<meta property=\"og:image\" content=\"https:\/\/talkpal.ai\/wp-content\/uploads\/2023\/04\/rusia.png\" \/>\n\t<meta property=\"og:image:width\" content=\"512\" \/>\n\t<meta property=\"og:image:height\" content=\"512\" \/>\n\t<meta property=\"og:image:type\" content=\"image\/png\" \/>\n<meta name=\"twitter:card\" content=\"summary_large_image\" \/>\n<meta name=\"twitter:site\" content=\"@talkpalai\" \/>\n<meta name=\"twitter:label1\" content=\"Est. reading time\" \/>\n\t<meta name=\"twitter:data1\" content=\"2 minutes\" \/>\n<script type=\"application\/ld+json\" class=\"yoast-schema-graph\">{\"@context\":\"https:\/\/schema.org\",\"@graph\":[{\"@type\":\"WebPage\",\"@id\":\"https:\/\/talkpal.ai\/mt\/grammatika-russa\/\",\"url\":\"https:\/\/talkpal.ai\/mt\/grammatika-russa\/\",\"name\":\"Grammatika Russa - Talkpal\",\"isPartOf\":{\"@id\":\"https:\/\/talkpal.ai\/mt\/#website\"},\"primaryImageOfPage\":{\"@id\":\"https:\/\/talkpal.ai\/mt\/grammatika-russa\/#primaryimage\"},\"image\":{\"@id\":\"https:\/\/talkpal.ai\/mt\/grammatika-russa\/#primaryimage\"},\"thumbnailUrl\":\"https:\/\/talkpal.ai\/wp-content\/uploads\/2023\/04\/rusia.png\",\"datePublished\":\"2023-05-14T13:52:49+00:00\",\"dateModified\":\"2025-12-13T15:16:50+00:00\",\"description\":\"Nisfruttaw id-dinja tal-Grammatika Russa bil-gwida tal-bidu tag\u0127na. \u0126akmu l-alfabett \u010airilliku u ibni l-\u0127iliet lingwisti\u010bi tieg\u0127ek.\",\"breadcrumb\":{\"@id\":\"https:\/\/talkpal.ai\/mt\/grammatika-russa\/#breadcrumb\"},\"inLanguage\":\"mt-MT\",\"potentialAction\":[{\"@type\":\"ReadAction\",\"target\":[\"https:\/\/talkpal.ai\/mt\/grammatika-russa\/\"]}]},{\"@type\":\"ImageObject\",\"inLanguage\":\"mt-MT\",\"@id\":\"https:\/\/talkpal.ai\/mt\/grammatika-russa\/#primaryimage\",\"url\":\"https:\/\/talkpal.ai\/wp-content\/uploads\/2023\/04\/rusia.png\",\"contentUrl\":\"https:\/\/talkpal.ai\/wp-content\/uploads\/2023\/04\/rusia.png\",\"width\":512,\"height\":512,\"caption\":\"TalkPal Catalan Flag\"},{\"@type\":\"BreadcrumbList\",\"@id\":\"https:\/\/talkpal.ai\/mt\/grammatika-russa\/#breadcrumb\",\"itemListElement\":[{\"@type\":\"ListItem\",\"position\":1,\"name\":\"Homepage\",\"item\":\"https:\/\/talkpal.ai\/mt\/\"},{\"@type\":\"ListItem\",\"position\":2,\"name\":\"Grammatika Russa\"}]},{\"@type\":\"WebSite\",\"@id\":\"https:\/\/talkpal.ai\/mt\/#website\",\"url\":\"https:\/\/talkpal.ai\/mt\/\",\"name\":\"Talkpal\",\"description\":\"AI Language Learning\",\"publisher\":{\"@id\":\"https:\/\/talkpal.ai\/mt\/#organization\"},\"alternateName\":\"Talkpal AI\",\"potentialAction\":[{\"@type\":\"SearchAction\",\"target\":{\"@type\":\"EntryPoint\",\"urlTemplate\":\"https:\/\/talkpal.ai\/mt\/?s={search_term_string}\"},\"query-input\":{\"@type\":\"PropertyValueSpecification\",\"valueRequired\":true,\"valueName\":\"search_term_string\"}}],\"inLanguage\":\"mt-MT\"},{\"@type\":\"Organization\",\"@id\":\"https:\/\/talkpal.ai\/mt\/#organization\",\"name\":\"Talkpal, Inc.\",\"alternateName\":\"Talkpal AI\",\"url\":\"https:\/\/talkpal.ai\/mt\/\",\"logo\":{\"@type\":\"ImageObject\",\"inLanguage\":\"mt-MT\",\"@id\":\"https:\/\/talkpal.ai\/mt\/#\/schema\/logo\/image\/\",\"url\":\"https:\/\/talkpal.ai\/wp-content\/uploads\/2024\/03\/Talkpal-Logo-Icon.png\",\"contentUrl\":\"https:\/\/talkpal.ai\/wp-content\/uploads\/2024\/03\/Talkpal-Logo-Icon.png\",\"width\":2880,\"height\":2880,\"caption\":\"Talkpal, Inc.\"},\"image\":{\"@id\":\"https:\/\/talkpal.ai\/mt\/#\/schema\/logo\/image\/\"},\"sameAs\":[\"https:\/\/www.facebook.com\/profile.php?id=100090733639311\",\"https:\/\/x.com\/talkpalai\",\"https:\/\/www.linkedin.com\/company\/talkpal\/\",\"https:\/\/www.youtube.com\/@TalkPal\/\",\"https:\/\/www.tiktok.com\/@talkpal\",\"https:\/\/www.instagram.com\/talkpal_ai\/\",\"https:\/\/www.crunchbase.com\/organization\/talkpal-9cde\",\"https:\/\/www.g2.com\/products\/talkpal-for-business\/\",\"https:\/\/www.trustpilot.com\/review\/talkpal.ai\",\"https:\/\/www.capterra.com\/p\/10006800\/TalkPal\/\"],\"description\":\"Talkpal is a language learning web and mobile education app, powered by the latest AI technologies, that provides engaging experiences to its customers in many different languages to help them improve their language skills. Users can chat about unlimited amount of topics with the app and use other modes to practice their language learning.\",\"email\":\"support@talkpal.ai\",\"legalName\":\"Talkpal, Inc.\",\"foundingDate\":\"2023-04-03\",\"duns\":\"118989042\",\"numberOfEmployees\":{\"@type\":\"QuantitativeValue\",\"minValue\":\"11\",\"maxValue\":\"50\"},\"publishingPrinciples\":\"https:\/\/talkpal.ai\/publishing-principles\/\",\"actionableFeedbackPolicy\":\"https:\/\/talkpal.ai\/actionable-feedback-policy\/\",\"correctionsPolicy\":\"https:\/\/talkpal.ai\/corrections-policy\/\",\"ethicsPolicy\":\"https:\/\/talkpal.ai\/ethics-policy\/\",\"diversityPolicy\":\"https:\/\/talkpal.ai\/diversity-policy\/\",\"diversityStaffingReport\":\"https:\/\/talkpal.ai\/diversity-policy\/\"}]}<\/script>\n<!-- \/ Yoast SEO Premium plugin. -->","yoast_head_json":{"title":"Grammatika Russa - Talkpal","description":"Nisfruttaw id-dinja tal-Grammatika Russa bil-gwida tal-bidu tag\u0127na. \u0126akmu l-alfabett \u010airilliku u ibni l-\u0127iliet lingwisti\u010bi tieg\u0127ek.","robots":{"index":"index","follow":"follow","max-snippet":"max-snippet:-1","max-image-preview":"max-image-preview:large","max-video-preview":"max-video-preview:-1"},"canonical":"https:\/\/talkpal.ai\/mt\/grammatika-russa\/","og_locale":"mt_MT","og_type":"article","og_title":"Grammatika Russa","og_description":"Grammatika Russa: Tifta\u0127 is-Sigrieti g\u0127all-\u0126akma tar-Russu Prosit talli \u0127adt il-pass kura\u0121\u0121u\u017c lejn it-tag\u0127lim tar-Russu! B'aktar minn 258 miljun kelliem","og_url":"https:\/\/talkpal.ai\/mt\/grammatika-russa\/","og_site_name":"Talkpal","article_publisher":"https:\/\/www.facebook.com\/profile.php?id=100090733639311","article_modified_time":"2025-12-13T15:16:50+00:00","og_image":[{"width":512,"height":512,"url":"https:\/\/talkpal.ai\/wp-content\/uploads\/2023\/04\/rusia.png","type":"image\/png"}],"twitter_card":"summary_large_image","twitter_site":"@talkpalai","twitter_misc":{"Est. reading time":"2 minutes"},"schema":{"@context":"https:\/\/schema.org","@graph":[{"@type":"WebPage","@id":"https:\/\/talkpal.ai\/mt\/grammatika-russa\/","url":"https:\/\/talkpal.ai\/mt\/grammatika-russa\/","name":"Grammatika Russa - Talkpal","isPartOf":{"@id":"https:\/\/talkpal.ai\/mt\/#website"},"primaryImageOfPage":{"@id":"https:\/\/talkpal.ai\/mt\/grammatika-russa\/#primaryimage"},"image":{"@id":"https:\/\/talkpal.ai\/mt\/grammatika-russa\/#primaryimage"},"thumbnailUrl":"https:\/\/talkpal.ai\/wp-content\/uploads\/2023\/04\/rusia.png","datePublished":"2023-05-14T13:52:49+00:00","dateModified":"2025-12-13T15:16:50+00:00","description":"Nisfruttaw id-dinja tal-Grammatika Russa bil-gwida tal-bidu tag\u0127na. \u0126akmu l-alfabett \u010airilliku u ibni l-\u0127iliet lingwisti\u010bi tieg\u0127ek.","breadcrumb":{"@id":"https:\/\/talkpal.ai\/mt\/grammatika-russa\/#breadcrumb"},"inLanguage":"mt-MT","potentialAction":[{"@type":"ReadAction","target":["https:\/\/talkpal.ai\/mt\/grammatika-russa\/"]}]},{"@type":"ImageObject","inLanguage":"mt-MT","@id":"https:\/\/talkpal.ai\/mt\/grammatika-russa\/#primaryimage","url":"https:\/\/talkpal.ai\/wp-content\/uploads\/2023\/04\/rusia.png","contentUrl":"https:\/\/talkpal.ai\/wp-content\/uploads\/2023\/04\/rusia.png","width":512,"height":512,"caption":"TalkPal Catalan Flag"},{"@type":"BreadcrumbList","@id":"https:\/\/talkpal.ai\/mt\/grammatika-russa\/#breadcrumb","itemListElement":[{"@type":"ListItem","position":1,"name":"Homepage","item":"https:\/\/talkpal.ai\/mt\/"},{"@type":"ListItem","position":2,"name":"Grammatika Russa"}]},{"@type":"WebSite","@id":"https:\/\/talkpal.ai\/mt\/#website","url":"https:\/\/talkpal.ai\/mt\/","name":"Talkpal","description":"AI Language Learning","publisher":{"@id":"https:\/\/talkpal.ai\/mt\/#organization"},"alternateName":"Talkpal AI","potentialAction":[{"@type":"SearchAction","target":{"@type":"EntryPoint","urlTemplate":"https:\/\/talkpal.ai\/mt\/?s={search_term_string}"},"query-input":{"@type":"PropertyValueSpecification","valueRequired":true,"valueName":"search_term_string"}}],"inLanguage":"mt-MT"},{"@type":"Organization","@id":"https:\/\/talkpal.ai\/mt\/#organization","name":"Talkpal, Inc.","alternateName":"Talkpal AI","url":"https:\/\/talkpal.ai\/mt\/","logo":{"@type":"ImageObject","inLanguage":"mt-MT","@id":"https:\/\/talkpal.ai\/mt\/#\/schema\/logo\/image\/","url":"https:\/\/talkpal.ai\/wp-content\/uploads\/2024\/03\/Talkpal-Logo-Icon.png","contentUrl":"https:\/\/talkpal.ai\/wp-content\/uploads\/2024\/03\/Talkpal-Logo-Icon.png","width":2880,"height":2880,"caption":"Talkpal, Inc."},"image":{"@id":"https:\/\/talkpal.ai\/mt\/#\/schema\/logo\/image\/"},"sameAs":["https:\/\/www.facebook.com\/profile.php?id=100090733639311","https:\/\/x.com\/talkpalai","https:\/\/www.linkedin.com\/company\/talkpal\/","https:\/\/www.youtube.com\/@TalkPal\/","https:\/\/www.tiktok.com\/@talkpal","https:\/\/www.instagram.com\/talkpal_ai\/","https:\/\/www.crunchbase.com\/organization\/talkpal-9cde","https:\/\/www.g2.com\/products\/talkpal-for-business\/","https:\/\/www.trustpilot.com\/review\/talkpal.ai","https:\/\/www.capterra.com\/p\/10006800\/TalkPal\/"],"description":"Talkpal is a language learning web and mobile education app, powered by the latest AI technologies, that provides engaging experiences to its customers in many different languages to help them improve their language skills. Users can chat about unlimited amount of topics with the app and use other modes to practice their language learning.","email":"support@talkpal.ai","legalName":"Talkpal, Inc.","foundingDate":"2023-04-03","duns":"118989042","numberOfEmployees":{"@type":"QuantitativeValue","minValue":"11","maxValue":"50"},"publishingPrinciples":"https:\/\/talkpal.ai\/publishing-principles\/","actionableFeedbackPolicy":"https:\/\/talkpal.ai\/actionable-feedback-policy\/","correctionsPolicy":"https:\/\/talkpal.ai\/corrections-policy\/","ethicsPolicy":"https:\/\/talkpal.ai\/ethics-policy\/","diversityPolicy":"https:\/\/talkpal.ai\/diversity-policy\/","diversityStaffingReport":"https:\/\/talkpal.ai\/diversity-policy\/"}]}},"_links":{"self":[{"href":"https:\/\/talkpal.ai\/mt\/wp-json\/wp\/v2\/pages\/1443478","targetHints":{"allow":["GET"]}}],"collection":[{"href":"https:\/\/talkpal.ai\/mt\/wp-json\/wp\/v2\/pages"}],"about":[{"href":"https:\/\/talkpal.ai\/mt\/wp-json\/wp\/v2\/types\/page"}],"author":[{"embeddable":true,"href":"https:\/\/talkpal.ai\/mt\/wp-json\/wp\/v2\/users\/1"}],"replies":[{"embeddable":true,"href":"https:\/\/talkpal.ai\/mt\/wp-json\/wp\/v2\/comments?post=1443478"}],"version-history":[{"count":0,"href":"https:\/\/talkpal.ai\/mt\/wp-json\/wp\/v2\/pages\/1443478\/revisions"}],"wp:featuredmedia":[{"embeddable":true,"href":"https:\/\/talkpal.ai\/mt\/wp-json\/wp\/v2\/media\/1442505"}],"wp:attachment":[{"href":"https:\/\/talkpal.ai\/mt\/wp-json\/wp\/v2\/media?parent=1443478"}],"curies":[{"name":"wp","href":"https:\/\/api.w.org\/{rel}","templated":true}]}}