{"id":1443474,"date":"2023-05-14T13:53:24","date_gmt":"2023-05-14T13:53:24","guid":{"rendered":"https:\/\/talkpal.ai\/grammatika-ukraina\/"},"modified":"2025-12-11T16:36:06","modified_gmt":"2025-12-11T16:36:06","slug":"grammatika-ukraina","status":"publish","type":"page","link":"https:\/\/talkpal.ai\/mt\/grammatika-ukraina\/","title":{"rendered":"Grammatika Ukraina"},"content":{"rendered":"\r\n\r\n\r\n<section class=\"languageChallengeSection\">\r\n    <div class=\"languageInfoWrapper\">\r\n        \r\n        <h1>Grammatika Ukraina<\/h1>\r\n        <p>Esplora l-istruttura tal-lingwa <a href=\"https:\/\/talkpal.ai\/learn-ukrainian\/\">Ukraina<\/a> billi titg\u0127allem ir-regoli grammatikali essenzjali tag\u0127ha. Il-\u0127akma tal-grammatika Ukraina tg\u0127inek tikkomunika b&#039;mod kunfidenti u tikkonnettja aktar fil-fond mal-kultura u l-wirt tal-Ukrajna. Ibda l-vja\u0121\u0121 tal-grammatika Ukraina tieg\u0127ek illum u \u0127u l-ewwel pass lejn il-fluwenza!<\/p>\r\n\r\n                            <a class=\"getStartedHidden\" href=\"https:\/\/app.talkpal.ai\/signup?lng=\">Ibda<\/a>\r\n        \r\n    <\/div>\r\n\r\n    <figure>\r\n    <img decoding=\"async\" width=\"768\" height=\"768\" src=\"https:\/\/talkpal.ai\/wp-content\/uploads\/2023\/06\/Ukrainian-768x768.png\" class=\"languageImage no-lazy\" alt=\"Language learning - Your doorway to the world\" fetchpriority=\"high\" sizes=\"(max-width: 768px) 150px, 768px\" srcset=\"https:\/\/talkpal.ai\/wp-content\/uploads\/2023\/06\/Ukrainian-768x768.png 768w, https:\/\/talkpal.ai\/wp-content\/uploads\/2023\/06\/Ukrainian-300x300.png 300w\" \/>\r\n    \r\n\r\n    <\/figure>\r\n\r\n            <a class=\"getStartedVisible\" href=\"https:\/\/app.talkpal.ai\/signup?lng=\">Ibda<\/a>\r\n    \r\n<\/section>\r\n<section class=\"promotionalBanner\">\r\n    <p class=\"promotionalText\">L-aktar mod effi\u010bjenti biex titg\u0127allem lingwa<\/p>\r\n    <a class=\"promotionalLink\" href=\"https:\/\/app.talkpal.ai\/signup?lng=\">Ipprova Talkpal b&#8217;xejn<\/a>\r\n<\/section>\n<div class=\"wp-block-group pageContainerStyle\"><div class=\"wp-block-group__inner-container is-layout-constrained wp-block-group-is-layout-constrained\">\n<h2 class=\"wp-block-heading\" id=\"h-a-comprehensive-guide-to-mastering-ukrainian-grammar\">Gwida Komprensiva g\u0127all-\u0126akma tal-Grammatika Ukraina<\/h2>\n\n\n\n<p>L-Ukrain, lingwa sabi\u0127a u melodika, kisbet interess dejjem akbar minn dilettanti tal-lingwa madwar id-dinja. It-tag\u0127lim tal-Ukraina jag\u0127tik a\u010b\u010bess g\u0127al wirt kulturali rikk u jippermettilek tikkomunika ma &#8216;miljuni ta&#8217; nies fl-Ukrajna u l-pajji\u017ci \u0121irien. While diving into <a href=\"https:\/\/talkpal.ai\/learning-in-ukraine\/\">Ukrainian grammar<\/a> may feel daunting at first, having a strong foundation in it will let you explore the nuances of the language and fully appreciate its beauty. Dan l-artikolu se jiggwidak pass pass permezz tal-affarijiet essenzjali tal-grammatika tal-Ukrajna, u jg\u0127ammrakek biex tibda b&#8217;kunfidenza l-vja\u0121\u0121 lingwistiku tieg\u0127ek.<\/p>\n\n\n\n<h3 class=\"wp-block-heading\" id=\"h-1-mastering-ukrainian-nouns-and-cases\">1. \u0126akma tan-nomi u l-ka\u017cijiet tal-Ukreni<\/h3>\n\n\n\n<p>Karatteristika \u010bentrali tal-grammatika Ukraina hija s-sistema tal-ka\u017cijiet tag\u0127ha. Meta tu\u017ca nomi, trid tkun taf is-sess tag\u0127hom (maskili, femminili, jew neuter), u tkun konxju tal-kuntest li jista &#8216;jirrikjedi bidla fit-truf tag\u0127hom. Il-lingwa Ukraina g\u0127andha seba&#8217; ka\u017cijiet:<\/p>\n\n\n\n<p>\u2013 Nominativ: is-su\u0121\u0121ett ta&#8217; sentenza<\/p>\n\n\n\n<p>&#8211; \u0120enittiv: jindika l-pussess, il-kwantit\u00e0, u n-negazzjoni<\/p>\n\n\n\n<p>\u2013 Dative: o\u0121\u0121ett indirett jew moviment lejn g\u0127an<\/p>\n\n\n\n<p>&#8211; Akku\u017cat: o\u0121\u0121ett dirett jew moviment immirat lejn xi \u0127a\u0121a<\/p>\n\n\n\n<p>\u2013 Strumentali: jindika mezz jew strument ta&#8217; azzjoni<\/p>\n\n\n\n<p>&#8211; Lokattiv: jindika l-post<\/p>\n\n\n\n<p>\u2013 Vokattiv: u\u017cat biex jindirizza jew isejja\u0127 lil xi \u0127add<\/p>\n\n\n\n<p>Ikollok b\u017conn tag\u0127ti attenzjoni g\u0127at-truf u d-deklinazzjonijiet tan-nomi, peress li jinbidlu skont il-ka\u017c u\u017cat, u s-sess u n-numru tan-nom.<\/p>\n\n\n\n<h3 class=\"wp-block-heading\" id=\"h-2-navigating-the-ukrainian-verb-system\">2. Navigazzjoni fis-sistema tal-verbi Ukraini<\/h3>\n\n\n\n<p>Il-verbi Ukreni huma konjugati bba\u017cati fuq il-persuna, in-numru, it-temp, il-burdata, u l-vu\u010bi. Fl-Ukrain, hemm erba &#8216;aspetti tal-verbi &#8211; perfettiv, imperfettiv, iterattiv, u in\u010bettiv:<\/p>\n\n\n\n<p>&#8211; Perfezzjoni: tindika azzjonijiet kompluti<\/p>\n\n\n\n<p>&#8211; Imperfettiv: jiddeskrivi azzjonijiet kontinwi, abitwali jew ripetuti<\/p>\n\n\n\n<p>&#8211; Iterattiv: iwassal azzjonijiet ripetuti f&#8217;intervall spe\u010bifikat<\/p>\n\n\n\n<p>&#8211; Inceptive: jindika l-bidu ta &#8216;azzjoni<\/p>\n\n\n\n<p>Biex tinnaviga fis-sistema tal-verbi Ukraina, g\u0127andek tiffamiljarizza ru\u0127ek mat-tliet konjugazzjonijiet ba\u017ci\u010bi tal-verb. Il-pro\u010bess tal-konjugazzjoni jinvolvi t-tibdil tat-truf tal-g\u0127erq tal-verb skont it-temp, il-burdata, u s-su\u0121\u0121ett.<\/p>\n\n\n\n<h3 class=\"wp-block-heading\" id=\"h-3-perfecting-ukrainian-adjectives-and-pronouns\">3. Perfezzjonar l-a\u0121\u0121ettivi u l-pronomi tal-Ukrajna<\/h3>\n\n\n\n<p>L-a\u0121\u0121ettivi fl-Ukraina g\u0127andhom jaqblu man-nom li jiddeskrivu, fis-sess, fin-numru, u fil-ka\u017c. Dan ifisser li meta tu\u017ca a\u0121\u0121ettiv, trid toqg\u0127od attent g\u0127at-truf tieg\u0127u, peress li jinbidlu biex jallinjaw man-nom. <a href=\"https:\/\/talkpal.ai\/locations\/language-courses-in-barra\/\">Barra<\/a> minn hekk, l-a\u0121\u0121ettivi fl-Ukrain jistg\u0127u jkunu forom twal jew qosra, b&#8217;kull wie\u0127ed ikollu l-u\u017cu tieg\u0127u skont il-kuntest.<\/p>\n\n\n\n<p>Il-pronomi jintu\u017caw minflok nomi u g\u0127andhom jaqblu wkoll man-nom li jissostitwixxu, fis-sess, fin-numru, u fil-ka\u017c. Il-pronomi personali fl-Ukrain jinkludu &#8220;\u044f&#8221; (I), &#8220;\u0442\u0438&#8221; (int, singular), &#8220;\u0432\u0456\u043d\/\u0432\u043e\u043d\u0430\/\u0432\u043e\u043d\u043e&#8221; (hu\/hi\/it), &#8220;\u043c\u0438&#8221; (a\u0127na), &#8220;\u0432\u0438&#8221; (int, plural jew formali), u &#8220;\u0432\u043e\u043d\u0438&#8221; (huma). Hemm ukoll pronomi possessivi, dimostrattivi u relattivi fl-Ukrain.<\/p>\n\n\n\n<h3 class=\"wp-block-heading\" id=\"h-4-putting-it-all-together-sentence-structure\">4. Putting It All Together: Struttura tas-Sentenza<\/h3>\n\n\n\n<p>L-Ukrajna ssegwi l-istruttura tas-sentenza su\u0121\u0121ett-verb-o\u0121\u0121ett (SVO), simili g\u0127all-<a href=\"https:\/\/talkpal.ai\/learn-english-with-ai\/\">Ingli\u017c<\/a>. Madankollu, b&#8217;differenza mill-Ingli\u017c, l-Ukraina g\u0127andha aktar flessibilit\u00e0 fl-ordni tal-kliem min\u0127abba s-sistema tal-ka\u017cijiet tag\u0127ha. Din il-flessibilit\u00e0 tippermetti lill-kelliema jenfasizzaw kliem jew ideat spe\u010bifi\u010bi billi jpo\u0121\u0121uhom f&#8217;diversi po\u017cizzjonijiet fi \u0127dan sentenza. Filwaqt li l-\u0127akma ta &#8216;din il-versatilit\u00e0 tista&#8217; tie\u0127u \u017c-\u017cmien, tippermettilek tesprimi ru\u0127ek b&#8217;mod aktar artistiku u fluwidu bl-Ukraina.<\/p>\n\n\n\n<h3 class=\"wp-block-heading\" id=\"h-conclusion\">Konklu\u017cjoni<\/h3>\n\n\n\n<p>As you embark on your Ukrainian language journey, remember that becoming fluent in the grammar takes practice and persistence. Familjarizza ru\u0127ek mal-aspetti varji tal-grammatika Ukraina gradwalment, minn nomi u ka\u017cijiet g\u0127al verbi u struttura tas-sentenza. Igawdu l-pro\u010bess tat-tag\u0127lim u jgawdu s-sbu\u0127ija u l-espressivit\u00e0 tal-lingwa Ukraina. \u0412\u0434\u0430\u0447\u0456! (Xorti tajba!)<\/p>\n<\/div><\/div>\n\r\n<section class=\"learnNavigationSection\">\r\n            \r\n        <a href=\"https:\/\/talkpal.ai\/mt\/tghallem-l-ukrajna\/\">\r\n            <div class=\"learnNavigationWrapper\">\r\n                <div class=\"learnNavigationContent\">\r\n                    <img decoding=\"async\" src=\"https:\/\/talkpal.ai\/wp-content\/uploads\/2024\/08\/Ukrainian.jpg\" alt=\"Ukrainian Flag\">\r\n                    <div>\r\n                        <h4>Dwar it-Tag\u0127lim tal-Ukraina<\/h4>\r\n                        <p>Sir af kollox dwar il-grammatika Ukraina.<\/p>\r\n                    <\/div>\r\n                <\/div>\r\n            <\/div>\r\n        <\/a>\r\n\r\n        \r\n        <a href=\"https:\/\/talkpal.ai\/mt\/ezercizzji-tal-grammatika-ukraina\/\">\r\n            <div class=\"learnNavigationWrapper\">\r\n                <div class=\"learnNavigationContent\">\r\n                    <img decoding=\"async\" src=\"https:\/\/talkpal.ai\/wp-content\/uploads\/2024\/08\/Ukrainian.jpg\" alt=\"Ukrainian Flag\">\r\n                    <div>\r\n                        <h4>E\u017cer\u010bizzju tal-Grammatika tal-Ukrajna<\/h4>\r\n                        <p>Prattika grammatika Ukraina.<\/p>\r\n                    <\/div>\r\n                <\/div>\r\n            <\/div>\r\n        <\/a>\r\n\r\n        \r\n        <a href=\"https:\/\/talkpal.ai\/vocabulary_language\/ukrainian\/\">\r\n            <div class=\"learnNavigationWrapper\">\r\n                <div class=\"learnNavigationContent\">\r\n                    <img decoding=\"async\" src=\"https:\/\/talkpal.ai\/wp-content\/uploads\/2024\/08\/Ukrainian.jpg\" alt=\"Ukrainian Flag\">\r\n                    <div>\r\n                        <h4>Vokabularju tal-Ukren<\/h4>\r\n                        <p>Espandi l-vokabularju Ukrain tieg\u0127ek.<\/p>\r\n                    <\/div>\r\n                <\/div>\r\n            <\/div>\r\n        <\/a>\r\n\r\n            <\/section>","protected":false},"excerpt":{"rendered":"<p>Gwida Komprensiva g\u0127all-\u0126akma tal-Grammatika Ukraina L-Ukrain, lingwa sabi\u0127a u melodika, kisbet interess dejjem akbar minn dilettanti tal-lingwa madwar id-dinja. It-tag\u0127lim tal-Ukraina jag\u0127tik a\u010b\u010bess g\u0127al wirt kulturali rikk u jippermettilek tikkomunika ma &#8216;miljuni ta&#8217; nies fl-Ukrajna u l-pajji\u017ci \u0121irien. While diving into Ukrainian grammar may feel daunting at first, having a strong foundation in it will [&hellip;]<\/p>\n","protected":false},"author":1,"featured_media":1442487,"parent":0,"menu_order":0,"comment_status":"closed","ping_status":"closed","template":"LearningContentPage.php","meta":{"_acf_changed":false,"footnotes":""},"class_list":["post-1443474","page","type-page","status-publish","has-post-thumbnail","hentry"],"acf":[],"yoast_head":"<!-- This site is optimized with the Yoast SEO Premium plugin v27.2 (Yoast SEO v27.2) - https:\/\/yoast.com\/product\/yoast-seo-premium-wordpress\/ -->\n<title>Grammatika Ukraina - Talkpal<\/title>\n<meta name=\"description\" content=\"Unlock the beauty of Ukrainian Grammar with essential tips and insights to enhance your language learning journey.\" \/>\n<meta name=\"robots\" content=\"index, follow, max-snippet:-1, max-image-preview:large, max-video-preview:-1\" \/>\n<link rel=\"canonical\" href=\"https:\/\/talkpal.ai\/mt\/grammatika-ukraina\/\" \/>\n<meta property=\"og:locale\" content=\"mt_MT\" \/>\n<meta property=\"og:type\" content=\"article\" \/>\n<meta property=\"og:title\" content=\"Grammatika Ukraina\" \/>\n<meta property=\"og:description\" content=\"Gwida Komprensiva g\u0127all-\u0126akma tal-Grammatika Ukraina L-Ukrain, lingwa sabi\u0127a u melodika, kisbet interess dejjem akbar minn dilettanti tal-lingwa madwar\" \/>\n<meta property=\"og:url\" content=\"https:\/\/talkpal.ai\/mt\/grammatika-ukraina\/\" \/>\n<meta property=\"og:site_name\" content=\"Talkpal\" \/>\n<meta property=\"article:publisher\" content=\"https:\/\/www.facebook.com\/profile.php?id=100090733639311\" \/>\n<meta property=\"article:modified_time\" content=\"2025-12-11T16:36:06+00:00\" \/>\n<meta property=\"og:image\" content=\"https:\/\/talkpal.ai\/wp-content\/uploads\/2023\/04\/ukraine.png\" \/>\n\t<meta property=\"og:image:width\" content=\"512\" \/>\n\t<meta property=\"og:image:height\" content=\"512\" \/>\n\t<meta property=\"og:image:type\" content=\"image\/png\" \/>\n<meta name=\"twitter:card\" content=\"summary_large_image\" \/>\n<meta name=\"twitter:site\" content=\"@talkpalai\" \/>\n<meta name=\"twitter:label1\" content=\"Est. reading time\" \/>\n\t<meta name=\"twitter:data1\" content=\"3 minutes\" \/>\n<script type=\"application\/ld+json\" class=\"yoast-schema-graph\">{\"@context\":\"https:\/\/schema.org\",\"@graph\":[{\"@type\":\"WebPage\",\"@id\":\"https:\/\/talkpal.ai\/mt\/grammatika-ukraina\/\",\"url\":\"https:\/\/talkpal.ai\/mt\/grammatika-ukraina\/\",\"name\":\"Grammatika Ukraina - Talkpal\",\"isPartOf\":{\"@id\":\"https:\/\/talkpal.ai\/mt\/#website\"},\"primaryImageOfPage\":{\"@id\":\"https:\/\/talkpal.ai\/mt\/grammatika-ukraina\/#primaryimage\"},\"image\":{\"@id\":\"https:\/\/talkpal.ai\/mt\/grammatika-ukraina\/#primaryimage\"},\"thumbnailUrl\":\"https:\/\/talkpal.ai\/wp-content\/uploads\/2023\/04\/ukraine.png\",\"datePublished\":\"2023-05-14T13:53:24+00:00\",\"dateModified\":\"2025-12-11T16:36:06+00:00\",\"description\":\"Unlock the beauty of Ukrainian Grammar with essential tips and insights to enhance your language learning journey.\",\"breadcrumb\":{\"@id\":\"https:\/\/talkpal.ai\/mt\/grammatika-ukraina\/#breadcrumb\"},\"inLanguage\":\"mt-MT\",\"potentialAction\":[{\"@type\":\"ReadAction\",\"target\":[\"https:\/\/talkpal.ai\/mt\/grammatika-ukraina\/\"]}]},{\"@type\":\"ImageObject\",\"inLanguage\":\"mt-MT\",\"@id\":\"https:\/\/talkpal.ai\/mt\/grammatika-ukraina\/#primaryimage\",\"url\":\"https:\/\/talkpal.ai\/wp-content\/uploads\/2023\/04\/ukraine.png\",\"contentUrl\":\"https:\/\/talkpal.ai\/wp-content\/uploads\/2023\/04\/ukraine.png\",\"width\":512,\"height\":512,\"caption\":\"TalkPal Catalan Flag\"},{\"@type\":\"BreadcrumbList\",\"@id\":\"https:\/\/talkpal.ai\/mt\/grammatika-ukraina\/#breadcrumb\",\"itemListElement\":[{\"@type\":\"ListItem\",\"position\":1,\"name\":\"Homepage\",\"item\":\"https:\/\/talkpal.ai\/mt\/\"},{\"@type\":\"ListItem\",\"position\":2,\"name\":\"Grammatika Ukraina\"}]},{\"@type\":\"WebSite\",\"@id\":\"https:\/\/talkpal.ai\/mt\/#website\",\"url\":\"https:\/\/talkpal.ai\/mt\/\",\"name\":\"Talkpal\",\"description\":\"AI Language Learning\",\"publisher\":{\"@id\":\"https:\/\/talkpal.ai\/mt\/#organization\"},\"alternateName\":\"Talkpal AI\",\"potentialAction\":[{\"@type\":\"SearchAction\",\"target\":{\"@type\":\"EntryPoint\",\"urlTemplate\":\"https:\/\/talkpal.ai\/mt\/?s={search_term_string}\"},\"query-input\":{\"@type\":\"PropertyValueSpecification\",\"valueRequired\":true,\"valueName\":\"search_term_string\"}}],\"inLanguage\":\"mt-MT\"},{\"@type\":\"Organization\",\"@id\":\"https:\/\/talkpal.ai\/mt\/#organization\",\"name\":\"Talkpal, Inc.\",\"alternateName\":\"Talkpal AI\",\"url\":\"https:\/\/talkpal.ai\/mt\/\",\"logo\":{\"@type\":\"ImageObject\",\"inLanguage\":\"mt-MT\",\"@id\":\"https:\/\/talkpal.ai\/mt\/#\/schema\/logo\/image\/\",\"url\":\"https:\/\/talkpal.ai\/wp-content\/uploads\/2024\/03\/Talkpal-Logo-Icon.png\",\"contentUrl\":\"https:\/\/talkpal.ai\/wp-content\/uploads\/2024\/03\/Talkpal-Logo-Icon.png\",\"width\":2880,\"height\":2880,\"caption\":\"Talkpal, Inc.\"},\"image\":{\"@id\":\"https:\/\/talkpal.ai\/mt\/#\/schema\/logo\/image\/\"},\"sameAs\":[\"https:\/\/www.facebook.com\/profile.php?id=100090733639311\",\"https:\/\/x.com\/talkpalai\",\"https:\/\/www.linkedin.com\/company\/talkpal\/\",\"https:\/\/www.youtube.com\/@TalkPal\/\",\"https:\/\/www.tiktok.com\/@talkpal\",\"https:\/\/www.instagram.com\/talkpal_ai\/\",\"https:\/\/www.crunchbase.com\/organization\/talkpal-9cde\",\"https:\/\/www.g2.com\/products\/talkpal-for-business\/\",\"https:\/\/www.trustpilot.com\/review\/talkpal.ai\",\"https:\/\/www.capterra.com\/p\/10006800\/TalkPal\/\"],\"description\":\"Talkpal is a language learning web and mobile education app, powered by the latest AI technologies, that provides engaging experiences to its customers in many different languages to help them improve their language skills. Users can chat about unlimited amount of topics with the app and use other modes to practice their language learning.\",\"email\":\"support@talkpal.ai\",\"legalName\":\"Talkpal, Inc.\",\"foundingDate\":\"2023-04-03\",\"duns\":\"118989042\",\"numberOfEmployees\":{\"@type\":\"QuantitativeValue\",\"minValue\":\"11\",\"maxValue\":\"50\"},\"publishingPrinciples\":\"https:\/\/talkpal.ai\/publishing-principles\/\",\"actionableFeedbackPolicy\":\"https:\/\/talkpal.ai\/actionable-feedback-policy\/\",\"correctionsPolicy\":\"https:\/\/talkpal.ai\/corrections-policy\/\",\"ethicsPolicy\":\"https:\/\/talkpal.ai\/ethics-policy\/\",\"diversityPolicy\":\"https:\/\/talkpal.ai\/diversity-policy\/\",\"diversityStaffingReport\":\"https:\/\/talkpal.ai\/diversity-policy\/\"}]}<\/script>\n<!-- \/ Yoast SEO Premium plugin. -->","yoast_head_json":{"title":"Grammatika Ukraina - Talkpal","description":"Unlock the beauty of Ukrainian Grammar with essential tips and insights to enhance your language learning journey.","robots":{"index":"index","follow":"follow","max-snippet":"max-snippet:-1","max-image-preview":"max-image-preview:large","max-video-preview":"max-video-preview:-1"},"canonical":"https:\/\/talkpal.ai\/mt\/grammatika-ukraina\/","og_locale":"mt_MT","og_type":"article","og_title":"Grammatika Ukraina","og_description":"Gwida Komprensiva g\u0127all-\u0126akma tal-Grammatika Ukraina L-Ukrain, lingwa sabi\u0127a u melodika, kisbet interess dejjem akbar minn dilettanti tal-lingwa madwar","og_url":"https:\/\/talkpal.ai\/mt\/grammatika-ukraina\/","og_site_name":"Talkpal","article_publisher":"https:\/\/www.facebook.com\/profile.php?id=100090733639311","article_modified_time":"2025-12-11T16:36:06+00:00","og_image":[{"width":512,"height":512,"url":"https:\/\/talkpal.ai\/wp-content\/uploads\/2023\/04\/ukraine.png","type":"image\/png"}],"twitter_card":"summary_large_image","twitter_site":"@talkpalai","twitter_misc":{"Est. reading time":"3 minutes"},"schema":{"@context":"https:\/\/schema.org","@graph":[{"@type":"WebPage","@id":"https:\/\/talkpal.ai\/mt\/grammatika-ukraina\/","url":"https:\/\/talkpal.ai\/mt\/grammatika-ukraina\/","name":"Grammatika Ukraina - Talkpal","isPartOf":{"@id":"https:\/\/talkpal.ai\/mt\/#website"},"primaryImageOfPage":{"@id":"https:\/\/talkpal.ai\/mt\/grammatika-ukraina\/#primaryimage"},"image":{"@id":"https:\/\/talkpal.ai\/mt\/grammatika-ukraina\/#primaryimage"},"thumbnailUrl":"https:\/\/talkpal.ai\/wp-content\/uploads\/2023\/04\/ukraine.png","datePublished":"2023-05-14T13:53:24+00:00","dateModified":"2025-12-11T16:36:06+00:00","description":"Unlock the beauty of Ukrainian Grammar with essential tips and insights to enhance your language learning journey.","breadcrumb":{"@id":"https:\/\/talkpal.ai\/mt\/grammatika-ukraina\/#breadcrumb"},"inLanguage":"mt-MT","potentialAction":[{"@type":"ReadAction","target":["https:\/\/talkpal.ai\/mt\/grammatika-ukraina\/"]}]},{"@type":"ImageObject","inLanguage":"mt-MT","@id":"https:\/\/talkpal.ai\/mt\/grammatika-ukraina\/#primaryimage","url":"https:\/\/talkpal.ai\/wp-content\/uploads\/2023\/04\/ukraine.png","contentUrl":"https:\/\/talkpal.ai\/wp-content\/uploads\/2023\/04\/ukraine.png","width":512,"height":512,"caption":"TalkPal Catalan Flag"},{"@type":"BreadcrumbList","@id":"https:\/\/talkpal.ai\/mt\/grammatika-ukraina\/#breadcrumb","itemListElement":[{"@type":"ListItem","position":1,"name":"Homepage","item":"https:\/\/talkpal.ai\/mt\/"},{"@type":"ListItem","position":2,"name":"Grammatika Ukraina"}]},{"@type":"WebSite","@id":"https:\/\/talkpal.ai\/mt\/#website","url":"https:\/\/talkpal.ai\/mt\/","name":"Talkpal","description":"AI Language Learning","publisher":{"@id":"https:\/\/talkpal.ai\/mt\/#organization"},"alternateName":"Talkpal AI","potentialAction":[{"@type":"SearchAction","target":{"@type":"EntryPoint","urlTemplate":"https:\/\/talkpal.ai\/mt\/?s={search_term_string}"},"query-input":{"@type":"PropertyValueSpecification","valueRequired":true,"valueName":"search_term_string"}}],"inLanguage":"mt-MT"},{"@type":"Organization","@id":"https:\/\/talkpal.ai\/mt\/#organization","name":"Talkpal, Inc.","alternateName":"Talkpal AI","url":"https:\/\/talkpal.ai\/mt\/","logo":{"@type":"ImageObject","inLanguage":"mt-MT","@id":"https:\/\/talkpal.ai\/mt\/#\/schema\/logo\/image\/","url":"https:\/\/talkpal.ai\/wp-content\/uploads\/2024\/03\/Talkpal-Logo-Icon.png","contentUrl":"https:\/\/talkpal.ai\/wp-content\/uploads\/2024\/03\/Talkpal-Logo-Icon.png","width":2880,"height":2880,"caption":"Talkpal, Inc."},"image":{"@id":"https:\/\/talkpal.ai\/mt\/#\/schema\/logo\/image\/"},"sameAs":["https:\/\/www.facebook.com\/profile.php?id=100090733639311","https:\/\/x.com\/talkpalai","https:\/\/www.linkedin.com\/company\/talkpal\/","https:\/\/www.youtube.com\/@TalkPal\/","https:\/\/www.tiktok.com\/@talkpal","https:\/\/www.instagram.com\/talkpal_ai\/","https:\/\/www.crunchbase.com\/organization\/talkpal-9cde","https:\/\/www.g2.com\/products\/talkpal-for-business\/","https:\/\/www.trustpilot.com\/review\/talkpal.ai","https:\/\/www.capterra.com\/p\/10006800\/TalkPal\/"],"description":"Talkpal is a language learning web and mobile education app, powered by the latest AI technologies, that provides engaging experiences to its customers in many different languages to help them improve their language skills. Users can chat about unlimited amount of topics with the app and use other modes to practice their language learning.","email":"support@talkpal.ai","legalName":"Talkpal, Inc.","foundingDate":"2023-04-03","duns":"118989042","numberOfEmployees":{"@type":"QuantitativeValue","minValue":"11","maxValue":"50"},"publishingPrinciples":"https:\/\/talkpal.ai\/publishing-principles\/","actionableFeedbackPolicy":"https:\/\/talkpal.ai\/actionable-feedback-policy\/","correctionsPolicy":"https:\/\/talkpal.ai\/corrections-policy\/","ethicsPolicy":"https:\/\/talkpal.ai\/ethics-policy\/","diversityPolicy":"https:\/\/talkpal.ai\/diversity-policy\/","diversityStaffingReport":"https:\/\/talkpal.ai\/diversity-policy\/"}]}},"_links":{"self":[{"href":"https:\/\/talkpal.ai\/mt\/wp-json\/wp\/v2\/pages\/1443474","targetHints":{"allow":["GET"]}}],"collection":[{"href":"https:\/\/talkpal.ai\/mt\/wp-json\/wp\/v2\/pages"}],"about":[{"href":"https:\/\/talkpal.ai\/mt\/wp-json\/wp\/v2\/types\/page"}],"author":[{"embeddable":true,"href":"https:\/\/talkpal.ai\/mt\/wp-json\/wp\/v2\/users\/1"}],"replies":[{"embeddable":true,"href":"https:\/\/talkpal.ai\/mt\/wp-json\/wp\/v2\/comments?post=1443474"}],"version-history":[{"count":0,"href":"https:\/\/talkpal.ai\/mt\/wp-json\/wp\/v2\/pages\/1443474\/revisions"}],"wp:featuredmedia":[{"embeddable":true,"href":"https:\/\/talkpal.ai\/mt\/wp-json\/wp\/v2\/media\/1442487"}],"wp:attachment":[{"href":"https:\/\/talkpal.ai\/mt\/wp-json\/wp\/v2\/media?parent=1443474"}],"curies":[{"name":"wp","href":"https:\/\/api.w.org\/{rel}","templated":true}]}}