{"id":1443465,"date":"2023-05-14T13:53:07","date_gmt":"2023-05-14T13:53:07","guid":{"rendered":"https:\/\/talkpal.ai\/grammatika-svediza\/"},"modified":"2025-12-11T16:32:19","modified_gmt":"2025-12-11T16:32:19","slug":"grammatika-svediza","status":"publish","type":"page","link":"https:\/\/talkpal.ai\/mt\/grammatika-svediza\/","title":{"rendered":"Grammatika Svedi\u017ca"},"content":{"rendered":"\r\n\r\n\r\n<section class=\"languageChallengeSection\">\r\n    <div class=\"languageInfoWrapper\">\r\n        \r\n        <h1>Grammatika Svedi\u017ca<\/h1>\r\n        <p>Unlock the beauty of the Swedish language by mastering its essential grammar rules. Fehim solidu tal-grammatika Svedi\u017ca jippermettilek tikkomunika b&#039;kunfidenza u tikkonnettja mal-kultura Svedi\u017ca. Ibda titg\u0127allem il-grammatika Svedi\u017ca llum u \u0127u l-ewwel pass tieg\u0127ek lejn il-\u0127effa!<\/p>\r\n\r\n                            <a class=\"getStartedHidden\" href=\"https:\/\/app.talkpal.ai\/signup?lng=\">Ibda<\/a>\r\n        \r\n    <\/div>\r\n\r\n    <figure>\r\n    <img decoding=\"async\" width=\"768\" height=\"768\" src=\"https:\/\/talkpal.ai\/wp-content\/uploads\/2023\/06\/swedish-768x768.png\" class=\"languageImage no-lazy\" alt=\"Language learning for improved concentration\" fetchpriority=\"high\" sizes=\"(max-width: 768px) 150px, 768px\" srcset=\"https:\/\/talkpal.ai\/wp-content\/uploads\/2023\/06\/swedish-768x768.png 768w, https:\/\/talkpal.ai\/wp-content\/uploads\/2023\/06\/swedish-300x300.png 300w\" \/>\r\n    \r\n\r\n    <\/figure>\r\n\r\n            <a class=\"getStartedVisible\" href=\"https:\/\/app.talkpal.ai\/signup?lng=\">Ibda<\/a>\r\n    \r\n<\/section>\r\n<section class=\"promotionalBanner\">\r\n    <p class=\"promotionalText\">L-aktar mod effi\u010bjenti biex titg\u0127allem lingwa<\/p>\r\n    <a class=\"promotionalLink\" href=\"https:\/\/app.talkpal.ai\/signup?lng=\">Ipprova Talkpal b&#8217;xejn<\/a>\r\n<\/section>\n<div class=\"wp-block-group pageContainerStyle\"><div class=\"wp-block-group__inner-container is-layout-constrained wp-block-group-is-layout-constrained\">\n<h2 class=\"wp-block-heading\" id=\"h-demystifying-swedish-grammar-a-comprehensive-guide-to-master-its-rules-and-nuances\">Demystifying Swedish Grammar: A Comprehensive Guide to Master its Rules and Nuances<\/h2>\n\n\n\n<p>L-I\u017cvedi\u017c, mitkellem minn madwar 10 miljun persuna, huwa lingwa rikka u melodika li tappartjeni g\u0127all-familja \u0120ermani\u017ca tat-Tramuntana. G\u0127alkemm il-grammatika Svedi\u017ca hija relattivament sempli\u010bi meta mqabbla ma&#8217; xi lingwi o\u0127ra, il-fehim tar-regoli u l-istruttura tag\u0127ha huwa \u010b-\u010bavetta biex ittejjeb il-profi\u010bjenza lingwistika tieg\u0127ek. F&#8217;dan l-artikolu, a\u0127na niggwidawk permezz tal-aspetti fundamentali tal-grammatika Svedi\u017ca u nipprovdu pariri utli biex ittejjeb il-\u0127iliet tal-lingwa Svedi\u017ca tieg\u0127ek.<\/p>\n\n\n\n<h3 class=\"wp-block-heading\" id=\"h-essential-components-of-swedish-grammar\">Komponenti essenzjali tal-grammatika Svedi\u017ca:<\/h3>\n\n\n\n<p><a href=\"https:\/\/talkpal.ai\/living-in-sweden\/\">Swedish grammar<\/a> shares similarities with <a href=\"https:\/\/talkpal.ai\/es\/grammar\/10-reglas-esenciales-de-la-gramatica-inglesa-para-dominar-el-idioma\/\">English grammar<\/a>, making it easier for <a href=\"https:\/\/talkpal.ai\/culture\/why-do-english-speakers-say-fingers-crossed-for-luck\/\">English speakers<\/a> to pick up. Hawn huma xi aspetti kriti\u010bi tal-grammatika Svedi\u017ca ta &#8216;min jiffamiljarizza ru\u0127ek mag\u0127hom:<\/p>\n\n\n\n<p><strong>1. Nomi:<\/strong> In-nomi Svedi\u017ci huma maqsuma f&#8217;\u017cew\u0121 \u0121eneri grammatikali: komuni (en) u newtrali (ett). Kull nom jappartjeni g\u0127al wa\u0127da minn dawn il-kategoriji, li huwa importanti li ji\u0121i kkunsidrat meta tu\u017ca artikli indefiniti u definiti. In-nomi Svedi\u017ci g\u0127andhom ukoll forom plurali, b&#8217;diversi mudelli distinti biex tiftakar.<\/p>\n\n\n\n<p><strong>2. A\u0121\u0121ettivi:<\/strong> L-a\u0121\u0121ettivi bl-I\u017cvedi\u017c jaqblu mal-\u0121eneru tan-nom. Skont is-sess tan-nom, hemm tliet forom ta &#8216;a\u0121\u0121ettivi: po\u017cittiv, komparattiv, u superlattiv. L-a\u0121\u0121ettivi jaqblu wkoll fin-numru (singular jew plural).<\/p>\n\n\n\n<p><strong>3. Verbi:<\/strong> Il-verbi Svedi\u017ci huma kklassifikati f&#8217;erba &#8216;gruppi, kull wie\u0127ed bil-mudell ta&#8217; konjugazzjoni tieg\u0127u. Il-verbi huma konjugati bba\u017cati fuq it-temp (pre\u017cent, passat, jew futur) i\u017cda mhumiex konjugati skont is-su\u0121\u0121ett, b\u0127al fl-<a href=\"https:\/\/talkpal.ai\/learn-english-with-ai\/\">Ingli\u017c<\/a>. Minflok, il-forom tal-verb Svedi\u017ci jibqg\u0127u konsistenti irrispettivament mis-su\u0121\u0121ett. <a href=\"https:\/\/talkpal.ai\/locations\/language-courses-in-barra\/\">Barra<\/a> minn hekk, il-verbi Svedi\u017ci m&#8217;g\u0127andhomx forom kontinwi (ji\u0121ifieri, -ing) b\u0127al fl-Ingli\u017c.<\/p>\n\n\n\n<p><strong>4. Struttura tas-sentenza:<\/strong> L-istruttura tas-sentenza Svedi\u017ca hija tipikament Su\u0121\u0121ett-Verb-O\u0121\u0121ett (SVO), b\u0127all-Ingli\u017c. Madankollu, l-I\u017cvedi\u017c spiss ju\u017ca r-regola tal-ordni tal-kliem V2, fejn il-verb jidher fit-tieni po\u017cizzjoni f&#8217;sentenzi u mistoqsijiet dikjarattivi.<\/p>\n\n\n\n<h3 class=\"wp-block-heading\" id=\"h-tips-for-learning-swedish-grammar\">G\u0127ajnuniet g\u0127at-tag\u0127lim tal-grammatika Svedi\u017ca:<\/h3>\n\n\n\n<p>Biex tag\u0127mel il-vja\u0121\u0121 tat-tag\u0127lim tal-grammatika Svedi\u017ca tieg\u0127ek aktar bla xkiel, hawn huma xi pariri pratti\u010bi li g\u0127andek issegwi:<\/p>\n\n\n\n<p><strong>1. Prattika regolarment:<\/strong> Il-konsistenza hija \u010b-\u010bavetta. Allocate time every day or week to practice grammar exercises, reading, and writing in Swedish.<\/p>\n\n\n\n<p><strong>2. U\u017ca ri\u017corsi indi\u0121eni:<\/strong> G\u0127addas lilek innifsek f&#8217;materjali Svedi\u017ci nattivi b\u0127al letteratura, artikli tal-a\u0127barijiet, u podcasts. Dan mhux biss jg\u0127inek tifhem il-grammatika Svedi\u017ca fil-kuntest i\u017cda wkoll ittejjeb il-\u0127iliet tal-qari u s-smig\u0127 tieg\u0127ek.<\/p>\n\n\n\n<p><strong>3. Tg\u0127allem il-\u0121eneri u l-plurali tan-nomal:<\/strong> Il-memorizzazzjoni tal-\u0121eneru (en jew ett) u l-forom plurali tan-nomi Svedi\u017ci hija kru\u010bjali. Il-prattika ma\u017c-\u017cmien eventwalment tg\u0127inek tinternalizza dawn ir-regoli.<\/p>\n\n\n\n<p><strong>4. Qabbad ma &#8216;kelliema nattivi:<\/strong> L-involviment f&#8217;konversazzjonijiet ma&#8217; kelliema nattivi Svedi\u017ci jippermettilek tipprattika l-grammatika u tir\u010bievi feedback siewi. Ikkunsidra li ting\u0127aqad ma&#8217; gruppi ta&#8217; skambju lingwisti\u010bi jew fora onlajn biex tikkonnettja ma&#8217; individwi li jitkellmu bl-I\u017cvedi\u017c.<\/p>\n\n\n\n<p><strong>5. Kun pa\u010benzju\u017c u persistenti:<\/strong> Ftakar li t-tag\u0127lim tal-grammatika huwa pro\u010bess. Ibqa &#8216;impenjat, kompli jipprattika, u \u010b\u010belebra l-progress matul it-triq.<\/p>\n\n\n\n<h2 class=\"wp-block-heading\" id=\"h-conclusion\">Konklu\u017cjoni:<\/h2>\n\n\n\n<p>Il-grammatika Svedi\u017ca, g\u0127alkemm apparentement kumplessa, tista &#8216;ti\u0121i mg\u0127allma b&#8217;dedikazzjoni u fehim tal-komponenti integrali tag\u0127ha. Billi ssegwi s-su\u0121\u0121erimenti tag\u0127na u tg\u0127addas lilek innifsek fil-lingwa, int ser tara titjib kostanti fil-\u0127iliet tal-lingwa Svedi\u017ca tieg\u0127ek. T\u0127addan l-isfida u gawdi l-vja\u0121\u0121 lejn il-\u0127akma grammatikali Svedi\u017ca!<\/p>\n<\/div><\/div>\n\r\n<section class=\"learnNavigationSection\">\r\n            \r\n        <a href=\"https:\/\/talkpal.ai\/mt\/tghallem-l-izvediz\/\">\r\n            <div class=\"learnNavigationWrapper\">\r\n                <div class=\"learnNavigationContent\">\r\n                    <img decoding=\"async\" src=\"https:\/\/talkpal.ai\/wp-content\/uploads\/2024\/08\/Swedish.jpg\" alt=\"Swedish Flag\">\r\n                    <div>\r\n                        <h4>Dwar it-Tag\u0127lim tal-I\u017cvedi\u017c<\/h4>\r\n                        <p>Sir af kollox dwar il-grammatika Svedi\u017ca.<\/p>\r\n                    <\/div>\r\n                <\/div>\r\n            <\/div>\r\n        <\/a>\r\n\r\n        \r\n        <a href=\"https:\/\/talkpal.ai\/mt\/ezercizzji-tal-grammatika-svediza\/\">\r\n            <div class=\"learnNavigationWrapper\">\r\n                <div class=\"learnNavigationContent\">\r\n                    <img decoding=\"async\" src=\"https:\/\/talkpal.ai\/wp-content\/uploads\/2024\/08\/Swedish.jpg\" alt=\"Swedish Flag\">\r\n                    <div>\r\n                        <h4>E\u017cer\u010bizzju tal-Grammatika Svedi\u017ca<\/h4>\r\n                        <p>Ipprattika l-grammatika Svedi\u017ca.<\/p>\r\n                    <\/div>\r\n                <\/div>\r\n            <\/div>\r\n        <\/a>\r\n\r\n        \r\n        <a href=\"https:\/\/talkpal.ai\/vocabulary_language\/swedish\/\">\r\n            <div class=\"learnNavigationWrapper\">\r\n                <div class=\"learnNavigationContent\">\r\n                    <img decoding=\"async\" src=\"https:\/\/talkpal.ai\/wp-content\/uploads\/2024\/08\/Swedish.jpg\" alt=\"Swedish Flag\">\r\n                    <div>\r\n                        <h4>Vokabularju Svedi\u017c<\/h4>\r\n                        <p>Espandi l-vokabularju Svedi\u017c tieg\u0127ek.<\/p>\r\n                    <\/div>\r\n                <\/div>\r\n            <\/div>\r\n        <\/a>\r\n\r\n            <\/section>","protected":false},"excerpt":{"rendered":"<p>Demystifying Swedish Grammar: A Comprehensive Guide to Master its Rules and Nuances L-I\u017cvedi\u017c, mitkellem minn madwar 10 miljun persuna, huwa lingwa rikka u melodika li tappartjeni g\u0127all-familja \u0120ermani\u017ca tat-Tramuntana. G\u0127alkemm il-grammatika Svedi\u017ca hija relattivament sempli\u010bi meta mqabbla ma&#8217; xi lingwi o\u0127ra, il-fehim tar-regoli u l-istruttura tag\u0127ha huwa \u010b-\u010bavetta biex ittejjeb il-profi\u010bjenza lingwistika tieg\u0127ek. F&#8217;dan l-artikolu, [&hellip;]<\/p>\n","protected":false},"author":1,"featured_media":1439926,"parent":0,"menu_order":0,"comment_status":"closed","ping_status":"closed","template":"LearningContentPage.php","meta":{"_acf_changed":false,"footnotes":""},"class_list":["post-1443465","page","type-page","status-publish","has-post-thumbnail","hentry"],"acf":[],"yoast_head":"<!-- This site is optimized with the Yoast SEO Premium plugin v27.2 (Yoast SEO v27.2) - https:\/\/yoast.com\/product\/yoast-seo-premium-wordpress\/ -->\n<title>Grammatika Svedi\u017ca - Talkpal<\/title>\n<meta name=\"description\" content=\"Unlock the secrets of Swedish grammar to improve your language skills with fundamental rules and helpful tips.\" \/>\n<meta name=\"robots\" content=\"index, follow, max-snippet:-1, max-image-preview:large, max-video-preview:-1\" \/>\n<link rel=\"canonical\" href=\"https:\/\/talkpal.ai\/mt\/grammatika-svediza\/\" \/>\n<meta property=\"og:locale\" content=\"mt_MT\" \/>\n<meta property=\"og:type\" content=\"article\" \/>\n<meta property=\"og:title\" content=\"Grammatika Svedi\u017ca\" \/>\n<meta property=\"og:description\" content=\"Demystifying Swedish Grammar: A Comprehensive Guide to Master its Rules and Nuances L-I\u017cvedi\u017c, mitkellem minn madwar 10 miljun persuna, huwa lingwa rikka\" \/>\n<meta property=\"og:url\" content=\"https:\/\/talkpal.ai\/mt\/grammatika-svediza\/\" \/>\n<meta property=\"og:site_name\" content=\"Talkpal\" \/>\n<meta property=\"article:publisher\" content=\"https:\/\/www.facebook.com\/profile.php?id=100090733639311\" \/>\n<meta property=\"article:modified_time\" content=\"2025-12-11T16:32:19+00:00\" \/>\n<meta property=\"og:image\" content=\"https:\/\/talkpal.ai\/wp-content\/uploads\/2023\/04\/sweden.png\" \/>\n\t<meta property=\"og:image:width\" content=\"512\" \/>\n\t<meta property=\"og:image:height\" content=\"512\" \/>\n\t<meta property=\"og:image:type\" content=\"image\/png\" \/>\n<meta name=\"twitter:card\" content=\"summary_large_image\" \/>\n<meta name=\"twitter:site\" content=\"@talkpalai\" \/>\n<meta name=\"twitter:label1\" content=\"Est. reading time\" \/>\n\t<meta name=\"twitter:data1\" content=\"3 minutes\" \/>\n<script type=\"application\/ld+json\" class=\"yoast-schema-graph\">{\"@context\":\"https:\/\/schema.org\",\"@graph\":[{\"@type\":\"WebPage\",\"@id\":\"https:\/\/talkpal.ai\/mt\/grammatika-svediza\/\",\"url\":\"https:\/\/talkpal.ai\/mt\/grammatika-svediza\/\",\"name\":\"Grammatika Svedi\u017ca - Talkpal\",\"isPartOf\":{\"@id\":\"https:\/\/talkpal.ai\/mt\/#website\"},\"primaryImageOfPage\":{\"@id\":\"https:\/\/talkpal.ai\/mt\/grammatika-svediza\/#primaryimage\"},\"image\":{\"@id\":\"https:\/\/talkpal.ai\/mt\/grammatika-svediza\/#primaryimage\"},\"thumbnailUrl\":\"https:\/\/talkpal.ai\/wp-content\/uploads\/2023\/04\/sweden.png\",\"datePublished\":\"2023-05-14T13:53:07+00:00\",\"dateModified\":\"2025-12-11T16:32:19+00:00\",\"description\":\"Unlock the secrets of Swedish grammar to improve your language skills with fundamental rules and helpful tips.\",\"breadcrumb\":{\"@id\":\"https:\/\/talkpal.ai\/mt\/grammatika-svediza\/#breadcrumb\"},\"inLanguage\":\"mt-MT\",\"potentialAction\":[{\"@type\":\"ReadAction\",\"target\":[\"https:\/\/talkpal.ai\/mt\/grammatika-svediza\/\"]}]},{\"@type\":\"ImageObject\",\"inLanguage\":\"mt-MT\",\"@id\":\"https:\/\/talkpal.ai\/mt\/grammatika-svediza\/#primaryimage\",\"url\":\"https:\/\/talkpal.ai\/wp-content\/uploads\/2023\/04\/sweden.png\",\"contentUrl\":\"https:\/\/talkpal.ai\/wp-content\/uploads\/2023\/04\/sweden.png\",\"width\":512,\"height\":512,\"caption\":\"TalkPal Catalan Flag\"},{\"@type\":\"BreadcrumbList\",\"@id\":\"https:\/\/talkpal.ai\/mt\/grammatika-svediza\/#breadcrumb\",\"itemListElement\":[{\"@type\":\"ListItem\",\"position\":1,\"name\":\"Homepage\",\"item\":\"https:\/\/talkpal.ai\/mt\/\"},{\"@type\":\"ListItem\",\"position\":2,\"name\":\"Grammatika Svedi\u017ca\"}]},{\"@type\":\"WebSite\",\"@id\":\"https:\/\/talkpal.ai\/mt\/#website\",\"url\":\"https:\/\/talkpal.ai\/mt\/\",\"name\":\"Talkpal\",\"description\":\"AI Language Learning\",\"publisher\":{\"@id\":\"https:\/\/talkpal.ai\/mt\/#organization\"},\"alternateName\":\"Talkpal AI\",\"potentialAction\":[{\"@type\":\"SearchAction\",\"target\":{\"@type\":\"EntryPoint\",\"urlTemplate\":\"https:\/\/talkpal.ai\/mt\/?s={search_term_string}\"},\"query-input\":{\"@type\":\"PropertyValueSpecification\",\"valueRequired\":true,\"valueName\":\"search_term_string\"}}],\"inLanguage\":\"mt-MT\"},{\"@type\":\"Organization\",\"@id\":\"https:\/\/talkpal.ai\/mt\/#organization\",\"name\":\"Talkpal, Inc.\",\"alternateName\":\"Talkpal AI\",\"url\":\"https:\/\/talkpal.ai\/mt\/\",\"logo\":{\"@type\":\"ImageObject\",\"inLanguage\":\"mt-MT\",\"@id\":\"https:\/\/talkpal.ai\/mt\/#\/schema\/logo\/image\/\",\"url\":\"https:\/\/talkpal.ai\/wp-content\/uploads\/2024\/03\/Talkpal-Logo-Icon.png\",\"contentUrl\":\"https:\/\/talkpal.ai\/wp-content\/uploads\/2024\/03\/Talkpal-Logo-Icon.png\",\"width\":2880,\"height\":2880,\"caption\":\"Talkpal, Inc.\"},\"image\":{\"@id\":\"https:\/\/talkpal.ai\/mt\/#\/schema\/logo\/image\/\"},\"sameAs\":[\"https:\/\/www.facebook.com\/profile.php?id=100090733639311\",\"https:\/\/x.com\/talkpalai\",\"https:\/\/www.linkedin.com\/company\/talkpal\/\",\"https:\/\/www.youtube.com\/@TalkPal\/\",\"https:\/\/www.tiktok.com\/@talkpal\",\"https:\/\/www.instagram.com\/talkpal_ai\/\",\"https:\/\/www.crunchbase.com\/organization\/talkpal-9cde\",\"https:\/\/www.g2.com\/products\/talkpal-for-business\/\",\"https:\/\/www.trustpilot.com\/review\/talkpal.ai\",\"https:\/\/www.capterra.com\/p\/10006800\/TalkPal\/\"],\"description\":\"Talkpal is a language learning web and mobile education app, powered by the latest AI technologies, that provides engaging experiences to its customers in many different languages to help them improve their language skills. Users can chat about unlimited amount of topics with the app and use other modes to practice their language learning.\",\"email\":\"support@talkpal.ai\",\"legalName\":\"Talkpal, Inc.\",\"foundingDate\":\"2023-04-03\",\"duns\":\"118989042\",\"numberOfEmployees\":{\"@type\":\"QuantitativeValue\",\"minValue\":\"11\",\"maxValue\":\"50\"},\"publishingPrinciples\":\"https:\/\/talkpal.ai\/publishing-principles\/\",\"actionableFeedbackPolicy\":\"https:\/\/talkpal.ai\/actionable-feedback-policy\/\",\"correctionsPolicy\":\"https:\/\/talkpal.ai\/corrections-policy\/\",\"ethicsPolicy\":\"https:\/\/talkpal.ai\/ethics-policy\/\",\"diversityPolicy\":\"https:\/\/talkpal.ai\/diversity-policy\/\",\"diversityStaffingReport\":\"https:\/\/talkpal.ai\/diversity-policy\/\"}]}<\/script>\n<!-- \/ Yoast SEO Premium plugin. -->","yoast_head_json":{"title":"Grammatika Svedi\u017ca - Talkpal","description":"Unlock the secrets of Swedish grammar to improve your language skills with fundamental rules and helpful tips.","robots":{"index":"index","follow":"follow","max-snippet":"max-snippet:-1","max-image-preview":"max-image-preview:large","max-video-preview":"max-video-preview:-1"},"canonical":"https:\/\/talkpal.ai\/mt\/grammatika-svediza\/","og_locale":"mt_MT","og_type":"article","og_title":"Grammatika Svedi\u017ca","og_description":"Demystifying Swedish Grammar: A Comprehensive Guide to Master its Rules and Nuances L-I\u017cvedi\u017c, mitkellem minn madwar 10 miljun persuna, huwa lingwa rikka","og_url":"https:\/\/talkpal.ai\/mt\/grammatika-svediza\/","og_site_name":"Talkpal","article_publisher":"https:\/\/www.facebook.com\/profile.php?id=100090733639311","article_modified_time":"2025-12-11T16:32:19+00:00","og_image":[{"width":512,"height":512,"url":"https:\/\/talkpal.ai\/wp-content\/uploads\/2023\/04\/sweden.png","type":"image\/png"}],"twitter_card":"summary_large_image","twitter_site":"@talkpalai","twitter_misc":{"Est. reading time":"3 minutes"},"schema":{"@context":"https:\/\/schema.org","@graph":[{"@type":"WebPage","@id":"https:\/\/talkpal.ai\/mt\/grammatika-svediza\/","url":"https:\/\/talkpal.ai\/mt\/grammatika-svediza\/","name":"Grammatika Svedi\u017ca - Talkpal","isPartOf":{"@id":"https:\/\/talkpal.ai\/mt\/#website"},"primaryImageOfPage":{"@id":"https:\/\/talkpal.ai\/mt\/grammatika-svediza\/#primaryimage"},"image":{"@id":"https:\/\/talkpal.ai\/mt\/grammatika-svediza\/#primaryimage"},"thumbnailUrl":"https:\/\/talkpal.ai\/wp-content\/uploads\/2023\/04\/sweden.png","datePublished":"2023-05-14T13:53:07+00:00","dateModified":"2025-12-11T16:32:19+00:00","description":"Unlock the secrets of Swedish grammar to improve your language skills with fundamental rules and helpful tips.","breadcrumb":{"@id":"https:\/\/talkpal.ai\/mt\/grammatika-svediza\/#breadcrumb"},"inLanguage":"mt-MT","potentialAction":[{"@type":"ReadAction","target":["https:\/\/talkpal.ai\/mt\/grammatika-svediza\/"]}]},{"@type":"ImageObject","inLanguage":"mt-MT","@id":"https:\/\/talkpal.ai\/mt\/grammatika-svediza\/#primaryimage","url":"https:\/\/talkpal.ai\/wp-content\/uploads\/2023\/04\/sweden.png","contentUrl":"https:\/\/talkpal.ai\/wp-content\/uploads\/2023\/04\/sweden.png","width":512,"height":512,"caption":"TalkPal Catalan Flag"},{"@type":"BreadcrumbList","@id":"https:\/\/talkpal.ai\/mt\/grammatika-svediza\/#breadcrumb","itemListElement":[{"@type":"ListItem","position":1,"name":"Homepage","item":"https:\/\/talkpal.ai\/mt\/"},{"@type":"ListItem","position":2,"name":"Grammatika Svedi\u017ca"}]},{"@type":"WebSite","@id":"https:\/\/talkpal.ai\/mt\/#website","url":"https:\/\/talkpal.ai\/mt\/","name":"Talkpal","description":"AI Language Learning","publisher":{"@id":"https:\/\/talkpal.ai\/mt\/#organization"},"alternateName":"Talkpal AI","potentialAction":[{"@type":"SearchAction","target":{"@type":"EntryPoint","urlTemplate":"https:\/\/talkpal.ai\/mt\/?s={search_term_string}"},"query-input":{"@type":"PropertyValueSpecification","valueRequired":true,"valueName":"search_term_string"}}],"inLanguage":"mt-MT"},{"@type":"Organization","@id":"https:\/\/talkpal.ai\/mt\/#organization","name":"Talkpal, Inc.","alternateName":"Talkpal AI","url":"https:\/\/talkpal.ai\/mt\/","logo":{"@type":"ImageObject","inLanguage":"mt-MT","@id":"https:\/\/talkpal.ai\/mt\/#\/schema\/logo\/image\/","url":"https:\/\/talkpal.ai\/wp-content\/uploads\/2024\/03\/Talkpal-Logo-Icon.png","contentUrl":"https:\/\/talkpal.ai\/wp-content\/uploads\/2024\/03\/Talkpal-Logo-Icon.png","width":2880,"height":2880,"caption":"Talkpal, Inc."},"image":{"@id":"https:\/\/talkpal.ai\/mt\/#\/schema\/logo\/image\/"},"sameAs":["https:\/\/www.facebook.com\/profile.php?id=100090733639311","https:\/\/x.com\/talkpalai","https:\/\/www.linkedin.com\/company\/talkpal\/","https:\/\/www.youtube.com\/@TalkPal\/","https:\/\/www.tiktok.com\/@talkpal","https:\/\/www.instagram.com\/talkpal_ai\/","https:\/\/www.crunchbase.com\/organization\/talkpal-9cde","https:\/\/www.g2.com\/products\/talkpal-for-business\/","https:\/\/www.trustpilot.com\/review\/talkpal.ai","https:\/\/www.capterra.com\/p\/10006800\/TalkPal\/"],"description":"Talkpal is a language learning web and mobile education app, powered by the latest AI technologies, that provides engaging experiences to its customers in many different languages to help them improve their language skills. Users can chat about unlimited amount of topics with the app and use other modes to practice their language learning.","email":"support@talkpal.ai","legalName":"Talkpal, Inc.","foundingDate":"2023-04-03","duns":"118989042","numberOfEmployees":{"@type":"QuantitativeValue","minValue":"11","maxValue":"50"},"publishingPrinciples":"https:\/\/talkpal.ai\/publishing-principles\/","actionableFeedbackPolicy":"https:\/\/talkpal.ai\/actionable-feedback-policy\/","correctionsPolicy":"https:\/\/talkpal.ai\/corrections-policy\/","ethicsPolicy":"https:\/\/talkpal.ai\/ethics-policy\/","diversityPolicy":"https:\/\/talkpal.ai\/diversity-policy\/","diversityStaffingReport":"https:\/\/talkpal.ai\/diversity-policy\/"}]}},"_links":{"self":[{"href":"https:\/\/talkpal.ai\/mt\/wp-json\/wp\/v2\/pages\/1443465","targetHints":{"allow":["GET"]}}],"collection":[{"href":"https:\/\/talkpal.ai\/mt\/wp-json\/wp\/v2\/pages"}],"about":[{"href":"https:\/\/talkpal.ai\/mt\/wp-json\/wp\/v2\/types\/page"}],"author":[{"embeddable":true,"href":"https:\/\/talkpal.ai\/mt\/wp-json\/wp\/v2\/users\/1"}],"replies":[{"embeddable":true,"href":"https:\/\/talkpal.ai\/mt\/wp-json\/wp\/v2\/comments?post=1443465"}],"version-history":[{"count":0,"href":"https:\/\/talkpal.ai\/mt\/wp-json\/wp\/v2\/pages\/1443465\/revisions"}],"wp:featuredmedia":[{"embeddable":true,"href":"https:\/\/talkpal.ai\/mt\/wp-json\/wp\/v2\/media\/1439926"}],"wp:attachment":[{"href":"https:\/\/talkpal.ai\/mt\/wp-json\/wp\/v2\/media?parent=1443465"}],"curies":[{"name":"wp","href":"https:\/\/api.w.org\/{rel}","templated":true}]}}