{"id":1443456,"date":"2023-05-14T13:52:27","date_gmt":"2023-05-14T13:52:27","guid":{"rendered":"https:\/\/talkpal.ai\/grammatika-koreana\/"},"modified":"2025-12-11T16:28:47","modified_gmt":"2025-12-11T16:28:47","slug":"grammatika-koreana","status":"publish","type":"page","link":"https:\/\/talkpal.ai\/mt\/grammatika-koreana\/","title":{"rendered":"Grammatika Koreana"},"content":{"rendered":"\r\n\r\n\r\n<section class=\"languageChallengeSection\">\r\n    <div class=\"languageInfoWrapper\">\r\n        \r\n        <h1>Grammatika Koreana<\/h1>\r\n        <p>Ibda \u0127akma l-grammatika Koreana bi gwidi fa\u010bli biex isegwu u e\u017cempji pratti\u010bi. Tg\u0127allem kif tifforma sentenzi, tu\u017ca parti\u010belli, u tikkonjuga verbi biex tesprimi ru\u0127ek b&#039;mod pre\u010bi\u017c. Prattika l-\u0127iliet tieg\u0127ek b&#039;e\u017cer\u010bizzji interattivi ddisinjati biex jibnu l-kunfidenza tieg\u0127ek. \u0126u l-pass li jmiss fil-vja\u0121\u0121 tal-lingwa Koreana tieg\u0127ek u ttejjeb il-\u0127effa tieg\u0127ek illum!<\/p>\r\n\r\n                            <a class=\"getStartedHidden\" href=\"https:\/\/app.talkpal.ai\/signup?lng=\">Ibda<\/a>\r\n        \r\n    <\/div>\r\n\r\n    <figure>\r\n    <img decoding=\"async\" width=\"768\" height=\"768\" src=\"https:\/\/talkpal.ai\/wp-content\/uploads\/2023\/06\/korean-768x768.png\" class=\"languageImage no-lazy\" alt=\"Line-by-line learning for language acquisition\" fetchpriority=\"high\" sizes=\"(max-width: 768px) 150px, 768px\" srcset=\"https:\/\/talkpal.ai\/wp-content\/uploads\/2023\/06\/korean-768x768.png 768w, https:\/\/talkpal.ai\/wp-content\/uploads\/2023\/06\/korean-300x300.png 300w\" \/>\r\n    \r\n\r\n    <\/figure>\r\n\r\n            <a class=\"getStartedVisible\" href=\"https:\/\/app.talkpal.ai\/signup?lng=\">Ibda<\/a>\r\n    \r\n<\/section>\r\n<section class=\"promotionalBanner\">\r\n    <p class=\"promotionalText\">L-aktar mod effi\u010bjenti biex titg\u0127allem lingwa<\/p>\r\n    <a class=\"promotionalLink\" href=\"https:\/\/app.talkpal.ai\/signup?lng=\">Ipprova Talkpal b&#8217;xejn<\/a>\r\n<\/section>\n<div class=\"wp-block-group pageContainerStyle\"><div class=\"wp-block-group__inner-container is-layout-constrained wp-block-group-is-layout-constrained\">\n<h2 class=\"wp-block-heading\" id=\"h-demystifying-korean-grammar-a-beginner-s-guide\">Demystifying Korean Grammar: A Beginner&#8217;s Guide<\/h2>\n\n\n\n<p>It-tag\u0127lim tal-Korean jista &#8216;jifta\u0127 dinja ta&#8217; opportunit\u00e0, kemm jekk qed tesplora l-k\u010bina Koreana, tara l-a\u0127\u0127ar K-dramas, jew ta\u0127dem ma &#8216;wa\u0127da mill-\u0127afna kumpaniji innovattivi tal-Korea t&#8217;Isfel. B\u0127ala kelliem mhux nattiv li jg\u0127addas f&#8217;din il-lingwa affaxxinanti, wie\u0127ed mill-aspetti l-aktar ta &#8216;sfida jista&#8217; jkun il-\u0127akma tal-grammatika tag\u0127ha. Il-grammatika Koreana tista &#8216;tidher kumplessa mal-ewwel daqqa t&#8217;g\u0127ajn, i\u017cda g\u0127andha lo\u0121ika u konsistenza li tista&#8217; tkun aktar a\u010b\u010bessibbli milli tista &#8216;ta\u0127seb. F&#8217;dan l-artikolu, a\u0127na se nkissru l-karatteristi\u010bi ewlenin tal-grammatika Koreana u nipprovdu g\u0127arfien siewi biex il-vja\u0121\u0121 tieg\u0127ek lejn il-fluwenza jkun wie\u0127ed bla xkiel u pja\u010bevoli.<\/p>\n\n\n\n<h3 class=\"wp-block-heading\" id=\"h-1-word-nbsp-order-nbsp-get-in-the-flow\"><b>1. Ordni tal-kliem<\/b><b> &#8211; Ikseb fil-fluss!<\/b><\/h3>\n\n\n\n<p>L-ewwel \u0127a\u0121a li g\u0127andek b\u017conn tkun taf dwar il-grammatika Koreana hija l-ordni ba\u017cika tal-kliem tag\u0127ha: <a href=\"https:\/\/talkpal.ai\/culture\/how-do-you-structure-a-sentence-using-subject-object-verb-order-in-uzbek\/\">Subject-Object-Verb<\/a> (SOV). Dan ifisser li l-verbi ji\u0121u fl-a\u0127\u0127ar ta&#8217; sentenza, b&#8217;differenza mill-ordni Subject-Verb-Object (SVO) tal-<a href=\"https:\/\/talkpal.ai\/learn-english-with-ai\/\">Ingli\u017c<\/a>. Dan jista &#8216;jie\u0127u ftit biex jidraw, i\u017cda \u010b-\u010bavetta g\u0127all-fluency hija li jkollna komdu b&#8217;din l-istruttura l-\u0121dida.<\/p>\n\n\n\n<p>Tip: Practice forming simple <a href=\"https:\/\/talkpal.ai\/learn-korean\/\">Korean<\/a> sentences by translating English phrases and rearranging the order of the words. Iffoka fuq il-fehim tal-lo\u0121ika wara l-istruttura SOV biex issir aktar komda mag\u0127ha.<\/p>\n\n\n\n<h3 class=\"wp-block-heading\" id=\"h-2-particles-attach-and-connect\">2. Parti\u010belli &#8211; Wa\u0127\u0127al u qabbad!<\/h3>\n\n\n\n<p>Sentenzi Koreani ju\u017caw bi\u010b\u010biet \u017cg\u0127ar ta &#8216;informazzjoni grammatikali msej\u0127a parti\u010belli biex jg\u0127inu jiddeterminaw il-funzjoni ta&#8217; kelma f&#8217;sentenza. Pere\u017cempju, \uc774\/\uac00 u \uc740\/\ub294 jimmarkaw is-su\u0121\u0121ett, filwaqt li \uc744\/\ub97c jindikaw l-o\u0121\u0121ett. Il-parti\u010belli huma komponent essenzjali tal-grammatika Koreana, i\u017cda l-u\u017cu tag\u0127hom jista &#8216;j\u0127ossu kbir inizjalment.<\/p>\n\n\n\n<p>Tip: Tackle parti\u010bella wa\u0127da kull darba, jkollna komdu bl-u\u017cu u t-tifsira tag\u0127ha. \u017bviluppa lista ta &#8216;sentenzi ta&#8217; e\u017cempju billi tu\u017ca kull parti\u010bella biex to\u0127loq \u0121abra ta &#8216;materjal ta&#8217; referenza.<\/p>\n\n\n\n<h3 class=\"wp-block-heading\" id=\"h-3-verb-conjugation-keep-it-simple\">3. Konjugazzjoni tal-verb &#8211; \u017bommha sempli\u010bi!<\/h3>\n\n\n\n<p>Il-verbi Koreani huma notevolment konsistenti, li jistg\u0127u jag\u0127mluhom aktar fa\u010bli biex jitg\u0127allmu minn verbi f&#8217;lingwi o\u0127ra. Il-verbi Koreani kollha jispi\u010b\u010baw f&#8217;\ub2e4 (da) fil-forma ba\u017cika tag\u0127hom, u biex to\u0127loq tempi differenti jew livelli ta &#8216;edukazzjoni, sempli\u010bement i\u017c\u017cid diversi trufijiet. L-aktar komuni huma \u2013\uc694 (yo) g\u0127al edukazzjoni informali u \u2013\uc2b5\ub2c8\ub2e4 (seumnida) g\u0127al sitwazzjonijiet aktar formali.<\/p>\n\n\n\n<p>Tip: Tg\u0127allem tikkonjuga ftit verbi essenzjali fil-livelli differenti ta &#8216;korte\u017cija, b\u0127al \ud558\ub2e4 (tag\u0127mel), \uba39\ub2e4 (tiekol), \uc790\ub2e4 (torqod), u \uac00\ub2e4 (tmur). Imbag\u0127ad, ibda tinkorporahom f&#8217;sentenzi biex issir aktar familjari u komda bl-u\u017cu ta &#8216;diversi konjugazzjonijiet.<\/p>\n\n\n\n<h3 class=\"wp-block-heading\" id=\"h-4-adjectives-treat-them-like-verbs\">4. A\u0121\u0121ettivi &#8211; Ittrattahom b\u0127al verbi!<\/h3>\n\n\n\n<p>Fil-grammatika Koreana, l-a\u0121\u0121ettivi jiffunzjonaw b&#8217;mod simili g\u0127all-verbi u huma konjugati bl-u\u017cu tal-istess sistema. \u0126afna a\u0121\u0121ettivi jispi\u010b\u010baw f&#8217;~\ud558\ub2e4 (-hada) u jistg\u0127u ji\u0121u konjugati bl-istess mod kif tikkonjuga l-verbi.<\/p>\n\n\n\n<p>Tip: Prattika l-konjugazzjoni ta &#8216;a\u0121\u0121ettivi komuni b\u0127al \uc88b\ub2e4 (li tkun tajjeb), \uc608\uc058\ub2e4 (li tkun sabi\u0127a), \ub192\ub2e4 (li tkun g\u0127olja), \ub0ae\ub2e4 (biex tkun baxxa), u \ud06c\ub2e4 (biex tkun kbira). L-inkorporazzjoni tag\u0127hom fis-sentenzi tg\u0127in biex tissolidifika l-fehim tieg\u0127ek.<\/p>\n\n\n\n<h3 class=\"wp-block-heading\" id=\"h-5-honorifics-show-your-respect\">5. Onorifi\u010bi &#8211; Uri r-rispett tieg\u0127ek!<\/h3>\n\n\n\n<p>Il-kultura Koreana tenfasizza li turi rispett lejn l-anzjani u dawk f&#8217;po\u017cizzjonijiet ta&#8217; awtorit\u00e0. Dan huwa rifless fil-lingwa tieg\u0127u permezz ta &#8216;onorifi\u010bi, li huma forom spe\u010bjali ta&#8217; kliem u strutturi grammatikali u\u017cati biex juru edukazzjoni. Xi e\u017cempji ewlenin jinkludu l-u\u017cu tal-parti\u010bella \u2013\uaed8\uc11c (-kkeseo) minflok \u2013\uc774\/\uac00 meta tirreferi g\u0127al xi \u0127add b&#8217;rispett jew tehme\u017c \u2013\uc2dc (-si) mal-verbi b\u0127ala markatur ta&#8217; edukazzjoni.<\/p>\n\n\n\n<p>Tip: Tg\u0127allem il-punti ba\u017ci\u010bi tal-u\u017cu tal-onorifi\u010bi, imma tinkwetax wisq dwar li ssir espert mill-ewwel. B\u0127ala kelliem Ingli\u017c, il-Koreani x&#8217;aktarx jifhmu jekk tag\u0127mel \u017cbalji, i\u017cda li turi sforz biex tkun rispettu\u017c se jkun apprezzat.<\/p>\n\n\n\n<h3 class=\"wp-block-heading\" id=\"h-conclusion\">Konklu\u017cjoni:<\/h3>\n\n\n\n<p><a href=\"https:\/\/talkpal.ai\/ko\/%ec%95%84%eb%a5%b4%eb%a9%94%eb%8b%88%ec%95%84%ec%96%b4-%eb%b0%b0%ec%9a%b0%ea%b8%b0\/\">Korean grammar<\/a> may seem challenging at first, but as you gain experience and understanding, you&#8217;ll find a logical and consistent framework in place. Billi tiffoka fuq kun\u010betti ewlenin b\u0127all-ordni tal-kliem, il-parti\u010belli, u l-konjugazzjoni tal-verb, dalwaqt tkun qed tibni sentenzi b\u0127al pro. T\u0127addan im\u0127abba g\u0127al din il-lingwa espressiva, u ara l-\u0127akma tieg\u0127ek tal-grammatika Koreana twassal g\u0127al dinja ta &#8216;possibbiltajiet. \ud654\uc774\ud305 (hwaiting) \u2013 let<\/p>\n<\/div><\/div>\n\r\n<section class=\"learnNavigationSection\">\r\n            \r\n        <a href=\"https:\/\/talkpal.ai\/mt\/tghallem-korean\/\">\r\n            <div class=\"learnNavigationWrapper\">\r\n                <div class=\"learnNavigationContent\">\r\n                    <img decoding=\"async\" src=\"https:\/\/talkpal.ai\/wp-content\/uploads\/2024\/08\/Korean.jpg\" alt=\"Korean Flag\">\r\n                    <div>\r\n                        <h4>Dwar it-Tag\u0127lim Korean<\/h4>\r\n                        <p>Sir af kollox dwar il-grammatika Koreana.<\/p>\r\n                    <\/div>\r\n                <\/div>\r\n            <\/div>\r\n        <\/a>\r\n\r\n        \r\n        <a href=\"https:\/\/talkpal.ai\/mt\/ezercizzji-tal-grammatika-koreana\/\">\r\n            <div class=\"learnNavigationWrapper\">\r\n                <div class=\"learnNavigationContent\">\r\n                    <img decoding=\"async\" src=\"https:\/\/talkpal.ai\/wp-content\/uploads\/2024\/08\/Korean.jpg\" alt=\"Korean Flag\">\r\n                    <div>\r\n                        <h4>E\u017cer\u010bizzju tal-Grammatika Koreana<\/h4>\r\n                        <p>Prattika grammatika Koreana.<\/p>\r\n                    <\/div>\r\n                <\/div>\r\n            <\/div>\r\n        <\/a>\r\n\r\n        \r\n        <a href=\"https:\/\/talkpal.ai\/vocabulary_language\/korean\/\">\r\n            <div class=\"learnNavigationWrapper\">\r\n                <div class=\"learnNavigationContent\">\r\n                    <img decoding=\"async\" src=\"https:\/\/talkpal.ai\/wp-content\/uploads\/2024\/08\/Korean.jpg\" alt=\"Korean Flag\">\r\n                    <div>\r\n                        <h4>Vokabularju Korean<\/h4>\r\n                        <p>Espandi l-vokabularju Korean tieg\u0127ek.<\/p>\r\n                    <\/div>\r\n                <\/div>\r\n            <\/div>\r\n        <\/a>\r\n\r\n            <\/section>","protected":false},"excerpt":{"rendered":"<p>Demystifying Korean Grammar: A Beginner&#8217;s Guide It-tag\u0127lim tal-Korean jista &#8216;jifta\u0127 dinja ta&#8217; opportunit\u00e0, kemm jekk qed tesplora l-k\u010bina Koreana, tara l-a\u0127\u0127ar K-dramas, jew ta\u0127dem ma &#8216;wa\u0127da mill-\u0127afna kumpaniji innovattivi tal-Korea t&#8217;Isfel. B\u0127ala kelliem mhux nattiv li jg\u0127addas f&#8217;din il-lingwa affaxxinanti, wie\u0127ed mill-aspetti l-aktar ta &#8216;sfida jista&#8217; jkun il-\u0127akma tal-grammatika tag\u0127ha. Il-grammatika Koreana tista &#8216;tidher kumplessa [&hellip;]<\/p>\n","protected":false},"author":1,"featured_media":1439920,"parent":0,"menu_order":0,"comment_status":"closed","ping_status":"closed","template":"LearningContentPage.php","meta":{"_acf_changed":false,"footnotes":""},"class_list":["post-1443456","page","type-page","status-publish","has-post-thumbnail","hentry"],"acf":[],"yoast_head":"<!-- This site is optimized with the Yoast SEO Premium plugin v27.2 (Yoast SEO v27.2) - https:\/\/yoast.com\/product\/yoast-seo-premium-wordpress\/ -->\n<title>Grammatika Koreana - Talkpal<\/title>\n<meta name=\"description\" content=\"Kaptan il-grammatika Koreana b&#039;kunfidenza - issa\u0127\u0127a\u0127 l-istruttura tas-sentenza, ti\u010b\u010bara r-regoli, u ttejjeb il-\u0127effa fa\u010bilment\" \/>\n<meta name=\"robots\" content=\"index, follow, max-snippet:-1, max-image-preview:large, max-video-preview:-1\" \/>\n<link rel=\"canonical\" href=\"https:\/\/talkpal.ai\/mt\/grammatika-koreana\/\" \/>\n<meta property=\"og:locale\" content=\"mt_MT\" \/>\n<meta property=\"og:type\" content=\"article\" \/>\n<meta property=\"og:title\" content=\"Grammatika Koreana\" \/>\n<meta property=\"og:description\" content=\"Demystifying Korean Grammar: A Beginner&#039;s Guide It-tag\u0127lim tal-Korean jista &#039;jifta\u0127 dinja ta&#039; opportunit\u00e0, kemm jekk qed tesplora l-k\u010bina Koreana, tara\" \/>\n<meta property=\"og:url\" content=\"https:\/\/talkpal.ai\/mt\/grammatika-koreana\/\" \/>\n<meta property=\"og:site_name\" content=\"Talkpal\" \/>\n<meta property=\"article:publisher\" content=\"https:\/\/www.facebook.com\/profile.php?id=100090733639311\" \/>\n<meta property=\"article:modified_time\" content=\"2025-12-11T16:28:47+00:00\" \/>\n<meta property=\"og:image\" content=\"https:\/\/talkpal.ai\/wp-content\/uploads\/2023\/04\/south-korea.png\" \/>\n\t<meta property=\"og:image:width\" content=\"512\" \/>\n\t<meta property=\"og:image:height\" content=\"512\" \/>\n\t<meta property=\"og:image:type\" content=\"image\/png\" \/>\n<meta name=\"twitter:card\" content=\"summary_large_image\" \/>\n<meta name=\"twitter:site\" content=\"@talkpalai\" \/>\n<meta name=\"twitter:label1\" content=\"Est. reading time\" \/>\n\t<meta name=\"twitter:data1\" content=\"3 minutes\" \/>\n<script type=\"application\/ld+json\" class=\"yoast-schema-graph\">{\"@context\":\"https:\/\/schema.org\",\"@graph\":[{\"@type\":\"WebPage\",\"@id\":\"https:\/\/talkpal.ai\/mt\/grammatika-koreana\/\",\"url\":\"https:\/\/talkpal.ai\/mt\/grammatika-koreana\/\",\"name\":\"Grammatika Koreana - Talkpal\",\"isPartOf\":{\"@id\":\"https:\/\/talkpal.ai\/mt\/#website\"},\"primaryImageOfPage\":{\"@id\":\"https:\/\/talkpal.ai\/mt\/grammatika-koreana\/#primaryimage\"},\"image\":{\"@id\":\"https:\/\/talkpal.ai\/mt\/grammatika-koreana\/#primaryimage\"},\"thumbnailUrl\":\"https:\/\/talkpal.ai\/wp-content\/uploads\/2023\/04\/south-korea.png\",\"datePublished\":\"2023-05-14T13:52:27+00:00\",\"dateModified\":\"2025-12-11T16:28:47+00:00\",\"description\":\"Kaptan il-grammatika Koreana b'kunfidenza - issa\u0127\u0127a\u0127 l-istruttura tas-sentenza, ti\u010b\u010bara r-regoli, u ttejjeb il-\u0127effa fa\u010bilment\",\"breadcrumb\":{\"@id\":\"https:\/\/talkpal.ai\/mt\/grammatika-koreana\/#breadcrumb\"},\"inLanguage\":\"mt-MT\",\"potentialAction\":[{\"@type\":\"ReadAction\",\"target\":[\"https:\/\/talkpal.ai\/mt\/grammatika-koreana\/\"]}]},{\"@type\":\"ImageObject\",\"inLanguage\":\"mt-MT\",\"@id\":\"https:\/\/talkpal.ai\/mt\/grammatika-koreana\/#primaryimage\",\"url\":\"https:\/\/talkpal.ai\/wp-content\/uploads\/2023\/04\/south-korea.png\",\"contentUrl\":\"https:\/\/talkpal.ai\/wp-content\/uploads\/2023\/04\/south-korea.png\",\"width\":512,\"height\":512,\"caption\":\"TalkPal Catalan Flag\"},{\"@type\":\"BreadcrumbList\",\"@id\":\"https:\/\/talkpal.ai\/mt\/grammatika-koreana\/#breadcrumb\",\"itemListElement\":[{\"@type\":\"ListItem\",\"position\":1,\"name\":\"Homepage\",\"item\":\"https:\/\/talkpal.ai\/mt\/\"},{\"@type\":\"ListItem\",\"position\":2,\"name\":\"Grammatika Koreana\"}]},{\"@type\":\"WebSite\",\"@id\":\"https:\/\/talkpal.ai\/mt\/#website\",\"url\":\"https:\/\/talkpal.ai\/mt\/\",\"name\":\"Talkpal\",\"description\":\"AI Language Learning\",\"publisher\":{\"@id\":\"https:\/\/talkpal.ai\/mt\/#organization\"},\"alternateName\":\"Talkpal AI\",\"potentialAction\":[{\"@type\":\"SearchAction\",\"target\":{\"@type\":\"EntryPoint\",\"urlTemplate\":\"https:\/\/talkpal.ai\/mt\/?s={search_term_string}\"},\"query-input\":{\"@type\":\"PropertyValueSpecification\",\"valueRequired\":true,\"valueName\":\"search_term_string\"}}],\"inLanguage\":\"mt-MT\"},{\"@type\":\"Organization\",\"@id\":\"https:\/\/talkpal.ai\/mt\/#organization\",\"name\":\"Talkpal, Inc.\",\"alternateName\":\"Talkpal AI\",\"url\":\"https:\/\/talkpal.ai\/mt\/\",\"logo\":{\"@type\":\"ImageObject\",\"inLanguage\":\"mt-MT\",\"@id\":\"https:\/\/talkpal.ai\/mt\/#\/schema\/logo\/image\/\",\"url\":\"https:\/\/talkpal.ai\/wp-content\/uploads\/2024\/03\/Talkpal-Logo-Icon.png\",\"contentUrl\":\"https:\/\/talkpal.ai\/wp-content\/uploads\/2024\/03\/Talkpal-Logo-Icon.png\",\"width\":2880,\"height\":2880,\"caption\":\"Talkpal, Inc.\"},\"image\":{\"@id\":\"https:\/\/talkpal.ai\/mt\/#\/schema\/logo\/image\/\"},\"sameAs\":[\"https:\/\/www.facebook.com\/profile.php?id=100090733639311\",\"https:\/\/x.com\/talkpalai\",\"https:\/\/www.linkedin.com\/company\/talkpal\/\",\"https:\/\/www.youtube.com\/@TalkPal\/\",\"https:\/\/www.tiktok.com\/@talkpal\",\"https:\/\/www.instagram.com\/talkpal_ai\/\",\"https:\/\/www.crunchbase.com\/organization\/talkpal-9cde\",\"https:\/\/www.g2.com\/products\/talkpal-for-business\/\",\"https:\/\/www.trustpilot.com\/review\/talkpal.ai\",\"https:\/\/www.capterra.com\/p\/10006800\/TalkPal\/\"],\"description\":\"Talkpal is a language learning web and mobile education app, powered by the latest AI technologies, that provides engaging experiences to its customers in many different languages to help them improve their language skills. Users can chat about unlimited amount of topics with the app and use other modes to practice their language learning.\",\"email\":\"support@talkpal.ai\",\"legalName\":\"Talkpal, Inc.\",\"foundingDate\":\"2023-04-03\",\"duns\":\"118989042\",\"numberOfEmployees\":{\"@type\":\"QuantitativeValue\",\"minValue\":\"11\",\"maxValue\":\"50\"},\"publishingPrinciples\":\"https:\/\/talkpal.ai\/publishing-principles\/\",\"actionableFeedbackPolicy\":\"https:\/\/talkpal.ai\/actionable-feedback-policy\/\",\"correctionsPolicy\":\"https:\/\/talkpal.ai\/corrections-policy\/\",\"ethicsPolicy\":\"https:\/\/talkpal.ai\/ethics-policy\/\",\"diversityPolicy\":\"https:\/\/talkpal.ai\/diversity-policy\/\",\"diversityStaffingReport\":\"https:\/\/talkpal.ai\/diversity-policy\/\"}]}<\/script>\n<!-- \/ Yoast SEO Premium plugin. -->","yoast_head_json":{"title":"Grammatika Koreana - Talkpal","description":"Kaptan il-grammatika Koreana b'kunfidenza - issa\u0127\u0127a\u0127 l-istruttura tas-sentenza, ti\u010b\u010bara r-regoli, u ttejjeb il-\u0127effa fa\u010bilment","robots":{"index":"index","follow":"follow","max-snippet":"max-snippet:-1","max-image-preview":"max-image-preview:large","max-video-preview":"max-video-preview:-1"},"canonical":"https:\/\/talkpal.ai\/mt\/grammatika-koreana\/","og_locale":"mt_MT","og_type":"article","og_title":"Grammatika Koreana","og_description":"Demystifying Korean Grammar: A Beginner's Guide It-tag\u0127lim tal-Korean jista 'jifta\u0127 dinja ta' opportunit\u00e0, kemm jekk qed tesplora l-k\u010bina Koreana, tara","og_url":"https:\/\/talkpal.ai\/mt\/grammatika-koreana\/","og_site_name":"Talkpal","article_publisher":"https:\/\/www.facebook.com\/profile.php?id=100090733639311","article_modified_time":"2025-12-11T16:28:47+00:00","og_image":[{"width":512,"height":512,"url":"https:\/\/talkpal.ai\/wp-content\/uploads\/2023\/04\/south-korea.png","type":"image\/png"}],"twitter_card":"summary_large_image","twitter_site":"@talkpalai","twitter_misc":{"Est. reading time":"3 minutes"},"schema":{"@context":"https:\/\/schema.org","@graph":[{"@type":"WebPage","@id":"https:\/\/talkpal.ai\/mt\/grammatika-koreana\/","url":"https:\/\/talkpal.ai\/mt\/grammatika-koreana\/","name":"Grammatika Koreana - Talkpal","isPartOf":{"@id":"https:\/\/talkpal.ai\/mt\/#website"},"primaryImageOfPage":{"@id":"https:\/\/talkpal.ai\/mt\/grammatika-koreana\/#primaryimage"},"image":{"@id":"https:\/\/talkpal.ai\/mt\/grammatika-koreana\/#primaryimage"},"thumbnailUrl":"https:\/\/talkpal.ai\/wp-content\/uploads\/2023\/04\/south-korea.png","datePublished":"2023-05-14T13:52:27+00:00","dateModified":"2025-12-11T16:28:47+00:00","description":"Kaptan il-grammatika Koreana b'kunfidenza - issa\u0127\u0127a\u0127 l-istruttura tas-sentenza, ti\u010b\u010bara r-regoli, u ttejjeb il-\u0127effa fa\u010bilment","breadcrumb":{"@id":"https:\/\/talkpal.ai\/mt\/grammatika-koreana\/#breadcrumb"},"inLanguage":"mt-MT","potentialAction":[{"@type":"ReadAction","target":["https:\/\/talkpal.ai\/mt\/grammatika-koreana\/"]}]},{"@type":"ImageObject","inLanguage":"mt-MT","@id":"https:\/\/talkpal.ai\/mt\/grammatika-koreana\/#primaryimage","url":"https:\/\/talkpal.ai\/wp-content\/uploads\/2023\/04\/south-korea.png","contentUrl":"https:\/\/talkpal.ai\/wp-content\/uploads\/2023\/04\/south-korea.png","width":512,"height":512,"caption":"TalkPal Catalan Flag"},{"@type":"BreadcrumbList","@id":"https:\/\/talkpal.ai\/mt\/grammatika-koreana\/#breadcrumb","itemListElement":[{"@type":"ListItem","position":1,"name":"Homepage","item":"https:\/\/talkpal.ai\/mt\/"},{"@type":"ListItem","position":2,"name":"Grammatika Koreana"}]},{"@type":"WebSite","@id":"https:\/\/talkpal.ai\/mt\/#website","url":"https:\/\/talkpal.ai\/mt\/","name":"Talkpal","description":"AI Language Learning","publisher":{"@id":"https:\/\/talkpal.ai\/mt\/#organization"},"alternateName":"Talkpal AI","potentialAction":[{"@type":"SearchAction","target":{"@type":"EntryPoint","urlTemplate":"https:\/\/talkpal.ai\/mt\/?s={search_term_string}"},"query-input":{"@type":"PropertyValueSpecification","valueRequired":true,"valueName":"search_term_string"}}],"inLanguage":"mt-MT"},{"@type":"Organization","@id":"https:\/\/talkpal.ai\/mt\/#organization","name":"Talkpal, Inc.","alternateName":"Talkpal AI","url":"https:\/\/talkpal.ai\/mt\/","logo":{"@type":"ImageObject","inLanguage":"mt-MT","@id":"https:\/\/talkpal.ai\/mt\/#\/schema\/logo\/image\/","url":"https:\/\/talkpal.ai\/wp-content\/uploads\/2024\/03\/Talkpal-Logo-Icon.png","contentUrl":"https:\/\/talkpal.ai\/wp-content\/uploads\/2024\/03\/Talkpal-Logo-Icon.png","width":2880,"height":2880,"caption":"Talkpal, Inc."},"image":{"@id":"https:\/\/talkpal.ai\/mt\/#\/schema\/logo\/image\/"},"sameAs":["https:\/\/www.facebook.com\/profile.php?id=100090733639311","https:\/\/x.com\/talkpalai","https:\/\/www.linkedin.com\/company\/talkpal\/","https:\/\/www.youtube.com\/@TalkPal\/","https:\/\/www.tiktok.com\/@talkpal","https:\/\/www.instagram.com\/talkpal_ai\/","https:\/\/www.crunchbase.com\/organization\/talkpal-9cde","https:\/\/www.g2.com\/products\/talkpal-for-business\/","https:\/\/www.trustpilot.com\/review\/talkpal.ai","https:\/\/www.capterra.com\/p\/10006800\/TalkPal\/"],"description":"Talkpal is a language learning web and mobile education app, powered by the latest AI technologies, that provides engaging experiences to its customers in many different languages to help them improve their language skills. Users can chat about unlimited amount of topics with the app and use other modes to practice their language learning.","email":"support@talkpal.ai","legalName":"Talkpal, Inc.","foundingDate":"2023-04-03","duns":"118989042","numberOfEmployees":{"@type":"QuantitativeValue","minValue":"11","maxValue":"50"},"publishingPrinciples":"https:\/\/talkpal.ai\/publishing-principles\/","actionableFeedbackPolicy":"https:\/\/talkpal.ai\/actionable-feedback-policy\/","correctionsPolicy":"https:\/\/talkpal.ai\/corrections-policy\/","ethicsPolicy":"https:\/\/talkpal.ai\/ethics-policy\/","diversityPolicy":"https:\/\/talkpal.ai\/diversity-policy\/","diversityStaffingReport":"https:\/\/talkpal.ai\/diversity-policy\/"}]}},"_links":{"self":[{"href":"https:\/\/talkpal.ai\/mt\/wp-json\/wp\/v2\/pages\/1443456","targetHints":{"allow":["GET"]}}],"collection":[{"href":"https:\/\/talkpal.ai\/mt\/wp-json\/wp\/v2\/pages"}],"about":[{"href":"https:\/\/talkpal.ai\/mt\/wp-json\/wp\/v2\/types\/page"}],"author":[{"embeddable":true,"href":"https:\/\/talkpal.ai\/mt\/wp-json\/wp\/v2\/users\/1"}],"replies":[{"embeddable":true,"href":"https:\/\/talkpal.ai\/mt\/wp-json\/wp\/v2\/comments?post=1443456"}],"version-history":[{"count":0,"href":"https:\/\/talkpal.ai\/mt\/wp-json\/wp\/v2\/pages\/1443456\/revisions"}],"wp:featuredmedia":[{"embeddable":true,"href":"https:\/\/talkpal.ai\/mt\/wp-json\/wp\/v2\/media\/1439920"}],"wp:attachment":[{"href":"https:\/\/talkpal.ai\/mt\/wp-json\/wp\/v2\/media?parent=1443456"}],"curies":[{"name":"wp","href":"https:\/\/api.w.org\/{rel}","templated":true}]}}