{"id":1443441,"date":"2023-05-14T13:51:09","date_gmt":"2023-05-14T13:51:09","guid":{"rendered":"https:\/\/talkpal.ai\/grammatika-gappuniza\/"},"modified":"2025-12-11T16:43:27","modified_gmt":"2025-12-11T16:43:27","slug":"grammatika-gappuniza","status":"publish","type":"page","link":"https:\/\/talkpal.ai\/mt\/grammatika-gappuniza\/","title":{"rendered":"Grammatika \u0120appuni\u017ca"},"content":{"rendered":"\r\n\r\n\r\n<section class=\"languageChallengeSection\">\r\n    <div class=\"languageInfoWrapper\">\r\n        \r\n        <h1>Grammatika \u0120appuni\u017ca<\/h1>\r\n        <p>Boost your <a href=\"https:\/\/talkpal.ai\/locations\/learn-japanese-in-czechia\/\">Japanese<\/a> language skills by mastering essential grammar points with clear explanations and examples. Ibda l-vja\u0121\u0121 tieg\u0127ek lejn il-fluwenza &#8211; g\u0127addas fil-<a href=\"https:\/\/talkpal.ai\/japanese-grammar\/\">grammatika \u0120appuni\u017ca<\/a> llum!<\/p>\r\n\r\n                            <a class=\"getStartedHidden\" href=\"https:\/\/app.talkpal.ai\/signup?lng=\">Ibda<\/a>\r\n        \r\n    <\/div>\r\n\r\n    <figure>\r\n    <img decoding=\"async\" width=\"768\" height=\"768\" src=\"https:\/\/talkpal.ai\/wp-content\/uploads\/2023\/06\/japanese-768x768.png\" class=\"languageImage no-lazy\" alt=\"Language learning for world travelers\" fetchpriority=\"high\" sizes=\"(max-width: 768px) 150px, 768px\" srcset=\"https:\/\/talkpal.ai\/wp-content\/uploads\/2023\/06\/japanese-768x768.png 768w, https:\/\/talkpal.ai\/wp-content\/uploads\/2023\/06\/japanese-300x300.png 300w\" \/>\r\n    \r\n\r\n    <\/figure>\r\n\r\n            <a class=\"getStartedVisible\" href=\"https:\/\/app.talkpal.ai\/signup?lng=\">Ibda<\/a>\r\n    \r\n<\/section>\r\n<section class=\"promotionalBanner\">\r\n    <p class=\"promotionalText\">L-aktar mod effi\u010bjenti biex titg\u0127allem lingwa<\/p>\r\n    <a class=\"promotionalLink\" href=\"https:\/\/app.talkpal.ai\/signup?lng=\">Ipprova Talkpal b&#8217;xejn<\/a>\r\n<\/section>\n<div class=\"wp-block-group pageContainerStyle\"><div class=\"wp-block-group__inner-container is-layout-constrained wp-block-group-is-layout-constrained\">\n<h2 class=\"wp-block-heading\" id=\"h-mastering-the-intricacies-of-japanese-grammar\">\u0126akma tal-Kumplessitajiet tal-Grammatika \u0120appuni\u017ca<\/h2>\n\n\n\n<p>Id-dilettanti lingwisti\u010bi spiss isibu l-\u0120appuni\u017c b\u0127ala lingwa affaxxinanti u ta&#8217; sfida biex titg\u0127allem, l-aktar min\u0127abba s-sistema grammatikali unika tag\u0127ha. Minkejja dan, il-fehim tal-<a href=\"https:\/\/talkpal.ai\/japanese-grammar\/\">grammatika \u0120appuni\u017ca<\/a> jista &#8216;jtejjeb b&#8217;mod sinifikanti l-\u0127iliet ta&#8217; komunikazzjoni u l-fehim kulturali tieg\u0127ek. F&#8217;dan l-artikolu, se niddiskutu diversi aspetti essenzjali tal-grammatika \u0120appuni\u017ca biex ng\u0127inuk fil-vja\u0121\u0121 tat-tag\u0127lim tal-lingwa tieg\u0127ek. Allura, bokkla, u ejja nid\u0127lu fid-dinja captivating tal-grammatika \u0120appuni\u017ca.<\/p>\n\n\n\n<h3 class=\"wp-block-heading\" id=\"h-1-sentence-structure-sov\">1. Struttura tas-Sentenza: SOV<\/h3>\n\n\n\n<p>B&#8217;differenza mill-<a href=\"https:\/\/talkpal.ai\/learn-english-with-ai\/\">Ingli\u017c<\/a> (Su\u0121\u0121ett &#8211; Verb &#8211; O\u0121\u0121ett jew SVO), il-\u0120appuni\u017c isegwi struttura ta &#8216;sentenza Su\u0121\u0121ett &#8211; O\u0121\u0121ett &#8211; Verb (SOV). Dan ifisser li l-verb \u0121eneralment ji\u0121i l-a\u0127\u0127ar f&#8217;sentenza. Getting the hang of this unique <a href=\"https:\/\/talkpal.ai\/ko\/grammar\/word-order-%ec%98%81%ec%96%b4-%eb%ac%b8%eb%b2%95%ec%97%90%ec%84%9c\/\">word order<\/a> is vital in forming comprehensible sentences in Japanese.<\/p>\n\n\n\n<p>Per e\u017cempju:  <\/p>\n\n\n\n<p>\u2013 \u308f\u305f\u3057\u306f\u308a\u3093\u3054\u3092\u305f\u3079\u307e\u3059\u3002 (Jiena niekol tuffie\u0127)<\/p>\n\n\n\n<p>\u2013 Watashi wa ringo o tabemasu. (lit. I an apple eat)<\/p>\n\n\n\n<h3 class=\"wp-block-heading\" id=\"h-2-particles-the-sentence-connectors\">2. Parti\u010belli: Il-Konnetturi tas-Sentenza<\/h3>\n\n\n\n<p>Il-parti\u010belli g\u0127andhom rwol kru\u010bjali fil-grammatika \u0120appuni\u017ca billi jimmarkaw il-funzjoni ta&#8217; kelma f&#8217;sentenza. Xi parti\u010belli komuni jinkludu \u306f (wa), \u3092 (o), \u304c (ga), \u3067 (de), u \u306b (ni). Billi tifhem kif dawn il-parti\u010belli jiffunzjonaw, issib li d-de\u010bifrar u l-kostruzzjoni ta &#8216;sentenzi \u0120appuni\u017ci jsir sinifikament aktar mani\u0121\u0121abbli.<\/p>\n\n\n\n<h3 class=\"wp-block-heading\" id=\"h-3-verbs-an-introduction-to-conjugation\">3. Verbi: Introduzzjoni g\u0127all-Konjugazzjoni<\/h3>\n\n\n\n<p>Il-verbi \u0120appuni\u017ci g\u0127andhom tliet gruppi ewlenin, identifikati mit-tmiem tal-forma ba\u017ci tag\u0127hom. Dawn il-gruppi huma kkunsidrati meta jikkonjugaw g\u0127at-tensjoni, l-edukazzjoni u l-burdata. L-a\u0127bar it-tajba hija li l-verbi \u0120appuni\u017ci ma jinbidlux skont is-su\u0121\u0121ett, u jag\u0127mluhom inqas kumplessi minn dawk f&#8217;xi lingwi o\u0127ra.<\/p>\n\n\n\n<p>&#8211; Grupp 1: U-verbi<\/p>\n\n\n\n<p>\u2013 Grupp 2: Ru-verbi<\/p>\n\n\n\n<p>&#8211; Grupp 3: Verbi irregolari (\u017cew\u0121 verbi biss &#8211; \u3059\u308b (suru) u \u6765\u308b (kuru))<\/p>\n\n\n\n<h3 class=\"wp-block-heading\" id=\"h-4-politeness-levels\">4. Livelli ta &#8216;Politeness<\/h3>\n\n\n\n<p>Il-\u0120appuni\u017c huwa lingwa rikka fil-politeness, u l-grammatika tal-lingwa tirrifletti dan. Hemm tliet livelli primarji ta &#8216;politeness: ka\u017cwali, edukat, u onorifiku. Ir-rikonoxximent u l-u\u017cu ta&#8217; dawn b&#8217;mod xieraq huwa essenzjali g\u0127al komunikazzjoni naturali u rispettu\u017c.<\/p>\n\n\n\n<p>&#8211; Ka\u017cwali: forom ta &#8216;verb sempli\u010bi (e\u017c., \u98df\u3079\u308b &#8211; taberu &#8211; tiekol)<\/p>\n\n\n\n<p>&#8211; Edukat: \u307e\u3059 (masu) konjugazzjoni (e\u017c., \u98df\u3079\u307e\u3059 &#8211; tabemasu &#8211; biex tiekol (b&#8217;mod edukat))<\/p>\n\n\n\n<p>\u2013 Onorifiku: konjugazzjonijiet u prefissi spe\u010bjali (e\u017c., \u304a\u53ec\u3057\u4e0a\u304c\u308a\u306b\u306a\u308b \u2013 omeshiagari ni naru \u2013 biex tiekol (onorifiku))<\/p>\n\n\n\n<h3 class=\"wp-block-heading\" id=\"h-5-japanese-adjectives\">5. A\u0121\u0121ettivi \u0120appuni\u017ci<\/h3>\n\n\n\n<p>L-a\u0121\u0121ettivi \u0120appuni\u017ci ji\u0121u f&#8217;\u017cew\u0121 tipi: i-a\u0121\u0121ettivi u na-a\u0121\u0121ettivi. I\u017c-\u017cew\u0121 tipi g\u0127andhom regoli ta &#8216;konjugazzjoni uni\u010bi u jintera\u0121ixxu ma&#8217; nomi b&#8217;mod differenti. Il-\u0127akma tal-u\u017cu ta &#8216;dawn i\u017c-\u017cew\u0121 tipi ta&#8217; a\u0121\u0121ettivi hija kritika g\u0127al komunikazzjoni effettiva bil-\u0120appuni\u017c.<\/p>\n\n\n\n<h3 class=\"wp-block-heading\" id=\"h-6-engaging-with-the-language\">6. Involviment mal-lingwa<\/h3>\n\n\n\n<p>Wie\u0127ed mill-aktar modi effettivi biex titg\u0127allem il-grammatika \u0120appuni\u017ca huwa li timpenja ru\u0127ha mal-lingwa b&#8217;mod konsistenti. Mill-\u0127arsa ta &#8216;films u anime \u0120appuni\u017ci biex tipparte\u010bipa fi skambji ta&#8217; konversazzjonijiet ma &#8216;kelliema nattivi, tg\u0127addas lilek innifsek fil-lingwa tg\u0127in biex tissolidifika l-kun\u010betti tal-grammatika u tespandi l-vokabularju tieg\u0127ek.<\/p>\n\n\n\n<h3 class=\"wp-block-heading\" id=\"h-conclusion\">Konklu\u017cjoni<\/h3>\n\n\n\n<p>Filwaqt li l-grammatika \u0120appuni\u017ca tista &#8216;tidher kbira g\u0127all-ewwel, b&#8217;dedikazzjoni u \u0127in, issib ru\u0127ek tinnaviga l-kumplessitajiet tag\u0127ha bil-fa\u010bilit\u00e0. I\u010b-\u010bavetta hija li tibqa &#8216;kurju\u017c u tipprattika regolarment. Xorti tajba fil-vja\u0121\u0121 tieg\u0127ek lejn il-\u0127akma tal-grammatika \u0120appuni\u017ca, u gawdi l-avventura lingwistika!<\/p>\n<\/div><\/div>\n\r\n<section class=\"learnNavigationSection\">\r\n            \r\n        <a href=\"https:\/\/talkpal.ai\/mt\/tghallem-il-gappuniz\/\">\r\n            <div class=\"learnNavigationWrapper\">\r\n                <div class=\"learnNavigationContent\">\r\n                    <img decoding=\"async\" src=\"https:\/\/talkpal.ai\/wp-content\/uploads\/2024\/08\/Japanese.jpg\" alt=\"Japanese Flag\">\r\n                    <div>\r\n                        <h4>Dwar it-Tag\u0127lim \u0120appuni\u017c<\/h4>\r\n                        <p>Sir af kollox dwar il-grammatika \u0120appuni\u017ca.<\/p>\r\n                    <\/div>\r\n                <\/div>\r\n            <\/div>\r\n        <\/a>\r\n\r\n        \r\n        <a href=\"https:\/\/talkpal.ai\/mt\/ezercizzji-tal-grammatika-gappuniza\/\">\r\n            <div class=\"learnNavigationWrapper\">\r\n                <div class=\"learnNavigationContent\">\r\n                    <img decoding=\"async\" src=\"https:\/\/talkpal.ai\/wp-content\/uploads\/2024\/08\/Japanese.jpg\" alt=\"Japanese Flag\">\r\n                    <div>\r\n                        <h4>E\u017cer\u010bizzju tal-Grammatika \u0120appuni\u017ca<\/h4>\r\n                        <p>Prattika grammatika \u0120appuni\u017ca.<\/p>\r\n                    <\/div>\r\n                <\/div>\r\n            <\/div>\r\n        <\/a>\r\n\r\n        \r\n        <a href=\"https:\/\/talkpal.ai\/vocabulary_language\/japanese\/\">\r\n            <div class=\"learnNavigationWrapper\">\r\n                <div class=\"learnNavigationContent\">\r\n                    <img decoding=\"async\" src=\"https:\/\/talkpal.ai\/wp-content\/uploads\/2024\/08\/Japanese.jpg\" alt=\"Japanese Flag\">\r\n                    <div>\r\n                        <h4>Vokabularju \u0120appuni\u017c<\/h4>\r\n                        <p>Espandi l-vokabularju \u0120appuni\u017c tieg\u0127ek.<\/p>\r\n                    <\/div>\r\n                <\/div>\r\n            <\/div>\r\n        <\/a>\r\n\r\n            <\/section>","protected":false},"excerpt":{"rendered":"<p>\u0126akma tal-Kumplessitajiet tal-Grammatika \u0120appuni\u017ca Id-dilettanti lingwisti\u010bi spiss isibu l-\u0120appuni\u017c b\u0127ala lingwa affaxxinanti u ta&#8217; sfida biex titg\u0127allem, l-aktar min\u0127abba s-sistema grammatikali unika tag\u0127ha. Minkejja dan, il-fehim tal-grammatika \u0120appuni\u017ca jista &#8216;jtejjeb b&#8217;mod sinifikanti l-\u0127iliet ta&#8217; komunikazzjoni u l-fehim kulturali tieg\u0127ek. F&#8217;dan l-artikolu, se niddiskutu diversi aspetti essenzjali tal-grammatika \u0120appuni\u017ca biex ng\u0127inuk fil-vja\u0121\u0121 tat-tag\u0127lim tal-lingwa tieg\u0127ek. Allura, [&hellip;]<\/p>\n","protected":false},"author":1,"featured_media":1441471,"parent":0,"menu_order":0,"comment_status":"closed","ping_status":"closed","template":"LearningContentPage.php","meta":{"_acf_changed":false,"footnotes":""},"class_list":["post-1443441","page","type-page","status-publish","has-post-thumbnail","hentry"],"acf":[],"yoast_head":"<!-- This site is optimized with the Yoast SEO Premium plugin v27.2 (Yoast SEO v27.2) - https:\/\/yoast.com\/product\/yoast-seo-premium-wordpress\/ -->\n<title>Grammatika \u0120appuni\u017ca - Talkpal<\/title>\n<meta name=\"description\" content=\"Img\u0127allem il-grammatika \u0120appuni\u017ca bl-app tag\u0127na g\u0127at-tag\u0127lim tal-lingwa AI. Ittejjeb il-\u0127iliet lingwisti\u010bi tieg\u0127ek fa\u010bilment permezz tal-appo\u0121\u0121 AI ta &#039;TalkPal.\" \/>\n<meta name=\"robots\" content=\"index, follow, max-snippet:-1, max-image-preview:large, max-video-preview:-1\" \/>\n<link rel=\"canonical\" href=\"https:\/\/talkpal.ai\/mt\/grammatika-gappuniza\/\" \/>\n<meta property=\"og:locale\" content=\"mt_MT\" \/>\n<meta property=\"og:type\" content=\"article\" \/>\n<meta property=\"og:title\" content=\"Grammatika \u0120appuni\u017ca\" \/>\n<meta property=\"og:description\" content=\"\u0126akma tal-Kumplessitajiet tal-Grammatika \u0120appuni\u017ca Id-dilettanti lingwisti\u010bi spiss isibu l-\u0120appuni\u017c b\u0127ala lingwa affaxxinanti u ta&#039; sfida biex titg\u0127allem,\" \/>\n<meta property=\"og:url\" content=\"https:\/\/talkpal.ai\/mt\/grammatika-gappuniza\/\" \/>\n<meta property=\"og:site_name\" content=\"Talkpal\" \/>\n<meta property=\"article:publisher\" content=\"https:\/\/www.facebook.com\/profile.php?id=100090733639311\" \/>\n<meta property=\"article:modified_time\" content=\"2025-12-11T16:43:27+00:00\" \/>\n<meta property=\"og:image\" content=\"https:\/\/talkpal.ai\/wp-content\/uploads\/2023\/04\/japan.png\" \/>\n\t<meta property=\"og:image:width\" content=\"512\" \/>\n\t<meta property=\"og:image:height\" content=\"512\" \/>\n\t<meta property=\"og:image:type\" content=\"image\/png\" \/>\n<meta name=\"twitter:card\" content=\"summary_large_image\" \/>\n<meta name=\"twitter:site\" content=\"@talkpalai\" \/>\n<meta name=\"twitter:label1\" content=\"Est. reading time\" \/>\n\t<meta name=\"twitter:data1\" content=\"3 minutes\" \/>\n<script type=\"application\/ld+json\" class=\"yoast-schema-graph\">{\"@context\":\"https:\/\/schema.org\",\"@graph\":[{\"@type\":\"WebPage\",\"@id\":\"https:\/\/talkpal.ai\/mt\/grammatika-gappuniza\/\",\"url\":\"https:\/\/talkpal.ai\/mt\/grammatika-gappuniza\/\",\"name\":\"Grammatika \u0120appuni\u017ca - Talkpal\",\"isPartOf\":{\"@id\":\"https:\/\/talkpal.ai\/mt\/#website\"},\"primaryImageOfPage\":{\"@id\":\"https:\/\/talkpal.ai\/mt\/grammatika-gappuniza\/#primaryimage\"},\"image\":{\"@id\":\"https:\/\/talkpal.ai\/mt\/grammatika-gappuniza\/#primaryimage\"},\"thumbnailUrl\":\"https:\/\/talkpal.ai\/wp-content\/uploads\/2023\/04\/japan.png\",\"datePublished\":\"2023-05-14T13:51:09+00:00\",\"dateModified\":\"2025-12-11T16:43:27+00:00\",\"description\":\"Img\u0127allem il-grammatika \u0120appuni\u017ca bl-app tag\u0127na g\u0127at-tag\u0127lim tal-lingwa AI. Ittejjeb il-\u0127iliet lingwisti\u010bi tieg\u0127ek fa\u010bilment permezz tal-appo\u0121\u0121 AI ta 'TalkPal.\",\"breadcrumb\":{\"@id\":\"https:\/\/talkpal.ai\/mt\/grammatika-gappuniza\/#breadcrumb\"},\"inLanguage\":\"mt-MT\",\"potentialAction\":[{\"@type\":\"ReadAction\",\"target\":[\"https:\/\/talkpal.ai\/mt\/grammatika-gappuniza\/\"]}]},{\"@type\":\"ImageObject\",\"inLanguage\":\"mt-MT\",\"@id\":\"https:\/\/talkpal.ai\/mt\/grammatika-gappuniza\/#primaryimage\",\"url\":\"https:\/\/talkpal.ai\/wp-content\/uploads\/2023\/04\/japan.png\",\"contentUrl\":\"https:\/\/talkpal.ai\/wp-content\/uploads\/2023\/04\/japan.png\",\"width\":512,\"height\":512,\"caption\":\"TalkPal Catalan Flag\"},{\"@type\":\"BreadcrumbList\",\"@id\":\"https:\/\/talkpal.ai\/mt\/grammatika-gappuniza\/#breadcrumb\",\"itemListElement\":[{\"@type\":\"ListItem\",\"position\":1,\"name\":\"Homepage\",\"item\":\"https:\/\/talkpal.ai\/mt\/\"},{\"@type\":\"ListItem\",\"position\":2,\"name\":\"Grammatika \u0120appuni\u017ca\"}]},{\"@type\":\"WebSite\",\"@id\":\"https:\/\/talkpal.ai\/mt\/#website\",\"url\":\"https:\/\/talkpal.ai\/mt\/\",\"name\":\"Talkpal\",\"description\":\"AI Language Learning\",\"publisher\":{\"@id\":\"https:\/\/talkpal.ai\/mt\/#organization\"},\"alternateName\":\"Talkpal AI\",\"potentialAction\":[{\"@type\":\"SearchAction\",\"target\":{\"@type\":\"EntryPoint\",\"urlTemplate\":\"https:\/\/talkpal.ai\/mt\/?s={search_term_string}\"},\"query-input\":{\"@type\":\"PropertyValueSpecification\",\"valueRequired\":true,\"valueName\":\"search_term_string\"}}],\"inLanguage\":\"mt-MT\"},{\"@type\":\"Organization\",\"@id\":\"https:\/\/talkpal.ai\/mt\/#organization\",\"name\":\"Talkpal, Inc.\",\"alternateName\":\"Talkpal AI\",\"url\":\"https:\/\/talkpal.ai\/mt\/\",\"logo\":{\"@type\":\"ImageObject\",\"inLanguage\":\"mt-MT\",\"@id\":\"https:\/\/talkpal.ai\/mt\/#\/schema\/logo\/image\/\",\"url\":\"https:\/\/talkpal.ai\/wp-content\/uploads\/2024\/03\/Talkpal-Logo-Icon.png\",\"contentUrl\":\"https:\/\/talkpal.ai\/wp-content\/uploads\/2024\/03\/Talkpal-Logo-Icon.png\",\"width\":2880,\"height\":2880,\"caption\":\"Talkpal, Inc.\"},\"image\":{\"@id\":\"https:\/\/talkpal.ai\/mt\/#\/schema\/logo\/image\/\"},\"sameAs\":[\"https:\/\/www.facebook.com\/profile.php?id=100090733639311\",\"https:\/\/x.com\/talkpalai\",\"https:\/\/www.linkedin.com\/company\/talkpal\/\",\"https:\/\/www.youtube.com\/@TalkPal\/\",\"https:\/\/www.tiktok.com\/@talkpal\",\"https:\/\/www.instagram.com\/talkpal_ai\/\",\"https:\/\/www.crunchbase.com\/organization\/talkpal-9cde\",\"https:\/\/www.g2.com\/products\/talkpal-for-business\/\",\"https:\/\/www.trustpilot.com\/review\/talkpal.ai\",\"https:\/\/www.capterra.com\/p\/10006800\/TalkPal\/\"],\"description\":\"Talkpal is a language learning web and mobile education app, powered by the latest AI technologies, that provides engaging experiences to its customers in many different languages to help them improve their language skills. Users can chat about unlimited amount of topics with the app and use other modes to practice their language learning.\",\"email\":\"support@talkpal.ai\",\"legalName\":\"Talkpal, Inc.\",\"foundingDate\":\"2023-04-03\",\"duns\":\"118989042\",\"numberOfEmployees\":{\"@type\":\"QuantitativeValue\",\"minValue\":\"11\",\"maxValue\":\"50\"},\"publishingPrinciples\":\"https:\/\/talkpal.ai\/publishing-principles\/\",\"actionableFeedbackPolicy\":\"https:\/\/talkpal.ai\/actionable-feedback-policy\/\",\"correctionsPolicy\":\"https:\/\/talkpal.ai\/corrections-policy\/\",\"ethicsPolicy\":\"https:\/\/talkpal.ai\/ethics-policy\/\",\"diversityPolicy\":\"https:\/\/talkpal.ai\/diversity-policy\/\",\"diversityStaffingReport\":\"https:\/\/talkpal.ai\/diversity-policy\/\"}]}<\/script>\n<!-- \/ Yoast SEO Premium plugin. -->","yoast_head_json":{"title":"Grammatika \u0120appuni\u017ca - Talkpal","description":"Img\u0127allem il-grammatika \u0120appuni\u017ca bl-app tag\u0127na g\u0127at-tag\u0127lim tal-lingwa AI. Ittejjeb il-\u0127iliet lingwisti\u010bi tieg\u0127ek fa\u010bilment permezz tal-appo\u0121\u0121 AI ta 'TalkPal.","robots":{"index":"index","follow":"follow","max-snippet":"max-snippet:-1","max-image-preview":"max-image-preview:large","max-video-preview":"max-video-preview:-1"},"canonical":"https:\/\/talkpal.ai\/mt\/grammatika-gappuniza\/","og_locale":"mt_MT","og_type":"article","og_title":"Grammatika \u0120appuni\u017ca","og_description":"\u0126akma tal-Kumplessitajiet tal-Grammatika \u0120appuni\u017ca Id-dilettanti lingwisti\u010bi spiss isibu l-\u0120appuni\u017c b\u0127ala lingwa affaxxinanti u ta' sfida biex titg\u0127allem,","og_url":"https:\/\/talkpal.ai\/mt\/grammatika-gappuniza\/","og_site_name":"Talkpal","article_publisher":"https:\/\/www.facebook.com\/profile.php?id=100090733639311","article_modified_time":"2025-12-11T16:43:27+00:00","og_image":[{"width":512,"height":512,"url":"https:\/\/talkpal.ai\/wp-content\/uploads\/2023\/04\/japan.png","type":"image\/png"}],"twitter_card":"summary_large_image","twitter_site":"@talkpalai","twitter_misc":{"Est. reading time":"3 minutes"},"schema":{"@context":"https:\/\/schema.org","@graph":[{"@type":"WebPage","@id":"https:\/\/talkpal.ai\/mt\/grammatika-gappuniza\/","url":"https:\/\/talkpal.ai\/mt\/grammatika-gappuniza\/","name":"Grammatika \u0120appuni\u017ca - Talkpal","isPartOf":{"@id":"https:\/\/talkpal.ai\/mt\/#website"},"primaryImageOfPage":{"@id":"https:\/\/talkpal.ai\/mt\/grammatika-gappuniza\/#primaryimage"},"image":{"@id":"https:\/\/talkpal.ai\/mt\/grammatika-gappuniza\/#primaryimage"},"thumbnailUrl":"https:\/\/talkpal.ai\/wp-content\/uploads\/2023\/04\/japan.png","datePublished":"2023-05-14T13:51:09+00:00","dateModified":"2025-12-11T16:43:27+00:00","description":"Img\u0127allem il-grammatika \u0120appuni\u017ca bl-app tag\u0127na g\u0127at-tag\u0127lim tal-lingwa AI. Ittejjeb il-\u0127iliet lingwisti\u010bi tieg\u0127ek fa\u010bilment permezz tal-appo\u0121\u0121 AI ta 'TalkPal.","breadcrumb":{"@id":"https:\/\/talkpal.ai\/mt\/grammatika-gappuniza\/#breadcrumb"},"inLanguage":"mt-MT","potentialAction":[{"@type":"ReadAction","target":["https:\/\/talkpal.ai\/mt\/grammatika-gappuniza\/"]}]},{"@type":"ImageObject","inLanguage":"mt-MT","@id":"https:\/\/talkpal.ai\/mt\/grammatika-gappuniza\/#primaryimage","url":"https:\/\/talkpal.ai\/wp-content\/uploads\/2023\/04\/japan.png","contentUrl":"https:\/\/talkpal.ai\/wp-content\/uploads\/2023\/04\/japan.png","width":512,"height":512,"caption":"TalkPal Catalan Flag"},{"@type":"BreadcrumbList","@id":"https:\/\/talkpal.ai\/mt\/grammatika-gappuniza\/#breadcrumb","itemListElement":[{"@type":"ListItem","position":1,"name":"Homepage","item":"https:\/\/talkpal.ai\/mt\/"},{"@type":"ListItem","position":2,"name":"Grammatika \u0120appuni\u017ca"}]},{"@type":"WebSite","@id":"https:\/\/talkpal.ai\/mt\/#website","url":"https:\/\/talkpal.ai\/mt\/","name":"Talkpal","description":"AI Language Learning","publisher":{"@id":"https:\/\/talkpal.ai\/mt\/#organization"},"alternateName":"Talkpal AI","potentialAction":[{"@type":"SearchAction","target":{"@type":"EntryPoint","urlTemplate":"https:\/\/talkpal.ai\/mt\/?s={search_term_string}"},"query-input":{"@type":"PropertyValueSpecification","valueRequired":true,"valueName":"search_term_string"}}],"inLanguage":"mt-MT"},{"@type":"Organization","@id":"https:\/\/talkpal.ai\/mt\/#organization","name":"Talkpal, Inc.","alternateName":"Talkpal AI","url":"https:\/\/talkpal.ai\/mt\/","logo":{"@type":"ImageObject","inLanguage":"mt-MT","@id":"https:\/\/talkpal.ai\/mt\/#\/schema\/logo\/image\/","url":"https:\/\/talkpal.ai\/wp-content\/uploads\/2024\/03\/Talkpal-Logo-Icon.png","contentUrl":"https:\/\/talkpal.ai\/wp-content\/uploads\/2024\/03\/Talkpal-Logo-Icon.png","width":2880,"height":2880,"caption":"Talkpal, Inc."},"image":{"@id":"https:\/\/talkpal.ai\/mt\/#\/schema\/logo\/image\/"},"sameAs":["https:\/\/www.facebook.com\/profile.php?id=100090733639311","https:\/\/x.com\/talkpalai","https:\/\/www.linkedin.com\/company\/talkpal\/","https:\/\/www.youtube.com\/@TalkPal\/","https:\/\/www.tiktok.com\/@talkpal","https:\/\/www.instagram.com\/talkpal_ai\/","https:\/\/www.crunchbase.com\/organization\/talkpal-9cde","https:\/\/www.g2.com\/products\/talkpal-for-business\/","https:\/\/www.trustpilot.com\/review\/talkpal.ai","https:\/\/www.capterra.com\/p\/10006800\/TalkPal\/"],"description":"Talkpal is a language learning web and mobile education app, powered by the latest AI technologies, that provides engaging experiences to its customers in many different languages to help them improve their language skills. Users can chat about unlimited amount of topics with the app and use other modes to practice their language learning.","email":"support@talkpal.ai","legalName":"Talkpal, Inc.","foundingDate":"2023-04-03","duns":"118989042","numberOfEmployees":{"@type":"QuantitativeValue","minValue":"11","maxValue":"50"},"publishingPrinciples":"https:\/\/talkpal.ai\/publishing-principles\/","actionableFeedbackPolicy":"https:\/\/talkpal.ai\/actionable-feedback-policy\/","correctionsPolicy":"https:\/\/talkpal.ai\/corrections-policy\/","ethicsPolicy":"https:\/\/talkpal.ai\/ethics-policy\/","diversityPolicy":"https:\/\/talkpal.ai\/diversity-policy\/","diversityStaffingReport":"https:\/\/talkpal.ai\/diversity-policy\/"}]}},"_links":{"self":[{"href":"https:\/\/talkpal.ai\/mt\/wp-json\/wp\/v2\/pages\/1443441","targetHints":{"allow":["GET"]}}],"collection":[{"href":"https:\/\/talkpal.ai\/mt\/wp-json\/wp\/v2\/pages"}],"about":[{"href":"https:\/\/talkpal.ai\/mt\/wp-json\/wp\/v2\/types\/page"}],"author":[{"embeddable":true,"href":"https:\/\/talkpal.ai\/mt\/wp-json\/wp\/v2\/users\/1"}],"replies":[{"embeddable":true,"href":"https:\/\/talkpal.ai\/mt\/wp-json\/wp\/v2\/comments?post=1443441"}],"version-history":[{"count":0,"href":"https:\/\/talkpal.ai\/mt\/wp-json\/wp\/v2\/pages\/1443441\/revisions"}],"wp:featuredmedia":[{"embeddable":true,"href":"https:\/\/talkpal.ai\/mt\/wp-json\/wp\/v2\/media\/1441471"}],"wp:attachment":[{"href":"https:\/\/talkpal.ai\/mt\/wp-json\/wp\/v2\/media?parent=1443441"}],"curies":[{"name":"wp","href":"https:\/\/api.w.org\/{rel}","templated":true}]}}