{"id":1443379,"date":"2023-05-14T13:48:36","date_gmt":"2023-05-14T13:48:36","guid":{"rendered":"https:\/\/talkpal.ai\/grammatika-ciniza\/"},"modified":"2025-09-06T19:06:05","modified_gmt":"2025-09-06T19:06:05","slug":"grammatika-ciniza","status":"publish","type":"page","link":"https:\/\/talkpal.ai\/mt\/grammatika-ciniza\/","title":{"rendered":"Grammatika \u010aini\u017ca"},"content":{"rendered":"\r\n\r\n\r\n<section class=\"languageChallengeSection\">\r\n    <div class=\"languageInfoWrapper\">\r\n        \r\n        <h1>Grammatika \u010aini\u017ca<\/h1>\r\n        <p>Sa\u0127\u0127a\u0127 il-\u0127iliet tal-lingwa \u010aini\u017ca tieg\u0127ek billi titg\u0127allem l-istrutturi grammatikali ewlenin u l-mudelli tal-u\u017cu. Ibda ttejjeb il-grammatika \u010aini\u017ca tieg\u0127ek illum u kkomunika b&#039;kunfidenza!<\/p>\r\n\r\n                            <a class=\"getStartedHidden\" href=\"https:\/\/app.talkpal.ai\/signup?lng=\">Ibda<\/a>\r\n        \r\n    <\/div>\r\n\r\n    <figure>\r\n    <img decoding=\"async\" width=\"768\" height=\"768\" src=\"https:\/\/talkpal.ai\/wp-content\/uploads\/2023\/06\/chinese-768x768.png\" class=\"languageImage no-lazy\" alt=\"Language learning for flexible communication\" fetchpriority=\"high\" sizes=\"(max-width: 768px) 150px, 768px\" srcset=\"https:\/\/talkpal.ai\/wp-content\/uploads\/2023\/06\/chinese-768x768.png 768w, https:\/\/talkpal.ai\/wp-content\/uploads\/2023\/06\/chinese-300x300.png 300w\" \/>\r\n    \r\n\r\n    <\/figure>\r\n\r\n            <a class=\"getStartedVisible\" href=\"https:\/\/app.talkpal.ai\/signup?lng=\">Ibda<\/a>\r\n    \r\n<\/section>\r\n<section class=\"promotionalBanner\">\r\n    <p class=\"promotionalText\">L-aktar mod effi\u010bjenti biex titg\u0127allem lingwa<\/p>\r\n    <a class=\"promotionalLink\" href=\"https:\/\/app.talkpal.ai\/signup?lng=\">Ipprova Talkpal b&#8217;xejn<\/a>\r\n<\/section>\n<div class=\"wp-block-group pageContainerStyle\"><div class=\"wp-block-group__inner-container is-layout-constrained wp-block-group-is-layout-constrained\">\n<h2 class=\"wp-block-heading\" id=\"h-chinese-grammar-the-key-to-mastering-mandarin\">Grammatika \u010aini\u017ca: I\u010b-\u010aavetta g\u0127all-\u0126akma tal-Mandarin<\/h2>\n\n\n\n<p>Int student ambizzju\u017c tal-lingwa li stabbilixxa l-g\u0127ajnejn tieg\u0127u fuq il-\u0127akma tal-Mandarin? Jekk iva, prosit! It-trattament ta\u010b-\u010aini\u017c huwa mod meravilju\u017c biex twessa&#8217; l-mentalit\u00e0 globali tieg\u0127ek, tikkonnettja ma &#8216;firxa wiesg\u0127a ta&#8217; kelliema, u tisfida lilek innifsek intellettwalment. Madankollu, b&#8217;1.2 biljun kelliem nattiv u sistema lingwistika differenti \u0127afna mill-lingwi tal-Punent, il-grammatika \u010aini\u017ca tista &#8216;tidher pjuttost skora\u0121\u0121anti. Tib\u017cax! Kompli aqra g\u0127al kors ta &#8216;crash fa\u010bli g\u0127all-bidu dwar il-grammatika \u010aini\u017ca li hija kemm impenjattiva kif ukoll informattiva.<\/p>\n\n\n\n<p><strong>L-ewwel affarijiet l-ewwel: tinsa dak li taf dwar il-lingwi Ewropej!<\/strong><\/p>\n\n\n\n<p>Ra\u0121uni ewlenija g\u0127aliex l-istudenti tal-lingwa huma intimidati mill-grammatika \u010aini\u017ca hija li hija radikalment differenti mill-istruttura &#8220;su\u0121\u0121ett-verb-o\u0121\u0121ett&#8221; li a\u0127na mdorrijin biha f&#8217;lingwi b\u0127all-<a href=\"https:\/\/talkpal.ai\/learn-english-with-ai\/\">Ingli\u017c<\/a>, l-Ispanjol, jew il-Fran\u010bi\u017c. Allura \u0127u nifs fil-fond, u ejja nid\u0127lu f&#8217;univers \u0121did fjamant ta &#8216;regoli u kun\u010betti lingwisti\u010bi!<\/p>\n\n\n\n<h3 class=\"wp-block-heading\" id=\"h-1-word-order-is-king\">1. L-ordni tal-kliem hija re<\/h3>\n\n\n\n<p>Filwaqt li m&#8217;hemm l-ebda tempi, konjugazzjonijiet tal-verb, jew plurali fil-grammatika \u010aini\u017ca, l-istruttura tas-sentenza xierqa hija ewlenija. Allura kif tinkiseb l-ordni korretta tal-kliem? Fil-bi\u010b\u010ba l-kbira tal-ka\u017cijiet, sempli\u010bement segwi l-mudell &#8220;su\u0121\u0121ett-verb-o\u0121\u0121ett&#8221; (simili g\u0127all-Ingli\u017c). Pere\u017cempju:<\/p>\n\n\n\n<p>Ingli\u017c: In\u0127obbok.<br\/><a href=\"https:\/\/talkpal.ai\/learn-chinese\/\">\u010aini\u017c<\/a>: \u6211\u7231\u4f60\u3002 W\u01d2 \u00e0i n\u01d0.<\/p>\n\n\n\n<p>Hemm strutturi aktar kumplessi i\u017cda l-i\u017cvilupp ta &#8216;pedament b&#8217;sa\u0127\u0127tu jag\u0127milhom aktar fa\u010bli biex jinqabdu meta timxi &#8216;l quddiem.<\/p>\n\n\n\n<h3 class=\"wp-block-heading\" id=\"h-2-particles-particles-everywhere\">2. Parti\u010belli, parti\u010belli kullimkien!<\/h3>\n\n\n\n<p>Fil-grammatika \u010aini\u017ca, il-parti\u010belli g\u0127andhom rwol kritiku fit-twassil tat-tifsira. Wa\u0127da mill-aktar parti\u010belli komuni hija &#8220;\u4e86 (le),&#8221; li tindika azzjoni kompluta. Pere\u017cempju:<\/p>\n\n\n\n<p>\u6211\u5403\u4e86\u3002 W\u01d2 ch\u012b le. \u2013 &#8220;Jiena kilt.&#8221;<\/p>\n\n\n\n<p>Parti\u010bella komuni o\u0127ra hija &#8220;\u5427 (ba),&#8221; li tbiddel dikjarazzjoni f&#8217;su\u0121\u0121eriment jew mistoqsija:<\/p>\n\n\n\n<p>\u8d70\u5427!Z\u01d2u ba! \u2013 &#8220;Ejja mmorru!&#8221;<\/p>\n\n\n\n<p>Understanding the functions of various particles is key to mastering the nuances of <a href=\"https:\/\/talkpal.ai\/culture\/what-is-the-difference-between-bu-and-mei-in-chinese\/\">Chinese grammar.<\/a><\/p>\n\n\n\n<h3 class=\"wp-block-heading\" id=\"h-3-measure-words-quality-not-quantity\">3. Kejla l-kliem: kwalit\u00e0, mhux kwantit\u00e0<\/h3>\n\n\n\n<p>Fi\u010b-\u010aini\u017c, in-nomi m&#8217;g\u0127andhomx plurali. Minflok, ju\u017caw kliem tal-kejl (mag\u0127rufa wkoll b\u0127ala klassifikaturi) biex jesprimu l-kwantit\u00e0. Il-kliem tal-kejl ji\u017cdiedu bejn in-numru u n-nom. Pere\u017cempju:<\/p>\n\n\n\n<p>\u4e00\u672c\u4e66 \u2013 Y\u012b b\u011bn <a href=\"https:\/\/talkpal.ai\/locations\/language-courses-in-shu\/\">sh\u016b<\/a> \u2013 &#8220;ktieb wie\u0127ed&#8221;<\/p>\n\n\n\n<p>Innota l-u\u017cu ta &#8216;\u672c (b\u011bn) b\u0127ala l-kelma ta&#8217; kejl g\u0127all-kotba. Nomi differenti je\u0127tie\u0121u kliem ta &#8216;kejl differenti, u filwaqt li dan jista&#8217; jidher perplexing g\u0127all-ewwel, se jsir it-tieni natura bil-prattika.<\/p>\n\n\n\n<h3 class=\"wp-block-heading\" id=\"h-4-the-magic-of-compound-words\">4. Il-ma\u0121ija tal-kliem kompost<\/h3>\n\n\n\n<p>I\u010b-\u010aini\u017c huwa mimli kliem kompost, li huma ffurmati billi tg\u0127aqqad \u017cew\u0121 karattri jew aktar. Dan mhux biss jissimplifika t-tag\u0127lim tal-vokabularju, i\u017cda jippermetti wkoll imma\u0121ini u kuntest vivid. Pere\u017cempju:<\/p>\n\n\n\n<p>\u706b\u8f66 \u2013 Hu\u01d2ch\u0113 \u2013 &#8220;ferrovija&#8221; (litteralment: &#8220;vettura tat-tifi tan-nar&#8221;)<br\/>\u7535\u8bdd \u2013 Di\u00e0nhu\u00e0 \u2013 &#8220;telefon&#8221; (litteralment: &#8220;diskors elettriku)<\/p>\n\n\n\n<p>Billi tifhem it-tifsira tal-karattri individwali, tista &#8216;fa\u010bilment tiddedu\u010bi t-tifsira ta&#8217; kliem kompost li qatt ma ltqajt mag\u0127hom qabel.<\/p>\n\n\n\n<h3 class=\"wp-block-heading\" id=\"h-5-no-tenses-no-problem\">5. L-ebda temp? Mhemmx problema!<\/h3>\n\n\n\n<p>Wie\u0127ed mill-aspetti l-aktar rinfrescanti ta\u010b-\u010aini\u017c huwa n-nuqqas ta &#8216;konjugazzjonijiet tal-verbi g\u0127al tempi differenti. Imma kif tesprimi l-\u0127in? Sempli\u010bi! Inkludi kliem li jindika l-perjodu ta &#8216;\u017cmien, b\u0127al:<\/p>\n\n\n\n<p>\u6628\u5929 \u2013 Zu\u00f3ti\u0101n \u2013 &#8220;ilbiera\u0127&#8221;<br\/>\u660e\u5929 \u2013 M\u00edngti\u0101n \u2013 &#8220;g\u0127ada&#8221;<\/p>\n\n\n\n<p><strong>Pere\u017cempju:<\/strong><\/p>\n\n\n\n<p>\u6211\u6628\u5929\u5403\u4e86\u996d\u3002 W\u01d2 zu\u00f3ti\u0101n ch\u012b le f\u00e0n. \u2013 &#8220;I kilt ikel ilbiera\u0127.&#8221;<br\/>\u6211\u660e\u5929\u5403\u996d\u3002 W\u01d2 m\u00edngti\u0101n ch\u012b f\u00e0n. \u2013 &#8220;G\u0127ada niekol l-ikel.&#8221;<\/p>\n\n\n\n<p>Prosit! \u0126adt l-ewwel passi lejn il-\u0127akma tal-grammatika \u010aini\u017ca. Ftakar: il-prattika tag\u0127mel il-perfezzjoni. Allura, toqg\u0127odx lura milli tesplora strutturi grammatikali \u0121odda, titkellem ma &#8216;kelliema nattivi, u ssa\u0127\u0127a\u0127 il-pedament tieg\u0127ek. Id-dinja tal-Mandarin tistenna lilek \u2013 tag\u0127lim kuntent!<\/p>\n<\/div><\/div>\n\r\n<section class=\"learnNavigationSection\">\r\n            \r\n        <a href=\"https:\/\/talkpal.ai\/mt\/tghallem-ic-ciniz\/\">\r\n            <div class=\"learnNavigationWrapper\">\r\n                <div class=\"learnNavigationContent\">\r\n                    <img decoding=\"async\" src=\"https:\/\/talkpal.ai\/wp-content\/uploads\/2024\/08\/Chinese.jpg\" alt=\"Chinese Flag\u00a0\">\r\n                    <div>\r\n                        <h4>Dwar it-Tag\u0127lim \u010aini\u017c<\/h4>\r\n                        <p>Sir af kollox dwar il-grammatika \u010aini\u017ca.<\/p>\r\n                    <\/div>\r\n                <\/div>\r\n            <\/div>\r\n        <\/a>\r\n\r\n        \r\n        <a href=\"https:\/\/talkpal.ai\/mt\/ezercizzji-tal-grammatika-ciniza\/\">\r\n            <div class=\"learnNavigationWrapper\">\r\n                <div class=\"learnNavigationContent\">\r\n                    <img decoding=\"async\" src=\"https:\/\/talkpal.ai\/wp-content\/uploads\/2024\/08\/Chinese.jpg\" alt=\"Chinese Flag\u00a0\">\r\n                    <div>\r\n                        <h4>E\u017cer\u010bizzju tal-Grammatika \u010aini\u017ca<\/h4>\r\n                        <p>Prattika grammatika \u010aini\u017ca.<\/p>\r\n                    <\/div>\r\n                <\/div>\r\n            <\/div>\r\n        <\/a>\r\n\r\n        \r\n        <a href=\"https:\/\/talkpal.ai\/vocabulary_language\/chinese\/\">\r\n            <div class=\"learnNavigationWrapper\">\r\n                <div class=\"learnNavigationContent\">\r\n                    <img decoding=\"async\" src=\"https:\/\/talkpal.ai\/wp-content\/uploads\/2024\/08\/Chinese.jpg\" alt=\"Chinese Flag\u00a0\">\r\n                    <div>\r\n                        <h4>Vokabularju \u010aini\u017c<\/h4>\r\n                        <p>Espandi l-vokabularju \u010aini\u017c tieg\u0127ek.<\/p>\r\n                    <\/div>\r\n                <\/div>\r\n            <\/div>\r\n        <\/a>\r\n\r\n            <\/section>","protected":false},"excerpt":{"rendered":"<p>Grammatika \u010aini\u017ca: I\u010b-\u010aavetta g\u0127all-\u0126akma tal-Mandarin Int student ambizzju\u017c tal-lingwa li stabbilixxa l-g\u0127ajnejn tieg\u0127u fuq il-\u0127akma tal-Mandarin? Jekk iva, prosit! It-trattament ta\u010b-\u010aini\u017c huwa mod meravilju\u017c biex twessa&#8217; l-mentalit\u00e0 globali tieg\u0127ek, tikkonnettja ma &#8216;firxa wiesg\u0127a ta&#8217; kelliema, u tisfida lilek innifsek intellettwalment. Madankollu, b&#8217;1.2 biljun kelliem nattiv u sistema lingwistika differenti \u0127afna mill-lingwi tal-Punent, il-grammatika \u010aini\u017ca tista [&hellip;]<\/p>\n","protected":false},"author":1,"featured_media":1441435,"parent":0,"menu_order":0,"comment_status":"closed","ping_status":"closed","template":"LearningContentPage.php","meta":{"_acf_changed":false,"footnotes":""},"class_list":["post-1443379","page","type-page","status-publish","has-post-thumbnail","hentry"],"acf":[],"yoast_head":"<!-- This site is optimized with the Yoast SEO Premium plugin v27.2 (Yoast SEO v27.2) - https:\/\/yoast.com\/product\/yoast-seo-premium-wordpress\/ -->\n<title>Grammatika \u010aini\u017ca - Talkpal<\/title>\n<meta name=\"description\" content=\"Tifta\u0127 is-sigrieti tal-Grammatika \u010aini\u017ca g\u0127al fehim a\u0127jar tal-lingwa u l-kultura \u010aini\u017ca.\" \/>\n<meta name=\"robots\" content=\"index, follow, max-snippet:-1, max-image-preview:large, max-video-preview:-1\" \/>\n<link rel=\"canonical\" href=\"https:\/\/talkpal.ai\/mt\/grammatika-ciniza\/\" \/>\n<meta property=\"og:locale\" content=\"mt_MT\" \/>\n<meta property=\"og:type\" content=\"article\" \/>\n<meta property=\"og:title\" content=\"Grammatika \u010aini\u017ca\" \/>\n<meta property=\"og:description\" content=\"Grammatika \u010aini\u017ca: I\u010b-\u010aavetta g\u0127all-\u0126akma tal-Mandarin Int student ambizzju\u017c tal-lingwa li stabbilixxa l-g\u0127ajnejn tieg\u0127u fuq il-\u0127akma tal-Mandarin? Jekk\" \/>\n<meta property=\"og:url\" content=\"https:\/\/talkpal.ai\/mt\/grammatika-ciniza\/\" \/>\n<meta property=\"og:site_name\" content=\"Talkpal\" \/>\n<meta property=\"article:publisher\" content=\"https:\/\/www.facebook.com\/profile.php?id=100090733639311\" \/>\n<meta property=\"article:modified_time\" content=\"2025-09-06T19:06:05+00:00\" \/>\n<meta property=\"og:image\" content=\"https:\/\/talkpal.ai\/wp-content\/uploads\/2023\/04\/china.png\" \/>\n\t<meta property=\"og:image:width\" content=\"512\" \/>\n\t<meta property=\"og:image:height\" content=\"512\" \/>\n\t<meta property=\"og:image:type\" content=\"image\/png\" \/>\n<meta name=\"twitter:card\" content=\"summary_large_image\" \/>\n<meta name=\"twitter:site\" content=\"@talkpalai\" \/>\n<meta name=\"twitter:label1\" content=\"Est. reading time\" \/>\n\t<meta name=\"twitter:data1\" content=\"3 minutes\" \/>\n<script type=\"application\/ld+json\" class=\"yoast-schema-graph\">{\"@context\":\"https:\/\/schema.org\",\"@graph\":[{\"@type\":\"WebPage\",\"@id\":\"https:\/\/talkpal.ai\/mt\/grammatika-ciniza\/\",\"url\":\"https:\/\/talkpal.ai\/mt\/grammatika-ciniza\/\",\"name\":\"Grammatika \u010aini\u017ca - Talkpal\",\"isPartOf\":{\"@id\":\"https:\/\/talkpal.ai\/mt\/#website\"},\"primaryImageOfPage\":{\"@id\":\"https:\/\/talkpal.ai\/mt\/grammatika-ciniza\/#primaryimage\"},\"image\":{\"@id\":\"https:\/\/talkpal.ai\/mt\/grammatika-ciniza\/#primaryimage\"},\"thumbnailUrl\":\"https:\/\/talkpal.ai\/wp-content\/uploads\/2023\/04\/china.png\",\"datePublished\":\"2023-05-14T13:48:36+00:00\",\"dateModified\":\"2025-09-06T19:06:05+00:00\",\"description\":\"Tifta\u0127 is-sigrieti tal-Grammatika \u010aini\u017ca g\u0127al fehim a\u0127jar tal-lingwa u l-kultura \u010aini\u017ca.\",\"breadcrumb\":{\"@id\":\"https:\/\/talkpal.ai\/mt\/grammatika-ciniza\/#breadcrumb\"},\"inLanguage\":\"mt-MT\",\"potentialAction\":[{\"@type\":\"ReadAction\",\"target\":[\"https:\/\/talkpal.ai\/mt\/grammatika-ciniza\/\"]}]},{\"@type\":\"ImageObject\",\"inLanguage\":\"mt-MT\",\"@id\":\"https:\/\/talkpal.ai\/mt\/grammatika-ciniza\/#primaryimage\",\"url\":\"https:\/\/talkpal.ai\/wp-content\/uploads\/2023\/04\/china.png\",\"contentUrl\":\"https:\/\/talkpal.ai\/wp-content\/uploads\/2023\/04\/china.png\",\"width\":512,\"height\":512,\"caption\":\"TalkPal Catalan Flag\"},{\"@type\":\"BreadcrumbList\",\"@id\":\"https:\/\/talkpal.ai\/mt\/grammatika-ciniza\/#breadcrumb\",\"itemListElement\":[{\"@type\":\"ListItem\",\"position\":1,\"name\":\"Homepage\",\"item\":\"https:\/\/talkpal.ai\/mt\/\"},{\"@type\":\"ListItem\",\"position\":2,\"name\":\"Grammatika \u010aini\u017ca\"}]},{\"@type\":\"WebSite\",\"@id\":\"https:\/\/talkpal.ai\/mt\/#website\",\"url\":\"https:\/\/talkpal.ai\/mt\/\",\"name\":\"Talkpal\",\"description\":\"AI Language Learning\",\"publisher\":{\"@id\":\"https:\/\/talkpal.ai\/mt\/#organization\"},\"alternateName\":\"Talkpal AI\",\"potentialAction\":[{\"@type\":\"SearchAction\",\"target\":{\"@type\":\"EntryPoint\",\"urlTemplate\":\"https:\/\/talkpal.ai\/mt\/?s={search_term_string}\"},\"query-input\":{\"@type\":\"PropertyValueSpecification\",\"valueRequired\":true,\"valueName\":\"search_term_string\"}}],\"inLanguage\":\"mt-MT\"},{\"@type\":\"Organization\",\"@id\":\"https:\/\/talkpal.ai\/mt\/#organization\",\"name\":\"Talkpal, Inc.\",\"alternateName\":\"Talkpal AI\",\"url\":\"https:\/\/talkpal.ai\/mt\/\",\"logo\":{\"@type\":\"ImageObject\",\"inLanguage\":\"mt-MT\",\"@id\":\"https:\/\/talkpal.ai\/mt\/#\/schema\/logo\/image\/\",\"url\":\"https:\/\/talkpal.ai\/wp-content\/uploads\/2024\/03\/Talkpal-Logo-Icon.png\",\"contentUrl\":\"https:\/\/talkpal.ai\/wp-content\/uploads\/2024\/03\/Talkpal-Logo-Icon.png\",\"width\":2880,\"height\":2880,\"caption\":\"Talkpal, Inc.\"},\"image\":{\"@id\":\"https:\/\/talkpal.ai\/mt\/#\/schema\/logo\/image\/\"},\"sameAs\":[\"https:\/\/www.facebook.com\/profile.php?id=100090733639311\",\"https:\/\/x.com\/talkpalai\",\"https:\/\/www.linkedin.com\/company\/talkpal\/\",\"https:\/\/www.youtube.com\/@TalkPal\/\",\"https:\/\/www.tiktok.com\/@talkpal\",\"https:\/\/www.instagram.com\/talkpal_ai\/\",\"https:\/\/www.crunchbase.com\/organization\/talkpal-9cde\",\"https:\/\/www.g2.com\/products\/talkpal-for-business\/\",\"https:\/\/www.trustpilot.com\/review\/talkpal.ai\",\"https:\/\/www.capterra.com\/p\/10006800\/TalkPal\/\"],\"description\":\"Talkpal is a language learning web and mobile education app, powered by the latest AI technologies, that provides engaging experiences to its customers in many different languages to help them improve their language skills. Users can chat about unlimited amount of topics with the app and use other modes to practice their language learning.\",\"email\":\"support@talkpal.ai\",\"legalName\":\"Talkpal, Inc.\",\"foundingDate\":\"2023-04-03\",\"duns\":\"118989042\",\"numberOfEmployees\":{\"@type\":\"QuantitativeValue\",\"minValue\":\"11\",\"maxValue\":\"50\"},\"publishingPrinciples\":\"https:\/\/talkpal.ai\/publishing-principles\/\",\"actionableFeedbackPolicy\":\"https:\/\/talkpal.ai\/actionable-feedback-policy\/\",\"correctionsPolicy\":\"https:\/\/talkpal.ai\/corrections-policy\/\",\"ethicsPolicy\":\"https:\/\/talkpal.ai\/ethics-policy\/\",\"diversityPolicy\":\"https:\/\/talkpal.ai\/diversity-policy\/\",\"diversityStaffingReport\":\"https:\/\/talkpal.ai\/diversity-policy\/\"}]}<\/script>\n<!-- \/ Yoast SEO Premium plugin. -->","yoast_head_json":{"title":"Grammatika \u010aini\u017ca - Talkpal","description":"Tifta\u0127 is-sigrieti tal-Grammatika \u010aini\u017ca g\u0127al fehim a\u0127jar tal-lingwa u l-kultura \u010aini\u017ca.","robots":{"index":"index","follow":"follow","max-snippet":"max-snippet:-1","max-image-preview":"max-image-preview:large","max-video-preview":"max-video-preview:-1"},"canonical":"https:\/\/talkpal.ai\/mt\/grammatika-ciniza\/","og_locale":"mt_MT","og_type":"article","og_title":"Grammatika \u010aini\u017ca","og_description":"Grammatika \u010aini\u017ca: I\u010b-\u010aavetta g\u0127all-\u0126akma tal-Mandarin Int student ambizzju\u017c tal-lingwa li stabbilixxa l-g\u0127ajnejn tieg\u0127u fuq il-\u0127akma tal-Mandarin? Jekk","og_url":"https:\/\/talkpal.ai\/mt\/grammatika-ciniza\/","og_site_name":"Talkpal","article_publisher":"https:\/\/www.facebook.com\/profile.php?id=100090733639311","article_modified_time":"2025-09-06T19:06:05+00:00","og_image":[{"width":512,"height":512,"url":"https:\/\/talkpal.ai\/wp-content\/uploads\/2023\/04\/china.png","type":"image\/png"}],"twitter_card":"summary_large_image","twitter_site":"@talkpalai","twitter_misc":{"Est. reading time":"3 minutes"},"schema":{"@context":"https:\/\/schema.org","@graph":[{"@type":"WebPage","@id":"https:\/\/talkpal.ai\/mt\/grammatika-ciniza\/","url":"https:\/\/talkpal.ai\/mt\/grammatika-ciniza\/","name":"Grammatika \u010aini\u017ca - Talkpal","isPartOf":{"@id":"https:\/\/talkpal.ai\/mt\/#website"},"primaryImageOfPage":{"@id":"https:\/\/talkpal.ai\/mt\/grammatika-ciniza\/#primaryimage"},"image":{"@id":"https:\/\/talkpal.ai\/mt\/grammatika-ciniza\/#primaryimage"},"thumbnailUrl":"https:\/\/talkpal.ai\/wp-content\/uploads\/2023\/04\/china.png","datePublished":"2023-05-14T13:48:36+00:00","dateModified":"2025-09-06T19:06:05+00:00","description":"Tifta\u0127 is-sigrieti tal-Grammatika \u010aini\u017ca g\u0127al fehim a\u0127jar tal-lingwa u l-kultura \u010aini\u017ca.","breadcrumb":{"@id":"https:\/\/talkpal.ai\/mt\/grammatika-ciniza\/#breadcrumb"},"inLanguage":"mt-MT","potentialAction":[{"@type":"ReadAction","target":["https:\/\/talkpal.ai\/mt\/grammatika-ciniza\/"]}]},{"@type":"ImageObject","inLanguage":"mt-MT","@id":"https:\/\/talkpal.ai\/mt\/grammatika-ciniza\/#primaryimage","url":"https:\/\/talkpal.ai\/wp-content\/uploads\/2023\/04\/china.png","contentUrl":"https:\/\/talkpal.ai\/wp-content\/uploads\/2023\/04\/china.png","width":512,"height":512,"caption":"TalkPal Catalan Flag"},{"@type":"BreadcrumbList","@id":"https:\/\/talkpal.ai\/mt\/grammatika-ciniza\/#breadcrumb","itemListElement":[{"@type":"ListItem","position":1,"name":"Homepage","item":"https:\/\/talkpal.ai\/mt\/"},{"@type":"ListItem","position":2,"name":"Grammatika \u010aini\u017ca"}]},{"@type":"WebSite","@id":"https:\/\/talkpal.ai\/mt\/#website","url":"https:\/\/talkpal.ai\/mt\/","name":"Talkpal","description":"AI Language Learning","publisher":{"@id":"https:\/\/talkpal.ai\/mt\/#organization"},"alternateName":"Talkpal AI","potentialAction":[{"@type":"SearchAction","target":{"@type":"EntryPoint","urlTemplate":"https:\/\/talkpal.ai\/mt\/?s={search_term_string}"},"query-input":{"@type":"PropertyValueSpecification","valueRequired":true,"valueName":"search_term_string"}}],"inLanguage":"mt-MT"},{"@type":"Organization","@id":"https:\/\/talkpal.ai\/mt\/#organization","name":"Talkpal, Inc.","alternateName":"Talkpal AI","url":"https:\/\/talkpal.ai\/mt\/","logo":{"@type":"ImageObject","inLanguage":"mt-MT","@id":"https:\/\/talkpal.ai\/mt\/#\/schema\/logo\/image\/","url":"https:\/\/talkpal.ai\/wp-content\/uploads\/2024\/03\/Talkpal-Logo-Icon.png","contentUrl":"https:\/\/talkpal.ai\/wp-content\/uploads\/2024\/03\/Talkpal-Logo-Icon.png","width":2880,"height":2880,"caption":"Talkpal, Inc."},"image":{"@id":"https:\/\/talkpal.ai\/mt\/#\/schema\/logo\/image\/"},"sameAs":["https:\/\/www.facebook.com\/profile.php?id=100090733639311","https:\/\/x.com\/talkpalai","https:\/\/www.linkedin.com\/company\/talkpal\/","https:\/\/www.youtube.com\/@TalkPal\/","https:\/\/www.tiktok.com\/@talkpal","https:\/\/www.instagram.com\/talkpal_ai\/","https:\/\/www.crunchbase.com\/organization\/talkpal-9cde","https:\/\/www.g2.com\/products\/talkpal-for-business\/","https:\/\/www.trustpilot.com\/review\/talkpal.ai","https:\/\/www.capterra.com\/p\/10006800\/TalkPal\/"],"description":"Talkpal is a language learning web and mobile education app, powered by the latest AI technologies, that provides engaging experiences to its customers in many different languages to help them improve their language skills. Users can chat about unlimited amount of topics with the app and use other modes to practice their language learning.","email":"support@talkpal.ai","legalName":"Talkpal, Inc.","foundingDate":"2023-04-03","duns":"118989042","numberOfEmployees":{"@type":"QuantitativeValue","minValue":"11","maxValue":"50"},"publishingPrinciples":"https:\/\/talkpal.ai\/publishing-principles\/","actionableFeedbackPolicy":"https:\/\/talkpal.ai\/actionable-feedback-policy\/","correctionsPolicy":"https:\/\/talkpal.ai\/corrections-policy\/","ethicsPolicy":"https:\/\/talkpal.ai\/ethics-policy\/","diversityPolicy":"https:\/\/talkpal.ai\/diversity-policy\/","diversityStaffingReport":"https:\/\/talkpal.ai\/diversity-policy\/"}]}},"_links":{"self":[{"href":"https:\/\/talkpal.ai\/mt\/wp-json\/wp\/v2\/pages\/1443379","targetHints":{"allow":["GET"]}}],"collection":[{"href":"https:\/\/talkpal.ai\/mt\/wp-json\/wp\/v2\/pages"}],"about":[{"href":"https:\/\/talkpal.ai\/mt\/wp-json\/wp\/v2\/types\/page"}],"author":[{"embeddable":true,"href":"https:\/\/talkpal.ai\/mt\/wp-json\/wp\/v2\/users\/1"}],"replies":[{"embeddable":true,"href":"https:\/\/talkpal.ai\/mt\/wp-json\/wp\/v2\/comments?post=1443379"}],"version-history":[{"count":0,"href":"https:\/\/talkpal.ai\/mt\/wp-json\/wp\/v2\/pages\/1443379\/revisions"}],"wp:featuredmedia":[{"embeddable":true,"href":"https:\/\/talkpal.ai\/mt\/wp-json\/wp\/v2\/media\/1441435"}],"wp:attachment":[{"href":"https:\/\/talkpal.ai\/mt\/wp-json\/wp\/v2\/media?parent=1443379"}],"curies":[{"name":"wp","href":"https:\/\/api.w.org\/{rel}","templated":true}]}}