{"id":1443372,"date":"2023-05-14T13:43:38","date_gmt":"2023-05-14T13:43:38","guid":{"rendered":"https:\/\/talkpal.ai\/grammatika-gharbija\/"},"modified":"2025-09-06T19:06:03","modified_gmt":"2025-09-06T19:06:03","slug":"grammatika-gharbija","status":"publish","type":"page","link":"https:\/\/talkpal.ai\/mt\/grammatika-gharbija\/","title":{"rendered":"Grammatika G\u0127arbija"},"content":{"rendered":"\r\n\r\n\r\n<section class=\"languageChallengeSection\">\r\n    <div class=\"languageInfoWrapper\">\r\n        \r\n        <h1>Grammatika G\u0127arbija<\/h1>\r\n        <p>Ittejjeb il-\u0127iliet G\u0127arbi tieg\u0127ek billi tesplora kun\u010betti grammati\u010bi essenzjali u spjegazzjonijiet \u010bari, pass pass. Ibda l-\u0127akma tal-grammatika G\u0127arbija issa u kkomunika b&#039;aktar fluency u kunfidenza!<\/p>\r\n\r\n                            <a class=\"getStartedHidden\" href=\"https:\/\/app.talkpal.ai\/signup?lng=\">Ibda<\/a>\r\n        \r\n    <\/div>\r\n\r\n    <figure>\r\n    <img decoding=\"async\" width=\"768\" height=\"768\" src=\"https:\/\/talkpal.ai\/wp-content\/uploads\/2023\/06\/arabic-768x768.png\" class=\"languageImage no-lazy\" alt=\"Language learning for linguistic diversity\" fetchpriority=\"high\" sizes=\"(max-width: 768px) 150px, 768px\" srcset=\"https:\/\/talkpal.ai\/wp-content\/uploads\/2023\/06\/arabic-768x768.png 768w, https:\/\/talkpal.ai\/wp-content\/uploads\/2023\/06\/arabic-300x300.png 300w\" \/>\r\n    \r\n\r\n    <\/figure>\r\n\r\n            <a class=\"getStartedVisible\" href=\"https:\/\/app.talkpal.ai\/signup?lng=\">Ibda<\/a>\r\n    \r\n<\/section>\r\n<section class=\"promotionalBanner\">\r\n    <p class=\"promotionalText\">L-aktar mod effi\u010bjenti biex titg\u0127allem lingwa<\/p>\r\n    <a class=\"promotionalLink\" href=\"https:\/\/app.talkpal.ai\/signup?lng=\">Ipprova Talkpal b&#8217;xejn<\/a>\r\n<\/section>\n<div class=\"wp-block-group pageContainerStyle\"><div class=\"wp-block-group__inner-container is-layout-constrained wp-block-group-is-layout-constrained\">\n<h2 class=\"wp-block-heading\" id=\"h-the-intricacies-of-arabic-grammar-a-journey-through-its-roots-and-beauty\">L-Intricacies tal-Grammatika G\u0127arbija: Vja\u0121\u0121 Permezz tal-G\u0127eruq u s-Sbu\u0127ija tag\u0127ha<\/h2>\n\n\n\n<p><strong>Tiftakar meta bdejt titg\u0127allem il-grammatika Ingli\u017ca?<\/strong>  Ir-regoli, l-e\u010b\u010bezzjonijiet u t-terminolo\u0121iji apparentement bla tmiem jistg\u0127u j\u0127alluk t\u0127ossok meg\u0127lub xi drabi. Jekk qed ta\u0127seb biex titg\u0127allem il-lingwa G\u0127arbija, kun \u017cgur li g\u0127andha sistema grammatikali unika u kkumplikata, ukoll. Allura, ejja nie\u0127du vja\u0121\u0121 qasir i\u017cda illuminanti permezz tal-g\u0127eruq u s-sbu\u0127ija tal-grammatika G\u0127arbija.<\/p>\n\n\n\n<p>Biex tibda, ejja nistabbilixxu xi <strong>differenzi ewlenin bejn il-grammatika G\u0127arbija u Ingli\u017ca.<\/strong> Bl-G\u0127arbi, il-kliem huwa maqsum fi tliet kategoriji: nomi, verbi, u parti\u010belli. B&#8217;differenza mill-<a href=\"https:\/\/talkpal.ai\/learn-english-with-ai\/\">Ingli\u017c<\/a>, il-kliem G\u0127arbi jsegwu sistema ta &#8216;g\u0127eruq, li jfisser li tista&#8217; tintra\u010b\u010ba t-tifsira ewlenija ta &#8216;kelma billi tidentifika l-g\u0127erq tag\u0127ha. Din is-sistema ta &#8216;g\u0127eruq tag\u0127ti lill-G\u0127arbi livell e\u010b\u010bezzjonali ta&#8217; fond u rikkezza. \u0126a\u0121a inkredibbli dwar il-grammatika G\u0127arbija hija d-dipendenza tag\u0127ha fuq mudelli, li \u0127afna drabi tippermetti lill-kelliema jo\u0127olqu kliem \u0121did billi jsegwu \u010berti strutturi.<\/p>\n\n\n\n<p>Aspett ie\u0127or importanti <strong>tal-grammatika G\u0127arbija huwa li hija lingwa tal-\u0121eneru<\/strong>, li jfisser li nomi u a\u0121\u0121ettivi g\u0127andhom forom spe\u010bifi\u010bi g\u0127all-\u0121eneru. Kont taf li l-G\u0127arbi sa\u0127ansitra g\u0127andu forma doppja minbarra l-forom singulari u plurali? Huwa veru! Il-forma doppja G\u0127arbija tintu\u017ca biex tindika pari, b\u0127al g\u0127ajnejn, idejn, jew \u0121enituri. I\u017cid saff \u017cejjed ta &#8216;spe\u010bifi\u010bit\u00e0 li l-lingwa Ingli\u017ca hija nieqsa.<\/p>\n\n\n\n<p>Issa ejja niddiskutu <strong>l-konjugazzjoni tal-verb bl-G\u0127arbi,<\/strong> li hija dinja \u0121dida kollha nnifisha. Il-verbi G\u0127arab huma bba\u017cati fuq sistema ta &#8216;g\u0127eruq, li normalment jikkonsistu fi tliet konsonanti ewlenin. L-g\u0127erq jiddetermina t-tifsira ba\u017cika tal-verb, u billi \u017c\u017cid mudelli tal-vokali, to\u0127loq forom differenti tal-verb li jesprimu tifsiriet u tempi differenti. Pere\u017cempju, il-bdil tal-vokali f&#8217;g\u0127erq jista &#8216;jbiddel it-temp mill-passat g\u0127all-pre\u017cent, jew jibdel verb attiv f&#8217;wie\u0127ed <a href=\"https:\/\/talkpal.ai\/ja\/grammar\/%e5%8f%97%e5%8b%95%e6%85%8b\/\">passiv<\/a>. Pjuttost tal-g\u0127a\u0121eb, hux?<\/p>\n\n\n\n<p>Aspett ie\u0127or affaxxinanti tal-grammatika G\u0127arbija li rridu nitkellmu dwaru huwa <strong>d-definittivit\u00e0<\/strong>. Bl-Ingli\u017c, nu\u017caw il-kelma &#8220;the&#8221; biex nindikaw li nom huwa definit. Fl-G\u0127arbi, dan il-kun\u010bett huwa inkorporat fil-lingwa permezz ta &#8216;parti\u010bella \u017cg\u0127ira msej\u0127a &#8220;Al-&#8221; li hija mi\u017cjuda mal-bidu ta&#8217; kelma. Meta nom ikun pre\u010bedut minn &#8220;Al-&#8220;, isir definit ming\u0127ajr ebda kwalifikaturi addizzjonali. Allura, minflok tg\u0127id &#8220;id-dar hija kbira&#8221; bl-G\u0127arbi, tg\u0127id &#8220;Al-baytu kabir,&#8221; fejn &#8220;Al-baytu&#8221; tfisser &#8220;id-dar.&#8221;<\/p>\n\n\n\n<p><strong>L-G\u0127arbi konversattiv<\/strong> huwa aktar dinamiku u fluwidu mill-G\u0127arbi formali, kif inhu l-ka\u017c ma &#8216;kwalunkwe lingwa. Madankollu, il-\u0127akma tal-prin\u010bipji ewlenin tal-grammatika G\u0127arbija tibqa &#8216;essenzjali biex verament tifhem u tapprezza l-lingwa. Ladarba tikseb il-hang tal-mudelli tal-g\u0127eruq, il-forom tal-\u0121eneru, u l-konjugazzjonijiet tal-verbi, se jsir \u0127afna aktar fa\u010bli li tirrikonoxxi u titg\u0127allem kliem \u0121did.<\/p>\n\n\n\n<p><strong>It-tag\u0127lim tal-grammatika G\u0127arbija<\/strong> jista &#8216;jidher skora\u0121\u0121anti g\u0127all-ewwel, i\u017cda bil-persistenza u d-dedikazzjoni, tkun tista&#8217; tapprezza s-sbu\u0127ija ta &#8216;din il-lingwa kkumplikata. E\u017catt b\u0127al li ssolvi puzzle kumpless jew tidde\u010bifra kodi\u010bi kriptat, il-premju jinsab fis-sodisfazzjon li tifta\u0127 il-misteri tal-lingwa G\u0127arbija u tg\u0127addas lilek innifsek fil-kultura, l-istorja u l-letteratura rikka tag\u0127ha. Allura, x&#8217;qed tistenna? G\u0127addas fid-dinja enchanting tal-grammatika G\u0127arbija u skopri l-essenza vera tag\u0127ha g\u0127alik innifsek.<\/p>\n<\/div><\/div>\n\r\n<section class=\"learnNavigationSection\">\r\n            \r\n        <a href=\"https:\/\/talkpal.ai\/mt\/tghallem-l-gharbi\/\">\r\n            <div class=\"learnNavigationWrapper\">\r\n                <div class=\"learnNavigationContent\">\r\n                    <img decoding=\"async\" src=\"https:\/\/talkpal.ai\/wp-content\/uploads\/2024\/08\/Arabic.jpg\" alt=\"Arabic Flag\">\r\n                    <div>\r\n                        <h4>Dwar it-Tag\u0127lim tal-G\u0127arbi<\/h4>\r\n                        <p>Sir af kollox dwar il-grammatika G\u0127arbija.<\/p>\r\n                    <\/div>\r\n                <\/div>\r\n            <\/div>\r\n        <\/a>\r\n\r\n        \r\n        <a href=\"https:\/\/talkpal.ai\/mt\/ezercizzji-tal-grammatika-gharbija\/\">\r\n            <div class=\"learnNavigationWrapper\">\r\n                <div class=\"learnNavigationContent\">\r\n                    <img decoding=\"async\" src=\"https:\/\/talkpal.ai\/wp-content\/uploads\/2024\/08\/Arabic.jpg\" alt=\"Arabic Flag\">\r\n                    <div>\r\n                        <h4>E\u017cer\u010bizzju tal-Grammatika G\u0127arbija<\/h4>\r\n                        <p>Ipprattika grammatika G\u0127arbija.<\/p>\r\n                    <\/div>\r\n                <\/div>\r\n            <\/div>\r\n        <\/a>\r\n\r\n        \r\n        <a href=\"https:\/\/talkpal.ai\/vocabulary_language\/arabic\/\">\r\n            <div class=\"learnNavigationWrapper\">\r\n                <div class=\"learnNavigationContent\">\r\n                    <img decoding=\"async\" src=\"https:\/\/talkpal.ai\/wp-content\/uploads\/2024\/08\/Arabic.jpg\" alt=\"Arabic Flag\">\r\n                    <div>\r\n                        <h4>Vokabularju G\u0127arbi<\/h4>\r\n                        <p>Espandi l-vokabularju G\u0127arbi tieg\u0127ek.<\/p>\r\n                    <\/div>\r\n                <\/div>\r\n            <\/div>\r\n        <\/a>\r\n\r\n            <\/section>","protected":false},"excerpt":{"rendered":"<p>L-Intricacies tal-Grammatika G\u0127arbija: Vja\u0121\u0121 Permezz tal-G\u0127eruq u s-Sbu\u0127ija tag\u0127ha Tiftakar meta bdejt titg\u0127allem il-grammatika Ingli\u017ca? Ir-regoli, l-e\u010b\u010bezzjonijiet u t-terminolo\u0121iji apparentement bla tmiem jistg\u0127u j\u0127alluk t\u0127ossok meg\u0127lub xi drabi. Jekk qed ta\u0127seb biex titg\u0127allem il-lingwa G\u0127arbija, kun \u017cgur li g\u0127andha sistema grammatikali unika u kkumplikata, ukoll. Allura, ejja nie\u0127du vja\u0121\u0121 qasir i\u017cda illuminanti permezz tal-g\u0127eruq u [&hellip;]<\/p>\n","protected":false},"author":1,"featured_media":1441425,"parent":0,"menu_order":0,"comment_status":"closed","ping_status":"closed","template":"LearningContentPage.php","meta":{"_acf_changed":false,"footnotes":""},"class_list":["post-1443372","page","type-page","status-publish","has-post-thumbnail","hentry"],"acf":[],"yoast_head":"<!-- This site is optimized with the Yoast SEO Premium plugin v27.2 (Yoast SEO v27.2) - https:\/\/yoast.com\/product\/yoast-seo-premium-wordpress\/ -->\n<title>Grammatika G\u0127arbija - Talkpal<\/title>\n<meta name=\"description\" content=\"Esplora l-intricacies tal-grammatika G\u0127arbija u skopri l-istruttura unika tag\u0127ha meta mqabbla mal-grammatika Ingli\u017ca.\" \/>\n<meta name=\"robots\" content=\"index, follow, max-snippet:-1, max-image-preview:large, max-video-preview:-1\" \/>\n<link rel=\"canonical\" href=\"https:\/\/talkpal.ai\/mt\/grammatika-gharbija\/\" \/>\n<meta property=\"og:locale\" content=\"mt_MT\" \/>\n<meta property=\"og:type\" content=\"article\" \/>\n<meta property=\"og:title\" content=\"Grammatika G\u0127arbija\" \/>\n<meta property=\"og:description\" content=\"L-Intricacies tal-Grammatika G\u0127arbija: Vja\u0121\u0121 Permezz tal-G\u0127eruq u s-Sbu\u0127ija tag\u0127ha Tiftakar meta bdejt titg\u0127allem il-grammatika Ingli\u017ca? Ir-regoli,\" \/>\n<meta property=\"og:url\" content=\"https:\/\/talkpal.ai\/mt\/grammatika-gharbija\/\" \/>\n<meta property=\"og:site_name\" content=\"Talkpal\" \/>\n<meta property=\"article:publisher\" content=\"https:\/\/www.facebook.com\/profile.php?id=100090733639311\" \/>\n<meta property=\"article:modified_time\" content=\"2025-09-06T19:06:03+00:00\" \/>\n<meta property=\"og:image\" content=\"https:\/\/talkpal.ai\/wp-content\/uploads\/2023\/04\/arabic-united-arab-emirates.png\" \/>\n\t<meta property=\"og:image:width\" content=\"512\" \/>\n\t<meta property=\"og:image:height\" content=\"512\" \/>\n\t<meta property=\"og:image:type\" content=\"image\/png\" \/>\n<meta name=\"twitter:card\" content=\"summary_large_image\" \/>\n<meta name=\"twitter:site\" content=\"@talkpalai\" \/>\n<meta name=\"twitter:label1\" content=\"Est. reading time\" \/>\n\t<meta name=\"twitter:data1\" content=\"3 minutes\" \/>\n<script type=\"application\/ld+json\" class=\"yoast-schema-graph\">{\"@context\":\"https:\/\/schema.org\",\"@graph\":[{\"@type\":\"WebPage\",\"@id\":\"https:\/\/talkpal.ai\/mt\/grammatika-gharbija\/\",\"url\":\"https:\/\/talkpal.ai\/mt\/grammatika-gharbija\/\",\"name\":\"Grammatika G\u0127arbija - Talkpal\",\"isPartOf\":{\"@id\":\"https:\/\/talkpal.ai\/mt\/#website\"},\"primaryImageOfPage\":{\"@id\":\"https:\/\/talkpal.ai\/mt\/grammatika-gharbija\/#primaryimage\"},\"image\":{\"@id\":\"https:\/\/talkpal.ai\/mt\/grammatika-gharbija\/#primaryimage\"},\"thumbnailUrl\":\"https:\/\/talkpal.ai\/wp-content\/uploads\/2023\/04\/arabic-united-arab-emirates.png\",\"datePublished\":\"2023-05-14T13:43:38+00:00\",\"dateModified\":\"2025-09-06T19:06:03+00:00\",\"description\":\"Esplora l-intricacies tal-grammatika G\u0127arbija u skopri l-istruttura unika tag\u0127ha meta mqabbla mal-grammatika Ingli\u017ca.\",\"breadcrumb\":{\"@id\":\"https:\/\/talkpal.ai\/mt\/grammatika-gharbija\/#breadcrumb\"},\"inLanguage\":\"mt-MT\",\"potentialAction\":[{\"@type\":\"ReadAction\",\"target\":[\"https:\/\/talkpal.ai\/mt\/grammatika-gharbija\/\"]}]},{\"@type\":\"ImageObject\",\"inLanguage\":\"mt-MT\",\"@id\":\"https:\/\/talkpal.ai\/mt\/grammatika-gharbija\/#primaryimage\",\"url\":\"https:\/\/talkpal.ai\/wp-content\/uploads\/2023\/04\/arabic-united-arab-emirates.png\",\"contentUrl\":\"https:\/\/talkpal.ai\/wp-content\/uploads\/2023\/04\/arabic-united-arab-emirates.png\",\"width\":512,\"height\":512,\"caption\":\"TalkPal Catalan Flag\"},{\"@type\":\"BreadcrumbList\",\"@id\":\"https:\/\/talkpal.ai\/mt\/grammatika-gharbija\/#breadcrumb\",\"itemListElement\":[{\"@type\":\"ListItem\",\"position\":1,\"name\":\"Homepage\",\"item\":\"https:\/\/talkpal.ai\/mt\/\"},{\"@type\":\"ListItem\",\"position\":2,\"name\":\"Grammatika G\u0127arbija\"}]},{\"@type\":\"WebSite\",\"@id\":\"https:\/\/talkpal.ai\/mt\/#website\",\"url\":\"https:\/\/talkpal.ai\/mt\/\",\"name\":\"Talkpal\",\"description\":\"AI Language Learning\",\"publisher\":{\"@id\":\"https:\/\/talkpal.ai\/mt\/#organization\"},\"alternateName\":\"Talkpal AI\",\"potentialAction\":[{\"@type\":\"SearchAction\",\"target\":{\"@type\":\"EntryPoint\",\"urlTemplate\":\"https:\/\/talkpal.ai\/mt\/?s={search_term_string}\"},\"query-input\":{\"@type\":\"PropertyValueSpecification\",\"valueRequired\":true,\"valueName\":\"search_term_string\"}}],\"inLanguage\":\"mt-MT\"},{\"@type\":\"Organization\",\"@id\":\"https:\/\/talkpal.ai\/mt\/#organization\",\"name\":\"Talkpal, Inc.\",\"alternateName\":\"Talkpal AI\",\"url\":\"https:\/\/talkpal.ai\/mt\/\",\"logo\":{\"@type\":\"ImageObject\",\"inLanguage\":\"mt-MT\",\"@id\":\"https:\/\/talkpal.ai\/mt\/#\/schema\/logo\/image\/\",\"url\":\"https:\/\/talkpal.ai\/wp-content\/uploads\/2024\/03\/Talkpal-Logo-Icon.png\",\"contentUrl\":\"https:\/\/talkpal.ai\/wp-content\/uploads\/2024\/03\/Talkpal-Logo-Icon.png\",\"width\":2880,\"height\":2880,\"caption\":\"Talkpal, Inc.\"},\"image\":{\"@id\":\"https:\/\/talkpal.ai\/mt\/#\/schema\/logo\/image\/\"},\"sameAs\":[\"https:\/\/www.facebook.com\/profile.php?id=100090733639311\",\"https:\/\/x.com\/talkpalai\",\"https:\/\/www.linkedin.com\/company\/talkpal\/\",\"https:\/\/www.youtube.com\/@TalkPal\/\",\"https:\/\/www.tiktok.com\/@talkpal\",\"https:\/\/www.instagram.com\/talkpal_ai\/\",\"https:\/\/www.crunchbase.com\/organization\/talkpal-9cde\",\"https:\/\/www.g2.com\/products\/talkpal-for-business\/\",\"https:\/\/www.trustpilot.com\/review\/talkpal.ai\",\"https:\/\/www.capterra.com\/p\/10006800\/TalkPal\/\"],\"description\":\"Talkpal is a language learning web and mobile education app, powered by the latest AI technologies, that provides engaging experiences to its customers in many different languages to help them improve their language skills. Users can chat about unlimited amount of topics with the app and use other modes to practice their language learning.\",\"email\":\"support@talkpal.ai\",\"legalName\":\"Talkpal, Inc.\",\"foundingDate\":\"2023-04-03\",\"duns\":\"118989042\",\"numberOfEmployees\":{\"@type\":\"QuantitativeValue\",\"minValue\":\"11\",\"maxValue\":\"50\"},\"publishingPrinciples\":\"https:\/\/talkpal.ai\/publishing-principles\/\",\"actionableFeedbackPolicy\":\"https:\/\/talkpal.ai\/actionable-feedback-policy\/\",\"correctionsPolicy\":\"https:\/\/talkpal.ai\/corrections-policy\/\",\"ethicsPolicy\":\"https:\/\/talkpal.ai\/ethics-policy\/\",\"diversityPolicy\":\"https:\/\/talkpal.ai\/diversity-policy\/\",\"diversityStaffingReport\":\"https:\/\/talkpal.ai\/diversity-policy\/\"}]}<\/script>\n<!-- \/ Yoast SEO Premium plugin. -->","yoast_head_json":{"title":"Grammatika G\u0127arbija - Talkpal","description":"Esplora l-intricacies tal-grammatika G\u0127arbija u skopri l-istruttura unika tag\u0127ha meta mqabbla mal-grammatika Ingli\u017ca.","robots":{"index":"index","follow":"follow","max-snippet":"max-snippet:-1","max-image-preview":"max-image-preview:large","max-video-preview":"max-video-preview:-1"},"canonical":"https:\/\/talkpal.ai\/mt\/grammatika-gharbija\/","og_locale":"mt_MT","og_type":"article","og_title":"Grammatika G\u0127arbija","og_description":"L-Intricacies tal-Grammatika G\u0127arbija: Vja\u0121\u0121 Permezz tal-G\u0127eruq u s-Sbu\u0127ija tag\u0127ha Tiftakar meta bdejt titg\u0127allem il-grammatika Ingli\u017ca? Ir-regoli,","og_url":"https:\/\/talkpal.ai\/mt\/grammatika-gharbija\/","og_site_name":"Talkpal","article_publisher":"https:\/\/www.facebook.com\/profile.php?id=100090733639311","article_modified_time":"2025-09-06T19:06:03+00:00","og_image":[{"width":512,"height":512,"url":"https:\/\/talkpal.ai\/wp-content\/uploads\/2023\/04\/arabic-united-arab-emirates.png","type":"image\/png"}],"twitter_card":"summary_large_image","twitter_site":"@talkpalai","twitter_misc":{"Est. reading time":"3 minutes"},"schema":{"@context":"https:\/\/schema.org","@graph":[{"@type":"WebPage","@id":"https:\/\/talkpal.ai\/mt\/grammatika-gharbija\/","url":"https:\/\/talkpal.ai\/mt\/grammatika-gharbija\/","name":"Grammatika G\u0127arbija - Talkpal","isPartOf":{"@id":"https:\/\/talkpal.ai\/mt\/#website"},"primaryImageOfPage":{"@id":"https:\/\/talkpal.ai\/mt\/grammatika-gharbija\/#primaryimage"},"image":{"@id":"https:\/\/talkpal.ai\/mt\/grammatika-gharbija\/#primaryimage"},"thumbnailUrl":"https:\/\/talkpal.ai\/wp-content\/uploads\/2023\/04\/arabic-united-arab-emirates.png","datePublished":"2023-05-14T13:43:38+00:00","dateModified":"2025-09-06T19:06:03+00:00","description":"Esplora l-intricacies tal-grammatika G\u0127arbija u skopri l-istruttura unika tag\u0127ha meta mqabbla mal-grammatika Ingli\u017ca.","breadcrumb":{"@id":"https:\/\/talkpal.ai\/mt\/grammatika-gharbija\/#breadcrumb"},"inLanguage":"mt-MT","potentialAction":[{"@type":"ReadAction","target":["https:\/\/talkpal.ai\/mt\/grammatika-gharbija\/"]}]},{"@type":"ImageObject","inLanguage":"mt-MT","@id":"https:\/\/talkpal.ai\/mt\/grammatika-gharbija\/#primaryimage","url":"https:\/\/talkpal.ai\/wp-content\/uploads\/2023\/04\/arabic-united-arab-emirates.png","contentUrl":"https:\/\/talkpal.ai\/wp-content\/uploads\/2023\/04\/arabic-united-arab-emirates.png","width":512,"height":512,"caption":"TalkPal Catalan Flag"},{"@type":"BreadcrumbList","@id":"https:\/\/talkpal.ai\/mt\/grammatika-gharbija\/#breadcrumb","itemListElement":[{"@type":"ListItem","position":1,"name":"Homepage","item":"https:\/\/talkpal.ai\/mt\/"},{"@type":"ListItem","position":2,"name":"Grammatika G\u0127arbija"}]},{"@type":"WebSite","@id":"https:\/\/talkpal.ai\/mt\/#website","url":"https:\/\/talkpal.ai\/mt\/","name":"Talkpal","description":"AI Language Learning","publisher":{"@id":"https:\/\/talkpal.ai\/mt\/#organization"},"alternateName":"Talkpal AI","potentialAction":[{"@type":"SearchAction","target":{"@type":"EntryPoint","urlTemplate":"https:\/\/talkpal.ai\/mt\/?s={search_term_string}"},"query-input":{"@type":"PropertyValueSpecification","valueRequired":true,"valueName":"search_term_string"}}],"inLanguage":"mt-MT"},{"@type":"Organization","@id":"https:\/\/talkpal.ai\/mt\/#organization","name":"Talkpal, Inc.","alternateName":"Talkpal AI","url":"https:\/\/talkpal.ai\/mt\/","logo":{"@type":"ImageObject","inLanguage":"mt-MT","@id":"https:\/\/talkpal.ai\/mt\/#\/schema\/logo\/image\/","url":"https:\/\/talkpal.ai\/wp-content\/uploads\/2024\/03\/Talkpal-Logo-Icon.png","contentUrl":"https:\/\/talkpal.ai\/wp-content\/uploads\/2024\/03\/Talkpal-Logo-Icon.png","width":2880,"height":2880,"caption":"Talkpal, Inc."},"image":{"@id":"https:\/\/talkpal.ai\/mt\/#\/schema\/logo\/image\/"},"sameAs":["https:\/\/www.facebook.com\/profile.php?id=100090733639311","https:\/\/x.com\/talkpalai","https:\/\/www.linkedin.com\/company\/talkpal\/","https:\/\/www.youtube.com\/@TalkPal\/","https:\/\/www.tiktok.com\/@talkpal","https:\/\/www.instagram.com\/talkpal_ai\/","https:\/\/www.crunchbase.com\/organization\/talkpal-9cde","https:\/\/www.g2.com\/products\/talkpal-for-business\/","https:\/\/www.trustpilot.com\/review\/talkpal.ai","https:\/\/www.capterra.com\/p\/10006800\/TalkPal\/"],"description":"Talkpal is a language learning web and mobile education app, powered by the latest AI technologies, that provides engaging experiences to its customers in many different languages to help them improve their language skills. Users can chat about unlimited amount of topics with the app and use other modes to practice their language learning.","email":"support@talkpal.ai","legalName":"Talkpal, Inc.","foundingDate":"2023-04-03","duns":"118989042","numberOfEmployees":{"@type":"QuantitativeValue","minValue":"11","maxValue":"50"},"publishingPrinciples":"https:\/\/talkpal.ai\/publishing-principles\/","actionableFeedbackPolicy":"https:\/\/talkpal.ai\/actionable-feedback-policy\/","correctionsPolicy":"https:\/\/talkpal.ai\/corrections-policy\/","ethicsPolicy":"https:\/\/talkpal.ai\/ethics-policy\/","diversityPolicy":"https:\/\/talkpal.ai\/diversity-policy\/","diversityStaffingReport":"https:\/\/talkpal.ai\/diversity-policy\/"}]}},"_links":{"self":[{"href":"https:\/\/talkpal.ai\/mt\/wp-json\/wp\/v2\/pages\/1443372","targetHints":{"allow":["GET"]}}],"collection":[{"href":"https:\/\/talkpal.ai\/mt\/wp-json\/wp\/v2\/pages"}],"about":[{"href":"https:\/\/talkpal.ai\/mt\/wp-json\/wp\/v2\/types\/page"}],"author":[{"embeddable":true,"href":"https:\/\/talkpal.ai\/mt\/wp-json\/wp\/v2\/users\/1"}],"replies":[{"embeddable":true,"href":"https:\/\/talkpal.ai\/mt\/wp-json\/wp\/v2\/comments?post=1443372"}],"version-history":[{"count":0,"href":"https:\/\/talkpal.ai\/mt\/wp-json\/wp\/v2\/pages\/1443372\/revisions"}],"wp:featuredmedia":[{"embeddable":true,"href":"https:\/\/talkpal.ai\/mt\/wp-json\/wp\/v2\/media\/1441425"}],"wp:attachment":[{"href":"https:\/\/talkpal.ai\/mt\/wp-json\/wp\/v2\/media?parent=1443372"}],"curies":[{"name":"wp","href":"https:\/\/api.w.org\/{rel}","templated":true}]}}