{"id":1443362,"date":"2023-05-14T13:50:21","date_gmt":"2023-05-14T13:50:21","guid":{"rendered":"https:\/\/talkpal.ai\/grammatika-finlandiza\/"},"modified":"2025-12-11T17:06:10","modified_gmt":"2025-12-11T17:06:10","slug":"grammatika-finlandiza","status":"publish","type":"page","link":"https:\/\/talkpal.ai\/mt\/grammatika-finlandiza\/","title":{"rendered":"Grammatika Finlandi\u017ca"},"content":{"rendered":"\r\n\r\n\r\n<section class=\"languageChallengeSection\">\r\n    <div class=\"languageInfoWrapper\">\r\n        \r\n        <h1>Grammatika Finlandi\u017ca<\/h1>\r\n        <p>Lest biex tiskopri s-sigrieti tal-<a href=\"https:\/\/talkpal.ai\/learn-finnish\/\">Finlandi\u017c<\/a>? G\u0127addas fil-<a href=\"https:\/\/talkpal.ai\/finnish-grammar\/\">grammatika Finlandi\u017ca<\/a>, famu\u017ca g\u0127all-istruttura lo\u0121ika tag\u0127ha, l-armonija tal-vokali, u firxa impressjonanti ta &#039;ka\u017cijiet. Ibda titg\u0127allem illum &#8211; il-\u0127akma tal-<a href=\"https:\/\/talkpal.ai\/finnish-grammar\/\">grammatika Finlandi\u017ca<\/a> tag\u0127tik il-kunfidenza biex titkellem u tikkonnettja filwaqt li tifta\u0127 il-bieb g\u0127all-kultura u t-tradizzjonijiet rikki tal-Finlandja!<\/p>\r\n\r\n                            <a class=\"getStartedHidden\" href=\"https:\/\/app.talkpal.ai\/signup?lng=\">Ibda<\/a>\r\n        \r\n    <\/div>\r\n\r\n    <figure>\r\n    <img decoding=\"async\" width=\"768\" height=\"768\" src=\"https:\/\/talkpal.ai\/wp-content\/uploads\/2023\/06\/Finnish-768x768.png\" class=\"languageImage no-lazy\" alt=\"Develop your language aptitude learning\" fetchpriority=\"high\" sizes=\"(max-width: 768px) 150px, 768px\" srcset=\"https:\/\/talkpal.ai\/wp-content\/uploads\/2023\/06\/Finnish-768x768.png 768w, https:\/\/talkpal.ai\/wp-content\/uploads\/2023\/06\/Finnish-300x300.png 300w\" \/>\r\n    \r\n\r\n    <\/figure>\r\n\r\n            <a class=\"getStartedVisible\" href=\"https:\/\/app.talkpal.ai\/signup?lng=\">Ibda<\/a>\r\n    \r\n<\/section>\r\n<section class=\"promotionalBanner\">\r\n    <p class=\"promotionalText\">L-aktar mod effi\u010bjenti biex titg\u0127allem lingwa<\/p>\r\n    <a class=\"promotionalLink\" href=\"https:\/\/app.talkpal.ai\/signup?lng=\">Ipprova Talkpal b&#8217;xejn<\/a>\r\n<\/section>\n<div class=\"wp-block-group pageContainerStyle\"><div class=\"wp-block-group__inner-container is-layout-constrained wp-block-group-is-layout-constrained\">\n<h2 class=\"wp-block-heading\" id=\"h-finnish-grammar-a-guide-to-mastering-the-complexities-of-the-finnish-language\">Grammatika Finlandi\u017ca: Gwida g\u0127all-\u0126akma tal-Kumplessitajiet tal-Lingwa Finlandi\u017ca<\/h2>\n\n\n\n<p>Il-Finlandi\u017c, lingwa unika u affaxxinanti mitkellma minn madwar 5 miljun persuna, hija mag\u0127rufa g\u0127all-kumplessitajiet u s-sistema grammatikali distintiva tag\u0127ha. Mill-ewwel daqqa t&#8217;g\u0127ajn, ir-regoli u l-istrutturi fil-grammatika Finlandi\u017ca jistg\u0127u jidhru skora\u0121\u0121anti, imma tib\u017cax! Bil-pa\u010benzja, il-prattika u l-gwida, tista &#8216;ti\u017cvela l-misteri tal-grammatika Finlandi\u017ca u ttejjeb il-\u0127iliet lingwisti\u010bi tieg\u0127ek. F&#8217;dan l-artikolu, se nipprovdu \u0127arsa \u0121enerali lejn il-grammatika Finlandi\u017ca u naqsmu xi pariri biex il-vja\u0121\u0121 tat-tag\u0127lim tieg\u0127ek ikun aktar bla xkiel.<\/p>\n\n\n\n<h3 class=\"wp-block-heading\" id=\"h-the-basics-of-finnish-grammar\">Il-Ba\u017ci\u010bi tal-Grammatika Finlandi\u017ca:<\/h3>\n\n\n\n<p>Il-grammatika Finlandi\u017ca, pjuttost differenti mill-grammatika Ingli\u017ca, hija kkaratterizzata mill-u\u017cu rikk tag\u0127ha ta &#8216;ka\u017cijiet, nuqqas ta&#8217; \u0121eneru grammatikali, u sistema unika ta &#8216;konjugazzjoni tal-verb. Hawn huma xi aspetti essenzjali tal-grammatika Finlandi\u017ca li g\u0127andek tkun familjari mag\u0127hom:<\/p>\n\n\n\n<p><strong>1. Ka\u017cijiet ta &#8216;nom:<\/strong> Il-Finlandi\u017c g\u0127andu 15-il ka\u017c ta&#8217; nom, li jindika r-relazzjoni bejn nom u kostitwenti o\u0127ra ta &#8216;sentenza. Kull ka\u017c ta &#8216;nom g\u0127andu tmiem spe\u010bifiku li jitwa\u0127\u0127al ma\u017c-zokk tan-nom. Ftit e\u017cempji ta&#8217; ka\u017cijiet ta&#8217; nomi jinkludu nominativ, \u0121enittiv, akku\u017cativ, u partitiv.<\/p>\n\n\n\n<p><strong>2. L-ebda \u0121eneru grammatikali:<\/strong> B&#8217;differenza minn \u0127afna lingwi, il-Finlandi\u017c ma jassenjax is-sess lin-nomi. Minflok, il-lingwa tu\u017ca kelma wa\u0127da \u2013 h\u00e4n \u2013 biex tirreferi kemm g\u0127al &#8216;hu&#8217; kif ukoll g\u0127al &#8216;hi.&#8217; Din il-karatteristika tissimplifika l-pro\u010bess tat-tag\u0127lim tal-Finlandi\u017c u telimina l-\u0127tie\u0121a li ji\u0121u memorizzati artikli jew forom ta&#8217; pronomi tal-\u0121eneru.<\/p>\n\n\n\n<p><strong>3. Konjugazzjoni tal-verb<\/strong> : Il-verbi Finlandi\u017ci huma konjugati bba\u017cati fuq it-temp, il-burdata, u l-vu\u010bi. Hemm erba &#8216;tempijiet verbali bil-Finlandi\u017c: pre\u017cent, passat, perfett, u pluperfect. <a href=\"https:\/\/talkpal.ai\/locations\/language-courses-in-barra\/\">Barra<\/a> minn hekk, il-verbi Finlandi\u017ci g\u0127andhom \u0127ames burdati: indikattivi, kondizzjonali, potenzjali, imperattivi, u eventivi.<\/p>\n\n\n\n<p><strong>4. Armonija tal-vokali:<\/strong> Fil-Finlandi\u017c, il-vokali huma maqsuma fi tliet gruppi: quddiem (\u00e4, \u00f6, y), lura (a, o, u), u newtrali (i, e). Min\u0127abba l-armonija tal-vokali, il-vokali ta&#8217; quddiem u ta&#8217; wara tipikament ma jistg\u0127ux jidhru fl-istess kelma, \u0127lief g\u0127al kliem kompost u xi kliem misluf.<\/p>\n\n\n\n<h3 class=\"wp-block-heading\" id=\"h-strategies-for-learning-finnish-grammar\">Strate\u0121iji g\u0127at-Tag\u0127lim tal-Grammatika Finlandi\u017ca:<\/h3>\n\n\n\n<p>Understanding <a href=\"https:\/\/talkpal.ai\/grammar\/olla-kayda-in-finnish-grammar\/\">Finnish grammar<\/a> may seem overwhelming, but with the right mindset and <a href=\"https:\/\/talkpal.ai\/master-the-art-learn-how-to-learn-%d9%85%d8%aa%d8%b1%d8%ac%d9%85-for-effective-study-skills\/\">learning strategies<\/a>, you&#8217;ll be able to get the hang of it. Hawn huma xi pariri utli biex jiggwidaw l-istudju tieg\u0127ek:<\/p>\n\n\n\n<p><strong>1. \u0126u passi tat-trabi:<\/strong> Ibda bil-ba\u017ci\u010bi tal-grammatika Finlandi\u017ca, b\u0127al ka\u017cijiet ta &#8216;nomi u konjugazzjoni tal-verb. Billi tkisser regoli kumplessi f&#8217;bi\u010b\u010biet i\u017cg\u0127ar u di\u0121estibbli, tkun tista &#8216;timxi &#8216;l quddiem b&#8217;mod kostanti u tibni pedament b&#8217;sa\u0127\u0127tu.<\/p>\n\n\n\n<p><strong>2. Prattika regolarment:<\/strong> Il-konsistenza hija \u010b-\u010bavetta meta titg\u0127allem lingwa. Alloka \u0127in kuljum jew \u0121img\u0127a biex tipprattika l-grammatika permezz ta&#8217; e\u017cer\u010bizzji, qari, u kitba bil-Finlandi\u017c.<\/p>\n\n\n\n<p><strong>3. U\u017ca ri\u017corsi indi\u0121eni:<\/strong> Biex tikseb fehim a\u0127jar tal-grammatika Finlandi\u017ca fil-kuntest, g\u0127addas ru\u0127ek f&#8217;materjali indi\u0121eni, b\u0127al letteratura, artikli tal-a\u0127barijiet, u podcasts. Dan jg\u0127inek tinternalizza r-regoli u ttejjeb il-\u0127iliet tas-smig\u0127 u l-qari tieg\u0127ek.<\/p>\n\n\n\n<p><strong>4. Qabbad ma &#8216;kelliema nattivi:<\/strong> L-involviment f&#8217;konversazzjoni ma&#8217; kelliema nattivi Finlandi\u017ci huwa mod e\u010b\u010bellenti biex tipprattika l-grammatika u tir\u010bievi feedback siewi. Ikkunsidra li ting\u0127aqad ma&#8217; gruppi ta&#8217; skambju lingwistiku jew forums onlajn fejn tista&#8217; tikkonnettja ma&#8217; nies li jitkellmu bil-Finlandi\u017c.<\/p>\n\n\n\n<p><strong>5. Kun pa\u010benzju\u017c u persistenti:<\/strong> It-tag\u0127lim tal-grammatika Finlandi\u017ca huwa vja\u0121\u0121 ta &#8216;sfida, i\u017cda bil-pa\u010benzja u d-dedikazzjoni, int ser tifta\u0127 l-intricacies tag\u0127ha u ssir profi\u010bjenti fil-lingwa.<\/p>\n\n\n\n<h3 class=\"wp-block-heading\" id=\"h-conclusion\">Konklu\u017cjoni:<\/h3>\n\n\n\n<p>Id-dinja tal-grammatika Finlandi\u017ca, g\u0127alkemm kumplessa, hija wa\u0127da intriganti li tista &#8216;ti\u0121i \u017cvelata permezz ta&#8217; determinazzjoni u prattika. Billi ssir familjari mal-elementi ewlenin tal-grammatika Finlandi\u017ca u ssegwi l-istrate\u0121iji tat-tag\u0127lim tag\u0127na, int ser twitti t-triq lejn il-\u0127effa u apprezzament aktar profond ta &#8216;din il-lingwa captivating. Allura, g\u0127addas fil-kumplessitajiet tal-grammatika Finlandi\u017ca b&#8217;mentalit\u00e0 po\u017cittiva, u qabel ma tkun taf, tkun qed tinnaviga b&#8217;kunfidenza fil-pajsa\u0121\u0121 lingwistiku ta &#8216;Suomi!<\/p>\n<\/div><\/div>\n\r\n<section class=\"learnNavigationSection\">\r\n            \r\n        <a href=\"https:\/\/talkpal.ai\/mt\/tghallem-il-finlandiz\/\">\r\n            <div class=\"learnNavigationWrapper\">\r\n                <div class=\"learnNavigationContent\">\r\n                    <img decoding=\"async\" src=\"https:\/\/talkpal.ai\/wp-content\/uploads\/2024\/08\/Finnish.jpg\" alt=\"Finnish Flag\">\r\n                    <div>\r\n                        <h4>Dwar it-Tag\u0127lim Finlandi\u017c<\/h4>\r\n                        <p>Sir af kollox dwar il-grammatika Finlandi\u017ca.<\/p>\r\n                    <\/div>\r\n                <\/div>\r\n            <\/div>\r\n        <\/a>\r\n\r\n        \r\n        <a href=\"https:\/\/talkpal.ai\/mt\/ezercizzji-tal-grammatika-finlandiza\/\">\r\n            <div class=\"learnNavigationWrapper\">\r\n                <div class=\"learnNavigationContent\">\r\n                    <img decoding=\"async\" src=\"https:\/\/talkpal.ai\/wp-content\/uploads\/2024\/08\/Finnish.jpg\" alt=\"Finnish Flag\">\r\n                    <div>\r\n                        <h4>E\u017cer\u010bizzju tal-Grammatika Finlandi\u017ca<\/h4>\r\n                        <p>Ipprattika l-grammatika Finlandi\u017ca.<\/p>\r\n                    <\/div>\r\n                <\/div>\r\n            <\/div>\r\n        <\/a>\r\n\r\n        \r\n        <a href=\"https:\/\/talkpal.ai\/vocabulary_language\/finnish\/\">\r\n            <div class=\"learnNavigationWrapper\">\r\n                <div class=\"learnNavigationContent\">\r\n                    <img decoding=\"async\" src=\"https:\/\/talkpal.ai\/wp-content\/uploads\/2024\/08\/Finnish.jpg\" alt=\"Finnish Flag\">\r\n                    <div>\r\n                        <h4>Vokabularju Finlandi\u017c<\/h4>\r\n                        <p>Espandi l-vokabularju Finlandi\u017c tieg\u0127ek.<\/p>\r\n                    <\/div>\r\n                <\/div>\r\n            <\/div>\r\n        <\/a>\r\n\r\n            <\/section>","protected":false},"excerpt":{"rendered":"<p>Grammatika Finlandi\u017ca: Gwida g\u0127all-\u0126akma tal-Kumplessitajiet tal-Lingwa Finlandi\u017ca Il-Finlandi\u017c, lingwa unika u affaxxinanti mitkellma minn madwar 5 miljun persuna, hija mag\u0127rufa g\u0127all-kumplessitajiet u s-sistema grammatikali distintiva tag\u0127ha. Mill-ewwel daqqa t&#8217;g\u0127ajn, ir-regoli u l-istrutturi fil-grammatika Finlandi\u017ca jistg\u0127u jidhru skora\u0121\u0121anti, imma tib\u017cax! Bil-pa\u010benzja, il-prattika u l-gwida, tista &#8216;ti\u017cvela l-misteri tal-grammatika Finlandi\u017ca u ttejjeb il-\u0127iliet lingwisti\u010bi tieg\u0127ek. F&#8217;dan l-artikolu, [&hellip;]<\/p>\n","protected":false},"author":1,"featured_media":1441450,"parent":0,"menu_order":0,"comment_status":"closed","ping_status":"closed","template":"LearningContentPage.php","meta":{"_acf_changed":false,"footnotes":""},"class_list":["post-1443362","page","type-page","status-publish","has-post-thumbnail","hentry"],"acf":[],"yoast_head":"<!-- This site is optimized with the Yoast SEO Premium plugin v27.2 (Yoast SEO v27.2) - https:\/\/yoast.com\/product\/yoast-seo-premium-wordpress\/ -->\n<title>Grammatika Finlandi\u017ca - Talkpal<\/title>\n<meta name=\"description\" content=\"Tg\u0127allem aspetti essenzjali tal-grammatika Finlandi\u017ca, inklu\u017ci ka\u017cijiet, verbi, struttura tas-sentenza, u pariri dwar il-pronunzja g\u0127all-\u0127akma tal-lingwa Finlandi\u017ca.\" \/>\n<meta name=\"robots\" content=\"index, follow, max-snippet:-1, max-image-preview:large, max-video-preview:-1\" \/>\n<link rel=\"canonical\" href=\"https:\/\/talkpal.ai\/mt\/grammatika-finlandiza\/\" \/>\n<meta property=\"og:locale\" content=\"mt_MT\" \/>\n<meta property=\"og:type\" content=\"article\" \/>\n<meta property=\"og:title\" content=\"Grammatika Finlandi\u017ca\" \/>\n<meta property=\"og:description\" content=\"Grammatika Finlandi\u017ca: Gwida g\u0127all-\u0126akma tal-Kumplessitajiet tal-Lingwa Finlandi\u017ca Il-Finlandi\u017c, lingwa unika u affaxxinanti mitkellma minn madwar 5\" \/>\n<meta property=\"og:url\" content=\"https:\/\/talkpal.ai\/mt\/grammatika-finlandiza\/\" \/>\n<meta property=\"og:site_name\" content=\"Talkpal\" \/>\n<meta property=\"article:publisher\" content=\"https:\/\/www.facebook.com\/profile.php?id=100090733639311\" \/>\n<meta property=\"article:modified_time\" content=\"2025-12-11T17:06:10+00:00\" \/>\n<meta property=\"og:image\" content=\"https:\/\/talkpal.ai\/wp-content\/uploads\/2023\/04\/finland.png\" \/>\n\t<meta property=\"og:image:width\" content=\"512\" \/>\n\t<meta property=\"og:image:height\" content=\"512\" \/>\n\t<meta property=\"og:image:type\" content=\"image\/png\" \/>\n<meta name=\"twitter:card\" content=\"summary_large_image\" \/>\n<meta name=\"twitter:site\" content=\"@talkpalai\" \/>\n<meta name=\"twitter:label1\" content=\"Est. reading time\" \/>\n\t<meta name=\"twitter:data1\" content=\"3 minutes\" \/>\n<script type=\"application\/ld+json\" class=\"yoast-schema-graph\">{\"@context\":\"https:\/\/schema.org\",\"@graph\":[{\"@type\":\"WebPage\",\"@id\":\"https:\/\/talkpal.ai\/mt\/grammatika-finlandiza\/\",\"url\":\"https:\/\/talkpal.ai\/mt\/grammatika-finlandiza\/\",\"name\":\"Grammatika Finlandi\u017ca - Talkpal\",\"isPartOf\":{\"@id\":\"https:\/\/talkpal.ai\/mt\/#website\"},\"primaryImageOfPage\":{\"@id\":\"https:\/\/talkpal.ai\/mt\/grammatika-finlandiza\/#primaryimage\"},\"image\":{\"@id\":\"https:\/\/talkpal.ai\/mt\/grammatika-finlandiza\/#primaryimage\"},\"thumbnailUrl\":\"https:\/\/talkpal.ai\/wp-content\/uploads\/2023\/04\/finland.png\",\"datePublished\":\"2023-05-14T13:50:21+00:00\",\"dateModified\":\"2025-12-11T17:06:10+00:00\",\"description\":\"Tg\u0127allem aspetti essenzjali tal-grammatika Finlandi\u017ca, inklu\u017ci ka\u017cijiet, verbi, struttura tas-sentenza, u pariri dwar il-pronunzja g\u0127all-\u0127akma tal-lingwa Finlandi\u017ca.\",\"breadcrumb\":{\"@id\":\"https:\/\/talkpal.ai\/mt\/grammatika-finlandiza\/#breadcrumb\"},\"inLanguage\":\"mt-MT\",\"potentialAction\":[{\"@type\":\"ReadAction\",\"target\":[\"https:\/\/talkpal.ai\/mt\/grammatika-finlandiza\/\"]}]},{\"@type\":\"ImageObject\",\"inLanguage\":\"mt-MT\",\"@id\":\"https:\/\/talkpal.ai\/mt\/grammatika-finlandiza\/#primaryimage\",\"url\":\"https:\/\/talkpal.ai\/wp-content\/uploads\/2023\/04\/finland.png\",\"contentUrl\":\"https:\/\/talkpal.ai\/wp-content\/uploads\/2023\/04\/finland.png\",\"width\":512,\"height\":512,\"caption\":\"TalkPal Catalan Flag\"},{\"@type\":\"BreadcrumbList\",\"@id\":\"https:\/\/talkpal.ai\/mt\/grammatika-finlandiza\/#breadcrumb\",\"itemListElement\":[{\"@type\":\"ListItem\",\"position\":1,\"name\":\"Homepage\",\"item\":\"https:\/\/talkpal.ai\/mt\/\"},{\"@type\":\"ListItem\",\"position\":2,\"name\":\"Grammatika Finlandi\u017ca\"}]},{\"@type\":\"WebSite\",\"@id\":\"https:\/\/talkpal.ai\/mt\/#website\",\"url\":\"https:\/\/talkpal.ai\/mt\/\",\"name\":\"Talkpal\",\"description\":\"AI Language Learning\",\"publisher\":{\"@id\":\"https:\/\/talkpal.ai\/mt\/#organization\"},\"alternateName\":\"Talkpal AI\",\"potentialAction\":[{\"@type\":\"SearchAction\",\"target\":{\"@type\":\"EntryPoint\",\"urlTemplate\":\"https:\/\/talkpal.ai\/mt\/?s={search_term_string}\"},\"query-input\":{\"@type\":\"PropertyValueSpecification\",\"valueRequired\":true,\"valueName\":\"search_term_string\"}}],\"inLanguage\":\"mt-MT\"},{\"@type\":\"Organization\",\"@id\":\"https:\/\/talkpal.ai\/mt\/#organization\",\"name\":\"Talkpal, Inc.\",\"alternateName\":\"Talkpal AI\",\"url\":\"https:\/\/talkpal.ai\/mt\/\",\"logo\":{\"@type\":\"ImageObject\",\"inLanguage\":\"mt-MT\",\"@id\":\"https:\/\/talkpal.ai\/mt\/#\/schema\/logo\/image\/\",\"url\":\"https:\/\/talkpal.ai\/wp-content\/uploads\/2024\/03\/Talkpal-Logo-Icon.png\",\"contentUrl\":\"https:\/\/talkpal.ai\/wp-content\/uploads\/2024\/03\/Talkpal-Logo-Icon.png\",\"width\":2880,\"height\":2880,\"caption\":\"Talkpal, Inc.\"},\"image\":{\"@id\":\"https:\/\/talkpal.ai\/mt\/#\/schema\/logo\/image\/\"},\"sameAs\":[\"https:\/\/www.facebook.com\/profile.php?id=100090733639311\",\"https:\/\/x.com\/talkpalai\",\"https:\/\/www.linkedin.com\/company\/talkpal\/\",\"https:\/\/www.youtube.com\/@TalkPal\/\",\"https:\/\/www.tiktok.com\/@talkpal\",\"https:\/\/www.instagram.com\/talkpal_ai\/\",\"https:\/\/www.crunchbase.com\/organization\/talkpal-9cde\",\"https:\/\/www.g2.com\/products\/talkpal-for-business\/\",\"https:\/\/www.trustpilot.com\/review\/talkpal.ai\",\"https:\/\/www.capterra.com\/p\/10006800\/TalkPal\/\"],\"description\":\"Talkpal is a language learning web and mobile education app, powered by the latest AI technologies, that provides engaging experiences to its customers in many different languages to help them improve their language skills. Users can chat about unlimited amount of topics with the app and use other modes to practice their language learning.\",\"email\":\"support@talkpal.ai\",\"legalName\":\"Talkpal, Inc.\",\"foundingDate\":\"2023-04-03\",\"duns\":\"118989042\",\"numberOfEmployees\":{\"@type\":\"QuantitativeValue\",\"minValue\":\"11\",\"maxValue\":\"50\"},\"publishingPrinciples\":\"https:\/\/talkpal.ai\/publishing-principles\/\",\"actionableFeedbackPolicy\":\"https:\/\/talkpal.ai\/actionable-feedback-policy\/\",\"correctionsPolicy\":\"https:\/\/talkpal.ai\/corrections-policy\/\",\"ethicsPolicy\":\"https:\/\/talkpal.ai\/ethics-policy\/\",\"diversityPolicy\":\"https:\/\/talkpal.ai\/diversity-policy\/\",\"diversityStaffingReport\":\"https:\/\/talkpal.ai\/diversity-policy\/\"}]}<\/script>\n<!-- \/ Yoast SEO Premium plugin. -->","yoast_head_json":{"title":"Grammatika Finlandi\u017ca - Talkpal","description":"Tg\u0127allem aspetti essenzjali tal-grammatika Finlandi\u017ca, inklu\u017ci ka\u017cijiet, verbi, struttura tas-sentenza, u pariri dwar il-pronunzja g\u0127all-\u0127akma tal-lingwa Finlandi\u017ca.","robots":{"index":"index","follow":"follow","max-snippet":"max-snippet:-1","max-image-preview":"max-image-preview:large","max-video-preview":"max-video-preview:-1"},"canonical":"https:\/\/talkpal.ai\/mt\/grammatika-finlandiza\/","og_locale":"mt_MT","og_type":"article","og_title":"Grammatika Finlandi\u017ca","og_description":"Grammatika Finlandi\u017ca: Gwida g\u0127all-\u0126akma tal-Kumplessitajiet tal-Lingwa Finlandi\u017ca Il-Finlandi\u017c, lingwa unika u affaxxinanti mitkellma minn madwar 5","og_url":"https:\/\/talkpal.ai\/mt\/grammatika-finlandiza\/","og_site_name":"Talkpal","article_publisher":"https:\/\/www.facebook.com\/profile.php?id=100090733639311","article_modified_time":"2025-12-11T17:06:10+00:00","og_image":[{"width":512,"height":512,"url":"https:\/\/talkpal.ai\/wp-content\/uploads\/2023\/04\/finland.png","type":"image\/png"}],"twitter_card":"summary_large_image","twitter_site":"@talkpalai","twitter_misc":{"Est. reading time":"3 minutes"},"schema":{"@context":"https:\/\/schema.org","@graph":[{"@type":"WebPage","@id":"https:\/\/talkpal.ai\/mt\/grammatika-finlandiza\/","url":"https:\/\/talkpal.ai\/mt\/grammatika-finlandiza\/","name":"Grammatika Finlandi\u017ca - Talkpal","isPartOf":{"@id":"https:\/\/talkpal.ai\/mt\/#website"},"primaryImageOfPage":{"@id":"https:\/\/talkpal.ai\/mt\/grammatika-finlandiza\/#primaryimage"},"image":{"@id":"https:\/\/talkpal.ai\/mt\/grammatika-finlandiza\/#primaryimage"},"thumbnailUrl":"https:\/\/talkpal.ai\/wp-content\/uploads\/2023\/04\/finland.png","datePublished":"2023-05-14T13:50:21+00:00","dateModified":"2025-12-11T17:06:10+00:00","description":"Tg\u0127allem aspetti essenzjali tal-grammatika Finlandi\u017ca, inklu\u017ci ka\u017cijiet, verbi, struttura tas-sentenza, u pariri dwar il-pronunzja g\u0127all-\u0127akma tal-lingwa Finlandi\u017ca.","breadcrumb":{"@id":"https:\/\/talkpal.ai\/mt\/grammatika-finlandiza\/#breadcrumb"},"inLanguage":"mt-MT","potentialAction":[{"@type":"ReadAction","target":["https:\/\/talkpal.ai\/mt\/grammatika-finlandiza\/"]}]},{"@type":"ImageObject","inLanguage":"mt-MT","@id":"https:\/\/talkpal.ai\/mt\/grammatika-finlandiza\/#primaryimage","url":"https:\/\/talkpal.ai\/wp-content\/uploads\/2023\/04\/finland.png","contentUrl":"https:\/\/talkpal.ai\/wp-content\/uploads\/2023\/04\/finland.png","width":512,"height":512,"caption":"TalkPal Catalan Flag"},{"@type":"BreadcrumbList","@id":"https:\/\/talkpal.ai\/mt\/grammatika-finlandiza\/#breadcrumb","itemListElement":[{"@type":"ListItem","position":1,"name":"Homepage","item":"https:\/\/talkpal.ai\/mt\/"},{"@type":"ListItem","position":2,"name":"Grammatika Finlandi\u017ca"}]},{"@type":"WebSite","@id":"https:\/\/talkpal.ai\/mt\/#website","url":"https:\/\/talkpal.ai\/mt\/","name":"Talkpal","description":"AI Language Learning","publisher":{"@id":"https:\/\/talkpal.ai\/mt\/#organization"},"alternateName":"Talkpal AI","potentialAction":[{"@type":"SearchAction","target":{"@type":"EntryPoint","urlTemplate":"https:\/\/talkpal.ai\/mt\/?s={search_term_string}"},"query-input":{"@type":"PropertyValueSpecification","valueRequired":true,"valueName":"search_term_string"}}],"inLanguage":"mt-MT"},{"@type":"Organization","@id":"https:\/\/talkpal.ai\/mt\/#organization","name":"Talkpal, Inc.","alternateName":"Talkpal AI","url":"https:\/\/talkpal.ai\/mt\/","logo":{"@type":"ImageObject","inLanguage":"mt-MT","@id":"https:\/\/talkpal.ai\/mt\/#\/schema\/logo\/image\/","url":"https:\/\/talkpal.ai\/wp-content\/uploads\/2024\/03\/Talkpal-Logo-Icon.png","contentUrl":"https:\/\/talkpal.ai\/wp-content\/uploads\/2024\/03\/Talkpal-Logo-Icon.png","width":2880,"height":2880,"caption":"Talkpal, Inc."},"image":{"@id":"https:\/\/talkpal.ai\/mt\/#\/schema\/logo\/image\/"},"sameAs":["https:\/\/www.facebook.com\/profile.php?id=100090733639311","https:\/\/x.com\/talkpalai","https:\/\/www.linkedin.com\/company\/talkpal\/","https:\/\/www.youtube.com\/@TalkPal\/","https:\/\/www.tiktok.com\/@talkpal","https:\/\/www.instagram.com\/talkpal_ai\/","https:\/\/www.crunchbase.com\/organization\/talkpal-9cde","https:\/\/www.g2.com\/products\/talkpal-for-business\/","https:\/\/www.trustpilot.com\/review\/talkpal.ai","https:\/\/www.capterra.com\/p\/10006800\/TalkPal\/"],"description":"Talkpal is a language learning web and mobile education app, powered by the latest AI technologies, that provides engaging experiences to its customers in many different languages to help them improve their language skills. Users can chat about unlimited amount of topics with the app and use other modes to practice their language learning.","email":"support@talkpal.ai","legalName":"Talkpal, Inc.","foundingDate":"2023-04-03","duns":"118989042","numberOfEmployees":{"@type":"QuantitativeValue","minValue":"11","maxValue":"50"},"publishingPrinciples":"https:\/\/talkpal.ai\/publishing-principles\/","actionableFeedbackPolicy":"https:\/\/talkpal.ai\/actionable-feedback-policy\/","correctionsPolicy":"https:\/\/talkpal.ai\/corrections-policy\/","ethicsPolicy":"https:\/\/talkpal.ai\/ethics-policy\/","diversityPolicy":"https:\/\/talkpal.ai\/diversity-policy\/","diversityStaffingReport":"https:\/\/talkpal.ai\/diversity-policy\/"}]}},"_links":{"self":[{"href":"https:\/\/talkpal.ai\/mt\/wp-json\/wp\/v2\/pages\/1443362","targetHints":{"allow":["GET"]}}],"collection":[{"href":"https:\/\/talkpal.ai\/mt\/wp-json\/wp\/v2\/pages"}],"about":[{"href":"https:\/\/talkpal.ai\/mt\/wp-json\/wp\/v2\/types\/page"}],"author":[{"embeddable":true,"href":"https:\/\/talkpal.ai\/mt\/wp-json\/wp\/v2\/users\/1"}],"replies":[{"embeddable":true,"href":"https:\/\/talkpal.ai\/mt\/wp-json\/wp\/v2\/comments?post=1443362"}],"version-history":[{"count":0,"href":"https:\/\/talkpal.ai\/mt\/wp-json\/wp\/v2\/pages\/1443362\/revisions"}],"wp:featuredmedia":[{"embeddable":true,"href":"https:\/\/talkpal.ai\/mt\/wp-json\/wp\/v2\/media\/1441450"}],"wp:attachment":[{"href":"https:\/\/talkpal.ai\/mt\/wp-json\/wp\/v2\/media?parent=1443362"}],"curies":[{"name":"wp","href":"https:\/\/api.w.org\/{rel}","templated":true}]}}