{"id":1443355,"date":"2023-05-14T13:50:44","date_gmt":"2023-05-14T13:50:44","guid":{"rendered":"https:\/\/talkpal.ai\/grammatika-hindi\/"},"modified":"2025-12-13T14:59:49","modified_gmt":"2025-12-13T14:59:49","slug":"grammatika-hindi","status":"publish","type":"page","link":"https:\/\/talkpal.ai\/mt\/grammatika-hindi\/","title":{"rendered":"Grammatika \u0126indi"},"content":{"rendered":"\r\n\r\n\r\n<section class=\"languageChallengeSection\">\r\n    <div class=\"languageInfoWrapper\">\r\n        \r\n        <h1>Grammatika \u0126indi<\/h1>\r\n        <p>Lest biex titg\u0127allem il-\u0126indi? G\u0127addas fil-grammatika <a href=\"https:\/\/talkpal.ai\/learn-hindi\/\">\u0126indi<\/a>, fejn nomi tal-\u0121eneru, struttura ta &#039;sentenza su\u0121\u0121ett-o\u0121\u0121ett-verb, u konjugazzjonijiet ta&#039; verbi espressivi jag\u0127tu l-\u0127ajja lill-lingwa. Ibda l-vja\u0121\u0121 \u0126indi tieg\u0127ek illum &#8211; il-\u0127akma tal-grammatika tag\u0127ha tag\u0127tik is-setg\u0127a li tikkomunika b&#039;kunfidenza u tikkonnettja mal-kultura u t-tradizzjonijiet vibranti tal-Indja!<\/p>\r\n\r\n                            <a class=\"getStartedHidden\" href=\"https:\/\/app.talkpal.ai\/signup?lng=\">Ibda<\/a>\r\n        \r\n    <\/div>\r\n\r\n    <figure>\r\n    <img decoding=\"async\" width=\"768\" height=\"768\" src=\"https:\/\/talkpal.ai\/wp-content\/uploads\/2023\/06\/hindi-768x768.png\" class=\"languageImage no-lazy\" alt=\"Language learning for mental agility\" fetchpriority=\"high\" sizes=\"(max-width: 768px) 150px, 768px\" srcset=\"https:\/\/talkpal.ai\/wp-content\/uploads\/2023\/06\/hindi-768x768.png 768w, https:\/\/talkpal.ai\/wp-content\/uploads\/2023\/06\/hindi-300x300.png 300w\" \/>\r\n    \r\n\r\n    <\/figure>\r\n\r\n            <a class=\"getStartedVisible\" href=\"https:\/\/app.talkpal.ai\/signup?lng=\">Ibda<\/a>\r\n    \r\n<\/section>\r\n<section class=\"promotionalBanner\">\r\n    <p class=\"promotionalText\">L-aktar mod effi\u010bjenti biex titg\u0127allem lingwa<\/p>\r\n    <a class=\"promotionalLink\" href=\"https:\/\/app.talkpal.ai\/signup?lng=\">Ipprova Talkpal b&#8217;xejn<\/a>\r\n<\/section>\n<div class=\"wp-block-group pageContainerStyle\"><div class=\"wp-block-group__inner-container is-layout-constrained wp-block-group-is-layout-constrained\">\n<h2 class=\"wp-block-heading\" id=\"h-mastering-hindi-grammar-your-ultimate-guide\">\u0126akma tal-Grammatika tal-\u0126indi: Il-Gwida A\u0127\u0127arija Tieg\u0127ek<\/h2>\n\n\n\n<p>Namaste, dilettanti tal-lingwa! Int lest li tesplora d-dinja tal-grammatika Hindi? Int \u0121ejt fil-post it-tajjeb. Filled with easy-to-understand information and a conversational tone, this article will guide you through the charming realm of <a href=\"https:\/\/talkpal.ai\/pl\/naucz-sie-hindi\/\">Hindi grammar<\/a>. Dalwaqt, tkun tista &#8216;tibni sentenzi u jkollok konversazzjonijiet sinifikanti ma&#8217; kelliema nattivi. Allura, ejja nid\u0127lu dritt!<\/p>\n\n\n\n<p><strong>Imma l-ewwel, g\u0127aliex il-grammatika Hindi?<\/strong><\/p>\n\n\n\n<p>Jekk qed titg\u0127allem il-\u0126indi, pedament b&#8217;sa\u0127\u0127tu fil-grammatika huwa kru\u010bjali biex titkellem, taqra u tikteb b&#8217;mod fluwenti. Filwaqt li l-grammatika Hindi tista &#8216;inizjalment tidher kumplessa, issir aktar a\u010b\u010bessibbli meta maqsuma f&#8217;segmenti i\u017cg\u0127ar, mani\u0121\u0121abbli. Dan l-artikolu se jkun il-post perfett biex tibda l-vja\u0121\u0121 tieg\u0127ek lejn il-\u0127akma tal-grammatika Hindi!<\/p>\n\n\n\n<h3 class=\"wp-block-heading\" id=\"h-1-nouns-gender-and-cases\">1. Nomi, sess, u ka\u017cijiet<\/h3>\n\n\n\n<p>In-nomi \u0126indi ji\u0121u f&#8217;\u017cew\u0121 \u0121eneri: maskili u femminili. Huwa importanti li tidentifika l-\u0121eneru tan-nomi peress li dan jinfluwenza partijiet o\u0127ra tad-diskors, b\u0127al a\u0121\u0121ettivi u verbi.  <\/p>\n\n\n\n<p>Regola sempli\u010bi: jekk nom jispi\u010b\u010ba f'&#8221;-aa,&#8221; (&#8220;\u0906&#8221;) \u0121eneralment huwa maskili filwaqt li nom li jispi\u010b\u010ba f'&#8221;-ii&#8221; (&#8220;\u0908&#8221;) huwa \u0121eneralment femminili. Imma ftakar &#8211; b\u0127al dejjem, je\u017cistu e\u010b\u010bezzjonijiet!  <\/p>\n\n\n\n<p>In-nomi \u0126indi jie\u0127du forom differenti skont ir-rwol tag\u0127hom f&#8217;sentenza (su\u0121\u0121ett, o\u0121\u0121ett, possessiv, e\u010b\u010b.). Dawn il-formoli jissej\u0127u ka\u017cijiet. Il-ka\u017cijiet primarji fil-\u0126indi huma diretti (&#8220;\u0906\u092e \u0915\u094d\u0930\u092e&#8221;), oblikwi (&#8220;\u0909\u092a \u0935\u093f\u0932\u094b\u092e&#8221;), u vokattivi (&#8220;\u0938\u0902\u092c\u094b\u0927\u0928&#8221;).<\/p>\n\n\n\n<h3 class=\"wp-block-heading\" id=\"h-2-pronouns-and-agreement\">2. Pronomi u ftehim<\/h3>\n\n\n\n<p>Il-pronomi \u0126indi (jien, int, hu, hi, e\u010b\u010b.) jinbidlu skont is-sess u l-\u0121erarkija. Pere\u017cempju: \u092e\u0948\u0902 (prin\u010bipali &#8211; I), \u0924\u0941\u092e (tum &#8211; int, informali), \u0906\u092a (aap &#8211; int, formali), \u0935\u0939 (vah &#8211; hu \/ hi), \u0939\u092e (hum &#8211; a\u0127na), u \u0935\u0947 (ve &#8211; hum).  <\/p>\n\n\n\n<p>Huwa essenzjali li tkun konxju tal-\u0121erarkija meta tu\u017ca pronomi. Pere\u017cempju, filwaqt li &#8220;\u0924\u0941\u092e&#8221; jista &#8216;jkun xieraq fost il-\u0127bieb, l-u\u017cu ta&#8217; &#8220;\u0906\u092a&#8221; juri rispett meta tindirizza <a href=\"https:\/\/talkpal.ai\/talkpal-discount-for-seniors\/\">anzjani<\/a> jew barranin.<\/p>\n\n\n\n<h3 class=\"wp-block-heading\" id=\"h-3-verbs-tense-and-conjugation\">3. Verbi, temp, u konjugazzjoni<\/h3>\n\n\n\n<p>Il-verbi jiffurmaw is-sinsla tal-grammatika Hindi, u l-fehim tag\u0127hom huwa vitali g\u0127all-bini ta &#8216;sentenzi. Il-verbi \u0126indi huma kategorizzati b&#8217;mod wiesa&#8217; b\u0127ala transitivi (&#8220;\u0938\u0915\u0930\u094d\u092e\u0915&#8221;) u intransitivi (&#8220;\u0905\u0915\u0930\u094d\u092e\u0915&#8221;), b&#8217;regoli differenti ta&#8217; konjugazzjoni g\u0127al kull wie\u0127ed.  <\/p>\n\n\n\n<p>Biex nag\u0127tuk \u0127arsa \u0121enerali ta &#8216;malajr, ejja niddiskutu l-konjugazzjoni pre\u017centi ta&#8217; verbi regolari:<\/p>\n\n\n\n<p>\u2013 \u092e\u0948\u0902 \u092a\u0922\u093c\u0924\u093e \u0939\u0942\u0901 (main padhta hoon \u2013 I read, maskili)<\/p>\n\n\n\n<p>\u2013 \u092e\u0948\u0902 \u092a\u0922\u093c\u0924\u0940 \u0939\u0942\u0901 (main padhti hoon \u2013 I read, femminili)<\/p>\n\n\n\n<p>\u2013 \u0924\u0941\u092e \u092a\u0922\u093c\u0924\u0947 \u0939\u094b (tum padhte ho \u2013 inti taqra, informali, maskili)<\/p>\n\n\n\n<p>\u2013 \u0924\u0941\u092e \u092a\u0922\u093c\u0924\u0940 \u0939\u094b (tum padhti ho \u2013 inti taqra, informali, femminili)<\/p>\n\n\n\n<p>Ftakar, dan huwa biss il-bidu! Hemm \u0127afna tempi u verbi irregolari biex jikkontrollaw, i\u017cda kull pass \u0121did i\u0121ibek eqreb lejn il-fluwenza.<\/p>\n\n\n\n<h3 class=\"wp-block-heading\" id=\"h-4-adjectives-adverbs-and-more\">4. A\u0121\u0121ettivi, avverbji, u aktar!<\/h3>\n\n\n\n<p>Il-grammatika tal-\u0126indi tinkludi komponenti o\u0127ra b\u0127al a\u0121\u0121ettivi (li g\u0127andhom jaqblu man-nomi fis-sess u n-numru), avverbji, prepo\u017cizzjonijiet, u espressjonijiet idjomati\u010bi. Kull element huwa \u010b-\u010bavetta biex issir fluwenti fil-Hindi, g\u0127alhekk indirizzahom pass kull darba.<\/p>\n\n\n\n<p>B\u0127ala konklu\u017cjoni, m&#8217;hemm l-ebda shortcut biex tikkontrolla l-grammatika Hindi. Je\u0127tie\u0121 persistenza, prattika u pa\u010benzja. Madankollu, ladarba taqbadha, tkun tista &#8216;tapprezza l-isfumaturi ta&#8217; conversing bil-Hindi, tikxef il-kultura u l-istorja rikka, u tapprofondixxi l-im\u0127abba tieg\u0127ek g\u0127all-lingwa. \u0936\u0941\u092d\u0915\u093e\u092e\u0928\u093e\u090f\u0901 (shubhkaamnaayein &#8211; l-isba\u0127 xewqat)!<\/p>\n<\/div><\/div>\n\r\n<section class=\"learnNavigationSection\">\r\n            \r\n        <a href=\"https:\/\/talkpal.ai\/mt\/tghallem-hindi\/\">\r\n            <div class=\"learnNavigationWrapper\">\r\n                <div class=\"learnNavigationContent\">\r\n                    <img decoding=\"async\" src=\"https:\/\/talkpal.ai\/wp-content\/uploads\/2024\/08\/Hindi.jpg\" alt=\"Indian Flag\">\r\n                    <div>\r\n                        <h4>Dwar it-Tag\u0127lim tal-\u0126indi<\/h4>\r\n                        <p>Sir af kollox dwar il-grammatika tal-\u0126indi.<\/p>\r\n                    <\/div>\r\n                <\/div>\r\n            <\/div>\r\n        <\/a>\r\n\r\n        \r\n        <a href=\"https:\/\/talkpal.ai\/mt\/ezercizzji-tal-grammatika-hindi\/\">\r\n            <div class=\"learnNavigationWrapper\">\r\n                <div class=\"learnNavigationContent\">\r\n                    <img decoding=\"async\" src=\"https:\/\/talkpal.ai\/wp-content\/uploads\/2024\/08\/Hindi.jpg\" alt=\"Indian Flag\">\r\n                    <div>\r\n                        <h4>E\u017cer\u010bizzju tal-Grammatika tal-\u0126indi<\/h4>\r\n                        <p>Prattika l-grammatika tal-\u0126indi.<\/p>\r\n                    <\/div>\r\n                <\/div>\r\n            <\/div>\r\n        <\/a>\r\n\r\n        \r\n        <a href=\"https:\/\/talkpal.ai\/vocabulary_language\/hindi\/\">\r\n            <div class=\"learnNavigationWrapper\">\r\n                <div class=\"learnNavigationContent\">\r\n                    <img decoding=\"async\" src=\"https:\/\/talkpal.ai\/wp-content\/uploads\/2024\/08\/Hindi.jpg\" alt=\"Indian Flag\">\r\n                    <div>\r\n                        <h4>Vokabularju tal-\u0126indi<\/h4>\r\n                        <p>Espandi l-vokabularju Hindi tieg\u0127ek.<\/p>\r\n                    <\/div>\r\n                <\/div>\r\n            <\/div>\r\n        <\/a>\r\n\r\n            <\/section>","protected":false},"excerpt":{"rendered":"<p>\u0126akma tal-Grammatika tal-\u0126indi: Il-Gwida A\u0127\u0127arija Tieg\u0127ek Namaste, dilettanti tal-lingwa! Int lest li tesplora d-dinja tal-grammatika Hindi? Int \u0121ejt fil-post it-tajjeb. Filled with easy-to-understand information and a conversational tone, this article will guide you through the charming realm of Hindi grammar. Dalwaqt, tkun tista &#8216;tibni sentenzi u jkollok konversazzjonijiet sinifikanti ma&#8217; kelliema nattivi. Allura, ejja nid\u0127lu [&hellip;]<\/p>\n","protected":false},"author":1,"featured_media":1441461,"parent":0,"menu_order":0,"comment_status":"closed","ping_status":"closed","template":"LearningContentPage.php","meta":{"_acf_changed":false,"footnotes":""},"class_list":["post-1443355","page","type-page","status-publish","has-post-thumbnail","hentry"],"acf":[],"yoast_head":"<!-- This site is optimized with the Yoast SEO Premium plugin v27.2 (Yoast SEO v27.2) - https:\/\/yoast.com\/product\/yoast-seo-premium-wordpress\/ -->\n<title>Grammatika \u0126indi - Talkpal<\/title>\n<meta name=\"description\" content=\"Kaptan il-grammatika tal-\u0126indi b&#039;kunfidenza - tg\u0127allem regoli \u010bari, tifforma sentenzi korretti, u titkellem a\u0127jar bi gwida fa\u010bli minn TalkPal AI.\" \/>\n<meta name=\"robots\" content=\"index, follow, max-snippet:-1, max-image-preview:large, max-video-preview:-1\" \/>\n<link rel=\"canonical\" href=\"https:\/\/talkpal.ai\/mt\/grammatika-hindi\/\" \/>\n<meta property=\"og:locale\" content=\"mt_MT\" \/>\n<meta property=\"og:type\" content=\"article\" \/>\n<meta property=\"og:title\" content=\"Grammatika \u0126indi\" \/>\n<meta property=\"og:description\" content=\"\u0126akma tal-Grammatika tal-\u0126indi: Il-Gwida A\u0127\u0127arija Tieg\u0127ek Namaste, dilettanti tal-lingwa! Int lest li tesplora d-dinja tal-grammatika Hindi? Int \u0121ejt\" \/>\n<meta property=\"og:url\" content=\"https:\/\/talkpal.ai\/mt\/grammatika-hindi\/\" \/>\n<meta property=\"og:site_name\" content=\"Talkpal\" \/>\n<meta property=\"article:publisher\" content=\"https:\/\/www.facebook.com\/profile.php?id=100090733639311\" \/>\n<meta property=\"article:modified_time\" content=\"2025-12-13T14:59:49+00:00\" \/>\n<meta property=\"og:image\" content=\"https:\/\/talkpal.ai\/wp-content\/uploads\/2024\/02\/india.png\" \/>\n\t<meta property=\"og:image:width\" content=\"517\" \/>\n\t<meta property=\"og:image:height\" content=\"517\" \/>\n\t<meta property=\"og:image:type\" content=\"image\/png\" \/>\n<meta name=\"twitter:card\" content=\"summary_large_image\" \/>\n<meta name=\"twitter:site\" content=\"@talkpalai\" \/>\n<meta name=\"twitter:label1\" content=\"Est. reading time\" \/>\n\t<meta name=\"twitter:data1\" content=\"2 minutes\" \/>\n<script type=\"application\/ld+json\" class=\"yoast-schema-graph\">{\"@context\":\"https:\/\/schema.org\",\"@graph\":[{\"@type\":\"WebPage\",\"@id\":\"https:\/\/talkpal.ai\/mt\/grammatika-hindi\/\",\"url\":\"https:\/\/talkpal.ai\/mt\/grammatika-hindi\/\",\"name\":\"Grammatika \u0126indi - Talkpal\",\"isPartOf\":{\"@id\":\"https:\/\/talkpal.ai\/mt\/#website\"},\"primaryImageOfPage\":{\"@id\":\"https:\/\/talkpal.ai\/mt\/grammatika-hindi\/#primaryimage\"},\"image\":{\"@id\":\"https:\/\/talkpal.ai\/mt\/grammatika-hindi\/#primaryimage\"},\"thumbnailUrl\":\"https:\/\/talkpal.ai\/wp-content\/uploads\/2024\/02\/india.png\",\"datePublished\":\"2023-05-14T13:50:44+00:00\",\"dateModified\":\"2025-12-13T14:59:49+00:00\",\"description\":\"Kaptan il-grammatika tal-\u0126indi b'kunfidenza - tg\u0127allem regoli \u010bari, tifforma sentenzi korretti, u titkellem a\u0127jar bi gwida fa\u010bli minn TalkPal AI.\",\"breadcrumb\":{\"@id\":\"https:\/\/talkpal.ai\/mt\/grammatika-hindi\/#breadcrumb\"},\"inLanguage\":\"mt-MT\",\"potentialAction\":[{\"@type\":\"ReadAction\",\"target\":[\"https:\/\/talkpal.ai\/mt\/grammatika-hindi\/\"]}]},{\"@type\":\"ImageObject\",\"inLanguage\":\"mt-MT\",\"@id\":\"https:\/\/talkpal.ai\/mt\/grammatika-hindi\/#primaryimage\",\"url\":\"https:\/\/talkpal.ai\/wp-content\/uploads\/2024\/02\/india.png\",\"contentUrl\":\"https:\/\/talkpal.ai\/wp-content\/uploads\/2024\/02\/india.png\",\"width\":517,\"height\":517,\"caption\":\"TalkPal Indian Flag\"},{\"@type\":\"BreadcrumbList\",\"@id\":\"https:\/\/talkpal.ai\/mt\/grammatika-hindi\/#breadcrumb\",\"itemListElement\":[{\"@type\":\"ListItem\",\"position\":1,\"name\":\"Homepage\",\"item\":\"https:\/\/talkpal.ai\/mt\/\"},{\"@type\":\"ListItem\",\"position\":2,\"name\":\"Grammatika \u0126indi\"}]},{\"@type\":\"WebSite\",\"@id\":\"https:\/\/talkpal.ai\/mt\/#website\",\"url\":\"https:\/\/talkpal.ai\/mt\/\",\"name\":\"Talkpal\",\"description\":\"AI Language Learning\",\"publisher\":{\"@id\":\"https:\/\/talkpal.ai\/mt\/#organization\"},\"alternateName\":\"Talkpal AI\",\"potentialAction\":[{\"@type\":\"SearchAction\",\"target\":{\"@type\":\"EntryPoint\",\"urlTemplate\":\"https:\/\/talkpal.ai\/mt\/?s={search_term_string}\"},\"query-input\":{\"@type\":\"PropertyValueSpecification\",\"valueRequired\":true,\"valueName\":\"search_term_string\"}}],\"inLanguage\":\"mt-MT\"},{\"@type\":\"Organization\",\"@id\":\"https:\/\/talkpal.ai\/mt\/#organization\",\"name\":\"Talkpal, Inc.\",\"alternateName\":\"Talkpal AI\",\"url\":\"https:\/\/talkpal.ai\/mt\/\",\"logo\":{\"@type\":\"ImageObject\",\"inLanguage\":\"mt-MT\",\"@id\":\"https:\/\/talkpal.ai\/mt\/#\/schema\/logo\/image\/\",\"url\":\"https:\/\/talkpal.ai\/wp-content\/uploads\/2024\/03\/Talkpal-Logo-Icon.png\",\"contentUrl\":\"https:\/\/talkpal.ai\/wp-content\/uploads\/2024\/03\/Talkpal-Logo-Icon.png\",\"width\":2880,\"height\":2880,\"caption\":\"Talkpal, Inc.\"},\"image\":{\"@id\":\"https:\/\/talkpal.ai\/mt\/#\/schema\/logo\/image\/\"},\"sameAs\":[\"https:\/\/www.facebook.com\/profile.php?id=100090733639311\",\"https:\/\/x.com\/talkpalai\",\"https:\/\/www.linkedin.com\/company\/talkpal\/\",\"https:\/\/www.youtube.com\/@TalkPal\/\",\"https:\/\/www.tiktok.com\/@talkpal\",\"https:\/\/www.instagram.com\/talkpal_ai\/\",\"https:\/\/www.crunchbase.com\/organization\/talkpal-9cde\",\"https:\/\/www.g2.com\/products\/talkpal-for-business\/\",\"https:\/\/www.trustpilot.com\/review\/talkpal.ai\",\"https:\/\/www.capterra.com\/p\/10006800\/TalkPal\/\"],\"description\":\"Talkpal is a language learning web and mobile education app, powered by the latest AI technologies, that provides engaging experiences to its customers in many different languages to help them improve their language skills. Users can chat about unlimited amount of topics with the app and use other modes to practice their language learning.\",\"email\":\"support@talkpal.ai\",\"legalName\":\"Talkpal, Inc.\",\"foundingDate\":\"2023-04-03\",\"duns\":\"118989042\",\"numberOfEmployees\":{\"@type\":\"QuantitativeValue\",\"minValue\":\"11\",\"maxValue\":\"50\"},\"publishingPrinciples\":\"https:\/\/talkpal.ai\/publishing-principles\/\",\"actionableFeedbackPolicy\":\"https:\/\/talkpal.ai\/actionable-feedback-policy\/\",\"correctionsPolicy\":\"https:\/\/talkpal.ai\/corrections-policy\/\",\"ethicsPolicy\":\"https:\/\/talkpal.ai\/ethics-policy\/\",\"diversityPolicy\":\"https:\/\/talkpal.ai\/diversity-policy\/\",\"diversityStaffingReport\":\"https:\/\/talkpal.ai\/diversity-policy\/\"}]}<\/script>\n<!-- \/ Yoast SEO Premium plugin. -->","yoast_head_json":{"title":"Grammatika \u0126indi - Talkpal","description":"Kaptan il-grammatika tal-\u0126indi b'kunfidenza - tg\u0127allem regoli \u010bari, tifforma sentenzi korretti, u titkellem a\u0127jar bi gwida fa\u010bli minn TalkPal AI.","robots":{"index":"index","follow":"follow","max-snippet":"max-snippet:-1","max-image-preview":"max-image-preview:large","max-video-preview":"max-video-preview:-1"},"canonical":"https:\/\/talkpal.ai\/mt\/grammatika-hindi\/","og_locale":"mt_MT","og_type":"article","og_title":"Grammatika \u0126indi","og_description":"\u0126akma tal-Grammatika tal-\u0126indi: Il-Gwida A\u0127\u0127arija Tieg\u0127ek Namaste, dilettanti tal-lingwa! Int lest li tesplora d-dinja tal-grammatika Hindi? Int \u0121ejt","og_url":"https:\/\/talkpal.ai\/mt\/grammatika-hindi\/","og_site_name":"Talkpal","article_publisher":"https:\/\/www.facebook.com\/profile.php?id=100090733639311","article_modified_time":"2025-12-13T14:59:49+00:00","og_image":[{"width":517,"height":517,"url":"https:\/\/talkpal.ai\/wp-content\/uploads\/2024\/02\/india.png","type":"image\/png"}],"twitter_card":"summary_large_image","twitter_site":"@talkpalai","twitter_misc":{"Est. reading time":"2 minutes"},"schema":{"@context":"https:\/\/schema.org","@graph":[{"@type":"WebPage","@id":"https:\/\/talkpal.ai\/mt\/grammatika-hindi\/","url":"https:\/\/talkpal.ai\/mt\/grammatika-hindi\/","name":"Grammatika \u0126indi - Talkpal","isPartOf":{"@id":"https:\/\/talkpal.ai\/mt\/#website"},"primaryImageOfPage":{"@id":"https:\/\/talkpal.ai\/mt\/grammatika-hindi\/#primaryimage"},"image":{"@id":"https:\/\/talkpal.ai\/mt\/grammatika-hindi\/#primaryimage"},"thumbnailUrl":"https:\/\/talkpal.ai\/wp-content\/uploads\/2024\/02\/india.png","datePublished":"2023-05-14T13:50:44+00:00","dateModified":"2025-12-13T14:59:49+00:00","description":"Kaptan il-grammatika tal-\u0126indi b'kunfidenza - tg\u0127allem regoli \u010bari, tifforma sentenzi korretti, u titkellem a\u0127jar bi gwida fa\u010bli minn TalkPal AI.","breadcrumb":{"@id":"https:\/\/talkpal.ai\/mt\/grammatika-hindi\/#breadcrumb"},"inLanguage":"mt-MT","potentialAction":[{"@type":"ReadAction","target":["https:\/\/talkpal.ai\/mt\/grammatika-hindi\/"]}]},{"@type":"ImageObject","inLanguage":"mt-MT","@id":"https:\/\/talkpal.ai\/mt\/grammatika-hindi\/#primaryimage","url":"https:\/\/talkpal.ai\/wp-content\/uploads\/2024\/02\/india.png","contentUrl":"https:\/\/talkpal.ai\/wp-content\/uploads\/2024\/02\/india.png","width":517,"height":517,"caption":"TalkPal Indian Flag"},{"@type":"BreadcrumbList","@id":"https:\/\/talkpal.ai\/mt\/grammatika-hindi\/#breadcrumb","itemListElement":[{"@type":"ListItem","position":1,"name":"Homepage","item":"https:\/\/talkpal.ai\/mt\/"},{"@type":"ListItem","position":2,"name":"Grammatika \u0126indi"}]},{"@type":"WebSite","@id":"https:\/\/talkpal.ai\/mt\/#website","url":"https:\/\/talkpal.ai\/mt\/","name":"Talkpal","description":"AI Language Learning","publisher":{"@id":"https:\/\/talkpal.ai\/mt\/#organization"},"alternateName":"Talkpal AI","potentialAction":[{"@type":"SearchAction","target":{"@type":"EntryPoint","urlTemplate":"https:\/\/talkpal.ai\/mt\/?s={search_term_string}"},"query-input":{"@type":"PropertyValueSpecification","valueRequired":true,"valueName":"search_term_string"}}],"inLanguage":"mt-MT"},{"@type":"Organization","@id":"https:\/\/talkpal.ai\/mt\/#organization","name":"Talkpal, Inc.","alternateName":"Talkpal AI","url":"https:\/\/talkpal.ai\/mt\/","logo":{"@type":"ImageObject","inLanguage":"mt-MT","@id":"https:\/\/talkpal.ai\/mt\/#\/schema\/logo\/image\/","url":"https:\/\/talkpal.ai\/wp-content\/uploads\/2024\/03\/Talkpal-Logo-Icon.png","contentUrl":"https:\/\/talkpal.ai\/wp-content\/uploads\/2024\/03\/Talkpal-Logo-Icon.png","width":2880,"height":2880,"caption":"Talkpal, Inc."},"image":{"@id":"https:\/\/talkpal.ai\/mt\/#\/schema\/logo\/image\/"},"sameAs":["https:\/\/www.facebook.com\/profile.php?id=100090733639311","https:\/\/x.com\/talkpalai","https:\/\/www.linkedin.com\/company\/talkpal\/","https:\/\/www.youtube.com\/@TalkPal\/","https:\/\/www.tiktok.com\/@talkpal","https:\/\/www.instagram.com\/talkpal_ai\/","https:\/\/www.crunchbase.com\/organization\/talkpal-9cde","https:\/\/www.g2.com\/products\/talkpal-for-business\/","https:\/\/www.trustpilot.com\/review\/talkpal.ai","https:\/\/www.capterra.com\/p\/10006800\/TalkPal\/"],"description":"Talkpal is a language learning web and mobile education app, powered by the latest AI technologies, that provides engaging experiences to its customers in many different languages to help them improve their language skills. Users can chat about unlimited amount of topics with the app and use other modes to practice their language learning.","email":"support@talkpal.ai","legalName":"Talkpal, Inc.","foundingDate":"2023-04-03","duns":"118989042","numberOfEmployees":{"@type":"QuantitativeValue","minValue":"11","maxValue":"50"},"publishingPrinciples":"https:\/\/talkpal.ai\/publishing-principles\/","actionableFeedbackPolicy":"https:\/\/talkpal.ai\/actionable-feedback-policy\/","correctionsPolicy":"https:\/\/talkpal.ai\/corrections-policy\/","ethicsPolicy":"https:\/\/talkpal.ai\/ethics-policy\/","diversityPolicy":"https:\/\/talkpal.ai\/diversity-policy\/","diversityStaffingReport":"https:\/\/talkpal.ai\/diversity-policy\/"}]}},"_links":{"self":[{"href":"https:\/\/talkpal.ai\/mt\/wp-json\/wp\/v2\/pages\/1443355","targetHints":{"allow":["GET"]}}],"collection":[{"href":"https:\/\/talkpal.ai\/mt\/wp-json\/wp\/v2\/pages"}],"about":[{"href":"https:\/\/talkpal.ai\/mt\/wp-json\/wp\/v2\/types\/page"}],"author":[{"embeddable":true,"href":"https:\/\/talkpal.ai\/mt\/wp-json\/wp\/v2\/users\/1"}],"replies":[{"embeddable":true,"href":"https:\/\/talkpal.ai\/mt\/wp-json\/wp\/v2\/comments?post=1443355"}],"version-history":[{"count":0,"href":"https:\/\/talkpal.ai\/mt\/wp-json\/wp\/v2\/pages\/1443355\/revisions"}],"wp:featuredmedia":[{"embeddable":true,"href":"https:\/\/talkpal.ai\/mt\/wp-json\/wp\/v2\/media\/1441461"}],"wp:attachment":[{"href":"https:\/\/talkpal.ai\/mt\/wp-json\/wp\/v2\/media?parent=1443355"}],"curies":[{"name":"wp","href":"https:\/\/api.w.org\/{rel}","templated":true}]}}