{"id":1443354,"date":"2023-05-14T13:49:38","date_gmt":"2023-05-14T13:49:38","guid":{"rendered":"https:\/\/talkpal.ai\/grammatika-olandiza\/"},"modified":"2025-12-11T17:03:37","modified_gmt":"2025-12-11T17:03:37","slug":"grammatika-olandiza","status":"publish","type":"page","link":"https:\/\/talkpal.ai\/mt\/grammatika-olandiza\/","title":{"rendered":"Grammatika Olandi\u017ca"},"content":{"rendered":"\r\n\r\n\r\n<section class=\"languageChallengeSection\">\r\n    <div class=\"languageInfoWrapper\">\r\n        \r\n        <h1>Grammatika Olandi\u017ca<\/h1>\r\n        <p>Esplora l-pedamenti tal-lingwa Olandi\u017ca billi titg\u0127allem ir-regoli grammatikali essenzjali tag\u0127ha. Il-\u0127akma tal-<a href=\"https:\/\/talkpal.ai\/dutch-grammar\/\">grammatika Olandi\u017ca<\/a> tg\u0127inek tikkomunika b&#039;mod effettiv u tikseb g\u0127arfien aktar profond dwar il-kultura Olandi\u017ca. Ibda titg\u0127allem il-<a href=\"https:\/\/talkpal.ai\/dutch-grammar\/\">grammatika Olandi\u017ca<\/a> llum u \u0127u l-ewwel pass tieg\u0127ek lejn il-\u0127effa!\n<\/p>\r\n\r\n                            <a class=\"getStartedHidden\" href=\"https:\/\/app.talkpal.ai\/signup?lng=\">Ibda<\/a>\r\n        \r\n    <\/div>\r\n\r\n    <figure>\r\n    <img decoding=\"async\" width=\"768\" height=\"768\" src=\"https:\/\/talkpal.ai\/wp-content\/uploads\/2023\/06\/Dutch-768x768.png\" class=\"languageImage no-lazy\" alt=\"Developing skills through language learning\" fetchpriority=\"high\" sizes=\"(max-width: 768px) 150px, 768px\" srcset=\"https:\/\/talkpal.ai\/wp-content\/uploads\/2023\/06\/Dutch-768x768.png 768w, https:\/\/talkpal.ai\/wp-content\/uploads\/2023\/06\/Dutch-300x300.png 300w\" \/>\r\n    \r\n\r\n    <\/figure>\r\n\r\n            <a class=\"getStartedVisible\" href=\"https:\/\/app.talkpal.ai\/signup?lng=\">Ibda<\/a>\r\n    \r\n<\/section>\r\n<section class=\"promotionalBanner\">\r\n    <p class=\"promotionalText\">L-aktar mod effi\u010bjenti biex titg\u0127allem lingwa<\/p>\r\n    <a class=\"promotionalLink\" href=\"https:\/\/app.talkpal.ai\/signup?lng=\">Ipprova Talkpal b&#8217;xejn<\/a>\r\n<\/section>\n<div class=\"wp-block-group pageContainerStyle\"><div class=\"wp-block-group__inner-container is-layout-constrained wp-block-group-is-layout-constrained\">\n<h2 class=\"wp-block-heading\" id=\"h-dutch-grammar-master-the-mechanics-of-the-dutch-language\">Grammatika Olandi\u017ca: Kaptan il-Mekkanika tal-Lingwa Olandi\u017ca<\/h2>\n\n\n\n<p>Jekk \u0127adt il-qab\u017ca biex titg\u0127allem l-<a href=\"https:\/\/talkpal.ai\/learn-dutch\/\">Olandi\u017c<\/a>, int f&#8217;rikba e\u010b\u010bitanti! B&#8217;aktar minn 23 miljun kelliem madwar id-dinja, l-Olandi\u017c huwa lingwa meravilju\u017ca biex issa\u0127\u0127a\u0127 il-\u0127ila lingwistika tieg\u0127ek u twessa&#8217; l-orizzonti tieg\u0127ek. Issa, forsi smajt whispers dwar il-kumplessitajiet tal-grammatika Olandi\u017ca, imma tib\u017cax! Dan l-artikolu jservi b\u0127ala gwida amikevoli g\u0127all-bidu li tkisser il-grammatika Olandi\u017ca b&#8217;mod divertenti i\u017cda komprensiv.<\/p>\n\n\n\n<h3 class=\"wp-block-heading\" id=\"h-1-the-pillar-of-dutch-grammar-word-order\">1. Il-pilastru tal-grammatika Olandi\u017ca: ordni tal-kliem<\/h3>\n\n\n\n<p>Il-grammatika Olandi\u017ca tiddependi \u0127afna fuq l-ordni tal-kliem. \u0120eneralment, issegwi struttura &#8220;su\u0121\u0121ett-verb-o\u0121\u0121ett&#8221; simili g\u0127all-lingwa Ingli\u017ca. Madankollu, l-Olandi\u017c g\u0127andu karatteristika unika: l-ordni tal-kliem tat-Tieni Verb (V2). F&#8217;sentenza b&#8217;aktar minn verb wie\u0127ed, it-tieni verb ji\u0121i mbuttat sal-a\u0127\u0127ar. Pere\u017cempju:<\/p>\n\n\n\n<p><a href=\"https:\/\/talkpal.ai\/learn-english-with-ai\/\">Ingli\u017c<\/a>: Illum g\u0127andi na\u0127dem.<\/p>\n\n\n\n<p>Olandi\u017c: Ik moet vandaag werken. (litteralment: &#8220;Illum g\u0127andi na\u0127dem.&#8221;)<\/p>\n\n\n\n<p>Il-\u0127akma tal-ordni tal-kliem V2 hija essenzjali meta titg\u0127allem il-grammatika Olandi\u017ca.<\/p>\n\n\n\n<h3 class=\"wp-block-heading\" id=\"h-2-get-to-know-your-articles\">2. Kun af l-artikli tieg\u0127ek<\/h3>\n\n\n\n<p>L-Olandi\u017c g\u0127andu \u017cew\u0121 artikli definiti (&#8220;de&#8221; u &#8220;het&#8221;), u artiklu indefinit (&#8220;een&#8221;). L-g\u0127a\u017cla bejn i\u017c-\u017cew\u0121 artikli definiti tista &#8216;tkun diffi\u010bli, ming\u0127ajr regola definita li trid issegwi. B\u0127ala prin\u010bipjant, l-a\u0127jar mod biex titg\u0127allemhom huwa permezz tal-prattika u l-kuntest. Pere\u017cempju:<\/p>\n\n\n\n<p>De ra\u0121el &#8211; Ir-ra\u0121el<\/p>\n\n\n\n<p>Het meisje \u2013 It-tfajla<\/p>\n\n\n\n<p>Een hond \u2013 Kelb<\/p>\n\n\n\n<h3 class=\"wp-block-heading\" id=\"h-3-the-dance-of-dutch-conjugations\">3. I\u017c-\u017cfin tal-konjugazzjonijiet Olandi\u017ci<\/h3>\n\n\n\n<p>B\u0127all-Ingli\u017c, il-verbi Olandi\u017ci jibdlu l-forma biex iwasslu t-temp u l-burdata. Fl-Olandi\u017c, hemm tliet gruppi primarji ta &#8216;konjugazzjonijiet tal-verbi: verbi dg\u0127ajfa, verbi qawwija, u verbi irregolari.<\/p>\n\n\n\n<p>Il-verbi dg\u0127ajfa jsegwu regoli stabbiliti g\u0127all-konjugazzjoni, u jag\u0127mluhom pjuttost fa\u010bli biex jitg\u0127allmu.  <\/p>\n\n\n\n<p>E\u017cempju (Pre\u017centi): Ik werk, jij werkt, hij\/zij\/u werkt, wij\/jullie\/zij werken<\/p>\n\n\n\n<p>Verbi qawwija jinvolvu bidliet fil-vokali, \u0127afna drabi jwasslu lill-istudenti biex jimmemorizzawhom individwalment.<\/p>\n\n\n\n<p>E\u017cempju (Pre\u017centi): Ik zing, jij zingt, hij\/zij\/u zingt, wij\/jullie\/zij zingen<\/p>\n\n\n\n<p>Il-verbi irregolari, kif jissu\u0121\u0121erixxi isimhom, ma jsegwu l-ebda mudell stabbilit g\u0127all-konjugazzjoni u g\u0127andhom jitg\u0127allmu b&#8217;mod indipendenti.<\/p>\n\n\n\n<p>E\u017cempju (Pre\u017centi): Ik ben, jij bent, hij\/zij\/u is, wij\/jullie\/zij zijn<\/p>\n\n\n\n<h3 class=\"wp-block-heading\" id=\"h-4-a-flair-for-pronouns\">4. A flair g\u0127all-pronomi<\/h3>\n\n\n\n<p>Il-pronomi fil-grammatika Olandi\u017ca jissostitwixxu n-nomi u huma essenzjali biex id-diskors tieg\u0127ek ikun aktar dinamiku u fluwidu. Hemm <a href=\"https:\/\/talkpal.ai\/ar\/grammar_exercises\/pronomi-personali-%d8%aa%d9%85%d8%a7%d8%b1%d9%8a%d9%86-%d9%84%d9%84%d9%82%d9%88%d8%a7%d8%b9%d8%af-%d8%a7%d9%84%d8%a5%d9%8a%d8%b7%d8%a7%d9%84%d9%8a%d8%a9\/\">pronomi personali<\/a>, pronomi possessivi, pronomi dimostrattivi, u <a href=\"https:\/\/talkpal.ai\/ar\/grammar_exercises\/pronomi-riflessivi-%d8%aa%d9%85%d8%a7%d8%b1%d9%8a%d9%86-%d9%84%d9%84%d9%82%d9%88%d8%a7%d8%b9%d8%af-%d8%a7%d9%84%d8%a5%d9%8a%d8%b7%d8%a7%d9%84%d9%8a%d8%a9\/\">pronomi riflessivi<\/a>. B\u0127ala prin\u010bipjant, il-fehim tal-pronomi personali u possessivi huwa kru\u010bjali.<\/p>\n\n\n\n<p>Pronomi personali: ik (I), jij\/je (int), hij\/zij\/ze (hu\/hi), wij\/we (a\u0127na), jullie (intom ilkoll), zij\/ze (huma)<\/p>\n\n\n\n<p>Pronomi possessivi: mijn (tieg\u0127i), jouw\/je (tieg\u0127ek), zijn\/haar (tieg\u0127u\/tag\u0127ha), ons\/onze (tag\u0127na), jullie (tieg\u0127ek), hun\/ti\u0121ie\u0121a (tag\u0127hom)<\/p>\n\n\n\n<h3 class=\"wp-block-heading\" id=\"h-5-cases-no-more-mostly\">5. Ka\u017cijiet mhux aktar (l-aktar)<\/h3>\n\n\n\n<p>B&#8217;differenza mill-\u0120ermani\u017c, l-Olandi\u017c m&#8217;g\u0127adux ju\u017ca sistema ta&#8217; ka\u017cijiet fil-\u0127ajja ta&#8217; kuljum, u jipprovdi xi ser\u0127an mill-ostakli lingwisti\u010bi. L-unika e\u010b\u010bezzjoni hija meta tittratta varjanti Olandi\u017ci ta &#8216;&#8221;min&#8221; u &#8220;min&#8221; (wie u wie, rispettivament), u ftit espressjonijiet fissi (b\u0127al te allen tijde, li tfisser &#8220;f&#8217;kull \u0127in&#8221;).  <\/p>\n\n\n\n<p>Prosit! \u0126adt l-ewwel passi biex tikkontrolla l-grammatika Olandi\u017ca. Ftakar li l-prattika hija \u010b-\u010bavetta, g\u0127alhekk toqg\u0127odx lura milli tapprofondixxi, tikkomunika ma &#8216;kelliema nattivi, u tibni pedament b&#8217;sa\u0127\u0127tu. Veel jirnexxi! (Xorti tajba!)<\/p>\n<\/div><\/div>\n\r\n<section class=\"learnNavigationSection\">\r\n            \r\n        <a href=\"https:\/\/talkpal.ai\/mt\/tghallem-l-olandiz\/\">\r\n            <div class=\"learnNavigationWrapper\">\r\n                <div class=\"learnNavigationContent\">\r\n                    <img decoding=\"async\" src=\"https:\/\/talkpal.ai\/wp-content\/uploads\/2024\/08\/Dutch.jpg\" alt=\"Netherlands Flag\">\r\n                    <div>\r\n                        <h4>Dwar it-Tag\u0127lim tal-Olandi\u017c<\/h4>\r\n                        <p>Sir af kollox dwar il-grammatika Olandi\u017ca.<\/p>\r\n                    <\/div>\r\n                <\/div>\r\n            <\/div>\r\n        <\/a>\r\n\r\n        \r\n        <a href=\"https:\/\/talkpal.ai\/mt\/ezercizzji-tal-grammatika-olandiza\/\">\r\n            <div class=\"learnNavigationWrapper\">\r\n                <div class=\"learnNavigationContent\">\r\n                    <img decoding=\"async\" src=\"https:\/\/talkpal.ai\/wp-content\/uploads\/2024\/08\/Dutch.jpg\" alt=\"Netherlands Flag\">\r\n                    <div>\r\n                        <h4>E\u017cer\u010bizzju tal-Grammatika Olandi\u017ca<\/h4>\r\n                        <p>Prattika grammatika Olandi\u017ca.<\/p>\r\n                    <\/div>\r\n                <\/div>\r\n            <\/div>\r\n        <\/a>\r\n\r\n        \r\n        <a href=\"https:\/\/talkpal.ai\/vocabulary_language\/dutch\/\">\r\n            <div class=\"learnNavigationWrapper\">\r\n                <div class=\"learnNavigationContent\">\r\n                    <img decoding=\"async\" src=\"https:\/\/talkpal.ai\/wp-content\/uploads\/2024\/08\/Dutch.jpg\" alt=\"Netherlands Flag\">\r\n                    <div>\r\n                        <h4>Vokabularju Olandi\u017c<\/h4>\r\n                        <p>Espandi l-vokabularju Olandi\u017c tieg\u0127ek.<\/p>\r\n                    <\/div>\r\n                <\/div>\r\n            <\/div>\r\n        <\/a>\r\n\r\n            <\/section>","protected":false},"excerpt":{"rendered":"<p>Grammatika Olandi\u017ca: Kaptan il-Mekkanika tal-Lingwa Olandi\u017ca Jekk \u0127adt il-qab\u017ca biex titg\u0127allem l-Olandi\u017c, int f&#8217;rikba e\u010b\u010bitanti! B&#8217;aktar minn 23 miljun kelliem madwar id-dinja, l-Olandi\u017c huwa lingwa meravilju\u017ca biex issa\u0127\u0127a\u0127 il-\u0127ila lingwistika tieg\u0127ek u twessa&#8217; l-orizzonti tieg\u0127ek. Issa, forsi smajt whispers dwar il-kumplessitajiet tal-grammatika Olandi\u017ca, imma tib\u017cax! Dan l-artikolu jservi b\u0127ala gwida amikevoli g\u0127all-bidu li tkisser il-grammatika [&hellip;]<\/p>\n","protected":false},"author":1,"featured_media":1441440,"parent":0,"menu_order":0,"comment_status":"closed","ping_status":"closed","template":"LearningContentPage.php","meta":{"_acf_changed":false,"footnotes":""},"class_list":["post-1443354","page","type-page","status-publish","has-post-thumbnail","hentry"],"acf":[],"yoast_head":"<!-- This site is optimized with the Yoast SEO Premium plugin v27.2 (Yoast SEO v27.2) - https:\/\/yoast.com\/product\/yoast-seo-premium-wordpress\/ -->\n<title>Grammatika Olandi\u017ca - Talkpal<\/title>\n<meta name=\"description\" content=\"Kaptan il-Grammatika Olandi\u017ca ma &#039;TalkPal, l-g\u0127alliem tal-lingwa tieg\u0127ek im\u0127addem bl-AI. A\u010b\u010bess g\u0127al spjegazzjonijiet \u010bari, e\u017cempji pratti\u010bi, u e\u017cer\u010bizzji interattivi!\" \/>\n<meta name=\"robots\" content=\"index, follow, max-snippet:-1, max-image-preview:large, max-video-preview:-1\" \/>\n<link rel=\"canonical\" href=\"https:\/\/talkpal.ai\/mt\/grammatika-olandiza\/\" \/>\n<meta property=\"og:locale\" content=\"mt_MT\" \/>\n<meta property=\"og:type\" content=\"article\" \/>\n<meta property=\"og:title\" content=\"Grammatika Olandi\u017ca\" \/>\n<meta property=\"og:description\" content=\"Grammatika Olandi\u017ca: Kaptan il-Mekkanika tal-Lingwa Olandi\u017ca Jekk \u0127adt il-qab\u017ca biex titg\u0127allem l-Olandi\u017c, int f&#039;rikba e\u010b\u010bitanti! B&#039;aktar minn 23 miljun\" \/>\n<meta property=\"og:url\" content=\"https:\/\/talkpal.ai\/mt\/grammatika-olandiza\/\" \/>\n<meta property=\"og:site_name\" content=\"Talkpal\" \/>\n<meta property=\"article:publisher\" content=\"https:\/\/www.facebook.com\/profile.php?id=100090733639311\" \/>\n<meta property=\"article:modified_time\" content=\"2025-12-11T17:03:37+00:00\" \/>\n<meta property=\"og:image\" content=\"https:\/\/talkpal.ai\/wp-content\/uploads\/2023\/04\/netherlands-dutch.png\" \/>\n\t<meta property=\"og:image:width\" content=\"512\" \/>\n\t<meta property=\"og:image:height\" content=\"512\" \/>\n\t<meta property=\"og:image:type\" content=\"image\/png\" \/>\n<meta name=\"twitter:card\" content=\"summary_large_image\" \/>\n<meta name=\"twitter:site\" content=\"@talkpalai\" \/>\n<meta name=\"twitter:label1\" content=\"Est. reading time\" \/>\n\t<meta name=\"twitter:data1\" content=\"3 minutes\" \/>\n<script type=\"application\/ld+json\" class=\"yoast-schema-graph\">{\"@context\":\"https:\/\/schema.org\",\"@graph\":[{\"@type\":\"WebPage\",\"@id\":\"https:\/\/talkpal.ai\/mt\/grammatika-olandiza\/\",\"url\":\"https:\/\/talkpal.ai\/mt\/grammatika-olandiza\/\",\"name\":\"Grammatika Olandi\u017ca - Talkpal\",\"isPartOf\":{\"@id\":\"https:\/\/talkpal.ai\/mt\/#website\"},\"primaryImageOfPage\":{\"@id\":\"https:\/\/talkpal.ai\/mt\/grammatika-olandiza\/#primaryimage\"},\"image\":{\"@id\":\"https:\/\/talkpal.ai\/mt\/grammatika-olandiza\/#primaryimage\"},\"thumbnailUrl\":\"https:\/\/talkpal.ai\/wp-content\/uploads\/2023\/04\/netherlands-dutch.png\",\"datePublished\":\"2023-05-14T13:49:38+00:00\",\"dateModified\":\"2025-12-11T17:03:37+00:00\",\"description\":\"Kaptan il-Grammatika Olandi\u017ca ma 'TalkPal, l-g\u0127alliem tal-lingwa tieg\u0127ek im\u0127addem bl-AI. A\u010b\u010bess g\u0127al spjegazzjonijiet \u010bari, e\u017cempji pratti\u010bi, u e\u017cer\u010bizzji interattivi!\",\"breadcrumb\":{\"@id\":\"https:\/\/talkpal.ai\/mt\/grammatika-olandiza\/#breadcrumb\"},\"inLanguage\":\"mt-MT\",\"potentialAction\":[{\"@type\":\"ReadAction\",\"target\":[\"https:\/\/talkpal.ai\/mt\/grammatika-olandiza\/\"]}]},{\"@type\":\"ImageObject\",\"inLanguage\":\"mt-MT\",\"@id\":\"https:\/\/talkpal.ai\/mt\/grammatika-olandiza\/#primaryimage\",\"url\":\"https:\/\/talkpal.ai\/wp-content\/uploads\/2023\/04\/netherlands-dutch.png\",\"contentUrl\":\"https:\/\/talkpal.ai\/wp-content\/uploads\/2023\/04\/netherlands-dutch.png\",\"width\":512,\"height\":512,\"caption\":\"TalkPal Catalan Flag\"},{\"@type\":\"BreadcrumbList\",\"@id\":\"https:\/\/talkpal.ai\/mt\/grammatika-olandiza\/#breadcrumb\",\"itemListElement\":[{\"@type\":\"ListItem\",\"position\":1,\"name\":\"Homepage\",\"item\":\"https:\/\/talkpal.ai\/mt\/\"},{\"@type\":\"ListItem\",\"position\":2,\"name\":\"Grammatika Olandi\u017ca\"}]},{\"@type\":\"WebSite\",\"@id\":\"https:\/\/talkpal.ai\/mt\/#website\",\"url\":\"https:\/\/talkpal.ai\/mt\/\",\"name\":\"Talkpal\",\"description\":\"AI Language Learning\",\"publisher\":{\"@id\":\"https:\/\/talkpal.ai\/mt\/#organization\"},\"alternateName\":\"Talkpal AI\",\"potentialAction\":[{\"@type\":\"SearchAction\",\"target\":{\"@type\":\"EntryPoint\",\"urlTemplate\":\"https:\/\/talkpal.ai\/mt\/?s={search_term_string}\"},\"query-input\":{\"@type\":\"PropertyValueSpecification\",\"valueRequired\":true,\"valueName\":\"search_term_string\"}}],\"inLanguage\":\"mt-MT\"},{\"@type\":\"Organization\",\"@id\":\"https:\/\/talkpal.ai\/mt\/#organization\",\"name\":\"Talkpal, Inc.\",\"alternateName\":\"Talkpal AI\",\"url\":\"https:\/\/talkpal.ai\/mt\/\",\"logo\":{\"@type\":\"ImageObject\",\"inLanguage\":\"mt-MT\",\"@id\":\"https:\/\/talkpal.ai\/mt\/#\/schema\/logo\/image\/\",\"url\":\"https:\/\/talkpal.ai\/wp-content\/uploads\/2024\/03\/Talkpal-Logo-Icon.png\",\"contentUrl\":\"https:\/\/talkpal.ai\/wp-content\/uploads\/2024\/03\/Talkpal-Logo-Icon.png\",\"width\":2880,\"height\":2880,\"caption\":\"Talkpal, Inc.\"},\"image\":{\"@id\":\"https:\/\/talkpal.ai\/mt\/#\/schema\/logo\/image\/\"},\"sameAs\":[\"https:\/\/www.facebook.com\/profile.php?id=100090733639311\",\"https:\/\/x.com\/talkpalai\",\"https:\/\/www.linkedin.com\/company\/talkpal\/\",\"https:\/\/www.youtube.com\/@TalkPal\/\",\"https:\/\/www.tiktok.com\/@talkpal\",\"https:\/\/www.instagram.com\/talkpal_ai\/\",\"https:\/\/www.crunchbase.com\/organization\/talkpal-9cde\",\"https:\/\/www.g2.com\/products\/talkpal-for-business\/\",\"https:\/\/www.trustpilot.com\/review\/talkpal.ai\",\"https:\/\/www.capterra.com\/p\/10006800\/TalkPal\/\"],\"description\":\"Talkpal is a language learning web and mobile education app, powered by the latest AI technologies, that provides engaging experiences to its customers in many different languages to help them improve their language skills. Users can chat about unlimited amount of topics with the app and use other modes to practice their language learning.\",\"email\":\"support@talkpal.ai\",\"legalName\":\"Talkpal, Inc.\",\"foundingDate\":\"2023-04-03\",\"duns\":\"118989042\",\"numberOfEmployees\":{\"@type\":\"QuantitativeValue\",\"minValue\":\"11\",\"maxValue\":\"50\"},\"publishingPrinciples\":\"https:\/\/talkpal.ai\/publishing-principles\/\",\"actionableFeedbackPolicy\":\"https:\/\/talkpal.ai\/actionable-feedback-policy\/\",\"correctionsPolicy\":\"https:\/\/talkpal.ai\/corrections-policy\/\",\"ethicsPolicy\":\"https:\/\/talkpal.ai\/ethics-policy\/\",\"diversityPolicy\":\"https:\/\/talkpal.ai\/diversity-policy\/\",\"diversityStaffingReport\":\"https:\/\/talkpal.ai\/diversity-policy\/\"}]}<\/script>\n<!-- \/ Yoast SEO Premium plugin. -->","yoast_head_json":{"title":"Grammatika Olandi\u017ca - Talkpal","description":"Kaptan il-Grammatika Olandi\u017ca ma 'TalkPal, l-g\u0127alliem tal-lingwa tieg\u0127ek im\u0127addem bl-AI. A\u010b\u010bess g\u0127al spjegazzjonijiet \u010bari, e\u017cempji pratti\u010bi, u e\u017cer\u010bizzji interattivi!","robots":{"index":"index","follow":"follow","max-snippet":"max-snippet:-1","max-image-preview":"max-image-preview:large","max-video-preview":"max-video-preview:-1"},"canonical":"https:\/\/talkpal.ai\/mt\/grammatika-olandiza\/","og_locale":"mt_MT","og_type":"article","og_title":"Grammatika Olandi\u017ca","og_description":"Grammatika Olandi\u017ca: Kaptan il-Mekkanika tal-Lingwa Olandi\u017ca Jekk \u0127adt il-qab\u017ca biex titg\u0127allem l-Olandi\u017c, int f'rikba e\u010b\u010bitanti! B'aktar minn 23 miljun","og_url":"https:\/\/talkpal.ai\/mt\/grammatika-olandiza\/","og_site_name":"Talkpal","article_publisher":"https:\/\/www.facebook.com\/profile.php?id=100090733639311","article_modified_time":"2025-12-11T17:03:37+00:00","og_image":[{"width":512,"height":512,"url":"https:\/\/talkpal.ai\/wp-content\/uploads\/2023\/04\/netherlands-dutch.png","type":"image\/png"}],"twitter_card":"summary_large_image","twitter_site":"@talkpalai","twitter_misc":{"Est. reading time":"3 minutes"},"schema":{"@context":"https:\/\/schema.org","@graph":[{"@type":"WebPage","@id":"https:\/\/talkpal.ai\/mt\/grammatika-olandiza\/","url":"https:\/\/talkpal.ai\/mt\/grammatika-olandiza\/","name":"Grammatika Olandi\u017ca - Talkpal","isPartOf":{"@id":"https:\/\/talkpal.ai\/mt\/#website"},"primaryImageOfPage":{"@id":"https:\/\/talkpal.ai\/mt\/grammatika-olandiza\/#primaryimage"},"image":{"@id":"https:\/\/talkpal.ai\/mt\/grammatika-olandiza\/#primaryimage"},"thumbnailUrl":"https:\/\/talkpal.ai\/wp-content\/uploads\/2023\/04\/netherlands-dutch.png","datePublished":"2023-05-14T13:49:38+00:00","dateModified":"2025-12-11T17:03:37+00:00","description":"Kaptan il-Grammatika Olandi\u017ca ma 'TalkPal, l-g\u0127alliem tal-lingwa tieg\u0127ek im\u0127addem bl-AI. A\u010b\u010bess g\u0127al spjegazzjonijiet \u010bari, e\u017cempji pratti\u010bi, u e\u017cer\u010bizzji interattivi!","breadcrumb":{"@id":"https:\/\/talkpal.ai\/mt\/grammatika-olandiza\/#breadcrumb"},"inLanguage":"mt-MT","potentialAction":[{"@type":"ReadAction","target":["https:\/\/talkpal.ai\/mt\/grammatika-olandiza\/"]}]},{"@type":"ImageObject","inLanguage":"mt-MT","@id":"https:\/\/talkpal.ai\/mt\/grammatika-olandiza\/#primaryimage","url":"https:\/\/talkpal.ai\/wp-content\/uploads\/2023\/04\/netherlands-dutch.png","contentUrl":"https:\/\/talkpal.ai\/wp-content\/uploads\/2023\/04\/netherlands-dutch.png","width":512,"height":512,"caption":"TalkPal Catalan Flag"},{"@type":"BreadcrumbList","@id":"https:\/\/talkpal.ai\/mt\/grammatika-olandiza\/#breadcrumb","itemListElement":[{"@type":"ListItem","position":1,"name":"Homepage","item":"https:\/\/talkpal.ai\/mt\/"},{"@type":"ListItem","position":2,"name":"Grammatika Olandi\u017ca"}]},{"@type":"WebSite","@id":"https:\/\/talkpal.ai\/mt\/#website","url":"https:\/\/talkpal.ai\/mt\/","name":"Talkpal","description":"AI Language Learning","publisher":{"@id":"https:\/\/talkpal.ai\/mt\/#organization"},"alternateName":"Talkpal AI","potentialAction":[{"@type":"SearchAction","target":{"@type":"EntryPoint","urlTemplate":"https:\/\/talkpal.ai\/mt\/?s={search_term_string}"},"query-input":{"@type":"PropertyValueSpecification","valueRequired":true,"valueName":"search_term_string"}}],"inLanguage":"mt-MT"},{"@type":"Organization","@id":"https:\/\/talkpal.ai\/mt\/#organization","name":"Talkpal, Inc.","alternateName":"Talkpal AI","url":"https:\/\/talkpal.ai\/mt\/","logo":{"@type":"ImageObject","inLanguage":"mt-MT","@id":"https:\/\/talkpal.ai\/mt\/#\/schema\/logo\/image\/","url":"https:\/\/talkpal.ai\/wp-content\/uploads\/2024\/03\/Talkpal-Logo-Icon.png","contentUrl":"https:\/\/talkpal.ai\/wp-content\/uploads\/2024\/03\/Talkpal-Logo-Icon.png","width":2880,"height":2880,"caption":"Talkpal, Inc."},"image":{"@id":"https:\/\/talkpal.ai\/mt\/#\/schema\/logo\/image\/"},"sameAs":["https:\/\/www.facebook.com\/profile.php?id=100090733639311","https:\/\/x.com\/talkpalai","https:\/\/www.linkedin.com\/company\/talkpal\/","https:\/\/www.youtube.com\/@TalkPal\/","https:\/\/www.tiktok.com\/@talkpal","https:\/\/www.instagram.com\/talkpal_ai\/","https:\/\/www.crunchbase.com\/organization\/talkpal-9cde","https:\/\/www.g2.com\/products\/talkpal-for-business\/","https:\/\/www.trustpilot.com\/review\/talkpal.ai","https:\/\/www.capterra.com\/p\/10006800\/TalkPal\/"],"description":"Talkpal is a language learning web and mobile education app, powered by the latest AI technologies, that provides engaging experiences to its customers in many different languages to help them improve their language skills. Users can chat about unlimited amount of topics with the app and use other modes to practice their language learning.","email":"support@talkpal.ai","legalName":"Talkpal, Inc.","foundingDate":"2023-04-03","duns":"118989042","numberOfEmployees":{"@type":"QuantitativeValue","minValue":"11","maxValue":"50"},"publishingPrinciples":"https:\/\/talkpal.ai\/publishing-principles\/","actionableFeedbackPolicy":"https:\/\/talkpal.ai\/actionable-feedback-policy\/","correctionsPolicy":"https:\/\/talkpal.ai\/corrections-policy\/","ethicsPolicy":"https:\/\/talkpal.ai\/ethics-policy\/","diversityPolicy":"https:\/\/talkpal.ai\/diversity-policy\/","diversityStaffingReport":"https:\/\/talkpal.ai\/diversity-policy\/"}]}},"_links":{"self":[{"href":"https:\/\/talkpal.ai\/mt\/wp-json\/wp\/v2\/pages\/1443354","targetHints":{"allow":["GET"]}}],"collection":[{"href":"https:\/\/talkpal.ai\/mt\/wp-json\/wp\/v2\/pages"}],"about":[{"href":"https:\/\/talkpal.ai\/mt\/wp-json\/wp\/v2\/types\/page"}],"author":[{"embeddable":true,"href":"https:\/\/talkpal.ai\/mt\/wp-json\/wp\/v2\/users\/1"}],"replies":[{"embeddable":true,"href":"https:\/\/talkpal.ai\/mt\/wp-json\/wp\/v2\/comments?post=1443354"}],"version-history":[{"count":0,"href":"https:\/\/talkpal.ai\/mt\/wp-json\/wp\/v2\/pages\/1443354\/revisions"}],"wp:featuredmedia":[{"embeddable":true,"href":"https:\/\/talkpal.ai\/mt\/wp-json\/wp\/v2\/media\/1441440"}],"wp:attachment":[{"href":"https:\/\/talkpal.ai\/mt\/wp-json\/wp\/v2\/media?parent=1443354"}],"curies":[{"name":"wp","href":"https:\/\/api.w.org\/{rel}","templated":true}]}}