{"id":1443108,"date":"2023-10-09T10:03:45","date_gmt":"2023-10-09T10:03:45","guid":{"rendered":"https:\/\/talkpal.ai\/struzzjonijiet-dwar-l-immaniggjar-tal-abbonament\/"},"modified":"2025-09-06T17:56:01","modified_gmt":"2025-09-06T17:56:01","slug":"struzzjonijiet-dwar-l-immaniggjar-tal-abbonament","status":"publish","type":"page","link":"https:\/\/talkpal.ai\/mt\/struzzjonijiet-dwar-l-immaniggjar-tal-abbonament\/","title":{"rendered":"Struzzjonijiet dwar l-Immani\u0121\u0121jar tal-Abbonament"},"content":{"rendered":"\n<p>Tista &#8216;timmani\u0121\u0121ja l-abbonamenti tieg\u0127ek fl-App Store tag\u0127na (Apple <a href=\"https:\/\/talkpal.ai\/es\/descargar-la-aplicacion-talkpal-para-android-e-ios\/\">iOS<\/a>), Google Play (Android), jew applikazzjonijiet tal-websajt.<\/p>\n\n<h2 class=\"wp-block-heading\" id=\"h-app-store-apple-ios\">App Store (Apple iOS)<\/h2>\n\n<p>Jekk jog\u0127\u0121bok innota: G\u0127andek b\u017conn tikkan\u010bella l-abbonament jew il-prova Apple tieg\u0127ek mill-inqas 24 sieg\u0127a qabel ma tintemm. Jekk tikkan\u010bellaha fl-a\u0127\u0127ar jum, ti\u0121\u0121edded awtomatikament.<\/p>\n\n<p>Biex tikkan\u010bella l-abbonament <a href=\"https:\/\/talkpal.ai\/ko\/ai-%ec%96%b8%ec%96%b4-%ea%b5%90%ec%82%ac\/\">Talkpal<\/a> tieg\u0127ek permezz tal-App Store, segwi dawn il-passi fuq it-tag\u0127mir iOS tieg\u0127ek:<\/p>\n\n<p><strong>Pass 1<\/strong> &#8211; Ifta\u0127 l-app Settings.<\/p>\n\n<p><strong>Pass 2<\/strong> &#8211; Ag\u0127\u017cel l-ID tat-tuffie\u0127 tieg\u0127ek li tinsab fin-na\u0127a ta &#8216;fuq tal-pa\u0121na.<\/p>\n\n<p><strong>Pass 3<\/strong> &#8211; Ag\u0127\u017cel &#8220;Ara Apple ID&#8221;<\/p>\n\n<p><strong>Pass 4<\/strong> &#8211; Mur &#8220;Abbonamenti&#8221; u ag\u0127\u017cel dak li tixtieq tikkan\u010bella.<\/p>\n\n<p><strong>Pass 5<\/strong> &#8211; Tektek fuq &#8220;Ikkan\u010bella l-Abbonament&#8221;.<\/p>\n\n<h2 class=\"wp-block-heading\" id=\"h-google-play-android\">Google Play (Android)<\/h2>\n\n<p><b>Pass 1<\/b> &#8211; Fuq it-tag\u0127mir Android tieg\u0127ek, innaviga lejn l-abbonamenti tieg\u0127ek fil-Google Play.<\/p>\n\n<p><b>Pass 2<\/b> &#8211; Ag\u0127\u017cel l-abbonament li trid tikkan\u010bella.<\/p>\n\n<p><b>Pass 3<\/b> &#8211; Ag\u0127fas Ikkan\u010bella l-abbonament.<\/p>\n\n<h2 class=\"wp-block-heading\" id=\"h-website\">Websajt<\/h2>\n\n<p><b>Pass 1<\/b> &#8211; Mur fil-pa\u0121na tal-kont tieg\u0127ek.<\/p>\n\n<p><b>Pass 2<\/b> &#8211; Skrollja &#8216;l isfel g\u0127at-taqsima &#8220;Abbonament&#8221;.<\/p>\n\n<p><b>Pass 3<\/b> &#8211; Ikklikkja fuq &#8220;Ikkan\u010bella l-abbonament&#8221;.<\/p>\n","protected":false},"excerpt":{"rendered":"<p>Tista &#8216;timmani\u0121\u0121ja l-abbonamenti tieg\u0127ek fl-App Store tag\u0127na (Apple iOS), Google Play (Android), jew applikazzjonijiet tal-websajt. App Store (Apple iOS) Jekk jog\u0127\u0121bok innota: G\u0127andek b\u017conn tikkan\u010bella l-abbonament jew il-prova Apple tieg\u0127ek mill-inqas 24 sieg\u0127a qabel ma tintemm. Jekk tikkan\u010bellaha fl-a\u0127\u0127ar jum, ti\u0121\u0121edded awtomatikament. Biex tikkan\u010bella l-abbonament Talkpal tieg\u0127ek permezz tal-App Store, segwi dawn il-passi fuq it-tag\u0127mir [&hellip;]<\/p>\n","protected":false},"author":10,"featured_media":1439662,"parent":0,"menu_order":0,"comment_status":"closed","ping_status":"closed","template":"","meta":{"_acf_changed":false,"footnotes":""},"class_list":["post-1443108","page","type-page","status-publish","has-post-thumbnail","hentry"],"acf":[],"yoast_head":"<!-- This site is optimized with the Yoast SEO Premium plugin v27.2 (Yoast SEO v27.2) - https:\/\/yoast.com\/product\/yoast-seo-premium-wordpress\/ -->\n<title>Struzzjonijiet dwar l-Immani\u0121\u0121jar tal-Abbonament - Talkpal<\/title>\n<meta name=\"description\" content=\"Segwi dawn l-Istruzzjonijiet dwar l-Immani\u0121\u0121jar tal-Abbonamenti biex tikkan\u010bella fa\u010bilment l-abbonamenti tieg\u0127ek fuq l-applikazzjonijiet Apple jew Google Play.\" \/>\n<meta name=\"robots\" content=\"index, follow, max-snippet:-1, max-image-preview:large, max-video-preview:-1\" \/>\n<link rel=\"canonical\" href=\"https:\/\/talkpal.ai\/mt\/struzzjonijiet-dwar-l-immaniggjar-tal-abbonament\/\" \/>\n<meta property=\"og:locale\" content=\"mt_MT\" \/>\n<meta property=\"og:type\" content=\"article\" \/>\n<meta property=\"og:title\" content=\"Struzzjonijiet dwar l-Immani\u0121\u0121jar tal-Abbonament\" \/>\n<meta property=\"og:description\" content=\"Tista &#039;timmani\u0121\u0121ja l-abbonamenti tieg\u0127ek fl-App Store tag\u0127na (Apple iOS), Google Play (Android), jew applikazzjonijiet tal-websajt. App Store (Apple iOS)\" \/>\n<meta property=\"og:url\" content=\"https:\/\/talkpal.ai\/mt\/struzzjonijiet-dwar-l-immaniggjar-tal-abbonament\/\" \/>\n<meta property=\"og:site_name\" content=\"Talkpal\" \/>\n<meta property=\"article:publisher\" content=\"https:\/\/www.facebook.com\/profile.php?id=100090733639311\" \/>\n<meta property=\"article:modified_time\" content=\"2025-09-06T17:56:01+00:00\" \/>\n<meta property=\"og:image\" content=\"https:\/\/talkpal.ai\/wp-content\/uploads\/2024\/03\/Talkpal-Logo-Icon.png\" \/>\n\t<meta property=\"og:image:width\" content=\"2880\" \/>\n\t<meta property=\"og:image:height\" content=\"2880\" \/>\n\t<meta property=\"og:image:type\" content=\"image\/png\" \/>\n<meta name=\"twitter:card\" content=\"summary_large_image\" \/>\n<meta name=\"twitter:site\" content=\"@talkpalai\" \/>\n<meta name=\"twitter:label1\" content=\"Est. reading time\" \/>\n\t<meta name=\"twitter:data1\" content=\"1 minute\" \/>\n<script type=\"application\/ld+json\" class=\"yoast-schema-graph\">{\"@context\":\"https:\/\/schema.org\",\"@graph\":[{\"@type\":\"WebPage\",\"@id\":\"https:\/\/talkpal.ai\/mt\/struzzjonijiet-dwar-l-immaniggjar-tal-abbonament\/\",\"url\":\"https:\/\/talkpal.ai\/mt\/struzzjonijiet-dwar-l-immaniggjar-tal-abbonament\/\",\"name\":\"Struzzjonijiet dwar l-Immani\u0121\u0121jar tal-Abbonament - Talkpal\",\"isPartOf\":{\"@id\":\"https:\/\/talkpal.ai\/mt\/#website\"},\"primaryImageOfPage\":{\"@id\":\"https:\/\/talkpal.ai\/mt\/struzzjonijiet-dwar-l-immaniggjar-tal-abbonament\/#primaryimage\"},\"image\":{\"@id\":\"https:\/\/talkpal.ai\/mt\/struzzjonijiet-dwar-l-immaniggjar-tal-abbonament\/#primaryimage\"},\"thumbnailUrl\":\"https:\/\/talkpal.ai\/wp-content\/uploads\/2024\/03\/Talkpal-Logo-Icon.png\",\"datePublished\":\"2023-10-09T10:03:45+00:00\",\"dateModified\":\"2025-09-06T17:56:01+00:00\",\"description\":\"Segwi dawn l-Istruzzjonijiet dwar l-Immani\u0121\u0121jar tal-Abbonamenti biex tikkan\u010bella fa\u010bilment l-abbonamenti tieg\u0127ek fuq l-applikazzjonijiet Apple jew Google Play.\",\"breadcrumb\":{\"@id\":\"https:\/\/talkpal.ai\/mt\/struzzjonijiet-dwar-l-immaniggjar-tal-abbonament\/#breadcrumb\"},\"inLanguage\":\"mt-MT\",\"potentialAction\":[{\"@type\":\"ReadAction\",\"target\":[\"https:\/\/talkpal.ai\/mt\/struzzjonijiet-dwar-l-immaniggjar-tal-abbonament\/\"]}]},{\"@type\":\"ImageObject\",\"inLanguage\":\"mt-MT\",\"@id\":\"https:\/\/talkpal.ai\/mt\/struzzjonijiet-dwar-l-immaniggjar-tal-abbonament\/#primaryimage\",\"url\":\"https:\/\/talkpal.ai\/wp-content\/uploads\/2024\/03\/Talkpal-Logo-Icon.png\",\"contentUrl\":\"https:\/\/talkpal.ai\/wp-content\/uploads\/2024\/03\/Talkpal-Logo-Icon.png\",\"width\":2880,\"height\":2880,\"caption\":\"Logo TalkPal\"},{\"@type\":\"BreadcrumbList\",\"@id\":\"https:\/\/talkpal.ai\/mt\/struzzjonijiet-dwar-l-immaniggjar-tal-abbonament\/#breadcrumb\",\"itemListElement\":[{\"@type\":\"ListItem\",\"position\":1,\"name\":\"Homepage\",\"item\":\"https:\/\/talkpal.ai\/mt\/\"},{\"@type\":\"ListItem\",\"position\":2,\"name\":\"Struzzjonijiet dwar l-Immani\u0121\u0121jar tal-Abbonament\"}]},{\"@type\":\"WebSite\",\"@id\":\"https:\/\/talkpal.ai\/mt\/#website\",\"url\":\"https:\/\/talkpal.ai\/mt\/\",\"name\":\"Talkpal\",\"description\":\"AI Language Learning\",\"publisher\":{\"@id\":\"https:\/\/talkpal.ai\/mt\/#organization\"},\"alternateName\":\"Talkpal AI\",\"potentialAction\":[{\"@type\":\"SearchAction\",\"target\":{\"@type\":\"EntryPoint\",\"urlTemplate\":\"https:\/\/talkpal.ai\/mt\/?s={search_term_string}\"},\"query-input\":{\"@type\":\"PropertyValueSpecification\",\"valueRequired\":true,\"valueName\":\"search_term_string\"}}],\"inLanguage\":\"mt-MT\"},{\"@type\":\"Organization\",\"@id\":\"https:\/\/talkpal.ai\/mt\/#organization\",\"name\":\"Talkpal, Inc.\",\"alternateName\":\"Talkpal AI\",\"url\":\"https:\/\/talkpal.ai\/mt\/\",\"logo\":{\"@type\":\"ImageObject\",\"inLanguage\":\"mt-MT\",\"@id\":\"https:\/\/talkpal.ai\/mt\/#\/schema\/logo\/image\/\",\"url\":\"https:\/\/talkpal.ai\/wp-content\/uploads\/2024\/03\/Talkpal-Logo-Icon.png\",\"contentUrl\":\"https:\/\/talkpal.ai\/wp-content\/uploads\/2024\/03\/Talkpal-Logo-Icon.png\",\"width\":2880,\"height\":2880,\"caption\":\"Talkpal, Inc.\"},\"image\":{\"@id\":\"https:\/\/talkpal.ai\/mt\/#\/schema\/logo\/image\/\"},\"sameAs\":[\"https:\/\/www.facebook.com\/profile.php?id=100090733639311\",\"https:\/\/x.com\/talkpalai\",\"https:\/\/www.linkedin.com\/company\/talkpal\/\",\"https:\/\/www.youtube.com\/@TalkPal\/\",\"https:\/\/www.tiktok.com\/@talkpal\",\"https:\/\/www.instagram.com\/talkpal_ai\/\",\"https:\/\/www.crunchbase.com\/organization\/talkpal-9cde\",\"https:\/\/www.g2.com\/products\/talkpal-for-business\/\",\"https:\/\/www.trustpilot.com\/review\/talkpal.ai\",\"https:\/\/www.capterra.com\/p\/10006800\/TalkPal\/\"],\"description\":\"Talkpal is a language learning web and mobile education app, powered by the latest AI technologies, that provides engaging experiences to its customers in many different languages to help them improve their language skills. Users can chat about unlimited amount of topics with the app and use other modes to practice their language learning.\",\"email\":\"support@talkpal.ai\",\"legalName\":\"Talkpal, Inc.\",\"foundingDate\":\"2023-04-03\",\"duns\":\"118989042\",\"numberOfEmployees\":{\"@type\":\"QuantitativeValue\",\"minValue\":\"11\",\"maxValue\":\"50\"},\"publishingPrinciples\":\"https:\/\/talkpal.ai\/publishing-principles\/\",\"actionableFeedbackPolicy\":\"https:\/\/talkpal.ai\/actionable-feedback-policy\/\",\"correctionsPolicy\":\"https:\/\/talkpal.ai\/corrections-policy\/\",\"ethicsPolicy\":\"https:\/\/talkpal.ai\/ethics-policy\/\",\"diversityPolicy\":\"https:\/\/talkpal.ai\/diversity-policy\/\",\"diversityStaffingReport\":\"https:\/\/talkpal.ai\/diversity-policy\/\"}]}<\/script>\n<!-- \/ Yoast SEO Premium plugin. -->","yoast_head_json":{"title":"Struzzjonijiet dwar l-Immani\u0121\u0121jar tal-Abbonament - Talkpal","description":"Segwi dawn l-Istruzzjonijiet dwar l-Immani\u0121\u0121jar tal-Abbonamenti biex tikkan\u010bella fa\u010bilment l-abbonamenti tieg\u0127ek fuq l-applikazzjonijiet Apple jew Google Play.","robots":{"index":"index","follow":"follow","max-snippet":"max-snippet:-1","max-image-preview":"max-image-preview:large","max-video-preview":"max-video-preview:-1"},"canonical":"https:\/\/talkpal.ai\/mt\/struzzjonijiet-dwar-l-immaniggjar-tal-abbonament\/","og_locale":"mt_MT","og_type":"article","og_title":"Struzzjonijiet dwar l-Immani\u0121\u0121jar tal-Abbonament","og_description":"Tista 'timmani\u0121\u0121ja l-abbonamenti tieg\u0127ek fl-App Store tag\u0127na (Apple iOS), Google Play (Android), jew applikazzjonijiet tal-websajt. App Store (Apple iOS)","og_url":"https:\/\/talkpal.ai\/mt\/struzzjonijiet-dwar-l-immaniggjar-tal-abbonament\/","og_site_name":"Talkpal","article_publisher":"https:\/\/www.facebook.com\/profile.php?id=100090733639311","article_modified_time":"2025-09-06T17:56:01+00:00","og_image":[{"width":2880,"height":2880,"url":"https:\/\/talkpal.ai\/wp-content\/uploads\/2024\/03\/Talkpal-Logo-Icon.png","type":"image\/png"}],"twitter_card":"summary_large_image","twitter_site":"@talkpalai","twitter_misc":{"Est. reading time":"1 minute"},"schema":{"@context":"https:\/\/schema.org","@graph":[{"@type":"WebPage","@id":"https:\/\/talkpal.ai\/mt\/struzzjonijiet-dwar-l-immaniggjar-tal-abbonament\/","url":"https:\/\/talkpal.ai\/mt\/struzzjonijiet-dwar-l-immaniggjar-tal-abbonament\/","name":"Struzzjonijiet dwar l-Immani\u0121\u0121jar tal-Abbonament - Talkpal","isPartOf":{"@id":"https:\/\/talkpal.ai\/mt\/#website"},"primaryImageOfPage":{"@id":"https:\/\/talkpal.ai\/mt\/struzzjonijiet-dwar-l-immaniggjar-tal-abbonament\/#primaryimage"},"image":{"@id":"https:\/\/talkpal.ai\/mt\/struzzjonijiet-dwar-l-immaniggjar-tal-abbonament\/#primaryimage"},"thumbnailUrl":"https:\/\/talkpal.ai\/wp-content\/uploads\/2024\/03\/Talkpal-Logo-Icon.png","datePublished":"2023-10-09T10:03:45+00:00","dateModified":"2025-09-06T17:56:01+00:00","description":"Segwi dawn l-Istruzzjonijiet dwar l-Immani\u0121\u0121jar tal-Abbonamenti biex tikkan\u010bella fa\u010bilment l-abbonamenti tieg\u0127ek fuq l-applikazzjonijiet Apple jew Google Play.","breadcrumb":{"@id":"https:\/\/talkpal.ai\/mt\/struzzjonijiet-dwar-l-immaniggjar-tal-abbonament\/#breadcrumb"},"inLanguage":"mt-MT","potentialAction":[{"@type":"ReadAction","target":["https:\/\/talkpal.ai\/mt\/struzzjonijiet-dwar-l-immaniggjar-tal-abbonament\/"]}]},{"@type":"ImageObject","inLanguage":"mt-MT","@id":"https:\/\/talkpal.ai\/mt\/struzzjonijiet-dwar-l-immaniggjar-tal-abbonament\/#primaryimage","url":"https:\/\/talkpal.ai\/wp-content\/uploads\/2024\/03\/Talkpal-Logo-Icon.png","contentUrl":"https:\/\/talkpal.ai\/wp-content\/uploads\/2024\/03\/Talkpal-Logo-Icon.png","width":2880,"height":2880,"caption":"Logo TalkPal"},{"@type":"BreadcrumbList","@id":"https:\/\/talkpal.ai\/mt\/struzzjonijiet-dwar-l-immaniggjar-tal-abbonament\/#breadcrumb","itemListElement":[{"@type":"ListItem","position":1,"name":"Homepage","item":"https:\/\/talkpal.ai\/mt\/"},{"@type":"ListItem","position":2,"name":"Struzzjonijiet dwar l-Immani\u0121\u0121jar tal-Abbonament"}]},{"@type":"WebSite","@id":"https:\/\/talkpal.ai\/mt\/#website","url":"https:\/\/talkpal.ai\/mt\/","name":"Talkpal","description":"AI Language Learning","publisher":{"@id":"https:\/\/talkpal.ai\/mt\/#organization"},"alternateName":"Talkpal AI","potentialAction":[{"@type":"SearchAction","target":{"@type":"EntryPoint","urlTemplate":"https:\/\/talkpal.ai\/mt\/?s={search_term_string}"},"query-input":{"@type":"PropertyValueSpecification","valueRequired":true,"valueName":"search_term_string"}}],"inLanguage":"mt-MT"},{"@type":"Organization","@id":"https:\/\/talkpal.ai\/mt\/#organization","name":"Talkpal, Inc.","alternateName":"Talkpal AI","url":"https:\/\/talkpal.ai\/mt\/","logo":{"@type":"ImageObject","inLanguage":"mt-MT","@id":"https:\/\/talkpal.ai\/mt\/#\/schema\/logo\/image\/","url":"https:\/\/talkpal.ai\/wp-content\/uploads\/2024\/03\/Talkpal-Logo-Icon.png","contentUrl":"https:\/\/talkpal.ai\/wp-content\/uploads\/2024\/03\/Talkpal-Logo-Icon.png","width":2880,"height":2880,"caption":"Talkpal, Inc."},"image":{"@id":"https:\/\/talkpal.ai\/mt\/#\/schema\/logo\/image\/"},"sameAs":["https:\/\/www.facebook.com\/profile.php?id=100090733639311","https:\/\/x.com\/talkpalai","https:\/\/www.linkedin.com\/company\/talkpal\/","https:\/\/www.youtube.com\/@TalkPal\/","https:\/\/www.tiktok.com\/@talkpal","https:\/\/www.instagram.com\/talkpal_ai\/","https:\/\/www.crunchbase.com\/organization\/talkpal-9cde","https:\/\/www.g2.com\/products\/talkpal-for-business\/","https:\/\/www.trustpilot.com\/review\/talkpal.ai","https:\/\/www.capterra.com\/p\/10006800\/TalkPal\/"],"description":"Talkpal is a language learning web and mobile education app, powered by the latest AI technologies, that provides engaging experiences to its customers in many different languages to help them improve their language skills. Users can chat about unlimited amount of topics with the app and use other modes to practice their language learning.","email":"support@talkpal.ai","legalName":"Talkpal, Inc.","foundingDate":"2023-04-03","duns":"118989042","numberOfEmployees":{"@type":"QuantitativeValue","minValue":"11","maxValue":"50"},"publishingPrinciples":"https:\/\/talkpal.ai\/publishing-principles\/","actionableFeedbackPolicy":"https:\/\/talkpal.ai\/actionable-feedback-policy\/","correctionsPolicy":"https:\/\/talkpal.ai\/corrections-policy\/","ethicsPolicy":"https:\/\/talkpal.ai\/ethics-policy\/","diversityPolicy":"https:\/\/talkpal.ai\/diversity-policy\/","diversityStaffingReport":"https:\/\/talkpal.ai\/diversity-policy\/"}]}},"_links":{"self":[{"href":"https:\/\/talkpal.ai\/mt\/wp-json\/wp\/v2\/pages\/1443108","targetHints":{"allow":["GET"]}}],"collection":[{"href":"https:\/\/talkpal.ai\/mt\/wp-json\/wp\/v2\/pages"}],"about":[{"href":"https:\/\/talkpal.ai\/mt\/wp-json\/wp\/v2\/types\/page"}],"author":[{"embeddable":true,"href":"https:\/\/talkpal.ai\/mt\/wp-json\/wp\/v2\/users\/10"}],"replies":[{"embeddable":true,"href":"https:\/\/talkpal.ai\/mt\/wp-json\/wp\/v2\/comments?post=1443108"}],"version-history":[{"count":0,"href":"https:\/\/talkpal.ai\/mt\/wp-json\/wp\/v2\/pages\/1443108\/revisions"}],"wp:featuredmedia":[{"embeddable":true,"href":"https:\/\/talkpal.ai\/mt\/wp-json\/wp\/v2\/media\/1439662"}],"wp:attachment":[{"href":"https:\/\/talkpal.ai\/mt\/wp-json\/wp\/v2\/media?parent=1443108"}],"curies":[{"name":"wp","href":"https:\/\/api.w.org\/{rel}","templated":true}]}}