{"id":1442518,"date":"2023-04-03T14:56:00","date_gmt":"2023-04-03T14:56:00","guid":{"rendered":"https:\/\/talkpal.ai\/dwar\/"},"modified":"2026-03-06T16:34:41","modified_gmt":"2026-03-06T16:34:41","slug":"dwar","status":"publish","type":"page","link":"https:\/\/talkpal.ai\/mt\/dwar\/","title":{"rendered":"Dwar"},"content":{"rendered":"\n<p id=\"h-\"><a href=\"https:\/\/talkpal.ai\/ko\/ai-%ec%96%b8%ec%96%b4-%ea%b5%90%ec%82%ac\/\">Talkpal<\/a>, Inc. hija kumpanija tat-tag\u0127lim tal-lingwi m\u0127addma bl-AI bil-missjoni li tag\u0127mel it-ta\u0127dit ta&#8217; kwalunkwe lingwa a\u010b\u010bessibbli g\u0127al kul\u0127add, kullimkien. Talkpal ti\u017cviluppa wa\u0127da mill-aktar pjattaformi avvanzati fid-dinja g\u0127at-tag\u0127lim tal-lingwi bl-AI, li tg\u0127in lil miljuni ta\u2019 <a href=\"https:\/\/talkpal.ai\/talkpal-discount-for-students\/\">studenti<\/a> jipprattikaw konversazzjonijiet reali b\u2019kunfidenza.<\/p>\n\n<p>Imwaqqfa fl-2023, Talkpal inbniet fuq twemmin sempli\u010bi i\u017cda qawwi: it-tag\u0127lim tal-lingwi m&#8217;g\u0127andux ikun privile\u0121\u0121 u g\u0127andu jkun a\u010b\u010bessibbli g\u0127al kul\u0127add. Billi tg\u0127aqqad l-intelli\u0121enza artifi\u010bjali avvanzata mal-kompetenza u r-ri\u010berka lingwistika, Talkpal tne\u0127\u0127i l-ostakli <a href=\"https:\/\/talkpal.ai\/will-ai-kill-traditional-language-learning\/\">tradizzjonali<\/a> b\u0127all-ispi\u017ca, il-\u0127in, u l-bi\u017ca&#8217; li titkellem &#8211; u tissostitwihom bi prattika personalizzata u ming\u0127ajr pressjoni disponibbli fuq diversi pjattaformi 24\/7.<\/p>\n\n<p>Illum, Talkpal jappo\u0121\u0121ja aktar minn 80 lingwa, iservi miljuni ta\u2019 studenti f\u2019aktar minn 180 pajji\u017c, u huwa disponibbli fuq il-Web, <a href=\"https:\/\/talkpal.ai\/es\/descargar-la-aplicacion-talkpal-para-android-e-ios\/\">iOS<\/a>, u <a href=\"https:\/\/talkpal.ai\/es\/descargar-la-aplicacion-talkpal-para-android-e-ios\/\">Android<\/a>.<\/p>\n\n<h2 class=\"wp-block-heading\" id=\"h-our-mission\">Il-Missjoni Tag\u0127na<\/h2>\n\n<p>Il-missjoni tag\u0127na hi li nirrivoluzzjonaw it-tag\u0127lim tal-lingwi billi nipprovdu esperjenza ta&#8217; tag\u0127lim privat tal-lingwi m\u0127addma bl-AI, interattiva u personalizzata.<br\/><br\/>A\u0127na na\u0127dmu biex inkissru l-ostakli tal-lingwa, inrawmu konnessjonijiet globali, u nikkultivaw komunit\u00e0 ta&#8217; studenti passjonati, li nag\u0127tuhom is-setg\u0127a li jikkomunikaw b&#8217;kunfidenza u fluwenza fil-lingwa mag\u0127\u017cula tag\u0127hom.<\/p>\n\n<h2 class=\"wp-block-heading\" id=\"h-our-vision\">Il-Vi\u017cjoni Tag\u0127na<\/h2>\n\n<p>Il-vi\u017cjoni tag\u0127na hija li nsiru l-g\u0127alliem ewlieni tal-lingwa <a href=\"https:\/\/talkpal.ai\/speaking-with-ai\/\">AI<\/a> fid-dinja, u nittrasformaw il-mod kif in-nies jitg\u0127allmu l-lingwi permezz ta &#8216;konversazzjonijiet immersivi, immexxija mill-kuntest u teknolo\u0121ija ta&#8217; tag\u0127lim adattiva.<br\/><br\/>A\u0127na nimmiraw li nispiraw u nrawmu l-im\u0127abba g\u0127at-tag\u0127lim tal-lingwi, ninkora\u0121\u0121ixxu l-iskambju kulturali, u ng\u0127ollu d-distakk fil-komunikazzjoni bejn il-fruntieri, fl-a\u0127\u0127ar mill-a\u0127\u0127ar insawru dinja aktar konnessa u li tifhem.<\/p>\n\n<h2 class=\"wp-block-heading\" id=\"h-our-story\">L-Istorja Tag\u0127na<\/h2>\n\n<p>Talkpal twaqqfet minn David Gegechkori (stampa fuq ix-xellug) u Dimitri Dekanozishvili (stampa fuq il-lemin), immexxija minn frustrazzjoni kondivi\u017ca bil-metodi tradizzjonali tat-tag\u0127lim tal-lingwi li \u0127afna drabi jonqsu milli j\u0127ejju lill-istudenti g\u0127at-ta\u0127dit fid-dinja reali.<\/p>\n\n<div class=\"wp-block-columns is-layout-flex wp-container-core-columns-is-layout-9d6595d7 wp-block-columns-is-layout-flex\">\n<div class=\"wp-block-column is-layout-flow wp-block-column-is-layout-flow\" style=\"flex-basis:50%\"><div class=\"wp-block-image\">\n<figure class=\"alignleft size-large\"><img decoding=\"async\" width=\"1024\" height=\"683\" src=\"https:\/\/talkpal.ai\/wp-content\/uploads\/2025\/12\/Talkpal-Entrepreneur-1024x683.jpg\" alt=\"\" class=\"wp-image-1557444\" style=\"aspect-ratio:1.4992888417882142\" srcset=\"https:\/\/talkpal.ai\/wp-content\/uploads\/2025\/12\/Talkpal-Entrepreneur-1024x683.jpg 1024w, https:\/\/talkpal.ai\/wp-content\/uploads\/2025\/12\/Talkpal-Entrepreneur-300x200.jpg 300w, https:\/\/talkpal.ai\/wp-content\/uploads\/2025\/12\/Talkpal-Entrepreneur-768x512.jpg 768w, https:\/\/talkpal.ai\/wp-content\/uploads\/2025\/12\/Talkpal-Entrepreneur.jpg 1344w\" sizes=\"(max-width: 1024px) 100vw, 1024px\" \/><\/figure>\n<\/div><\/div>\n\n\n\n<div class=\"wp-block-column is-layout-flow wp-block-column-is-layout-flow\" style=\"flex-basis:50%\">\n<p>Mill-bidu nett, l-g\u0127an kien \u010bar: nibnu sie\u0127eb lingwistiku bl-AI li j\u0127oss inqas b\u0127al ktieb tat-test u aktar b\u0127al sie\u0127eb ta\u2019 konver\u017cazzjoni ta\u2019 appo\u0121\u0121. L-isem \u201cTalkpal\u201d jirrifletti din il-filosofija &#8211; sie\u0127eb amikevoli u dejjem disponibbli li j\u0127e\u0121\u0121e\u0121 lill-istudenti biex jipprattikaw it-ta\u0127dit ming\u0127ajr bi\u017ca\u2019 ta\u2019 \u0121udizzju.<\/p>\n\n\n\n<p>Talkpal beda b\u0127ala prodott ibba\u017cat fuq il-web, i\u017cda malajr espanda g\u0127al pjattaformi mobbli, u \u0121abar tim globali ta&#8217; in\u0121iniera tal-IA, lingwisti, edukaturi, negozjanti, u disinjaturi tal-prodott. Permezz ta&#8217; iterazzjoni kontinwa, ri\u010berka, u feedback mill-utenti, Talkpal evolviet f&#8217;pjattaforma komprensiva g\u0127at-tag\u0127lim tal-lingwi bl-AI fdata minn miljuni madwar id-dinja.<\/p>\n<\/div>\n<\/div>\n\n<h2 class=\"wp-block-heading\" id=\"h-what-we-do\">Dak li Nag\u0127mlu<\/h2>\n\n<p>Talkpal jipprovdi esperjenzi ta&#8217; tag\u0127lim bit-test u bil-vu\u010bi li ja\u0127dmu bl-AI, iddisinjati biex jissimulaw l-interazzjoni umana reali. Il-pjattaforma tag\u0127na tadatta b&#8217;mod dinamiku g\u0127al-livell, l-g\u0127anijiet u l-istil ta&#8217; tag\u0127lim ta&#8217; kull student.<\/p>\n\n<p>Il-kapa\u010bitajiet ewlenin jinkludu:<\/p>\n\n<ul class=\"wp-block-list\">\n<li>Konversazzjonijiet naturali bl-AI g\u0127all-prattika tat-ta\u0127dit<\/li>\n\n\n\n<li>Rispons f&#8217;\u0127in reali dwar il-pronunzja, il-grammatika, u l-fluwenza<\/li>\n\n\n\n<li>Appo\u0121\u0121 g\u0127al dawk li g\u0127adhom jibdew u studenti avvanzati<\/li>\n\n\n\n<li>Lezzjonijiet f&#8217;aktar minn 80 lingwa globali, inklu\u017ci l-Ingli\u017c, l-Ispanjol, il-\u0120ermani\u017c, il-Fran\u010bi\u017c, it-Taljan, il-\u0120appuni\u017c, i\u010b-\u010aini\u017c, il-Korejan, l-G\u0127arbi, l-Olandi\u017c, il-Portugi\u017c, l-I\u017cvedi\u017c, l-Ebrajk, il-Grieg, it-Tork, il-Finlandi\u017c u l-Afrikaans, l-Albani\u017c, l-Armenjan, l-Assamese, l-A\u017cerbaj\u0121ani, il-Bask, il-Belarus, il-Bengali, il-Bosnjan, il-Bulgaru, il-Burmani\u017c, il-Kantoni\u017c, il-Katalan, il-Kroat, i\u010b-\u010aek, id-Dani\u017c, l-Estonjan, il-Galizjan, il-\u0120or\u0121jan, il-Gujarati, il-\u0126indi, l-Ungeri\u017c, l-I\u017clandi\u017c, l-Indone\u017cjan, l-Irlandi\u017c, il-\u0120avani\u017c, il-Kannada, il-Ka\u017cak, il-Khmer, il-Lao, il-Latvjan, il-Litwan, il-Ma\u010bedonjan, il-Malajan, il-Malajal, il-Malti, il-Maori, il-Marati, il-Mongoljan, in-Nepali\u017c, in-Norve\u0121i\u017c, l-Odia, il-Pashto, il-Persjan, il-Pollakk, il-Punjabi, ir-Rumen, ir-Russu, is-Serb, is-Singalu\u017c, is-Slovakk, is-Sloven, is-Somali, is-Swa\u0127ili, it-Tagalog, it-Tamil, it-Telugu, it-Tajlandi\u017c, l-Ukrainjan, l-Urdu, l-U\u017cbek, il-Vjetnami\u017c, il-Welsh, i\u017c-\u017bulu u aktar.<\/li>\n\n\n\n<li>Mudell freemium bi pjanijiet ta&#8217; abbonament flessibbli<\/li>\n\n\n\n<li>Soluzzjonijiet ta&#8217; intrapri\u017ca dedikati g\u0127al universitajiet, skejjel tal-lingwi, kumpaniji, u organizzazzjonijiet o\u0127ra<\/li>\n<\/ul>\n\n<p>Il-kontenut u s-sistemi tag\u0127na huma \u017cviluppati b&#8217;kollaborazzjoni ma&#8217; esperti tal-lingwi u ri\u010berkaturi tal-IA, biex ni\u017cguraw kemm is-solidit\u00e0 pedago\u0121ika kif ukoll l-e\u010b\u010bellenza teknika.<\/p>\n\n<h2 class=\"wp-block-heading\" id=\"h-research-backed-learning\">Tag\u0127lim Appo\u0121\u0121jat mir-Ri\u010berka<\/h2>\n\n<p>L-effettivit\u00e0 ta&#8217; Talkpal \u0121iet e\u017caminata f&#8217;bosta studji akkademi\u010bi, partikolarment f&#8217;kuntesti tal-ESL u l-EFL. Ir-ri\u010berka wriet titjib statistikament sinifikanti fil-fluwenza fit-ta\u0127dit, il-pronunzja, il-grammatika u l-kunfidenza tal-istudenti meta ju\u017caw g\u0127odod ta&#8217; konversazzjoni bba\u017cati fuq l-AI b\u0127al Talkpal.<\/p>\n\n<p>Dan l-appro\u010b\u010b immexxi mir-ri\u010berka jirfed l-impenn tag\u0127na li nibnu mhux biss teknolo\u0121ija innovattiva &#8211; i\u017cda wkoll esperjenzi ta&#8217; tag\u0127lim tal-lingwi li jistg\u0127u jitkejlu b\u0127ala effettivi.<\/p>\n\n<h2 class=\"wp-block-heading\" id=\"h-trusted-by-learners-worldwide\">Fdat minn Studenti Madwar id-Dinja<\/h2>\n\n<p>Talkpal hija fdata minn miljuni ta&#8217; utenti globalment u konsistentement tir\u010bievi klassifikazzjonijiet qawwija fil-\u0127wienet tal-app u l-pjattaformi tar-revi\u017cjonijiet. L-istudenti ta\u2019 spiss jenfasizzaw:<\/p>\n\n<ul class=\"wp-block-list\">\n<li>L-ambjent ming\u0127ajr pressjoni g\u0127all-prattika tat-ta\u0127dit<\/li>\n\n\n\n<li>Feedback immedjat u azzjonabbli<\/li>\n\n\n\n<li>Flessibilit\u00e0 biex titg\u0127allem f&#8217;kull \u0127in, kullimkien<\/li>\n\n\n\n<li>Il-\u0127ila li tipprattika ming\u0127ajr ma jkollok b\u017conn sie\u0127eb lingwistiku uman<\/li>\n<\/ul>\n\n<h2 class=\"wp-block-heading\" id=\"h-our-commitment\">L-Impenn Tag\u0127na<\/h2>\n\n<p>F&#8217;Talkpal, a\u0127na impenjati li:<\/p>\n\n<ul class=\"wp-block-list\">\n<li><strong>Innovazzjoni<\/strong> \u2013 avvanz kontinwu fl-IA u t-teknolo\u0121ija tal-edukazzjoni<\/li>\n\n\n\n<li><strong>Kwalit\u00e0<\/strong> \u2013 esperjenzi ta\u2019 tag\u0127lim ibba\u017cati fuq ir-ri\u010berka<\/li>\n\n\n\n<li><strong>A\u010b\u010bessibbilt\u00e0<\/strong> \u2013 tag\u0127lim tal-lingwi affordabbli u inklu\u017civ g\u0127al kul\u0127add<\/li>\n\n\n\n<li><strong>Impatt globali<\/strong> \u2013 nag\u0127tu s-setg\u0127a lill-komunikazzjoni bejn il-kulturi<\/li>\n<\/ul>\n\n<p>A\u0127na nemmnu li l-lingwa g\u0127andha l-qawwa li tbiddel il-\u0127ajjiet &#8211; u bl-AI, dik il-qawwa tista&#8217; til\u0127aq lil kul\u0127add.<\/p>\n\n<p><\/p>\n","protected":false},"excerpt":{"rendered":"<p>Talkpal, Inc. hija kumpanija tat-tag\u0127lim tal-lingwi m\u0127addma bl-AI bil-missjoni li tag\u0127mel it-ta\u0127dit ta&#8217; kwalunkwe lingwa a\u010b\u010bessibbli g\u0127al kul\u0127add, kullimkien. Talkpal ti\u017cviluppa wa\u0127da mill-aktar pjattaformi avvanzati fid-dinja g\u0127at-tag\u0127lim tal-lingwi bl-AI, li tg\u0127in lil miljuni ta\u2019 studenti jipprattikaw konversazzjonijiet reali b\u2019kunfidenza. Imwaqqfa fl-2023, Talkpal inbniet fuq twemmin sempli\u010bi i\u017cda qawwi: it-tag\u0127lim tal-lingwi m&#8217;g\u0127andux ikun privile\u0121\u0121 u g\u0127andu [&hellip;]<\/p>\n","protected":false},"author":1,"featured_media":1439662,"parent":0,"menu_order":0,"comment_status":"closed","ping_status":"closed","template":"","meta":{"_acf_changed":false,"footnotes":""},"class_list":["post-1442518","page","type-page","status-publish","has-post-thumbnail","hentry"],"acf":[],"yoast_head":"<!-- This site is optimized with the Yoast SEO Premium plugin v27.2 (Yoast SEO v27.2) - https:\/\/yoast.com\/product\/yoast-seo-premium-wordpress\/ -->\n<title>Dwar - Talkpal<\/title>\n<meta name=\"description\" content=\"Talkpal huwa tutor tal-lingwa b&#039;AI b&#039;GPT li twaqqaf bil-fidi li t-tag\u0127lim tal-lingwa g\u0127andu jkun a\u010b\u010bessibbli g\u0127al kul\u0127add.\" \/>\n<meta name=\"robots\" content=\"index, follow, max-snippet:-1, max-image-preview:large, max-video-preview:-1\" \/>\n<link rel=\"canonical\" href=\"https:\/\/talkpal.ai\/mt\/dwar\/\" \/>\n<meta property=\"og:locale\" content=\"mt_MT\" \/>\n<meta property=\"og:type\" content=\"article\" \/>\n<meta property=\"og:title\" content=\"Dwar\" \/>\n<meta property=\"og:description\" content=\"Talkpal, Inc. hija kumpanija tat-tag\u0127lim tal-lingwi m\u0127addma bl-AI bil-missjoni li tag\u0127mel it-ta\u0127dit ta&#039; kwalunkwe lingwa a\u010b\u010bessibbli g\u0127al kul\u0127add,\" \/>\n<meta property=\"og:url\" content=\"https:\/\/talkpal.ai\/mt\/dwar\/\" \/>\n<meta property=\"og:site_name\" content=\"Talkpal\" \/>\n<meta property=\"article:publisher\" content=\"https:\/\/www.facebook.com\/profile.php?id=100090733639311\" \/>\n<meta property=\"article:modified_time\" content=\"2026-03-06T16:34:41+00:00\" \/>\n<meta property=\"og:image\" content=\"https:\/\/talkpal.ai\/wp-content\/uploads\/2024\/03\/Talkpal-Logo-Icon.png\" \/>\n\t<meta property=\"og:image:width\" content=\"2880\" \/>\n\t<meta property=\"og:image:height\" content=\"2880\" \/>\n\t<meta property=\"og:image:type\" content=\"image\/png\" \/>\n<meta name=\"twitter:card\" content=\"summary_large_image\" \/>\n<meta name=\"twitter:site\" content=\"@talkpalai\" \/>\n<meta name=\"twitter:label1\" content=\"Est. reading time\" \/>\n\t<meta name=\"twitter:data1\" content=\"4 minutes\" \/>\n<script type=\"application\/ld+json\" class=\"yoast-schema-graph\">{\"@context\":\"https:\/\/schema.org\",\"@graph\":[{\"@type\":\"WebPage\",\"@id\":\"https:\/\/talkpal.ai\/mt\/dwar\/\",\"url\":\"https:\/\/talkpal.ai\/mt\/dwar\/\",\"name\":\"Dwar - Talkpal\",\"isPartOf\":{\"@id\":\"https:\/\/talkpal.ai\/mt\/#website\"},\"primaryImageOfPage\":{\"@id\":\"https:\/\/talkpal.ai\/mt\/dwar\/#primaryimage\"},\"image\":{\"@id\":\"https:\/\/talkpal.ai\/mt\/dwar\/#primaryimage\"},\"thumbnailUrl\":\"https:\/\/talkpal.ai\/wp-content\/uploads\/2024\/03\/Talkpal-Logo-Icon.png\",\"datePublished\":\"2023-04-03T14:56:00+00:00\",\"dateModified\":\"2026-03-06T16:34:41+00:00\",\"description\":\"Talkpal huwa tutor tal-lingwa b'AI b'GPT li twaqqaf bil-fidi li t-tag\u0127lim tal-lingwa g\u0127andu jkun a\u010b\u010bessibbli g\u0127al kul\u0127add.\",\"breadcrumb\":{\"@id\":\"https:\/\/talkpal.ai\/mt\/dwar\/#breadcrumb\"},\"inLanguage\":\"mt-MT\",\"potentialAction\":[{\"@type\":\"ReadAction\",\"target\":[\"https:\/\/talkpal.ai\/mt\/dwar\/\"]}]},{\"@type\":\"ImageObject\",\"inLanguage\":\"mt-MT\",\"@id\":\"https:\/\/talkpal.ai\/mt\/dwar\/#primaryimage\",\"url\":\"https:\/\/talkpal.ai\/wp-content\/uploads\/2024\/03\/Talkpal-Logo-Icon.png\",\"contentUrl\":\"https:\/\/talkpal.ai\/wp-content\/uploads\/2024\/03\/Talkpal-Logo-Icon.png\",\"width\":2880,\"height\":2880,\"caption\":\"Logo TalkPal\"},{\"@type\":\"BreadcrumbList\",\"@id\":\"https:\/\/talkpal.ai\/mt\/dwar\/#breadcrumb\",\"itemListElement\":[{\"@type\":\"ListItem\",\"position\":1,\"name\":\"Homepage\",\"item\":\"https:\/\/talkpal.ai\/mt\/\"},{\"@type\":\"ListItem\",\"position\":2,\"name\":\"Dwar\"}]},{\"@type\":\"WebSite\",\"@id\":\"https:\/\/talkpal.ai\/mt\/#website\",\"url\":\"https:\/\/talkpal.ai\/mt\/\",\"name\":\"Talkpal\",\"description\":\"AI Language Learning\",\"publisher\":{\"@id\":\"https:\/\/talkpal.ai\/mt\/#organization\"},\"alternateName\":\"Talkpal AI\",\"potentialAction\":[{\"@type\":\"SearchAction\",\"target\":{\"@type\":\"EntryPoint\",\"urlTemplate\":\"https:\/\/talkpal.ai\/mt\/?s={search_term_string}\"},\"query-input\":{\"@type\":\"PropertyValueSpecification\",\"valueRequired\":true,\"valueName\":\"search_term_string\"}}],\"inLanguage\":\"mt-MT\"},{\"@type\":\"Organization\",\"@id\":\"https:\/\/talkpal.ai\/mt\/#organization\",\"name\":\"Talkpal, Inc.\",\"alternateName\":\"Talkpal AI\",\"url\":\"https:\/\/talkpal.ai\/mt\/\",\"logo\":{\"@type\":\"ImageObject\",\"inLanguage\":\"mt-MT\",\"@id\":\"https:\/\/talkpal.ai\/mt\/#\/schema\/logo\/image\/\",\"url\":\"https:\/\/talkpal.ai\/wp-content\/uploads\/2024\/03\/Talkpal-Logo-Icon.png\",\"contentUrl\":\"https:\/\/talkpal.ai\/wp-content\/uploads\/2024\/03\/Talkpal-Logo-Icon.png\",\"width\":2880,\"height\":2880,\"caption\":\"Talkpal, Inc.\"},\"image\":{\"@id\":\"https:\/\/talkpal.ai\/mt\/#\/schema\/logo\/image\/\"},\"sameAs\":[\"https:\/\/www.facebook.com\/profile.php?id=100090733639311\",\"https:\/\/x.com\/talkpalai\",\"https:\/\/www.linkedin.com\/company\/talkpal\/\",\"https:\/\/www.youtube.com\/@TalkPal\/\",\"https:\/\/www.tiktok.com\/@talkpal\",\"https:\/\/www.instagram.com\/talkpal_ai\/\",\"https:\/\/www.crunchbase.com\/organization\/talkpal-9cde\",\"https:\/\/www.g2.com\/products\/talkpal-for-business\/\",\"https:\/\/www.trustpilot.com\/review\/talkpal.ai\",\"https:\/\/www.capterra.com\/p\/10006800\/TalkPal\/\"],\"description\":\"Talkpal is a language learning web and mobile education app, powered by the latest AI technologies, that provides engaging experiences to its customers in many different languages to help them improve their language skills. Users can chat about unlimited amount of topics with the app and use other modes to practice their language learning.\",\"email\":\"support@talkpal.ai\",\"legalName\":\"Talkpal, Inc.\",\"foundingDate\":\"2023-04-03\",\"duns\":\"118989042\",\"numberOfEmployees\":{\"@type\":\"QuantitativeValue\",\"minValue\":\"11\",\"maxValue\":\"50\"},\"publishingPrinciples\":\"https:\/\/talkpal.ai\/publishing-principles\/\",\"actionableFeedbackPolicy\":\"https:\/\/talkpal.ai\/actionable-feedback-policy\/\",\"correctionsPolicy\":\"https:\/\/talkpal.ai\/corrections-policy\/\",\"ethicsPolicy\":\"https:\/\/talkpal.ai\/ethics-policy\/\",\"diversityPolicy\":\"https:\/\/talkpal.ai\/diversity-policy\/\",\"diversityStaffingReport\":\"https:\/\/talkpal.ai\/diversity-policy\/\"}]}<\/script>\n<!-- \/ Yoast SEO Premium plugin. -->","yoast_head_json":{"title":"Dwar - Talkpal","description":"Talkpal huwa tutor tal-lingwa b'AI b'GPT li twaqqaf bil-fidi li t-tag\u0127lim tal-lingwa g\u0127andu jkun a\u010b\u010bessibbli g\u0127al kul\u0127add.","robots":{"index":"index","follow":"follow","max-snippet":"max-snippet:-1","max-image-preview":"max-image-preview:large","max-video-preview":"max-video-preview:-1"},"canonical":"https:\/\/talkpal.ai\/mt\/dwar\/","og_locale":"mt_MT","og_type":"article","og_title":"Dwar","og_description":"Talkpal, Inc. hija kumpanija tat-tag\u0127lim tal-lingwi m\u0127addma bl-AI bil-missjoni li tag\u0127mel it-ta\u0127dit ta' kwalunkwe lingwa a\u010b\u010bessibbli g\u0127al kul\u0127add,","og_url":"https:\/\/talkpal.ai\/mt\/dwar\/","og_site_name":"Talkpal","article_publisher":"https:\/\/www.facebook.com\/profile.php?id=100090733639311","article_modified_time":"2026-03-06T16:34:41+00:00","og_image":[{"width":2880,"height":2880,"url":"https:\/\/talkpal.ai\/wp-content\/uploads\/2024\/03\/Talkpal-Logo-Icon.png","type":"image\/png"}],"twitter_card":"summary_large_image","twitter_site":"@talkpalai","twitter_misc":{"Est. reading time":"4 minutes"},"schema":{"@context":"https:\/\/schema.org","@graph":[{"@type":"WebPage","@id":"https:\/\/talkpal.ai\/mt\/dwar\/","url":"https:\/\/talkpal.ai\/mt\/dwar\/","name":"Dwar - Talkpal","isPartOf":{"@id":"https:\/\/talkpal.ai\/mt\/#website"},"primaryImageOfPage":{"@id":"https:\/\/talkpal.ai\/mt\/dwar\/#primaryimage"},"image":{"@id":"https:\/\/talkpal.ai\/mt\/dwar\/#primaryimage"},"thumbnailUrl":"https:\/\/talkpal.ai\/wp-content\/uploads\/2024\/03\/Talkpal-Logo-Icon.png","datePublished":"2023-04-03T14:56:00+00:00","dateModified":"2026-03-06T16:34:41+00:00","description":"Talkpal huwa tutor tal-lingwa b'AI b'GPT li twaqqaf bil-fidi li t-tag\u0127lim tal-lingwa g\u0127andu jkun a\u010b\u010bessibbli g\u0127al kul\u0127add.","breadcrumb":{"@id":"https:\/\/talkpal.ai\/mt\/dwar\/#breadcrumb"},"inLanguage":"mt-MT","potentialAction":[{"@type":"ReadAction","target":["https:\/\/talkpal.ai\/mt\/dwar\/"]}]},{"@type":"ImageObject","inLanguage":"mt-MT","@id":"https:\/\/talkpal.ai\/mt\/dwar\/#primaryimage","url":"https:\/\/talkpal.ai\/wp-content\/uploads\/2024\/03\/Talkpal-Logo-Icon.png","contentUrl":"https:\/\/talkpal.ai\/wp-content\/uploads\/2024\/03\/Talkpal-Logo-Icon.png","width":2880,"height":2880,"caption":"Logo TalkPal"},{"@type":"BreadcrumbList","@id":"https:\/\/talkpal.ai\/mt\/dwar\/#breadcrumb","itemListElement":[{"@type":"ListItem","position":1,"name":"Homepage","item":"https:\/\/talkpal.ai\/mt\/"},{"@type":"ListItem","position":2,"name":"Dwar"}]},{"@type":"WebSite","@id":"https:\/\/talkpal.ai\/mt\/#website","url":"https:\/\/talkpal.ai\/mt\/","name":"Talkpal","description":"AI Language Learning","publisher":{"@id":"https:\/\/talkpal.ai\/mt\/#organization"},"alternateName":"Talkpal AI","potentialAction":[{"@type":"SearchAction","target":{"@type":"EntryPoint","urlTemplate":"https:\/\/talkpal.ai\/mt\/?s={search_term_string}"},"query-input":{"@type":"PropertyValueSpecification","valueRequired":true,"valueName":"search_term_string"}}],"inLanguage":"mt-MT"},{"@type":"Organization","@id":"https:\/\/talkpal.ai\/mt\/#organization","name":"Talkpal, Inc.","alternateName":"Talkpal AI","url":"https:\/\/talkpal.ai\/mt\/","logo":{"@type":"ImageObject","inLanguage":"mt-MT","@id":"https:\/\/talkpal.ai\/mt\/#\/schema\/logo\/image\/","url":"https:\/\/talkpal.ai\/wp-content\/uploads\/2024\/03\/Talkpal-Logo-Icon.png","contentUrl":"https:\/\/talkpal.ai\/wp-content\/uploads\/2024\/03\/Talkpal-Logo-Icon.png","width":2880,"height":2880,"caption":"Talkpal, Inc."},"image":{"@id":"https:\/\/talkpal.ai\/mt\/#\/schema\/logo\/image\/"},"sameAs":["https:\/\/www.facebook.com\/profile.php?id=100090733639311","https:\/\/x.com\/talkpalai","https:\/\/www.linkedin.com\/company\/talkpal\/","https:\/\/www.youtube.com\/@TalkPal\/","https:\/\/www.tiktok.com\/@talkpal","https:\/\/www.instagram.com\/talkpal_ai\/","https:\/\/www.crunchbase.com\/organization\/talkpal-9cde","https:\/\/www.g2.com\/products\/talkpal-for-business\/","https:\/\/www.trustpilot.com\/review\/talkpal.ai","https:\/\/www.capterra.com\/p\/10006800\/TalkPal\/"],"description":"Talkpal is a language learning web and mobile education app, powered by the latest AI technologies, that provides engaging experiences to its customers in many different languages to help them improve their language skills. Users can chat about unlimited amount of topics with the app and use other modes to practice their language learning.","email":"support@talkpal.ai","legalName":"Talkpal, Inc.","foundingDate":"2023-04-03","duns":"118989042","numberOfEmployees":{"@type":"QuantitativeValue","minValue":"11","maxValue":"50"},"publishingPrinciples":"https:\/\/talkpal.ai\/publishing-principles\/","actionableFeedbackPolicy":"https:\/\/talkpal.ai\/actionable-feedback-policy\/","correctionsPolicy":"https:\/\/talkpal.ai\/corrections-policy\/","ethicsPolicy":"https:\/\/talkpal.ai\/ethics-policy\/","diversityPolicy":"https:\/\/talkpal.ai\/diversity-policy\/","diversityStaffingReport":"https:\/\/talkpal.ai\/diversity-policy\/"}]}},"_links":{"self":[{"href":"https:\/\/talkpal.ai\/mt\/wp-json\/wp\/v2\/pages\/1442518","targetHints":{"allow":["GET"]}}],"collection":[{"href":"https:\/\/talkpal.ai\/mt\/wp-json\/wp\/v2\/pages"}],"about":[{"href":"https:\/\/talkpal.ai\/mt\/wp-json\/wp\/v2\/types\/page"}],"author":[{"embeddable":true,"href":"https:\/\/talkpal.ai\/mt\/wp-json\/wp\/v2\/users\/1"}],"replies":[{"embeddable":true,"href":"https:\/\/talkpal.ai\/mt\/wp-json\/wp\/v2\/comments?post=1442518"}],"version-history":[{"count":0,"href":"https:\/\/talkpal.ai\/mt\/wp-json\/wp\/v2\/pages\/1442518\/revisions"}],"wp:featuredmedia":[{"embeddable":true,"href":"https:\/\/talkpal.ai\/mt\/wp-json\/wp\/v2\/media\/1439662"}],"wp:attachment":[{"href":"https:\/\/talkpal.ai\/mt\/wp-json\/wp\/v2\/media?parent=1442518"}],"curies":[{"name":"wp","href":"https:\/\/api.w.org\/{rel}","templated":true}]}}