{"id":1441287,"date":"2023-12-20T15:42:12","date_gmt":"2023-12-20T15:42:12","guid":{"rendered":"https:\/\/talkpal.ai\/istruzzjonijiet-ghaz-zieda-tal-kodici-tal-kupun-fstripe-checkout\/"},"modified":"2025-09-06T15:50:15","modified_gmt":"2025-09-06T15:50:15","slug":"istruzzjonijiet-ghaz-zieda-tal-kodici-tal-kupun-fstripe-checkout","status":"publish","type":"page","link":"https:\/\/talkpal.ai\/mt\/istruzzjonijiet-ghaz-zieda-tal-kodici-tal-kupun-fstripe-checkout\/","title":{"rendered":"Istruzzjonijiet g\u0127a\u017c-\u017bieda tal-Kodi\u010bi tal-Kupun f&#8217;Stripe Checkout"},"content":{"rendered":"\n<p>\u017bid il-kodi\u010bi tal-kupun u tikseb skont.<\/p>\n\n<h2 class=\"wp-block-heading\" id=\"h-follow-the-steps\">Segwi l-passi<\/h2>\n\n<h3 class=\"wp-block-heading\" id=\"h-step-1\">Pass 1:<\/h3>\n\n<p>Ag\u0127\u017cel pjan preferut.<\/p>\n\n<figure class=\"wp-block-image\"><img decoding=\"async\" src=\"https:\/\/talkpal.ai\/wp-content\/uploads\/2024\/12\/Choos-plan-screen-768x389.png\" alt=\"\"\/><\/figure>\n\n<h3 class=\"wp-block-heading\" id=\"h-step-2\">Pass 2:<\/h3>\n\n<p>Ag\u0127\u017cel l-g\u0127a\u017cla li t\u0127allas bl-u\u017cu ta &#8216;kard u ag\u0127fas il-buttuna tal-bidu.<\/p>\n\n<figure class=\"wp-block-image\"><img decoding=\"async\" src=\"https:\/\/talkpal.ai\/wp-content\/uploads\/2024\/12\/Payment-method-screen-768x389.png\" alt=\"\"\/><\/figure>\n\n<h3 class=\"wp-block-heading\" id=\"h-step-3\">Pass 3:<\/h3>\n\n<p>Int ser ti\u0121i ridirett lejn il-pa\u0121na ta\u010b-checkout ta &#8216;Stripe.<\/p>\n\n<h3 class=\"wp-block-heading\" id=\"h-step-4\">Pass 4:<\/h3>\n\n<p>Ag\u0127fas &#8216;\u017bid il-Kodi\u010bi tal-Promozzjoni&#8217; u ttajpja l-Kodi\u010bi, pere\u017cempju: <strong>JOIN25<\/strong> u ag\u0127fas &#8216;Applika&#8217;.<\/p>\n\n<figure class=\"wp-block-image\"><img decoding=\"async\" src=\"https:\/\/talkpal.ai\/wp-content\/uploads\/2024\/05\/Talkpal-Stripe-instructions-1024x593.png\" alt=\"\"\/><\/figure>\n\n<h3 class=\"wp-block-heading\" id=\"h-step-5\">Pass 5:<\/h3>\n\n<p>Imla l-informazzjoni tal-karta tieg\u0127ek u ibda tesplora l-kont Premium tieg\u0127ek.<\/p>\n\n<p><\/p>\n","protected":false},"excerpt":{"rendered":"<p>\u017bid il-kodi\u010bi tal-kupun u tikseb skont. Segwi l-passi Pass 1: Ag\u0127\u017cel pjan preferut. Pass 2: Ag\u0127\u017cel l-g\u0127a\u017cla li t\u0127allas bl-u\u017cu ta &#8216;kard u ag\u0127fas il-buttuna tal-bidu. Pass 3: Int ser ti\u0121i ridirett lejn il-pa\u0121na ta\u010b-checkout ta &#8216;Stripe. Pass 4: Ag\u0127fas &#8216;\u017bid il-Kodi\u010bi tal-Promozzjoni&#8217; u ttajpja l-Kodi\u010bi, pere\u017cempju: JOIN25 u ag\u0127fas &#8216;Applika&#8217;. Pass 5: Imla l-informazzjoni [&hellip;]<\/p>\n","protected":false},"author":6,"featured_media":1439662,"parent":0,"menu_order":0,"comment_status":"closed","ping_status":"closed","template":"","meta":{"_acf_changed":false,"footnotes":""},"class_list":["post-1441287","page","type-page","status-publish","has-post-thumbnail","hentry"],"acf":[],"yoast_head":"<!-- This site is optimized with the Yoast SEO Premium plugin v27.2 (Yoast SEO v27.2) - https:\/\/yoast.com\/product\/yoast-seo-premium-wordpress\/ -->\n<title>Istruzzjonijiet g\u0127a\u017c-\u017bieda tal-Kodi\u010bi tal-Kupun f&#039;Stripe Checkout - Talkpal<\/title>\n<meta name=\"description\" content=\"Tg\u0127allem kif i\u017c\u017cid fa\u010bilment kodi\u010bijiet tal-kupun fi Stripe Checkout. Segwi passi sempli\u010bi biex ittejjeb l-esperjenza ta\u010b-checkout tal-klijent.\" \/>\n<meta name=\"robots\" content=\"index, follow, max-snippet:-1, max-image-preview:large, max-video-preview:-1\" \/>\n<link rel=\"canonical\" href=\"https:\/\/talkpal.ai\/mt\/istruzzjonijiet-ghaz-zieda-tal-kodici-tal-kupun-fstripe-checkout\/\" \/>\n<meta property=\"og:locale\" content=\"mt_MT\" \/>\n<meta property=\"og:type\" content=\"article\" \/>\n<meta property=\"og:title\" content=\"Istruzzjonijiet g\u0127a\u017c-\u017bieda tal-Kodi\u010bi tal-Kupun f&#039;Stripe Checkout\" \/>\n<meta property=\"og:description\" content=\"\u017bid il-kodi\u010bi tal-kupun u tikseb skont. Segwi l-passi Pass 1: Ag\u0127\u017cel pjan preferut. Pass 2: Ag\u0127\u017cel l-g\u0127a\u017cla li t\u0127allas bl-u\u017cu ta &#039;kard u ag\u0127fas il-buttuna\" \/>\n<meta property=\"og:url\" content=\"https:\/\/talkpal.ai\/mt\/istruzzjonijiet-ghaz-zieda-tal-kodici-tal-kupun-fstripe-checkout\/\" \/>\n<meta property=\"og:site_name\" content=\"Talkpal\" \/>\n<meta property=\"article:publisher\" content=\"https:\/\/www.facebook.com\/profile.php?id=100090733639311\" \/>\n<meta property=\"article:modified_time\" content=\"2025-09-06T15:50:15+00:00\" \/>\n<meta property=\"og:image\" content=\"https:\/\/talkpal.ai\/wp-content\/uploads\/2024\/03\/Talkpal-Logo-Icon.png\" \/>\n\t<meta property=\"og:image:width\" content=\"2880\" \/>\n\t<meta property=\"og:image:height\" content=\"2880\" \/>\n\t<meta property=\"og:image:type\" content=\"image\/png\" \/>\n<meta name=\"twitter:card\" content=\"summary_large_image\" \/>\n<meta name=\"twitter:site\" content=\"@talkpalai\" \/>\n<script type=\"application\/ld+json\" class=\"yoast-schema-graph\">{\"@context\":\"https:\/\/schema.org\",\"@graph\":[{\"@type\":\"WebPage\",\"@id\":\"https:\/\/talkpal.ai\/mt\/istruzzjonijiet-ghaz-zieda-tal-kodici-tal-kupun-fstripe-checkout\/\",\"url\":\"https:\/\/talkpal.ai\/mt\/istruzzjonijiet-ghaz-zieda-tal-kodici-tal-kupun-fstripe-checkout\/\",\"name\":\"Istruzzjonijiet g\u0127a\u017c-\u017bieda tal-Kodi\u010bi tal-Kupun f'Stripe Checkout - Talkpal\",\"isPartOf\":{\"@id\":\"https:\/\/talkpal.ai\/mt\/#website\"},\"primaryImageOfPage\":{\"@id\":\"https:\/\/talkpal.ai\/mt\/istruzzjonijiet-ghaz-zieda-tal-kodici-tal-kupun-fstripe-checkout\/#primaryimage\"},\"image\":{\"@id\":\"https:\/\/talkpal.ai\/mt\/istruzzjonijiet-ghaz-zieda-tal-kodici-tal-kupun-fstripe-checkout\/#primaryimage\"},\"thumbnailUrl\":\"https:\/\/talkpal.ai\/wp-content\/uploads\/2024\/03\/Talkpal-Logo-Icon.png\",\"datePublished\":\"2023-12-20T15:42:12+00:00\",\"dateModified\":\"2025-09-06T15:50:15+00:00\",\"description\":\"Tg\u0127allem kif i\u017c\u017cid fa\u010bilment kodi\u010bijiet tal-kupun fi Stripe Checkout. Segwi passi sempli\u010bi biex ittejjeb l-esperjenza ta\u010b-checkout tal-klijent.\",\"breadcrumb\":{\"@id\":\"https:\/\/talkpal.ai\/mt\/istruzzjonijiet-ghaz-zieda-tal-kodici-tal-kupun-fstripe-checkout\/#breadcrumb\"},\"inLanguage\":\"mt-MT\",\"potentialAction\":[{\"@type\":\"ReadAction\",\"target\":[\"https:\/\/talkpal.ai\/mt\/istruzzjonijiet-ghaz-zieda-tal-kodici-tal-kupun-fstripe-checkout\/\"]}]},{\"@type\":\"ImageObject\",\"inLanguage\":\"mt-MT\",\"@id\":\"https:\/\/talkpal.ai\/mt\/istruzzjonijiet-ghaz-zieda-tal-kodici-tal-kupun-fstripe-checkout\/#primaryimage\",\"url\":\"https:\/\/talkpal.ai\/wp-content\/uploads\/2024\/03\/Talkpal-Logo-Icon.png\",\"contentUrl\":\"https:\/\/talkpal.ai\/wp-content\/uploads\/2024\/03\/Talkpal-Logo-Icon.png\",\"width\":2880,\"height\":2880,\"caption\":\"Logo TalkPal\"},{\"@type\":\"BreadcrumbList\",\"@id\":\"https:\/\/talkpal.ai\/mt\/istruzzjonijiet-ghaz-zieda-tal-kodici-tal-kupun-fstripe-checkout\/#breadcrumb\",\"itemListElement\":[{\"@type\":\"ListItem\",\"position\":1,\"name\":\"Homepage\",\"item\":\"https:\/\/talkpal.ai\/mt\/\"},{\"@type\":\"ListItem\",\"position\":2,\"name\":\"Istruzzjonijiet g\u0127a\u017c-\u017bieda tal-Kodi\u010bi tal-Kupun f&#8217;Stripe Checkout\"}]},{\"@type\":\"WebSite\",\"@id\":\"https:\/\/talkpal.ai\/mt\/#website\",\"url\":\"https:\/\/talkpal.ai\/mt\/\",\"name\":\"Talkpal\",\"description\":\"AI Language Learning\",\"publisher\":{\"@id\":\"https:\/\/talkpal.ai\/mt\/#organization\"},\"alternateName\":\"Talkpal AI\",\"potentialAction\":[{\"@type\":\"SearchAction\",\"target\":{\"@type\":\"EntryPoint\",\"urlTemplate\":\"https:\/\/talkpal.ai\/mt\/?s={search_term_string}\"},\"query-input\":{\"@type\":\"PropertyValueSpecification\",\"valueRequired\":true,\"valueName\":\"search_term_string\"}}],\"inLanguage\":\"mt-MT\"},{\"@type\":\"Organization\",\"@id\":\"https:\/\/talkpal.ai\/mt\/#organization\",\"name\":\"Talkpal, Inc.\",\"alternateName\":\"Talkpal AI\",\"url\":\"https:\/\/talkpal.ai\/mt\/\",\"logo\":{\"@type\":\"ImageObject\",\"inLanguage\":\"mt-MT\",\"@id\":\"https:\/\/talkpal.ai\/mt\/#\/schema\/logo\/image\/\",\"url\":\"https:\/\/talkpal.ai\/wp-content\/uploads\/2024\/03\/Talkpal-Logo-Icon.png\",\"contentUrl\":\"https:\/\/talkpal.ai\/wp-content\/uploads\/2024\/03\/Talkpal-Logo-Icon.png\",\"width\":2880,\"height\":2880,\"caption\":\"Talkpal, Inc.\"},\"image\":{\"@id\":\"https:\/\/talkpal.ai\/mt\/#\/schema\/logo\/image\/\"},\"sameAs\":[\"https:\/\/www.facebook.com\/profile.php?id=100090733639311\",\"https:\/\/x.com\/talkpalai\",\"https:\/\/www.linkedin.com\/company\/talkpal\/\",\"https:\/\/www.youtube.com\/@TalkPal\/\",\"https:\/\/www.tiktok.com\/@talkpal\",\"https:\/\/www.instagram.com\/talkpal_ai\/\",\"https:\/\/www.crunchbase.com\/organization\/talkpal-9cde\",\"https:\/\/www.g2.com\/products\/talkpal-for-business\/\",\"https:\/\/www.trustpilot.com\/review\/talkpal.ai\",\"https:\/\/www.capterra.com\/p\/10006800\/TalkPal\/\"],\"description\":\"Talkpal is a language learning web and mobile education app, powered by the latest AI technologies, that provides engaging experiences to its customers in many different languages to help them improve their language skills. Users can chat about unlimited amount of topics with the app and use other modes to practice their language learning.\",\"email\":\"support@talkpal.ai\",\"legalName\":\"Talkpal, Inc.\",\"foundingDate\":\"2023-04-03\",\"duns\":\"118989042\",\"numberOfEmployees\":{\"@type\":\"QuantitativeValue\",\"minValue\":\"11\",\"maxValue\":\"50\"},\"publishingPrinciples\":\"https:\/\/talkpal.ai\/publishing-principles\/\",\"actionableFeedbackPolicy\":\"https:\/\/talkpal.ai\/actionable-feedback-policy\/\",\"correctionsPolicy\":\"https:\/\/talkpal.ai\/corrections-policy\/\",\"ethicsPolicy\":\"https:\/\/talkpal.ai\/ethics-policy\/\",\"diversityPolicy\":\"https:\/\/talkpal.ai\/diversity-policy\/\",\"diversityStaffingReport\":\"https:\/\/talkpal.ai\/diversity-policy\/\"}]}<\/script>\n<!-- \/ Yoast SEO Premium plugin. -->","yoast_head_json":{"title":"Istruzzjonijiet g\u0127a\u017c-\u017bieda tal-Kodi\u010bi tal-Kupun f'Stripe Checkout - Talkpal","description":"Tg\u0127allem kif i\u017c\u017cid fa\u010bilment kodi\u010bijiet tal-kupun fi Stripe Checkout. Segwi passi sempli\u010bi biex ittejjeb l-esperjenza ta\u010b-checkout tal-klijent.","robots":{"index":"index","follow":"follow","max-snippet":"max-snippet:-1","max-image-preview":"max-image-preview:large","max-video-preview":"max-video-preview:-1"},"canonical":"https:\/\/talkpal.ai\/mt\/istruzzjonijiet-ghaz-zieda-tal-kodici-tal-kupun-fstripe-checkout\/","og_locale":"mt_MT","og_type":"article","og_title":"Istruzzjonijiet g\u0127a\u017c-\u017bieda tal-Kodi\u010bi tal-Kupun f'Stripe Checkout","og_description":"\u017bid il-kodi\u010bi tal-kupun u tikseb skont. Segwi l-passi Pass 1: Ag\u0127\u017cel pjan preferut. Pass 2: Ag\u0127\u017cel l-g\u0127a\u017cla li t\u0127allas bl-u\u017cu ta 'kard u ag\u0127fas il-buttuna","og_url":"https:\/\/talkpal.ai\/mt\/istruzzjonijiet-ghaz-zieda-tal-kodici-tal-kupun-fstripe-checkout\/","og_site_name":"Talkpal","article_publisher":"https:\/\/www.facebook.com\/profile.php?id=100090733639311","article_modified_time":"2025-09-06T15:50:15+00:00","og_image":[{"width":2880,"height":2880,"url":"https:\/\/talkpal.ai\/wp-content\/uploads\/2024\/03\/Talkpal-Logo-Icon.png","type":"image\/png"}],"twitter_card":"summary_large_image","twitter_site":"@talkpalai","schema":{"@context":"https:\/\/schema.org","@graph":[{"@type":"WebPage","@id":"https:\/\/talkpal.ai\/mt\/istruzzjonijiet-ghaz-zieda-tal-kodici-tal-kupun-fstripe-checkout\/","url":"https:\/\/talkpal.ai\/mt\/istruzzjonijiet-ghaz-zieda-tal-kodici-tal-kupun-fstripe-checkout\/","name":"Istruzzjonijiet g\u0127a\u017c-\u017bieda tal-Kodi\u010bi tal-Kupun f'Stripe Checkout - Talkpal","isPartOf":{"@id":"https:\/\/talkpal.ai\/mt\/#website"},"primaryImageOfPage":{"@id":"https:\/\/talkpal.ai\/mt\/istruzzjonijiet-ghaz-zieda-tal-kodici-tal-kupun-fstripe-checkout\/#primaryimage"},"image":{"@id":"https:\/\/talkpal.ai\/mt\/istruzzjonijiet-ghaz-zieda-tal-kodici-tal-kupun-fstripe-checkout\/#primaryimage"},"thumbnailUrl":"https:\/\/talkpal.ai\/wp-content\/uploads\/2024\/03\/Talkpal-Logo-Icon.png","datePublished":"2023-12-20T15:42:12+00:00","dateModified":"2025-09-06T15:50:15+00:00","description":"Tg\u0127allem kif i\u017c\u017cid fa\u010bilment kodi\u010bijiet tal-kupun fi Stripe Checkout. Segwi passi sempli\u010bi biex ittejjeb l-esperjenza ta\u010b-checkout tal-klijent.","breadcrumb":{"@id":"https:\/\/talkpal.ai\/mt\/istruzzjonijiet-ghaz-zieda-tal-kodici-tal-kupun-fstripe-checkout\/#breadcrumb"},"inLanguage":"mt-MT","potentialAction":[{"@type":"ReadAction","target":["https:\/\/talkpal.ai\/mt\/istruzzjonijiet-ghaz-zieda-tal-kodici-tal-kupun-fstripe-checkout\/"]}]},{"@type":"ImageObject","inLanguage":"mt-MT","@id":"https:\/\/talkpal.ai\/mt\/istruzzjonijiet-ghaz-zieda-tal-kodici-tal-kupun-fstripe-checkout\/#primaryimage","url":"https:\/\/talkpal.ai\/wp-content\/uploads\/2024\/03\/Talkpal-Logo-Icon.png","contentUrl":"https:\/\/talkpal.ai\/wp-content\/uploads\/2024\/03\/Talkpal-Logo-Icon.png","width":2880,"height":2880,"caption":"Logo TalkPal"},{"@type":"BreadcrumbList","@id":"https:\/\/talkpal.ai\/mt\/istruzzjonijiet-ghaz-zieda-tal-kodici-tal-kupun-fstripe-checkout\/#breadcrumb","itemListElement":[{"@type":"ListItem","position":1,"name":"Homepage","item":"https:\/\/talkpal.ai\/mt\/"},{"@type":"ListItem","position":2,"name":"Istruzzjonijiet g\u0127a\u017c-\u017bieda tal-Kodi\u010bi tal-Kupun f&#8217;Stripe Checkout"}]},{"@type":"WebSite","@id":"https:\/\/talkpal.ai\/mt\/#website","url":"https:\/\/talkpal.ai\/mt\/","name":"Talkpal","description":"AI Language Learning","publisher":{"@id":"https:\/\/talkpal.ai\/mt\/#organization"},"alternateName":"Talkpal AI","potentialAction":[{"@type":"SearchAction","target":{"@type":"EntryPoint","urlTemplate":"https:\/\/talkpal.ai\/mt\/?s={search_term_string}"},"query-input":{"@type":"PropertyValueSpecification","valueRequired":true,"valueName":"search_term_string"}}],"inLanguage":"mt-MT"},{"@type":"Organization","@id":"https:\/\/talkpal.ai\/mt\/#organization","name":"Talkpal, Inc.","alternateName":"Talkpal AI","url":"https:\/\/talkpal.ai\/mt\/","logo":{"@type":"ImageObject","inLanguage":"mt-MT","@id":"https:\/\/talkpal.ai\/mt\/#\/schema\/logo\/image\/","url":"https:\/\/talkpal.ai\/wp-content\/uploads\/2024\/03\/Talkpal-Logo-Icon.png","contentUrl":"https:\/\/talkpal.ai\/wp-content\/uploads\/2024\/03\/Talkpal-Logo-Icon.png","width":2880,"height":2880,"caption":"Talkpal, Inc."},"image":{"@id":"https:\/\/talkpal.ai\/mt\/#\/schema\/logo\/image\/"},"sameAs":["https:\/\/www.facebook.com\/profile.php?id=100090733639311","https:\/\/x.com\/talkpalai","https:\/\/www.linkedin.com\/company\/talkpal\/","https:\/\/www.youtube.com\/@TalkPal\/","https:\/\/www.tiktok.com\/@talkpal","https:\/\/www.instagram.com\/talkpal_ai\/","https:\/\/www.crunchbase.com\/organization\/talkpal-9cde","https:\/\/www.g2.com\/products\/talkpal-for-business\/","https:\/\/www.trustpilot.com\/review\/talkpal.ai","https:\/\/www.capterra.com\/p\/10006800\/TalkPal\/"],"description":"Talkpal is a language learning web and mobile education app, powered by the latest AI technologies, that provides engaging experiences to its customers in many different languages to help them improve their language skills. Users can chat about unlimited amount of topics with the app and use other modes to practice their language learning.","email":"support@talkpal.ai","legalName":"Talkpal, Inc.","foundingDate":"2023-04-03","duns":"118989042","numberOfEmployees":{"@type":"QuantitativeValue","minValue":"11","maxValue":"50"},"publishingPrinciples":"https:\/\/talkpal.ai\/publishing-principles\/","actionableFeedbackPolicy":"https:\/\/talkpal.ai\/actionable-feedback-policy\/","correctionsPolicy":"https:\/\/talkpal.ai\/corrections-policy\/","ethicsPolicy":"https:\/\/talkpal.ai\/ethics-policy\/","diversityPolicy":"https:\/\/talkpal.ai\/diversity-policy\/","diversityStaffingReport":"https:\/\/talkpal.ai\/diversity-policy\/"}]}},"_links":{"self":[{"href":"https:\/\/talkpal.ai\/mt\/wp-json\/wp\/v2\/pages\/1441287","targetHints":{"allow":["GET"]}}],"collection":[{"href":"https:\/\/talkpal.ai\/mt\/wp-json\/wp\/v2\/pages"}],"about":[{"href":"https:\/\/talkpal.ai\/mt\/wp-json\/wp\/v2\/types\/page"}],"author":[{"embeddable":true,"href":"https:\/\/talkpal.ai\/mt\/wp-json\/wp\/v2\/users\/6"}],"replies":[{"embeddable":true,"href":"https:\/\/talkpal.ai\/mt\/wp-json\/wp\/v2\/comments?post=1441287"}],"version-history":[{"count":0,"href":"https:\/\/talkpal.ai\/mt\/wp-json\/wp\/v2\/pages\/1441287\/revisions"}],"wp:featuredmedia":[{"embeddable":true,"href":"https:\/\/talkpal.ai\/mt\/wp-json\/wp\/v2\/media\/1439662"}],"wp:attachment":[{"href":"https:\/\/talkpal.ai\/mt\/wp-json\/wp\/v2\/media?parent=1441287"}],"curies":[{"name":"wp","href":"https:\/\/api.w.org\/{rel}","templated":true}]}}