{"id":153406,"date":"2023-05-14T14:24:42","date_gmt":"2023-05-14T14:24:42","guid":{"rendered":"http:\/\/talkpal.ai\/tatabahasa-thai\/"},"modified":"2025-12-13T15:47:36","modified_gmt":"2025-12-13T15:47:36","slug":"tatabahasa-thai","status":"publish","type":"page","link":"https:\/\/talkpal.ai\/ms\/tatabahasa-thai\/","title":{"rendered":"Tatabahasa Thai"},"content":{"rendered":"\r\n\r\n\r\n<section class=\"languageChallengeSection\">\r\n    <div class=\"languageInfoWrapper\">\r\n        \r\n        <h1>Tatabahasa Thai<\/h1>\r\n        <p>Pelajari <a href=\"https:\/\/talkpal.ai\/thai-grammar\/\">tatabahasa Thai<\/a> dan alami keindahan bahasa yang logik dan ekspresif. Mulakan perjalanan anda dan buka pintu kepada cara berfikir dan bercakap yang menarik!<\/p>\r\n\r\n                            <a class=\"getStartedHidden\" href=\"https:\/\/app.talkpal.ai\/ms\/signup?lng=\">Mula<\/a>\r\n        \r\n    <\/div>\r\n\r\n    <figure>\r\n    <img decoding=\"async\" width=\"768\" height=\"768\" src=\"https:\/\/talkpal.ai\/wp-content\/uploads\/2023\/06\/thai-768x768.png\" class=\"languageImage no-lazy\" alt=\"Language learning for improved thought process\" fetchpriority=\"high\" sizes=\"(max-width: 768px) 150px, 768px\" srcset=\"https:\/\/talkpal.ai\/wp-content\/uploads\/2023\/06\/thai-768x768.png 768w, https:\/\/talkpal.ai\/wp-content\/uploads\/2023\/06\/thai-300x300.png 300w\" \/>\r\n    \r\n\r\n    <\/figure>\r\n\r\n            <a class=\"getStartedVisible\" href=\"https:\/\/app.talkpal.ai\/ms\/signup?lng=\">Mula<\/a>\r\n    \r\n<\/section>\r\n<section class=\"promotionalBanner\">\r\n    <p class=\"promotionalText\">Cara paling berkesan untuk mempelajari bahasa<\/p>\r\n    <a class=\"promotionalLink\" href=\"https:\/\/app.talkpal.ai\/ms\/signup?lng=\">Cuba Talkpal secara percuma<\/a>\r\n<\/section>\n<div class=\"wp-block-group pageContainerStyle\"><div class=\"wp-block-group__inner-container is-layout-constrained wp-block-group-is-layout-constrained\">\n<h2 class=\"wp-block-heading\" id=\"h-thai-grammar-exploring-a-unique-linguistic-world\">Tatabahasa Thai: Meneroka Dunia Linguistik yang Unik<\/h2>\n\n\n\n<p><a href=\"https:\/\/talkpal.ai\/grammar\/\">Tatabahasa<\/a> <a href=\"https:\/\/talkpal.ai\/learn-thai\/\">Thai<\/a> \u2013 nampaknya penuh teka-teki, eksotik dan menawan hati. Semasa anda memulakan perjalanan anda untuk mempelajari <a href=\"https:\/\/talkpal.ai\/id\/belajar-bahasa-thai\/\">bahasa Thai<\/a>, anda mungkin mendapati diri anda tidak disangka-sangka terpesona dengan tatabahasanya. Jangan takut, rakan-rakan peneroka linguistik saya! <a href=\"https:\/\/talkpal.ai\/locations\/language-courses-in-kami\/\">Kami<\/a> berada di sini untuk menawarkan bimbingan dan sokongan mengenai pengembaraan yang menarik ini!<\/p>\n\n\n\n<p>Dalam artikel ini, kita menyelidiki aspek teras tatabahasa Thai, memecahkan konsep utama, menjelaskan peraturan, dan juga memudahkan kerumitan. Sertai <a href=\"https:\/\/talkpal.ai\/locations\/language-courses-in-kami\/\">kami<\/a> sambil mengangkat tudung pada tatabahasa Thai dan menyalakan semangat anda untuk bahasa yang unik ini!<\/p>\n\n\n\n<h3 class=\"wp-block-heading\" id=\"h-1-nouns-no-plurals-no-genders-no-worries\">1. Kata nama: tiada jamak, tiada jantina, jangan risau!<\/h3>\n\n\n\n<p>Keindahan tatabahasa Thai terletak pada kesederhanaannya mengenai kata nama. Kata nama Thai tidak mempunyai jantina atau bentuk jamak, menjadikannya mudah digunakan dan difahami. Untuk menunjukkan kemajmukan, hanya tambahkan perkataan kuantiti seperti \u201cbanyak\u201d (\u0e21\u0e32\u0e01, m\u00e2ak) atau \u201cbeberapa\u201d (\u0e1a\u0e49\u0e32\u0e07, b\u00e2ang) atau ulangi kata nama untuk menekankan makna jamak.<\/p>\n\n\n\n<h3 class=\"wp-block-heading\" id=\"h-2-pronouns-choose-wisely-based-on-politeness\">2. Kata ganti: Pilih dengan bijak berdasarkan kesopanan<\/h3>\n\n\n\n<p>Memilih kata ganti yang sesuai adalah penting dalam tatabahasa Thai untuk menunjukkan rasa hormat dan <a href=\"https:\/\/talkpal.ai\/culture\/how-do-you-call-someone-humble-in-malay\/\">rendah hati<\/a>. Kata ganti nama Thai berbeza-beza berdasarkan jantina, umur dan perhubungan penutur dan pendengar. Sebagai contoh, &#8220;\u0e09\u0e31\u0e19&#8221; (ch\u0103n) ialah kata ganti nama diri pertama yang tidak formal, manakala &#8220;\u0e1c\u0e21&#8221; (p\u014fm) sering digunakan oleh lelaki dalam situasi yang lebih formal.<\/p>\n\n\n\n<p>Untuk melakukan kesilapan di sisi kesopanan, gunakan \u201c\u0e04\u0e38\u0e13\u201d (kun) untuk \u201canda\u201d dan \u201c\u0e40\u0e02\u0e32\u201d (k\u0103o) untuk \u201cdia\/mereka\u201d.<\/p>\n\n\n\n<h3 class=\"wp-block-heading\" id=\"h-3-verbs-no-conjugation-or-tenses-only-particles\">3. Kata kerja: tiada konjugasi atau tegang, hanya zarah<\/h3>\n\n\n\n<p>Dalam tatabahasa Thai, kata kerja kekal tidak berubah tanpa mengira tegang, mood, atau subjek. Sebaliknya, bahasa Thai bergantung pada kata-kata mudah yang dikenali sebagai zarah untuk menunjukkan tegang atau sikap ayat tersebut. Zarah-zarah ini diletakkan pada akhir ayat.<\/p>\n\n\n\n<p>Sebagai contoh, zarah \u201c\u0e41\u0e25\u0e49\u0e27\u201d (l\u00e1ew) menunjukkan kala lampau atau tindakan selesai dan \u201c\u0e01\u0e33\u0e25\u0e31\u0e07\u201d (gam-lang) digunakan untuk tindakan yang sedang dijalankan. Oleh itu, \u201c\u0e40\u0e02\u0e32\u0e01\u0e34\u0e19\u201d (k\u0103o gin) bermaksud \u201cdia makan,\u201d manakala \u201c\u0e40\u0e02\u0e32\u0e01\u0e34\u0e19\u0e41\u0e25\u0e49\u0e27\u201d (k\u0103o gin l\u00e1ew) bermaksud \u201cdia makan\u201d.<\/p>\n\n\n\n<h3 class=\"wp-block-heading\" id=\"h-4-sentence-structure-clear-and-straightforward\">4. Struktur Ayat: Jelas dan Mudah<\/h3>\n\n\n\n<p>Tatabahasa Thai mengikuti struktur ayat Subjek-Kata Kerja-Objek (SVO), sama seperti bahasa Inggeris, yang memudahkan pemahaman untuk penutur bahasa Inggeris. Peraturan utama ialah kata sifat, kata keterangan, dan perkataan deskriptif lain mengikut kata nama atau kata kerja yang mereka terangkan.<\/p>\n\n\n\n<p>Contohnya, \u201c\u0e1c\u0e21\u0e0a\u0e2d\u0e1a\u0e2b\u0e19\u0e31\u0e07\u0e2a\u0e37\u0e2d\u0e19\u0e35\u0e49\u201d (p\u014fm ch\u00e2wp n\u0103ng s\u011bu n\u00e9e) diterjemahkan kepada \u201cSaya (subjek) suka (kata kerja) buku ini (objek).\u201d<\/p>\n\n\n\n<h3 class=\"wp-block-heading\" id=\"h-5-immerse-yourself-in-thai-practice-makes-perfect\">5. Melibatkan diri dalam bahasa Thai: Amalan Menjadikan Sempurna<\/h3>\n\n\n\n<p>Memahami dan menguasai tatabahasa Thai pada mulanya mungkin kelihatan mencabar, tetapi kuncinya adalah kegigihan dan amalan yang konsisten. Libatkan semua deria anda dengan menenggelamkan diri anda dalam bahasa, membaca, menulis, mendengar, dan berbual dengan penutur asli. Lebih banyak pendedahan yang anda ada kepada tatabahasa Thai, lebih banyak konsep eksotik ini akan berasa biasa dan selesa.<\/p>\n\n\n\n<p>Jadi, adakah anda bersedia untuk menyelami dunia tatabahasa Thai yang menarik? Hayati cabaran dan ciri-ciri unik tatabahasa Thai dan, dengan masa, dedikasi, dan rasa pengembaraan, anda boleh membuka kunci keindahan bahasa Thai yang menawan.<\/p>\n<\/div><\/div>\n\r\n<section class=\"learnNavigationSection\">\r\n            \r\n        <a href=\"https:\/\/talkpal.ai\/ms\/belajar-bahasa-thai\/\">\r\n            <div class=\"learnNavigationWrapper\">\r\n                <div class=\"learnNavigationContent\">\r\n                    <img decoding=\"async\" src=\"https:\/\/talkpal.ai\/wp-content\/uploads\/2024\/08\/Thai.jpg\" alt=\"Thai Flag\">\r\n                    <div>\r\n                        <h4>Mengenai Pembelajaran Thai<\/h4>\r\n                        <p>Ketahui semua tentang tatabahasa Thai .<\/p>\r\n                    <\/div>\r\n                <\/div>\r\n            <\/div>\r\n        <\/a>\r\n\r\n        \r\n        <a href=\"https:\/\/talkpal.ai\/ms\/latihan-tatabahasa-thai\/\">\r\n            <div class=\"learnNavigationWrapper\">\r\n                <div class=\"learnNavigationContent\">\r\n                    <img decoding=\"async\" src=\"https:\/\/talkpal.ai\/wp-content\/uploads\/2024\/08\/Thai.jpg\" alt=\"Thai Flag\">\r\n                    <div>\r\n                        <h4>Latihan Tatabahasa Thai<\/h4>\r\n                        <p>Amalkan tatabahasa Thai .<\/p>\r\n                    <\/div>\r\n                <\/div>\r\n            <\/div>\r\n        <\/a>\r\n\r\n        \r\n        <a href=\"https:\/\/talkpal.ai\/vocabulary_language\/thai\/\">\r\n            <div class=\"learnNavigationWrapper\">\r\n                <div class=\"learnNavigationContent\">\r\n                    <img decoding=\"async\" src=\"https:\/\/talkpal.ai\/wp-content\/uploads\/2024\/08\/Thai.jpg\" alt=\"Thai Flag\">\r\n                    <div>\r\n                        <h4>Perbendaharaan Kata Thai<\/h4>\r\n                        <p>Kembangkan perbendaharaan kata Thai anda.<\/p>\r\n                    <\/div>\r\n                <\/div>\r\n            <\/div>\r\n        <\/a>\r\n\r\n            <\/section>","protected":false},"excerpt":{"rendered":"<p>Tatabahasa Thai: Meneroka Dunia Linguistik yang Unik Tatabahasa Thai \u2013 nampaknya penuh teka-teki, eksotik dan menawan hati. Semasa anda memulakan perjalanan anda untuk mempelajari bahasa Thai, anda mungkin mendapati diri anda tidak disangka-sangka terpesona dengan tatabahasanya. Jangan takut, rakan-rakan peneroka linguistik saya! Kami berada di sini untuk menawarkan bimbingan dan sokongan mengenai pengembaraan yang menarik [&hellip;]<\/p>\n","protected":false},"author":1,"featured_media":120882,"parent":0,"menu_order":0,"comment_status":"closed","ping_status":"closed","template":"LearningContentPage.php","meta":{"_acf_changed":false,"footnotes":""},"class_list":["post-153406","page","type-page","status-publish","has-post-thumbnail","hentry"],"acf":[],"yoast_head":"<!-- This site is optimized with the Yoast SEO Premium plugin v27.2 (Yoast SEO v27.2) - https:\/\/yoast.com\/product\/yoast-seo-premium-wordpress\/ -->\n<title>Tatabahasa Thai - Talkpal<\/title>\n<meta name=\"description\" content=\"Terokai dunia tatabahasa Thai yang menarik. Temui kesederhanaan dan ciri uniknya yang menjadikan pembelajaran menyeronokkan.\" \/>\n<meta name=\"robots\" content=\"index, follow, max-snippet:-1, max-image-preview:large, max-video-preview:-1\" \/>\n<link rel=\"canonical\" href=\"https:\/\/talkpal.ai\/ms\/tatabahasa-thai\/\" \/>\n<meta property=\"og:locale\" content=\"ms_MY\" \/>\n<meta property=\"og:type\" content=\"article\" \/>\n<meta property=\"og:title\" content=\"Tatabahasa Thai\" \/>\n<meta property=\"og:description\" content=\"Tatabahasa Thai: Meneroka Dunia Linguistik yang Unik Tatabahasa Thai \u2013 nampaknya penuh teka-teki, eksotik dan menawan hati. Semasa anda memulakan\" \/>\n<meta property=\"og:url\" content=\"https:\/\/talkpal.ai\/ms\/tatabahasa-thai\/\" \/>\n<meta property=\"og:site_name\" content=\"Talkpal\" \/>\n<meta property=\"article:publisher\" content=\"https:\/\/www.facebook.com\/profile.php?id=100090733639311\" \/>\n<meta property=\"article:modified_time\" content=\"2025-12-13T15:47:36+00:00\" \/>\n<meta property=\"og:image\" content=\"https:\/\/talkpal.ai\/wp-content\/uploads\/2023\/05\/thailand.png\" \/>\n\t<meta property=\"og:image:width\" content=\"512\" \/>\n\t<meta property=\"og:image:height\" content=\"512\" \/>\n\t<meta property=\"og:image:type\" content=\"image\/png\" \/>\n<meta name=\"twitter:card\" content=\"summary_large_image\" \/>\n<meta name=\"twitter:site\" content=\"@talkpalai\" \/>\n<meta name=\"twitter:label1\" content=\"Est. reading time\" \/>\n\t<meta name=\"twitter:data1\" content=\"2 minit\" \/>\n<script type=\"application\/ld+json\" class=\"yoast-schema-graph\">{\"@context\":\"https:\/\/schema.org\",\"@graph\":[{\"@type\":\"WebPage\",\"@id\":\"https:\/\/talkpal.ai\/ms\/tatabahasa-thai\/\",\"url\":\"https:\/\/talkpal.ai\/ms\/tatabahasa-thai\/\",\"name\":\"Tatabahasa Thai - Talkpal\",\"isPartOf\":{\"@id\":\"https:\/\/talkpal.ai\/ms\/#website\"},\"primaryImageOfPage\":{\"@id\":\"https:\/\/talkpal.ai\/ms\/tatabahasa-thai\/#primaryimage\"},\"image\":{\"@id\":\"https:\/\/talkpal.ai\/ms\/tatabahasa-thai\/#primaryimage\"},\"thumbnailUrl\":\"https:\/\/talkpal.ai\/wp-content\/uploads\/2023\/05\/thailand.png\",\"datePublished\":\"2023-05-14T14:24:42+00:00\",\"dateModified\":\"2025-12-13T15:47:36+00:00\",\"description\":\"Terokai dunia tatabahasa Thai yang menarik. Temui kesederhanaan dan ciri uniknya yang menjadikan pembelajaran menyeronokkan.\",\"breadcrumb\":{\"@id\":\"https:\/\/talkpal.ai\/ms\/tatabahasa-thai\/#breadcrumb\"},\"inLanguage\":\"ms-MY\",\"potentialAction\":[{\"@type\":\"ReadAction\",\"target\":[\"https:\/\/talkpal.ai\/ms\/tatabahasa-thai\/\"]}]},{\"@type\":\"ImageObject\",\"inLanguage\":\"ms-MY\",\"@id\":\"https:\/\/talkpal.ai\/ms\/tatabahasa-thai\/#primaryimage\",\"url\":\"https:\/\/talkpal.ai\/wp-content\/uploads\/2023\/05\/thailand.png\",\"contentUrl\":\"https:\/\/talkpal.ai\/wp-content\/uploads\/2023\/05\/thailand.png\",\"width\":512,\"height\":512},{\"@type\":\"BreadcrumbList\",\"@id\":\"https:\/\/talkpal.ai\/ms\/tatabahasa-thai\/#breadcrumb\",\"itemListElement\":[{\"@type\":\"ListItem\",\"position\":1,\"name\":\"Homepage\",\"item\":\"https:\/\/talkpal.ai\/ms\/\"},{\"@type\":\"ListItem\",\"position\":2,\"name\":\"Tatabahasa Thai\"}]},{\"@type\":\"WebSite\",\"@id\":\"https:\/\/talkpal.ai\/ms\/#website\",\"url\":\"https:\/\/talkpal.ai\/ms\/\",\"name\":\"Talkpal\",\"description\":\"AI Language Learning\",\"publisher\":{\"@id\":\"https:\/\/talkpal.ai\/ms\/#organization\"},\"alternateName\":\"Talkpal AI\",\"potentialAction\":[{\"@type\":\"SearchAction\",\"target\":{\"@type\":\"EntryPoint\",\"urlTemplate\":\"https:\/\/talkpal.ai\/ms\/?s={search_term_string}\"},\"query-input\":{\"@type\":\"PropertyValueSpecification\",\"valueRequired\":true,\"valueName\":\"search_term_string\"}}],\"inLanguage\":\"ms-MY\"},{\"@type\":\"Organization\",\"@id\":\"https:\/\/talkpal.ai\/ms\/#organization\",\"name\":\"Talkpal, Inc.\",\"alternateName\":\"Talkpal AI\",\"url\":\"https:\/\/talkpal.ai\/ms\/\",\"logo\":{\"@type\":\"ImageObject\",\"inLanguage\":\"ms-MY\",\"@id\":\"https:\/\/talkpal.ai\/ms\/#\/schema\/logo\/image\/\",\"url\":\"https:\/\/talkpal.ai\/wp-content\/uploads\/2024\/03\/Talkpal-Logo-Icon.png\",\"contentUrl\":\"https:\/\/talkpal.ai\/wp-content\/uploads\/2024\/03\/Talkpal-Logo-Icon.png\",\"width\":2880,\"height\":2880,\"caption\":\"Talkpal, Inc.\"},\"image\":{\"@id\":\"https:\/\/talkpal.ai\/ms\/#\/schema\/logo\/image\/\"},\"sameAs\":[\"https:\/\/www.facebook.com\/profile.php?id=100090733639311\",\"https:\/\/x.com\/talkpalai\",\"https:\/\/www.linkedin.com\/company\/talkpal\/\",\"https:\/\/www.youtube.com\/@TalkPal\/\",\"https:\/\/www.tiktok.com\/@talkpal\",\"https:\/\/www.instagram.com\/talkpal_ai\/\",\"https:\/\/www.crunchbase.com\/organization\/talkpal-9cde\",\"https:\/\/www.g2.com\/products\/talkpal-for-business\/\",\"https:\/\/www.trustpilot.com\/review\/talkpal.ai\",\"https:\/\/www.capterra.com\/p\/10006800\/TalkPal\/\"],\"description\":\"Talkpal is a language learning web and mobile education app, powered by the latest AI technologies, that provides engaging experiences to its customers in many different languages to help them improve their language skills. Users can chat about unlimited amount of topics with the app and use other modes to practice their language learning.\",\"email\":\"support@talkpal.ai\",\"legalName\":\"Talkpal, Inc.\",\"foundingDate\":\"2023-04-03\",\"duns\":\"118989042\",\"numberOfEmployees\":{\"@type\":\"QuantitativeValue\",\"minValue\":\"11\",\"maxValue\":\"50\"},\"publishingPrinciples\":\"https:\/\/talkpal.ai\/publishing-principles\/\",\"actionableFeedbackPolicy\":\"https:\/\/talkpal.ai\/actionable-feedback-policy\/\",\"correctionsPolicy\":\"https:\/\/talkpal.ai\/corrections-policy\/\",\"ethicsPolicy\":\"https:\/\/talkpal.ai\/ethics-policy\/\",\"diversityPolicy\":\"https:\/\/talkpal.ai\/diversity-policy\/\",\"diversityStaffingReport\":\"https:\/\/talkpal.ai\/diversity-policy\/\"}]}<\/script>\n<!-- \/ Yoast SEO Premium plugin. -->","yoast_head_json":{"title":"Tatabahasa Thai - Talkpal","description":"Terokai dunia tatabahasa Thai yang menarik. Temui kesederhanaan dan ciri uniknya yang menjadikan pembelajaran menyeronokkan.","robots":{"index":"index","follow":"follow","max-snippet":"max-snippet:-1","max-image-preview":"max-image-preview:large","max-video-preview":"max-video-preview:-1"},"canonical":"https:\/\/talkpal.ai\/ms\/tatabahasa-thai\/","og_locale":"ms_MY","og_type":"article","og_title":"Tatabahasa Thai","og_description":"Tatabahasa Thai: Meneroka Dunia Linguistik yang Unik Tatabahasa Thai \u2013 nampaknya penuh teka-teki, eksotik dan menawan hati. Semasa anda memulakan","og_url":"https:\/\/talkpal.ai\/ms\/tatabahasa-thai\/","og_site_name":"Talkpal","article_publisher":"https:\/\/www.facebook.com\/profile.php?id=100090733639311","article_modified_time":"2025-12-13T15:47:36+00:00","og_image":[{"width":512,"height":512,"url":"https:\/\/talkpal.ai\/wp-content\/uploads\/2023\/05\/thailand.png","type":"image\/png"}],"twitter_card":"summary_large_image","twitter_site":"@talkpalai","twitter_misc":{"Est. reading time":"2 minit"},"schema":{"@context":"https:\/\/schema.org","@graph":[{"@type":"WebPage","@id":"https:\/\/talkpal.ai\/ms\/tatabahasa-thai\/","url":"https:\/\/talkpal.ai\/ms\/tatabahasa-thai\/","name":"Tatabahasa Thai - Talkpal","isPartOf":{"@id":"https:\/\/talkpal.ai\/ms\/#website"},"primaryImageOfPage":{"@id":"https:\/\/talkpal.ai\/ms\/tatabahasa-thai\/#primaryimage"},"image":{"@id":"https:\/\/talkpal.ai\/ms\/tatabahasa-thai\/#primaryimage"},"thumbnailUrl":"https:\/\/talkpal.ai\/wp-content\/uploads\/2023\/05\/thailand.png","datePublished":"2023-05-14T14:24:42+00:00","dateModified":"2025-12-13T15:47:36+00:00","description":"Terokai dunia tatabahasa Thai yang menarik. Temui kesederhanaan dan ciri uniknya yang menjadikan pembelajaran menyeronokkan.","breadcrumb":{"@id":"https:\/\/talkpal.ai\/ms\/tatabahasa-thai\/#breadcrumb"},"inLanguage":"ms-MY","potentialAction":[{"@type":"ReadAction","target":["https:\/\/talkpal.ai\/ms\/tatabahasa-thai\/"]}]},{"@type":"ImageObject","inLanguage":"ms-MY","@id":"https:\/\/talkpal.ai\/ms\/tatabahasa-thai\/#primaryimage","url":"https:\/\/talkpal.ai\/wp-content\/uploads\/2023\/05\/thailand.png","contentUrl":"https:\/\/talkpal.ai\/wp-content\/uploads\/2023\/05\/thailand.png","width":512,"height":512},{"@type":"BreadcrumbList","@id":"https:\/\/talkpal.ai\/ms\/tatabahasa-thai\/#breadcrumb","itemListElement":[{"@type":"ListItem","position":1,"name":"Homepage","item":"https:\/\/talkpal.ai\/ms\/"},{"@type":"ListItem","position":2,"name":"Tatabahasa Thai"}]},{"@type":"WebSite","@id":"https:\/\/talkpal.ai\/ms\/#website","url":"https:\/\/talkpal.ai\/ms\/","name":"Talkpal","description":"AI Language Learning","publisher":{"@id":"https:\/\/talkpal.ai\/ms\/#organization"},"alternateName":"Talkpal AI","potentialAction":[{"@type":"SearchAction","target":{"@type":"EntryPoint","urlTemplate":"https:\/\/talkpal.ai\/ms\/?s={search_term_string}"},"query-input":{"@type":"PropertyValueSpecification","valueRequired":true,"valueName":"search_term_string"}}],"inLanguage":"ms-MY"},{"@type":"Organization","@id":"https:\/\/talkpal.ai\/ms\/#organization","name":"Talkpal, Inc.","alternateName":"Talkpal AI","url":"https:\/\/talkpal.ai\/ms\/","logo":{"@type":"ImageObject","inLanguage":"ms-MY","@id":"https:\/\/talkpal.ai\/ms\/#\/schema\/logo\/image\/","url":"https:\/\/talkpal.ai\/wp-content\/uploads\/2024\/03\/Talkpal-Logo-Icon.png","contentUrl":"https:\/\/talkpal.ai\/wp-content\/uploads\/2024\/03\/Talkpal-Logo-Icon.png","width":2880,"height":2880,"caption":"Talkpal, Inc."},"image":{"@id":"https:\/\/talkpal.ai\/ms\/#\/schema\/logo\/image\/"},"sameAs":["https:\/\/www.facebook.com\/profile.php?id=100090733639311","https:\/\/x.com\/talkpalai","https:\/\/www.linkedin.com\/company\/talkpal\/","https:\/\/www.youtube.com\/@TalkPal\/","https:\/\/www.tiktok.com\/@talkpal","https:\/\/www.instagram.com\/talkpal_ai\/","https:\/\/www.crunchbase.com\/organization\/talkpal-9cde","https:\/\/www.g2.com\/products\/talkpal-for-business\/","https:\/\/www.trustpilot.com\/review\/talkpal.ai","https:\/\/www.capterra.com\/p\/10006800\/TalkPal\/"],"description":"Talkpal is a language learning web and mobile education app, powered by the latest AI technologies, that provides engaging experiences to its customers in many different languages to help them improve their language skills. Users can chat about unlimited amount of topics with the app and use other modes to practice their language learning.","email":"support@talkpal.ai","legalName":"Talkpal, Inc.","foundingDate":"2023-04-03","duns":"118989042","numberOfEmployees":{"@type":"QuantitativeValue","minValue":"11","maxValue":"50"},"publishingPrinciples":"https:\/\/talkpal.ai\/publishing-principles\/","actionableFeedbackPolicy":"https:\/\/talkpal.ai\/actionable-feedback-policy\/","correctionsPolicy":"https:\/\/talkpal.ai\/corrections-policy\/","ethicsPolicy":"https:\/\/talkpal.ai\/ethics-policy\/","diversityPolicy":"https:\/\/talkpal.ai\/diversity-policy\/","diversityStaffingReport":"https:\/\/talkpal.ai\/diversity-policy\/"}]}},"_links":{"self":[{"href":"https:\/\/talkpal.ai\/ms\/wp-json\/wp\/v2\/pages\/153406","targetHints":{"allow":["GET"]}}],"collection":[{"href":"https:\/\/talkpal.ai\/ms\/wp-json\/wp\/v2\/pages"}],"about":[{"href":"https:\/\/talkpal.ai\/ms\/wp-json\/wp\/v2\/types\/page"}],"author":[{"embeddable":true,"href":"https:\/\/talkpal.ai\/ms\/wp-json\/wp\/v2\/users\/1"}],"replies":[{"embeddable":true,"href":"https:\/\/talkpal.ai\/ms\/wp-json\/wp\/v2\/comments?post=153406"}],"version-history":[{"count":0,"href":"https:\/\/talkpal.ai\/ms\/wp-json\/wp\/v2\/pages\/153406\/revisions"}],"wp:featuredmedia":[{"embeddable":true,"href":"https:\/\/talkpal.ai\/ms\/wp-json\/wp\/v2\/media\/120882"}],"wp:attachment":[{"href":"https:\/\/talkpal.ai\/ms\/wp-json\/wp\/v2\/media?parent=153406"}],"curies":[{"name":"wp","href":"https:\/\/api.w.org\/{rel}","templated":true}]}}