{"id":153094,"date":"2023-05-14T14:23:49","date_gmt":"2023-05-14T14:23:49","guid":{"rendered":"http:\/\/talkpal.ai\/tatabahasa-turki\/"},"modified":"2025-12-13T15:56:10","modified_gmt":"2025-12-13T15:56:10","slug":"tatabahasa-turki","status":"publish","type":"page","link":"https:\/\/talkpal.ai\/ms\/tatabahasa-turki\/","title":{"rendered":"Tatabahasa Turki"},"content":{"rendered":"\r\n\r\n\r\n<section class=\"languageChallengeSection\">\r\n    <div class=\"languageInfoWrapper\">\r\n        \r\n        <h1>Tatabahasa Turki<\/h1>\r\n        <p>Ingin tahu tentang belajar <a href=\"https:\/\/talkpal.ai\/learn-turkish\/\">bahasa Turki<\/a>? Terokai <a href=\"https:\/\/talkpal.ai\/turkish-grammar\/\">tatabahasa Turki<\/a> dan lihat bagaimana struktur logiknya, keharmonian vokal dan pola kata kerja yang mudah diikuti menjadikannya menarik dan boleh diakses. <a href=\"https:\/\/talkpal.ai\/ko\/ai-%ec%96%b8%ec%96%b4-%ea%b5%90%ec%82%ac\/\">Mulakan<\/a> perjalanan anda hari ini\u2014menguasai <a href=\"https:\/\/talkpal.ai\/grammar\/\">tatabahasa<\/a> <a href=\"https:\/\/talkpal.ai\/learn-turkish\/\">Turki<\/a> ialah kunci anda kepada komunikasi yang lancar dan membuka kunci dunia budaya dan perhubungan yang rancak!<\/p>\r\n\r\n                            <a class=\"getStartedHidden\" href=\"https:\/\/app.talkpal.ai\/ms\/signup?lng=\">Mula<\/a>\r\n        \r\n    <\/div>\r\n\r\n    <figure>\r\n    <img decoding=\"async\" width=\"768\" height=\"768\" src=\"https:\/\/talkpal.ai\/wp-content\/uploads\/2023\/06\/turkish-768x768.png\" class=\"languageImage no-lazy\" alt=\"Language learning for increased focus\" fetchpriority=\"high\" sizes=\"(max-width: 768px) 150px, 768px\" srcset=\"https:\/\/talkpal.ai\/wp-content\/uploads\/2023\/06\/turkish-768x768.png 768w, https:\/\/talkpal.ai\/wp-content\/uploads\/2023\/06\/turkish-300x300.png 300w\" \/>\r\n    \r\n\r\n    <\/figure>\r\n\r\n            <a class=\"getStartedVisible\" href=\"https:\/\/app.talkpal.ai\/ms\/signup?lng=\">Mula<\/a>\r\n    \r\n<\/section>\r\n<section class=\"promotionalBanner\">\r\n    <p class=\"promotionalText\">Cara paling berkesan untuk mempelajari bahasa<\/p>\r\n    <a class=\"promotionalLink\" href=\"https:\/\/app.talkpal.ai\/ms\/signup?lng=\">Cuba Talkpal secara percuma<\/a>\r\n<\/section>\n<div class=\"wp-block-group pageContainerStyle\"><div class=\"wp-block-group__inner-container is-layout-constrained wp-block-group-is-layout-constrained\">\n<h2 class=\"wp-block-heading\" id=\"h-the-ultimate-guide-to-turkish-grammar-navigating-the-intricacies-of-a-unique-language\">Panduan Terbaik untuk Tatabahasa Turki: Menavigasi Selok-belok Bahasa Yang Unik<\/h2>\n\n\n\n<p>Tatabahasa Turki, seperti bahasa <a href=\"https:\/\/talkpal.ai\/locations\/language-courses-in-itu\/\">itu<\/a> sendiri, membentangkan permaidani yang kaya dan menarik unsur linguistik. Sebagai ahli keluarga bahasa Turki, Turki memikat <a href=\"https:\/\/talkpal.ai\/talkpal-discount-for-students\/\">pelajar<\/a> dengan pelbagai ciri dan cabaran bahkan penceramah yang paling mahir. Dalam panduan ini, <a href=\"https:\/\/talkpal.ai\/locations\/language-courses-in-kami\/\">kami<\/a> akan meneroka prinsip utama tatabahasa Turki, merungkai kerumitannya dan menyokong anda dalam perjalanan anda untuk menjadi fasih dalam bahasa yang menawan ini. Mari kita mulakan!<\/p>\n\n\n\n<h3 class=\"wp-block-heading\" id=\"h-the-nuts-and-bolts-turkish-sentence-structure\">Kacang dan Bolt: Struktur Ayat Turki<\/h3>\n\n\n\n<p>Pada terasnya, tatabahasa Turki agak mudah. Bahasa ini secara amnya mengikut struktur ayat Subjek-Objek-Kata Kerja (SOV), tidak seperti bahasa Inggeris dan banyak bahasa lain. Sebagai contoh, ayat &#8220;Saya makan epal&#8221; diterjemahkan kepada &#8220;Ben elma yiyorum&#8221; (Ben=I, elma=epal, yiyorum=makan). Mudah, kan? Walau bagaimanapun, apabila kita mengkaji lebih mendalam, anda akan menemui beberapa ciri yang menarik dan tersendiri dalam tatabahasa Turki.<\/p>\n\n\n\n<h3 class=\"wp-block-heading\" id=\"h-meet-the-family-turkish-nouns-and-their-suffixes\">Temui Keluarga: Kata nama Turki dan akhiran mereka<\/h3>\n\n\n\n<p>Salah satu ciri tatabahasa Turki yang paling pelik ialah penggunaan akhiran untuk menyatakan pelbagai hubungan tatabahasa. Tiada preposisi dalam bahasa Turki; Sebagai gantinya, akhiran dilampirkan pada kata nama untuk menunjukkan pemilikan, objek langsung, dan lokasi.<\/p>\n\n\n\n<p>Sebagai contoh, mari kita ambil perkataan &#8220;elma&#8221; (elma) yang bermaksud &#8220;epal&#8221;:<\/p>\n\n\n\n<p><strong>\u2013 Pemilikan: Benim elmam (Epal saya)<\/strong><\/p>\n\n\n\n<p><strong>\u2013 Objek langsung: Elmay\u0131 yedim (saya makan epal)<\/strong><\/p>\n\n\n\n<p><strong>\u2013 Lokasi: Elmada (At the apple)<\/strong><\/p>\n\n\n\n<p>Adalah penting untuk membiasakan diri dengan akhiran ini, kerana ia boleh mengubah makna ayat anda secara mendadak.<\/p>\n\n\n\n<h3 class=\"wp-block-heading\" id=\"h-playing-with-numbers-turkish-plurals-and-genders\">Bermain dengan Nombor: Plural dan Jantina Turki<\/h3>\n\n\n\n<p>Apabila membentuk kata jamak dalam bahasa Turki, adalah penting untuk menambah hanya satu akhiran: -ler atau -lar, bergantung pada vokal terdekat dalam perkataan itu. Tidak seperti kebanyakan bahasa lain, bahasa Turki tidak mempunyai jantina tatabahasa. Ini bermakna anda tidak perlu risau tentang mempelajari pengakhiran atau bentuk yang berbeza untuk kata nama maskulin, feminin atau neuter.<\/p>\n\n\n\n<p>Contohnya, \u201ck\u00f6pek\u201d (k\u00f6pek, kata nama yang bermaksud \u201canjing\u201d) menjadi \u201ck\u00f6pekler\u201d (k\u00f6pekler, anjing), dan \u201ckedi\u201d (kedi, kata nama yang bermaksud \u201ckucing\u201d) menjadi\u201dkediler\u201d (kediler, kucing).<\/p>\n\n\n\n<h3 class=\"wp-block-heading\" id=\"h-the-art-of-conjugation-turkish-verbs\">Seni Konjugasi: Kata Kerja Turki<\/h3>\n\n\n\n<p>Kata kerja Turki mungkin kelihatan menakutkan pada mulanya, kerana banyak tegang, mood, dan konjugasi mereka. Walau bagaimanapun, kunci untuk memahami mereka adalah mengenali corak dan amalan biasa secara teratur.<\/p>\n\n\n\n<p>Dalam bahasa Turki, kata kerja menggunakan pelbagai akhiran untuk menunjukkan tegang, mood, dan orang. Batang kata kerja kekal tidak berubah. Mari kita ambil kata kerja &#8220;yemek&#8221; (yemek, &#8220;makan&#8221;) sebagai contoh:<\/p>\n\n\n\n<p><strong>Hadir tegang berterusan: Yiyorum (saya makan)<\/strong><\/p>\n\n\n\n<p><strong>Tegang masa lalu: Yedim (saya makan)<\/strong><\/p>\n\n\n\n<p><strong>Tegang masa depan: Yiyece\u011fim (saya akan makan)<\/strong><\/p>\n\n\n\n<p>Seperti yang anda lihat, pengakhiran berubah mengikut tegang dan orang. Dengan latihan dan kesabaran, anda akan mula mengenali corak dan menakluki cabaran ini.<\/p>\n\n\n\n<h3 class=\"wp-block-heading\" id=\"h-the-finishing-touches-turkish-adjectives-adverbs-and-more\">Sentuhan penamat: Kata sifat Turki, kata keterangan, dan banyak lagi<\/h3>\n\n\n\n<p>Apabila bercakap tentang kata sifat dan kata keterangan Turki, mereka memainkan peranan penting dalam menambah kedalaman dan kerumitan pada ucapan anda. Kata adjektif dalam bahasa Turki tidak perlu bersetuju dengan kata nama yang mereka ubah suai, menjadikannya lebih mudah untuk ditangani berbanding dalam banyak bahasa lain.<\/p>\n\n\n\n<p>Contohnya, \u201cg\u00fczel\u201d (g\u00fczel) bermaksud \u201ccantik,\u201d dan anda mungkin melihatnya sebagai \u201cg\u00fczel \u00e7i\u00e7ek\u201d (g\u00fczel \u00e7i\u00e7ek, \u201cbunga yang cantik\u201d) atau \u201cg\u00fczel k\u00f6pek\u201d (g\u00fczel k\u00f6pek, \u201canjing yang cantik\u201d), tanpa perubahan untuk jamak atau jantina.<\/p>\n\n\n\n<p>Adverbs biasanya mengikut corak yang sama, sering berasal dari kata sifat. Dalam bahasa Turki, banyak kata keterangan boleh dibentuk dengan menambah akhiran -ce atau -ca kepada kata sifat, bergantung kepada vokal terdekat.<\/p>\n\n\n\n<p>Kesimpulannya, kerumitan dan keistimewaan tatabahasa Turki, walaupun mencabar, memberikan bahasa itu keindahan dan perwatakan yang menawan. Dengan gabungan kegigihan, rasa ingin tahu dan aplikasi praktikal, anda akan menavigasi tatabahasa Turki dengan mudah dan yakin. Selamat belajar!<\/p>\n<\/div><\/div>\n\r\n<section class=\"learnNavigationSection\">\r\n            \r\n        <a href=\"https:\/\/talkpal.ai\/ms\/belajar-bahasa-turki\/\">\r\n            <div class=\"learnNavigationWrapper\">\r\n                <div class=\"learnNavigationContent\">\r\n                    <img decoding=\"async\" src=\"https:\/\/talkpal.ai\/wp-content\/uploads\/2024\/08\/Turkish.jpg\" alt=\"Turkish Flag\">\r\n                    <div>\r\n                        <h4>Mengenai Pembelajaran Bahasa Turki<\/h4>\r\n                        <p>Ketahui semua tentang tatabahasa Turki .<\/p>\r\n                    <\/div>\r\n                <\/div>\r\n            <\/div>\r\n        <\/a>\r\n\r\n        \r\n        <a href=\"https:\/\/talkpal.ai\/ms\/latihan-tatabahasa-turki\/\">\r\n            <div class=\"learnNavigationWrapper\">\r\n                <div class=\"learnNavigationContent\">\r\n                    <img decoding=\"async\" src=\"https:\/\/talkpal.ai\/wp-content\/uploads\/2024\/08\/Turkish.jpg\" alt=\"Turkish Flag\">\r\n                    <div>\r\n                        <h4>Latihan Tatabahasa Turki<\/h4>\r\n                        <p>Amalkan tatabahasa Turki .<\/p>\r\n                    <\/div>\r\n                <\/div>\r\n            <\/div>\r\n        <\/a>\r\n\r\n        \r\n        <a href=\"https:\/\/talkpal.ai\/vocabulary_language\/turkish\/\">\r\n            <div class=\"learnNavigationWrapper\">\r\n                <div class=\"learnNavigationContent\">\r\n                    <img decoding=\"async\" src=\"https:\/\/talkpal.ai\/wp-content\/uploads\/2024\/08\/Turkish.jpg\" alt=\"Turkish Flag\">\r\n                    <div>\r\n                        <h4>Kosa Kata Bahasa Turki<\/h4>\r\n                        <p>Kembangkan perbendaharaan kata bahasa Turki anda.<\/p>\r\n                    <\/div>\r\n                <\/div>\r\n            <\/div>\r\n        <\/a>\r\n\r\n            <\/section>","protected":false},"excerpt":{"rendered":"<p>Panduan Terbaik untuk Tatabahasa Turki: Menavigasi Selok-belok Bahasa Yang Unik Tatabahasa Turki, seperti bahasa itu sendiri, membentangkan permaidani yang kaya dan menarik unsur linguistik. Sebagai ahli keluarga bahasa Turki, Turki memikat pelajar dengan pelbagai ciri dan cabaran bahkan penceramah yang paling mahir. Dalam panduan ini, kami akan meneroka prinsip utama tatabahasa Turki, merungkai kerumitannya dan [&hellip;]<\/p>\n","protected":false},"author":1,"featured_media":121021,"parent":0,"menu_order":0,"comment_status":"closed","ping_status":"closed","template":"LearningContentPage.php","meta":{"_acf_changed":false,"footnotes":""},"class_list":["post-153094","page","type-page","status-publish","has-post-thumbnail","hentry"],"acf":[],"yoast_head":"<!-- This site is optimized with the Yoast SEO Premium plugin v27.2 (Yoast SEO v27.2) - https:\/\/yoast.com\/product\/yoast-seo-premium-wordpress\/ -->\n<title>Tatabahasa Turki - Talkpal<\/title>\n<meta name=\"description\" content=\"Buka kunci rahsia tatabahasa Turki dengan panduan komprehensif kami untuk prinsip utama dan struktur ayatnya.\" \/>\n<meta name=\"robots\" content=\"index, follow, max-snippet:-1, max-image-preview:large, max-video-preview:-1\" \/>\n<link rel=\"canonical\" href=\"https:\/\/talkpal.ai\/ms\/tatabahasa-turki\/\" \/>\n<meta property=\"og:locale\" content=\"ms_MY\" \/>\n<meta property=\"og:type\" content=\"article\" \/>\n<meta property=\"og:title\" content=\"Tatabahasa Turki\" \/>\n<meta property=\"og:description\" content=\"Panduan Terbaik untuk Tatabahasa Turki: Menavigasi Selok-belok Bahasa Yang Unik Tatabahasa Turki, seperti bahasa itu sendiri, membentangkan permaidani\" \/>\n<meta property=\"og:url\" content=\"https:\/\/talkpal.ai\/ms\/tatabahasa-turki\/\" \/>\n<meta property=\"og:site_name\" content=\"Talkpal\" \/>\n<meta property=\"article:publisher\" content=\"https:\/\/www.facebook.com\/profile.php?id=100090733639311\" \/>\n<meta property=\"article:modified_time\" content=\"2025-12-13T15:56:10+00:00\" \/>\n<meta property=\"og:image\" content=\"https:\/\/talkpal.ai\/wp-content\/uploads\/2023\/05\/turkish.png\" \/>\n\t<meta property=\"og:image:width\" content=\"512\" \/>\n\t<meta property=\"og:image:height\" content=\"512\" \/>\n\t<meta property=\"og:image:type\" content=\"image\/png\" \/>\n<meta name=\"twitter:card\" content=\"summary_large_image\" \/>\n<meta name=\"twitter:site\" content=\"@talkpalai\" \/>\n<meta name=\"twitter:label1\" content=\"Est. reading time\" \/>\n\t<meta name=\"twitter:data1\" content=\"3 minit\" \/>\n<script type=\"application\/ld+json\" class=\"yoast-schema-graph\">{\"@context\":\"https:\/\/schema.org\",\"@graph\":[{\"@type\":\"WebPage\",\"@id\":\"https:\/\/talkpal.ai\/ms\/tatabahasa-turki\/\",\"url\":\"https:\/\/talkpal.ai\/ms\/tatabahasa-turki\/\",\"name\":\"Tatabahasa Turki - Talkpal\",\"isPartOf\":{\"@id\":\"https:\/\/talkpal.ai\/ms\/#website\"},\"primaryImageOfPage\":{\"@id\":\"https:\/\/talkpal.ai\/ms\/tatabahasa-turki\/#primaryimage\"},\"image\":{\"@id\":\"https:\/\/talkpal.ai\/ms\/tatabahasa-turki\/#primaryimage\"},\"thumbnailUrl\":\"https:\/\/talkpal.ai\/wp-content\/uploads\/2023\/05\/turkish.png\",\"datePublished\":\"2023-05-14T14:23:49+00:00\",\"dateModified\":\"2025-12-13T15:56:10+00:00\",\"description\":\"Buka kunci rahsia tatabahasa Turki dengan panduan komprehensif kami untuk prinsip utama dan struktur ayatnya.\",\"breadcrumb\":{\"@id\":\"https:\/\/talkpal.ai\/ms\/tatabahasa-turki\/#breadcrumb\"},\"inLanguage\":\"ms-MY\",\"potentialAction\":[{\"@type\":\"ReadAction\",\"target\":[\"https:\/\/talkpal.ai\/ms\/tatabahasa-turki\/\"]}]},{\"@type\":\"ImageObject\",\"inLanguage\":\"ms-MY\",\"@id\":\"https:\/\/talkpal.ai\/ms\/tatabahasa-turki\/#primaryimage\",\"url\":\"https:\/\/talkpal.ai\/wp-content\/uploads\/2023\/05\/turkish.png\",\"contentUrl\":\"https:\/\/talkpal.ai\/wp-content\/uploads\/2023\/05\/turkish.png\",\"width\":512,\"height\":512},{\"@type\":\"BreadcrumbList\",\"@id\":\"https:\/\/talkpal.ai\/ms\/tatabahasa-turki\/#breadcrumb\",\"itemListElement\":[{\"@type\":\"ListItem\",\"position\":1,\"name\":\"Homepage\",\"item\":\"https:\/\/talkpal.ai\/ms\/\"},{\"@type\":\"ListItem\",\"position\":2,\"name\":\"Tatabahasa Turki\"}]},{\"@type\":\"WebSite\",\"@id\":\"https:\/\/talkpal.ai\/ms\/#website\",\"url\":\"https:\/\/talkpal.ai\/ms\/\",\"name\":\"Talkpal\",\"description\":\"AI Language Learning\",\"publisher\":{\"@id\":\"https:\/\/talkpal.ai\/ms\/#organization\"},\"alternateName\":\"Talkpal AI\",\"potentialAction\":[{\"@type\":\"SearchAction\",\"target\":{\"@type\":\"EntryPoint\",\"urlTemplate\":\"https:\/\/talkpal.ai\/ms\/?s={search_term_string}\"},\"query-input\":{\"@type\":\"PropertyValueSpecification\",\"valueRequired\":true,\"valueName\":\"search_term_string\"}}],\"inLanguage\":\"ms-MY\"},{\"@type\":\"Organization\",\"@id\":\"https:\/\/talkpal.ai\/ms\/#organization\",\"name\":\"Talkpal, Inc.\",\"alternateName\":\"Talkpal AI\",\"url\":\"https:\/\/talkpal.ai\/ms\/\",\"logo\":{\"@type\":\"ImageObject\",\"inLanguage\":\"ms-MY\",\"@id\":\"https:\/\/talkpal.ai\/ms\/#\/schema\/logo\/image\/\",\"url\":\"https:\/\/talkpal.ai\/wp-content\/uploads\/2024\/03\/Talkpal-Logo-Icon.png\",\"contentUrl\":\"https:\/\/talkpal.ai\/wp-content\/uploads\/2024\/03\/Talkpal-Logo-Icon.png\",\"width\":2880,\"height\":2880,\"caption\":\"Talkpal, Inc.\"},\"image\":{\"@id\":\"https:\/\/talkpal.ai\/ms\/#\/schema\/logo\/image\/\"},\"sameAs\":[\"https:\/\/www.facebook.com\/profile.php?id=100090733639311\",\"https:\/\/x.com\/talkpalai\",\"https:\/\/www.linkedin.com\/company\/talkpal\/\",\"https:\/\/www.youtube.com\/@TalkPal\/\",\"https:\/\/www.tiktok.com\/@talkpal\",\"https:\/\/www.instagram.com\/talkpal_ai\/\",\"https:\/\/www.crunchbase.com\/organization\/talkpal-9cde\",\"https:\/\/www.g2.com\/products\/talkpal-for-business\/\",\"https:\/\/www.trustpilot.com\/review\/talkpal.ai\",\"https:\/\/www.capterra.com\/p\/10006800\/TalkPal\/\"],\"description\":\"Talkpal is a language learning web and mobile education app, powered by the latest AI technologies, that provides engaging experiences to its customers in many different languages to help them improve their language skills. Users can chat about unlimited amount of topics with the app and use other modes to practice their language learning.\",\"email\":\"support@talkpal.ai\",\"legalName\":\"Talkpal, Inc.\",\"foundingDate\":\"2023-04-03\",\"duns\":\"118989042\",\"numberOfEmployees\":{\"@type\":\"QuantitativeValue\",\"minValue\":\"11\",\"maxValue\":\"50\"},\"publishingPrinciples\":\"https:\/\/talkpal.ai\/publishing-principles\/\",\"actionableFeedbackPolicy\":\"https:\/\/talkpal.ai\/actionable-feedback-policy\/\",\"correctionsPolicy\":\"https:\/\/talkpal.ai\/corrections-policy\/\",\"ethicsPolicy\":\"https:\/\/talkpal.ai\/ethics-policy\/\",\"diversityPolicy\":\"https:\/\/talkpal.ai\/diversity-policy\/\",\"diversityStaffingReport\":\"https:\/\/talkpal.ai\/diversity-policy\/\"}]}<\/script>\n<!-- \/ Yoast SEO Premium plugin. -->","yoast_head_json":{"title":"Tatabahasa Turki - Talkpal","description":"Buka kunci rahsia tatabahasa Turki dengan panduan komprehensif kami untuk prinsip utama dan struktur ayatnya.","robots":{"index":"index","follow":"follow","max-snippet":"max-snippet:-1","max-image-preview":"max-image-preview:large","max-video-preview":"max-video-preview:-1"},"canonical":"https:\/\/talkpal.ai\/ms\/tatabahasa-turki\/","og_locale":"ms_MY","og_type":"article","og_title":"Tatabahasa Turki","og_description":"Panduan Terbaik untuk Tatabahasa Turki: Menavigasi Selok-belok Bahasa Yang Unik Tatabahasa Turki, seperti bahasa itu sendiri, membentangkan permaidani","og_url":"https:\/\/talkpal.ai\/ms\/tatabahasa-turki\/","og_site_name":"Talkpal","article_publisher":"https:\/\/www.facebook.com\/profile.php?id=100090733639311","article_modified_time":"2025-12-13T15:56:10+00:00","og_image":[{"width":512,"height":512,"url":"https:\/\/talkpal.ai\/wp-content\/uploads\/2023\/05\/turkish.png","type":"image\/png"}],"twitter_card":"summary_large_image","twitter_site":"@talkpalai","twitter_misc":{"Est. reading time":"3 minit"},"schema":{"@context":"https:\/\/schema.org","@graph":[{"@type":"WebPage","@id":"https:\/\/talkpal.ai\/ms\/tatabahasa-turki\/","url":"https:\/\/talkpal.ai\/ms\/tatabahasa-turki\/","name":"Tatabahasa Turki - Talkpal","isPartOf":{"@id":"https:\/\/talkpal.ai\/ms\/#website"},"primaryImageOfPage":{"@id":"https:\/\/talkpal.ai\/ms\/tatabahasa-turki\/#primaryimage"},"image":{"@id":"https:\/\/talkpal.ai\/ms\/tatabahasa-turki\/#primaryimage"},"thumbnailUrl":"https:\/\/talkpal.ai\/wp-content\/uploads\/2023\/05\/turkish.png","datePublished":"2023-05-14T14:23:49+00:00","dateModified":"2025-12-13T15:56:10+00:00","description":"Buka kunci rahsia tatabahasa Turki dengan panduan komprehensif kami untuk prinsip utama dan struktur ayatnya.","breadcrumb":{"@id":"https:\/\/talkpal.ai\/ms\/tatabahasa-turki\/#breadcrumb"},"inLanguage":"ms-MY","potentialAction":[{"@type":"ReadAction","target":["https:\/\/talkpal.ai\/ms\/tatabahasa-turki\/"]}]},{"@type":"ImageObject","inLanguage":"ms-MY","@id":"https:\/\/talkpal.ai\/ms\/tatabahasa-turki\/#primaryimage","url":"https:\/\/talkpal.ai\/wp-content\/uploads\/2023\/05\/turkish.png","contentUrl":"https:\/\/talkpal.ai\/wp-content\/uploads\/2023\/05\/turkish.png","width":512,"height":512},{"@type":"BreadcrumbList","@id":"https:\/\/talkpal.ai\/ms\/tatabahasa-turki\/#breadcrumb","itemListElement":[{"@type":"ListItem","position":1,"name":"Homepage","item":"https:\/\/talkpal.ai\/ms\/"},{"@type":"ListItem","position":2,"name":"Tatabahasa Turki"}]},{"@type":"WebSite","@id":"https:\/\/talkpal.ai\/ms\/#website","url":"https:\/\/talkpal.ai\/ms\/","name":"Talkpal","description":"AI Language Learning","publisher":{"@id":"https:\/\/talkpal.ai\/ms\/#organization"},"alternateName":"Talkpal AI","potentialAction":[{"@type":"SearchAction","target":{"@type":"EntryPoint","urlTemplate":"https:\/\/talkpal.ai\/ms\/?s={search_term_string}"},"query-input":{"@type":"PropertyValueSpecification","valueRequired":true,"valueName":"search_term_string"}}],"inLanguage":"ms-MY"},{"@type":"Organization","@id":"https:\/\/talkpal.ai\/ms\/#organization","name":"Talkpal, Inc.","alternateName":"Talkpal AI","url":"https:\/\/talkpal.ai\/ms\/","logo":{"@type":"ImageObject","inLanguage":"ms-MY","@id":"https:\/\/talkpal.ai\/ms\/#\/schema\/logo\/image\/","url":"https:\/\/talkpal.ai\/wp-content\/uploads\/2024\/03\/Talkpal-Logo-Icon.png","contentUrl":"https:\/\/talkpal.ai\/wp-content\/uploads\/2024\/03\/Talkpal-Logo-Icon.png","width":2880,"height":2880,"caption":"Talkpal, Inc."},"image":{"@id":"https:\/\/talkpal.ai\/ms\/#\/schema\/logo\/image\/"},"sameAs":["https:\/\/www.facebook.com\/profile.php?id=100090733639311","https:\/\/x.com\/talkpalai","https:\/\/www.linkedin.com\/company\/talkpal\/","https:\/\/www.youtube.com\/@TalkPal\/","https:\/\/www.tiktok.com\/@talkpal","https:\/\/www.instagram.com\/talkpal_ai\/","https:\/\/www.crunchbase.com\/organization\/talkpal-9cde","https:\/\/www.g2.com\/products\/talkpal-for-business\/","https:\/\/www.trustpilot.com\/review\/talkpal.ai","https:\/\/www.capterra.com\/p\/10006800\/TalkPal\/"],"description":"Talkpal is a language learning web and mobile education app, powered by the latest AI technologies, that provides engaging experiences to its customers in many different languages to help them improve their language skills. Users can chat about unlimited amount of topics with the app and use other modes to practice their language learning.","email":"support@talkpal.ai","legalName":"Talkpal, Inc.","foundingDate":"2023-04-03","duns":"118989042","numberOfEmployees":{"@type":"QuantitativeValue","minValue":"11","maxValue":"50"},"publishingPrinciples":"https:\/\/talkpal.ai\/publishing-principles\/","actionableFeedbackPolicy":"https:\/\/talkpal.ai\/actionable-feedback-policy\/","correctionsPolicy":"https:\/\/talkpal.ai\/corrections-policy\/","ethicsPolicy":"https:\/\/talkpal.ai\/ethics-policy\/","diversityPolicy":"https:\/\/talkpal.ai\/diversity-policy\/","diversityStaffingReport":"https:\/\/talkpal.ai\/diversity-policy\/"}]}},"_links":{"self":[{"href":"https:\/\/talkpal.ai\/ms\/wp-json\/wp\/v2\/pages\/153094","targetHints":{"allow":["GET"]}}],"collection":[{"href":"https:\/\/talkpal.ai\/ms\/wp-json\/wp\/v2\/pages"}],"about":[{"href":"https:\/\/talkpal.ai\/ms\/wp-json\/wp\/v2\/types\/page"}],"author":[{"embeddable":true,"href":"https:\/\/talkpal.ai\/ms\/wp-json\/wp\/v2\/users\/1"}],"replies":[{"embeddable":true,"href":"https:\/\/talkpal.ai\/ms\/wp-json\/wp\/v2\/comments?post=153094"}],"version-history":[{"count":0,"href":"https:\/\/talkpal.ai\/ms\/wp-json\/wp\/v2\/pages\/153094\/revisions"}],"wp:featuredmedia":[{"embeddable":true,"href":"https:\/\/talkpal.ai\/ms\/wp-json\/wp\/v2\/media\/121021"}],"wp:attachment":[{"href":"https:\/\/talkpal.ai\/ms\/wp-json\/wp\/v2\/media?parent=153094"}],"curies":[{"name":"wp","href":"https:\/\/api.w.org\/{rel}","templated":true}]}}