{"id":150221,"date":"2023-05-14T14:19:49","date_gmt":"2023-05-14T14:19:49","guid":{"rendered":"http:\/\/talkpal.ai\/tatabahasa-slovakia\/"},"modified":"2025-12-12T11:10:54","modified_gmt":"2025-12-12T11:10:54","slug":"tatabahasa-slovakia","status":"publish","type":"page","link":"https:\/\/talkpal.ai\/ms\/tatabahasa-slovakia\/","title":{"rendered":"Tatabahasa Slovakia"},"content":{"rendered":"\r\n\r\n\r\n<section class=\"languageChallengeSection\">\r\n    <div class=\"languageInfoWrapper\">\r\n        \r\n        <h1>Tatabahasa Slovakia<\/h1>\r\n        <p>Buka kunci keindahan bahasa <a href=\"https:\/\/talkpal.ai\/learn-slovak\/\">Slovak<\/a> dengan mempelajari peraturan <a href=\"https:\/\/talkpal.ai\/grammar\/\">tatabahasa<\/a> asasnya. Memahami <a href=\"https:\/\/talkpal.ai\/grammar\/\">tatabahasa<\/a> <a href=\"https:\/\/talkpal.ai\/learn-slovak\/\">Slovakia<\/a> akan membantu anda berkomunikasi dengan yakin dan berhubung dengan lebih mendalam dengan tradisi kaya Slovakia. <a href=\"https:\/\/talkpal.ai\/ko\/ai-%ec%96%b8%ec%96%b4-%ea%b5%90%ec%82%ac\/\">Mulakan<\/a> perjalanan anda hari ini dan ambil langkah pertama ke arah menguasai bahasa Slovakia!\n\n<\/p>\r\n\r\n                            <a class=\"getStartedHidden\" href=\"https:\/\/app.talkpal.ai\/ms\/signup?lng=\">Mula<\/a>\r\n        \r\n    <\/div>\r\n\r\n    <figure>\r\n    <img decoding=\"async\" width=\"768\" height=\"768\" src=\"https:\/\/talkpal.ai\/wp-content\/uploads\/2023\/06\/slovak-768x768.png\" class=\"languageImage no-lazy\" alt=\"Language learning for cross-cultural competence\" fetchpriority=\"high\" sizes=\"(max-width: 768px) 150px, 768px\" srcset=\"https:\/\/talkpal.ai\/wp-content\/uploads\/2023\/06\/slovak-768x768.png 768w, https:\/\/talkpal.ai\/wp-content\/uploads\/2023\/06\/slovak-300x300.png 300w\" \/>\r\n    \r\n\r\n    <\/figure>\r\n\r\n            <a class=\"getStartedVisible\" href=\"https:\/\/app.talkpal.ai\/ms\/signup?lng=\">Mula<\/a>\r\n    \r\n<\/section>\r\n<section class=\"promotionalBanner\">\r\n    <p class=\"promotionalText\">Cara paling berkesan untuk mempelajari bahasa<\/p>\r\n    <a class=\"promotionalLink\" href=\"https:\/\/app.talkpal.ai\/ms\/signup?lng=\">Cuba Talkpal secara percuma<\/a>\r\n<\/section>\n<div class=\"wp-block-group pageContainerStyle\"><div class=\"wp-block-group__inner-container is-layout-constrained wp-block-group-is-layout-constrained\">\n<h2 class=\"wp-block-heading\" id=\"h-slovak-grammar-the-key-to-unlocking-a-beautiful-language\">Tatabahasa Slovakia: Kunci untuk Membuka Kunci Bahasa yang Indah<\/h2>\n\n\n\n<p>Adakah anda merancang untuk belajar Slovak atau hanya ingin tahu tentang tatabahasa yang unik? Anda berada di tempat yang betul! <a href=\"https:\/\/talkpal.ai\/slovak-grammar\/\">Tatabahasa Slovak<\/a> mungkin kelihatan menakutkan pada pandangan pertama, tetapi jangan risau \u2013 ia sebenarnya agak logik dan boleh diurus. Dalam artikel ini, <a href=\"https:\/\/talkpal.ai\/locations\/language-courses-in-kami\/\">kami<\/a> akan meneroka selok-belok <a href=\"https:\/\/talkpal.ai\/slovak-grammar\/\">tatabahasa Slovak<\/a> untuk membantu anda memahami dan menghargai keindahannya dengan lebih baik.<\/p>\n\n\n\n<p>Mula-mula, mari kita mulakan dengan sedikit latar belakang. Bahasa Slovak adalah bahasa Slavik Barat yang dituturkan terutamanya di Slovakia, tetapi anda juga boleh mencari penutur di negara-negara sekitarnya. Sebagai bahasa Slavik, ia berkongsi banyak persamaan dengan bahasa lain di rantau ini, seperti <a href=\"https:\/\/talkpal.ai\/learn-czech\/\">Czech<\/a> dan <a href=\"https:\/\/talkpal.ai\/locations\/language-courses-in-poland\/\">Poland<\/a>. Walau bagaimanapun, ia mempunyai peraturan tatabahasa dan corak penggunaan tersendiri yang membezakannya.<\/p>\n\n\n\n<p>Sekarang, mari kita selami beberapa aspek yang paling penting dalam tatabahasa Slovak.<\/p>\n\n\n\n<h3 class=\"wp-block-heading\" id=\"h-1-nouns-and-their-cases\">1. Kata nama dan kes mereka<\/h3>\n\n\n\n<p>Salah satu ciri tatabahasa Slovak yang paling menarik ialah sistem kes yang kompleks. Jika anda biasa dengan bahasa Jerman atau Rusia, anda akan tahu perkara yang kami bincangkan: Kata nama Slovak menukar bentuknya bergantung pada fungsinya dalam ayat. Dengan tujuh kes (nominatif, genitif, datif, akusatif, lokatif, instrumental dan vokatif), ini mungkin kelihatan menggembirakan pada mulanya, tetapi jangan berputus asa! Sebaik sahaja anda membiasakannya, ia sangat logik dan juga menyeronokkan.<\/p>\n\n\n\n<p>Ambil kata nama &#8220;chlapec&#8221; (budak lelaki) sebagai contoh. Ia boleh bertukar kepada &#8220;chlapca,&#8221; &#8220;chlapcovi,&#8221; &#8220;chlapcom,&#8221; dan sebagainya, bergantung pada sama ada subjek, objek atau penerima tindakan. Pengakhiran bergantung pada jantina kata nama (maskulin, feminin, atau netral) juga, memberikan lebih banyak variasi kepada bahasa.<\/p>\n\n\n\n<h3 class=\"wp-block-heading\" id=\"h-2-verb-conjugation-and-tenses\">2. Konjugasi kata kerja dan tegang<\/h3>\n\n\n\n<p>Kata kerja Slovak mengubah pengakhiran mereka berdasarkan orang dan nombor (tunggal atau jamak) subjek. Sebagai contoh, kata kerja &#8220;vidie\u0165&#8221; (untuk melihat) boleh menjadi &#8220;vid\u00edm&#8221; (saya lihat), &#8220;vid\u00ed\u0161&#8221; (anda lihat), &#8220;vidia&#8221; (mereka melihat), dan lain-lain.<\/p>\n\n\n\n<p>Slovak mempunyai tiga tegang utama: masa lalu, sekarang, dan masa depan. Perkara yang menarik ialah, tidak seperti bahasa Inggeris, Slovak biasanya tidak menggunakan kata kerja tambahan untuk membentuk tegang ini. Sebaliknya, mereka dibentuk dengan menukar ujung kata kerja. Sebagai contoh, &#8220;Saya melihat&#8221; ialah &#8220;vid\u00edm,&#8221; &#8220;Saya melihat&#8221; ialah &#8220;videl som,&#8221; dan &#8220;Saya akan melihat&#8221; ialah &#8220;uvid\u00edm.&#8221;<\/p>\n\n\n\n<h3 class=\"wp-block-heading\" id=\"h-3-sentence-structure-and-word-order\">3. Struktur ayat dan susunan perkataan<\/h3>\n\n\n\n<p>Slovak mempunyai susunan perkataan yang agak fleksibel, terima kasih kepada kes kata nama dan sistem konjugasi kata kerja. Ini bermakna, tidak seperti bahasa Inggeris, anda boleh meletakkan perkataan dalam kedudukan berbeza dalam ayat tanpa mengubah maknanya \u2013 contohnya, \u201cchlapec vid\u00ed psa\u201d (budak lelaki itu melihat anjing) juga boleh menjadi \u201cpsa vid\u00ed chlapec\u201d dan masih mempunyai perkataan yang sama maksudnya.<\/p>\n\n\n\n<p>Yang berkata, susunan perkataan yang paling biasa di Slovak adalah objek subjek-kata kerja atau SVO. Ini serupa dengan bahasa Inggeris, dan ia merupakan titik permulaan yang bagus untuk pelajar. Apabila anda menjadi lebih selesa dengan bahasa, anda boleh bereksperimen dengan pesanan perkataan yang berbeza untuk menambah penekanan atau nuansa pada ayat anda.<\/p>\n\n\n\n<h3 class=\"wp-block-heading\" id=\"h-4-adjectives-and-adverbs\">4. Kata sifat dan kata keterangan<\/h3>\n\n\n\n<p>Sama seperti dalam banyak bahasa lain, kata sifat dan kata keterangan dalam Slovak digunakan untuk menggambarkan kata nama dan kata kerja. Walau bagaimanapun, mereka juga datang dengan perjanjian kes mereka sendiri dan peraturan perjanjian jantina, yang boleh membuat perkara menjadi lebih rumit. Syukurlah, sebaik sahaja anda menguasai kes kata nama dan konjugasi kata kerja, peraturan ini akan datang secara semula jadi.<\/p>\n\n\n\n<p>Jadi, adakah anda bersedia untuk menangani tatabahasa Slovak? Dengan pemikiran dan sumber yang betul, belajar Slovak adalah pengalaman yang bermanfaat yang boleh membuka pintu kepada budaya yang kaya dan negara yang indah. Ambil langkah demi langkah, berlatih dengan kerap, dan jangan takut untuk membuat kesilapan \u2013 itulah cara kita semua belajar, selepas semua. Ve\u013ea \u0161\u0165astia! (Semoga berjaya!)<\/p>\n<\/div><\/div>\n\r\n<section class=\"learnNavigationSection\">\r\n            \r\n        <a href=\"https:\/\/talkpal.ai\/ms\/belajar-slovak\/\">\r\n            <div class=\"learnNavigationWrapper\">\r\n                <div class=\"learnNavigationContent\">\r\n                    <img decoding=\"async\" src=\"https:\/\/talkpal.ai\/wp-content\/uploads\/2024\/08\/Slovak.jpg\" alt=\"Slovak Flag\">\r\n                    <div>\r\n                        <h4>Mengenai Pembelajaran Bahasa Slovak<\/h4>\r\n                        <p>Ketahui semua tentang tatabahasa Slovak .<\/p>\r\n                    <\/div>\r\n                <\/div>\r\n            <\/div>\r\n        <\/a>\r\n\r\n        \r\n        <a href=\"https:\/\/talkpal.ai\/ms\/latihan-tatabahasa-slovakia\/\">\r\n            <div class=\"learnNavigationWrapper\">\r\n                <div class=\"learnNavigationContent\">\r\n                    <img decoding=\"async\" src=\"https:\/\/talkpal.ai\/wp-content\/uploads\/2024\/08\/Slovak.jpg\" alt=\"Slovak Flag\">\r\n                    <div>\r\n                        <h4>Latihan Tatabahasa Slovak<\/h4>\r\n                        <p>Amalkan tatabahasa Slovak .<\/p>\r\n                    <\/div>\r\n                <\/div>\r\n            <\/div>\r\n        <\/a>\r\n\r\n        \r\n        <a href=\"https:\/\/talkpal.ai\/vocabulary_language\/slovak\/\">\r\n            <div class=\"learnNavigationWrapper\">\r\n                <div class=\"learnNavigationContent\">\r\n                    <img decoding=\"async\" src=\"https:\/\/talkpal.ai\/wp-content\/uploads\/2024\/08\/Slovak.jpg\" alt=\"Slovak Flag\">\r\n                    <div>\r\n                        <h4>Kosa Kata Bahasa Slovak<\/h4>\r\n                        <p>Kembangkan perbendaharaan kata bahasa Slovak anda.<\/p>\r\n                    <\/div>\r\n                <\/div>\r\n            <\/div>\r\n        <\/a>\r\n\r\n            <\/section>","protected":false},"excerpt":{"rendered":"<p>Tatabahasa Slovakia: Kunci untuk Membuka Kunci Bahasa yang Indah Adakah anda merancang untuk belajar Slovak atau hanya ingin tahu tentang tatabahasa yang unik? Anda berada di tempat yang betul! Tatabahasa Slovak mungkin kelihatan menakutkan pada pandangan pertama, tetapi jangan risau \u2013 ia sebenarnya agak logik dan boleh diurus. Dalam artikel ini, kami akan meneroka selok-belok [&hellip;]<\/p>\n","protected":false},"author":1,"featured_media":118547,"parent":0,"menu_order":0,"comment_status":"closed","ping_status":"closed","template":"LearningContentPage.php","meta":{"_acf_changed":false,"footnotes":""},"class_list":["post-150221","page","type-page","status-publish","has-post-thumbnail","hentry"],"acf":[],"yoast_head":"<!-- This site is optimized with the Yoast SEO Premium plugin v27.2 (Yoast SEO v27.2) - https:\/\/yoast.com\/product\/yoast-seo-premium-wordpress\/ -->\n<title>Tatabahasa Slovakia - Talkpal<\/title>\n<meta name=\"description\" content=\"Kuasai tatabahasa Slovak dengan penerangan yang jelas, contoh praktikal dan latihan interaktif. Tingkatkan kemahiran anda!\" \/>\n<meta name=\"robots\" content=\"index, follow, max-snippet:-1, max-image-preview:large, max-video-preview:-1\" \/>\n<link rel=\"canonical\" href=\"https:\/\/talkpal.ai\/ms\/tatabahasa-slovakia\/\" \/>\n<meta property=\"og:locale\" content=\"ms_MY\" \/>\n<meta property=\"og:type\" content=\"article\" \/>\n<meta property=\"og:title\" content=\"Tatabahasa Slovakia\" \/>\n<meta property=\"og:description\" content=\"Tatabahasa Slovakia: Kunci untuk Membuka Kunci Bahasa yang Indah Adakah anda merancang untuk belajar Slovak atau hanya ingin tahu tentang tatabahasa yang\" \/>\n<meta property=\"og:url\" content=\"https:\/\/talkpal.ai\/ms\/tatabahasa-slovakia\/\" \/>\n<meta property=\"og:site_name\" content=\"Talkpal\" \/>\n<meta property=\"article:publisher\" content=\"https:\/\/www.facebook.com\/profile.php?id=100090733639311\" \/>\n<meta property=\"article:modified_time\" content=\"2025-12-12T11:10:54+00:00\" \/>\n<meta property=\"og:image\" content=\"https:\/\/talkpal.ai\/wp-content\/uploads\/2023\/05\/slovakia.png\" \/>\n\t<meta property=\"og:image:width\" content=\"512\" \/>\n\t<meta property=\"og:image:height\" content=\"512\" \/>\n\t<meta property=\"og:image:type\" content=\"image\/png\" \/>\n<meta name=\"twitter:card\" content=\"summary_large_image\" \/>\n<meta name=\"twitter:site\" content=\"@talkpalai\" \/>\n<meta name=\"twitter:label1\" content=\"Est. reading time\" \/>\n\t<meta name=\"twitter:data1\" content=\"3 minit\" \/>\n<script type=\"application\/ld+json\" class=\"yoast-schema-graph\">{\"@context\":\"https:\/\/schema.org\",\"@graph\":[{\"@type\":\"WebPage\",\"@id\":\"https:\/\/talkpal.ai\/ms\/tatabahasa-slovakia\/\",\"url\":\"https:\/\/talkpal.ai\/ms\/tatabahasa-slovakia\/\",\"name\":\"Tatabahasa Slovakia - Talkpal\",\"isPartOf\":{\"@id\":\"https:\/\/talkpal.ai\/ms\/#website\"},\"primaryImageOfPage\":{\"@id\":\"https:\/\/talkpal.ai\/ms\/tatabahasa-slovakia\/#primaryimage\"},\"image\":{\"@id\":\"https:\/\/talkpal.ai\/ms\/tatabahasa-slovakia\/#primaryimage\"},\"thumbnailUrl\":\"https:\/\/talkpal.ai\/wp-content\/uploads\/2023\/05\/slovakia.png\",\"datePublished\":\"2023-05-14T14:19:49+00:00\",\"dateModified\":\"2025-12-12T11:10:54+00:00\",\"description\":\"Kuasai tatabahasa Slovak dengan penerangan yang jelas, contoh praktikal dan latihan interaktif. Tingkatkan kemahiran anda!\",\"breadcrumb\":{\"@id\":\"https:\/\/talkpal.ai\/ms\/tatabahasa-slovakia\/#breadcrumb\"},\"inLanguage\":\"ms-MY\",\"potentialAction\":[{\"@type\":\"ReadAction\",\"target\":[\"https:\/\/talkpal.ai\/ms\/tatabahasa-slovakia\/\"]}]},{\"@type\":\"ImageObject\",\"inLanguage\":\"ms-MY\",\"@id\":\"https:\/\/talkpal.ai\/ms\/tatabahasa-slovakia\/#primaryimage\",\"url\":\"https:\/\/talkpal.ai\/wp-content\/uploads\/2023\/05\/slovakia.png\",\"contentUrl\":\"https:\/\/talkpal.ai\/wp-content\/uploads\/2023\/05\/slovakia.png\",\"width\":512,\"height\":512},{\"@type\":\"BreadcrumbList\",\"@id\":\"https:\/\/talkpal.ai\/ms\/tatabahasa-slovakia\/#breadcrumb\",\"itemListElement\":[{\"@type\":\"ListItem\",\"position\":1,\"name\":\"Homepage\",\"item\":\"https:\/\/talkpal.ai\/ms\/\"},{\"@type\":\"ListItem\",\"position\":2,\"name\":\"Tatabahasa Slovakia\"}]},{\"@type\":\"WebSite\",\"@id\":\"https:\/\/talkpal.ai\/ms\/#website\",\"url\":\"https:\/\/talkpal.ai\/ms\/\",\"name\":\"Talkpal\",\"description\":\"AI Language Learning\",\"publisher\":{\"@id\":\"https:\/\/talkpal.ai\/ms\/#organization\"},\"alternateName\":\"Talkpal AI\",\"potentialAction\":[{\"@type\":\"SearchAction\",\"target\":{\"@type\":\"EntryPoint\",\"urlTemplate\":\"https:\/\/talkpal.ai\/ms\/?s={search_term_string}\"},\"query-input\":{\"@type\":\"PropertyValueSpecification\",\"valueRequired\":true,\"valueName\":\"search_term_string\"}}],\"inLanguage\":\"ms-MY\"},{\"@type\":\"Organization\",\"@id\":\"https:\/\/talkpal.ai\/ms\/#organization\",\"name\":\"Talkpal, Inc.\",\"alternateName\":\"Talkpal AI\",\"url\":\"https:\/\/talkpal.ai\/ms\/\",\"logo\":{\"@type\":\"ImageObject\",\"inLanguage\":\"ms-MY\",\"@id\":\"https:\/\/talkpal.ai\/ms\/#\/schema\/logo\/image\/\",\"url\":\"https:\/\/talkpal.ai\/wp-content\/uploads\/2024\/03\/Talkpal-Logo-Icon.png\",\"contentUrl\":\"https:\/\/talkpal.ai\/wp-content\/uploads\/2024\/03\/Talkpal-Logo-Icon.png\",\"width\":2880,\"height\":2880,\"caption\":\"Talkpal, Inc.\"},\"image\":{\"@id\":\"https:\/\/talkpal.ai\/ms\/#\/schema\/logo\/image\/\"},\"sameAs\":[\"https:\/\/www.facebook.com\/profile.php?id=100090733639311\",\"https:\/\/x.com\/talkpalai\",\"https:\/\/www.linkedin.com\/company\/talkpal\/\",\"https:\/\/www.youtube.com\/@TalkPal\/\",\"https:\/\/www.tiktok.com\/@talkpal\",\"https:\/\/www.instagram.com\/talkpal_ai\/\",\"https:\/\/www.crunchbase.com\/organization\/talkpal-9cde\",\"https:\/\/www.g2.com\/products\/talkpal-for-business\/\",\"https:\/\/www.trustpilot.com\/review\/talkpal.ai\",\"https:\/\/www.capterra.com\/p\/10006800\/TalkPal\/\"],\"description\":\"Talkpal is a language learning web and mobile education app, powered by the latest AI technologies, that provides engaging experiences to its customers in many different languages to help them improve their language skills. Users can chat about unlimited amount of topics with the app and use other modes to practice their language learning.\",\"email\":\"support@talkpal.ai\",\"legalName\":\"Talkpal, Inc.\",\"foundingDate\":\"2023-04-03\",\"duns\":\"118989042\",\"numberOfEmployees\":{\"@type\":\"QuantitativeValue\",\"minValue\":\"11\",\"maxValue\":\"50\"},\"publishingPrinciples\":\"https:\/\/talkpal.ai\/publishing-principles\/\",\"actionableFeedbackPolicy\":\"https:\/\/talkpal.ai\/actionable-feedback-policy\/\",\"correctionsPolicy\":\"https:\/\/talkpal.ai\/corrections-policy\/\",\"ethicsPolicy\":\"https:\/\/talkpal.ai\/ethics-policy\/\",\"diversityPolicy\":\"https:\/\/talkpal.ai\/diversity-policy\/\",\"diversityStaffingReport\":\"https:\/\/talkpal.ai\/diversity-policy\/\"}]}<\/script>\n<!-- \/ Yoast SEO Premium plugin. -->","yoast_head_json":{"title":"Tatabahasa Slovakia - Talkpal","description":"Kuasai tatabahasa Slovak dengan penerangan yang jelas, contoh praktikal dan latihan interaktif. Tingkatkan kemahiran anda!","robots":{"index":"index","follow":"follow","max-snippet":"max-snippet:-1","max-image-preview":"max-image-preview:large","max-video-preview":"max-video-preview:-1"},"canonical":"https:\/\/talkpal.ai\/ms\/tatabahasa-slovakia\/","og_locale":"ms_MY","og_type":"article","og_title":"Tatabahasa Slovakia","og_description":"Tatabahasa Slovakia: Kunci untuk Membuka Kunci Bahasa yang Indah Adakah anda merancang untuk belajar Slovak atau hanya ingin tahu tentang tatabahasa yang","og_url":"https:\/\/talkpal.ai\/ms\/tatabahasa-slovakia\/","og_site_name":"Talkpal","article_publisher":"https:\/\/www.facebook.com\/profile.php?id=100090733639311","article_modified_time":"2025-12-12T11:10:54+00:00","og_image":[{"width":512,"height":512,"url":"https:\/\/talkpal.ai\/wp-content\/uploads\/2023\/05\/slovakia.png","type":"image\/png"}],"twitter_card":"summary_large_image","twitter_site":"@talkpalai","twitter_misc":{"Est. reading time":"3 minit"},"schema":{"@context":"https:\/\/schema.org","@graph":[{"@type":"WebPage","@id":"https:\/\/talkpal.ai\/ms\/tatabahasa-slovakia\/","url":"https:\/\/talkpal.ai\/ms\/tatabahasa-slovakia\/","name":"Tatabahasa Slovakia - Talkpal","isPartOf":{"@id":"https:\/\/talkpal.ai\/ms\/#website"},"primaryImageOfPage":{"@id":"https:\/\/talkpal.ai\/ms\/tatabahasa-slovakia\/#primaryimage"},"image":{"@id":"https:\/\/talkpal.ai\/ms\/tatabahasa-slovakia\/#primaryimage"},"thumbnailUrl":"https:\/\/talkpal.ai\/wp-content\/uploads\/2023\/05\/slovakia.png","datePublished":"2023-05-14T14:19:49+00:00","dateModified":"2025-12-12T11:10:54+00:00","description":"Kuasai tatabahasa Slovak dengan penerangan yang jelas, contoh praktikal dan latihan interaktif. Tingkatkan kemahiran anda!","breadcrumb":{"@id":"https:\/\/talkpal.ai\/ms\/tatabahasa-slovakia\/#breadcrumb"},"inLanguage":"ms-MY","potentialAction":[{"@type":"ReadAction","target":["https:\/\/talkpal.ai\/ms\/tatabahasa-slovakia\/"]}]},{"@type":"ImageObject","inLanguage":"ms-MY","@id":"https:\/\/talkpal.ai\/ms\/tatabahasa-slovakia\/#primaryimage","url":"https:\/\/talkpal.ai\/wp-content\/uploads\/2023\/05\/slovakia.png","contentUrl":"https:\/\/talkpal.ai\/wp-content\/uploads\/2023\/05\/slovakia.png","width":512,"height":512},{"@type":"BreadcrumbList","@id":"https:\/\/talkpal.ai\/ms\/tatabahasa-slovakia\/#breadcrumb","itemListElement":[{"@type":"ListItem","position":1,"name":"Homepage","item":"https:\/\/talkpal.ai\/ms\/"},{"@type":"ListItem","position":2,"name":"Tatabahasa Slovakia"}]},{"@type":"WebSite","@id":"https:\/\/talkpal.ai\/ms\/#website","url":"https:\/\/talkpal.ai\/ms\/","name":"Talkpal","description":"AI Language Learning","publisher":{"@id":"https:\/\/talkpal.ai\/ms\/#organization"},"alternateName":"Talkpal AI","potentialAction":[{"@type":"SearchAction","target":{"@type":"EntryPoint","urlTemplate":"https:\/\/talkpal.ai\/ms\/?s={search_term_string}"},"query-input":{"@type":"PropertyValueSpecification","valueRequired":true,"valueName":"search_term_string"}}],"inLanguage":"ms-MY"},{"@type":"Organization","@id":"https:\/\/talkpal.ai\/ms\/#organization","name":"Talkpal, Inc.","alternateName":"Talkpal AI","url":"https:\/\/talkpal.ai\/ms\/","logo":{"@type":"ImageObject","inLanguage":"ms-MY","@id":"https:\/\/talkpal.ai\/ms\/#\/schema\/logo\/image\/","url":"https:\/\/talkpal.ai\/wp-content\/uploads\/2024\/03\/Talkpal-Logo-Icon.png","contentUrl":"https:\/\/talkpal.ai\/wp-content\/uploads\/2024\/03\/Talkpal-Logo-Icon.png","width":2880,"height":2880,"caption":"Talkpal, Inc."},"image":{"@id":"https:\/\/talkpal.ai\/ms\/#\/schema\/logo\/image\/"},"sameAs":["https:\/\/www.facebook.com\/profile.php?id=100090733639311","https:\/\/x.com\/talkpalai","https:\/\/www.linkedin.com\/company\/talkpal\/","https:\/\/www.youtube.com\/@TalkPal\/","https:\/\/www.tiktok.com\/@talkpal","https:\/\/www.instagram.com\/talkpal_ai\/","https:\/\/www.crunchbase.com\/organization\/talkpal-9cde","https:\/\/www.g2.com\/products\/talkpal-for-business\/","https:\/\/www.trustpilot.com\/review\/talkpal.ai","https:\/\/www.capterra.com\/p\/10006800\/TalkPal\/"],"description":"Talkpal is a language learning web and mobile education app, powered by the latest AI technologies, that provides engaging experiences to its customers in many different languages to help them improve their language skills. Users can chat about unlimited amount of topics with the app and use other modes to practice their language learning.","email":"support@talkpal.ai","legalName":"Talkpal, Inc.","foundingDate":"2023-04-03","duns":"118989042","numberOfEmployees":{"@type":"QuantitativeValue","minValue":"11","maxValue":"50"},"publishingPrinciples":"https:\/\/talkpal.ai\/publishing-principles\/","actionableFeedbackPolicy":"https:\/\/talkpal.ai\/actionable-feedback-policy\/","correctionsPolicy":"https:\/\/talkpal.ai\/corrections-policy\/","ethicsPolicy":"https:\/\/talkpal.ai\/ethics-policy\/","diversityPolicy":"https:\/\/talkpal.ai\/diversity-policy\/","diversityStaffingReport":"https:\/\/talkpal.ai\/diversity-policy\/"}]}},"_links":{"self":[{"href":"https:\/\/talkpal.ai\/ms\/wp-json\/wp\/v2\/pages\/150221","targetHints":{"allow":["GET"]}}],"collection":[{"href":"https:\/\/talkpal.ai\/ms\/wp-json\/wp\/v2\/pages"}],"about":[{"href":"https:\/\/talkpal.ai\/ms\/wp-json\/wp\/v2\/types\/page"}],"author":[{"embeddable":true,"href":"https:\/\/talkpal.ai\/ms\/wp-json\/wp\/v2\/users\/1"}],"replies":[{"embeddable":true,"href":"https:\/\/talkpal.ai\/ms\/wp-json\/wp\/v2\/comments?post=150221"}],"version-history":[{"count":0,"href":"https:\/\/talkpal.ai\/ms\/wp-json\/wp\/v2\/pages\/150221\/revisions"}],"wp:featuredmedia":[{"embeddable":true,"href":"https:\/\/talkpal.ai\/ms\/wp-json\/wp\/v2\/media\/118547"}],"wp:attachment":[{"href":"https:\/\/talkpal.ai\/ms\/wp-json\/wp\/v2\/media?parent=150221"}],"curies":[{"name":"wp","href":"https:\/\/api.w.org\/{rel}","templated":true}]}}