{"id":147706,"date":"2023-05-14T14:12:25","date_gmt":"2023-05-14T14:12:25","guid":{"rendered":"http:\/\/talkpal.ai\/tatabahasa-maori\/"},"modified":"2025-12-17T16:44:08","modified_gmt":"2025-12-17T16:44:08","slug":"tatabahasa-maori","status":"publish","type":"page","link":"https:\/\/talkpal.ai\/ms\/tatabahasa-maori\/","title":{"rendered":"Tatabahasa Maori"},"content":{"rendered":"\r\n\r\n\r\n<section class=\"languageChallengeSection\">\r\n    <div class=\"languageInfoWrapper\">\r\n        \r\n        <h1>Tatabahasa Maori<\/h1>\r\n        <p>Berminat untuk belajar bahasa M\u0101ori? Selidiki <a href=\"https:\/\/talkpal.ai\/grammar\/\">tatabahasa<\/a> M\u0101ori, yang terkenal dengan kesederhanaan, penggunaan rencana dan peranan penting zarah untuk membentuk makna. Mulakan hari ini\u2014menguasai tatabahasa M\u0101ori akan membantu anda berhubung dengan lebih mendalam dengan warisan bahasa yang kaya dan budaya rancak Aotearoa <a href=\"https:\/\/talkpal.ai\/locations\/language-courses-in-new-zealand\/\">New Zealand<\/a>!<\/p>\r\n\r\n                            <a class=\"getStartedHidden\" href=\"https:\/\/app.talkpal.ai\/ms\/signup?lng=\">Mula<\/a>\r\n        \r\n    <\/div>\r\n\r\n    <figure>\r\n    <img decoding=\"async\" width=\"768\" height=\"768\" src=\"https:\/\/talkpal.ai\/wp-content\/uploads\/2023\/06\/maori-768x768.png\" class=\"languageImage no-lazy\" alt=\"Language learning for social and professional settings\" fetchpriority=\"high\" sizes=\"(max-width: 768px) 150px, 768px\" srcset=\"https:\/\/talkpal.ai\/wp-content\/uploads\/2023\/06\/maori-768x768.png 768w, https:\/\/talkpal.ai\/wp-content\/uploads\/2023\/06\/maori-300x300.png 300w\" \/>\r\n    \r\n\r\n    <\/figure>\r\n\r\n            <a class=\"getStartedVisible\" href=\"https:\/\/app.talkpal.ai\/ms\/signup?lng=\">Mula<\/a>\r\n    \r\n<\/section>\r\n<section class=\"promotionalBanner\">\r\n    <p class=\"promotionalText\">Cara paling berkesan untuk mempelajari bahasa<\/p>\r\n    <a class=\"promotionalLink\" href=\"https:\/\/app.talkpal.ai\/ms\/signup?lng=\">Cuba Talkpal secara percuma<\/a>\r\n<\/section>\n<div class=\"wp-block-group pageContainerStyle\"><div class=\"wp-block-group__inner-container is-layout-constrained wp-block-group-is-layout-constrained\">\n<h2 class=\"wp-block-heading\" id=\"h-maori-grammar-your-ticket-to-a-vibrant-bicultural-world\">Tatabahasa Maori: Tiket Anda ke Dunia Budaya yang Meriah<\/h2>\n\n\n\n<p><a href=\"https:\/\/talkpal.ai\/culture\/how-do-you-say-lets-go-in-maori\/\">Kia ora<\/a>! <a href=\"https:\/\/talkpal.ai\/culture\/how-do-you-say-welcome-in-malay\/\">Selamat datang<\/a> ke dunia indah bahasa <a href=\"https:\/\/talkpal.ai\/learn-maori\/\">Maori<\/a>. Sebagai bahasa asli New Zealand, Maori atau te reo Maori menawarkan anda peluang unik untuk berhubung dengan budaya purba dan komuniti penuturnya yang bertenaga. Seperti mana-mana bahasa, <a href=\"https:\/\/talkpal.ai\/maori-grammar\/\">tatabahasa Maori<\/a> boleh kelihatan mencabar, tetapi jangan risau! Panduan mesra pemula ini akan memudahkan komponen teras <a href=\"https:\/\/talkpal.ai\/maori-grammar\/\">tatabahasa Maori<\/a> untuk perjalanan visual yang menarik dan bermaklumat.<\/p>\n\n\n\n<h3 class=\"wp-block-heading\" id=\"h-1-starting-with-the-basics-maori-alphabet-and-pronunciation\">1. Bermula dengan Asas: Abjad Maori dan Sebutan<\/h3>\n\n\n\n<p>Maori menggunakan skrip Latin yang diubah suai, yang terdiri daripada hanya 15 huruf: <a href=\"https:\/\/talkpal.ai\/locations\/language-courses-in-lima\/\">lima<\/a> vokal (a, e, i, o, dan anda) dan sepuluh konsonan (h, k, m, n, p, r, t, w, ng, dan wh). Membiasakan diri dengan huruf-huruf ini dan sebutan mereka yang berbeza, kerana mereka meletakkan asas untuk semua pembelajaran tatabahasa Maori berikutnya.<\/p>\n\n\n\n<h3 class=\"wp-block-heading\" id=\"h-2-exploring-maori-sentence-structure\">2. Meneroka Struktur Ayat Maori<\/h3>\n\n\n\n<p>Pada terasnya, tatabahasa Maori mengikuti struktur subjek-kata kerja (-objek) yang mudah, dengan kata kerja biasanya mendahului subjek. Cara paling jelas untuk memahami struktur ini adalah dengan melihatnya dalam tindakan:<\/p>\n\n\n\n<p><strong>Bahasa Inggeris: Kanak-kanak sedang bermain.<\/strong><\/p>\n\n\n\n<p><strong>Maori: Kei te t\u0101karo te tamaiti.<\/strong><\/p>\n\n\n\n<p>Dalam bahasa Maori, kala kata kerja ditunjukkan melalui gabungan zarah atau dengan menambahkan penunjuk masa pada ayat tersebut.<\/p>\n\n\n\n<h3 class=\"wp-block-heading\" id=\"h-3-demystifying-particles-building-blocks-of-maori-grammar\">3. Zarah Demystifying: Blok Bangunan Tatabahasa Maori<\/h3>\n\n\n\n<p>Zarah memainkan peranan penting dalam tatabahasa Maori, menghubungkan perkataan dan frasa bersama-sama untuk mencipta ayat yang koheren dan ekspresif. Sebagai pemula, fokus pada memahami beberapa zarah penting:<\/p>\n\n\n\n<p><strong>\u2013 Kia: digunakan untuk arahan, kehendak dan untuk menunjukkan tujuan sesuatu tindakan.<\/strong><\/p>\n\n\n\n<p><strong>\u2013 Kei: digunakan untuk membentuk tegang berterusan.<\/strong><\/p>\n\n\n\n<p><strong>\u2013 Ko: digunakan untuk memberi isyarat kepada subjek ayat.<\/strong><\/p>\n\n\n\n<h3 class=\"wp-block-heading\" id=\"h-4-getting-to-know-maori-pronouns\">4. Mengenali Kata Ganti Maori<\/h3>\n\n\n\n<p>Kata ganti nama di Maori menggantikan kata nama dan membantu mengekalkan perbualan anda semula jadi dan cecair. Sebagai pemula, tumpukan perhatian kepada memahami kata ganti peribadi dan kepunyaan:<\/p>\n\n\n\n<p>Kata ganti peribadi: ahau (saya), koe (anda, tunggal), ia (dia), t\u0101ua (kami, termasuk orang yang bercakap dengan), m\u0101ua (kami, tidak termasuk orang yang dituturkan), koutou (anda, jamak), r\u0101tau (mereka)<\/p>\n\n\n\n<p>Kata ganti nama: taku\/t\u014dku (saya), t\u014du (kamu, tunggal), t\u014dna (dia), t\u014d t\u0101ua (kita, termasuk penceramah dan pendengar), t\u014d m\u0101ua (kita, penceramah dan orang lain), t\u014d koutou (kamu, jamak), t\u014d r\u0101tau (mereka)<\/p>\n\n\n\n<h3 class=\"wp-block-heading\" id=\"h-5-navigating-maori-nouns-and-adjectives\">5. Menavigasi Kata Nama dan Kata Adjektif Maori<\/h3>\n\n\n\n<p>Kata nama dan kata sifat Maori mengikut peraturan tatabahasa yang mudah, memudahkan pemula memahami. Kata adjektif biasanya mengikut kata nama yang mereka huraikan, dan kata nama majmuk hanya melibatkan penambahan zarah, &#8220;ng\u0101,&#8221; sebelum kata nama. Sebagai contoh:<\/p>\n\n\n\n<p><strong>Te whare nui \u2013 \u201crumah besar\u201d<\/strong><\/p>\n\n\n\n<p><strong>Ng\u0101 anak \u2013 \u201canak-anak\u201d<\/strong><\/p>\n\n\n\n<p>Di sana anda memilikinya! Anda telah mengambil langkah pertama untuk menguasai tatabahasa Maori dan memperkayakan perjalanan anda dengan bahasa dan budaya Maori. Ingatlah bahawa amalan, ketekunan, dan rendaman adalah penting untuk berjaya, jadi libatkan diri dengan penutur asli, meneroka teks Maori, dan mengukuhkan asas bahasa anda. Kia kaha! (Kuat!)<\/p>\n<\/div><\/div>\n\r\n<section class=\"learnNavigationSection\">\r\n            \r\n        <a href=\"https:\/\/talkpal.ai\/ms\/pelajari-maori\/\">\r\n            <div class=\"learnNavigationWrapper\">\r\n                <div class=\"learnNavigationContent\">\r\n                    <img decoding=\"async\" src=\"https:\/\/talkpal.ai\/wp-content\/uploads\/2024\/08\/Maori.jpg\" alt=\"New Zealand Flag\">\r\n                    <div>\r\n                        <h4>Pelajaran Tatabahasa Maori<\/h4>\r\n                        <p>Ketahui semua tentang tatabahasa Maori.<\/p>\r\n                    <\/div>\r\n                <\/div>\r\n            <\/div>\r\n        <\/a>\r\n\r\n        \r\n        <a href=\"https:\/\/talkpal.ai\/ms\/latihan-tatabahasa-maori\/\">\r\n            <div class=\"learnNavigationWrapper\">\r\n                <div class=\"learnNavigationContent\">\r\n                    <img decoding=\"async\" src=\"https:\/\/talkpal.ai\/wp-content\/uploads\/2024\/08\/Maori.jpg\" alt=\"New Zealand Flag\">\r\n                    <div>\r\n                        <h4>Latihan Tatabahasa Maori<\/h4>\r\n                        <p>Berlatih tatabahasa Maori.<\/p>\r\n                    <\/div>\r\n                <\/div>\r\n            <\/div>\r\n        <\/a>\r\n\r\n        \r\n        <a href=\"https:\/\/talkpal.ai\/vocabulary_language\/maori\/\">\r\n            <div class=\"learnNavigationWrapper\">\r\n                <div class=\"learnNavigationContent\">\r\n                    <img decoding=\"async\" src=\"https:\/\/talkpal.ai\/wp-content\/uploads\/2024\/08\/Maori.jpg\" alt=\"New Zealand Flag\">\r\n                    <div>\r\n                        <h4>Kosa Kata Maori<\/h4>\r\n                        <p>Kembangkan perbendaharaan kata Maori anda.<\/p>\r\n                    <\/div>\r\n                <\/div>\r\n            <\/div>\r\n        <\/a>\r\n\r\n            <\/section>","protected":false},"excerpt":{"rendered":"<p>Tatabahasa Maori: Tiket Anda ke Dunia Budaya yang Meriah Kia ora! Selamat datang ke dunia indah bahasa Maori. Sebagai bahasa asli New Zealand, Maori atau te reo Maori menawarkan anda peluang unik untuk berhubung dengan budaya purba dan komuniti penuturnya yang bertenaga. Seperti mana-mana bahasa, tatabahasa Maori boleh kelihatan mencabar, tetapi jangan risau! Panduan mesra [&hellip;]<\/p>\n","protected":false},"author":1,"featured_media":116742,"parent":0,"menu_order":0,"comment_status":"closed","ping_status":"closed","template":"LearningContentPage.php","meta":{"_acf_changed":false,"footnotes":""},"class_list":["post-147706","page","type-page","status-publish","has-post-thumbnail","hentry"],"acf":[],"yoast_head":"<!-- This site is optimized with the Yoast SEO Premium plugin v27.2 (Yoast SEO v27.2) - https:\/\/yoast.com\/product\/yoast-seo-premium-wordpress\/ -->\n<title>Tatabahasa Maori - Talkpal<\/title>\n<meta name=\"description\" content=\"Terokai asas tatabahasa Maori dengan panduan mesra pemula kami. Temui 15 huruf dan peraturan penting te reo Maori.\" \/>\n<meta name=\"robots\" content=\"index, follow, max-snippet:-1, max-image-preview:large, max-video-preview:-1\" \/>\n<link rel=\"canonical\" href=\"https:\/\/talkpal.ai\/ms\/tatabahasa-maori\/\" \/>\n<meta property=\"og:locale\" content=\"ms_MY\" \/>\n<meta property=\"og:type\" content=\"article\" \/>\n<meta property=\"og:title\" content=\"Tatabahasa Maori\" \/>\n<meta property=\"og:description\" content=\"Tatabahasa Maori: Tiket Anda ke Dunia Budaya yang Meriah Kia ora! Selamat datang ke dunia indah bahasa Maori. Sebagai bahasa asli New Zealand, Maori atau\" \/>\n<meta property=\"og:url\" content=\"https:\/\/talkpal.ai\/ms\/tatabahasa-maori\/\" \/>\n<meta property=\"og:site_name\" content=\"Talkpal\" \/>\n<meta property=\"article:publisher\" content=\"https:\/\/www.facebook.com\/profile.php?id=100090733639311\" \/>\n<meta property=\"article:modified_time\" content=\"2025-12-17T16:44:08+00:00\" \/>\n<meta property=\"og:image\" content=\"https:\/\/talkpal.ai\/wp-content\/uploads\/2023\/05\/Maori-new-zealand.png\" \/>\n\t<meta property=\"og:image:width\" content=\"512\" \/>\n\t<meta property=\"og:image:height\" content=\"512\" \/>\n\t<meta property=\"og:image:type\" content=\"image\/png\" \/>\n<meta name=\"twitter:card\" content=\"summary_large_image\" \/>\n<meta name=\"twitter:site\" content=\"@talkpalai\" \/>\n<meta name=\"twitter:label1\" content=\"Est. reading time\" \/>\n\t<meta name=\"twitter:data1\" content=\"2 minit\" \/>\n<script type=\"application\/ld+json\" class=\"yoast-schema-graph\">{\"@context\":\"https:\/\/schema.org\",\"@graph\":[{\"@type\":\"WebPage\",\"@id\":\"https:\/\/talkpal.ai\/ms\/tatabahasa-maori\/\",\"url\":\"https:\/\/talkpal.ai\/ms\/tatabahasa-maori\/\",\"name\":\"Tatabahasa Maori - Talkpal\",\"isPartOf\":{\"@id\":\"https:\/\/talkpal.ai\/ms\/#website\"},\"primaryImageOfPage\":{\"@id\":\"https:\/\/talkpal.ai\/ms\/tatabahasa-maori\/#primaryimage\"},\"image\":{\"@id\":\"https:\/\/talkpal.ai\/ms\/tatabahasa-maori\/#primaryimage\"},\"thumbnailUrl\":\"https:\/\/talkpal.ai\/wp-content\/uploads\/2023\/05\/Maori-new-zealand.png\",\"datePublished\":\"2023-05-14T14:12:25+00:00\",\"dateModified\":\"2025-12-17T16:44:08+00:00\",\"description\":\"Terokai asas tatabahasa Maori dengan panduan mesra pemula kami. Temui 15 huruf dan peraturan penting te reo Maori.\",\"breadcrumb\":{\"@id\":\"https:\/\/talkpal.ai\/ms\/tatabahasa-maori\/#breadcrumb\"},\"inLanguage\":\"ms-MY\",\"potentialAction\":[{\"@type\":\"ReadAction\",\"target\":[\"https:\/\/talkpal.ai\/ms\/tatabahasa-maori\/\"]}]},{\"@type\":\"ImageObject\",\"inLanguage\":\"ms-MY\",\"@id\":\"https:\/\/talkpal.ai\/ms\/tatabahasa-maori\/#primaryimage\",\"url\":\"https:\/\/talkpal.ai\/wp-content\/uploads\/2023\/05\/Maori-new-zealand.png\",\"contentUrl\":\"https:\/\/talkpal.ai\/wp-content\/uploads\/2023\/05\/Maori-new-zealand.png\",\"width\":512,\"height\":512},{\"@type\":\"BreadcrumbList\",\"@id\":\"https:\/\/talkpal.ai\/ms\/tatabahasa-maori\/#breadcrumb\",\"itemListElement\":[{\"@type\":\"ListItem\",\"position\":1,\"name\":\"Homepage\",\"item\":\"https:\/\/talkpal.ai\/ms\/\"},{\"@type\":\"ListItem\",\"position\":2,\"name\":\"Tatabahasa Maori\"}]},{\"@type\":\"WebSite\",\"@id\":\"https:\/\/talkpal.ai\/ms\/#website\",\"url\":\"https:\/\/talkpal.ai\/ms\/\",\"name\":\"Talkpal\",\"description\":\"AI Language Learning\",\"publisher\":{\"@id\":\"https:\/\/talkpal.ai\/ms\/#organization\"},\"alternateName\":\"Talkpal AI\",\"potentialAction\":[{\"@type\":\"SearchAction\",\"target\":{\"@type\":\"EntryPoint\",\"urlTemplate\":\"https:\/\/talkpal.ai\/ms\/?s={search_term_string}\"},\"query-input\":{\"@type\":\"PropertyValueSpecification\",\"valueRequired\":true,\"valueName\":\"search_term_string\"}}],\"inLanguage\":\"ms-MY\"},{\"@type\":\"Organization\",\"@id\":\"https:\/\/talkpal.ai\/ms\/#organization\",\"name\":\"Talkpal, Inc.\",\"alternateName\":\"Talkpal AI\",\"url\":\"https:\/\/talkpal.ai\/ms\/\",\"logo\":{\"@type\":\"ImageObject\",\"inLanguage\":\"ms-MY\",\"@id\":\"https:\/\/talkpal.ai\/ms\/#\/schema\/logo\/image\/\",\"url\":\"https:\/\/talkpal.ai\/wp-content\/uploads\/2024\/03\/Talkpal-Logo-Icon.png\",\"contentUrl\":\"https:\/\/talkpal.ai\/wp-content\/uploads\/2024\/03\/Talkpal-Logo-Icon.png\",\"width\":2880,\"height\":2880,\"caption\":\"Talkpal, Inc.\"},\"image\":{\"@id\":\"https:\/\/talkpal.ai\/ms\/#\/schema\/logo\/image\/\"},\"sameAs\":[\"https:\/\/www.facebook.com\/profile.php?id=100090733639311\",\"https:\/\/x.com\/talkpalai\",\"https:\/\/www.linkedin.com\/company\/talkpal\/\",\"https:\/\/www.youtube.com\/@TalkPal\/\",\"https:\/\/www.tiktok.com\/@talkpal\",\"https:\/\/www.instagram.com\/talkpal_ai\/\",\"https:\/\/www.crunchbase.com\/organization\/talkpal-9cde\",\"https:\/\/www.g2.com\/products\/talkpal-for-business\/\",\"https:\/\/www.trustpilot.com\/review\/talkpal.ai\",\"https:\/\/www.capterra.com\/p\/10006800\/TalkPal\/\"],\"description\":\"Talkpal is a language learning web and mobile education app, powered by the latest AI technologies, that provides engaging experiences to its customers in many different languages to help them improve their language skills. Users can chat about unlimited amount of topics with the app and use other modes to practice their language learning.\",\"email\":\"support@talkpal.ai\",\"legalName\":\"Talkpal, Inc.\",\"foundingDate\":\"2023-04-03\",\"duns\":\"118989042\",\"numberOfEmployees\":{\"@type\":\"QuantitativeValue\",\"minValue\":\"11\",\"maxValue\":\"50\"},\"publishingPrinciples\":\"https:\/\/talkpal.ai\/publishing-principles\/\",\"actionableFeedbackPolicy\":\"https:\/\/talkpal.ai\/actionable-feedback-policy\/\",\"correctionsPolicy\":\"https:\/\/talkpal.ai\/corrections-policy\/\",\"ethicsPolicy\":\"https:\/\/talkpal.ai\/ethics-policy\/\",\"diversityPolicy\":\"https:\/\/talkpal.ai\/diversity-policy\/\",\"diversityStaffingReport\":\"https:\/\/talkpal.ai\/diversity-policy\/\"}]}<\/script>\n<!-- \/ Yoast SEO Premium plugin. -->","yoast_head_json":{"title":"Tatabahasa Maori - Talkpal","description":"Terokai asas tatabahasa Maori dengan panduan mesra pemula kami. Temui 15 huruf dan peraturan penting te reo Maori.","robots":{"index":"index","follow":"follow","max-snippet":"max-snippet:-1","max-image-preview":"max-image-preview:large","max-video-preview":"max-video-preview:-1"},"canonical":"https:\/\/talkpal.ai\/ms\/tatabahasa-maori\/","og_locale":"ms_MY","og_type":"article","og_title":"Tatabahasa Maori","og_description":"Tatabahasa Maori: Tiket Anda ke Dunia Budaya yang Meriah Kia ora! Selamat datang ke dunia indah bahasa Maori. Sebagai bahasa asli New Zealand, Maori atau","og_url":"https:\/\/talkpal.ai\/ms\/tatabahasa-maori\/","og_site_name":"Talkpal","article_publisher":"https:\/\/www.facebook.com\/profile.php?id=100090733639311","article_modified_time":"2025-12-17T16:44:08+00:00","og_image":[{"width":512,"height":512,"url":"https:\/\/talkpal.ai\/wp-content\/uploads\/2023\/05\/Maori-new-zealand.png","type":"image\/png"}],"twitter_card":"summary_large_image","twitter_site":"@talkpalai","twitter_misc":{"Est. reading time":"2 minit"},"schema":{"@context":"https:\/\/schema.org","@graph":[{"@type":"WebPage","@id":"https:\/\/talkpal.ai\/ms\/tatabahasa-maori\/","url":"https:\/\/talkpal.ai\/ms\/tatabahasa-maori\/","name":"Tatabahasa Maori - Talkpal","isPartOf":{"@id":"https:\/\/talkpal.ai\/ms\/#website"},"primaryImageOfPage":{"@id":"https:\/\/talkpal.ai\/ms\/tatabahasa-maori\/#primaryimage"},"image":{"@id":"https:\/\/talkpal.ai\/ms\/tatabahasa-maori\/#primaryimage"},"thumbnailUrl":"https:\/\/talkpal.ai\/wp-content\/uploads\/2023\/05\/Maori-new-zealand.png","datePublished":"2023-05-14T14:12:25+00:00","dateModified":"2025-12-17T16:44:08+00:00","description":"Terokai asas tatabahasa Maori dengan panduan mesra pemula kami. Temui 15 huruf dan peraturan penting te reo Maori.","breadcrumb":{"@id":"https:\/\/talkpal.ai\/ms\/tatabahasa-maori\/#breadcrumb"},"inLanguage":"ms-MY","potentialAction":[{"@type":"ReadAction","target":["https:\/\/talkpal.ai\/ms\/tatabahasa-maori\/"]}]},{"@type":"ImageObject","inLanguage":"ms-MY","@id":"https:\/\/talkpal.ai\/ms\/tatabahasa-maori\/#primaryimage","url":"https:\/\/talkpal.ai\/wp-content\/uploads\/2023\/05\/Maori-new-zealand.png","contentUrl":"https:\/\/talkpal.ai\/wp-content\/uploads\/2023\/05\/Maori-new-zealand.png","width":512,"height":512},{"@type":"BreadcrumbList","@id":"https:\/\/talkpal.ai\/ms\/tatabahasa-maori\/#breadcrumb","itemListElement":[{"@type":"ListItem","position":1,"name":"Homepage","item":"https:\/\/talkpal.ai\/ms\/"},{"@type":"ListItem","position":2,"name":"Tatabahasa Maori"}]},{"@type":"WebSite","@id":"https:\/\/talkpal.ai\/ms\/#website","url":"https:\/\/talkpal.ai\/ms\/","name":"Talkpal","description":"AI Language Learning","publisher":{"@id":"https:\/\/talkpal.ai\/ms\/#organization"},"alternateName":"Talkpal AI","potentialAction":[{"@type":"SearchAction","target":{"@type":"EntryPoint","urlTemplate":"https:\/\/talkpal.ai\/ms\/?s={search_term_string}"},"query-input":{"@type":"PropertyValueSpecification","valueRequired":true,"valueName":"search_term_string"}}],"inLanguage":"ms-MY"},{"@type":"Organization","@id":"https:\/\/talkpal.ai\/ms\/#organization","name":"Talkpal, Inc.","alternateName":"Talkpal AI","url":"https:\/\/talkpal.ai\/ms\/","logo":{"@type":"ImageObject","inLanguage":"ms-MY","@id":"https:\/\/talkpal.ai\/ms\/#\/schema\/logo\/image\/","url":"https:\/\/talkpal.ai\/wp-content\/uploads\/2024\/03\/Talkpal-Logo-Icon.png","contentUrl":"https:\/\/talkpal.ai\/wp-content\/uploads\/2024\/03\/Talkpal-Logo-Icon.png","width":2880,"height":2880,"caption":"Talkpal, Inc."},"image":{"@id":"https:\/\/talkpal.ai\/ms\/#\/schema\/logo\/image\/"},"sameAs":["https:\/\/www.facebook.com\/profile.php?id=100090733639311","https:\/\/x.com\/talkpalai","https:\/\/www.linkedin.com\/company\/talkpal\/","https:\/\/www.youtube.com\/@TalkPal\/","https:\/\/www.tiktok.com\/@talkpal","https:\/\/www.instagram.com\/talkpal_ai\/","https:\/\/www.crunchbase.com\/organization\/talkpal-9cde","https:\/\/www.g2.com\/products\/talkpal-for-business\/","https:\/\/www.trustpilot.com\/review\/talkpal.ai","https:\/\/www.capterra.com\/p\/10006800\/TalkPal\/"],"description":"Talkpal is a language learning web and mobile education app, powered by the latest AI technologies, that provides engaging experiences to its customers in many different languages to help them improve their language skills. Users can chat about unlimited amount of topics with the app and use other modes to practice their language learning.","email":"support@talkpal.ai","legalName":"Talkpal, Inc.","foundingDate":"2023-04-03","duns":"118989042","numberOfEmployees":{"@type":"QuantitativeValue","minValue":"11","maxValue":"50"},"publishingPrinciples":"https:\/\/talkpal.ai\/publishing-principles\/","actionableFeedbackPolicy":"https:\/\/talkpal.ai\/actionable-feedback-policy\/","correctionsPolicy":"https:\/\/talkpal.ai\/corrections-policy\/","ethicsPolicy":"https:\/\/talkpal.ai\/ethics-policy\/","diversityPolicy":"https:\/\/talkpal.ai\/diversity-policy\/","diversityStaffingReport":"https:\/\/talkpal.ai\/diversity-policy\/"}]}},"_links":{"self":[{"href":"https:\/\/talkpal.ai\/ms\/wp-json\/wp\/v2\/pages\/147706","targetHints":{"allow":["GET"]}}],"collection":[{"href":"https:\/\/talkpal.ai\/ms\/wp-json\/wp\/v2\/pages"}],"about":[{"href":"https:\/\/talkpal.ai\/ms\/wp-json\/wp\/v2\/types\/page"}],"author":[{"embeddable":true,"href":"https:\/\/talkpal.ai\/ms\/wp-json\/wp\/v2\/users\/1"}],"replies":[{"embeddable":true,"href":"https:\/\/talkpal.ai\/ms\/wp-json\/wp\/v2\/comments?post=147706"}],"version-history":[{"count":0,"href":"https:\/\/talkpal.ai\/ms\/wp-json\/wp\/v2\/pages\/147706\/revisions"}],"wp:featuredmedia":[{"embeddable":true,"href":"https:\/\/talkpal.ai\/ms\/wp-json\/wp\/v2\/media\/116742"}],"wp:attachment":[{"href":"https:\/\/talkpal.ai\/ms\/wp-json\/wp\/v2\/media?parent=147706"}],"curies":[{"name":"wp","href":"https:\/\/api.w.org\/{rel}","templated":true}]}}